{"id":9835,"date":"2021-11-28T15:34:31","date_gmt":"2021-11-28T18:34:31","guid":{"rendered":"https:\/\/ikigaiexperience.com.br\/?post_type=product&#038;p=9835"},"modified":"2023-12-19T17:46:04","modified_gmt":"2023-12-19T20:46:04","slug":"mergulho-ilhabela-naufragio-aymore-credenciados","status":"publish","type":"product","link":"https:\/\/ikigaiexperience.com.br\/es\/experiencias\/buceo-ilhabela-naufragio-credenciados\/","title":{"rendered":"Buceo Ilhabela \u2013 Pecio Aymor\u00e9 para Acreditados"},"content":{"rendered":"<div class=\"elementor-element elementor-element-05e227e elementor-widget elementor-widget-heading\" data-id=\"05e227e\" data-element_type=\"widget\" data-widget_type=\"heading.default\">\n<div class=\"elementor-widget-container\">\n<h2 class=\"elementor-heading-title elementor-size-default\"><span style=\"font-size: 16px;\">El naufragio de Aymor\u00e9 \u2013 Ilhabela<\/span><\/h2>\n<\/div>\n<\/div>\n<div class=\"elementor-element elementor-element-5324877 elementor-widget elementor-widget-woocommerce-product-content\" data-id=\"5324877\" data-element_type=\"widget\" data-widget_type=\"woocommerce-product-content.default\">\n<div class=\"elementor-widget-container\">\n<p>En Buceo Ilhabela para Acreditados, el Naufragio Aymor\u00e9 es el lugar ideal para aquellos buzos amantes de la aventura de bucear en un naufragio de una forma segura y encantadora. Al ser uno de los pocos pecios cercanos a la superficie, con una profundidad m\u00e1xima de 10m, el buceo para los buceadores acreditados se puede realizar en dos puntos del pecio, proporcionando una experiencia \u00fanica y segura para los buceadores acreditados.<\/p>\n<p>El pecio del carguero brasile\u00f1o de 60 metros de eslora ubicado en el canal S\u00e3o Sebasti\u00e3o en la Ilhabela alberga una gran cantidad de especies marinas en una costa rocosa con fondo de arena perfecta para largas e impresionantes caminatas.<\/p>\n<\/div>\n<p>En el recorrido es posible cruzarse con peces blancos, tortugas, card\u00famenes de peces residentes y de paso, caballitos de mar y muchos m\u00e1s animales que conforman la fauna del lugar.<\/p>\n<div class=\"elementor-widget-container\">\n<h3>Qu\u00e9 est\u00e1 incluido<\/h3>\n<p>En la inmersi\u00f3n Ilhabela Naufr\u00e1gio Aymor\u00e9 para personas acreditadas, al llegar al operador, se pasar\u00e1n las informaciones m\u00e1s importantes para la inmersi\u00f3n.<\/p>\n<p>Se pondr\u00e1 a disposici\u00f3n toda la ropa, equipo necesario para la ejecuci\u00f3n de la experiencia, adem\u00e1s de ser guiado por un gu\u00eda dive master.<\/p>\n<p>El valor de toda la experiencia es R$ 350.00 \/ buzo.<\/p>\n<h3>La experiencia de buceo<\/h3>\n<p>La experiencia comienza en el operador de buceo donde se pondr\u00e1 a disposici\u00f3n todo el equipo y las instrucciones de uso. Despu\u00e9s de este proceso, el viaje en barco parte de Ilha das Cabras hacia el Naufragio de Aymor\u00e9 con una duraci\u00f3n de 20 minutos.<\/p>\n<p>Al llegar al punto de inmersi\u00f3n se le proporciona un cilindro al buzo para que pueda realizar su recorrido de la mejor manera posible sin preocuparse por perder nada del naufragio.<\/p>\n<p>El pecio tiene una profundidad m\u00e1xima de 10 metros y la inmersi\u00f3n dura 40-50min por cilindro. Al llegar cerca del tiempo l\u00edmite, el instructor se\u00f1ala el regreso al barco y despu\u00e9s de que todos est\u00e9n a bordo, regresan al operador.<\/p>\n<p>El recorrido completo tiene una duraci\u00f3n m\u00e1xima de 3 horas, dependiendo del n\u00famero de personas a la salida.<\/p>\n<h3>extras<\/h3>\n<p>Los paquetes de fotos se pueden comprar el d\u00eda de la inmersi\u00f3n a un costo de R$100.<\/p>\n<p>No dejes de ver el v\u00eddeo de nuestra experiencia\u00a0<strong><a href=\"https:\/\/youtu.be\/jEfdpOAuOag\">Inmersi\u00f3n Ilhabela en Ilha das Cabras en Youtube de Ikigai<\/a><\/strong>\u00a0\u00a0y s\u00edguenos en instagram\u00a0<strong><a href=\"https:\/\/www.instagram.com\/theikigaiexperience\/\"><em>@theikigaiexperience<\/em><\/a><\/strong> para noticias<\/p>\n<\/div>\n<\/div>","protected":false},"excerpt":{"rendered":"<p>La inmersi\u00f3n para acreditados Ilhabela Naufr\u00e1gio Aymor\u00e9 es la experiencia ideal para aquellos buceadores que ya tienen su titulaci\u00f3n y desean sumergirse en un pecio de f\u00e1cil acceso para conocer toda la vida marina que alberga con toda la libertad posible a una profundidad de hasta 10 m.<\/p>","protected":false},"featured_media":10120,"parent":0,"template":"","meta":[],"product_cat":[29],"product_tag":[],"yoast_head":"<!-- This site is optimized with the Yoast SEO plugin v20.0 - https:\/\/yoast.com\/wordpress\/plugins\/seo\/ -->\n<title>Mergulho Ilhabela Naufr\u00e1gio Aymor\u00e9 Credenciados - Ikigai Experience<\/title>\n<meta name=\"description\" content=\"O Naufr\u00e1gio Aymor\u00e9 \u00e9 um dos melhores pontos de mergulho em Ilhabela para Credenciados. Aprecie toda vida marinha neste mergulho incr\u00edvel.\" \/>\n<meta name=\"robots\" content=\"index, follow, max-snippet:-1, max-image-preview:large, max-video-preview:-1\" \/>\n<link rel=\"canonical\" href=\"https:\/\/ikigaiexperience.com.br\/es\/experiencias\/buceo-ilhabela-shipwreck\/\" \/>\n<meta property=\"og:locale\" content=\"es_ES\" \/>\n<meta property=\"og:type\" content=\"article\" \/>\n<meta property=\"og:title\" content=\"Mergulho Ilhabela Naufr\u00e1gio Aymor\u00e9 Credenciados - Ikigai Experience\" \/>\n<meta property=\"og:description\" content=\"O Naufr\u00e1gio Aymor\u00e9 \u00e9 um dos melhores pontos de mergulho em Ilhabela para Credenciados. Aprecie toda vida marinha neste mergulho incr\u00edvel.\" \/>\n<meta property=\"og:url\" content=\"https:\/\/ikigaiexperience.com.br\/es\/experiencias\/buceo-ilhabela-shipwreck\/\" \/>\n<meta property=\"og:site_name\" content=\"Ikigai Experience\" \/>\n<meta property=\"article:publisher\" content=\"https:\/\/www.facebook.com\/Ikigai-Experience-100452311832822\" \/>\n<meta property=\"article:modified_time\" content=\"2023-12-19T20:46:04+00:00\" \/>\n<meta property=\"og:image\" content=\"https:\/\/ikigaiexperience.com.br\/wp-content\/uploads\/2021\/11\/Mergulho-Ilhabela-Naufragio-Aymore-07.jpg\" \/>\n\t<meta property=\"og:image:width\" content=\"924\" \/>\n\t<meta property=\"og:image:height\" content=\"615\" \/>\n\t<meta property=\"og:image:type\" content=\"image\/jpeg\" \/>\n<meta name=\"twitter:card\" content=\"summary_large_image\" \/>\n<meta name=\"twitter:label1\" content=\"Tiempo de lectura\" \/>\n\t<meta name=\"twitter:data1\" content=\"3 minutos\" \/>\n<script type=\"application\/ld+json\" class=\"yoast-schema-graph\">{\"@context\":\"https:\/\/schema.org\",\"@graph\":[{\"@type\":\"WebPage\",\"@id\":\"https:\/\/ikigaiexperience.com.br\/experiencias\/mergulho-ilhabela-naufragio-aymore-credenciados\/\",\"url\":\"https:\/\/ikigaiexperience.com.br\/experiencias\/mergulho-ilhabela-naufragio-aymore\/\",\"name\":\"Mergulho Ilhabela Naufr\u00e1gio Aymor\u00e9 Credenciados - Ikigai Experience\",\"isPartOf\":{\"@id\":\"https:\/\/ikigaiexperience.com.br\/#website\"},\"datePublished\":\"2021-11-28T18:34:31+00:00\",\"dateModified\":\"2023-12-19T20:46:04+00:00\",\"description\":\"O Naufr\u00e1gio Aymor\u00e9 \u00e9 um dos melhores pontos de mergulho em Ilhabela para Credenciados. Aprecie toda vida marinha neste mergulho incr\u00edvel.\",\"breadcrumb\":{\"@id\":\"https:\/\/ikigaiexperience.com.br\/experiencias\/mergulho-ilhabela-naufragio-aymore\/#breadcrumb\"},\"inLanguage\":\"es\",\"potentialAction\":[{\"@type\":\"ReadAction\",\"target\":[\"https:\/\/ikigaiexperience.com.br\/experiencias\/mergulho-ilhabela-naufragio-aymore\/\"]}]},{\"@type\":\"BreadcrumbList\",\"@id\":\"https:\/\/ikigaiexperience.com.br\/experiencias\/mergulho-ilhabela-naufragio-aymore\/#breadcrumb\",\"itemListElement\":[{\"@type\":\"ListItem\",\"position\":1,\"name\":\"In\u00edcio\",\"item\":\"https:\/\/ikigaiexperience.com.br\/\"},{\"@type\":\"ListItem\",\"position\":2,\"name\":\"Mergulho\",\"item\":\"https:\/\/ikigaiexperience.com.br\/experiencia-categoria\/mergulho\/\"},{\"@type\":\"ListItem\",\"position\":3,\"name\":\"Mergulho Ilhabela &#8211; Naufr\u00e1gio Aymor\u00e9 para Credenciados\"}]},{\"@type\":\"WebSite\",\"@id\":\"https:\/\/ikigaiexperience.com.br\/#website\",\"url\":\"https:\/\/ikigaiexperience.com.br\/\",\"name\":\"Ikigai Experience\",\"description\":\"Reserve seu mergulho de um modo f\u00e1cil, r\u00e1pido e divertido.\",\"publisher\":{\"@id\":\"https:\/\/ikigaiexperience.com.br\/#organization\"},\"potentialAction\":[{\"@type\":\"SearchAction\",\"target\":{\"@type\":\"EntryPoint\",\"urlTemplate\":\"https:\/\/ikigaiexperience.com.br\/?s={search_term_string}\"},\"query-input\":\"required name=search_term_string\"}],\"inLanguage\":\"es\"},{\"@type\":\"Organization\",\"@id\":\"https:\/\/ikigaiexperience.com.br\/#organization\",\"name\":\"Ikigai Experience\",\"url\":\"https:\/\/ikigaiexperience.com.br\/\",\"logo\":{\"@type\":\"ImageObject\",\"inLanguage\":\"es\",\"@id\":\"https:\/\/ikigaiexperience.com.br\/#\/schema\/logo\/image\/\",\"url\":\"https:\/\/ikigaiexperience.com.br\/wp-content\/uploads\/2021\/06\/Ikigai-Experience-Horizontal-Branco.png\",\"contentUrl\":\"https:\/\/ikigaiexperience.com.br\/wp-content\/uploads\/2021\/06\/Ikigai-Experience-Horizontal-Branco.png\",\"width\":924,\"height\":249,\"caption\":\"Ikigai Experience\"},\"image\":{\"@id\":\"https:\/\/ikigaiexperience.com.br\/#\/schema\/logo\/image\/\"},\"sameAs\":[\"https:\/\/www.instagram.com\/theikigaiexperience\/\",\"https:\/\/www.linkedin.com\/company\/ikigai-experience\",\"https:\/\/www.youtube.com\/channel\/UC8qpgAQ3P89h79oP9ymmo7Q\",\"https:\/\/www.facebook.com\/Ikigai-Experience-100452311832822\"]}]}<\/script>\n<!-- \/ Yoast SEO plugin. -->","yoast_head_json":{"title":"Mergulho Ilhabela Naufr\u00e1gio Aymor\u00e9 Credenciados - Ikigai Experience","description":"O Naufr\u00e1gio Aymor\u00e9 \u00e9 um dos melhores pontos de mergulho em Ilhabela para Credenciados. Aprecie toda vida marinha neste mergulho incr\u00edvel.","robots":{"index":"index","follow":"follow","max-snippet":"max-snippet:-1","max-image-preview":"max-image-preview:large","max-video-preview":"max-video-preview:-1"},"canonical":"https:\/\/ikigaiexperience.com.br\/es\/experiencias\/buceo-ilhabela-shipwreck\/","og_locale":"es_ES","og_type":"article","og_title":"Mergulho Ilhabela Naufr\u00e1gio Aymor\u00e9 Credenciados - Ikigai Experience","og_description":"O Naufr\u00e1gio Aymor\u00e9 \u00e9 um dos melhores pontos de mergulho em Ilhabela para Credenciados. Aprecie toda vida marinha neste mergulho incr\u00edvel.","og_url":"https:\/\/ikigaiexperience.com.br\/es\/experiencias\/buceo-ilhabela-shipwreck\/","og_site_name":"Ikigai Experience","article_publisher":"https:\/\/www.facebook.com\/Ikigai-Experience-100452311832822","article_modified_time":"2023-12-19T20:46:04+00:00","og_image":[{"width":924,"height":615,"url":"https:\/\/ikigaiexperience.com.br\/wp-content\/uploads\/2021\/11\/Mergulho-Ilhabela-Naufragio-Aymore-07.jpg","type":"image\/jpeg"}],"twitter_card":"summary_large_image","twitter_misc":{"Tiempo de lectura":"3 minutos"},"schema":{"@context":"https:\/\/schema.org","@graph":[{"@type":"WebPage","@id":"https:\/\/ikigaiexperience.com.br\/experiencias\/mergulho-ilhabela-naufragio-aymore-credenciados\/","url":"https:\/\/ikigaiexperience.com.br\/experiencias\/mergulho-ilhabela-naufragio-aymore\/","name":"Mergulho Ilhabela Naufr\u00e1gio Aymor\u00e9 Credenciados - Ikigai Experience","isPartOf":{"@id":"https:\/\/ikigaiexperience.com.br\/#website"},"datePublished":"2021-11-28T18:34:31+00:00","dateModified":"2023-12-19T20:46:04+00:00","description":"O Naufr\u00e1gio Aymor\u00e9 \u00e9 um dos melhores pontos de mergulho em Ilhabela para Credenciados. Aprecie toda vida marinha neste mergulho incr\u00edvel.","breadcrumb":{"@id":"https:\/\/ikigaiexperience.com.br\/experiencias\/mergulho-ilhabela-naufragio-aymore\/#breadcrumb"},"inLanguage":"es","potentialAction":[{"@type":"ReadAction","target":["https:\/\/ikigaiexperience.com.br\/experiencias\/mergulho-ilhabela-naufragio-aymore\/"]}]},{"@type":"BreadcrumbList","@id":"https:\/\/ikigaiexperience.com.br\/experiencias\/mergulho-ilhabela-naufragio-aymore\/#breadcrumb","itemListElement":[{"@type":"ListItem","position":1,"name":"In\u00edcio","item":"https:\/\/ikigaiexperience.com.br\/"},{"@type":"ListItem","position":2,"name":"Mergulho","item":"https:\/\/ikigaiexperience.com.br\/experiencia-categoria\/mergulho\/"},{"@type":"ListItem","position":3,"name":"Mergulho Ilhabela &#8211; Naufr\u00e1gio Aymor\u00e9 para Credenciados"}]},{"@type":"WebSite","@id":"https:\/\/ikigaiexperience.com.br\/#website","url":"https:\/\/ikigaiexperience.com.br\/","name":"Ikigai Experience","description":"Reserve seu mergulho de um modo f\u00e1cil, r\u00e1pido e divertido.","publisher":{"@id":"https:\/\/ikigaiexperience.com.br\/#organization"},"potentialAction":[{"@type":"SearchAction","target":{"@type":"EntryPoint","urlTemplate":"https:\/\/ikigaiexperience.com.br\/?s={search_term_string}"},"query-input":"required name=search_term_string"}],"inLanguage":"es"},{"@type":"Organization","@id":"https:\/\/ikigaiexperience.com.br\/#organization","name":"Ikigai Experience","url":"https:\/\/ikigaiexperience.com.br\/","logo":{"@type":"ImageObject","inLanguage":"es","@id":"https:\/\/ikigaiexperience.com.br\/#\/schema\/logo\/image\/","url":"https:\/\/ikigaiexperience.com.br\/wp-content\/uploads\/2021\/06\/Ikigai-Experience-Horizontal-Branco.png","contentUrl":"https:\/\/ikigaiexperience.com.br\/wp-content\/uploads\/2021\/06\/Ikigai-Experience-Horizontal-Branco.png","width":924,"height":249,"caption":"Ikigai Experience"},"image":{"@id":"https:\/\/ikigaiexperience.com.br\/#\/schema\/logo\/image\/"},"sameAs":["https:\/\/www.instagram.com\/theikigaiexperience\/","https:\/\/www.linkedin.com\/company\/ikigai-experience","https:\/\/www.youtube.com\/channel\/UC8qpgAQ3P89h79oP9ymmo7Q","https:\/\/www.facebook.com\/Ikigai-Experience-100452311832822"]}]}},"_links":{"self":[{"href":"https:\/\/ikigaiexperience.com.br\/es\/wp-json\/wp\/v2\/product\/9835"}],"collection":[{"href":"https:\/\/ikigaiexperience.com.br\/es\/wp-json\/wp\/v2\/product"}],"about":[{"href":"https:\/\/ikigaiexperience.com.br\/es\/wp-json\/wp\/v2\/types\/product"}],"version-history":[{"count":1,"href":"https:\/\/ikigaiexperience.com.br\/es\/wp-json\/wp\/v2\/product\/9835\/revisions"}],"predecessor-version":[{"id":24009,"href":"https:\/\/ikigaiexperience.com.br\/es\/wp-json\/wp\/v2\/product\/9835\/revisions\/24009"}],"wp:featuredmedia":[{"embeddable":true,"href":"https:\/\/ikigaiexperience.com.br\/es\/wp-json\/wp\/v2\/media\/10120"}],"wp:attachment":[{"href":"https:\/\/ikigaiexperience.com.br\/es\/wp-json\/wp\/v2\/media?parent=9835"}],"wp:term":[{"taxonomy":"product_cat","embeddable":true,"href":"https:\/\/ikigaiexperience.com.br\/es\/wp-json\/wp\/v2\/product_cat?post=9835"},{"taxonomy":"product_tag","embeddable":true,"href":"https:\/\/ikigaiexperience.com.br\/es\/wp-json\/wp\/v2\/product_tag?post=9835"}],"curies":[{"name":"wp","href":"https:\/\/api.w.org\/{rel}","templated":true}]}}