{"id":9793,"date":"2021-11-26T09:10:12","date_gmt":"2021-11-26T12:10:12","guid":{"rendered":"https:\/\/ikigaiexperience.com.br\/?post_type=product&#038;p=9793"},"modified":"2022-12-08T14:04:42","modified_gmt":"2022-12-08T17:04:42","slug":"mergulho-bombinhas-praia-de-bombinhas-credenciados","status":"publish","type":"product","link":"https:\/\/ikigaiexperience.com.br\/es\/experiencias\/buceo-bombinhas-acreditados-2\/","title":{"rendered":"Buceo Bombinhas \u2013 Playa Bombinhas para Acreditados"},"content":{"rendered":"<h3>Buceo en Bombinhas \u2013 Playa de Bombinhas<\/h3>\n<p>El buceo Bombinhas Praia de Bombinhas en la modalidad para acreditados, es ideal para quien busca conocer el buceo de forma divertida y disfrutando de una de las aguas m\u00e1s cristalinas de Santa Catarina.<\/p>\n<p>Bombinhas es conocida por sus aguas claras y cristalinas, hay varios puntos de buceo muy conocidos en la ciudad, lo que la convierte en una ciudad perfecta para la pr\u00e1ctica del buceo recreativo y ofrece varios puntos de buceo.<\/p>\n<h3>Qu\u00e9 est\u00e1 incluido<\/h3>\n<p>En la inmersi\u00f3n en Bombinhas \u2013 Praia de Bombinhas en la modalidad de acreditado, toda la experiencia cuesta R$275 \/ buzo<span style=\"font-weight: 400;\">.<\/span><\/p>\n<p>Se incluye cilindro de buceo, chaleco, regulador, traje de neopreno de 5 mm, plomo, m\u00e1scara, snorkel, aleta y gu\u00eda-instructor acompa\u00f1ante.<\/p>\n<h3>La experiencia de buceo Embedded Bombinhas<\/h3>\n<p>El encuentro tiene lugar en la Playa de Bombinhas, en la sede del socio operador. Desde all\u00ed, nos dirigimos a la Playa de Bombinhas, donde se realiza la inmersi\u00f3n junto con el gu\u00eda instructor. La inmersi\u00f3n comienza en Ponta Norte de la playa y contin\u00faa con extensi\u00f3n a Praia do Ribeiro<span style=\"font-weight: 400;\">.<\/span><\/p>\n<p>La profundidad de buceo es de hasta 10 metros.<\/p>\n<p><span style=\"font-weight: 400;\">O<\/span><span style=\"font-weight: 400;\"> El recorrido completo tiene una duraci\u00f3n total promedio de 2 horas.<\/span><\/p>\n<p>Entonces, \u00bfvamos a bucear con nosotros?<\/p>","protected":false},"excerpt":{"rendered":"<p>Deslumbra y aprecia todas las peculiaridades de la fauna y la flora de las aguas cristalinas de Praia de Bombinhas desde Ponta Norte hasta Praia do Ribeiro. Aproximadamente 50 minutos de buceo acompa\u00f1ado por un instructor a una profundidad de hasta 10m.<\/p>","protected":false},"featured_media":10826,"parent":0,"template":"","meta":[],"product_cat":[29],"product_tag":[],"yoast_head":"<!-- This site is optimized with the Yoast SEO plugin v20.0 - https:\/\/yoast.com\/wordpress\/plugins\/seo\/ -->\n<title>Mergulho Praia de Bombinhas para Credenciados | Ikigai Experience<\/title>\n<meta name=\"description\" content=\"Aprecie todas particularidades da fauna e flora da Ponta Norte at\u00e9 a Praia do Ribeiro no Mergulho na Praia de Bombinhas para Credenciados.\" \/>\n<meta name=\"robots\" content=\"index, follow, max-snippet:-1, max-image-preview:large, max-video-preview:-1\" \/>\n<link rel=\"canonical\" href=\"https:\/\/ikigaiexperience.com.br\/es\/experiencias\/buceo-bombinhas\/\" \/>\n<meta property=\"og:locale\" content=\"es_ES\" \/>\n<meta property=\"og:type\" content=\"article\" \/>\n<meta property=\"og:title\" content=\"Mergulho Praia de Bombinhas para Credenciados | Ikigai Experience\" \/>\n<meta property=\"og:description\" content=\"Aprecie todas particularidades da fauna e flora da Ponta Norte at\u00e9 a Praia do Ribeiro no Mergulho na Praia de Bombinhas para Credenciados.\" \/>\n<meta property=\"og:url\" content=\"https:\/\/ikigaiexperience.com.br\/es\/experiencias\/buceo-bombinhas\/\" \/>\n<meta property=\"og:site_name\" content=\"Ikigai Experience\" \/>\n<meta property=\"article:publisher\" content=\"https:\/\/www.facebook.com\/Ikigai-Experience-100452311832822\" \/>\n<meta property=\"article:modified_time\" content=\"2022-12-08T17:04:42+00:00\" \/>\n<meta property=\"og:image\" content=\"https:\/\/ikigaiexperience.com.br\/wp-content\/uploads\/2021\/12\/Mergulho-Bombinhas-Ilha-do-Arvoredo-12.jpg\" \/>\n\t<meta property=\"og:image:width\" content=\"935\" \/>\n\t<meta property=\"og:image:height\" content=\"622\" \/>\n\t<meta property=\"og:image:type\" content=\"image\/jpeg\" \/>\n<meta name=\"twitter:card\" content=\"summary_large_image\" \/>\n<meta name=\"twitter:label1\" content=\"Tiempo de lectura\" \/>\n\t<meta name=\"twitter:data1\" content=\"2 minutos\" \/>\n<script type=\"application\/ld+json\" class=\"yoast-schema-graph\">{\"@context\":\"https:\/\/schema.org\",\"@graph\":[{\"@type\":\"WebPage\",\"@id\":\"https:\/\/ikigaiexperience.com.br\/experiencias\/mergulho-bombinhas-praia-de-bombinhas-credenciados\/\",\"url\":\"https:\/\/ikigaiexperience.com.br\/experiencias\/mergulho-bombinhas-batismo\/\",\"name\":\"Mergulho Praia de Bombinhas para Credenciados | Ikigai Experience\",\"isPartOf\":{\"@id\":\"https:\/\/ikigaiexperience.com.br\/#website\"},\"datePublished\":\"2021-11-26T12:10:12+00:00\",\"dateModified\":\"2022-12-08T17:04:42+00:00\",\"description\":\"Aprecie todas particularidades da fauna e flora da Ponta Norte at\u00e9 a Praia do Ribeiro no Mergulho na Praia de Bombinhas para Credenciados.\",\"breadcrumb\":{\"@id\":\"https:\/\/ikigaiexperience.com.br\/experiencias\/mergulho-bombinhas-batismo\/#breadcrumb\"},\"inLanguage\":\"es\",\"potentialAction\":[{\"@type\":\"ReadAction\",\"target\":[\"https:\/\/ikigaiexperience.com.br\/experiencias\/mergulho-bombinhas-batismo\/\"]}]},{\"@type\":\"BreadcrumbList\",\"@id\":\"https:\/\/ikigaiexperience.com.br\/experiencias\/mergulho-bombinhas-batismo\/#breadcrumb\",\"itemListElement\":[{\"@type\":\"ListItem\",\"position\":1,\"name\":\"In\u00edcio\",\"item\":\"https:\/\/ikigaiexperience.com.br\/\"},{\"@type\":\"ListItem\",\"position\":2,\"name\":\"Mergulho\",\"item\":\"https:\/\/ikigaiexperience.com.br\/experiencia-categoria\/mergulho\/\"},{\"@type\":\"ListItem\",\"position\":3,\"name\":\"Mergulho Bombinhas &#8211; Praia de Bombinhas para Credenciados\"}]},{\"@type\":\"WebSite\",\"@id\":\"https:\/\/ikigaiexperience.com.br\/#website\",\"url\":\"https:\/\/ikigaiexperience.com.br\/\",\"name\":\"Ikigai Experience\",\"description\":\"Reserve seu mergulho de um modo f\u00e1cil, r\u00e1pido e divertido.\",\"publisher\":{\"@id\":\"https:\/\/ikigaiexperience.com.br\/#organization\"},\"potentialAction\":[{\"@type\":\"SearchAction\",\"target\":{\"@type\":\"EntryPoint\",\"urlTemplate\":\"https:\/\/ikigaiexperience.com.br\/?s={search_term_string}\"},\"query-input\":\"required name=search_term_string\"}],\"inLanguage\":\"es\"},{\"@type\":\"Organization\",\"@id\":\"https:\/\/ikigaiexperience.com.br\/#organization\",\"name\":\"Ikigai Experience\",\"url\":\"https:\/\/ikigaiexperience.com.br\/\",\"logo\":{\"@type\":\"ImageObject\",\"inLanguage\":\"es\",\"@id\":\"https:\/\/ikigaiexperience.com.br\/#\/schema\/logo\/image\/\",\"url\":\"https:\/\/ikigaiexperience.com.br\/wp-content\/uploads\/2021\/06\/Ikigai-Experience-Horizontal-Branco.png\",\"contentUrl\":\"https:\/\/ikigaiexperience.com.br\/wp-content\/uploads\/2021\/06\/Ikigai-Experience-Horizontal-Branco.png\",\"width\":924,\"height\":249,\"caption\":\"Ikigai Experience\"},\"image\":{\"@id\":\"https:\/\/ikigaiexperience.com.br\/#\/schema\/logo\/image\/\"},\"sameAs\":[\"https:\/\/www.instagram.com\/theikigaiexperience\/\",\"https:\/\/www.linkedin.com\/company\/ikigai-experience\",\"https:\/\/www.youtube.com\/channel\/UC8qpgAQ3P89h79oP9ymmo7Q\",\"https:\/\/www.facebook.com\/Ikigai-Experience-100452311832822\"]}]}<\/script>\n<!-- \/ Yoast SEO plugin. -->","yoast_head_json":{"title":"Mergulho Praia de Bombinhas para Credenciados | Ikigai Experience","description":"Aprecie todas particularidades da fauna e flora da Ponta Norte at\u00e9 a Praia do Ribeiro no Mergulho na Praia de Bombinhas para Credenciados.","robots":{"index":"index","follow":"follow","max-snippet":"max-snippet:-1","max-image-preview":"max-image-preview:large","max-video-preview":"max-video-preview:-1"},"canonical":"https:\/\/ikigaiexperience.com.br\/es\/experiencias\/buceo-bombinhas\/","og_locale":"es_ES","og_type":"article","og_title":"Mergulho Praia de Bombinhas para Credenciados | Ikigai Experience","og_description":"Aprecie todas particularidades da fauna e flora da Ponta Norte at\u00e9 a Praia do Ribeiro no Mergulho na Praia de Bombinhas para Credenciados.","og_url":"https:\/\/ikigaiexperience.com.br\/es\/experiencias\/buceo-bombinhas\/","og_site_name":"Ikigai Experience","article_publisher":"https:\/\/www.facebook.com\/Ikigai-Experience-100452311832822","article_modified_time":"2022-12-08T17:04:42+00:00","og_image":[{"width":935,"height":622,"url":"https:\/\/ikigaiexperience.com.br\/wp-content\/uploads\/2021\/12\/Mergulho-Bombinhas-Ilha-do-Arvoredo-12.jpg","type":"image\/jpeg"}],"twitter_card":"summary_large_image","twitter_misc":{"Tiempo de lectura":"2 minutos"},"schema":{"@context":"https:\/\/schema.org","@graph":[{"@type":"WebPage","@id":"https:\/\/ikigaiexperience.com.br\/experiencias\/mergulho-bombinhas-praia-de-bombinhas-credenciados\/","url":"https:\/\/ikigaiexperience.com.br\/experiencias\/mergulho-bombinhas-batismo\/","name":"Mergulho Praia de Bombinhas para Credenciados | Ikigai Experience","isPartOf":{"@id":"https:\/\/ikigaiexperience.com.br\/#website"},"datePublished":"2021-11-26T12:10:12+00:00","dateModified":"2022-12-08T17:04:42+00:00","description":"Aprecie todas particularidades da fauna e flora da Ponta Norte at\u00e9 a Praia do Ribeiro no Mergulho na Praia de Bombinhas para Credenciados.","breadcrumb":{"@id":"https:\/\/ikigaiexperience.com.br\/experiencias\/mergulho-bombinhas-batismo\/#breadcrumb"},"inLanguage":"es","potentialAction":[{"@type":"ReadAction","target":["https:\/\/ikigaiexperience.com.br\/experiencias\/mergulho-bombinhas-batismo\/"]}]},{"@type":"BreadcrumbList","@id":"https:\/\/ikigaiexperience.com.br\/experiencias\/mergulho-bombinhas-batismo\/#breadcrumb","itemListElement":[{"@type":"ListItem","position":1,"name":"In\u00edcio","item":"https:\/\/ikigaiexperience.com.br\/"},{"@type":"ListItem","position":2,"name":"Mergulho","item":"https:\/\/ikigaiexperience.com.br\/experiencia-categoria\/mergulho\/"},{"@type":"ListItem","position":3,"name":"Mergulho Bombinhas &#8211; Praia de Bombinhas para Credenciados"}]},{"@type":"WebSite","@id":"https:\/\/ikigaiexperience.com.br\/#website","url":"https:\/\/ikigaiexperience.com.br\/","name":"Ikigai Experience","description":"Reserve seu mergulho de um modo f\u00e1cil, r\u00e1pido e divertido.","publisher":{"@id":"https:\/\/ikigaiexperience.com.br\/#organization"},"potentialAction":[{"@type":"SearchAction","target":{"@type":"EntryPoint","urlTemplate":"https:\/\/ikigaiexperience.com.br\/?s={search_term_string}"},"query-input":"required name=search_term_string"}],"inLanguage":"es"},{"@type":"Organization","@id":"https:\/\/ikigaiexperience.com.br\/#organization","name":"Ikigai Experience","url":"https:\/\/ikigaiexperience.com.br\/","logo":{"@type":"ImageObject","inLanguage":"es","@id":"https:\/\/ikigaiexperience.com.br\/#\/schema\/logo\/image\/","url":"https:\/\/ikigaiexperience.com.br\/wp-content\/uploads\/2021\/06\/Ikigai-Experience-Horizontal-Branco.png","contentUrl":"https:\/\/ikigaiexperience.com.br\/wp-content\/uploads\/2021\/06\/Ikigai-Experience-Horizontal-Branco.png","width":924,"height":249,"caption":"Ikigai Experience"},"image":{"@id":"https:\/\/ikigaiexperience.com.br\/#\/schema\/logo\/image\/"},"sameAs":["https:\/\/www.instagram.com\/theikigaiexperience\/","https:\/\/www.linkedin.com\/company\/ikigai-experience","https:\/\/www.youtube.com\/channel\/UC8qpgAQ3P89h79oP9ymmo7Q","https:\/\/www.facebook.com\/Ikigai-Experience-100452311832822"]}]}},"_links":{"self":[{"href":"https:\/\/ikigaiexperience.com.br\/es\/wp-json\/wp\/v2\/product\/9793"}],"collection":[{"href":"https:\/\/ikigaiexperience.com.br\/es\/wp-json\/wp\/v2\/product"}],"about":[{"href":"https:\/\/ikigaiexperience.com.br\/es\/wp-json\/wp\/v2\/types\/product"}],"version-history":[{"count":0,"href":"https:\/\/ikigaiexperience.com.br\/es\/wp-json\/wp\/v2\/product\/9793\/revisions"}],"wp:featuredmedia":[{"embeddable":true,"href":"https:\/\/ikigaiexperience.com.br\/es\/wp-json\/wp\/v2\/media\/10826"}],"wp:attachment":[{"href":"https:\/\/ikigaiexperience.com.br\/es\/wp-json\/wp\/v2\/media?parent=9793"}],"wp:term":[{"taxonomy":"product_cat","embeddable":true,"href":"https:\/\/ikigaiexperience.com.br\/es\/wp-json\/wp\/v2\/product_cat?post=9793"},{"taxonomy":"product_tag","embeddable":true,"href":"https:\/\/ikigaiexperience.com.br\/es\/wp-json\/wp\/v2\/product_tag?post=9793"}],"curies":[{"name":"wp","href":"https:\/\/api.w.org\/{rel}","templated":true}]}}