{"id":9791,"date":"2021-11-26T09:09:13","date_gmt":"2021-11-26T12:09:13","guid":{"rendered":"https:\/\/ikigaiexperience.com.br\/?post_type=product&#038;p=9791"},"modified":"2023-12-19T17:49:45","modified_gmt":"2023-12-19T20:49:45","slug":"mergulho-bombinhas-praia-de-bombinhas","status":"publish","type":"product","link":"https:\/\/ikigaiexperience.com.br\/es\/experiencias\/buceo-bombinhas-playa\/","title":{"rendered":"Buceo en Bombinhas \u2013 Playa de Bombinhas"},"content":{"rendered":"<h3>Buceo en Bombinhas \u2013 Playa de Bombinhas<\/h3>\n<p>La inmersi\u00f3n Bombinhas Praia de Bombinhas en la modalidad de bautismo, es ideal para quien busca conocer el buceo de forma segura y divertida.<\/p>\n<p>Bombinhas es conocida por sus aguas claras y cristalinas, existen varios puntos de buceo muy conocidos en la ciudad, lo que la convierte en una ciudad perfecta para la pr\u00e1ctica del buceo recreativo. Uno de los puntos de buceo m\u00e1s hermosos es la ruta de Praia de Bombinhas, que comienza en Ponta Norte y se extiende hasta Praia do Ribeiro.<\/p>\n<h3>Qu\u00e9 est\u00e1 incluido<\/h3>\n<p>Al bucear en Praia de Bombinhas en la modalidad de bautismo, toda la experiencia cuesta R$240 \/ buzo.<\/p>\n<p>Este precio incluye entrenamiento previo, equipo completo, acompa\u00f1amiento del instructor durante todo el recorrido y fotos de regalo del recorrido.<\/p>\n<p><span style=\"font-weight: 400;\">No<\/span><span style=\"font-weight: 400;\">No hace falta experiencia previa, ni siquiera hace falta saber nadar.<\/span><\/p>\n<h3>La Experiencia de Buceo en Bombinhas<\/h3>\n<p>La reuni\u00f3n tiene lugar en la sede del operador asociado. De all\u00ed, nos dirigimos a la Playa de Bombinhas donde se transmitir\u00e1n todas las instrucciones para la inmersi\u00f3n, despu\u00e9s de un per\u00edodo de familiarizaci\u00f3n con el equipo, comienza el buceo con una duraci\u00f3n promedio de 35 minutos bajo el agua junto con un instructor calificado. Toda la experiencia tarda aproximadamente 2 horas en completarse.<\/p>\n<p>La profundidad de buceo es de hasta 10 metros.<\/p>\n<p>La edad m\u00ednima es de 10 a\u00f1os, los menores de edad deben tener autorizaci\u00f3n de sus tutores para realizar la inmersi\u00f3n.<\/p>\n<p>Entonces, \u00bfvamos a bucear con nosotros?<\/p>","protected":false},"excerpt":{"rendered":"<p>La inmersi\u00f3n de Bombinhas en las aguas cristalinas de Praia de Bombinhas en la modalidad de bautismo es ideal para aquellos que quieren tener su primer contacto con la experiencia del buceo, de una manera f\u00e1cil, divertida y sin necesidad de experiencia! La experiencia consta de 35 minutos de buceo acompa\u00f1ado de un instructor en una profundidad de hasta 10m.<\/p>\n<p>&nbsp;<\/p>","protected":false},"featured_media":10821,"parent":0,"template":"","meta":[],"product_cat":[29],"product_tag":[],"yoast_head":"<!-- This site is optimized with the Yoast SEO plugin v20.0 - https:\/\/yoast.com\/wordpress\/plugins\/seo\/ -->\n<title>Mergulho Bombinhas - Praia de Bombinhas - Ikigai Experience<\/title>\n<meta name=\"description\" content=\"A praia de Bombinhas com sua \u00e1gua cristalina e fauna marinha \u00e9 o lugar ideal para a pr\u00e1tica de mergulho de batismo e contato com a natureza.\" \/>\n<meta name=\"robots\" content=\"index, follow, max-snippet:-1, max-image-preview:large, max-video-preview:-1\" \/>\n<link rel=\"canonical\" href=\"https:\/\/ikigaiexperience.com.br\/es\/experiencias\/buceo-bombinhas\/\" \/>\n<meta property=\"og:locale\" content=\"es_ES\" \/>\n<meta property=\"og:type\" content=\"article\" \/>\n<meta property=\"og:title\" content=\"Mergulho Bombinhas - Praia de Bombinhas - Ikigai Experience\" \/>\n<meta property=\"og:description\" content=\"A praia de Bombinhas com sua \u00e1gua cristalina e fauna marinha \u00e9 o lugar ideal para a pr\u00e1tica de mergulho de batismo e contato com a natureza.\" \/>\n<meta property=\"og:url\" content=\"https:\/\/ikigaiexperience.com.br\/es\/experiencias\/buceo-bombinhas\/\" \/>\n<meta property=\"og:site_name\" content=\"Ikigai Experience\" \/>\n<meta property=\"article:publisher\" content=\"https:\/\/www.facebook.com\/Ikigai-Experience-100452311832822\" \/>\n<meta property=\"article:modified_time\" content=\"2023-12-19T20:49:45+00:00\" \/>\n<meta property=\"og:image\" content=\"https:\/\/ikigaiexperience.com.br\/wp-content\/uploads\/2021\/12\/Mergulho-Bombinhas-Ilha-do-Arvoredo-07.jpg\" \/>\n\t<meta property=\"og:image:width\" content=\"935\" \/>\n\t<meta property=\"og:image:height\" content=\"622\" \/>\n\t<meta property=\"og:image:type\" content=\"image\/jpeg\" \/>\n<meta name=\"twitter:card\" content=\"summary_large_image\" \/>\n<meta name=\"twitter:label1\" content=\"Tiempo de lectura\" \/>\n\t<meta name=\"twitter:data1\" content=\"2 minutos\" \/>\n<script type=\"application\/ld+json\" class=\"yoast-schema-graph\">{\"@context\":\"https:\/\/schema.org\",\"@graph\":[{\"@type\":\"WebPage\",\"@id\":\"https:\/\/ikigaiexperience.com.br\/experiencias\/mergulho-bombinhas-praia-de-bombinhas\/\",\"url\":\"https:\/\/ikigaiexperience.com.br\/experiencias\/mergulho-bombinhas-batismo\/\",\"name\":\"Mergulho Bombinhas - Praia de Bombinhas - Ikigai Experience\",\"isPartOf\":{\"@id\":\"https:\/\/ikigaiexperience.com.br\/#website\"},\"datePublished\":\"2021-11-26T12:09:13+00:00\",\"dateModified\":\"2023-12-19T20:49:45+00:00\",\"description\":\"A praia de Bombinhas com sua \u00e1gua cristalina e fauna marinha \u00e9 o lugar ideal para a pr\u00e1tica de mergulho de batismo e contato com a natureza.\",\"breadcrumb\":{\"@id\":\"https:\/\/ikigaiexperience.com.br\/experiencias\/mergulho-bombinhas-batismo\/#breadcrumb\"},\"inLanguage\":\"es\",\"potentialAction\":[{\"@type\":\"ReadAction\",\"target\":[\"https:\/\/ikigaiexperience.com.br\/experiencias\/mergulho-bombinhas-batismo\/\"]}]},{\"@type\":\"BreadcrumbList\",\"@id\":\"https:\/\/ikigaiexperience.com.br\/experiencias\/mergulho-bombinhas-batismo\/#breadcrumb\",\"itemListElement\":[{\"@type\":\"ListItem\",\"position\":1,\"name\":\"In\u00edcio\",\"item\":\"https:\/\/ikigaiexperience.com.br\/\"},{\"@type\":\"ListItem\",\"position\":2,\"name\":\"Mergulho\",\"item\":\"https:\/\/ikigaiexperience.com.br\/experiencia-categoria\/mergulho\/\"},{\"@type\":\"ListItem\",\"position\":3,\"name\":\"Mergulho Bombinhas &#8211; Praia de Bombinhas\"}]},{\"@type\":\"WebSite\",\"@id\":\"https:\/\/ikigaiexperience.com.br\/#website\",\"url\":\"https:\/\/ikigaiexperience.com.br\/\",\"name\":\"Ikigai Experience\",\"description\":\"Reserve seu mergulho de um modo f\u00e1cil, r\u00e1pido e divertido.\",\"publisher\":{\"@id\":\"https:\/\/ikigaiexperience.com.br\/#organization\"},\"potentialAction\":[{\"@type\":\"SearchAction\",\"target\":{\"@type\":\"EntryPoint\",\"urlTemplate\":\"https:\/\/ikigaiexperience.com.br\/?s={search_term_string}\"},\"query-input\":\"required name=search_term_string\"}],\"inLanguage\":\"es\"},{\"@type\":\"Organization\",\"@id\":\"https:\/\/ikigaiexperience.com.br\/#organization\",\"name\":\"Ikigai Experience\",\"url\":\"https:\/\/ikigaiexperience.com.br\/\",\"logo\":{\"@type\":\"ImageObject\",\"inLanguage\":\"es\",\"@id\":\"https:\/\/ikigaiexperience.com.br\/#\/schema\/logo\/image\/\",\"url\":\"https:\/\/ikigaiexperience.com.br\/wp-content\/uploads\/2021\/06\/Ikigai-Experience-Horizontal-Branco.png\",\"contentUrl\":\"https:\/\/ikigaiexperience.com.br\/wp-content\/uploads\/2021\/06\/Ikigai-Experience-Horizontal-Branco.png\",\"width\":924,\"height\":249,\"caption\":\"Ikigai Experience\"},\"image\":{\"@id\":\"https:\/\/ikigaiexperience.com.br\/#\/schema\/logo\/image\/\"},\"sameAs\":[\"https:\/\/www.instagram.com\/theikigaiexperience\/\",\"https:\/\/www.linkedin.com\/company\/ikigai-experience\",\"https:\/\/www.youtube.com\/channel\/UC8qpgAQ3P89h79oP9ymmo7Q\",\"https:\/\/www.facebook.com\/Ikigai-Experience-100452311832822\"]}]}<\/script>\n<!-- \/ Yoast SEO plugin. -->","yoast_head_json":{"title":"Mergulho Bombinhas - Praia de Bombinhas - Ikigai Experience","description":"A praia de Bombinhas com sua \u00e1gua cristalina e fauna marinha \u00e9 o lugar ideal para a pr\u00e1tica de mergulho de batismo e contato com a natureza.","robots":{"index":"index","follow":"follow","max-snippet":"max-snippet:-1","max-image-preview":"max-image-preview:large","max-video-preview":"max-video-preview:-1"},"canonical":"https:\/\/ikigaiexperience.com.br\/es\/experiencias\/buceo-bombinhas\/","og_locale":"es_ES","og_type":"article","og_title":"Mergulho Bombinhas - Praia de Bombinhas - Ikigai Experience","og_description":"A praia de Bombinhas com sua \u00e1gua cristalina e fauna marinha \u00e9 o lugar ideal para a pr\u00e1tica de mergulho de batismo e contato com a natureza.","og_url":"https:\/\/ikigaiexperience.com.br\/es\/experiencias\/buceo-bombinhas\/","og_site_name":"Ikigai Experience","article_publisher":"https:\/\/www.facebook.com\/Ikigai-Experience-100452311832822","article_modified_time":"2023-12-19T20:49:45+00:00","og_image":[{"width":935,"height":622,"url":"https:\/\/ikigaiexperience.com.br\/wp-content\/uploads\/2021\/12\/Mergulho-Bombinhas-Ilha-do-Arvoredo-07.jpg","type":"image\/jpeg"}],"twitter_card":"summary_large_image","twitter_misc":{"Tiempo de lectura":"2 minutos"},"schema":{"@context":"https:\/\/schema.org","@graph":[{"@type":"WebPage","@id":"https:\/\/ikigaiexperience.com.br\/experiencias\/mergulho-bombinhas-praia-de-bombinhas\/","url":"https:\/\/ikigaiexperience.com.br\/experiencias\/mergulho-bombinhas-batismo\/","name":"Mergulho Bombinhas - Praia de Bombinhas - Ikigai Experience","isPartOf":{"@id":"https:\/\/ikigaiexperience.com.br\/#website"},"datePublished":"2021-11-26T12:09:13+00:00","dateModified":"2023-12-19T20:49:45+00:00","description":"A praia de Bombinhas com sua \u00e1gua cristalina e fauna marinha \u00e9 o lugar ideal para a pr\u00e1tica de mergulho de batismo e contato com a natureza.","breadcrumb":{"@id":"https:\/\/ikigaiexperience.com.br\/experiencias\/mergulho-bombinhas-batismo\/#breadcrumb"},"inLanguage":"es","potentialAction":[{"@type":"ReadAction","target":["https:\/\/ikigaiexperience.com.br\/experiencias\/mergulho-bombinhas-batismo\/"]}]},{"@type":"BreadcrumbList","@id":"https:\/\/ikigaiexperience.com.br\/experiencias\/mergulho-bombinhas-batismo\/#breadcrumb","itemListElement":[{"@type":"ListItem","position":1,"name":"In\u00edcio","item":"https:\/\/ikigaiexperience.com.br\/"},{"@type":"ListItem","position":2,"name":"Mergulho","item":"https:\/\/ikigaiexperience.com.br\/experiencia-categoria\/mergulho\/"},{"@type":"ListItem","position":3,"name":"Mergulho Bombinhas &#8211; Praia de Bombinhas"}]},{"@type":"WebSite","@id":"https:\/\/ikigaiexperience.com.br\/#website","url":"https:\/\/ikigaiexperience.com.br\/","name":"Ikigai Experience","description":"Reserve seu mergulho de um modo f\u00e1cil, r\u00e1pido e divertido.","publisher":{"@id":"https:\/\/ikigaiexperience.com.br\/#organization"},"potentialAction":[{"@type":"SearchAction","target":{"@type":"EntryPoint","urlTemplate":"https:\/\/ikigaiexperience.com.br\/?s={search_term_string}"},"query-input":"required name=search_term_string"}],"inLanguage":"es"},{"@type":"Organization","@id":"https:\/\/ikigaiexperience.com.br\/#organization","name":"Ikigai Experience","url":"https:\/\/ikigaiexperience.com.br\/","logo":{"@type":"ImageObject","inLanguage":"es","@id":"https:\/\/ikigaiexperience.com.br\/#\/schema\/logo\/image\/","url":"https:\/\/ikigaiexperience.com.br\/wp-content\/uploads\/2021\/06\/Ikigai-Experience-Horizontal-Branco.png","contentUrl":"https:\/\/ikigaiexperience.com.br\/wp-content\/uploads\/2021\/06\/Ikigai-Experience-Horizontal-Branco.png","width":924,"height":249,"caption":"Ikigai Experience"},"image":{"@id":"https:\/\/ikigaiexperience.com.br\/#\/schema\/logo\/image\/"},"sameAs":["https:\/\/www.instagram.com\/theikigaiexperience\/","https:\/\/www.linkedin.com\/company\/ikigai-experience","https:\/\/www.youtube.com\/channel\/UC8qpgAQ3P89h79oP9ymmo7Q","https:\/\/www.facebook.com\/Ikigai-Experience-100452311832822"]}]}},"_links":{"self":[{"href":"https:\/\/ikigaiexperience.com.br\/es\/wp-json\/wp\/v2\/product\/9791"}],"collection":[{"href":"https:\/\/ikigaiexperience.com.br\/es\/wp-json\/wp\/v2\/product"}],"about":[{"href":"https:\/\/ikigaiexperience.com.br\/es\/wp-json\/wp\/v2\/types\/product"}],"version-history":[{"count":1,"href":"https:\/\/ikigaiexperience.com.br\/es\/wp-json\/wp\/v2\/product\/9791\/revisions"}],"predecessor-version":[{"id":24010,"href":"https:\/\/ikigaiexperience.com.br\/es\/wp-json\/wp\/v2\/product\/9791\/revisions\/24010"}],"wp:featuredmedia":[{"embeddable":true,"href":"https:\/\/ikigaiexperience.com.br\/es\/wp-json\/wp\/v2\/media\/10821"}],"wp:attachment":[{"href":"https:\/\/ikigaiexperience.com.br\/es\/wp-json\/wp\/v2\/media?parent=9791"}],"wp:term":[{"taxonomy":"product_cat","embeddable":true,"href":"https:\/\/ikigaiexperience.com.br\/es\/wp-json\/wp\/v2\/product_cat?post=9791"},{"taxonomy":"product_tag","embeddable":true,"href":"https:\/\/ikigaiexperience.com.br\/es\/wp-json\/wp\/v2\/product_tag?post=9791"}],"curies":[{"name":"wp","href":"https:\/\/api.w.org\/{rel}","templated":true}]}}