{"id":9785,"date":"2021-12-01T19:36:54","date_gmt":"2021-12-01T22:36:54","guid":{"rendered":"https:\/\/ikigaiexperience.com.br\/?post_type=product&#038;p=9785"},"modified":"2023-03-17T15:30:02","modified_gmt":"2023-03-17T18:30:02","slug":"mergulho-bombinhas-credenciados","status":"publish","type":"product","link":"https:\/\/ikigaiexperience.com.br\/es\/experiencias\/buceo-bombinhas-acreditados\/","title":{"rendered":"Bombinhas Dive \u2013 Abordado para Acreditado"},"content":{"rendered":"<h3>Puntos de buceo de Bombinhas<\/h3>\n<p>La inmersi\u00f3n Bombinhas \u2013 Ilha do Arvoredo en la modalidad de bautismo, es el lugar de buceo m\u00e1s buscado en el Sur de Brasil para descubrir conscientemente los puntos de buceo m\u00e1s preservados de la ciudad tur\u00edstica, honrando toda su abundante e intocable fauna y flora.<\/p>\n<p>Bombinhas es conocida por sus aguas claras y cristalinas, hay varios puntos de buceo conocidos en la ciudad, lo que la convierte en una ciudad perfecta para la pr\u00e1ctica del buceo recreativo y ofrece varios puntos de buceo que podemos enumerar:<\/p>\n<ul>\n<li>Ilha do Arvoredo: uno de los lugares m\u00e1s famosos y buscados de Bombinhas, ubicado en una reserva ambiental, Ilha do Arvoredo tiene una inmersi\u00f3n donde se pueden encontrar corales ex\u00f3ticos, rayas, morenas, tortugas e innumerables especies de peces.<\/li>\n<li>Astillero Porto Belo: por albergar aguas tranquilas y cristalinas y estar cerca de una playa de dif\u00edcil acceso y paradis\u00edaca, el Astillero Porto Belo es un gran lugar para quien quiere tener su primer contacto con el mundo del buceo.<\/li>\n<li>Ponta da Praia da Sepultura: con sus piscinas naturales, aguas cristalinas y abundante y activa vida marina, Praia da Sepultura es un lugar fascinante. La punta de la playa, una extensi\u00f3n de bosque de dif\u00edcil acceso, alberga en su entorno una fauna compuesta por calamares, tortugas marinas, card\u00famenes de peces, caballitos de mar y otras especies que habitan el lugar, formando un lugar perfecto para la pr\u00e1ctica del buceo.<\/li>\n<\/ul>\n<p>Importante: La definici\u00f3n del destino se realiza el d\u00eda de la experiencia, dadas las condiciones clim\u00e1ticas y la experiencia de los buzos.<\/p>\n<h3>Qu\u00e9 est\u00e1 incluido<\/h3>\n<p>En buceo en Bombinhas en la modalidad de acreditado, toda la experiencia vale R$365 \/ buzo<span style=\"font-weight: 400;\">.<\/span><\/p>\n<p>Incluye dos cilindros de buceo, equipo completo, snack y navegaci\u00f3n en barco.<\/p>\n<p>Si dispone de equipo propio, puede solicitar un descuento de R$45\/pieza (1. Chaleco; 2. Regulador; 3. Vestuario).<\/p>\n<h3>La experiencia de buceo Embedded Bombinhas<\/h3>\n<p><span style=\"font-weight: 400;\">En Bombinhas para el buceo Acreditado, despu\u00e9s de definir el sitio de buceo, la navegaci\u00f3n en barco comienza en Trapiche de Bombinhas \u2013 Rua Sardinha.<\/span><\/p>\n<p><span style=\"font-weight: 400;\">En el sitio de buceo, los instructores brindan toda la informaci\u00f3n sobre el sitio de buceo para que pueda aprovechar al m\u00e1ximo toda la belleza del sitio de buceo seleccionado. Cada buzo recibir\u00e1 dos cilindros y a partir de este momento solo disfrutar de la inmersi\u00f3n siguiendo todas las instrucciones y respetando la Reserva Biol\u00f3gica.<\/span><\/p>\n<p>La profundidad de buceo es de hasta 10 metros.<\/p>\n<p><span style=\"font-weight: 400;\">O<\/span><span style=\"font-weight: 400;\"> El tour completo tiene una duraci\u00f3n promedio de 6 horas y 30 minutos, variando seg\u00fan el n\u00famero de personas a la salida y los destinos de buceo.<\/span><\/p>\n<h3>extras<\/h3>\n<p>Las inmersiones deben realizarse siempre en pareja, si est\u00e1s solo se asignar\u00e1 a alguien para bucear contigo y si no hay otra persona acreditada en tu d\u00eda, se cobra un R$300 adicional por parte del Dive Master Guide.<\/p>\n<p>Si alguien quiere acompa\u00f1arte en el barco, pero no quiere ir a bucear, existe la opci\u00f3n de contratar un tour como acompa\u00f1ante + snorkel por R$195.<\/p>\n<p>Entonces, \u00bfvamos a bucear con nosotros?<\/p>","protected":false},"excerpt":{"rendered":"<p>El buceo Bombinhas \u2013 Embarcado Batismo se realiza en los principales puntos de buceo de la ciudad. Estos puntos son ideales para aquellos buzos que ya tienen certificaci\u00f3n y quieren tener un contacto intenso con la naturaleza.<\/p>","protected":false},"featured_media":20147,"parent":0,"template":"","meta":[],"product_cat":[29],"product_tag":[],"yoast_head":"<!-- This site is optimized with the Yoast SEO plugin v20.0 - https:\/\/yoast.com\/wordpress\/plugins\/seo\/ -->\n<title>Mergulho Bombinhas Credenciados - Ilha do Arvoredo - Ikigai Experience<\/title>\n<meta name=\"description\" content=\"O mergulho Bombinhas para credenciados \u00e9 uma das principais atra\u00e7\u00f5es tur\u00edsticas para quem quer conhecer as belezas naturais de Bombinhas\" \/>\n<meta name=\"robots\" content=\"index, follow, max-snippet:-1, max-image-preview:large, max-video-preview:-1\" \/>\n<link rel=\"canonical\" href=\"https:\/\/ikigaiexperience.com.br\/es\/experiencias\/buceo-bombinhas\/\" \/>\n<meta property=\"og:locale\" content=\"es_ES\" \/>\n<meta property=\"og:type\" content=\"article\" \/>\n<meta property=\"og:title\" content=\"Mergulho Bombinhas Credenciados - Ilha do Arvoredo - Ikigai Experience\" \/>\n<meta property=\"og:description\" content=\"O mergulho Bombinhas para credenciados \u00e9 uma das principais atra\u00e7\u00f5es tur\u00edsticas para quem quer conhecer as belezas naturais de Bombinhas\" \/>\n<meta property=\"og:url\" content=\"https:\/\/ikigaiexperience.com.br\/es\/experiencias\/buceo-bombinhas\/\" \/>\n<meta property=\"og:site_name\" content=\"Ikigai Experience\" \/>\n<meta property=\"article:publisher\" content=\"https:\/\/www.facebook.com\/Ikigai-Experience-100452311832822\" \/>\n<meta property=\"article:modified_time\" content=\"2023-03-17T18:30:02+00:00\" \/>\n<meta property=\"og:image\" content=\"https:\/\/ikigaiexperience.com.br\/wp-content\/uploads\/2022\/09\/curso-bombinhas3.jpeg\" \/>\n\t<meta property=\"og:image:width\" content=\"640\" \/>\n\t<meta property=\"og:image:height\" content=\"426\" \/>\n\t<meta property=\"og:image:type\" content=\"image\/jpeg\" \/>\n<meta name=\"twitter:card\" content=\"summary_large_image\" \/>\n<meta name=\"twitter:label1\" content=\"Tiempo de lectura\" \/>\n\t<meta name=\"twitter:data1\" content=\"3 minutos\" \/>\n<script type=\"application\/ld+json\" class=\"yoast-schema-graph\">{\"@context\":\"https:\/\/schema.org\",\"@graph\":[{\"@type\":\"WebPage\",\"@id\":\"https:\/\/ikigaiexperience.com.br\/experiencias\/mergulho-bombinhas-credenciados\/\",\"url\":\"https:\/\/ikigaiexperience.com.br\/experiencias\/mergulho-bombinhas-batismo\/\",\"name\":\"Mergulho Bombinhas Credenciados - Ilha do Arvoredo - Ikigai Experience\",\"isPartOf\":{\"@id\":\"https:\/\/ikigaiexperience.com.br\/#website\"},\"datePublished\":\"2021-12-01T22:36:54+00:00\",\"dateModified\":\"2023-03-17T18:30:02+00:00\",\"description\":\"O mergulho Bombinhas para credenciados \u00e9 uma das principais atra\u00e7\u00f5es tur\u00edsticas para quem quer conhecer as belezas naturais de Bombinhas\",\"breadcrumb\":{\"@id\":\"https:\/\/ikigaiexperience.com.br\/experiencias\/mergulho-bombinhas-batismo\/#breadcrumb\"},\"inLanguage\":\"es\",\"potentialAction\":[{\"@type\":\"ReadAction\",\"target\":[\"https:\/\/ikigaiexperience.com.br\/experiencias\/mergulho-bombinhas-batismo\/\"]}]},{\"@type\":\"BreadcrumbList\",\"@id\":\"https:\/\/ikigaiexperience.com.br\/experiencias\/mergulho-bombinhas-batismo\/#breadcrumb\",\"itemListElement\":[{\"@type\":\"ListItem\",\"position\":1,\"name\":\"In\u00edcio\",\"item\":\"https:\/\/ikigaiexperience.com.br\/\"},{\"@type\":\"ListItem\",\"position\":2,\"name\":\"Mergulho\",\"item\":\"https:\/\/ikigaiexperience.com.br\/experiencia-categoria\/mergulho\/\"},{\"@type\":\"ListItem\",\"position\":3,\"name\":\"Mergulho Bombinhas &#8211; Embarcado para Credenciados\"}]},{\"@type\":\"WebSite\",\"@id\":\"https:\/\/ikigaiexperience.com.br\/#website\",\"url\":\"https:\/\/ikigaiexperience.com.br\/\",\"name\":\"Ikigai Experience\",\"description\":\"Reserve seu mergulho de um modo f\u00e1cil, r\u00e1pido e divertido.\",\"publisher\":{\"@id\":\"https:\/\/ikigaiexperience.com.br\/#organization\"},\"potentialAction\":[{\"@type\":\"SearchAction\",\"target\":{\"@type\":\"EntryPoint\",\"urlTemplate\":\"https:\/\/ikigaiexperience.com.br\/?s={search_term_string}\"},\"query-input\":\"required name=search_term_string\"}],\"inLanguage\":\"es\"},{\"@type\":\"Organization\",\"@id\":\"https:\/\/ikigaiexperience.com.br\/#organization\",\"name\":\"Ikigai Experience\",\"url\":\"https:\/\/ikigaiexperience.com.br\/\",\"logo\":{\"@type\":\"ImageObject\",\"inLanguage\":\"es\",\"@id\":\"https:\/\/ikigaiexperience.com.br\/#\/schema\/logo\/image\/\",\"url\":\"https:\/\/ikigaiexperience.com.br\/wp-content\/uploads\/2021\/06\/Ikigai-Experience-Horizontal-Branco.png\",\"contentUrl\":\"https:\/\/ikigaiexperience.com.br\/wp-content\/uploads\/2021\/06\/Ikigai-Experience-Horizontal-Branco.png\",\"width\":924,\"height\":249,\"caption\":\"Ikigai Experience\"},\"image\":{\"@id\":\"https:\/\/ikigaiexperience.com.br\/#\/schema\/logo\/image\/\"},\"sameAs\":[\"https:\/\/www.instagram.com\/theikigaiexperience\/\",\"https:\/\/www.linkedin.com\/company\/ikigai-experience\",\"https:\/\/www.youtube.com\/channel\/UC8qpgAQ3P89h79oP9ymmo7Q\",\"https:\/\/www.facebook.com\/Ikigai-Experience-100452311832822\"]}]}<\/script>\n<!-- \/ Yoast SEO plugin. -->","yoast_head_json":{"title":"Mergulho Bombinhas Credenciados - Ilha do Arvoredo - Ikigai Experience","description":"O mergulho Bombinhas para credenciados \u00e9 uma das principais atra\u00e7\u00f5es tur\u00edsticas para quem quer conhecer as belezas naturais de Bombinhas","robots":{"index":"index","follow":"follow","max-snippet":"max-snippet:-1","max-image-preview":"max-image-preview:large","max-video-preview":"max-video-preview:-1"},"canonical":"https:\/\/ikigaiexperience.com.br\/es\/experiencias\/buceo-bombinhas\/","og_locale":"es_ES","og_type":"article","og_title":"Mergulho Bombinhas Credenciados - Ilha do Arvoredo - Ikigai Experience","og_description":"O mergulho Bombinhas para credenciados \u00e9 uma das principais atra\u00e7\u00f5es tur\u00edsticas para quem quer conhecer as belezas naturais de Bombinhas","og_url":"https:\/\/ikigaiexperience.com.br\/es\/experiencias\/buceo-bombinhas\/","og_site_name":"Ikigai Experience","article_publisher":"https:\/\/www.facebook.com\/Ikigai-Experience-100452311832822","article_modified_time":"2023-03-17T18:30:02+00:00","og_image":[{"width":640,"height":426,"url":"https:\/\/ikigaiexperience.com.br\/wp-content\/uploads\/2022\/09\/curso-bombinhas3.jpeg","type":"image\/jpeg"}],"twitter_card":"summary_large_image","twitter_misc":{"Tiempo de lectura":"3 minutos"},"schema":{"@context":"https:\/\/schema.org","@graph":[{"@type":"WebPage","@id":"https:\/\/ikigaiexperience.com.br\/experiencias\/mergulho-bombinhas-credenciados\/","url":"https:\/\/ikigaiexperience.com.br\/experiencias\/mergulho-bombinhas-batismo\/","name":"Mergulho Bombinhas Credenciados - Ilha do Arvoredo - Ikigai Experience","isPartOf":{"@id":"https:\/\/ikigaiexperience.com.br\/#website"},"datePublished":"2021-12-01T22:36:54+00:00","dateModified":"2023-03-17T18:30:02+00:00","description":"O mergulho Bombinhas para credenciados \u00e9 uma das principais atra\u00e7\u00f5es tur\u00edsticas para quem quer conhecer as belezas naturais de Bombinhas","breadcrumb":{"@id":"https:\/\/ikigaiexperience.com.br\/experiencias\/mergulho-bombinhas-batismo\/#breadcrumb"},"inLanguage":"es","potentialAction":[{"@type":"ReadAction","target":["https:\/\/ikigaiexperience.com.br\/experiencias\/mergulho-bombinhas-batismo\/"]}]},{"@type":"BreadcrumbList","@id":"https:\/\/ikigaiexperience.com.br\/experiencias\/mergulho-bombinhas-batismo\/#breadcrumb","itemListElement":[{"@type":"ListItem","position":1,"name":"In\u00edcio","item":"https:\/\/ikigaiexperience.com.br\/"},{"@type":"ListItem","position":2,"name":"Mergulho","item":"https:\/\/ikigaiexperience.com.br\/experiencia-categoria\/mergulho\/"},{"@type":"ListItem","position":3,"name":"Mergulho Bombinhas &#8211; Embarcado para Credenciados"}]},{"@type":"WebSite","@id":"https:\/\/ikigaiexperience.com.br\/#website","url":"https:\/\/ikigaiexperience.com.br\/","name":"Ikigai Experience","description":"Reserve seu mergulho de um modo f\u00e1cil, r\u00e1pido e divertido.","publisher":{"@id":"https:\/\/ikigaiexperience.com.br\/#organization"},"potentialAction":[{"@type":"SearchAction","target":{"@type":"EntryPoint","urlTemplate":"https:\/\/ikigaiexperience.com.br\/?s={search_term_string}"},"query-input":"required name=search_term_string"}],"inLanguage":"es"},{"@type":"Organization","@id":"https:\/\/ikigaiexperience.com.br\/#organization","name":"Ikigai Experience","url":"https:\/\/ikigaiexperience.com.br\/","logo":{"@type":"ImageObject","inLanguage":"es","@id":"https:\/\/ikigaiexperience.com.br\/#\/schema\/logo\/image\/","url":"https:\/\/ikigaiexperience.com.br\/wp-content\/uploads\/2021\/06\/Ikigai-Experience-Horizontal-Branco.png","contentUrl":"https:\/\/ikigaiexperience.com.br\/wp-content\/uploads\/2021\/06\/Ikigai-Experience-Horizontal-Branco.png","width":924,"height":249,"caption":"Ikigai Experience"},"image":{"@id":"https:\/\/ikigaiexperience.com.br\/#\/schema\/logo\/image\/"},"sameAs":["https:\/\/www.instagram.com\/theikigaiexperience\/","https:\/\/www.linkedin.com\/company\/ikigai-experience","https:\/\/www.youtube.com\/channel\/UC8qpgAQ3P89h79oP9ymmo7Q","https:\/\/www.facebook.com\/Ikigai-Experience-100452311832822"]}]}},"_links":{"self":[{"href":"https:\/\/ikigaiexperience.com.br\/es\/wp-json\/wp\/v2\/product\/9785"}],"collection":[{"href":"https:\/\/ikigaiexperience.com.br\/es\/wp-json\/wp\/v2\/product"}],"about":[{"href":"https:\/\/ikigaiexperience.com.br\/es\/wp-json\/wp\/v2\/types\/product"}],"version-history":[{"count":0,"href":"https:\/\/ikigaiexperience.com.br\/es\/wp-json\/wp\/v2\/product\/9785\/revisions"}],"wp:featuredmedia":[{"embeddable":true,"href":"https:\/\/ikigaiexperience.com.br\/es\/wp-json\/wp\/v2\/media\/20147"}],"wp:attachment":[{"href":"https:\/\/ikigaiexperience.com.br\/es\/wp-json\/wp\/v2\/media?parent=9785"}],"wp:term":[{"taxonomy":"product_cat","embeddable":true,"href":"https:\/\/ikigaiexperience.com.br\/es\/wp-json\/wp\/v2\/product_cat?post=9785"},{"taxonomy":"product_tag","embeddable":true,"href":"https:\/\/ikigaiexperience.com.br\/es\/wp-json\/wp\/v2\/product_tag?post=9785"}],"curies":[{"name":"wp","href":"https:\/\/api.w.org\/{rel}","templated":true}]}}