{"id":9780,"date":"2021-12-01T19:35:34","date_gmt":"2021-12-01T22:35:34","guid":{"rendered":"https:\/\/ikigaiexperience.com.br\/?post_type=product&#038;p=9780"},"modified":"2024-06-18T17:46:16","modified_gmt":"2024-06-18T20:46:16","slug":"mergulho-bombinhas-batismo","status":"publish","type":"product","link":"https:\/\/ikigaiexperience.com.br\/es\/experiencias\/buceo-bombinhas\/","title":{"rendered":"Buceo para principiantes"},"content":{"rendered":"<h3>Buceo en Bombinhas en Bah\u00eda Sepultura<\/h3>\n<p>El buceo de Bombinhas, en forma de bautismo, es el punto de buceo m\u00e1s buscado del sur de Brasil para descubrir conscientemente los puntos de buceo m\u00e1s preservados de la ciudad tur\u00edstica, honrando toda su abundante e intocable fauna y flora.<\/p>\n<p>Por Bombinhas, conocida por sus aguas claras y cristalinas, el buceo en la punta de Praia da Sepultura es el m\u00e1s adecuado para los turistas.<\/p>\n<p>Con sus piscinas naturales, aguas cristalinas y abundante y activa vida marina, Praia da Sepultura es un lugar fascinante. La punta de la playa, una extensi\u00f3n de bosque de dif\u00edcil acceso, alberga en su entorno una fauna compuesta por calamares, tortugas marinas, card\u00famenes de peces, caballitos de mar y otras especies que habitan el lugar, formando un lugar perfecto para la pr\u00e1ctica del buceo.<\/p>\n<p>Entonces, \u00bfvamos a bucear con nosotros?<\/p>","protected":false},"excerpt":{"rendered":"<p>La inmersi\u00f3n en Bombinhas es la experiencia ideal para quien quiere realizar su primera inmersi\u00f3n en medio de la hermosa fauna y flora de la Bah\u00eda de Sepultura, principal destino de buceo en Bombinhas durante el verano. 30 a 35 minutos de buceo acompa\u00f1ado por un instructor a una profundidad de 2 a 5m. Despu\u00e9s de la inmersi\u00f3n, todav\u00eda es posible hacer snorkel en el sitio de buceo sin costo adicional.<\/p>\n<p>&nbsp;<\/p>","protected":false},"featured_media":10821,"parent":0,"template":"","meta":[],"product_cat":[29],"product_tag":[],"yoast_head":"<!-- This site is optimized with the Yoast SEO plugin v20.0 - https:\/\/yoast.com\/wordpress\/plugins\/seo\/ -->\n<title>Mergulho Bombinhas para iniciantes | Ikigai Experience<\/title>\n<meta name=\"description\" content=\"O mergulho Bombinhas na praia da Sepultura \u00e9 uma das principais atra\u00e7\u00f5es tur\u00edsticas para quem quer se aventurar nas belezas da cidade.\" \/>\n<meta name=\"robots\" content=\"index, follow, max-snippet:-1, max-image-preview:large, max-video-preview:-1\" \/>\n<link rel=\"canonical\" href=\"https:\/\/ikigaiexperience.com.br\/es\/experiencias\/buceo-bombinhas\/\" \/>\n<meta property=\"og:locale\" content=\"es_ES\" \/>\n<meta property=\"og:type\" content=\"article\" \/>\n<meta property=\"og:title\" content=\"Mergulho Bombinhas para iniciantes | Ikigai Experience\" \/>\n<meta property=\"og:description\" content=\"O mergulho Bombinhas na praia da Sepultura \u00e9 uma das principais atra\u00e7\u00f5es tur\u00edsticas para quem quer se aventurar nas belezas da cidade.\" \/>\n<meta property=\"og:url\" content=\"https:\/\/ikigaiexperience.com.br\/es\/experiencias\/buceo-bombinhas\/\" \/>\n<meta property=\"og:site_name\" content=\"Ikigai Experience\" \/>\n<meta property=\"article:publisher\" content=\"https:\/\/www.facebook.com\/Ikigai-Experience-100452311832822\" \/>\n<meta property=\"article:modified_time\" content=\"2024-06-18T20:46:16+00:00\" \/>\n<meta property=\"og:image\" content=\"https:\/\/ikigaiexperience.com.br\/wp-content\/uploads\/2021\/12\/Mergulho-Bombinhas-Ilha-do-Arvoredo-07.jpg\" \/>\n\t<meta property=\"og:image:width\" content=\"935\" \/>\n\t<meta property=\"og:image:height\" content=\"622\" \/>\n\t<meta property=\"og:image:type\" content=\"image\/jpeg\" \/>\n<meta name=\"twitter:card\" content=\"summary_large_image\" \/>\n<meta name=\"twitter:label1\" content=\"Tiempo de lectura\" \/>\n\t<meta name=\"twitter:data1\" content=\"3 minutos\" \/>\n<script type=\"application\/ld+json\" class=\"yoast-schema-graph\">{\"@context\":\"https:\/\/schema.org\",\"@graph\":[{\"@type\":\"WebPage\",\"@id\":\"https:\/\/ikigaiexperience.com.br\/experiencias\/mergulho-bombinhas-batismo\/\",\"url\":\"https:\/\/ikigaiexperience.com.br\/experiencias\/mergulho-bombinhas-batismo\/\",\"name\":\"Mergulho Bombinhas para iniciantes | Ikigai Experience\",\"isPartOf\":{\"@id\":\"https:\/\/ikigaiexperience.com.br\/#website\"},\"datePublished\":\"2021-12-01T22:35:34+00:00\",\"dateModified\":\"2024-06-18T20:46:16+00:00\",\"description\":\"O mergulho Bombinhas na praia da Sepultura \u00e9 uma das principais atra\u00e7\u00f5es tur\u00edsticas para quem quer se aventurar nas belezas da cidade.\",\"breadcrumb\":{\"@id\":\"https:\/\/ikigaiexperience.com.br\/experiencias\/mergulho-bombinhas-batismo\/#breadcrumb\"},\"inLanguage\":\"es\",\"potentialAction\":[{\"@type\":\"ReadAction\",\"target\":[\"https:\/\/ikigaiexperience.com.br\/experiencias\/mergulho-bombinhas-batismo\/\"]}]},{\"@type\":\"BreadcrumbList\",\"@id\":\"https:\/\/ikigaiexperience.com.br\/experiencias\/mergulho-bombinhas-batismo\/#breadcrumb\",\"itemListElement\":[{\"@type\":\"ListItem\",\"position\":1,\"name\":\"In\u00edcio\",\"item\":\"https:\/\/ikigaiexperience.com.br\/\"},{\"@type\":\"ListItem\",\"position\":2,\"name\":\"Mergulho\",\"item\":\"https:\/\/ikigaiexperience.com.br\/experiencia-categoria\/mergulho\/\"},{\"@type\":\"ListItem\",\"position\":3,\"name\":\"Mergulho Bombinhas - Ilha do Arvoredo\"}]},{\"@type\":\"WebSite\",\"@id\":\"https:\/\/ikigaiexperience.com.br\/#website\",\"url\":\"https:\/\/ikigaiexperience.com.br\/\",\"name\":\"Ikigai Experience\",\"description\":\"Reserve seu mergulho de um modo f\u00e1cil, r\u00e1pido e divertido.\",\"publisher\":{\"@id\":\"https:\/\/ikigaiexperience.com.br\/#organization\"},\"potentialAction\":[{\"@type\":\"SearchAction\",\"target\":{\"@type\":\"EntryPoint\",\"urlTemplate\":\"https:\/\/ikigaiexperience.com.br\/?s={search_term_string}\"},\"query-input\":\"required name=search_term_string\"}],\"inLanguage\":\"es\"},{\"@type\":\"Organization\",\"@id\":\"https:\/\/ikigaiexperience.com.br\/#organization\",\"name\":\"Ikigai Experience\",\"url\":\"https:\/\/ikigaiexperience.com.br\/\",\"logo\":{\"@type\":\"ImageObject\",\"inLanguage\":\"es\",\"@id\":\"https:\/\/ikigaiexperience.com.br\/#\/schema\/logo\/image\/\",\"url\":\"https:\/\/ikigaiexperience.com.br\/wp-content\/uploads\/2021\/06\/Ikigai-Experience-Horizontal-Branco.png\",\"contentUrl\":\"https:\/\/ikigaiexperience.com.br\/wp-content\/uploads\/2021\/06\/Ikigai-Experience-Horizontal-Branco.png\",\"width\":924,\"height\":249,\"caption\":\"Ikigai Experience\"},\"image\":{\"@id\":\"https:\/\/ikigaiexperience.com.br\/#\/schema\/logo\/image\/\"},\"sameAs\":[\"https:\/\/www.instagram.com\/theikigaiexperience\/\",\"https:\/\/www.linkedin.com\/company\/ikigai-experience\",\"https:\/\/www.youtube.com\/channel\/UC8qpgAQ3P89h79oP9ymmo7Q\",\"https:\/\/www.facebook.com\/Ikigai-Experience-100452311832822\"]}]}<\/script>\n<!-- \/ Yoast SEO plugin. -->","yoast_head_json":{"title":"Mergulho Bombinhas para iniciantes | Ikigai Experience","description":"O mergulho Bombinhas na praia da Sepultura \u00e9 uma das principais atra\u00e7\u00f5es tur\u00edsticas para quem quer se aventurar nas belezas da cidade.","robots":{"index":"index","follow":"follow","max-snippet":"max-snippet:-1","max-image-preview":"max-image-preview:large","max-video-preview":"max-video-preview:-1"},"canonical":"https:\/\/ikigaiexperience.com.br\/es\/experiencias\/buceo-bombinhas\/","og_locale":"es_ES","og_type":"article","og_title":"Mergulho Bombinhas para iniciantes | Ikigai Experience","og_description":"O mergulho Bombinhas na praia da Sepultura \u00e9 uma das principais atra\u00e7\u00f5es tur\u00edsticas para quem quer se aventurar nas belezas da cidade.","og_url":"https:\/\/ikigaiexperience.com.br\/es\/experiencias\/buceo-bombinhas\/","og_site_name":"Ikigai Experience","article_publisher":"https:\/\/www.facebook.com\/Ikigai-Experience-100452311832822","article_modified_time":"2024-06-18T20:46:16+00:00","og_image":[{"width":935,"height":622,"url":"https:\/\/ikigaiexperience.com.br\/wp-content\/uploads\/2021\/12\/Mergulho-Bombinhas-Ilha-do-Arvoredo-07.jpg","type":"image\/jpeg"}],"twitter_card":"summary_large_image","twitter_misc":{"Tiempo de lectura":"3 minutos"},"schema":{"@context":"https:\/\/schema.org","@graph":[{"@type":"WebPage","@id":"https:\/\/ikigaiexperience.com.br\/experiencias\/mergulho-bombinhas-batismo\/","url":"https:\/\/ikigaiexperience.com.br\/experiencias\/mergulho-bombinhas-batismo\/","name":"Mergulho Bombinhas para iniciantes | Ikigai Experience","isPartOf":{"@id":"https:\/\/ikigaiexperience.com.br\/#website"},"datePublished":"2021-12-01T22:35:34+00:00","dateModified":"2024-06-18T20:46:16+00:00","description":"O mergulho Bombinhas na praia da Sepultura \u00e9 uma das principais atra\u00e7\u00f5es tur\u00edsticas para quem quer se aventurar nas belezas da cidade.","breadcrumb":{"@id":"https:\/\/ikigaiexperience.com.br\/experiencias\/mergulho-bombinhas-batismo\/#breadcrumb"},"inLanguage":"es","potentialAction":[{"@type":"ReadAction","target":["https:\/\/ikigaiexperience.com.br\/experiencias\/mergulho-bombinhas-batismo\/"]}]},{"@type":"BreadcrumbList","@id":"https:\/\/ikigaiexperience.com.br\/experiencias\/mergulho-bombinhas-batismo\/#breadcrumb","itemListElement":[{"@type":"ListItem","position":1,"name":"In\u00edcio","item":"https:\/\/ikigaiexperience.com.br\/"},{"@type":"ListItem","position":2,"name":"Mergulho","item":"https:\/\/ikigaiexperience.com.br\/experiencia-categoria\/mergulho\/"},{"@type":"ListItem","position":3,"name":"Mergulho Bombinhas - Ilha do Arvoredo"}]},{"@type":"WebSite","@id":"https:\/\/ikigaiexperience.com.br\/#website","url":"https:\/\/ikigaiexperience.com.br\/","name":"Ikigai Experience","description":"Reserve seu mergulho de um modo f\u00e1cil, r\u00e1pido e divertido.","publisher":{"@id":"https:\/\/ikigaiexperience.com.br\/#organization"},"potentialAction":[{"@type":"SearchAction","target":{"@type":"EntryPoint","urlTemplate":"https:\/\/ikigaiexperience.com.br\/?s={search_term_string}"},"query-input":"required name=search_term_string"}],"inLanguage":"es"},{"@type":"Organization","@id":"https:\/\/ikigaiexperience.com.br\/#organization","name":"Ikigai Experience","url":"https:\/\/ikigaiexperience.com.br\/","logo":{"@type":"ImageObject","inLanguage":"es","@id":"https:\/\/ikigaiexperience.com.br\/#\/schema\/logo\/image\/","url":"https:\/\/ikigaiexperience.com.br\/wp-content\/uploads\/2021\/06\/Ikigai-Experience-Horizontal-Branco.png","contentUrl":"https:\/\/ikigaiexperience.com.br\/wp-content\/uploads\/2021\/06\/Ikigai-Experience-Horizontal-Branco.png","width":924,"height":249,"caption":"Ikigai Experience"},"image":{"@id":"https:\/\/ikigaiexperience.com.br\/#\/schema\/logo\/image\/"},"sameAs":["https:\/\/www.instagram.com\/theikigaiexperience\/","https:\/\/www.linkedin.com\/company\/ikigai-experience","https:\/\/www.youtube.com\/channel\/UC8qpgAQ3P89h79oP9ymmo7Q","https:\/\/www.facebook.com\/Ikigai-Experience-100452311832822"]}]}},"_links":{"self":[{"href":"https:\/\/ikigaiexperience.com.br\/es\/wp-json\/wp\/v2\/product\/9780"}],"collection":[{"href":"https:\/\/ikigaiexperience.com.br\/es\/wp-json\/wp\/v2\/product"}],"about":[{"href":"https:\/\/ikigaiexperience.com.br\/es\/wp-json\/wp\/v2\/types\/product"}],"version-history":[{"count":1,"href":"https:\/\/ikigaiexperience.com.br\/es\/wp-json\/wp\/v2\/product\/9780\/revisions"}],"predecessor-version":[{"id":21734,"href":"https:\/\/ikigaiexperience.com.br\/es\/wp-json\/wp\/v2\/product\/9780\/revisions\/21734"}],"wp:featuredmedia":[{"embeddable":true,"href":"https:\/\/ikigaiexperience.com.br\/es\/wp-json\/wp\/v2\/media\/10821"}],"wp:attachment":[{"href":"https:\/\/ikigaiexperience.com.br\/es\/wp-json\/wp\/v2\/media?parent=9780"}],"wp:term":[{"taxonomy":"product_cat","embeddable":true,"href":"https:\/\/ikigaiexperience.com.br\/es\/wp-json\/wp\/v2\/product_cat?post=9780"},{"taxonomy":"product_tag","embeddable":true,"href":"https:\/\/ikigaiexperience.com.br\/es\/wp-json\/wp\/v2\/product_tag?post=9780"}],"curies":[{"name":"wp","href":"https:\/\/api.w.org\/{rel}","templated":true}]}}