{"id":9579,"date":"2021-11-24T09:16:57","date_gmt":"2021-11-24T12:16:57","guid":{"rendered":"https:\/\/ikigaiexperience.com.br\/?post_type=product&#038;p=9579"},"modified":"2024-06-18T17:43:55","modified_gmt":"2024-06-18T20:43:55","slug":"mergulho-cabo-frio-credenciados","status":"publish","type":"product","link":"https:\/\/ikigaiexperience.com.br\/es\/experiencias\/buceo-cabo-frio-acreditado\/","title":{"rendered":"Buceo en Cabo Frio \u2013 Acreditado"},"content":{"rendered":"<h3>Buceo en las islas de Cabo Frio<\/h3>\n<p>El buceo Cabo Frio para acreditados se puede realizar en las diversas islas de la regi\u00f3n, las cuales brindan un buceo excepcional, entre ellas podemos enumerar:<\/p>\n<ul>\n<li>Ilha dos Papagaios: la isla m\u00e1s grande de la regi\u00f3n que ofrece varios lugares protegidos y aptos para el buceo. Cabo Frio es la isla m\u00e1s visitada para el buceo, ofreciendo profundidades de 18 a 40 metros y una fauna muy rica.<\/li>\n<li>Ilha Comprida: segunda isla m\u00e1s grande y una de las m\u00e1s famosas de la regi\u00f3n por su belleza dentro y fuera del agua. En el buceo, a menudo proporciona la compa\u00f1\u00eda de rayas y tortugas.<\/li>\n<li>Ilha dos Cap\u00f5es: peque\u00f1a isla que proporciona una inmersi\u00f3n diferenciada, con mayores profundidades y pasajes entre rocas, proporcionando una inmersi\u00f3n interesante para buzos m\u00e1s experimentados.<\/li>\n<\/ul>\n<p>Entre otras islas, podemos mencionar Ilha Dois Irm\u00e3os, Ilha dos Pargos, Filhote dos Gravat\u00e1s e Ilha do Breu, que tambi\u00e9n brindan un excelente buceo.<\/p>\n<p>Importante: La definici\u00f3n del destino se realiza el d\u00eda de la experiencia, dadas las condiciones clim\u00e1ticas y la experiencia de los buzos.<\/p>\n<h3>Qu\u00e9 est\u00e1 incluido en el buceo<\/h3>\n<p>Al bucear en Cabo Fr\u00edo para personas acreditadas, toda la experiencia cuesta R$430\/buzo, incluido todo el equipo.<\/p>\n<p>Tambi\u00e9n se incluye un viaje en barco a la isla seleccionada, almuerzo, 2 cilindros, incluidos, para bucear en dos puntos diferentes y acompa\u00f1amiento de un Dive Master o Instructor.<\/p>\n<h3>Buceo en Cabo Frio para acreditados<\/h3>\n<p><span style=\"font-weight: 400;\">Despu\u00e9s de definir el sitio de buceo, se inicia el viaje en bote en el canal de la Lagoa de Araruama hacia la salida al mar.\u00a0<\/span><\/p>\n<p><span style=\"font-weight: 400;\">En la isla de buceo local, cada buceador tendr\u00e1 la oportunidad de realizar dos inmersiones, de aproximadamente 60 minutos cada una, a una profundidad de hasta 40 metros, seg\u00fan el nivel de experiencia y certificaci\u00f3n.<\/span><\/p>\n<p><span style=\"font-weight: 400;\">Estar\u00e1s acompa\u00f1ado por los mejores Dive Masters de la regi\u00f3n de los lagos, quienes te garantizar\u00e1n la mejor experiencia posible para tu inmersi\u00f3n.<\/span><\/p>\n<p><span style=\"font-weight: 400;\">O<\/span><span style=\"font-weight: 400;\"> El recorrido completo tiene una duraci\u00f3n de 6 horas, dependiendo del n\u00famero de personas a la salida y los destinos de buceo.<\/span><\/p>\n<h3>extras<\/h3>\n<p>Para los que solo quieran seguir la experiencia en el barco o simplemente hacer buceo de superficie con snorkel, el valor es R$160. Con esto, el acompa\u00f1ante tiene derecho al paseo en bote y un snorkel para contemplar los sitios de buceo.<\/p>\n<h3>Otras Experiencias en Cabo Fr\u00edo:<\/h3>\n<p><strong><a href=\"https:\/\/ikigaiexperience.com.br\/es\/mergulho\/mergulho-cabo-frio-batismo\/\">Cabo Frio Buceo \u2013 Bautismo<\/a>:<\/strong> Para principiantes en Cabo Frio, no se necesita experiencia previa.<\/p>\n<p>Entonces, \u00bfvamos a sumergirnos en esto con nosotros?<\/p>","protected":false},"excerpt":{"rendered":"<p>En el buceo en Cabo Frio para acreditados, tendr\u00e1s la oportunidad de explorar las diversas islas de la regi\u00f3n, privilegiadas por el fen\u00f3meno de surgencia, que da lugar a una explosi\u00f3n de vida marina, proporcionando una inmersi\u00f3n perfecta tanto para principiantes como para los m\u00e1s experimentados. Son 2 cilindros de buceo, nitrox incluido, acompa\u00f1ados de un Dive Master o gu\u00eda instructor a una profundidad de hasta 40m, seg\u00fan experiencia y credenciales, vislumbrando la belleza de las islas.<\/p>","protected":false},"featured_media":20484,"parent":0,"template":"","meta":[],"product_cat":[29],"product_tag":[],"yoast_head":"<!-- This site is optimized with the Yoast SEO plugin v20.0 - https:\/\/yoast.com\/wordpress\/plugins\/seo\/ -->\n<title>Mergulho Cabo Frio - Credenciados - Ikigai Experience<\/title>\n<meta name=\"description\" content=\"O mergulho Cabo Frio para credenciados proporciona um mergulho certo tanto para os mergulhadores iniciantes quanto aos mais experientes.\" \/>\n<meta name=\"robots\" content=\"index, follow, max-snippet:-1, max-image-preview:large, max-video-preview:-1\" \/>\n<link rel=\"canonical\" href=\"https:\/\/ikigaiexperience.com.br\/es\/experiencias\/buceo-cabo-frio\/\" \/>\n<meta property=\"og:locale\" content=\"es_ES\" \/>\n<meta property=\"og:type\" content=\"article\" \/>\n<meta property=\"og:title\" content=\"Mergulho Cabo Frio - Credenciados - Ikigai Experience\" \/>\n<meta property=\"og:description\" content=\"O mergulho Cabo Frio para credenciados proporciona um mergulho certo tanto para os mergulhadores iniciantes quanto aos mais experientes.\" \/>\n<meta property=\"og:url\" content=\"https:\/\/ikigaiexperience.com.br\/es\/experiencias\/buceo-cabo-frio\/\" \/>\n<meta property=\"og:site_name\" content=\"Ikigai Experience\" \/>\n<meta property=\"article:publisher\" content=\"https:\/\/www.facebook.com\/Ikigai-Experience-100452311832822\" \/>\n<meta property=\"article:modified_time\" content=\"2024-06-18T20:43:55+00:00\" \/>\n<meta property=\"og:image\" content=\"https:\/\/ikigaiexperience.com.br\/wp-content\/uploads\/2022\/09\/mergulho-cabo-frio21.jpg\" \/>\n\t<meta property=\"og:image:width\" content=\"935\" \/>\n\t<meta property=\"og:image:height\" content=\"622\" \/>\n\t<meta property=\"og:image:type\" content=\"image\/jpeg\" \/>\n<meta name=\"twitter:card\" content=\"summary_large_image\" \/>\n<meta name=\"twitter:label1\" content=\"Tiempo de lectura\" \/>\n\t<meta name=\"twitter:data1\" content=\"3 minutos\" \/>\n<script type=\"application\/ld+json\" class=\"yoast-schema-graph\">{\"@context\":\"https:\/\/schema.org\",\"@graph\":[{\"@type\":\"WebPage\",\"@id\":\"https:\/\/ikigaiexperience.com.br\/experiencias\/mergulho-cabo-frio-credenciados\/\",\"url\":\"https:\/\/ikigaiexperience.com.br\/experiencias\/mergulho-cabo-frio-batismo\/\",\"name\":\"Mergulho Cabo Frio - Credenciados - Ikigai Experience\",\"isPartOf\":{\"@id\":\"https:\/\/ikigaiexperience.com.br\/#website\"},\"datePublished\":\"2021-11-24T12:16:57+00:00\",\"dateModified\":\"2024-06-18T20:43:55+00:00\",\"description\":\"O mergulho Cabo Frio para credenciados proporciona um mergulho certo tanto para os mergulhadores iniciantes quanto aos mais experientes.\",\"breadcrumb\":{\"@id\":\"https:\/\/ikigaiexperience.com.br\/experiencias\/mergulho-cabo-frio-batismo\/#breadcrumb\"},\"inLanguage\":\"es\",\"potentialAction\":[{\"@type\":\"ReadAction\",\"target\":[\"https:\/\/ikigaiexperience.com.br\/experiencias\/mergulho-cabo-frio-batismo\/\"]}]},{\"@type\":\"BreadcrumbList\",\"@id\":\"https:\/\/ikigaiexperience.com.br\/experiencias\/mergulho-cabo-frio-batismo\/#breadcrumb\",\"itemListElement\":[{\"@type\":\"ListItem\",\"position\":1,\"name\":\"In\u00edcio\",\"item\":\"https:\/\/ikigaiexperience.com.br\/\"},{\"@type\":\"ListItem\",\"position\":2,\"name\":\"Mergulho\",\"item\":\"https:\/\/ikigaiexperience.com.br\/experiencia-categoria\/mergulho\/\"},{\"@type\":\"ListItem\",\"position\":3,\"name\":\"Mergulho Cabo Frio &#8211; Credenciados\"}]},{\"@type\":\"WebSite\",\"@id\":\"https:\/\/ikigaiexperience.com.br\/#website\",\"url\":\"https:\/\/ikigaiexperience.com.br\/\",\"name\":\"Ikigai Experience\",\"description\":\"Reserve seu mergulho de um modo f\u00e1cil, r\u00e1pido e divertido.\",\"publisher\":{\"@id\":\"https:\/\/ikigaiexperience.com.br\/#organization\"},\"potentialAction\":[{\"@type\":\"SearchAction\",\"target\":{\"@type\":\"EntryPoint\",\"urlTemplate\":\"https:\/\/ikigaiexperience.com.br\/?s={search_term_string}\"},\"query-input\":\"required name=search_term_string\"}],\"inLanguage\":\"es\"},{\"@type\":\"Organization\",\"@id\":\"https:\/\/ikigaiexperience.com.br\/#organization\",\"name\":\"Ikigai Experience\",\"url\":\"https:\/\/ikigaiexperience.com.br\/\",\"logo\":{\"@type\":\"ImageObject\",\"inLanguage\":\"es\",\"@id\":\"https:\/\/ikigaiexperience.com.br\/#\/schema\/logo\/image\/\",\"url\":\"https:\/\/ikigaiexperience.com.br\/wp-content\/uploads\/2021\/06\/Ikigai-Experience-Horizontal-Branco.png\",\"contentUrl\":\"https:\/\/ikigaiexperience.com.br\/wp-content\/uploads\/2021\/06\/Ikigai-Experience-Horizontal-Branco.png\",\"width\":924,\"height\":249,\"caption\":\"Ikigai Experience\"},\"image\":{\"@id\":\"https:\/\/ikigaiexperience.com.br\/#\/schema\/logo\/image\/\"},\"sameAs\":[\"https:\/\/www.instagram.com\/theikigaiexperience\/\",\"https:\/\/www.linkedin.com\/company\/ikigai-experience\",\"https:\/\/www.youtube.com\/channel\/UC8qpgAQ3P89h79oP9ymmo7Q\",\"https:\/\/www.facebook.com\/Ikigai-Experience-100452311832822\"]}]}<\/script>\n<!-- \/ Yoast SEO plugin. -->","yoast_head_json":{"title":"Mergulho Cabo Frio - Credenciados - Ikigai Experience","description":"O mergulho Cabo Frio para credenciados proporciona um mergulho certo tanto para os mergulhadores iniciantes quanto aos mais experientes.","robots":{"index":"index","follow":"follow","max-snippet":"max-snippet:-1","max-image-preview":"max-image-preview:large","max-video-preview":"max-video-preview:-1"},"canonical":"https:\/\/ikigaiexperience.com.br\/es\/experiencias\/buceo-cabo-frio\/","og_locale":"es_ES","og_type":"article","og_title":"Mergulho Cabo Frio - Credenciados - Ikigai Experience","og_description":"O mergulho Cabo Frio para credenciados proporciona um mergulho certo tanto para os mergulhadores iniciantes quanto aos mais experientes.","og_url":"https:\/\/ikigaiexperience.com.br\/es\/experiencias\/buceo-cabo-frio\/","og_site_name":"Ikigai Experience","article_publisher":"https:\/\/www.facebook.com\/Ikigai-Experience-100452311832822","article_modified_time":"2024-06-18T20:43:55+00:00","og_image":[{"width":935,"height":622,"url":"https:\/\/ikigaiexperience.com.br\/wp-content\/uploads\/2022\/09\/mergulho-cabo-frio21.jpg","type":"image\/jpeg"}],"twitter_card":"summary_large_image","twitter_misc":{"Tiempo de lectura":"3 minutos"},"schema":{"@context":"https:\/\/schema.org","@graph":[{"@type":"WebPage","@id":"https:\/\/ikigaiexperience.com.br\/experiencias\/mergulho-cabo-frio-credenciados\/","url":"https:\/\/ikigaiexperience.com.br\/experiencias\/mergulho-cabo-frio-batismo\/","name":"Mergulho Cabo Frio - Credenciados - Ikigai Experience","isPartOf":{"@id":"https:\/\/ikigaiexperience.com.br\/#website"},"datePublished":"2021-11-24T12:16:57+00:00","dateModified":"2024-06-18T20:43:55+00:00","description":"O mergulho Cabo Frio para credenciados proporciona um mergulho certo tanto para os mergulhadores iniciantes quanto aos mais experientes.","breadcrumb":{"@id":"https:\/\/ikigaiexperience.com.br\/experiencias\/mergulho-cabo-frio-batismo\/#breadcrumb"},"inLanguage":"es","potentialAction":[{"@type":"ReadAction","target":["https:\/\/ikigaiexperience.com.br\/experiencias\/mergulho-cabo-frio-batismo\/"]}]},{"@type":"BreadcrumbList","@id":"https:\/\/ikigaiexperience.com.br\/experiencias\/mergulho-cabo-frio-batismo\/#breadcrumb","itemListElement":[{"@type":"ListItem","position":1,"name":"In\u00edcio","item":"https:\/\/ikigaiexperience.com.br\/"},{"@type":"ListItem","position":2,"name":"Mergulho","item":"https:\/\/ikigaiexperience.com.br\/experiencia-categoria\/mergulho\/"},{"@type":"ListItem","position":3,"name":"Mergulho Cabo Frio &#8211; Credenciados"}]},{"@type":"WebSite","@id":"https:\/\/ikigaiexperience.com.br\/#website","url":"https:\/\/ikigaiexperience.com.br\/","name":"Ikigai Experience","description":"Reserve seu mergulho de um modo f\u00e1cil, r\u00e1pido e divertido.","publisher":{"@id":"https:\/\/ikigaiexperience.com.br\/#organization"},"potentialAction":[{"@type":"SearchAction","target":{"@type":"EntryPoint","urlTemplate":"https:\/\/ikigaiexperience.com.br\/?s={search_term_string}"},"query-input":"required name=search_term_string"}],"inLanguage":"es"},{"@type":"Organization","@id":"https:\/\/ikigaiexperience.com.br\/#organization","name":"Ikigai Experience","url":"https:\/\/ikigaiexperience.com.br\/","logo":{"@type":"ImageObject","inLanguage":"es","@id":"https:\/\/ikigaiexperience.com.br\/#\/schema\/logo\/image\/","url":"https:\/\/ikigaiexperience.com.br\/wp-content\/uploads\/2021\/06\/Ikigai-Experience-Horizontal-Branco.png","contentUrl":"https:\/\/ikigaiexperience.com.br\/wp-content\/uploads\/2021\/06\/Ikigai-Experience-Horizontal-Branco.png","width":924,"height":249,"caption":"Ikigai Experience"},"image":{"@id":"https:\/\/ikigaiexperience.com.br\/#\/schema\/logo\/image\/"},"sameAs":["https:\/\/www.instagram.com\/theikigaiexperience\/","https:\/\/www.linkedin.com\/company\/ikigai-experience","https:\/\/www.youtube.com\/channel\/UC8qpgAQ3P89h79oP9ymmo7Q","https:\/\/www.facebook.com\/Ikigai-Experience-100452311832822"]}]}},"_links":{"self":[{"href":"https:\/\/ikigaiexperience.com.br\/es\/wp-json\/wp\/v2\/product\/9579"}],"collection":[{"href":"https:\/\/ikigaiexperience.com.br\/es\/wp-json\/wp\/v2\/product"}],"about":[{"href":"https:\/\/ikigaiexperience.com.br\/es\/wp-json\/wp\/v2\/types\/product"}],"version-history":[{"count":2,"href":"https:\/\/ikigaiexperience.com.br\/es\/wp-json\/wp\/v2\/product\/9579\/revisions"}],"predecessor-version":[{"id":23827,"href":"https:\/\/ikigaiexperience.com.br\/es\/wp-json\/wp\/v2\/product\/9579\/revisions\/23827"}],"wp:featuredmedia":[{"embeddable":true,"href":"https:\/\/ikigaiexperience.com.br\/es\/wp-json\/wp\/v2\/media\/20484"}],"wp:attachment":[{"href":"https:\/\/ikigaiexperience.com.br\/es\/wp-json\/wp\/v2\/media?parent=9579"}],"wp:term":[{"taxonomy":"product_cat","embeddable":true,"href":"https:\/\/ikigaiexperience.com.br\/es\/wp-json\/wp\/v2\/product_cat?post=9579"},{"taxonomy":"product_tag","embeddable":true,"href":"https:\/\/ikigaiexperience.com.br\/es\/wp-json\/wp\/v2\/product_tag?post=9579"}],"curies":[{"name":"wp","href":"https:\/\/api.w.org\/{rel}","templated":true}]}}