{"id":9342,"date":"2021-11-17T19:45:55","date_gmt":"2021-11-17T22:45:55","guid":{"rendered":"https:\/\/ikigaiexperience.com.br\/?post_type=product&#038;p=9342"},"modified":"2024-01-10T18:35:31","modified_gmt":"2024-01-10T21:35:31","slug":"mergulho-buzios-praia-joao-fernandes-credenciados","status":"publish","type":"product","link":"https:\/\/ikigaiexperience.com.br\/es\/experiencias\/buceo-buzios-praia-joao-fernandes-acreditado\/","title":{"rendered":"Buceo B\u00fazios \u2013 Playa Jo\u00e3o Fernandinho para Acreditados"},"content":{"rendered":"<h3>Buceo Acreditado B\u00fazios \u2013 Playa Jo\u00e3o Fernandinho<\/h3>\n<p><span style=\"font-weight: 400;\">Lugar<\/span><span style=\"font-weight: 400;\"> fascinante e ideal para aquellos que quieren bucear a su ritmo, relajarse y observar innumerables especies de animales marinos.<\/span><\/p>\n<p><span style=\"font-weight: 400;\">La playa cuenta con una verdadera piscina natural, donde se encuentra uno de los 3 centros de protecci\u00f3n ambiental.<\/span><\/p>\n<p><span style=\"font-weight: 400;\">En el Parque dos Corais, hay una gran variedad de especies marinas, tortugas, estrellas de mar, caballitos de mar, peces mariposa, as\u00ed como una amplia formaci\u00f3n de corales, oreja de elefante, baba de buey y coral cerebro.<\/span><\/p>\n<h3>Qu\u00e9 est\u00e1 incluido<\/h3>\n<p><span style=\"font-weight: 400;\">Se incluye un cilindro de buceo, dando la inmersi\u00f3n de m\u00e1s de 1 hora en el Parque dos Corais, acompa\u00f1ado por un gu\u00eda Dive Master.<\/span><\/p>\n<h3>La Experiencia de Buceo Acreditado de B\u00fazios<\/h3>\n<p><span style=\"font-weight: 400;\">Los Acreditados que salgan de la playa tendr\u00e1n la posibilidad de realizar una inmersi\u00f3n guiada acompa\u00f1ados de un instructor. El punto de zambullida est\u00e1 en Jo\u00e3o Fernandinho.<\/span><\/p>\n<p>La profundidad de buceo es de hasta 9 metros.<\/p>\n<p>Salidas aproximadamente a las 9:00 y 11:00, pueden ser necesarias variaciones debido a las condiciones del mar.<\/p>\n<p>Siendo 30 minutos de inmersi\u00f3n a 9m, pudiendo hacer snorkel en tiempo libre.<\/p>\n<h3>Otras Experiencias en B\u00fazios<\/h3>\n<p><strong><a href=\"https:\/\/ikigaiexperience.com.br\/es\/mergulho\/mergulho-buzios-praia-joao-fernandes\/\">Buceo Buzios \u2013 Playa Jo\u00e3o Fernandes<\/a>:<\/strong> Viaje a la playa para principiantes, no se requiere experiencia previa.<\/p>\n<p><strong><a href=\"https:\/\/ikigaiexperience.com.br\/es\/mergulho\/mergulho-buzios-batismo\/\">Buceo en B\u00fazios \u2013 Embarcado<\/a>:<\/strong> Salida a bordo para principiantes, no se requiere experiencia previa.<\/p>\n<p><strong><a href=\"https:\/\/ikigaiexperience.com.br\/es\/mergulho\/mergulho-buzios-credenciados\/\">Buceo B\u00fazios \u2013 Abordado para Acreditado<\/a>:<\/strong> Salida a bordo para acreditados.<\/p>\n<p>Entonces, \u00bfvamos a sumergirnos en esto con nosotros?<\/p>","protected":false},"excerpt":{"rendered":"<p>La experiencia de buceo en B\u00fazios para acreditados, ofrece la oportunidad de diversi\u00f3n garantizada para buceadores de todos los niveles y cuenta con puntos catalogados como los m\u00e1s bellos e incre\u00edbles de la costa carioca.<\/p>","protected":false},"featured_media":9338,"parent":0,"template":"","meta":[],"product_cat":[29],"product_tag":[],"yoast_head":"<!-- This site is optimized with the Yoast SEO plugin v20.0 - https:\/\/yoast.com\/wordpress\/plugins\/seo\/ -->\n<title>Mergulho B\u00fazios - Praia Jo\u00e3o Fernandinho<\/title>\n<meta name=\"description\" content=\"Mergulhe de cilindro em um dos melhores pontos de RJ - Aprecie toda vida marinha no Mergulho B\u00fazios para Credenciados na praia de Jo\u00e3o F.\" \/>\n<meta name=\"robots\" content=\"index, follow, max-snippet:-1, max-image-preview:large, max-video-preview:-1\" \/>\n<link rel=\"canonical\" href=\"https:\/\/ikigaiexperience.com.br\/es\/experiencias\/buceo-buzios-praia-joao-fernandes\/\" \/>\n<meta property=\"og:locale\" content=\"es_ES\" \/>\n<meta property=\"og:type\" content=\"article\" \/>\n<meta property=\"og:title\" content=\"Mergulho B\u00fazios - Praia Jo\u00e3o Fernandinho\" \/>\n<meta property=\"og:description\" content=\"Mergulhe de cilindro em um dos melhores pontos de RJ - Aprecie toda vida marinha no Mergulho B\u00fazios para Credenciados na praia de Jo\u00e3o F.\" \/>\n<meta property=\"og:url\" content=\"https:\/\/ikigaiexperience.com.br\/es\/experiencias\/buceo-buzios-praia-joao-fernandes\/\" \/>\n<meta property=\"og:site_name\" content=\"Ikigai Experience\" \/>\n<meta property=\"article:publisher\" content=\"https:\/\/www.facebook.com\/Ikigai-Experience-100452311832822\" \/>\n<meta property=\"article:modified_time\" content=\"2024-01-10T21:35:31+00:00\" \/>\n<meta property=\"og:image\" content=\"https:\/\/ikigaiexperience.com.br\/wp-content\/uploads\/2021\/11\/Mergulho-Buzios-06.jpg\" \/>\n\t<meta property=\"og:image:width\" content=\"1080\" \/>\n\t<meta property=\"og:image:height\" content=\"810\" \/>\n\t<meta property=\"og:image:type\" content=\"image\/jpeg\" \/>\n<meta name=\"twitter:card\" content=\"summary_large_image\" \/>\n<meta name=\"twitter:label1\" content=\"Tiempo de lectura\" \/>\n\t<meta name=\"twitter:data1\" content=\"2 minutos\" \/>\n<script type=\"application\/ld+json\" class=\"yoast-schema-graph\">{\"@context\":\"https:\/\/schema.org\",\"@graph\":[{\"@type\":\"WebPage\",\"@id\":\"https:\/\/ikigaiexperience.com.br\/experiencias\/mergulho-buzios-praia-joao-fernandes-credenciados\/\",\"url\":\"https:\/\/ikigaiexperience.com.br\/experiencias\/mergulho-buzios-praia-joao-fernandes\/\",\"name\":\"Mergulho B\u00fazios - Praia Jo\u00e3o Fernandinho\",\"isPartOf\":{\"@id\":\"https:\/\/ikigaiexperience.com.br\/#website\"},\"datePublished\":\"2021-11-17T22:45:55+00:00\",\"dateModified\":\"2024-01-10T21:35:31+00:00\",\"description\":\"Mergulhe de cilindro em um dos melhores pontos de RJ - Aprecie toda vida marinha no Mergulho B\u00fazios para Credenciados na praia de Jo\u00e3o F.\",\"breadcrumb\":{\"@id\":\"https:\/\/ikigaiexperience.com.br\/experiencias\/mergulho-buzios-praia-joao-fernandes\/#breadcrumb\"},\"inLanguage\":\"es\",\"potentialAction\":[{\"@type\":\"ReadAction\",\"target\":[\"https:\/\/ikigaiexperience.com.br\/experiencias\/mergulho-buzios-praia-joao-fernandes\/\"]}]},{\"@type\":\"BreadcrumbList\",\"@id\":\"https:\/\/ikigaiexperience.com.br\/experiencias\/mergulho-buzios-praia-joao-fernandes\/#breadcrumb\",\"itemListElement\":[{\"@type\":\"ListItem\",\"position\":1,\"name\":\"In\u00edcio\",\"item\":\"https:\/\/ikigaiexperience.com.br\/\"},{\"@type\":\"ListItem\",\"position\":2,\"name\":\"Mergulho\",\"item\":\"https:\/\/ikigaiexperience.com.br\/experiencia-categoria\/mergulho\/\"},{\"@type\":\"ListItem\",\"position\":3,\"name\":\"Mergulho B\u00fazios &#8211; Praia Jo\u00e3o Fernandinho para Credenciados\"}]},{\"@type\":\"WebSite\",\"@id\":\"https:\/\/ikigaiexperience.com.br\/#website\",\"url\":\"https:\/\/ikigaiexperience.com.br\/\",\"name\":\"Ikigai Experience\",\"description\":\"Reserve seu mergulho de um modo f\u00e1cil, r\u00e1pido e divertido.\",\"publisher\":{\"@id\":\"https:\/\/ikigaiexperience.com.br\/#organization\"},\"potentialAction\":[{\"@type\":\"SearchAction\",\"target\":{\"@type\":\"EntryPoint\",\"urlTemplate\":\"https:\/\/ikigaiexperience.com.br\/?s={search_term_string}\"},\"query-input\":\"required name=search_term_string\"}],\"inLanguage\":\"es\"},{\"@type\":\"Organization\",\"@id\":\"https:\/\/ikigaiexperience.com.br\/#organization\",\"name\":\"Ikigai Experience\",\"url\":\"https:\/\/ikigaiexperience.com.br\/\",\"logo\":{\"@type\":\"ImageObject\",\"inLanguage\":\"es\",\"@id\":\"https:\/\/ikigaiexperience.com.br\/#\/schema\/logo\/image\/\",\"url\":\"https:\/\/ikigaiexperience.com.br\/wp-content\/uploads\/2021\/06\/Ikigai-Experience-Horizontal-Branco.png\",\"contentUrl\":\"https:\/\/ikigaiexperience.com.br\/wp-content\/uploads\/2021\/06\/Ikigai-Experience-Horizontal-Branco.png\",\"width\":924,\"height\":249,\"caption\":\"Ikigai Experience\"},\"image\":{\"@id\":\"https:\/\/ikigaiexperience.com.br\/#\/schema\/logo\/image\/\"},\"sameAs\":[\"https:\/\/www.instagram.com\/theikigaiexperience\/\",\"https:\/\/www.linkedin.com\/company\/ikigai-experience\",\"https:\/\/www.youtube.com\/channel\/UC8qpgAQ3P89h79oP9ymmo7Q\",\"https:\/\/www.facebook.com\/Ikigai-Experience-100452311832822\"]}]}<\/script>\n<!-- \/ Yoast SEO plugin. -->","yoast_head_json":{"title":"Mergulho B\u00fazios - Praia Jo\u00e3o Fernandinho","description":"Mergulhe de cilindro em um dos melhores pontos de RJ - Aprecie toda vida marinha no Mergulho B\u00fazios para Credenciados na praia de Jo\u00e3o F.","robots":{"index":"index","follow":"follow","max-snippet":"max-snippet:-1","max-image-preview":"max-image-preview:large","max-video-preview":"max-video-preview:-1"},"canonical":"https:\/\/ikigaiexperience.com.br\/es\/experiencias\/buceo-buzios-praia-joao-fernandes\/","og_locale":"es_ES","og_type":"article","og_title":"Mergulho B\u00fazios - Praia Jo\u00e3o Fernandinho","og_description":"Mergulhe de cilindro em um dos melhores pontos de RJ - Aprecie toda vida marinha no Mergulho B\u00fazios para Credenciados na praia de Jo\u00e3o F.","og_url":"https:\/\/ikigaiexperience.com.br\/es\/experiencias\/buceo-buzios-praia-joao-fernandes\/","og_site_name":"Ikigai Experience","article_publisher":"https:\/\/www.facebook.com\/Ikigai-Experience-100452311832822","article_modified_time":"2024-01-10T21:35:31+00:00","og_image":[{"width":1080,"height":810,"url":"https:\/\/ikigaiexperience.com.br\/wp-content\/uploads\/2021\/11\/Mergulho-Buzios-06.jpg","type":"image\/jpeg"}],"twitter_card":"summary_large_image","twitter_misc":{"Tiempo de lectura":"2 minutos"},"schema":{"@context":"https:\/\/schema.org","@graph":[{"@type":"WebPage","@id":"https:\/\/ikigaiexperience.com.br\/experiencias\/mergulho-buzios-praia-joao-fernandes-credenciados\/","url":"https:\/\/ikigaiexperience.com.br\/experiencias\/mergulho-buzios-praia-joao-fernandes\/","name":"Mergulho B\u00fazios - Praia Jo\u00e3o Fernandinho","isPartOf":{"@id":"https:\/\/ikigaiexperience.com.br\/#website"},"datePublished":"2021-11-17T22:45:55+00:00","dateModified":"2024-01-10T21:35:31+00:00","description":"Mergulhe de cilindro em um dos melhores pontos de RJ - Aprecie toda vida marinha no Mergulho B\u00fazios para Credenciados na praia de Jo\u00e3o F.","breadcrumb":{"@id":"https:\/\/ikigaiexperience.com.br\/experiencias\/mergulho-buzios-praia-joao-fernandes\/#breadcrumb"},"inLanguage":"es","potentialAction":[{"@type":"ReadAction","target":["https:\/\/ikigaiexperience.com.br\/experiencias\/mergulho-buzios-praia-joao-fernandes\/"]}]},{"@type":"BreadcrumbList","@id":"https:\/\/ikigaiexperience.com.br\/experiencias\/mergulho-buzios-praia-joao-fernandes\/#breadcrumb","itemListElement":[{"@type":"ListItem","position":1,"name":"In\u00edcio","item":"https:\/\/ikigaiexperience.com.br\/"},{"@type":"ListItem","position":2,"name":"Mergulho","item":"https:\/\/ikigaiexperience.com.br\/experiencia-categoria\/mergulho\/"},{"@type":"ListItem","position":3,"name":"Mergulho B\u00fazios &#8211; Praia Jo\u00e3o Fernandinho para Credenciados"}]},{"@type":"WebSite","@id":"https:\/\/ikigaiexperience.com.br\/#website","url":"https:\/\/ikigaiexperience.com.br\/","name":"Ikigai Experience","description":"Reserve seu mergulho de um modo f\u00e1cil, r\u00e1pido e divertido.","publisher":{"@id":"https:\/\/ikigaiexperience.com.br\/#organization"},"potentialAction":[{"@type":"SearchAction","target":{"@type":"EntryPoint","urlTemplate":"https:\/\/ikigaiexperience.com.br\/?s={search_term_string}"},"query-input":"required name=search_term_string"}],"inLanguage":"es"},{"@type":"Organization","@id":"https:\/\/ikigaiexperience.com.br\/#organization","name":"Ikigai Experience","url":"https:\/\/ikigaiexperience.com.br\/","logo":{"@type":"ImageObject","inLanguage":"es","@id":"https:\/\/ikigaiexperience.com.br\/#\/schema\/logo\/image\/","url":"https:\/\/ikigaiexperience.com.br\/wp-content\/uploads\/2021\/06\/Ikigai-Experience-Horizontal-Branco.png","contentUrl":"https:\/\/ikigaiexperience.com.br\/wp-content\/uploads\/2021\/06\/Ikigai-Experience-Horizontal-Branco.png","width":924,"height":249,"caption":"Ikigai Experience"},"image":{"@id":"https:\/\/ikigaiexperience.com.br\/#\/schema\/logo\/image\/"},"sameAs":["https:\/\/www.instagram.com\/theikigaiexperience\/","https:\/\/www.linkedin.com\/company\/ikigai-experience","https:\/\/www.youtube.com\/channel\/UC8qpgAQ3P89h79oP9ymmo7Q","https:\/\/www.facebook.com\/Ikigai-Experience-100452311832822"]}]}},"_links":{"self":[{"href":"https:\/\/ikigaiexperience.com.br\/es\/wp-json\/wp\/v2\/product\/9342"}],"collection":[{"href":"https:\/\/ikigaiexperience.com.br\/es\/wp-json\/wp\/v2\/product"}],"about":[{"href":"https:\/\/ikigaiexperience.com.br\/es\/wp-json\/wp\/v2\/types\/product"}],"version-history":[{"count":1,"href":"https:\/\/ikigaiexperience.com.br\/es\/wp-json\/wp\/v2\/product\/9342\/revisions"}],"predecessor-version":[{"id":22388,"href":"https:\/\/ikigaiexperience.com.br\/es\/wp-json\/wp\/v2\/product\/9342\/revisions\/22388"}],"wp:featuredmedia":[{"embeddable":true,"href":"https:\/\/ikigaiexperience.com.br\/es\/wp-json\/wp\/v2\/media\/9338"}],"wp:attachment":[{"href":"https:\/\/ikigaiexperience.com.br\/es\/wp-json\/wp\/v2\/media?parent=9342"}],"wp:term":[{"taxonomy":"product_cat","embeddable":true,"href":"https:\/\/ikigaiexperience.com.br\/es\/wp-json\/wp\/v2\/product_cat?post=9342"},{"taxonomy":"product_tag","embeddable":true,"href":"https:\/\/ikigaiexperience.com.br\/es\/wp-json\/wp\/v2\/product_tag?post=9342"}],"curies":[{"name":"wp","href":"https:\/\/api.w.org\/{rel}","templated":true}]}}