{"id":9340,"date":"2021-11-17T19:15:44","date_gmt":"2021-11-17T22:15:44","guid":{"rendered":"https:\/\/ikigaiexperience.com.br\/?post_type=product&#038;p=9340"},"modified":"2024-06-18T17:41:38","modified_gmt":"2024-06-18T20:41:38","slug":"mergulho-buzios-credenciados","status":"publish","type":"product","link":"https:\/\/ikigaiexperience.com.br\/es\/experiencias\/buceo-buzios-acreditado\/","title":{"rendered":"Buceo B\u00fazios \u2013 Abordado para Acreditado"},"content":{"rendered":"<h3>Buceo en las islas de B\u00fazios<\/h3>\n<p>El buceo en B\u00fazios para buceadores acreditados les da la oportunidad de conocer algunos de los lugares m\u00e1s ricos en vida marina de Brasil.<\/p>\n<p>Buzios se encuentra en la regi\u00f3n conocida como la regi\u00f3n de los lagos, conocida a nivel nacional por sus excelentes puntos de buceo, entre los que podemos enumerar:<\/p>\n<ul>\n<li>Ilha da \u00c2ncora: uno de los lugares m\u00e1s famosos y buscados de B\u00fazios, considerado el mejor lugar para bucear en R\u00edo de Janeiro, con una visibilidad que puede alcanzar los 50 m, una rica vida marina y grandes rocas.<\/li>\n<li>Isla Gravat\u00e1s: camino a Ilha da \u00c2ncora, buceo m\u00e1s adecuado para buzos m\u00e1s experimentados.<\/li>\n<li>Ilha Branca: muy popular para el buceo, tiene formaciones rocosas en el fondo del mar, formando un paisaje incre\u00edble, adem\u00e1s de la garant\u00eda casi segura de bucear con las tortugas.<\/li>\n<\/ul>\n<p>Entre otras islas y lugares, tambi\u00e9n podemos mencionar Ilha Feia, Laje dos Alagados, Wakama, The Point, entre otros, que tambi\u00e9n brindan un excelente buceo.<\/p>\n<p>Importante: La definici\u00f3n del destino se realiza el d\u00eda de la experiencia, dadas las condiciones clim\u00e1ticas y la experiencia de los buzos.<\/p>\n<h3>Qu\u00e9 est\u00e1 incluido<\/h3>\n<p><span style=\"font-weight: 400;\">El valor del tour en su totalidad es R$370\/buceador, todo el equipo y dos cilindros de buceo ya incluidos, dando derecho a dos inmersiones en diferentes puntos, acompa\u00f1ado de un gu\u00eda Dive Master.<\/span><\/p>\n<p>Los bocadillos en el barco tambi\u00e9n est\u00e1n incluidos en el paquete.<\/p>\n<p>Si tiene equipo propio, se puede solicitar un descuento de R$30 por pieza, siendo 1. Chaleco; 2. Regulador; 3. Ropa; 4. Aleta y gafas.<\/p>\n<h3>La Experiencia de Buceo Embarcado de B\u00fazios para Acreditados<\/h3>\n<p>El viaje en barco a la isla tiene una duraci\u00f3n de 1h00, llegando all\u00ed se realizar\u00e1 una inmersi\u00f3n de un promedio de 80 minutos bajo el agua junto con un instructor calificado.<\/p>\n<p>La profundidad de la inmersi\u00f3n depende de la experiencia del buceador.<\/p>\n<h3>extras<\/h3>\n<p>El paquete de fotos personalizado se puede comprar por separado para R$250 para hasta 2 personas, con 60 a 80 fotograf\u00edas divididas entre tierra y agua, con edici\u00f3n de fotos por foto.<\/p>\n<p>Si alguien quiere acompa\u00f1arte en el barco, pero no quiere ir a bucear, existe la opci\u00f3n de contratar un tour como acompa\u00f1ante + snorkel por R$125<\/p>","protected":false},"excerpt":{"rendered":"<p>La experiencia de buceo en B\u00fazios para acreditados, ofrece la oportunidad de diversi\u00f3n garantizada para buceadores de todos los niveles y tiene puntos catalogados como los m\u00e1s bellos e incre\u00edbles de Brasil. Alrededor de 1 hora de viaje en bote hasta la isla de destino y 2 inmersiones en dos puntos diferentes, acompa\u00f1ado por un gu\u00eda Dive Master.<\/p>","protected":false},"featured_media":10198,"parent":0,"template":"","meta":[],"product_cat":[29],"product_tag":[],"yoast_head":"<!-- This site is optimized with the Yoast SEO plugin v20.0 - https:\/\/yoast.com\/wordpress\/plugins\/seo\/ -->\n<title>Mergulho B\u00fazios Embarcado para Credenciados<\/title>\n<meta name=\"description\" content=\"Mergulho B\u00fazios Embarcado para credenciados - Venha se aventurar mergulhando de cilindro nas Ilhas pr\u00f3ximas de B\u00fazios.\" \/>\n<meta name=\"robots\" content=\"index, follow, max-snippet:-1, max-image-preview:large, max-video-preview:-1\" \/>\n<link rel=\"canonical\" href=\"https:\/\/ikigaiexperience.com.br\/es\/experiencias\/buceo-buzios\/\" \/>\n<meta property=\"og:locale\" content=\"es_ES\" \/>\n<meta property=\"og:type\" content=\"article\" \/>\n<meta property=\"og:title\" content=\"Mergulho B\u00fazios Embarcado para Credenciados\" \/>\n<meta property=\"og:description\" content=\"Mergulho B\u00fazios Embarcado para credenciados - Venha se aventurar mergulhando de cilindro nas Ilhas pr\u00f3ximas de B\u00fazios.\" \/>\n<meta property=\"og:url\" content=\"https:\/\/ikigaiexperience.com.br\/es\/experiencias\/buceo-buzios\/\" \/>\n<meta property=\"og:site_name\" content=\"Ikigai Experience\" \/>\n<meta property=\"article:publisher\" content=\"https:\/\/www.facebook.com\/Ikigai-Experience-100452311832822\" \/>\n<meta property=\"article:modified_time\" content=\"2024-06-18T20:41:38+00:00\" \/>\n<meta property=\"og:image\" content=\"https:\/\/ikigaiexperience.com.br\/wp-content\/uploads\/2021\/12\/Mergulho-Buzios-11.jpg\" \/>\n\t<meta property=\"og:image:width\" content=\"924\" \/>\n\t<meta property=\"og:image:height\" content=\"615\" \/>\n\t<meta property=\"og:image:type\" content=\"image\/jpeg\" \/>\n<meta name=\"twitter:card\" content=\"summary_large_image\" \/>\n<meta name=\"twitter:label1\" content=\"Tiempo de lectura\" \/>\n\t<meta name=\"twitter:data1\" content=\"2 minutos\" \/>\n<script type=\"application\/ld+json\" class=\"yoast-schema-graph\">{\"@context\":\"https:\/\/schema.org\",\"@graph\":[{\"@type\":\"WebPage\",\"@id\":\"https:\/\/ikigaiexperience.com.br\/experiencias\/mergulho-buzios-credenciados\/\",\"url\":\"https:\/\/ikigaiexperience.com.br\/experiencias\/mergulho-buzios-batismo\/\",\"name\":\"Mergulho B\u00fazios Embarcado para Credenciados\",\"isPartOf\":{\"@id\":\"https:\/\/ikigaiexperience.com.br\/#website\"},\"datePublished\":\"2021-11-17T22:15:44+00:00\",\"dateModified\":\"2024-06-18T20:41:38+00:00\",\"description\":\"Mergulho B\u00fazios Embarcado para credenciados - Venha se aventurar mergulhando de cilindro nas Ilhas pr\u00f3ximas de B\u00fazios.\",\"breadcrumb\":{\"@id\":\"https:\/\/ikigaiexperience.com.br\/experiencias\/mergulho-buzios-batismo\/#breadcrumb\"},\"inLanguage\":\"es\",\"potentialAction\":[{\"@type\":\"ReadAction\",\"target\":[\"https:\/\/ikigaiexperience.com.br\/experiencias\/mergulho-buzios-batismo\/\"]}]},{\"@type\":\"BreadcrumbList\",\"@id\":\"https:\/\/ikigaiexperience.com.br\/experiencias\/mergulho-buzios-batismo\/#breadcrumb\",\"itemListElement\":[{\"@type\":\"ListItem\",\"position\":1,\"name\":\"In\u00edcio\",\"item\":\"https:\/\/ikigaiexperience.com.br\/\"},{\"@type\":\"ListItem\",\"position\":2,\"name\":\"Mergulho\",\"item\":\"https:\/\/ikigaiexperience.com.br\/experiencia-categoria\/mergulho\/\"},{\"@type\":\"ListItem\",\"position\":3,\"name\":\"Mergulho B\u00fazios &#8211; Embarcado para Credenciados\"}]},{\"@type\":\"WebSite\",\"@id\":\"https:\/\/ikigaiexperience.com.br\/#website\",\"url\":\"https:\/\/ikigaiexperience.com.br\/\",\"name\":\"Ikigai Experience\",\"description\":\"Reserve seu mergulho de um modo f\u00e1cil, r\u00e1pido e divertido.\",\"publisher\":{\"@id\":\"https:\/\/ikigaiexperience.com.br\/#organization\"},\"potentialAction\":[{\"@type\":\"SearchAction\",\"target\":{\"@type\":\"EntryPoint\",\"urlTemplate\":\"https:\/\/ikigaiexperience.com.br\/?s={search_term_string}\"},\"query-input\":\"required name=search_term_string\"}],\"inLanguage\":\"es\"},{\"@type\":\"Organization\",\"@id\":\"https:\/\/ikigaiexperience.com.br\/#organization\",\"name\":\"Ikigai Experience\",\"url\":\"https:\/\/ikigaiexperience.com.br\/\",\"logo\":{\"@type\":\"ImageObject\",\"inLanguage\":\"es\",\"@id\":\"https:\/\/ikigaiexperience.com.br\/#\/schema\/logo\/image\/\",\"url\":\"https:\/\/ikigaiexperience.com.br\/wp-content\/uploads\/2021\/06\/Ikigai-Experience-Horizontal-Branco.png\",\"contentUrl\":\"https:\/\/ikigaiexperience.com.br\/wp-content\/uploads\/2021\/06\/Ikigai-Experience-Horizontal-Branco.png\",\"width\":924,\"height\":249,\"caption\":\"Ikigai Experience\"},\"image\":{\"@id\":\"https:\/\/ikigaiexperience.com.br\/#\/schema\/logo\/image\/\"},\"sameAs\":[\"https:\/\/www.instagram.com\/theikigaiexperience\/\",\"https:\/\/www.linkedin.com\/company\/ikigai-experience\",\"https:\/\/www.youtube.com\/channel\/UC8qpgAQ3P89h79oP9ymmo7Q\",\"https:\/\/www.facebook.com\/Ikigai-Experience-100452311832822\"]}]}<\/script>\n<!-- \/ Yoast SEO plugin. -->","yoast_head_json":{"title":"Mergulho B\u00fazios Embarcado para Credenciados","description":"Mergulho B\u00fazios Embarcado para credenciados - Venha se aventurar mergulhando de cilindro nas Ilhas pr\u00f3ximas de B\u00fazios.","robots":{"index":"index","follow":"follow","max-snippet":"max-snippet:-1","max-image-preview":"max-image-preview:large","max-video-preview":"max-video-preview:-1"},"canonical":"https:\/\/ikigaiexperience.com.br\/es\/experiencias\/buceo-buzios\/","og_locale":"es_ES","og_type":"article","og_title":"Mergulho B\u00fazios Embarcado para Credenciados","og_description":"Mergulho B\u00fazios Embarcado para credenciados - Venha se aventurar mergulhando de cilindro nas Ilhas pr\u00f3ximas de B\u00fazios.","og_url":"https:\/\/ikigaiexperience.com.br\/es\/experiencias\/buceo-buzios\/","og_site_name":"Ikigai Experience","article_publisher":"https:\/\/www.facebook.com\/Ikigai-Experience-100452311832822","article_modified_time":"2024-06-18T20:41:38+00:00","og_image":[{"width":924,"height":615,"url":"https:\/\/ikigaiexperience.com.br\/wp-content\/uploads\/2021\/12\/Mergulho-Buzios-11.jpg","type":"image\/jpeg"}],"twitter_card":"summary_large_image","twitter_misc":{"Tiempo de lectura":"2 minutos"},"schema":{"@context":"https:\/\/schema.org","@graph":[{"@type":"WebPage","@id":"https:\/\/ikigaiexperience.com.br\/experiencias\/mergulho-buzios-credenciados\/","url":"https:\/\/ikigaiexperience.com.br\/experiencias\/mergulho-buzios-batismo\/","name":"Mergulho B\u00fazios Embarcado para Credenciados","isPartOf":{"@id":"https:\/\/ikigaiexperience.com.br\/#website"},"datePublished":"2021-11-17T22:15:44+00:00","dateModified":"2024-06-18T20:41:38+00:00","description":"Mergulho B\u00fazios Embarcado para credenciados - Venha se aventurar mergulhando de cilindro nas Ilhas pr\u00f3ximas de B\u00fazios.","breadcrumb":{"@id":"https:\/\/ikigaiexperience.com.br\/experiencias\/mergulho-buzios-batismo\/#breadcrumb"},"inLanguage":"es","potentialAction":[{"@type":"ReadAction","target":["https:\/\/ikigaiexperience.com.br\/experiencias\/mergulho-buzios-batismo\/"]}]},{"@type":"BreadcrumbList","@id":"https:\/\/ikigaiexperience.com.br\/experiencias\/mergulho-buzios-batismo\/#breadcrumb","itemListElement":[{"@type":"ListItem","position":1,"name":"In\u00edcio","item":"https:\/\/ikigaiexperience.com.br\/"},{"@type":"ListItem","position":2,"name":"Mergulho","item":"https:\/\/ikigaiexperience.com.br\/experiencia-categoria\/mergulho\/"},{"@type":"ListItem","position":3,"name":"Mergulho B\u00fazios &#8211; Embarcado para Credenciados"}]},{"@type":"WebSite","@id":"https:\/\/ikigaiexperience.com.br\/#website","url":"https:\/\/ikigaiexperience.com.br\/","name":"Ikigai Experience","description":"Reserve seu mergulho de um modo f\u00e1cil, r\u00e1pido e divertido.","publisher":{"@id":"https:\/\/ikigaiexperience.com.br\/#organization"},"potentialAction":[{"@type":"SearchAction","target":{"@type":"EntryPoint","urlTemplate":"https:\/\/ikigaiexperience.com.br\/?s={search_term_string}"},"query-input":"required name=search_term_string"}],"inLanguage":"es"},{"@type":"Organization","@id":"https:\/\/ikigaiexperience.com.br\/#organization","name":"Ikigai Experience","url":"https:\/\/ikigaiexperience.com.br\/","logo":{"@type":"ImageObject","inLanguage":"es","@id":"https:\/\/ikigaiexperience.com.br\/#\/schema\/logo\/image\/","url":"https:\/\/ikigaiexperience.com.br\/wp-content\/uploads\/2021\/06\/Ikigai-Experience-Horizontal-Branco.png","contentUrl":"https:\/\/ikigaiexperience.com.br\/wp-content\/uploads\/2021\/06\/Ikigai-Experience-Horizontal-Branco.png","width":924,"height":249,"caption":"Ikigai Experience"},"image":{"@id":"https:\/\/ikigaiexperience.com.br\/#\/schema\/logo\/image\/"},"sameAs":["https:\/\/www.instagram.com\/theikigaiexperience\/","https:\/\/www.linkedin.com\/company\/ikigai-experience","https:\/\/www.youtube.com\/channel\/UC8qpgAQ3P89h79oP9ymmo7Q","https:\/\/www.facebook.com\/Ikigai-Experience-100452311832822"]}]}},"_links":{"self":[{"href":"https:\/\/ikigaiexperience.com.br\/es\/wp-json\/wp\/v2\/product\/9340"}],"collection":[{"href":"https:\/\/ikigaiexperience.com.br\/es\/wp-json\/wp\/v2\/product"}],"about":[{"href":"https:\/\/ikigaiexperience.com.br\/es\/wp-json\/wp\/v2\/types\/product"}],"version-history":[{"count":1,"href":"https:\/\/ikigaiexperience.com.br\/es\/wp-json\/wp\/v2\/product\/9340\/revisions"}],"predecessor-version":[{"id":21862,"href":"https:\/\/ikigaiexperience.com.br\/es\/wp-json\/wp\/v2\/product\/9340\/revisions\/21862"}],"wp:featuredmedia":[{"embeddable":true,"href":"https:\/\/ikigaiexperience.com.br\/es\/wp-json\/wp\/v2\/media\/10198"}],"wp:attachment":[{"href":"https:\/\/ikigaiexperience.com.br\/es\/wp-json\/wp\/v2\/media?parent=9340"}],"wp:term":[{"taxonomy":"product_cat","embeddable":true,"href":"https:\/\/ikigaiexperience.com.br\/es\/wp-json\/wp\/v2\/product_cat?post=9340"},{"taxonomy":"product_tag","embeddable":true,"href":"https:\/\/ikigaiexperience.com.br\/es\/wp-json\/wp\/v2\/product_tag?post=9340"}],"curies":[{"name":"wp","href":"https:\/\/api.w.org\/{rel}","templated":true}]}}