{"id":9306,"date":"2021-11-17T14:50:46","date_gmt":"2021-11-17T17:50:46","guid":{"rendered":"https:\/\/ikigaiexperience.com.br\/?post_type=product&#038;p=9306"},"modified":"2024-06-18T17:42:25","modified_gmt":"2024-06-18T20:42:25","slug":"mergulho-buzios-praia-joao-fernandes","status":"publish","type":"product","link":"https:\/\/ikigaiexperience.com.br\/es\/experiencias\/buceo-buzios-praia-joao-fernandes\/","title":{"rendered":"Buceo Buzios \u2013 Playa Jo\u00e3o Fernandinho"},"content":{"rendered":"<h3>Playa Joao Fernandinho<\/h3>\n<p><span style=\"font-weight: 400;\">Bucear en B\u00fazios es ideal para aquellos que quieren bucear tranquilamente a su propio ritmo, relajarse y observar numerosas especies de animales marinos.<\/span><\/p>\n<p><span style=\"font-weight: 400;\">La playa tiene una verdadera piscina natural, que da acceso al Parque dos Corais. All\u00ed encontrar\u00e1s uno de los 3 centros de protecci\u00f3n ambiental donde podr\u00e1s encontrar una fauna y flora que son la envidia de muchos puntos de buceo.<\/span><\/p>\n<p><span style=\"font-weight: 400;\">Se puede observar una gran variedad de especies marinas como tortugas, estrellas de mar, caballitos de mar, peces mariposa, cangrejos, langostas, pepinos de mar y una amplia formaci\u00f3n coralina de oreja de elefante, baba de buey y coral cerebro, coral duro coral blando, an\u00e9monas.<\/span><\/p>\n<p>Para los principiantes del buceo esta es una experiencia segura de diversi\u00f3n y satisfacci\u00f3n con su primera inmersi\u00f3n.<\/p>\n<h3>La Experiencia de Buceo en B\u00fazios en la Playa Jo\u00e3o Fernandinho<\/h3>\n<p><span style=\"font-weight: 400;\">La experiencia comienza con un traslado de informaci\u00f3n y luego una divertida y f\u00e1cil adaptaci\u00f3n en el agua antes de comenzar la actividad, en la que un monitor te llevar\u00e1 por toda la costa izquierda de la playa durante 40 minutos.<\/span><\/p>\n<p>Salidas aproximadamente 09h y 11h. Pueden ser necesarias variaciones debido a las condiciones del mar.<\/p>\n<p>La profundidad de la inmersi\u00f3n es de hasta 7 metros, y puedes hacer snorkel en tu tiempo libre.<\/p>\n<p>La edad m\u00ednima es de 10 a\u00f1os, los menores de edad deben tener autorizaci\u00f3n de sus tutores para realizar la inmersi\u00f3n.<\/p>\n<h3>Otras Experiencias en B\u00fazios<\/h3>\n<p><strong><a href=\"https:\/\/ikigaiexperience.com.br\/es\/experiencias\/buceo-buzios\/\">Buceo en B\u00fazios \u2013 Embarcado<\/a>:<\/strong> Salida a bordo para principiantes, no se requiere experiencia previa.<\/p>\n<p><strong><a href=\"https:\/\/ikigaiexperience.com.br\/es\/experiencias\/buceo-buzios-acreditado\/\">Buceo B\u00fazios \u2013 Abordado para Acreditado<\/a>:<\/strong> Salida a bordo para acreditados.<\/p>\n<p><strong><a href=\"https:\/\/ikigaiexperience.com.br\/es\/experiencias\/buceo-buzios-praia-joao-fernandes-acreditado\/\">Buceo B\u00fazios \u2013 Playa Jo\u00e3o Fernandes para Acreditados<\/a>:<\/strong> Salida desde la playa para acreditados.<\/p>","protected":false},"excerpt":{"rendered":"<p>Considerada la experiencia de buceo ideal en B\u00fazios para quien quiere vivir una experiencia con diversi\u00f3n garantizada. Bucear en B\u00fazios en Praia de Jo\u00e3o Fernandinho ofrece la oportunidad de conocer el hermoso Parque dos Corais, sin necesidad de experiencia previa, ni siquiera saber nadar. Son 1h20 de experiencia, entrenamiento y adaptaci\u00f3n inicial y luego unos 40 minutos de buceo acompa\u00f1ado por un instructor en una profundidad de hasta 6m, vislumbrando la rica vida marina del Parque dos Corais.<\/p>","protected":false},"featured_media":20420,"parent":0,"template":"","meta":[],"product_cat":[29],"product_tag":[],"yoast_head":"<!-- This site is optimized with the Yoast SEO plugin v20.0 - https:\/\/yoast.com\/wordpress\/plugins\/seo\/ -->\n<title>Mergulho B\u00fazios - Praia de Jo\u00e3o Fernandes | Ikigai Experience<\/title>\n<meta name=\"description\" content=\"Venha mergulho de cilindro em B\u00fazios na Praia de Jo\u00e3o Fernandes. Aprecie toda vida marinha de B\u00fazios em um mergulho pr\u00e1tico e acess\u00edvel.\" \/>\n<meta name=\"robots\" content=\"index, follow, max-snippet:-1, max-image-preview:large, max-video-preview:-1\" \/>\n<link rel=\"canonical\" href=\"https:\/\/ikigaiexperience.com.br\/es\/experiencias\/buceo-buzios-praia-joao-fernandes\/\" \/>\n<meta property=\"og:locale\" content=\"es_ES\" \/>\n<meta property=\"og:type\" content=\"article\" \/>\n<meta property=\"og:title\" content=\"Mergulho B\u00fazios - Praia de Jo\u00e3o Fernandes | Ikigai Experience\" \/>\n<meta property=\"og:description\" content=\"Venha mergulho de cilindro em B\u00fazios na Praia de Jo\u00e3o Fernandes. Aprecie toda vida marinha de B\u00fazios em um mergulho pr\u00e1tico e acess\u00edvel.\" \/>\n<meta property=\"og:url\" content=\"https:\/\/ikigaiexperience.com.br\/es\/experiencias\/buceo-buzios-praia-joao-fernandes\/\" \/>\n<meta property=\"og:site_name\" content=\"Ikigai Experience\" \/>\n<meta property=\"article:publisher\" content=\"https:\/\/www.facebook.com\/Ikigai-Experience-100452311832822\" \/>\n<meta property=\"article:modified_time\" content=\"2024-06-18T20:42:25+00:00\" \/>\n<meta property=\"og:image\" content=\"https:\/\/ikigaiexperience.com.br\/wp-content\/uploads\/2022\/09\/curso-mergulho-buzios8.jpg\" \/>\n\t<meta property=\"og:image:width\" content=\"935\" \/>\n\t<meta property=\"og:image:height\" content=\"622\" \/>\n\t<meta property=\"og:image:type\" content=\"image\/jpeg\" \/>\n<meta name=\"twitter:card\" content=\"summary_large_image\" \/>\n<meta name=\"twitter:label1\" content=\"Tiempo de lectura\" \/>\n\t<meta name=\"twitter:data1\" content=\"3 minutos\" \/>\n<script type=\"application\/ld+json\" class=\"yoast-schema-graph\">{\"@context\":\"https:\/\/schema.org\",\"@graph\":[{\"@type\":\"WebPage\",\"@id\":\"https:\/\/ikigaiexperience.com.br\/experiencias\/mergulho-buzios-praia-joao-fernandes\/\",\"url\":\"https:\/\/ikigaiexperience.com.br\/experiencias\/mergulho-buzios-praia-joao-fernandes\/\",\"name\":\"Mergulho B\u00fazios - Praia de Jo\u00e3o Fernandes | Ikigai Experience\",\"isPartOf\":{\"@id\":\"https:\/\/ikigaiexperience.com.br\/#website\"},\"datePublished\":\"2021-11-17T17:50:46+00:00\",\"dateModified\":\"2024-06-18T20:42:25+00:00\",\"description\":\"Venha mergulho de cilindro em B\u00fazios na Praia de Jo\u00e3o Fernandes. Aprecie toda vida marinha de B\u00fazios em um mergulho pr\u00e1tico e acess\u00edvel.\",\"breadcrumb\":{\"@id\":\"https:\/\/ikigaiexperience.com.br\/experiencias\/mergulho-buzios-praia-joao-fernandes\/#breadcrumb\"},\"inLanguage\":\"es\",\"potentialAction\":[{\"@type\":\"ReadAction\",\"target\":[\"https:\/\/ikigaiexperience.com.br\/experiencias\/mergulho-buzios-praia-joao-fernandes\/\"]}]},{\"@type\":\"BreadcrumbList\",\"@id\":\"https:\/\/ikigaiexperience.com.br\/experiencias\/mergulho-buzios-praia-joao-fernandes\/#breadcrumb\",\"itemListElement\":[{\"@type\":\"ListItem\",\"position\":1,\"name\":\"In\u00edcio\",\"item\":\"https:\/\/ikigaiexperience.com.br\/\"},{\"@type\":\"ListItem\",\"position\":2,\"name\":\"Mergulho\",\"item\":\"https:\/\/ikigaiexperience.com.br\/experiencia-categoria\/mergulho\/\"},{\"@type\":\"ListItem\",\"position\":3,\"name\":\"Mergulho B\u00fazios &#8211; Praia Jo\u00e3o Fernandinho\"}]},{\"@type\":\"WebSite\",\"@id\":\"https:\/\/ikigaiexperience.com.br\/#website\",\"url\":\"https:\/\/ikigaiexperience.com.br\/\",\"name\":\"Ikigai Experience\",\"description\":\"Reserve seu mergulho de um modo f\u00e1cil, r\u00e1pido e divertido.\",\"publisher\":{\"@id\":\"https:\/\/ikigaiexperience.com.br\/#organization\"},\"potentialAction\":[{\"@type\":\"SearchAction\",\"target\":{\"@type\":\"EntryPoint\",\"urlTemplate\":\"https:\/\/ikigaiexperience.com.br\/?s={search_term_string}\"},\"query-input\":\"required name=search_term_string\"}],\"inLanguage\":\"es\"},{\"@type\":\"Organization\",\"@id\":\"https:\/\/ikigaiexperience.com.br\/#organization\",\"name\":\"Ikigai Experience\",\"url\":\"https:\/\/ikigaiexperience.com.br\/\",\"logo\":{\"@type\":\"ImageObject\",\"inLanguage\":\"es\",\"@id\":\"https:\/\/ikigaiexperience.com.br\/#\/schema\/logo\/image\/\",\"url\":\"https:\/\/ikigaiexperience.com.br\/wp-content\/uploads\/2021\/06\/Ikigai-Experience-Horizontal-Branco.png\",\"contentUrl\":\"https:\/\/ikigaiexperience.com.br\/wp-content\/uploads\/2021\/06\/Ikigai-Experience-Horizontal-Branco.png\",\"width\":924,\"height\":249,\"caption\":\"Ikigai Experience\"},\"image\":{\"@id\":\"https:\/\/ikigaiexperience.com.br\/#\/schema\/logo\/image\/\"},\"sameAs\":[\"https:\/\/www.instagram.com\/theikigaiexperience\/\",\"https:\/\/www.linkedin.com\/company\/ikigai-experience\",\"https:\/\/www.youtube.com\/channel\/UC8qpgAQ3P89h79oP9ymmo7Q\",\"https:\/\/www.facebook.com\/Ikigai-Experience-100452311832822\"]}]}<\/script>\n<!-- \/ Yoast SEO plugin. -->","yoast_head_json":{"title":"Mergulho B\u00fazios - Praia de Jo\u00e3o Fernandes | Ikigai Experience","description":"Venha mergulho de cilindro em B\u00fazios na Praia de Jo\u00e3o Fernandes. Aprecie toda vida marinha de B\u00fazios em um mergulho pr\u00e1tico e acess\u00edvel.","robots":{"index":"index","follow":"follow","max-snippet":"max-snippet:-1","max-image-preview":"max-image-preview:large","max-video-preview":"max-video-preview:-1"},"canonical":"https:\/\/ikigaiexperience.com.br\/es\/experiencias\/buceo-buzios-praia-joao-fernandes\/","og_locale":"es_ES","og_type":"article","og_title":"Mergulho B\u00fazios - Praia de Jo\u00e3o Fernandes | Ikigai Experience","og_description":"Venha mergulho de cilindro em B\u00fazios na Praia de Jo\u00e3o Fernandes. Aprecie toda vida marinha de B\u00fazios em um mergulho pr\u00e1tico e acess\u00edvel.","og_url":"https:\/\/ikigaiexperience.com.br\/es\/experiencias\/buceo-buzios-praia-joao-fernandes\/","og_site_name":"Ikigai Experience","article_publisher":"https:\/\/www.facebook.com\/Ikigai-Experience-100452311832822","article_modified_time":"2024-06-18T20:42:25+00:00","og_image":[{"width":935,"height":622,"url":"https:\/\/ikigaiexperience.com.br\/wp-content\/uploads\/2022\/09\/curso-mergulho-buzios8.jpg","type":"image\/jpeg"}],"twitter_card":"summary_large_image","twitter_misc":{"Tiempo de lectura":"3 minutos"},"schema":{"@context":"https:\/\/schema.org","@graph":[{"@type":"WebPage","@id":"https:\/\/ikigaiexperience.com.br\/experiencias\/mergulho-buzios-praia-joao-fernandes\/","url":"https:\/\/ikigaiexperience.com.br\/experiencias\/mergulho-buzios-praia-joao-fernandes\/","name":"Mergulho B\u00fazios - Praia de Jo\u00e3o Fernandes | Ikigai Experience","isPartOf":{"@id":"https:\/\/ikigaiexperience.com.br\/#website"},"datePublished":"2021-11-17T17:50:46+00:00","dateModified":"2024-06-18T20:42:25+00:00","description":"Venha mergulho de cilindro em B\u00fazios na Praia de Jo\u00e3o Fernandes. Aprecie toda vida marinha de B\u00fazios em um mergulho pr\u00e1tico e acess\u00edvel.","breadcrumb":{"@id":"https:\/\/ikigaiexperience.com.br\/experiencias\/mergulho-buzios-praia-joao-fernandes\/#breadcrumb"},"inLanguage":"es","potentialAction":[{"@type":"ReadAction","target":["https:\/\/ikigaiexperience.com.br\/experiencias\/mergulho-buzios-praia-joao-fernandes\/"]}]},{"@type":"BreadcrumbList","@id":"https:\/\/ikigaiexperience.com.br\/experiencias\/mergulho-buzios-praia-joao-fernandes\/#breadcrumb","itemListElement":[{"@type":"ListItem","position":1,"name":"In\u00edcio","item":"https:\/\/ikigaiexperience.com.br\/"},{"@type":"ListItem","position":2,"name":"Mergulho","item":"https:\/\/ikigaiexperience.com.br\/experiencia-categoria\/mergulho\/"},{"@type":"ListItem","position":3,"name":"Mergulho B\u00fazios &#8211; Praia Jo\u00e3o Fernandinho"}]},{"@type":"WebSite","@id":"https:\/\/ikigaiexperience.com.br\/#website","url":"https:\/\/ikigaiexperience.com.br\/","name":"Ikigai Experience","description":"Reserve seu mergulho de um modo f\u00e1cil, r\u00e1pido e divertido.","publisher":{"@id":"https:\/\/ikigaiexperience.com.br\/#organization"},"potentialAction":[{"@type":"SearchAction","target":{"@type":"EntryPoint","urlTemplate":"https:\/\/ikigaiexperience.com.br\/?s={search_term_string}"},"query-input":"required name=search_term_string"}],"inLanguage":"es"},{"@type":"Organization","@id":"https:\/\/ikigaiexperience.com.br\/#organization","name":"Ikigai Experience","url":"https:\/\/ikigaiexperience.com.br\/","logo":{"@type":"ImageObject","inLanguage":"es","@id":"https:\/\/ikigaiexperience.com.br\/#\/schema\/logo\/image\/","url":"https:\/\/ikigaiexperience.com.br\/wp-content\/uploads\/2021\/06\/Ikigai-Experience-Horizontal-Branco.png","contentUrl":"https:\/\/ikigaiexperience.com.br\/wp-content\/uploads\/2021\/06\/Ikigai-Experience-Horizontal-Branco.png","width":924,"height":249,"caption":"Ikigai Experience"},"image":{"@id":"https:\/\/ikigaiexperience.com.br\/#\/schema\/logo\/image\/"},"sameAs":["https:\/\/www.instagram.com\/theikigaiexperience\/","https:\/\/www.linkedin.com\/company\/ikigai-experience","https:\/\/www.youtube.com\/channel\/UC8qpgAQ3P89h79oP9ymmo7Q","https:\/\/www.facebook.com\/Ikigai-Experience-100452311832822"]}]}},"_links":{"self":[{"href":"https:\/\/ikigaiexperience.com.br\/es\/wp-json\/wp\/v2\/product\/9306"}],"collection":[{"href":"https:\/\/ikigaiexperience.com.br\/es\/wp-json\/wp\/v2\/product"}],"about":[{"href":"https:\/\/ikigaiexperience.com.br\/es\/wp-json\/wp\/v2\/types\/product"}],"version-history":[{"count":1,"href":"https:\/\/ikigaiexperience.com.br\/es\/wp-json\/wp\/v2\/product\/9306\/revisions"}],"predecessor-version":[{"id":21888,"href":"https:\/\/ikigaiexperience.com.br\/es\/wp-json\/wp\/v2\/product\/9306\/revisions\/21888"}],"wp:featuredmedia":[{"embeddable":true,"href":"https:\/\/ikigaiexperience.com.br\/es\/wp-json\/wp\/v2\/media\/20420"}],"wp:attachment":[{"href":"https:\/\/ikigaiexperience.com.br\/es\/wp-json\/wp\/v2\/media?parent=9306"}],"wp:term":[{"taxonomy":"product_cat","embeddable":true,"href":"https:\/\/ikigaiexperience.com.br\/es\/wp-json\/wp\/v2\/product_cat?post=9306"},{"taxonomy":"product_tag","embeddable":true,"href":"https:\/\/ikigaiexperience.com.br\/es\/wp-json\/wp\/v2\/product_tag?post=9306"}],"curies":[{"name":"wp","href":"https:\/\/api.w.org\/{rel}","templated":true}]}}