{"id":9283,"date":"2021-11-17T11:45:25","date_gmt":"2021-11-17T14:45:25","guid":{"rendered":"https:\/\/ikigaiexperience.com.br\/?post_type=product&#038;p=9283"},"modified":"2024-06-18T17:40:49","modified_gmt":"2024-06-18T20:40:49","slug":"mergulho-buzios-batismo","status":"publish","type":"product","link":"https:\/\/ikigaiexperience.com.br\/es\/experiencias\/buceo-buzios\/","title":{"rendered":"Buceo en B\u00fazios \u2013 Embarcado"},"content":{"rendered":"<h3>Buceo B\u00fazios Embarcado \u2013 Isla Anchor<\/h3>\n<p>El buceo de B\u00fazios en la modalidad de bautismo, da la oportunidad a principiantes y buzos primerizos, de conocer algunos de los puntos m\u00e1s ricos en vida marina de Brasil.<\/p>\n<p>Buzios se encuentra en la regi\u00f3n conocida como la regi\u00f3n de los lagos, conocida a nivel nacional por sus excelentes puntos de buceo, entre los que podemos enumerar:<\/p>\n<ul>\n<li>Ilha da \u00c2ncora: uno de los lugares m\u00e1s famosos y buscados de B\u00fazios, considerado el mejor lugar para bucear en R\u00edo de Janeiro, con una visibilidad que puede alcanzar los 50 m, una rica vida marina y grandes rocas.<\/li>\n<li>Isla Gravat\u00e1s: camino a Ilha da \u00c2ncora, buceo m\u00e1s adecuado para buzos m\u00e1s experimentados.<\/li>\n<li>Ilha Branca: muy popular para el buceo, tiene formaciones rocosas en el fondo del mar, formando un paisaje incre\u00edble, adem\u00e1s de la garant\u00eda casi segura de bucear con las tortugas.<\/li>\n<\/ul>\n<p>Entre otras islas y lugares, tambi\u00e9n podemos mencionar Ilha Feia, Laje dos Alagados, Wakama, The Point, entre otros, que tambi\u00e9n brindan un excelente buceo.<\/p>\n<p>Importante: La definici\u00f3n del destino se realiza el d\u00eda de la experiencia, dadas las condiciones clim\u00e1ticas y la experiencia de los buzos.<\/p>\n<h3>Qu\u00e9 est\u00e1 incluido<\/h3>\n<p>En buceo recibir\u00e1s un breve entrenamiento con todas las instrucciones necesarias para tu comodidad y seguridad durante la inmersi\u00f3n.<\/p>\n<p>No hace falta experiencia previa, ni siquiera hace falta saber nadar.<\/p>\n<p>Se proporcionar\u00e1 toda la ropa y equipo necesarios para la ejecuci\u00f3n del experimento. Adem\u00e1s, un instructor de buceo certificado te acompa\u00f1ar\u00e1 siempre durante la inmersi\u00f3n.<\/p>\n<p>Los bocadillos en el barco tambi\u00e9n est\u00e1n incluidos en el paquete.<\/p>\n<h3>La Experiencia de Buceo en el Embarcado de B\u00fazios<\/h3>\n<p>La reuni\u00f3n tiene lugar en Porto Veleiro. Desde all\u00ed partimos en bote hacia la Isla elegida, el recorrido dura aproximadamente 1h00, llegando all\u00ed se realizar\u00e1 una inmersi\u00f3n de un promedio de 40 minutos bajo el agua junto con un instructor calificado.<\/p>\n<p>La profundidad de buceo es de hasta 8 metros.<\/p>\n<p>La edad m\u00ednima es de 8 a\u00f1os, los menores deben tener autorizaci\u00f3n de sus tutores para realizar la inmersi\u00f3n.<\/p>\n<h3>extras<\/h3>\n<p>Si alguien quiere acompa\u00f1arte en el barco, pero no quiere ir a bucear, tenemos la opci\u00f3n de contratar un tour como acompa\u00f1ante + snorkel por R$125.<\/p>\n<p>Si desea fotos submarinas personalizadas del recorrido, el precio es R$250 para hasta 2 personas. El paquete consta de<span style=\"font-weight: 400;\"> De 60 a 80 fotograf\u00edas repartidas entre tierra y agua, con edici\u00f3n foto a foto. <\/span><span style=\"font-weight: 400;\">Adem\u00e1s de las fotos, se entregar\u00e1 un video de 3 a 4 minutos de los mejores momentos, editado y con m\u00fasica.<\/span><\/p>","protected":false},"excerpt":{"rendered":"<p>El bautismo de buceo a bordo en B\u00fazios, ofrece la oportunidad para aquellos que no tienen ninguna experiencia previa, de bucear en algunos de los puntos de buceo mejor clasificados en Brasil. Disfruta de un paseo en barco de 1 hora hasta la isla de destino y de una experiencia de 40 minutos, buceando con el acompa\u00f1amiento de un instructor hasta una profundidad de 8m. La duraci\u00f3n es de 1 hora de viaje en barco hasta la isla de destino y 2 inmersiones en dos puntos diferentes, acompa\u00f1ado de un gu\u00eda Dive Master.<\/p>","protected":false},"featured_media":9289,"parent":0,"template":"","meta":[],"product_cat":[29],"product_tag":[],"yoast_head":"<!-- This site is optimized with the Yoast SEO plugin v20.0 - https:\/\/yoast.com\/wordpress\/plugins\/seo\/ -->\n<title>Mergulho B\u00fazios - Batismo nas Ilhas da Regi\u00e3o | Ikigai Experience<\/title>\n<meta name=\"description\" content=\"Venha se aventurar fazendo mergulho de cilindro nas ilhas pr\u00f3ximas de B\u00fazios. Conhe\u00e7a fauna marinha do Mergulho B\u00fazios Embarcado.\" \/>\n<meta name=\"robots\" content=\"index, follow, max-snippet:-1, max-image-preview:large, max-video-preview:-1\" \/>\n<link rel=\"canonical\" href=\"https:\/\/ikigaiexperience.com.br\/es\/experiencias\/buceo-buzios\/\" \/>\n<meta property=\"og:locale\" content=\"es_ES\" \/>\n<meta property=\"og:type\" content=\"article\" \/>\n<meta property=\"og:title\" content=\"Mergulho B\u00fazios - Batismo nas Ilhas da Regi\u00e3o | Ikigai Experience\" \/>\n<meta property=\"og:description\" content=\"Venha se aventurar fazendo mergulho de cilindro nas ilhas pr\u00f3ximas de B\u00fazios. Conhe\u00e7a fauna marinha do Mergulho B\u00fazios Embarcado.\" \/>\n<meta property=\"og:url\" content=\"https:\/\/ikigaiexperience.com.br\/es\/experiencias\/buceo-buzios\/\" \/>\n<meta property=\"og:site_name\" content=\"Ikigai Experience\" \/>\n<meta property=\"article:publisher\" content=\"https:\/\/www.facebook.com\/Ikigai-Experience-100452311832822\" \/>\n<meta property=\"article:modified_time\" content=\"2024-06-18T20:40:49+00:00\" \/>\n<meta property=\"og:image\" content=\"https:\/\/ikigaiexperience.com.br\/wp-content\/uploads\/2021\/11\/mergulho-buzios-ancora.jpg\" \/>\n\t<meta property=\"og:image:width\" content=\"924\" \/>\n\t<meta property=\"og:image:height\" content=\"615\" \/>\n\t<meta property=\"og:image:type\" content=\"image\/jpeg\" \/>\n<meta name=\"twitter:card\" content=\"summary_large_image\" \/>\n<meta name=\"twitter:label1\" content=\"Tiempo de lectura\" \/>\n\t<meta name=\"twitter:data1\" content=\"3 minutos\" \/>\n<script type=\"application\/ld+json\" class=\"yoast-schema-graph\">{\"@context\":\"https:\/\/schema.org\",\"@graph\":[{\"@type\":\"WebPage\",\"@id\":\"https:\/\/ikigaiexperience.com.br\/experiencias\/mergulho-buzios-batismo\/\",\"url\":\"https:\/\/ikigaiexperience.com.br\/experiencias\/mergulho-buzios-batismo\/\",\"name\":\"Mergulho B\u00fazios - Batismo nas Ilhas da Regi\u00e3o | Ikigai Experience\",\"isPartOf\":{\"@id\":\"https:\/\/ikigaiexperience.com.br\/#website\"},\"datePublished\":\"2021-11-17T14:45:25+00:00\",\"dateModified\":\"2024-06-18T20:40:49+00:00\",\"description\":\"Venha se aventurar fazendo mergulho de cilindro nas ilhas pr\u00f3ximas de B\u00fazios. Conhe\u00e7a fauna marinha do Mergulho B\u00fazios Embarcado.\",\"breadcrumb\":{\"@id\":\"https:\/\/ikigaiexperience.com.br\/experiencias\/mergulho-buzios-batismo\/#breadcrumb\"},\"inLanguage\":\"es\",\"potentialAction\":[{\"@type\":\"ReadAction\",\"target\":[\"https:\/\/ikigaiexperience.com.br\/experiencias\/mergulho-buzios-batismo\/\"]}]},{\"@type\":\"BreadcrumbList\",\"@id\":\"https:\/\/ikigaiexperience.com.br\/experiencias\/mergulho-buzios-batismo\/#breadcrumb\",\"itemListElement\":[{\"@type\":\"ListItem\",\"position\":1,\"name\":\"In\u00edcio\",\"item\":\"https:\/\/ikigaiexperience.com.br\/\"},{\"@type\":\"ListItem\",\"position\":2,\"name\":\"Mergulho\",\"item\":\"https:\/\/ikigaiexperience.com.br\/experiencia-categoria\/mergulho\/\"},{\"@type\":\"ListItem\",\"position\":3,\"name\":\"Mergulho B\u00fazios &#8211; Embarcado\"}]},{\"@type\":\"WebSite\",\"@id\":\"https:\/\/ikigaiexperience.com.br\/#website\",\"url\":\"https:\/\/ikigaiexperience.com.br\/\",\"name\":\"Ikigai Experience\",\"description\":\"Reserve seu mergulho de um modo f\u00e1cil, r\u00e1pido e divertido.\",\"publisher\":{\"@id\":\"https:\/\/ikigaiexperience.com.br\/#organization\"},\"potentialAction\":[{\"@type\":\"SearchAction\",\"target\":{\"@type\":\"EntryPoint\",\"urlTemplate\":\"https:\/\/ikigaiexperience.com.br\/?s={search_term_string}\"},\"query-input\":\"required name=search_term_string\"}],\"inLanguage\":\"es\"},{\"@type\":\"Organization\",\"@id\":\"https:\/\/ikigaiexperience.com.br\/#organization\",\"name\":\"Ikigai Experience\",\"url\":\"https:\/\/ikigaiexperience.com.br\/\",\"logo\":{\"@type\":\"ImageObject\",\"inLanguage\":\"es\",\"@id\":\"https:\/\/ikigaiexperience.com.br\/#\/schema\/logo\/image\/\",\"url\":\"https:\/\/ikigaiexperience.com.br\/wp-content\/uploads\/2021\/06\/Ikigai-Experience-Horizontal-Branco.png\",\"contentUrl\":\"https:\/\/ikigaiexperience.com.br\/wp-content\/uploads\/2021\/06\/Ikigai-Experience-Horizontal-Branco.png\",\"width\":924,\"height\":249,\"caption\":\"Ikigai Experience\"},\"image\":{\"@id\":\"https:\/\/ikigaiexperience.com.br\/#\/schema\/logo\/image\/\"},\"sameAs\":[\"https:\/\/www.instagram.com\/theikigaiexperience\/\",\"https:\/\/www.linkedin.com\/company\/ikigai-experience\",\"https:\/\/www.youtube.com\/channel\/UC8qpgAQ3P89h79oP9ymmo7Q\",\"https:\/\/www.facebook.com\/Ikigai-Experience-100452311832822\"]}]}<\/script>\n<!-- \/ Yoast SEO plugin. -->","yoast_head_json":{"title":"Mergulho B\u00fazios - Batismo nas Ilhas da Regi\u00e3o | Ikigai Experience","description":"Venha se aventurar fazendo mergulho de cilindro nas ilhas pr\u00f3ximas de B\u00fazios. Conhe\u00e7a fauna marinha do Mergulho B\u00fazios Embarcado.","robots":{"index":"index","follow":"follow","max-snippet":"max-snippet:-1","max-image-preview":"max-image-preview:large","max-video-preview":"max-video-preview:-1"},"canonical":"https:\/\/ikigaiexperience.com.br\/es\/experiencias\/buceo-buzios\/","og_locale":"es_ES","og_type":"article","og_title":"Mergulho B\u00fazios - Batismo nas Ilhas da Regi\u00e3o | Ikigai Experience","og_description":"Venha se aventurar fazendo mergulho de cilindro nas ilhas pr\u00f3ximas de B\u00fazios. Conhe\u00e7a fauna marinha do Mergulho B\u00fazios Embarcado.","og_url":"https:\/\/ikigaiexperience.com.br\/es\/experiencias\/buceo-buzios\/","og_site_name":"Ikigai Experience","article_publisher":"https:\/\/www.facebook.com\/Ikigai-Experience-100452311832822","article_modified_time":"2024-06-18T20:40:49+00:00","og_image":[{"width":924,"height":615,"url":"https:\/\/ikigaiexperience.com.br\/wp-content\/uploads\/2021\/11\/mergulho-buzios-ancora.jpg","type":"image\/jpeg"}],"twitter_card":"summary_large_image","twitter_misc":{"Tiempo de lectura":"3 minutos"},"schema":{"@context":"https:\/\/schema.org","@graph":[{"@type":"WebPage","@id":"https:\/\/ikigaiexperience.com.br\/experiencias\/mergulho-buzios-batismo\/","url":"https:\/\/ikigaiexperience.com.br\/experiencias\/mergulho-buzios-batismo\/","name":"Mergulho B\u00fazios - Batismo nas Ilhas da Regi\u00e3o | Ikigai Experience","isPartOf":{"@id":"https:\/\/ikigaiexperience.com.br\/#website"},"datePublished":"2021-11-17T14:45:25+00:00","dateModified":"2024-06-18T20:40:49+00:00","description":"Venha se aventurar fazendo mergulho de cilindro nas ilhas pr\u00f3ximas de B\u00fazios. Conhe\u00e7a fauna marinha do Mergulho B\u00fazios Embarcado.","breadcrumb":{"@id":"https:\/\/ikigaiexperience.com.br\/experiencias\/mergulho-buzios-batismo\/#breadcrumb"},"inLanguage":"es","potentialAction":[{"@type":"ReadAction","target":["https:\/\/ikigaiexperience.com.br\/experiencias\/mergulho-buzios-batismo\/"]}]},{"@type":"BreadcrumbList","@id":"https:\/\/ikigaiexperience.com.br\/experiencias\/mergulho-buzios-batismo\/#breadcrumb","itemListElement":[{"@type":"ListItem","position":1,"name":"In\u00edcio","item":"https:\/\/ikigaiexperience.com.br\/"},{"@type":"ListItem","position":2,"name":"Mergulho","item":"https:\/\/ikigaiexperience.com.br\/experiencia-categoria\/mergulho\/"},{"@type":"ListItem","position":3,"name":"Mergulho B\u00fazios &#8211; Embarcado"}]},{"@type":"WebSite","@id":"https:\/\/ikigaiexperience.com.br\/#website","url":"https:\/\/ikigaiexperience.com.br\/","name":"Ikigai Experience","description":"Reserve seu mergulho de um modo f\u00e1cil, r\u00e1pido e divertido.","publisher":{"@id":"https:\/\/ikigaiexperience.com.br\/#organization"},"potentialAction":[{"@type":"SearchAction","target":{"@type":"EntryPoint","urlTemplate":"https:\/\/ikigaiexperience.com.br\/?s={search_term_string}"},"query-input":"required name=search_term_string"}],"inLanguage":"es"},{"@type":"Organization","@id":"https:\/\/ikigaiexperience.com.br\/#organization","name":"Ikigai Experience","url":"https:\/\/ikigaiexperience.com.br\/","logo":{"@type":"ImageObject","inLanguage":"es","@id":"https:\/\/ikigaiexperience.com.br\/#\/schema\/logo\/image\/","url":"https:\/\/ikigaiexperience.com.br\/wp-content\/uploads\/2021\/06\/Ikigai-Experience-Horizontal-Branco.png","contentUrl":"https:\/\/ikigaiexperience.com.br\/wp-content\/uploads\/2021\/06\/Ikigai-Experience-Horizontal-Branco.png","width":924,"height":249,"caption":"Ikigai Experience"},"image":{"@id":"https:\/\/ikigaiexperience.com.br\/#\/schema\/logo\/image\/"},"sameAs":["https:\/\/www.instagram.com\/theikigaiexperience\/","https:\/\/www.linkedin.com\/company\/ikigai-experience","https:\/\/www.youtube.com\/channel\/UC8qpgAQ3P89h79oP9ymmo7Q","https:\/\/www.facebook.com\/Ikigai-Experience-100452311832822"]}]}},"_links":{"self":[{"href":"https:\/\/ikigaiexperience.com.br\/es\/wp-json\/wp\/v2\/product\/9283"}],"collection":[{"href":"https:\/\/ikigaiexperience.com.br\/es\/wp-json\/wp\/v2\/product"}],"about":[{"href":"https:\/\/ikigaiexperience.com.br\/es\/wp-json\/wp\/v2\/types\/product"}],"version-history":[{"count":1,"href":"https:\/\/ikigaiexperience.com.br\/es\/wp-json\/wp\/v2\/product\/9283\/revisions"}],"predecessor-version":[{"id":23100,"href":"https:\/\/ikigaiexperience.com.br\/es\/wp-json\/wp\/v2\/product\/9283\/revisions\/23100"}],"wp:featuredmedia":[{"embeddable":true,"href":"https:\/\/ikigaiexperience.com.br\/es\/wp-json\/wp\/v2\/media\/9289"}],"wp:attachment":[{"href":"https:\/\/ikigaiexperience.com.br\/es\/wp-json\/wp\/v2\/media?parent=9283"}],"wp:term":[{"taxonomy":"product_cat","embeddable":true,"href":"https:\/\/ikigaiexperience.com.br\/es\/wp-json\/wp\/v2\/product_cat?post=9283"},{"taxonomy":"product_tag","embeddable":true,"href":"https:\/\/ikigaiexperience.com.br\/es\/wp-json\/wp\/v2\/product_tag?post=9283"}],"curies":[{"name":"wp","href":"https:\/\/api.w.org\/{rel}","templated":true}]}}