{"id":9214,"date":"2021-11-13T17:34:39","date_gmt":"2021-11-13T20:34:39","guid":{"rendered":"https:\/\/ikigaiexperience.com.br\/?post_type=product&#038;p=9214"},"modified":"2024-06-18T17:48:55","modified_gmt":"2024-06-18T20:48:55","slug":"mergulho-ilhabela-ilha-das-cabras-credenciados","status":"publish","type":"product","link":"https:\/\/ikigaiexperience.com.br\/es\/experiencias\/buceo-ilhabela-acreditado\/","title":{"rendered":"Buceo Ilhabela \u2013 Ilha das Cabras para Acreditados"},"content":{"rendered":"<h3>La isla de las cabras<\/h3>\n<p>Buceo Ilhabela Ilha das Cabras para Acreditados es uno de los principales puntos de buceo de Ilhabela, el lugar es famoso por su f\u00e1cil accesibilidad, alta visibilidad bajo el agua y rica vida marina. Se encuentra a 100 metros de la costa, frente a la playa de Pedras Mi\u00fadas.<\/p>\n<h3>La experiencia de buceo<\/h3>\n<p>La reuni\u00f3n tiene lugar en la Avenida Brasil, cerca de la isla, donde se suministrar\u00e1n y equipar\u00e1n todos los equipos.<\/p>\n<p>Se proporcionar\u00e1 un cilindro para uso en buceo, dando la posibilidad de bucear hasta 1 hora y 20 minutos, seg\u00fan el consumo del buzo, guiado por un maestro de buceo.<\/p>\n<p>Durante la inmersi\u00f3n, es posible encontrar una rica vida marina, como rayas, tortugas, caballitos de mar y varias especies de peces, como l\u00e1bridos, rapes, lubinas y corales.<\/p>","protected":false},"excerpt":{"rendered":"<p>\u00a1Hacer el Bautismo de Buceo en el Naufragio Aymor\u00e9 es una de las experiencias m\u00e1s emocionantes posibles para aquellos que quieren hacer su primera inmersi\u00f3n de una manera divertida, segura y sin experiencia previa! 40-50 minutos de buceo en Naufr\u00e1gio Aymor\u00e9, acompa\u00f1ado por un instructor a una profundidad de 6 a 9 m. Experiencia \u00fanica de bucear como principiante en un naufragio.<\/p>","protected":false},"featured_media":9143,"parent":0,"template":"","meta":[],"product_cat":[29],"product_tag":[],"yoast_head":"<!-- This site is optimized with the Yoast SEO plugin v20.0 - https:\/\/yoast.com\/wordpress\/plugins\/seo\/ -->\n<title>Mergulho Ilhabela Ilha das Cabras Credenciados -Ikigai Experience<\/title>\n<meta name=\"description\" content=\"No Mergulho Ilhabela Ilha das Cabras para Credenciados voc\u00ea ir\u00e1 se impressionar com a rota de mergulho e toda diversidade do circuito.\" \/>\n<meta name=\"robots\" content=\"index, follow, max-snippet:-1, max-image-preview:large, max-video-preview:-1\" \/>\n<link rel=\"canonical\" href=\"https:\/\/ikigaiexperience.com.br\/es\/experiencias\/buceo-ilhabela\/\" \/>\n<meta property=\"og:locale\" content=\"es_ES\" \/>\n<meta property=\"og:type\" content=\"article\" \/>\n<meta property=\"og:title\" content=\"Mergulho Ilhabela Ilha das Cabras Credenciados -Ikigai Experience\" \/>\n<meta property=\"og:description\" content=\"No Mergulho Ilhabela Ilha das Cabras para Credenciados voc\u00ea ir\u00e1 se impressionar com a rota de mergulho e toda diversidade do circuito.\" \/>\n<meta property=\"og:url\" content=\"https:\/\/ikigaiexperience.com.br\/es\/experiencias\/buceo-ilhabela\/\" \/>\n<meta property=\"og:site_name\" content=\"Ikigai Experience\" \/>\n<meta property=\"article:publisher\" content=\"https:\/\/www.facebook.com\/Ikigai-Experience-100452311832822\" \/>\n<meta property=\"article:modified_time\" content=\"2024-06-18T20:48:55+00:00\" \/>\n<meta property=\"og:image\" content=\"https:\/\/ikigaiexperience.com.br\/wp-content\/uploads\/2021\/11\/prados-batismo.jpeg\" \/>\n\t<meta property=\"og:image:width\" content=\"883\" \/>\n\t<meta property=\"og:image:height\" content=\"487\" \/>\n\t<meta property=\"og:image:type\" content=\"image\/jpeg\" \/>\n<meta name=\"twitter:card\" content=\"summary_large_image\" \/>\n<meta name=\"twitter:label1\" content=\"Tiempo de lectura\" \/>\n\t<meta name=\"twitter:data1\" content=\"1 minuto\" \/>\n<script type=\"application\/ld+json\" class=\"yoast-schema-graph\">{\"@context\":\"https:\/\/schema.org\",\"@graph\":[{\"@type\":\"WebPage\",\"@id\":\"https:\/\/ikigaiexperience.com.br\/experiencias\/mergulho-ilhabela-ilha-das-cabras-credenciados\/\",\"url\":\"https:\/\/ikigaiexperience.com.br\/experiencias\/mergulho-ilhabela-ilha-das-cabras\/\",\"name\":\"Mergulho Ilhabela Ilha das Cabras Credenciados -Ikigai Experience\",\"isPartOf\":{\"@id\":\"https:\/\/ikigaiexperience.com.br\/#website\"},\"datePublished\":\"2021-11-13T20:34:39+00:00\",\"dateModified\":\"2024-06-18T20:48:55+00:00\",\"description\":\"No Mergulho Ilhabela Ilha das Cabras para Credenciados voc\u00ea ir\u00e1 se impressionar com a rota de mergulho e toda diversidade do circuito.\",\"breadcrumb\":{\"@id\":\"https:\/\/ikigaiexperience.com.br\/experiencias\/mergulho-ilhabela-ilha-das-cabras\/#breadcrumb\"},\"inLanguage\":\"es\",\"potentialAction\":[{\"@type\":\"ReadAction\",\"target\":[\"https:\/\/ikigaiexperience.com.br\/experiencias\/mergulho-ilhabela-ilha-das-cabras\/\"]}]},{\"@type\":\"BreadcrumbList\",\"@id\":\"https:\/\/ikigaiexperience.com.br\/experiencias\/mergulho-ilhabela-ilha-das-cabras\/#breadcrumb\",\"itemListElement\":[{\"@type\":\"ListItem\",\"position\":1,\"name\":\"In\u00edcio\",\"item\":\"https:\/\/ikigaiexperience.com.br\/\"},{\"@type\":\"ListItem\",\"position\":2,\"name\":\"Mergulho\",\"item\":\"https:\/\/ikigaiexperience.com.br\/experiencia-categoria\/mergulho\/\"},{\"@type\":\"ListItem\",\"position\":3,\"name\":\"Mergulho Ilhabela &#8211; Ilha das Cabras para Credenciados\"}]},{\"@type\":\"WebSite\",\"@id\":\"https:\/\/ikigaiexperience.com.br\/#website\",\"url\":\"https:\/\/ikigaiexperience.com.br\/\",\"name\":\"Ikigai Experience\",\"description\":\"Reserve seu mergulho de um modo f\u00e1cil, r\u00e1pido e divertido.\",\"publisher\":{\"@id\":\"https:\/\/ikigaiexperience.com.br\/#organization\"},\"potentialAction\":[{\"@type\":\"SearchAction\",\"target\":{\"@type\":\"EntryPoint\",\"urlTemplate\":\"https:\/\/ikigaiexperience.com.br\/?s={search_term_string}\"},\"query-input\":\"required name=search_term_string\"}],\"inLanguage\":\"es\"},{\"@type\":\"Organization\",\"@id\":\"https:\/\/ikigaiexperience.com.br\/#organization\",\"name\":\"Ikigai Experience\",\"url\":\"https:\/\/ikigaiexperience.com.br\/\",\"logo\":{\"@type\":\"ImageObject\",\"inLanguage\":\"es\",\"@id\":\"https:\/\/ikigaiexperience.com.br\/#\/schema\/logo\/image\/\",\"url\":\"https:\/\/ikigaiexperience.com.br\/wp-content\/uploads\/2021\/06\/Ikigai-Experience-Horizontal-Branco.png\",\"contentUrl\":\"https:\/\/ikigaiexperience.com.br\/wp-content\/uploads\/2021\/06\/Ikigai-Experience-Horizontal-Branco.png\",\"width\":924,\"height\":249,\"caption\":\"Ikigai Experience\"},\"image\":{\"@id\":\"https:\/\/ikigaiexperience.com.br\/#\/schema\/logo\/image\/\"},\"sameAs\":[\"https:\/\/www.instagram.com\/theikigaiexperience\/\",\"https:\/\/www.linkedin.com\/company\/ikigai-experience\",\"https:\/\/www.youtube.com\/channel\/UC8qpgAQ3P89h79oP9ymmo7Q\",\"https:\/\/www.facebook.com\/Ikigai-Experience-100452311832822\"]}]}<\/script>\n<!-- \/ Yoast SEO plugin. -->","yoast_head_json":{"title":"Mergulho Ilhabela Ilha das Cabras Credenciados -Ikigai Experience","description":"No Mergulho Ilhabela Ilha das Cabras para Credenciados voc\u00ea ir\u00e1 se impressionar com a rota de mergulho e toda diversidade do circuito.","robots":{"index":"index","follow":"follow","max-snippet":"max-snippet:-1","max-image-preview":"max-image-preview:large","max-video-preview":"max-video-preview:-1"},"canonical":"https:\/\/ikigaiexperience.com.br\/es\/experiencias\/buceo-ilhabela\/","og_locale":"es_ES","og_type":"article","og_title":"Mergulho Ilhabela Ilha das Cabras Credenciados -Ikigai Experience","og_description":"No Mergulho Ilhabela Ilha das Cabras para Credenciados voc\u00ea ir\u00e1 se impressionar com a rota de mergulho e toda diversidade do circuito.","og_url":"https:\/\/ikigaiexperience.com.br\/es\/experiencias\/buceo-ilhabela\/","og_site_name":"Ikigai Experience","article_publisher":"https:\/\/www.facebook.com\/Ikigai-Experience-100452311832822","article_modified_time":"2024-06-18T20:48:55+00:00","og_image":[{"width":883,"height":487,"url":"https:\/\/ikigaiexperience.com.br\/wp-content\/uploads\/2021\/11\/prados-batismo.jpeg","type":"image\/jpeg"}],"twitter_card":"summary_large_image","twitter_misc":{"Tiempo de lectura":"1 minuto"},"schema":{"@context":"https:\/\/schema.org","@graph":[{"@type":"WebPage","@id":"https:\/\/ikigaiexperience.com.br\/experiencias\/mergulho-ilhabela-ilha-das-cabras-credenciados\/","url":"https:\/\/ikigaiexperience.com.br\/experiencias\/mergulho-ilhabela-ilha-das-cabras\/","name":"Mergulho Ilhabela Ilha das Cabras Credenciados -Ikigai Experience","isPartOf":{"@id":"https:\/\/ikigaiexperience.com.br\/#website"},"datePublished":"2021-11-13T20:34:39+00:00","dateModified":"2024-06-18T20:48:55+00:00","description":"No Mergulho Ilhabela Ilha das Cabras para Credenciados voc\u00ea ir\u00e1 se impressionar com a rota de mergulho e toda diversidade do circuito.","breadcrumb":{"@id":"https:\/\/ikigaiexperience.com.br\/experiencias\/mergulho-ilhabela-ilha-das-cabras\/#breadcrumb"},"inLanguage":"es","potentialAction":[{"@type":"ReadAction","target":["https:\/\/ikigaiexperience.com.br\/experiencias\/mergulho-ilhabela-ilha-das-cabras\/"]}]},{"@type":"BreadcrumbList","@id":"https:\/\/ikigaiexperience.com.br\/experiencias\/mergulho-ilhabela-ilha-das-cabras\/#breadcrumb","itemListElement":[{"@type":"ListItem","position":1,"name":"In\u00edcio","item":"https:\/\/ikigaiexperience.com.br\/"},{"@type":"ListItem","position":2,"name":"Mergulho","item":"https:\/\/ikigaiexperience.com.br\/experiencia-categoria\/mergulho\/"},{"@type":"ListItem","position":3,"name":"Mergulho Ilhabela &#8211; Ilha das Cabras para Credenciados"}]},{"@type":"WebSite","@id":"https:\/\/ikigaiexperience.com.br\/#website","url":"https:\/\/ikigaiexperience.com.br\/","name":"Ikigai Experience","description":"Reserve seu mergulho de um modo f\u00e1cil, r\u00e1pido e divertido.","publisher":{"@id":"https:\/\/ikigaiexperience.com.br\/#organization"},"potentialAction":[{"@type":"SearchAction","target":{"@type":"EntryPoint","urlTemplate":"https:\/\/ikigaiexperience.com.br\/?s={search_term_string}"},"query-input":"required name=search_term_string"}],"inLanguage":"es"},{"@type":"Organization","@id":"https:\/\/ikigaiexperience.com.br\/#organization","name":"Ikigai Experience","url":"https:\/\/ikigaiexperience.com.br\/","logo":{"@type":"ImageObject","inLanguage":"es","@id":"https:\/\/ikigaiexperience.com.br\/#\/schema\/logo\/image\/","url":"https:\/\/ikigaiexperience.com.br\/wp-content\/uploads\/2021\/06\/Ikigai-Experience-Horizontal-Branco.png","contentUrl":"https:\/\/ikigaiexperience.com.br\/wp-content\/uploads\/2021\/06\/Ikigai-Experience-Horizontal-Branco.png","width":924,"height":249,"caption":"Ikigai Experience"},"image":{"@id":"https:\/\/ikigaiexperience.com.br\/#\/schema\/logo\/image\/"},"sameAs":["https:\/\/www.instagram.com\/theikigaiexperience\/","https:\/\/www.linkedin.com\/company\/ikigai-experience","https:\/\/www.youtube.com\/channel\/UC8qpgAQ3P89h79oP9ymmo7Q","https:\/\/www.facebook.com\/Ikigai-Experience-100452311832822"]}]}},"_links":{"self":[{"href":"https:\/\/ikigaiexperience.com.br\/es\/wp-json\/wp\/v2\/product\/9214"}],"collection":[{"href":"https:\/\/ikigaiexperience.com.br\/es\/wp-json\/wp\/v2\/product"}],"about":[{"href":"https:\/\/ikigaiexperience.com.br\/es\/wp-json\/wp\/v2\/types\/product"}],"version-history":[{"count":1,"href":"https:\/\/ikigaiexperience.com.br\/es\/wp-json\/wp\/v2\/product\/9214\/revisions"}],"predecessor-version":[{"id":23103,"href":"https:\/\/ikigaiexperience.com.br\/es\/wp-json\/wp\/v2\/product\/9214\/revisions\/23103"}],"wp:featuredmedia":[{"embeddable":true,"href":"https:\/\/ikigaiexperience.com.br\/es\/wp-json\/wp\/v2\/media\/9143"}],"wp:attachment":[{"href":"https:\/\/ikigaiexperience.com.br\/es\/wp-json\/wp\/v2\/media?parent=9214"}],"wp:term":[{"taxonomy":"product_cat","embeddable":true,"href":"https:\/\/ikigaiexperience.com.br\/es\/wp-json\/wp\/v2\/product_cat?post=9214"},{"taxonomy":"product_tag","embeddable":true,"href":"https:\/\/ikigaiexperience.com.br\/es\/wp-json\/wp\/v2\/product_tag?post=9214"}],"curies":[{"name":"wp","href":"https:\/\/api.w.org\/{rel}","templated":true}]}}