{"id":9157,"date":"2021-11-12T18:43:42","date_gmt":"2021-11-12T21:43:42","guid":{"rendered":"https:\/\/ikigaiexperience.com.br\/?post_type=product&#038;p=9157"},"modified":"2024-06-18T17:48:10","modified_gmt":"2024-06-18T20:48:10","slug":"mergulho-ilhabela-ilha-das-cabras","status":"publish","type":"product","link":"https:\/\/ikigaiexperience.com.br\/es\/experiencias\/buceo-ilhabela\/","title":{"rendered":"Buceo Ilhabela \u2013 Ilha das Cabras"},"content":{"rendered":"<h3>La isla de las cabras<\/h3>\n<p>Tambi\u00e9n conocida como Santuario Marino Ecol\u00f3gico, Ilha das Cabras es considerada uno de los principales lugares de buceo en Ilhabela y uno de los lugares m\u00e1s buscados para bucear en la costa norte de S\u00e3o Paulo.<\/p>\n<p>Se encuentra a 100 metros de la costa, frente a la playa de Pedras Mi\u00fadas. Siendo un punto ideal para los que se inician en el buceo.<\/p>\n<p>El buceo en Ilha das Cabras es famoso por su f\u00e1cil accesibilidad, alta visibilidad bajo el agua y por tener una rica fauna y flora marina, como rayas, tortugas, caballitos de mar y varias especies de peces, como l\u00e1bridos, rapes, lubinas. y corales.<\/p>\n<p>Adem\u00e1s de la fauna y la flora, cuenta con famosos atractivos como la estatua de Neptuno y la bicicleta, que hacen del buceo un circuito de diversi\u00f3n asegurada.<\/p>\n<h3>La experiencia de bucear en Ilhabela en Ilha das Cabras<\/h3>\n<p>El encuentro tiene lugar en la Avenida Brasil, cerca de la isla.<\/p>\n<p>El recorrido tiene una duraci\u00f3n de 1h30, con 30 minutos de explicaci\u00f3n te\u00f3rica, 10 minutos de entrenamiento en superficie y una media de 50 minutos bajo el agua con un instructor titulado.<\/p>\n<p>La profundidad de buceo es de hasta 6 metros.<\/p>\n<p>La edad m\u00ednima es de 8 a\u00f1os, los menores deben tener autorizaci\u00f3n de sus tutores para realizar la inmersi\u00f3n.<\/p>","protected":false},"excerpt":{"rendered":"<p>Bucear en Ilha das Cabras es una experiencia \u00fanica en Ilhabela. \u00a1Siendo perfecto para aquellos que quieren tener su primera aventura submarina, de una manera pr\u00e1ctica, divertida y segura! No es necesaria experiencia previa, ni siquiera saber nadar.<\/p>\n<p>La experiencia incluye 40 minutos de buceo acompa\u00f1ado de un instructor. Despu\u00e9s y antes del buceo, tambi\u00e9n es posible hacer snorkel (buceo de superficie) alrededor de la isla, sin costo adicional.<\/p>","protected":false},"featured_media":9160,"parent":0,"template":"","meta":[],"product_cat":[29],"product_tag":[],"yoast_head":"<!-- This site is optimized with the Yoast SEO plugin v20.0 - https:\/\/yoast.com\/wordpress\/plugins\/seo\/ -->\n<title>Mergulho Ilhabela Ilha das Cabras - Ikigai Experience<\/title>\n<meta name=\"description\" content=\"O mergulho Ilhabela na Ilha das Cabras oferece um circuito de atra\u00e7\u00f5es que entret\u00e9m dos iniciantes at\u00e9 mergulhadores avan\u00e7ados. N\u00e3o perca!\" \/>\n<meta name=\"robots\" content=\"index, follow, max-snippet:-1, max-image-preview:large, max-video-preview:-1\" \/>\n<link rel=\"canonical\" href=\"https:\/\/ikigaiexperience.com.br\/es\/experiencias\/buceo-ilhabela\/\" \/>\n<meta property=\"og:locale\" content=\"es_ES\" \/>\n<meta property=\"og:type\" content=\"article\" \/>\n<meta property=\"og:title\" content=\"Mergulho Ilhabela Ilha das Cabras - Ikigai Experience\" \/>\n<meta property=\"og:description\" content=\"O mergulho Ilhabela na Ilha das Cabras oferece um circuito de atra\u00e7\u00f5es que entret\u00e9m dos iniciantes at\u00e9 mergulhadores avan\u00e7ados. N\u00e3o perca!\" \/>\n<meta property=\"og:url\" content=\"https:\/\/ikigaiexperience.com.br\/es\/experiencias\/buceo-ilhabela\/\" \/>\n<meta property=\"og:site_name\" content=\"Ikigai Experience\" \/>\n<meta property=\"article:publisher\" content=\"https:\/\/www.facebook.com\/Ikigai-Experience-100452311832822\" \/>\n<meta property=\"article:modified_time\" content=\"2024-06-18T20:48:10+00:00\" \/>\n<meta property=\"og:image\" content=\"https:\/\/ikigaiexperience.com.br\/wp-content\/uploads\/2021\/11\/mergulho-ilhabela-batismo.jpg\" \/>\n\t<meta property=\"og:image:width\" content=\"924\" \/>\n\t<meta property=\"og:image:height\" content=\"615\" \/>\n\t<meta property=\"og:image:type\" content=\"image\/jpeg\" \/>\n<meta name=\"twitter:card\" content=\"summary_large_image\" \/>\n<meta name=\"twitter:label1\" content=\"Tiempo de lectura\" \/>\n\t<meta name=\"twitter:data1\" content=\"2 minutos\" \/>\n<script type=\"application\/ld+json\" class=\"yoast-schema-graph\">{\"@context\":\"https:\/\/schema.org\",\"@graph\":[{\"@type\":\"WebPage\",\"@id\":\"https:\/\/ikigaiexperience.com.br\/experiencias\/mergulho-ilhabela-ilha-das-cabras\/\",\"url\":\"https:\/\/ikigaiexperience.com.br\/experiencias\/mergulho-ilhabela-ilha-das-cabras\/\",\"name\":\"Mergulho Ilhabela Ilha das Cabras - Ikigai Experience\",\"isPartOf\":{\"@id\":\"https:\/\/ikigaiexperience.com.br\/#website\"},\"datePublished\":\"2021-11-12T21:43:42+00:00\",\"dateModified\":\"2024-06-18T20:48:10+00:00\",\"description\":\"O mergulho Ilhabela na Ilha das Cabras oferece um circuito de atra\u00e7\u00f5es que entret\u00e9m dos iniciantes at\u00e9 mergulhadores avan\u00e7ados. N\u00e3o perca!\",\"breadcrumb\":{\"@id\":\"https:\/\/ikigaiexperience.com.br\/experiencias\/mergulho-ilhabela-ilha-das-cabras\/#breadcrumb\"},\"inLanguage\":\"es\",\"potentialAction\":[{\"@type\":\"ReadAction\",\"target\":[\"https:\/\/ikigaiexperience.com.br\/experiencias\/mergulho-ilhabela-ilha-das-cabras\/\"]}]},{\"@type\":\"BreadcrumbList\",\"@id\":\"https:\/\/ikigaiexperience.com.br\/experiencias\/mergulho-ilhabela-ilha-das-cabras\/#breadcrumb\",\"itemListElement\":[{\"@type\":\"ListItem\",\"position\":1,\"name\":\"In\u00edcio\",\"item\":\"https:\/\/ikigaiexperience.com.br\/\"},{\"@type\":\"ListItem\",\"position\":2,\"name\":\"Mergulho\",\"item\":\"https:\/\/ikigaiexperience.com.br\/experiencia-categoria\/mergulho\/\"},{\"@type\":\"ListItem\",\"position\":3,\"name\":\"Mergulho Ilhabela &#8211; Ilha das Cabras\"}]},{\"@type\":\"WebSite\",\"@id\":\"https:\/\/ikigaiexperience.com.br\/#website\",\"url\":\"https:\/\/ikigaiexperience.com.br\/\",\"name\":\"Ikigai Experience\",\"description\":\"Reserve seu mergulho de um modo f\u00e1cil, r\u00e1pido e divertido.\",\"publisher\":{\"@id\":\"https:\/\/ikigaiexperience.com.br\/#organization\"},\"potentialAction\":[{\"@type\":\"SearchAction\",\"target\":{\"@type\":\"EntryPoint\",\"urlTemplate\":\"https:\/\/ikigaiexperience.com.br\/?s={search_term_string}\"},\"query-input\":\"required name=search_term_string\"}],\"inLanguage\":\"es\"},{\"@type\":\"Organization\",\"@id\":\"https:\/\/ikigaiexperience.com.br\/#organization\",\"name\":\"Ikigai Experience\",\"url\":\"https:\/\/ikigaiexperience.com.br\/\",\"logo\":{\"@type\":\"ImageObject\",\"inLanguage\":\"es\",\"@id\":\"https:\/\/ikigaiexperience.com.br\/#\/schema\/logo\/image\/\",\"url\":\"https:\/\/ikigaiexperience.com.br\/wp-content\/uploads\/2021\/06\/Ikigai-Experience-Horizontal-Branco.png\",\"contentUrl\":\"https:\/\/ikigaiexperience.com.br\/wp-content\/uploads\/2021\/06\/Ikigai-Experience-Horizontal-Branco.png\",\"width\":924,\"height\":249,\"caption\":\"Ikigai Experience\"},\"image\":{\"@id\":\"https:\/\/ikigaiexperience.com.br\/#\/schema\/logo\/image\/\"},\"sameAs\":[\"https:\/\/www.instagram.com\/theikigaiexperience\/\",\"https:\/\/www.linkedin.com\/company\/ikigai-experience\",\"https:\/\/www.youtube.com\/channel\/UC8qpgAQ3P89h79oP9ymmo7Q\",\"https:\/\/www.facebook.com\/Ikigai-Experience-100452311832822\"]}]}<\/script>\n<!-- \/ Yoast SEO plugin. -->","yoast_head_json":{"title":"Mergulho Ilhabela Ilha das Cabras - Ikigai Experience","description":"O mergulho Ilhabela na Ilha das Cabras oferece um circuito de atra\u00e7\u00f5es que entret\u00e9m dos iniciantes at\u00e9 mergulhadores avan\u00e7ados. N\u00e3o perca!","robots":{"index":"index","follow":"follow","max-snippet":"max-snippet:-1","max-image-preview":"max-image-preview:large","max-video-preview":"max-video-preview:-1"},"canonical":"https:\/\/ikigaiexperience.com.br\/es\/experiencias\/buceo-ilhabela\/","og_locale":"es_ES","og_type":"article","og_title":"Mergulho Ilhabela Ilha das Cabras - Ikigai Experience","og_description":"O mergulho Ilhabela na Ilha das Cabras oferece um circuito de atra\u00e7\u00f5es que entret\u00e9m dos iniciantes at\u00e9 mergulhadores avan\u00e7ados. N\u00e3o perca!","og_url":"https:\/\/ikigaiexperience.com.br\/es\/experiencias\/buceo-ilhabela\/","og_site_name":"Ikigai Experience","article_publisher":"https:\/\/www.facebook.com\/Ikigai-Experience-100452311832822","article_modified_time":"2024-06-18T20:48:10+00:00","og_image":[{"width":924,"height":615,"url":"https:\/\/ikigaiexperience.com.br\/wp-content\/uploads\/2021\/11\/mergulho-ilhabela-batismo.jpg","type":"image\/jpeg"}],"twitter_card":"summary_large_image","twitter_misc":{"Tiempo de lectura":"2 minutos"},"schema":{"@context":"https:\/\/schema.org","@graph":[{"@type":"WebPage","@id":"https:\/\/ikigaiexperience.com.br\/experiencias\/mergulho-ilhabela-ilha-das-cabras\/","url":"https:\/\/ikigaiexperience.com.br\/experiencias\/mergulho-ilhabela-ilha-das-cabras\/","name":"Mergulho Ilhabela Ilha das Cabras - Ikigai Experience","isPartOf":{"@id":"https:\/\/ikigaiexperience.com.br\/#website"},"datePublished":"2021-11-12T21:43:42+00:00","dateModified":"2024-06-18T20:48:10+00:00","description":"O mergulho Ilhabela na Ilha das Cabras oferece um circuito de atra\u00e7\u00f5es que entret\u00e9m dos iniciantes at\u00e9 mergulhadores avan\u00e7ados. N\u00e3o perca!","breadcrumb":{"@id":"https:\/\/ikigaiexperience.com.br\/experiencias\/mergulho-ilhabela-ilha-das-cabras\/#breadcrumb"},"inLanguage":"es","potentialAction":[{"@type":"ReadAction","target":["https:\/\/ikigaiexperience.com.br\/experiencias\/mergulho-ilhabela-ilha-das-cabras\/"]}]},{"@type":"BreadcrumbList","@id":"https:\/\/ikigaiexperience.com.br\/experiencias\/mergulho-ilhabela-ilha-das-cabras\/#breadcrumb","itemListElement":[{"@type":"ListItem","position":1,"name":"In\u00edcio","item":"https:\/\/ikigaiexperience.com.br\/"},{"@type":"ListItem","position":2,"name":"Mergulho","item":"https:\/\/ikigaiexperience.com.br\/experiencia-categoria\/mergulho\/"},{"@type":"ListItem","position":3,"name":"Mergulho Ilhabela &#8211; Ilha das Cabras"}]},{"@type":"WebSite","@id":"https:\/\/ikigaiexperience.com.br\/#website","url":"https:\/\/ikigaiexperience.com.br\/","name":"Ikigai Experience","description":"Reserve seu mergulho de um modo f\u00e1cil, r\u00e1pido e divertido.","publisher":{"@id":"https:\/\/ikigaiexperience.com.br\/#organization"},"potentialAction":[{"@type":"SearchAction","target":{"@type":"EntryPoint","urlTemplate":"https:\/\/ikigaiexperience.com.br\/?s={search_term_string}"},"query-input":"required name=search_term_string"}],"inLanguage":"es"},{"@type":"Organization","@id":"https:\/\/ikigaiexperience.com.br\/#organization","name":"Ikigai Experience","url":"https:\/\/ikigaiexperience.com.br\/","logo":{"@type":"ImageObject","inLanguage":"es","@id":"https:\/\/ikigaiexperience.com.br\/#\/schema\/logo\/image\/","url":"https:\/\/ikigaiexperience.com.br\/wp-content\/uploads\/2021\/06\/Ikigai-Experience-Horizontal-Branco.png","contentUrl":"https:\/\/ikigaiexperience.com.br\/wp-content\/uploads\/2021\/06\/Ikigai-Experience-Horizontal-Branco.png","width":924,"height":249,"caption":"Ikigai Experience"},"image":{"@id":"https:\/\/ikigaiexperience.com.br\/#\/schema\/logo\/image\/"},"sameAs":["https:\/\/www.instagram.com\/theikigaiexperience\/","https:\/\/www.linkedin.com\/company\/ikigai-experience","https:\/\/www.youtube.com\/channel\/UC8qpgAQ3P89h79oP9ymmo7Q","https:\/\/www.facebook.com\/Ikigai-Experience-100452311832822"]}]}},"_links":{"self":[{"href":"https:\/\/ikigaiexperience.com.br\/es\/wp-json\/wp\/v2\/product\/9157"}],"collection":[{"href":"https:\/\/ikigaiexperience.com.br\/es\/wp-json\/wp\/v2\/product"}],"about":[{"href":"https:\/\/ikigaiexperience.com.br\/es\/wp-json\/wp\/v2\/types\/product"}],"version-history":[{"count":1,"href":"https:\/\/ikigaiexperience.com.br\/es\/wp-json\/wp\/v2\/product\/9157\/revisions"}],"predecessor-version":[{"id":21956,"href":"https:\/\/ikigaiexperience.com.br\/es\/wp-json\/wp\/v2\/product\/9157\/revisions\/21956"}],"wp:featuredmedia":[{"embeddable":true,"href":"https:\/\/ikigaiexperience.com.br\/es\/wp-json\/wp\/v2\/media\/9160"}],"wp:attachment":[{"href":"https:\/\/ikigaiexperience.com.br\/es\/wp-json\/wp\/v2\/media?parent=9157"}],"wp:term":[{"taxonomy":"product_cat","embeddable":true,"href":"https:\/\/ikigaiexperience.com.br\/es\/wp-json\/wp\/v2\/product_cat?post=9157"},{"taxonomy":"product_tag","embeddable":true,"href":"https:\/\/ikigaiexperience.com.br\/es\/wp-json\/wp\/v2\/product_tag?post=9157"}],"curies":[{"name":"wp","href":"https:\/\/api.w.org\/{rel}","templated":true}]}}