{"id":22432,"date":"2023-01-16T16:48:50","date_gmt":"2023-01-16T19:48:50","guid":{"rendered":"https:\/\/ikigaiexperience.com.br\/?post_type=product&#038;p=22432"},"modified":"2023-12-19T17:57:41","modified_gmt":"2023-12-19T20:57:41","slug":"mergulho-maragogi-barreira-de-corais","status":"publish","type":"product","link":"https:\/\/ikigaiexperience.com.br\/es\/experiencias\/buceo-maragogi-barrera-de-arrecifes\/","title":{"rendered":"Buceo Maragogi \u2013 Barrera de Coral"},"content":{"rendered":"<h3>Buceo en Maragogi en las Barreras de Coral<\/h3>\n<p><span style=\"font-weight: 400;\">El buceo en Maragogi es ideal para aquellos que quieren nadar tranquilamente a su propio ritmo, en las aguas protegidas por la segunda barrera de coral m\u00e1s grande de Am\u00e9rica Latina.<\/span><\/p>\n<p><span style=\"font-weight: 400;\">Con m\u00e1s de 185 kil\u00f3metros de extensi\u00f3n, yendo desde la costa sur de Pernambuco hasta el norte de Alagoas, las piscinas naturales albergan m\u00e1s de 30 especies de peces y se pueden encontrar m\u00e1s de 10 especies de corales.<\/span><\/p>\n<p><span style=\"font-weight: 400;\">Esta belleza \u00fanica hace de la regi\u00f3n un lugar \u00fanico para el buceo, ya sea para buzos primerizos o buzos m\u00e1s experimentados.\u00a0<\/span><\/p>\n<h3>Que esta incluido en el tour<\/h3>\n<p>En el buceo est\u00e1 incluido el paseo en barco y todo el equipo necesario para su pr\u00e1ctica. Adem\u00e1s de formaci\u00f3n y apoyo del instructor durante toda la experiencia<\/p>\n<p>&nbsp;<\/p>\n<h3>La experiencia de buceo en Maragogi<\/h3>\n<p><span style=\"font-weight: 400;\">La experiencia comienza con <\/span>un breve entrenamiento con todas las instrucciones necesarias para tu comodidad y seguridad durante la inmersi\u00f3n, seguido de una adaptaci\u00f3n ya en el mar.<\/p>\n<p><span style=\"font-weight: 400;\">Despu\u00e9s de los preparativos y la adaptaci\u00f3n inicial, estar\u00e1s listo para bucear a trav\u00e9s de la Barrera de Coral a una profundidad de hasta 10 metros, siempre acompa\u00f1ado por el gu\u00eda instructor.<\/span><\/p>\n<p>Para los principiantes en el buceo es una experiencia segura de diversi\u00f3n y satisfacci\u00f3n con su primera inmersi\u00f3n, y para los expertos certificados es un plato lleno de descubrimientos.<\/p>\n<p>&nbsp;<\/p>","protected":false},"excerpt":{"rendered":"<p>La mejor calidad de buceo en la regi\u00f3n de Maragogi. Bucear en la barrera de coral es la oportunidad perfecta para vivir tu primera experiencia de buceo, sin necesidad de experiencia previa, ni siquiera saber nadar. Unos 15 minutos en barco hasta el sitio de buceo. 15 minutos de adaptaci\u00f3n y entrenamiento y 40 minutos de buceo en piscinas naturales, acompa\u00f1ado de un gu\u00eda instructor a una profundidad de hasta 10 metros.<\/p>","protected":false},"featured_media":22435,"parent":0,"template":"","meta":[],"product_cat":[29],"product_tag":[],"yoast_head":"<!-- This site is optimized with the Yoast SEO plugin v20.0 - https:\/\/yoast.com\/wordpress\/plugins\/seo\/ -->\n<title>Mergulho Maragogi - Barreira de Corais - Ikigai Experience<\/title>\n<meta name=\"description\" content=\"Fa\u00e7a j\u00e1 seu mergulho em Maragogi nas Barreiras de Corais, um dos melhores pontos de mergulho de Maragogi e regi\u00e3o. Reservas online.\" \/>\n<meta name=\"robots\" content=\"index, follow, max-snippet:-1, max-image-preview:large, max-video-preview:-1\" \/>\n<link rel=\"canonical\" href=\"https:\/\/ikigaiexperience.com.br\/es\/experiencias\/buceo-maragogi\/\" \/>\n<meta property=\"og:locale\" content=\"es_ES\" \/>\n<meta property=\"og:type\" content=\"article\" \/>\n<meta property=\"og:title\" content=\"Mergulho Maragogi - Barreira de Corais - Ikigai Experience\" \/>\n<meta property=\"og:description\" content=\"Fa\u00e7a j\u00e1 seu mergulho em Maragogi nas Barreiras de Corais, um dos melhores pontos de mergulho de Maragogi e regi\u00e3o. Reservas online.\" \/>\n<meta property=\"og:url\" content=\"https:\/\/ikigaiexperience.com.br\/es\/experiencias\/buceo-maragogi\/\" \/>\n<meta property=\"og:site_name\" content=\"Ikigai Experience\" \/>\n<meta property=\"article:publisher\" content=\"https:\/\/www.facebook.com\/Ikigai-Experience-100452311832822\" \/>\n<meta property=\"article:modified_time\" content=\"2023-12-19T20:57:41+00:00\" \/>\n<meta property=\"og:image\" content=\"https:\/\/ikigaiexperience.com.br\/wp-content\/uploads\/2023\/01\/mergulho-maragogi-1.jpeg\" \/>\n\t<meta property=\"og:image:width\" content=\"1600\" \/>\n\t<meta property=\"og:image:height\" content=\"1200\" \/>\n\t<meta property=\"og:image:type\" content=\"image\/jpeg\" \/>\n<meta name=\"twitter:card\" content=\"summary_large_image\" \/>\n<meta name=\"twitter:label1\" content=\"Tiempo de lectura\" \/>\n\t<meta name=\"twitter:data1\" content=\"1 minuto\" \/>\n<script type=\"application\/ld+json\" class=\"yoast-schema-graph\">{\"@context\":\"https:\/\/schema.org\",\"@graph\":[{\"@type\":\"WebPage\",\"@id\":\"https:\/\/ikigaiexperience.com.br\/experiencias\/mergulho-maragogi-barreira-de-corais\/\",\"url\":\"https:\/\/ikigaiexperience.com.br\/experiencias\/mergulho-maragogi\/\",\"name\":\"Mergulho Maragogi - Barreira de Corais - Ikigai Experience\",\"isPartOf\":{\"@id\":\"https:\/\/ikigaiexperience.com.br\/#website\"},\"datePublished\":\"2023-01-16T19:48:50+00:00\",\"dateModified\":\"2023-12-19T20:57:41+00:00\",\"description\":\"Fa\u00e7a j\u00e1 seu mergulho em Maragogi nas Barreiras de Corais, um dos melhores pontos de mergulho de Maragogi e regi\u00e3o. Reservas online.\",\"breadcrumb\":{\"@id\":\"https:\/\/ikigaiexperience.com.br\/experiencias\/mergulho-maragogi\/#breadcrumb\"},\"inLanguage\":\"es\",\"potentialAction\":[{\"@type\":\"ReadAction\",\"target\":[\"https:\/\/ikigaiexperience.com.br\/experiencias\/mergulho-maragogi\/\"]}]},{\"@type\":\"BreadcrumbList\",\"@id\":\"https:\/\/ikigaiexperience.com.br\/experiencias\/mergulho-maragogi\/#breadcrumb\",\"itemListElement\":[{\"@type\":\"ListItem\",\"position\":1,\"name\":\"In\u00edcio\",\"item\":\"https:\/\/ikigaiexperience.com.br\/\"},{\"@type\":\"ListItem\",\"position\":2,\"name\":\"Mergulho\",\"item\":\"https:\/\/ikigaiexperience.com.br\/experiencia-categoria\/mergulho\/\"},{\"@type\":\"ListItem\",\"position\":3,\"name\":\"Mergulho Maragogi &#8211; Barreira de Corais\"}]},{\"@type\":\"WebSite\",\"@id\":\"https:\/\/ikigaiexperience.com.br\/#website\",\"url\":\"https:\/\/ikigaiexperience.com.br\/\",\"name\":\"Ikigai Experience\",\"description\":\"Reserve seu mergulho de um modo f\u00e1cil, r\u00e1pido e divertido.\",\"publisher\":{\"@id\":\"https:\/\/ikigaiexperience.com.br\/#organization\"},\"potentialAction\":[{\"@type\":\"SearchAction\",\"target\":{\"@type\":\"EntryPoint\",\"urlTemplate\":\"https:\/\/ikigaiexperience.com.br\/?s={search_term_string}\"},\"query-input\":\"required name=search_term_string\"}],\"inLanguage\":\"es\"},{\"@type\":\"Organization\",\"@id\":\"https:\/\/ikigaiexperience.com.br\/#organization\",\"name\":\"Ikigai Experience\",\"url\":\"https:\/\/ikigaiexperience.com.br\/\",\"logo\":{\"@type\":\"ImageObject\",\"inLanguage\":\"es\",\"@id\":\"https:\/\/ikigaiexperience.com.br\/#\/schema\/logo\/image\/\",\"url\":\"https:\/\/ikigaiexperience.com.br\/wp-content\/uploads\/2021\/06\/Ikigai-Experience-Horizontal-Branco.png\",\"contentUrl\":\"https:\/\/ikigaiexperience.com.br\/wp-content\/uploads\/2021\/06\/Ikigai-Experience-Horizontal-Branco.png\",\"width\":924,\"height\":249,\"caption\":\"Ikigai Experience\"},\"image\":{\"@id\":\"https:\/\/ikigaiexperience.com.br\/#\/schema\/logo\/image\/\"},\"sameAs\":[\"https:\/\/www.instagram.com\/theikigaiexperience\/\",\"https:\/\/www.linkedin.com\/company\/ikigai-experience\",\"https:\/\/www.youtube.com\/channel\/UC8qpgAQ3P89h79oP9ymmo7Q\",\"https:\/\/www.facebook.com\/Ikigai-Experience-100452311832822\"]}]}<\/script>\n<!-- \/ Yoast SEO plugin. -->","yoast_head_json":{"title":"Mergulho Maragogi - Barreira de Corais - Ikigai Experience","description":"Fa\u00e7a j\u00e1 seu mergulho em Maragogi nas Barreiras de Corais, um dos melhores pontos de mergulho de Maragogi e regi\u00e3o. Reservas online.","robots":{"index":"index","follow":"follow","max-snippet":"max-snippet:-1","max-image-preview":"max-image-preview:large","max-video-preview":"max-video-preview:-1"},"canonical":"https:\/\/ikigaiexperience.com.br\/es\/experiencias\/buceo-maragogi\/","og_locale":"es_ES","og_type":"article","og_title":"Mergulho Maragogi - Barreira de Corais - Ikigai Experience","og_description":"Fa\u00e7a j\u00e1 seu mergulho em Maragogi nas Barreiras de Corais, um dos melhores pontos de mergulho de Maragogi e regi\u00e3o. Reservas online.","og_url":"https:\/\/ikigaiexperience.com.br\/es\/experiencias\/buceo-maragogi\/","og_site_name":"Ikigai Experience","article_publisher":"https:\/\/www.facebook.com\/Ikigai-Experience-100452311832822","article_modified_time":"2023-12-19T20:57:41+00:00","og_image":[{"width":1600,"height":1200,"url":"https:\/\/ikigaiexperience.com.br\/wp-content\/uploads\/2023\/01\/mergulho-maragogi-1.jpeg","type":"image\/jpeg"}],"twitter_card":"summary_large_image","twitter_misc":{"Tiempo de lectura":"1 minuto"},"schema":{"@context":"https:\/\/schema.org","@graph":[{"@type":"WebPage","@id":"https:\/\/ikigaiexperience.com.br\/experiencias\/mergulho-maragogi-barreira-de-corais\/","url":"https:\/\/ikigaiexperience.com.br\/experiencias\/mergulho-maragogi\/","name":"Mergulho Maragogi - Barreira de Corais - Ikigai Experience","isPartOf":{"@id":"https:\/\/ikigaiexperience.com.br\/#website"},"datePublished":"2023-01-16T19:48:50+00:00","dateModified":"2023-12-19T20:57:41+00:00","description":"Fa\u00e7a j\u00e1 seu mergulho em Maragogi nas Barreiras de Corais, um dos melhores pontos de mergulho de Maragogi e regi\u00e3o. Reservas online.","breadcrumb":{"@id":"https:\/\/ikigaiexperience.com.br\/experiencias\/mergulho-maragogi\/#breadcrumb"},"inLanguage":"es","potentialAction":[{"@type":"ReadAction","target":["https:\/\/ikigaiexperience.com.br\/experiencias\/mergulho-maragogi\/"]}]},{"@type":"BreadcrumbList","@id":"https:\/\/ikigaiexperience.com.br\/experiencias\/mergulho-maragogi\/#breadcrumb","itemListElement":[{"@type":"ListItem","position":1,"name":"In\u00edcio","item":"https:\/\/ikigaiexperience.com.br\/"},{"@type":"ListItem","position":2,"name":"Mergulho","item":"https:\/\/ikigaiexperience.com.br\/experiencia-categoria\/mergulho\/"},{"@type":"ListItem","position":3,"name":"Mergulho Maragogi &#8211; Barreira de Corais"}]},{"@type":"WebSite","@id":"https:\/\/ikigaiexperience.com.br\/#website","url":"https:\/\/ikigaiexperience.com.br\/","name":"Ikigai Experience","description":"Reserve seu mergulho de um modo f\u00e1cil, r\u00e1pido e divertido.","publisher":{"@id":"https:\/\/ikigaiexperience.com.br\/#organization"},"potentialAction":[{"@type":"SearchAction","target":{"@type":"EntryPoint","urlTemplate":"https:\/\/ikigaiexperience.com.br\/?s={search_term_string}"},"query-input":"required name=search_term_string"}],"inLanguage":"es"},{"@type":"Organization","@id":"https:\/\/ikigaiexperience.com.br\/#organization","name":"Ikigai Experience","url":"https:\/\/ikigaiexperience.com.br\/","logo":{"@type":"ImageObject","inLanguage":"es","@id":"https:\/\/ikigaiexperience.com.br\/#\/schema\/logo\/image\/","url":"https:\/\/ikigaiexperience.com.br\/wp-content\/uploads\/2021\/06\/Ikigai-Experience-Horizontal-Branco.png","contentUrl":"https:\/\/ikigaiexperience.com.br\/wp-content\/uploads\/2021\/06\/Ikigai-Experience-Horizontal-Branco.png","width":924,"height":249,"caption":"Ikigai Experience"},"image":{"@id":"https:\/\/ikigaiexperience.com.br\/#\/schema\/logo\/image\/"},"sameAs":["https:\/\/www.instagram.com\/theikigaiexperience\/","https:\/\/www.linkedin.com\/company\/ikigai-experience","https:\/\/www.youtube.com\/channel\/UC8qpgAQ3P89h79oP9ymmo7Q","https:\/\/www.facebook.com\/Ikigai-Experience-100452311832822"]}]}},"_links":{"self":[{"href":"https:\/\/ikigaiexperience.com.br\/es\/wp-json\/wp\/v2\/product\/22432"}],"collection":[{"href":"https:\/\/ikigaiexperience.com.br\/es\/wp-json\/wp\/v2\/product"}],"about":[{"href":"https:\/\/ikigaiexperience.com.br\/es\/wp-json\/wp\/v2\/types\/product"}],"version-history":[{"count":3,"href":"https:\/\/ikigaiexperience.com.br\/es\/wp-json\/wp\/v2\/product\/22432\/revisions"}],"predecessor-version":[{"id":22447,"href":"https:\/\/ikigaiexperience.com.br\/es\/wp-json\/wp\/v2\/product\/22432\/revisions\/22447"}],"wp:featuredmedia":[{"embeddable":true,"href":"https:\/\/ikigaiexperience.com.br\/es\/wp-json\/wp\/v2\/media\/22435"}],"wp:attachment":[{"href":"https:\/\/ikigaiexperience.com.br\/es\/wp-json\/wp\/v2\/media?parent=22432"}],"wp:term":[{"taxonomy":"product_cat","embeddable":true,"href":"https:\/\/ikigaiexperience.com.br\/es\/wp-json\/wp\/v2\/product_cat?post=22432"},{"taxonomy":"product_tag","embeddable":true,"href":"https:\/\/ikigaiexperience.com.br\/es\/wp-json\/wp\/v2\/product_tag?post=22432"}],"curies":[{"name":"wp","href":"https:\/\/api.w.org\/{rel}","templated":true}]}}