{"id":20394,"date":"2022-09-20T15:20:11","date_gmt":"2022-09-20T18:20:11","guid":{"rendered":"https:\/\/ikigaiexperience.com.br\/?post_type=product&#038;p=20394"},"modified":"2022-11-02T23:45:49","modified_gmt":"2022-11-03T02:45:49","slug":"piscinas-naturais-maragogi-passeio-com-snorkel","status":"publish","type":"product","link":"https:\/\/ikigaiexperience.com.br\/es\/experiencias\/piscinas-naturales-maragogi-snorkel\/","title":{"rendered":"Piscinas Naturales de Maragogi \u2013 Tour de Snorkel"},"content":{"rendered":"<h3>Snorkel en las piscinas naturales de Maragogi<\/h3>\n<p><span style=\"font-weight: 400;\">Las piscinas naturales de Maragogi son el lugar perfecto para aquellos que quieren tener una experiencia tranquila a su propio ritmo, en las aguas protegidas por la segunda barrera de coral m\u00e1s grande de Am\u00e9rica Latina.<\/span><\/p>\n<p><span style=\"font-weight: 400;\">Con m\u00e1s de 185 kil\u00f3metros de extensi\u00f3n, yendo desde la costa sur de Pernambuco hasta el norte de Alagoas, las piscinas naturales albergan m\u00e1s de 30 especies de peces y se pueden encontrar m\u00e1s de 10 especies de corales.<\/span><\/p>\n<p><span style=\"font-weight: 400;\">Esta belleza \u00fanica hace de la regi\u00f3n un lugar \u00fanico para el buceo, ya sea para buzos primerizos o buzos m\u00e1s experimentados.\u00a0<\/span><\/p>","protected":false},"excerpt":{"rendered":"<p>La mejor calidad de snorkel en las piscinas naturales de Maragogi. Bucear en el banco de coral es la oportunidad perfecta para vivir tu primera experiencia de buceo, sin necesidad de experiencia previa, ni siquiera saber nadar. Unos 15 minutos en barco hasta el sitio de buceo.<\/p>","protected":false},"featured_media":20386,"parent":0,"template":"","meta":[],"product_cat":[29],"product_tag":[],"yoast_head":"<!-- This site is optimized with the Yoast SEO plugin v20.0 - https:\/\/yoast.com\/wordpress\/plugins\/seo\/ -->\n<title>Piscinas Naturais Maragogi - Passeio com Snorkel - Ikigai Experience<\/title>\n<meta name=\"description\" content=\"Venha aproveitar seu passeio nas piscinas naturais de Maragogi.\" \/>\n<meta name=\"robots\" content=\"index, follow, max-snippet:-1, max-image-preview:large, max-video-preview:-1\" \/>\n<link rel=\"canonical\" href=\"https:\/\/ikigaiexperience.com.br\/es\/experiencias\/piscinas-naturales-maragogi-snorkel\/\" \/>\n<meta property=\"og:locale\" content=\"es_ES\" \/>\n<meta property=\"og:type\" content=\"article\" \/>\n<meta property=\"og:title\" content=\"Piscinas Naturais Maragogi - Passeio com Snorkel - Ikigai Experience\" \/>\n<meta property=\"og:description\" content=\"Venha aproveitar seu passeio nas piscinas naturais de Maragogi.\" \/>\n<meta property=\"og:url\" content=\"https:\/\/ikigaiexperience.com.br\/es\/experiencias\/piscinas-naturales-maragogi-snorkel\/\" \/>\n<meta property=\"og:site_name\" content=\"Ikigai Experience\" \/>\n<meta property=\"article:publisher\" content=\"https:\/\/www.facebook.com\/Ikigai-Experience-100452311832822\" \/>\n<meta property=\"article:modified_time\" content=\"2022-11-03T02:45:49+00:00\" \/>\n<meta property=\"og:image\" content=\"https:\/\/ikigaiexperience.com.br\/wp-content\/uploads\/2022\/09\/piscinas-naturais-maragogi3.jpg\" \/>\n\t<meta property=\"og:image:width\" content=\"935\" \/>\n\t<meta property=\"og:image:height\" content=\"622\" \/>\n\t<meta property=\"og:image:type\" content=\"image\/jpeg\" \/>\n<meta name=\"twitter:card\" content=\"summary_large_image\" \/>\n<meta name=\"twitter:label1\" content=\"Tiempo de lectura\" \/>\n\t<meta name=\"twitter:data1\" content=\"1 minuto\" \/>\n<script type=\"application\/ld+json\" class=\"yoast-schema-graph\">{\"@context\":\"https:\/\/schema.org\",\"@graph\":[{\"@type\":\"WebPage\",\"@id\":\"https:\/\/ikigaiexperience.com.br\/experiencias\/piscinas-naturais-maragogi-passeio-com-snorkel\/\",\"url\":\"https:\/\/ikigaiexperience.com.br\/experiencias\/piscinas-naturais-maragogi-passeio-com-snorkel\/\",\"name\":\"Piscinas Naturais Maragogi - Passeio com Snorkel - Ikigai Experience\",\"isPartOf\":{\"@id\":\"https:\/\/ikigaiexperience.com.br\/#website\"},\"datePublished\":\"2022-09-20T18:20:11+00:00\",\"dateModified\":\"2022-11-03T02:45:49+00:00\",\"description\":\"Venha aproveitar seu passeio nas piscinas naturais de Maragogi.\",\"breadcrumb\":{\"@id\":\"https:\/\/ikigaiexperience.com.br\/experiencias\/piscinas-naturais-maragogi-passeio-com-snorkel\/#breadcrumb\"},\"inLanguage\":\"es\",\"potentialAction\":[{\"@type\":\"ReadAction\",\"target\":[\"https:\/\/ikigaiexperience.com.br\/experiencias\/piscinas-naturais-maragogi-passeio-com-snorkel\/\"]}]},{\"@type\":\"BreadcrumbList\",\"@id\":\"https:\/\/ikigaiexperience.com.br\/experiencias\/piscinas-naturais-maragogi-passeio-com-snorkel\/#breadcrumb\",\"itemListElement\":[{\"@type\":\"ListItem\",\"position\":1,\"name\":\"In\u00edcio\",\"item\":\"https:\/\/ikigaiexperience.com.br\/\"},{\"@type\":\"ListItem\",\"position\":2,\"name\":\"Mergulho\",\"item\":\"https:\/\/ikigaiexperience.com.br\/experiencia-categoria\/mergulho\/\"},{\"@type\":\"ListItem\",\"position\":3,\"name\":\"Piscinas Naturais Maragogi &#8211; Passeio com Snorkel\"}]},{\"@type\":\"WebSite\",\"@id\":\"https:\/\/ikigaiexperience.com.br\/#website\",\"url\":\"https:\/\/ikigaiexperience.com.br\/\",\"name\":\"Ikigai Experience\",\"description\":\"Reserve seu mergulho de um modo f\u00e1cil, r\u00e1pido e divertido.\",\"publisher\":{\"@id\":\"https:\/\/ikigaiexperience.com.br\/#organization\"},\"potentialAction\":[{\"@type\":\"SearchAction\",\"target\":{\"@type\":\"EntryPoint\",\"urlTemplate\":\"https:\/\/ikigaiexperience.com.br\/?s={search_term_string}\"},\"query-input\":\"required name=search_term_string\"}],\"inLanguage\":\"es\"},{\"@type\":\"Organization\",\"@id\":\"https:\/\/ikigaiexperience.com.br\/#organization\",\"name\":\"Ikigai Experience\",\"url\":\"https:\/\/ikigaiexperience.com.br\/\",\"logo\":{\"@type\":\"ImageObject\",\"inLanguage\":\"es\",\"@id\":\"https:\/\/ikigaiexperience.com.br\/#\/schema\/logo\/image\/\",\"url\":\"https:\/\/ikigaiexperience.com.br\/wp-content\/uploads\/2021\/06\/Ikigai-Experience-Horizontal-Branco.png\",\"contentUrl\":\"https:\/\/ikigaiexperience.com.br\/wp-content\/uploads\/2021\/06\/Ikigai-Experience-Horizontal-Branco.png\",\"width\":924,\"height\":249,\"caption\":\"Ikigai Experience\"},\"image\":{\"@id\":\"https:\/\/ikigaiexperience.com.br\/#\/schema\/logo\/image\/\"},\"sameAs\":[\"https:\/\/www.instagram.com\/theikigaiexperience\/\",\"https:\/\/www.linkedin.com\/company\/ikigai-experience\",\"https:\/\/www.youtube.com\/channel\/UC8qpgAQ3P89h79oP9ymmo7Q\",\"https:\/\/www.facebook.com\/Ikigai-Experience-100452311832822\"]}]}<\/script>\n<!-- \/ Yoast SEO plugin. -->","yoast_head_json":{"title":"Piscinas Naturais Maragogi - Passeio com Snorkel - Ikigai Experience","description":"Venha aproveitar seu passeio nas piscinas naturais de Maragogi.","robots":{"index":"index","follow":"follow","max-snippet":"max-snippet:-1","max-image-preview":"max-image-preview:large","max-video-preview":"max-video-preview:-1"},"canonical":"https:\/\/ikigaiexperience.com.br\/es\/experiencias\/piscinas-naturales-maragogi-snorkel\/","og_locale":"es_ES","og_type":"article","og_title":"Piscinas Naturais Maragogi - Passeio com Snorkel - Ikigai Experience","og_description":"Venha aproveitar seu passeio nas piscinas naturais de Maragogi.","og_url":"https:\/\/ikigaiexperience.com.br\/es\/experiencias\/piscinas-naturales-maragogi-snorkel\/","og_site_name":"Ikigai Experience","article_publisher":"https:\/\/www.facebook.com\/Ikigai-Experience-100452311832822","article_modified_time":"2022-11-03T02:45:49+00:00","og_image":[{"width":935,"height":622,"url":"https:\/\/ikigaiexperience.com.br\/wp-content\/uploads\/2022\/09\/piscinas-naturais-maragogi3.jpg","type":"image\/jpeg"}],"twitter_card":"summary_large_image","twitter_misc":{"Tiempo de lectura":"1 minuto"},"schema":{"@context":"https:\/\/schema.org","@graph":[{"@type":"WebPage","@id":"https:\/\/ikigaiexperience.com.br\/experiencias\/piscinas-naturais-maragogi-passeio-com-snorkel\/","url":"https:\/\/ikigaiexperience.com.br\/experiencias\/piscinas-naturais-maragogi-passeio-com-snorkel\/","name":"Piscinas Naturais Maragogi - Passeio com Snorkel - Ikigai Experience","isPartOf":{"@id":"https:\/\/ikigaiexperience.com.br\/#website"},"datePublished":"2022-09-20T18:20:11+00:00","dateModified":"2022-11-03T02:45:49+00:00","description":"Venha aproveitar seu passeio nas piscinas naturais de Maragogi.","breadcrumb":{"@id":"https:\/\/ikigaiexperience.com.br\/experiencias\/piscinas-naturais-maragogi-passeio-com-snorkel\/#breadcrumb"},"inLanguage":"es","potentialAction":[{"@type":"ReadAction","target":["https:\/\/ikigaiexperience.com.br\/experiencias\/piscinas-naturais-maragogi-passeio-com-snorkel\/"]}]},{"@type":"BreadcrumbList","@id":"https:\/\/ikigaiexperience.com.br\/experiencias\/piscinas-naturais-maragogi-passeio-com-snorkel\/#breadcrumb","itemListElement":[{"@type":"ListItem","position":1,"name":"In\u00edcio","item":"https:\/\/ikigaiexperience.com.br\/"},{"@type":"ListItem","position":2,"name":"Mergulho","item":"https:\/\/ikigaiexperience.com.br\/experiencia-categoria\/mergulho\/"},{"@type":"ListItem","position":3,"name":"Piscinas Naturais Maragogi &#8211; Passeio com Snorkel"}]},{"@type":"WebSite","@id":"https:\/\/ikigaiexperience.com.br\/#website","url":"https:\/\/ikigaiexperience.com.br\/","name":"Ikigai Experience","description":"Reserve seu mergulho de um modo f\u00e1cil, r\u00e1pido e divertido.","publisher":{"@id":"https:\/\/ikigaiexperience.com.br\/#organization"},"potentialAction":[{"@type":"SearchAction","target":{"@type":"EntryPoint","urlTemplate":"https:\/\/ikigaiexperience.com.br\/?s={search_term_string}"},"query-input":"required name=search_term_string"}],"inLanguage":"es"},{"@type":"Organization","@id":"https:\/\/ikigaiexperience.com.br\/#organization","name":"Ikigai Experience","url":"https:\/\/ikigaiexperience.com.br\/","logo":{"@type":"ImageObject","inLanguage":"es","@id":"https:\/\/ikigaiexperience.com.br\/#\/schema\/logo\/image\/","url":"https:\/\/ikigaiexperience.com.br\/wp-content\/uploads\/2021\/06\/Ikigai-Experience-Horizontal-Branco.png","contentUrl":"https:\/\/ikigaiexperience.com.br\/wp-content\/uploads\/2021\/06\/Ikigai-Experience-Horizontal-Branco.png","width":924,"height":249,"caption":"Ikigai Experience"},"image":{"@id":"https:\/\/ikigaiexperience.com.br\/#\/schema\/logo\/image\/"},"sameAs":["https:\/\/www.instagram.com\/theikigaiexperience\/","https:\/\/www.linkedin.com\/company\/ikigai-experience","https:\/\/www.youtube.com\/channel\/UC8qpgAQ3P89h79oP9ymmo7Q","https:\/\/www.facebook.com\/Ikigai-Experience-100452311832822"]}]}},"_links":{"self":[{"href":"https:\/\/ikigaiexperience.com.br\/es\/wp-json\/wp\/v2\/product\/20394"}],"collection":[{"href":"https:\/\/ikigaiexperience.com.br\/es\/wp-json\/wp\/v2\/product"}],"about":[{"href":"https:\/\/ikigaiexperience.com.br\/es\/wp-json\/wp\/v2\/types\/product"}],"version-history":[{"count":0,"href":"https:\/\/ikigaiexperience.com.br\/es\/wp-json\/wp\/v2\/product\/20394\/revisions"}],"wp:featuredmedia":[{"embeddable":true,"href":"https:\/\/ikigaiexperience.com.br\/es\/wp-json\/wp\/v2\/media\/20386"}],"wp:attachment":[{"href":"https:\/\/ikigaiexperience.com.br\/es\/wp-json\/wp\/v2\/media?parent=20394"}],"wp:term":[{"taxonomy":"product_cat","embeddable":true,"href":"https:\/\/ikigaiexperience.com.br\/es\/wp-json\/wp\/v2\/product_cat?post=20394"},{"taxonomy":"product_tag","embeddable":true,"href":"https:\/\/ikigaiexperience.com.br\/es\/wp-json\/wp\/v2\/product_tag?post=20394"}],"curies":[{"name":"wp","href":"https:\/\/api.w.org\/{rel}","templated":true}]}}