{"id":20389,"date":"2022-09-20T14:56:18","date_gmt":"2022-09-20T17:56:18","guid":{"rendered":"https:\/\/ikigaiexperience.com.br\/?post_type=product&#038;p=20389"},"modified":"2022-11-30T14:59:24","modified_gmt":"2022-11-30T17:59:24","slug":"parrachos-de-maracajau-passeio-com-snorkel","status":"publish","type":"product","link":"https:\/\/ikigaiexperience.com.br\/es\/experiencias\/parrachos-marajacau-snorkel-tour\/","title":{"rendered":"Snorkel Maracaja\u00fa \u2013 Paseo con Snorkel Parrachos"},"content":{"rendered":"<h3><strong>Experiencia de Snorkel en Maracaja\u00fa \u2013 Parrachos<\/strong><\/h3>\n<p>Los Parrachos de Maracaja\u00fa tienen fama de ser el Caribe brasile\u00f1o, conocido por sus aguas cristalinas y azules, que terminan cautivando a los turistas por sus puntos de buceo en sus enormes formaciones rocosas.<\/p>\n<p>En el tour en Parrachos de Maracaja\u00fa tendr\u00e1s la oportunidad de tener contacto con la vida marina, lugar donde normalmente buceamos con marea baja.<\/p>\n<p>Vive una experiencia fant\u00e1stica conociendo el ecosistema de Maracaja\u00fa, ten contacto con la vida marina a trav\u00e9s del buceo y ve la importancia de preservar.<\/p>","protected":false},"excerpt":{"rendered":"<p>En el tour de Parrachos de Maracaja\u00fa tendr\u00e1s la oportunidad de conocer los lugares m\u00e1s hermosos para bucear en la regi\u00f3n sin necesidad de tener experiencia previa, ni siquiera saber nadar.<\/p>","protected":false},"featured_media":20379,"parent":0,"template":"","meta":[],"product_cat":[29],"product_tag":[],"yoast_head":"<!-- This site is optimized with the Yoast SEO plugin v20.0 - https:\/\/yoast.com\/wordpress\/plugins\/seo\/ -->\n<title>Snorkel Maracaja\u00fa - Passeio com Snorkel Parrachos - Ikigai<\/title>\n<meta name=\"description\" content=\"Voc\u00ea est\u00e1 preparado para viver toda energia dos parrachos de maracaja\u00fa? Conhe\u00e7a toda beleza marinha desse para\u00edso no Rio Grande do Norte.\" \/>\n<meta name=\"robots\" content=\"index, follow, max-snippet:-1, max-image-preview:large, max-video-preview:-1\" \/>\n<link rel=\"canonical\" href=\"https:\/\/ikigaiexperience.com.br\/es\/experiencias\/parrachos-marajacau-snorkel-tour\/\" \/>\n<meta property=\"og:locale\" content=\"es_ES\" \/>\n<meta property=\"og:type\" content=\"article\" \/>\n<meta property=\"og:title\" content=\"Snorkel Maracaja\u00fa - Passeio com Snorkel Parrachos - Ikigai\" \/>\n<meta property=\"og:description\" content=\"Voc\u00ea est\u00e1 preparado para viver toda energia dos parrachos de maracaja\u00fa? Conhe\u00e7a toda beleza marinha desse para\u00edso no Rio Grande do Norte.\" \/>\n<meta property=\"og:url\" content=\"https:\/\/ikigaiexperience.com.br\/es\/experiencias\/parrachos-marajacau-snorkel-tour\/\" \/>\n<meta property=\"og:site_name\" content=\"Ikigai Experience\" \/>\n<meta property=\"article:publisher\" content=\"https:\/\/www.facebook.com\/Ikigai-Experience-100452311832822\" \/>\n<meta property=\"article:modified_time\" content=\"2022-11-30T17:59:24+00:00\" \/>\n<meta property=\"og:image\" content=\"https:\/\/ikigaiexperience.com.br\/wp-content\/uploads\/2022\/09\/parrachos-de-maracajau1.jpg\" \/>\n\t<meta property=\"og:image:width\" content=\"935\" \/>\n\t<meta property=\"og:image:height\" content=\"622\" \/>\n\t<meta property=\"og:image:type\" content=\"image\/jpeg\" \/>\n<meta name=\"twitter:card\" content=\"summary_large_image\" \/>\n<script type=\"application\/ld+json\" class=\"yoast-schema-graph\">{\"@context\":\"https:\/\/schema.org\",\"@graph\":[{\"@type\":\"WebPage\",\"@id\":\"https:\/\/ikigaiexperience.com.br\/experiencias\/parrachos-de-maracajau-passeio-com-snorkel\/\",\"url\":\"https:\/\/ikigaiexperience.com.br\/experiencias\/parrachos-de-maracajau-passeio-com-snorkel\/\",\"name\":\"Snorkel Maracaja\u00fa - Passeio com Snorkel Parrachos - Ikigai\",\"isPartOf\":{\"@id\":\"https:\/\/ikigaiexperience.com.br\/#website\"},\"datePublished\":\"2022-09-20T17:56:18+00:00\",\"dateModified\":\"2022-11-30T17:59:24+00:00\",\"description\":\"Voc\u00ea est\u00e1 preparado para viver toda energia dos parrachos de maracaja\u00fa? Conhe\u00e7a toda beleza marinha desse para\u00edso no Rio Grande do Norte.\",\"breadcrumb\":{\"@id\":\"https:\/\/ikigaiexperience.com.br\/experiencias\/parrachos-de-maracajau-passeio-com-snorkel\/#breadcrumb\"},\"inLanguage\":\"es\",\"potentialAction\":[{\"@type\":\"ReadAction\",\"target\":[\"https:\/\/ikigaiexperience.com.br\/experiencias\/parrachos-de-maracajau-passeio-com-snorkel\/\"]}]},{\"@type\":\"BreadcrumbList\",\"@id\":\"https:\/\/ikigaiexperience.com.br\/experiencias\/parrachos-de-maracajau-passeio-com-snorkel\/#breadcrumb\",\"itemListElement\":[{\"@type\":\"ListItem\",\"position\":1,\"name\":\"In\u00edcio\",\"item\":\"https:\/\/ikigaiexperience.com.br\/\"},{\"@type\":\"ListItem\",\"position\":2,\"name\":\"Mergulho\",\"item\":\"https:\/\/ikigaiexperience.com.br\/experiencia-categoria\/mergulho\/\"},{\"@type\":\"ListItem\",\"position\":3,\"name\":\"Snorkel Maracaja\u00fa &#8211; Passeio com Snorkel Parrachos\"}]},{\"@type\":\"WebSite\",\"@id\":\"https:\/\/ikigaiexperience.com.br\/#website\",\"url\":\"https:\/\/ikigaiexperience.com.br\/\",\"name\":\"Ikigai Experience\",\"description\":\"Reserve seu mergulho de um modo f\u00e1cil, r\u00e1pido e divertido.\",\"publisher\":{\"@id\":\"https:\/\/ikigaiexperience.com.br\/#organization\"},\"potentialAction\":[{\"@type\":\"SearchAction\",\"target\":{\"@type\":\"EntryPoint\",\"urlTemplate\":\"https:\/\/ikigaiexperience.com.br\/?s={search_term_string}\"},\"query-input\":\"required name=search_term_string\"}],\"inLanguage\":\"es\"},{\"@type\":\"Organization\",\"@id\":\"https:\/\/ikigaiexperience.com.br\/#organization\",\"name\":\"Ikigai Experience\",\"url\":\"https:\/\/ikigaiexperience.com.br\/\",\"logo\":{\"@type\":\"ImageObject\",\"inLanguage\":\"es\",\"@id\":\"https:\/\/ikigaiexperience.com.br\/#\/schema\/logo\/image\/\",\"url\":\"https:\/\/ikigaiexperience.com.br\/wp-content\/uploads\/2021\/06\/Ikigai-Experience-Horizontal-Branco.png\",\"contentUrl\":\"https:\/\/ikigaiexperience.com.br\/wp-content\/uploads\/2021\/06\/Ikigai-Experience-Horizontal-Branco.png\",\"width\":924,\"height\":249,\"caption\":\"Ikigai Experience\"},\"image\":{\"@id\":\"https:\/\/ikigaiexperience.com.br\/#\/schema\/logo\/image\/\"},\"sameAs\":[\"https:\/\/www.instagram.com\/theikigaiexperience\/\",\"https:\/\/www.linkedin.com\/company\/ikigai-experience\",\"https:\/\/www.youtube.com\/channel\/UC8qpgAQ3P89h79oP9ymmo7Q\",\"https:\/\/www.facebook.com\/Ikigai-Experience-100452311832822\"]}]}<\/script>\n<!-- \/ Yoast SEO plugin. -->","yoast_head_json":{"title":"Snorkel Maracaja\u00fa - Passeio com Snorkel Parrachos - Ikigai","description":"Voc\u00ea est\u00e1 preparado para viver toda energia dos parrachos de maracaja\u00fa? Conhe\u00e7a toda beleza marinha desse para\u00edso no Rio Grande do Norte.","robots":{"index":"index","follow":"follow","max-snippet":"max-snippet:-1","max-image-preview":"max-image-preview:large","max-video-preview":"max-video-preview:-1"},"canonical":"https:\/\/ikigaiexperience.com.br\/es\/experiencias\/parrachos-marajacau-snorkel-tour\/","og_locale":"es_ES","og_type":"article","og_title":"Snorkel Maracaja\u00fa - Passeio com Snorkel Parrachos - Ikigai","og_description":"Voc\u00ea est\u00e1 preparado para viver toda energia dos parrachos de maracaja\u00fa? Conhe\u00e7a toda beleza marinha desse para\u00edso no Rio Grande do Norte.","og_url":"https:\/\/ikigaiexperience.com.br\/es\/experiencias\/parrachos-marajacau-snorkel-tour\/","og_site_name":"Ikigai Experience","article_publisher":"https:\/\/www.facebook.com\/Ikigai-Experience-100452311832822","article_modified_time":"2022-11-30T17:59:24+00:00","og_image":[{"width":935,"height":622,"url":"https:\/\/ikigaiexperience.com.br\/wp-content\/uploads\/2022\/09\/parrachos-de-maracajau1.jpg","type":"image\/jpeg"}],"twitter_card":"summary_large_image","schema":{"@context":"https:\/\/schema.org","@graph":[{"@type":"WebPage","@id":"https:\/\/ikigaiexperience.com.br\/experiencias\/parrachos-de-maracajau-passeio-com-snorkel\/","url":"https:\/\/ikigaiexperience.com.br\/experiencias\/parrachos-de-maracajau-passeio-com-snorkel\/","name":"Snorkel Maracaja\u00fa - Passeio com Snorkel Parrachos - Ikigai","isPartOf":{"@id":"https:\/\/ikigaiexperience.com.br\/#website"},"datePublished":"2022-09-20T17:56:18+00:00","dateModified":"2022-11-30T17:59:24+00:00","description":"Voc\u00ea est\u00e1 preparado para viver toda energia dos parrachos de maracaja\u00fa? Conhe\u00e7a toda beleza marinha desse para\u00edso no Rio Grande do Norte.","breadcrumb":{"@id":"https:\/\/ikigaiexperience.com.br\/experiencias\/parrachos-de-maracajau-passeio-com-snorkel\/#breadcrumb"},"inLanguage":"es","potentialAction":[{"@type":"ReadAction","target":["https:\/\/ikigaiexperience.com.br\/experiencias\/parrachos-de-maracajau-passeio-com-snorkel\/"]}]},{"@type":"BreadcrumbList","@id":"https:\/\/ikigaiexperience.com.br\/experiencias\/parrachos-de-maracajau-passeio-com-snorkel\/#breadcrumb","itemListElement":[{"@type":"ListItem","position":1,"name":"In\u00edcio","item":"https:\/\/ikigaiexperience.com.br\/"},{"@type":"ListItem","position":2,"name":"Mergulho","item":"https:\/\/ikigaiexperience.com.br\/experiencia-categoria\/mergulho\/"},{"@type":"ListItem","position":3,"name":"Snorkel Maracaja\u00fa &#8211; Passeio com Snorkel Parrachos"}]},{"@type":"WebSite","@id":"https:\/\/ikigaiexperience.com.br\/#website","url":"https:\/\/ikigaiexperience.com.br\/","name":"Ikigai Experience","description":"Reserve seu mergulho de um modo f\u00e1cil, r\u00e1pido e divertido.","publisher":{"@id":"https:\/\/ikigaiexperience.com.br\/#organization"},"potentialAction":[{"@type":"SearchAction","target":{"@type":"EntryPoint","urlTemplate":"https:\/\/ikigaiexperience.com.br\/?s={search_term_string}"},"query-input":"required name=search_term_string"}],"inLanguage":"es"},{"@type":"Organization","@id":"https:\/\/ikigaiexperience.com.br\/#organization","name":"Ikigai Experience","url":"https:\/\/ikigaiexperience.com.br\/","logo":{"@type":"ImageObject","inLanguage":"es","@id":"https:\/\/ikigaiexperience.com.br\/#\/schema\/logo\/image\/","url":"https:\/\/ikigaiexperience.com.br\/wp-content\/uploads\/2021\/06\/Ikigai-Experience-Horizontal-Branco.png","contentUrl":"https:\/\/ikigaiexperience.com.br\/wp-content\/uploads\/2021\/06\/Ikigai-Experience-Horizontal-Branco.png","width":924,"height":249,"caption":"Ikigai Experience"},"image":{"@id":"https:\/\/ikigaiexperience.com.br\/#\/schema\/logo\/image\/"},"sameAs":["https:\/\/www.instagram.com\/theikigaiexperience\/","https:\/\/www.linkedin.com\/company\/ikigai-experience","https:\/\/www.youtube.com\/channel\/UC8qpgAQ3P89h79oP9ymmo7Q","https:\/\/www.facebook.com\/Ikigai-Experience-100452311832822"]}]}},"_links":{"self":[{"href":"https:\/\/ikigaiexperience.com.br\/es\/wp-json\/wp\/v2\/product\/20389"}],"collection":[{"href":"https:\/\/ikigaiexperience.com.br\/es\/wp-json\/wp\/v2\/product"}],"about":[{"href":"https:\/\/ikigaiexperience.com.br\/es\/wp-json\/wp\/v2\/types\/product"}],"version-history":[{"count":0,"href":"https:\/\/ikigaiexperience.com.br\/es\/wp-json\/wp\/v2\/product\/20389\/revisions"}],"wp:featuredmedia":[{"embeddable":true,"href":"https:\/\/ikigaiexperience.com.br\/es\/wp-json\/wp\/v2\/media\/20379"}],"wp:attachment":[{"href":"https:\/\/ikigaiexperience.com.br\/es\/wp-json\/wp\/v2\/media?parent=20389"}],"wp:term":[{"taxonomy":"product_cat","embeddable":true,"href":"https:\/\/ikigaiexperience.com.br\/es\/wp-json\/wp\/v2\/product_cat?post=20389"},{"taxonomy":"product_tag","embeddable":true,"href":"https:\/\/ikigaiexperience.com.br\/es\/wp-json\/wp\/v2\/product_tag?post=20389"}],"curies":[{"name":"wp","href":"https:\/\/api.w.org\/{rel}","templated":true}]}}