{"id":20225,"date":"2022-09-12T20:52:29","date_gmt":"2022-09-12T23:52:29","guid":{"rendered":"https:\/\/ikigaiexperience.com.br\/?post_type=product&#038;p=20225"},"modified":"2024-06-18T17:50:38","modified_gmt":"2024-06-18T20:50:38","slug":"mergulho-rio-de-janeiro-para-credenciados","status":"publish","type":"product","link":"https:\/\/ikigaiexperience.com.br\/es\/experiencias\/buceo-rio-de-janeiro-acreditados\/","title":{"rendered":"Buceo en R\u00edo de Janeiro para acreditados"},"content":{"rendered":"<h3><strong>Buceo R\u00edo de Janeiro \u2013 Embarcado Islas Cagarras y Tijucas<\/strong><\/h3>\n<p><span style=\"font-weight: 400;\">En el <\/span>Buceo en R\u00edo de Janeiro<span style=\"font-weight: 400;\">, hay muchas opciones en la ciudad maravillosa y no tienes que buscar mucho para encontrarlas. A lo largo de la costa de la ciudad de R\u00edo vemos grandes lugares para bucear.\u00a0<\/span><\/p>\n<p><span style=\"font-weight: 400;\">Bucear en las islas oce\u00e1nicas de R\u00edo y ver el horizonte desde el mar es, sin duda, una de las experiencias m\u00e1s impresionantes que vivir\u00e1s. No importa cu\u00e1ndo bucees, siempre encontrar\u00e1s agradable el agua del mar.\u00a0<\/span><\/p>\n<h3><strong>Experiencia en los Puntos de Buceo Islas Cagarras y Tijucas en R\u00edo de Janeiro<\/strong><\/h3>\n<p><span style=\"font-weight: 400;\">Conocer la biodiversidad de las Islas Cagarras y la vida submarina de sus puntos de buceo es una experiencia incre\u00edble.<\/span><\/p>\n<p><span style=\"font-weight: 400;\">Entre las playas de Barra da Tijuca y las playas de S\u00e3o Conrado, se encuentra el archipi\u00e9lago de las Islas Tijucas, considerado uno de los puntos de buceo m\u00e1s bellos de R\u00edo de Janeiro.\u00a0<\/span><\/p>\n<p><span style=\"font-weight: 400;\">Dado que bucear en las Islas Tijucas siempre va acompa\u00f1ado de una gran cantidad de peces, rayas y tortugas, hace que la experiencia sea sensacional.\u00a0<\/span><\/p>\n<p>Bucear en R\u00edo de Janeiro permite al turista tener siempre a mano las opciones de buceo de la maravillosa ciudad.<\/p>\n<p>Y por ello, los puntos de buceo de las Islas Cagarras y Tijucas entregan el bautismo perfecto en sus aguas azules y una fauna marina rica en especies.<\/p>\n<p>El buceo en R\u00edo de Janeiro<span style=\"font-weight: 400;\"> en las Islas Cagarras y Tijucas son buscados en el verano, por lo que es posible encontrar m\u00e1s vida marina.\u00a0<\/span><\/p>","protected":false},"excerpt":{"rendered":"<p>Descubre los lugares m\u00e1s hermosos para bucear en R\u00edo de Janeiro. Experimente toda la vida marina en la regi\u00f3n de R\u00edo de Janeiro.<\/p>","protected":false},"featured_media":18835,"parent":0,"template":"","meta":[],"product_cat":[29],"product_tag":[],"yoast_head":"<!-- This site is optimized with the Yoast SEO plugin v20.0 - https:\/\/yoast.com\/wordpress\/plugins\/seo\/ -->\n<title>Mergulho Rio de Janeiro para credenciados - Ikigai Experience<\/title>\n<meta name=\"description\" content=\"Conhe\u00e7a o mergulho Rio de Janeiro para credenciados, viva toda vida marinha da regi\u00e3o carioca.\" \/>\n<meta name=\"robots\" content=\"index, follow, max-snippet:-1, max-image-preview:large, max-video-preview:-1\" \/>\n<link rel=\"canonical\" href=\"https:\/\/ikigaiexperience.com.br\/es\/experiencias\/buceo-rio-de-janeiro\/\" \/>\n<meta property=\"og:locale\" content=\"es_ES\" \/>\n<meta property=\"og:type\" content=\"article\" \/>\n<meta property=\"og:title\" content=\"Mergulho Rio de Janeiro para credenciados - Ikigai Experience\" \/>\n<meta property=\"og:description\" content=\"Conhe\u00e7a o mergulho Rio de Janeiro para credenciados, viva toda vida marinha da regi\u00e3o carioca.\" \/>\n<meta property=\"og:url\" content=\"https:\/\/ikigaiexperience.com.br\/es\/experiencias\/buceo-rio-de-janeiro\/\" \/>\n<meta property=\"og:site_name\" content=\"Ikigai Experience\" \/>\n<meta property=\"article:publisher\" content=\"https:\/\/www.facebook.com\/Ikigai-Experience-100452311832822\" \/>\n<meta property=\"article:modified_time\" content=\"2024-06-18T20:50:38+00:00\" \/>\n<meta property=\"og:image\" content=\"https:\/\/ikigaiexperience.com.br\/wp-content\/uploads\/2022\/06\/mergulho-rio-de-janeiro.jpg\" \/>\n\t<meta property=\"og:image:width\" content=\"935\" \/>\n\t<meta property=\"og:image:height\" content=\"622\" \/>\n\t<meta property=\"og:image:type\" content=\"image\/jpeg\" \/>\n<meta name=\"twitter:card\" content=\"summary_large_image\" \/>\n<meta name=\"twitter:label1\" content=\"Tiempo de lectura\" \/>\n\t<meta name=\"twitter:data1\" content=\"1 minuto\" \/>\n<script type=\"application\/ld+json\" class=\"yoast-schema-graph\">{\"@context\":\"https:\/\/schema.org\",\"@graph\":[{\"@type\":\"WebPage\",\"@id\":\"https:\/\/ikigaiexperience.com.br\/experiencias\/mergulho-rio-de-janeiro-para-credenciados\/\",\"url\":\"https:\/\/ikigaiexperience.com.br\/experiencias\/mergulho-rio-de-janeiro\/\",\"name\":\"Mergulho Rio de Janeiro para credenciados - Ikigai Experience\",\"isPartOf\":{\"@id\":\"https:\/\/ikigaiexperience.com.br\/#website\"},\"datePublished\":\"2022-09-12T23:52:29+00:00\",\"dateModified\":\"2024-06-18T20:50:38+00:00\",\"description\":\"Conhe\u00e7a o mergulho Rio de Janeiro para credenciados, viva toda vida marinha da regi\u00e3o carioca.\",\"breadcrumb\":{\"@id\":\"https:\/\/ikigaiexperience.com.br\/experiencias\/mergulho-rio-de-janeiro\/#breadcrumb\"},\"inLanguage\":\"es\",\"potentialAction\":[{\"@type\":\"ReadAction\",\"target\":[\"https:\/\/ikigaiexperience.com.br\/experiencias\/mergulho-rio-de-janeiro\/\"]}]},{\"@type\":\"BreadcrumbList\",\"@id\":\"https:\/\/ikigaiexperience.com.br\/experiencias\/mergulho-rio-de-janeiro\/#breadcrumb\",\"itemListElement\":[{\"@type\":\"ListItem\",\"position\":1,\"name\":\"In\u00edcio\",\"item\":\"https:\/\/ikigaiexperience.com.br\/\"},{\"@type\":\"ListItem\",\"position\":2,\"name\":\"Mergulho\",\"item\":\"https:\/\/ikigaiexperience.com.br\/experiencia-categoria\/mergulho\/\"},{\"@type\":\"ListItem\",\"position\":3,\"name\":\"Mergulho Rio de Janeiro para credenciados\"}]},{\"@type\":\"WebSite\",\"@id\":\"https:\/\/ikigaiexperience.com.br\/#website\",\"url\":\"https:\/\/ikigaiexperience.com.br\/\",\"name\":\"Ikigai Experience\",\"description\":\"Reserve seu mergulho de um modo f\u00e1cil, r\u00e1pido e divertido.\",\"publisher\":{\"@id\":\"https:\/\/ikigaiexperience.com.br\/#organization\"},\"potentialAction\":[{\"@type\":\"SearchAction\",\"target\":{\"@type\":\"EntryPoint\",\"urlTemplate\":\"https:\/\/ikigaiexperience.com.br\/?s={search_term_string}\"},\"query-input\":\"required name=search_term_string\"}],\"inLanguage\":\"es\"},{\"@type\":\"Organization\",\"@id\":\"https:\/\/ikigaiexperience.com.br\/#organization\",\"name\":\"Ikigai Experience\",\"url\":\"https:\/\/ikigaiexperience.com.br\/\",\"logo\":{\"@type\":\"ImageObject\",\"inLanguage\":\"es\",\"@id\":\"https:\/\/ikigaiexperience.com.br\/#\/schema\/logo\/image\/\",\"url\":\"https:\/\/ikigaiexperience.com.br\/wp-content\/uploads\/2021\/06\/Ikigai-Experience-Horizontal-Branco.png\",\"contentUrl\":\"https:\/\/ikigaiexperience.com.br\/wp-content\/uploads\/2021\/06\/Ikigai-Experience-Horizontal-Branco.png\",\"width\":924,\"height\":249,\"caption\":\"Ikigai Experience\"},\"image\":{\"@id\":\"https:\/\/ikigaiexperience.com.br\/#\/schema\/logo\/image\/\"},\"sameAs\":[\"https:\/\/www.instagram.com\/theikigaiexperience\/\",\"https:\/\/www.linkedin.com\/company\/ikigai-experience\",\"https:\/\/www.youtube.com\/channel\/UC8qpgAQ3P89h79oP9ymmo7Q\",\"https:\/\/www.facebook.com\/Ikigai-Experience-100452311832822\"]}]}<\/script>\n<!-- \/ Yoast SEO plugin. -->","yoast_head_json":{"title":"Mergulho Rio de Janeiro para credenciados - Ikigai Experience","description":"Conhe\u00e7a o mergulho Rio de Janeiro para credenciados, viva toda vida marinha da regi\u00e3o carioca.","robots":{"index":"index","follow":"follow","max-snippet":"max-snippet:-1","max-image-preview":"max-image-preview:large","max-video-preview":"max-video-preview:-1"},"canonical":"https:\/\/ikigaiexperience.com.br\/es\/experiencias\/buceo-rio-de-janeiro\/","og_locale":"es_ES","og_type":"article","og_title":"Mergulho Rio de Janeiro para credenciados - Ikigai Experience","og_description":"Conhe\u00e7a o mergulho Rio de Janeiro para credenciados, viva toda vida marinha da regi\u00e3o carioca.","og_url":"https:\/\/ikigaiexperience.com.br\/es\/experiencias\/buceo-rio-de-janeiro\/","og_site_name":"Ikigai Experience","article_publisher":"https:\/\/www.facebook.com\/Ikigai-Experience-100452311832822","article_modified_time":"2024-06-18T20:50:38+00:00","og_image":[{"width":935,"height":622,"url":"https:\/\/ikigaiexperience.com.br\/wp-content\/uploads\/2022\/06\/mergulho-rio-de-janeiro.jpg","type":"image\/jpeg"}],"twitter_card":"summary_large_image","twitter_misc":{"Tiempo de lectura":"1 minuto"},"schema":{"@context":"https:\/\/schema.org","@graph":[{"@type":"WebPage","@id":"https:\/\/ikigaiexperience.com.br\/experiencias\/mergulho-rio-de-janeiro-para-credenciados\/","url":"https:\/\/ikigaiexperience.com.br\/experiencias\/mergulho-rio-de-janeiro\/","name":"Mergulho Rio de Janeiro para credenciados - Ikigai Experience","isPartOf":{"@id":"https:\/\/ikigaiexperience.com.br\/#website"},"datePublished":"2022-09-12T23:52:29+00:00","dateModified":"2024-06-18T20:50:38+00:00","description":"Conhe\u00e7a o mergulho Rio de Janeiro para credenciados, viva toda vida marinha da regi\u00e3o carioca.","breadcrumb":{"@id":"https:\/\/ikigaiexperience.com.br\/experiencias\/mergulho-rio-de-janeiro\/#breadcrumb"},"inLanguage":"es","potentialAction":[{"@type":"ReadAction","target":["https:\/\/ikigaiexperience.com.br\/experiencias\/mergulho-rio-de-janeiro\/"]}]},{"@type":"BreadcrumbList","@id":"https:\/\/ikigaiexperience.com.br\/experiencias\/mergulho-rio-de-janeiro\/#breadcrumb","itemListElement":[{"@type":"ListItem","position":1,"name":"In\u00edcio","item":"https:\/\/ikigaiexperience.com.br\/"},{"@type":"ListItem","position":2,"name":"Mergulho","item":"https:\/\/ikigaiexperience.com.br\/experiencia-categoria\/mergulho\/"},{"@type":"ListItem","position":3,"name":"Mergulho Rio de Janeiro para credenciados"}]},{"@type":"WebSite","@id":"https:\/\/ikigaiexperience.com.br\/#website","url":"https:\/\/ikigaiexperience.com.br\/","name":"Ikigai Experience","description":"Reserve seu mergulho de um modo f\u00e1cil, r\u00e1pido e divertido.","publisher":{"@id":"https:\/\/ikigaiexperience.com.br\/#organization"},"potentialAction":[{"@type":"SearchAction","target":{"@type":"EntryPoint","urlTemplate":"https:\/\/ikigaiexperience.com.br\/?s={search_term_string}"},"query-input":"required name=search_term_string"}],"inLanguage":"es"},{"@type":"Organization","@id":"https:\/\/ikigaiexperience.com.br\/#organization","name":"Ikigai Experience","url":"https:\/\/ikigaiexperience.com.br\/","logo":{"@type":"ImageObject","inLanguage":"es","@id":"https:\/\/ikigaiexperience.com.br\/#\/schema\/logo\/image\/","url":"https:\/\/ikigaiexperience.com.br\/wp-content\/uploads\/2021\/06\/Ikigai-Experience-Horizontal-Branco.png","contentUrl":"https:\/\/ikigaiexperience.com.br\/wp-content\/uploads\/2021\/06\/Ikigai-Experience-Horizontal-Branco.png","width":924,"height":249,"caption":"Ikigai Experience"},"image":{"@id":"https:\/\/ikigaiexperience.com.br\/#\/schema\/logo\/image\/"},"sameAs":["https:\/\/www.instagram.com\/theikigaiexperience\/","https:\/\/www.linkedin.com\/company\/ikigai-experience","https:\/\/www.youtube.com\/channel\/UC8qpgAQ3P89h79oP9ymmo7Q","https:\/\/www.facebook.com\/Ikigai-Experience-100452311832822"]}]}},"_links":{"self":[{"href":"https:\/\/ikigaiexperience.com.br\/es\/wp-json\/wp\/v2\/product\/20225"}],"collection":[{"href":"https:\/\/ikigaiexperience.com.br\/es\/wp-json\/wp\/v2\/product"}],"about":[{"href":"https:\/\/ikigaiexperience.com.br\/es\/wp-json\/wp\/v2\/types\/product"}],"version-history":[{"count":1,"href":"https:\/\/ikigaiexperience.com.br\/es\/wp-json\/wp\/v2\/product\/20225\/revisions"}],"predecessor-version":[{"id":22188,"href":"https:\/\/ikigaiexperience.com.br\/es\/wp-json\/wp\/v2\/product\/20225\/revisions\/22188"}],"wp:featuredmedia":[{"embeddable":true,"href":"https:\/\/ikigaiexperience.com.br\/es\/wp-json\/wp\/v2\/media\/18835"}],"wp:attachment":[{"href":"https:\/\/ikigaiexperience.com.br\/es\/wp-json\/wp\/v2\/media?parent=20225"}],"wp:term":[{"taxonomy":"product_cat","embeddable":true,"href":"https:\/\/ikigaiexperience.com.br\/es\/wp-json\/wp\/v2\/product_cat?post=20225"},{"taxonomy":"product_tag","embeddable":true,"href":"https:\/\/ikigaiexperience.com.br\/es\/wp-json\/wp\/v2\/product_tag?post=20225"}],"curies":[{"name":"wp","href":"https:\/\/api.w.org\/{rel}","templated":true}]}}