{"id":20221,"date":"2022-09-12T20:31:27","date_gmt":"2022-09-12T23:31:27","guid":{"rendered":"https:\/\/ikigaiexperience.com.br\/?post_type=product&#038;p=20221"},"modified":"2024-06-18T17:39:54","modified_gmt":"2024-06-18T20:39:54","slug":"mergulho-angra-dos-reis-para-credenciados","status":"publish","type":"product","link":"https:\/\/ikigaiexperience.com.br\/es\/experiencias\/buceo-angra-dos-reis-acreditado\/","title":{"rendered":"Angra dos Reis Buceo para Acreditados"},"content":{"rendered":"<p><span style=\"font-weight: 400;\">El punto de inmersi\u00f3n se define de acuerdo con las mejores condiciones del d\u00eda. Se analizar\u00e1 el mar y todas las condiciones meteorol\u00f3gicas. Traemos aqu\u00ed un poco m\u00e1s sobre el punto Lagoa Azul, un lugar muy visitado para bucear en Angra dos Reis.\u00a0<\/span><\/p>\n<h3><strong>Buceo Angra dos Reis \u2013 Laguna Azul<\/strong><\/h3>\n<p><span style=\"font-weight: 400;\">En el <\/span>Buceo Angra dos Reis, la ciudad que domina la Costa Verde, hay 365 islas de oportunidades para encontrar el lugar de buceo que mejor se adapte a la aventura que est\u00e1s buscando.<\/p>\n<p>Hay una incre\u00edble variedad de especies marinas e incluso el pepino de mar, un animal marino en peligro de extinci\u00f3n.<\/p>\n<p>Por sus islas, Angra es el destino indicado para aquellos que quieren tener la oportunidad de bucear en las costas de sus islas y descubrir las bellezas de los fondos marinos.<\/p>\n<h3><strong>Experiencia de Buceo en Angra dos Reis, en Lagoa Azul\u00a0<\/strong><\/h3>\n<p>En la zona norte de Ilha Grande, el punto de buceo Lagoa Azul encanta con sus aguas claras, permitiendo una amplia vista de sus corales y peces de colores.<\/p>\n<p>Partiendo de Cais Santa Luzia, el barco tarda aproximadamente una hora en llegar al extremo norte de Ilha Grande. El buceo aqu\u00ed est\u00e1 permitido de varias maneras.<\/p>\n<p>Siendo una de las piscinas naturales de fondo de arena m\u00e1s bellas del estado de R\u00edo de Janeiro, la Lagoa Azul est\u00e1 ubicada entre dos islotes, la experiencia de buceo es de unos 10 metros de profundidad.<\/p>\n<p>En otras palabras, una gran oportunidad para el bautismo de buceo, pero Bucear en Angra dos Reis no se limita solo a la Lagoa Azul, hay otros puntos de buceo repartidos por Ilha Grande.<\/p>\n<p>Al bucear en los mares de Angra, tendr\u00e1s contacto con otras grandes playas para usar aletas, botella de aire y m\u00e1scara.<\/p>\n<p>Quien visita el fondo de la Lagoa Azul, encontr\u00e1ndose con su vida marina, comprende por qu\u00e9 el Buceo en Angra dos Reis es considerado uno de los m\u00e1s bellos de Brasil.<\/p>\n<p>Si eres principiante, consulta el producto. <a href=\"https:\/\/ikigaiexperience.com.br\/es\/experiencias\/buceo-angra-dos-reis\/\">Bautismo de buceo en Angra dos Reis<\/a><\/p>","protected":false},"excerpt":{"rendered":"<p>En la experiencia de buceo en Angra dos Reis para acreditados, tendr\u00e1s la oportunidad de conocer toda la naturaleza marina de Angra, con muchos animales y especies diferentes.<\/p>","protected":false},"featured_media":20171,"parent":0,"template":"","meta":[],"product_cat":[29],"product_tag":[],"yoast_head":"<!-- This site is optimized with the Yoast SEO plugin v20.0 - https:\/\/yoast.com\/wordpress\/plugins\/seo\/ -->\n<title>Mergulho Angra dos Reis para Credenciados - Ikigai Experience<\/title>\n<meta name=\"description\" content=\"No mergulho Angra dos Reis para credenciados voc\u00ea poder\u00e1 vivenciar uma experi\u00eancia \u00fanica conhecendo toda riqueza da vida marinha da regi\u00e3o.\" \/>\n<meta name=\"robots\" content=\"index, follow, max-snippet:-1, max-image-preview:large, max-video-preview:-1\" \/>\n<link rel=\"canonical\" href=\"https:\/\/ikigaiexperience.com.br\/es\/experiencias\/buceo-angra-dos-reis\/\" \/>\n<meta property=\"og:locale\" content=\"es_ES\" \/>\n<meta property=\"og:type\" content=\"article\" \/>\n<meta property=\"og:title\" content=\"Mergulho Angra dos Reis para Credenciados - Ikigai Experience\" \/>\n<meta property=\"og:description\" content=\"No mergulho Angra dos Reis para credenciados voc\u00ea poder\u00e1 vivenciar uma experi\u00eancia \u00fanica conhecendo toda riqueza da vida marinha da regi\u00e3o.\" \/>\n<meta property=\"og:url\" content=\"https:\/\/ikigaiexperience.com.br\/es\/experiencias\/buceo-angra-dos-reis\/\" \/>\n<meta property=\"og:site_name\" content=\"Ikigai Experience\" \/>\n<meta property=\"article:publisher\" content=\"https:\/\/www.facebook.com\/Ikigai-Experience-100452311832822\" \/>\n<meta property=\"article:modified_time\" content=\"2024-06-18T20:39:54+00:00\" \/>\n<meta property=\"og:image\" content=\"https:\/\/ikigaiexperience.com.br\/wp-content\/uploads\/2022\/09\/mergulho-angra-dos-reis10.jpg\" \/>\n\t<meta property=\"og:image:width\" content=\"935\" \/>\n\t<meta property=\"og:image:height\" content=\"622\" \/>\n\t<meta property=\"og:image:type\" content=\"image\/jpeg\" \/>\n<meta name=\"twitter:card\" content=\"summary_large_image\" \/>\n<meta name=\"twitter:label1\" content=\"Tiempo de lectura\" \/>\n\t<meta name=\"twitter:data1\" content=\"2 minutos\" \/>\n<script type=\"application\/ld+json\" class=\"yoast-schema-graph\">{\"@context\":\"https:\/\/schema.org\",\"@graph\":[{\"@type\":\"WebPage\",\"@id\":\"https:\/\/ikigaiexperience.com.br\/experiencias\/mergulho-angra-dos-reis-para-credenciados\/\",\"url\":\"https:\/\/ikigaiexperience.com.br\/experiencias\/mergulho-angra-dos-reis\/\",\"name\":\"Mergulho Angra dos Reis para Credenciados - Ikigai Experience\",\"isPartOf\":{\"@id\":\"https:\/\/ikigaiexperience.com.br\/#website\"},\"datePublished\":\"2022-09-12T23:31:27+00:00\",\"dateModified\":\"2024-06-18T20:39:54+00:00\",\"description\":\"No mergulho Angra dos Reis para credenciados voc\u00ea poder\u00e1 vivenciar uma experi\u00eancia \u00fanica conhecendo toda riqueza da vida marinha da regi\u00e3o.\",\"breadcrumb\":{\"@id\":\"https:\/\/ikigaiexperience.com.br\/experiencias\/mergulho-angra-dos-reis\/#breadcrumb\"},\"inLanguage\":\"es\",\"potentialAction\":[{\"@type\":\"ReadAction\",\"target\":[\"https:\/\/ikigaiexperience.com.br\/experiencias\/mergulho-angra-dos-reis\/\"]}]},{\"@type\":\"BreadcrumbList\",\"@id\":\"https:\/\/ikigaiexperience.com.br\/experiencias\/mergulho-angra-dos-reis\/#breadcrumb\",\"itemListElement\":[{\"@type\":\"ListItem\",\"position\":1,\"name\":\"In\u00edcio\",\"item\":\"https:\/\/ikigaiexperience.com.br\/\"},{\"@type\":\"ListItem\",\"position\":2,\"name\":\"Mergulho\",\"item\":\"https:\/\/ikigaiexperience.com.br\/experiencia-categoria\/mergulho\/\"},{\"@type\":\"ListItem\",\"position\":3,\"name\":\"Mergulho Angra dos Reis para Credenciados\"}]},{\"@type\":\"WebSite\",\"@id\":\"https:\/\/ikigaiexperience.com.br\/#website\",\"url\":\"https:\/\/ikigaiexperience.com.br\/\",\"name\":\"Ikigai Experience\",\"description\":\"Reserve seu mergulho de um modo f\u00e1cil, r\u00e1pido e divertido.\",\"publisher\":{\"@id\":\"https:\/\/ikigaiexperience.com.br\/#organization\"},\"potentialAction\":[{\"@type\":\"SearchAction\",\"target\":{\"@type\":\"EntryPoint\",\"urlTemplate\":\"https:\/\/ikigaiexperience.com.br\/?s={search_term_string}\"},\"query-input\":\"required name=search_term_string\"}],\"inLanguage\":\"es\"},{\"@type\":\"Organization\",\"@id\":\"https:\/\/ikigaiexperience.com.br\/#organization\",\"name\":\"Ikigai Experience\",\"url\":\"https:\/\/ikigaiexperience.com.br\/\",\"logo\":{\"@type\":\"ImageObject\",\"inLanguage\":\"es\",\"@id\":\"https:\/\/ikigaiexperience.com.br\/#\/schema\/logo\/image\/\",\"url\":\"https:\/\/ikigaiexperience.com.br\/wp-content\/uploads\/2021\/06\/Ikigai-Experience-Horizontal-Branco.png\",\"contentUrl\":\"https:\/\/ikigaiexperience.com.br\/wp-content\/uploads\/2021\/06\/Ikigai-Experience-Horizontal-Branco.png\",\"width\":924,\"height\":249,\"caption\":\"Ikigai Experience\"},\"image\":{\"@id\":\"https:\/\/ikigaiexperience.com.br\/#\/schema\/logo\/image\/\"},\"sameAs\":[\"https:\/\/www.instagram.com\/theikigaiexperience\/\",\"https:\/\/www.linkedin.com\/company\/ikigai-experience\",\"https:\/\/www.youtube.com\/channel\/UC8qpgAQ3P89h79oP9ymmo7Q\",\"https:\/\/www.facebook.com\/Ikigai-Experience-100452311832822\"]}]}<\/script>\n<!-- \/ Yoast SEO plugin. -->","yoast_head_json":{"title":"Mergulho Angra dos Reis para Credenciados - Ikigai Experience","description":"No mergulho Angra dos Reis para credenciados voc\u00ea poder\u00e1 vivenciar uma experi\u00eancia \u00fanica conhecendo toda riqueza da vida marinha da regi\u00e3o.","robots":{"index":"index","follow":"follow","max-snippet":"max-snippet:-1","max-image-preview":"max-image-preview:large","max-video-preview":"max-video-preview:-1"},"canonical":"https:\/\/ikigaiexperience.com.br\/es\/experiencias\/buceo-angra-dos-reis\/","og_locale":"es_ES","og_type":"article","og_title":"Mergulho Angra dos Reis para Credenciados - Ikigai Experience","og_description":"No mergulho Angra dos Reis para credenciados voc\u00ea poder\u00e1 vivenciar uma experi\u00eancia \u00fanica conhecendo toda riqueza da vida marinha da regi\u00e3o.","og_url":"https:\/\/ikigaiexperience.com.br\/es\/experiencias\/buceo-angra-dos-reis\/","og_site_name":"Ikigai Experience","article_publisher":"https:\/\/www.facebook.com\/Ikigai-Experience-100452311832822","article_modified_time":"2024-06-18T20:39:54+00:00","og_image":[{"width":935,"height":622,"url":"https:\/\/ikigaiexperience.com.br\/wp-content\/uploads\/2022\/09\/mergulho-angra-dos-reis10.jpg","type":"image\/jpeg"}],"twitter_card":"summary_large_image","twitter_misc":{"Tiempo de lectura":"2 minutos"},"schema":{"@context":"https:\/\/schema.org","@graph":[{"@type":"WebPage","@id":"https:\/\/ikigaiexperience.com.br\/experiencias\/mergulho-angra-dos-reis-para-credenciados\/","url":"https:\/\/ikigaiexperience.com.br\/experiencias\/mergulho-angra-dos-reis\/","name":"Mergulho Angra dos Reis para Credenciados - Ikigai Experience","isPartOf":{"@id":"https:\/\/ikigaiexperience.com.br\/#website"},"datePublished":"2022-09-12T23:31:27+00:00","dateModified":"2024-06-18T20:39:54+00:00","description":"No mergulho Angra dos Reis para credenciados voc\u00ea poder\u00e1 vivenciar uma experi\u00eancia \u00fanica conhecendo toda riqueza da vida marinha da regi\u00e3o.","breadcrumb":{"@id":"https:\/\/ikigaiexperience.com.br\/experiencias\/mergulho-angra-dos-reis\/#breadcrumb"},"inLanguage":"es","potentialAction":[{"@type":"ReadAction","target":["https:\/\/ikigaiexperience.com.br\/experiencias\/mergulho-angra-dos-reis\/"]}]},{"@type":"BreadcrumbList","@id":"https:\/\/ikigaiexperience.com.br\/experiencias\/mergulho-angra-dos-reis\/#breadcrumb","itemListElement":[{"@type":"ListItem","position":1,"name":"In\u00edcio","item":"https:\/\/ikigaiexperience.com.br\/"},{"@type":"ListItem","position":2,"name":"Mergulho","item":"https:\/\/ikigaiexperience.com.br\/experiencia-categoria\/mergulho\/"},{"@type":"ListItem","position":3,"name":"Mergulho Angra dos Reis para Credenciados"}]},{"@type":"WebSite","@id":"https:\/\/ikigaiexperience.com.br\/#website","url":"https:\/\/ikigaiexperience.com.br\/","name":"Ikigai Experience","description":"Reserve seu mergulho de um modo f\u00e1cil, r\u00e1pido e divertido.","publisher":{"@id":"https:\/\/ikigaiexperience.com.br\/#organization"},"potentialAction":[{"@type":"SearchAction","target":{"@type":"EntryPoint","urlTemplate":"https:\/\/ikigaiexperience.com.br\/?s={search_term_string}"},"query-input":"required name=search_term_string"}],"inLanguage":"es"},{"@type":"Organization","@id":"https:\/\/ikigaiexperience.com.br\/#organization","name":"Ikigai Experience","url":"https:\/\/ikigaiexperience.com.br\/","logo":{"@type":"ImageObject","inLanguage":"es","@id":"https:\/\/ikigaiexperience.com.br\/#\/schema\/logo\/image\/","url":"https:\/\/ikigaiexperience.com.br\/wp-content\/uploads\/2021\/06\/Ikigai-Experience-Horizontal-Branco.png","contentUrl":"https:\/\/ikigaiexperience.com.br\/wp-content\/uploads\/2021\/06\/Ikigai-Experience-Horizontal-Branco.png","width":924,"height":249,"caption":"Ikigai Experience"},"image":{"@id":"https:\/\/ikigaiexperience.com.br\/#\/schema\/logo\/image\/"},"sameAs":["https:\/\/www.instagram.com\/theikigaiexperience\/","https:\/\/www.linkedin.com\/company\/ikigai-experience","https:\/\/www.youtube.com\/channel\/UC8qpgAQ3P89h79oP9ymmo7Q","https:\/\/www.facebook.com\/Ikigai-Experience-100452311832822"]}]}},"_links":{"self":[{"href":"https:\/\/ikigaiexperience.com.br\/es\/wp-json\/wp\/v2\/product\/20221"}],"collection":[{"href":"https:\/\/ikigaiexperience.com.br\/es\/wp-json\/wp\/v2\/product"}],"about":[{"href":"https:\/\/ikigaiexperience.com.br\/es\/wp-json\/wp\/v2\/types\/product"}],"version-history":[{"count":1,"href":"https:\/\/ikigaiexperience.com.br\/es\/wp-json\/wp\/v2\/product\/20221\/revisions"}],"predecessor-version":[{"id":22189,"href":"https:\/\/ikigaiexperience.com.br\/es\/wp-json\/wp\/v2\/product\/20221\/revisions\/22189"}],"wp:featuredmedia":[{"embeddable":true,"href":"https:\/\/ikigaiexperience.com.br\/es\/wp-json\/wp\/v2\/media\/20171"}],"wp:attachment":[{"href":"https:\/\/ikigaiexperience.com.br\/es\/wp-json\/wp\/v2\/media?parent=20221"}],"wp:term":[{"taxonomy":"product_cat","embeddable":true,"href":"https:\/\/ikigaiexperience.com.br\/es\/wp-json\/wp\/v2\/product_cat?post=20221"},{"taxonomy":"product_tag","embeddable":true,"href":"https:\/\/ikigaiexperience.com.br\/es\/wp-json\/wp\/v2\/product_tag?post=20221"}],"curies":[{"name":"wp","href":"https:\/\/api.w.org\/{rel}","templated":true}]}}