{"id":19408,"date":"2022-07-05T21:25:59","date_gmt":"2022-07-06T00:25:59","guid":{"rendered":"https:\/\/ikigaiexperience.com.br\/?post_type=product&#038;p=19408"},"modified":"2022-11-02T23:07:38","modified_gmt":"2022-11-03T02:07:38","slug":"mergulho-ilha-grande","status":"publish","type":"product","link":"https:\/\/ikigaiexperience.com.br\/es\/experiencias\/buceo-ilha-grande\/","title":{"rendered":"Ilha Grande buceo para principiantes"},"content":{"rendered":"<h3 class=\"p1\"><strong>Buceo en Ilha Grande<\/strong><\/h3>\n<p class=\"p1\">En Diving Ilha Grande, descubra uno de los lugares m\u00e1s visitados del famoso estado de R\u00edo de Janeiro. Conocida por sus aguas cristalinas, descubra Ilha Grande.<span class=\"Apple-converted-space\">\u00a0<\/span><\/p>\n<p class=\"p1\">Llena de maravillosa fauna y flora y, sobre todo, de incre\u00edbles puntos de buceo, Ilha Grande es un hito en la belleza y preservaci\u00f3n de los espec\u00edmenes marinos.<\/p>\n<p class=\"p1\">Por sus sensacionales e infinitas posibilidades para el buceo, Ilha Grande es uno de los lugares m\u00e1s buscados por los buceadores que quieren tener m\u00e1s contacto con el azul del fondo marino.<span class=\"Apple-converted-space\">\u00a0<\/span><\/p>\n<h3 class=\"p2\"><strong><span class=\"s1\">Experiencia de buceo en Ilha Grande<\/span><\/strong><\/h3>\n<p class=\"p1\">Buceo Ilha Grande abre un abanico de variedades de inmersiones, tanto para bautizos como para los que ya tienen m\u00e1s experiencia con el fondo marino.<span class=\"Apple-converted-space\">\u00a0<\/span><\/p>\n<p class=\"p1\">En la zona norte de la isla se encuentra uno de los lugares m\u00e1s populares, la famosa Laguna Azul, pero no es la \u00fanica opci\u00f3n para aquellos que desean tener recuerdos en sus memorias de buceo.<\/p>\n<p class=\"p1\">Ilha Grande tiene un territorio de 193 km\u00b2, que ofrece incre\u00edbles lugares para el buceo. Sumado son m\u00e1s de 10 puntos para el buceo.<\/p>\n<p class=\"p1\">Los dos m\u00e1s buscados en Ilha Grande son el naufragio del barco Pinguino, conocido por ser uno de los m\u00e1s visitados de Brasil, y el Ponto da Praia Vermelha.<span class=\"Apple-converted-space\">\u00a0<\/span><\/p>\n<p class=\"p1\">\u00a1Este lugar es un verdadero archipi\u00e9lago! En Diving Ilha Grande, podemos cruzarnos con una gran variedad de peces, hermosas estrellas de mar, tortugas y, en un d\u00eda de mucha suerte, delfines.<span class=\"Apple-converted-space\">\u00a0<\/span><\/p>\n<p class=\"p1\">Para quien visita los puntos de buceo de Ilha Grande, encontrar\u00e1 otro mundo, lleno de vida, bajo el coraz\u00f3n de Angra.<\/p>\n<p class=\"p1\">En Buceo en Ilha Grande tendr\u00e1s una experiencia para toda la vida, y entender\u00e1s por qu\u00e9 esta isla es tan buscada por los turistas.<span class=\"Apple-converted-space\">\u00a0<\/span><\/p>","protected":false},"excerpt":{"rendered":"<p>En la experiencia de buceo en Ilha Grande en la modalidad de bautismo, tendr\u00e1s la oportunidad de conocer los lugares m\u00e1s hermosos para bucear en la capital nacional del buceo sin necesidad de tener experiencia previa, ni siquiera saber nadar.<\/p>","protected":false},"featured_media":19294,"parent":0,"template":"","meta":[],"product_cat":[29],"product_tag":[],"yoast_head":"<!-- This site is optimized with the Yoast SEO plugin v20.0 - https:\/\/yoast.com\/wordpress\/plugins\/seo\/ -->\n<title>Mergulho Ilha Grande para iniciantes - Ikigai Experience<\/title>\n<meta name=\"description\" content=\"Venha conhecer um dos maiores para\u00edsos naturais do estado do Rio de Janeiro, fa\u00e7a o mergulho Ilha Grande e presencie muita vida marinha.\" \/>\n<meta name=\"robots\" content=\"index, follow, max-snippet:-1, max-image-preview:large, max-video-preview:-1\" \/>\n<link rel=\"canonical\" href=\"https:\/\/ikigaiexperience.com.br\/es\/experiencias\/buceo-ilha-grande\/\" \/>\n<meta property=\"og:locale\" content=\"es_ES\" \/>\n<meta property=\"og:type\" content=\"article\" \/>\n<meta property=\"og:title\" content=\"Mergulho Ilha Grande para iniciantes - Ikigai Experience\" \/>\n<meta property=\"og:description\" content=\"Venha conhecer um dos maiores para\u00edsos naturais do estado do Rio de Janeiro, fa\u00e7a o mergulho Ilha Grande e presencie muita vida marinha.\" \/>\n<meta property=\"og:url\" content=\"https:\/\/ikigaiexperience.com.br\/es\/experiencias\/buceo-ilha-grande\/\" \/>\n<meta property=\"og:site_name\" content=\"Ikigai Experience\" \/>\n<meta property=\"article:publisher\" content=\"https:\/\/www.facebook.com\/Ikigai-Experience-100452311832822\" \/>\n<meta property=\"article:modified_time\" content=\"2022-11-03T02:07:38+00:00\" \/>\n<meta property=\"og:image\" content=\"https:\/\/ikigaiexperience.com.br\/wp-content\/uploads\/2022\/07\/mergulho-ilha-grande-capa.jpg\" \/>\n\t<meta property=\"og:image:width\" content=\"935\" \/>\n\t<meta property=\"og:image:height\" content=\"622\" \/>\n\t<meta property=\"og:image:type\" content=\"image\/jpeg\" \/>\n<meta name=\"twitter:card\" content=\"summary_large_image\" \/>\n<meta name=\"twitter:label1\" content=\"Tiempo de lectura\" \/>\n\t<meta name=\"twitter:data1\" content=\"2 minutos\" \/>\n<script type=\"application\/ld+json\" class=\"yoast-schema-graph\">{\"@context\":\"https:\/\/schema.org\",\"@graph\":[{\"@type\":\"WebPage\",\"@id\":\"https:\/\/ikigaiexperience.com.br\/experiencias\/mergulho-ilha-grande\/\",\"url\":\"https:\/\/ikigaiexperience.com.br\/experiencias\/mergulho-ilha-grande\/\",\"name\":\"Mergulho Ilha Grande para iniciantes - Ikigai Experience\",\"isPartOf\":{\"@id\":\"https:\/\/ikigaiexperience.com.br\/#website\"},\"datePublished\":\"2022-07-06T00:25:59+00:00\",\"dateModified\":\"2022-11-03T02:07:38+00:00\",\"description\":\"Venha conhecer um dos maiores para\u00edsos naturais do estado do Rio de Janeiro, fa\u00e7a o mergulho Ilha Grande e presencie muita vida marinha.\",\"breadcrumb\":{\"@id\":\"https:\/\/ikigaiexperience.com.br\/experiencias\/mergulho-ilha-grande\/#breadcrumb\"},\"inLanguage\":\"es\",\"potentialAction\":[{\"@type\":\"ReadAction\",\"target\":[\"https:\/\/ikigaiexperience.com.br\/experiencias\/mergulho-ilha-grande\/\"]}]},{\"@type\":\"BreadcrumbList\",\"@id\":\"https:\/\/ikigaiexperience.com.br\/experiencias\/mergulho-ilha-grande\/#breadcrumb\",\"itemListElement\":[{\"@type\":\"ListItem\",\"position\":1,\"name\":\"In\u00edcio\",\"item\":\"https:\/\/ikigaiexperience.com.br\/\"},{\"@type\":\"ListItem\",\"position\":2,\"name\":\"Mergulho\",\"item\":\"https:\/\/ikigaiexperience.com.br\/experiencia-categoria\/mergulho\/\"},{\"@type\":\"ListItem\",\"position\":3,\"name\":\"Mergulho Ilha Grande para iniciantes\"}]},{\"@type\":\"WebSite\",\"@id\":\"https:\/\/ikigaiexperience.com.br\/#website\",\"url\":\"https:\/\/ikigaiexperience.com.br\/\",\"name\":\"Ikigai Experience\",\"description\":\"Reserve seu mergulho de um modo f\u00e1cil, r\u00e1pido e divertido.\",\"publisher\":{\"@id\":\"https:\/\/ikigaiexperience.com.br\/#organization\"},\"potentialAction\":[{\"@type\":\"SearchAction\",\"target\":{\"@type\":\"EntryPoint\",\"urlTemplate\":\"https:\/\/ikigaiexperience.com.br\/?s={search_term_string}\"},\"query-input\":\"required name=search_term_string\"}],\"inLanguage\":\"es\"},{\"@type\":\"Organization\",\"@id\":\"https:\/\/ikigaiexperience.com.br\/#organization\",\"name\":\"Ikigai Experience\",\"url\":\"https:\/\/ikigaiexperience.com.br\/\",\"logo\":{\"@type\":\"ImageObject\",\"inLanguage\":\"es\",\"@id\":\"https:\/\/ikigaiexperience.com.br\/#\/schema\/logo\/image\/\",\"url\":\"https:\/\/ikigaiexperience.com.br\/wp-content\/uploads\/2021\/06\/Ikigai-Experience-Horizontal-Branco.png\",\"contentUrl\":\"https:\/\/ikigaiexperience.com.br\/wp-content\/uploads\/2021\/06\/Ikigai-Experience-Horizontal-Branco.png\",\"width\":924,\"height\":249,\"caption\":\"Ikigai Experience\"},\"image\":{\"@id\":\"https:\/\/ikigaiexperience.com.br\/#\/schema\/logo\/image\/\"},\"sameAs\":[\"https:\/\/www.instagram.com\/theikigaiexperience\/\",\"https:\/\/www.linkedin.com\/company\/ikigai-experience\",\"https:\/\/www.youtube.com\/channel\/UC8qpgAQ3P89h79oP9ymmo7Q\",\"https:\/\/www.facebook.com\/Ikigai-Experience-100452311832822\"]}]}<\/script>\n<!-- \/ Yoast SEO plugin. -->","yoast_head_json":{"title":"Mergulho Ilha Grande para iniciantes - Ikigai Experience","description":"Venha conhecer um dos maiores para\u00edsos naturais do estado do Rio de Janeiro, fa\u00e7a o mergulho Ilha Grande e presencie muita vida marinha.","robots":{"index":"index","follow":"follow","max-snippet":"max-snippet:-1","max-image-preview":"max-image-preview:large","max-video-preview":"max-video-preview:-1"},"canonical":"https:\/\/ikigaiexperience.com.br\/es\/experiencias\/buceo-ilha-grande\/","og_locale":"es_ES","og_type":"article","og_title":"Mergulho Ilha Grande para iniciantes - Ikigai Experience","og_description":"Venha conhecer um dos maiores para\u00edsos naturais do estado do Rio de Janeiro, fa\u00e7a o mergulho Ilha Grande e presencie muita vida marinha.","og_url":"https:\/\/ikigaiexperience.com.br\/es\/experiencias\/buceo-ilha-grande\/","og_site_name":"Ikigai Experience","article_publisher":"https:\/\/www.facebook.com\/Ikigai-Experience-100452311832822","article_modified_time":"2022-11-03T02:07:38+00:00","og_image":[{"width":935,"height":622,"url":"https:\/\/ikigaiexperience.com.br\/wp-content\/uploads\/2022\/07\/mergulho-ilha-grande-capa.jpg","type":"image\/jpeg"}],"twitter_card":"summary_large_image","twitter_misc":{"Tiempo de lectura":"2 minutos"},"schema":{"@context":"https:\/\/schema.org","@graph":[{"@type":"WebPage","@id":"https:\/\/ikigaiexperience.com.br\/experiencias\/mergulho-ilha-grande\/","url":"https:\/\/ikigaiexperience.com.br\/experiencias\/mergulho-ilha-grande\/","name":"Mergulho Ilha Grande para iniciantes - Ikigai Experience","isPartOf":{"@id":"https:\/\/ikigaiexperience.com.br\/#website"},"datePublished":"2022-07-06T00:25:59+00:00","dateModified":"2022-11-03T02:07:38+00:00","description":"Venha conhecer um dos maiores para\u00edsos naturais do estado do Rio de Janeiro, fa\u00e7a o mergulho Ilha Grande e presencie muita vida marinha.","breadcrumb":{"@id":"https:\/\/ikigaiexperience.com.br\/experiencias\/mergulho-ilha-grande\/#breadcrumb"},"inLanguage":"es","potentialAction":[{"@type":"ReadAction","target":["https:\/\/ikigaiexperience.com.br\/experiencias\/mergulho-ilha-grande\/"]}]},{"@type":"BreadcrumbList","@id":"https:\/\/ikigaiexperience.com.br\/experiencias\/mergulho-ilha-grande\/#breadcrumb","itemListElement":[{"@type":"ListItem","position":1,"name":"In\u00edcio","item":"https:\/\/ikigaiexperience.com.br\/"},{"@type":"ListItem","position":2,"name":"Mergulho","item":"https:\/\/ikigaiexperience.com.br\/experiencia-categoria\/mergulho\/"},{"@type":"ListItem","position":3,"name":"Mergulho Ilha Grande para iniciantes"}]},{"@type":"WebSite","@id":"https:\/\/ikigaiexperience.com.br\/#website","url":"https:\/\/ikigaiexperience.com.br\/","name":"Ikigai Experience","description":"Reserve seu mergulho de um modo f\u00e1cil, r\u00e1pido e divertido.","publisher":{"@id":"https:\/\/ikigaiexperience.com.br\/#organization"},"potentialAction":[{"@type":"SearchAction","target":{"@type":"EntryPoint","urlTemplate":"https:\/\/ikigaiexperience.com.br\/?s={search_term_string}"},"query-input":"required name=search_term_string"}],"inLanguage":"es"},{"@type":"Organization","@id":"https:\/\/ikigaiexperience.com.br\/#organization","name":"Ikigai Experience","url":"https:\/\/ikigaiexperience.com.br\/","logo":{"@type":"ImageObject","inLanguage":"es","@id":"https:\/\/ikigaiexperience.com.br\/#\/schema\/logo\/image\/","url":"https:\/\/ikigaiexperience.com.br\/wp-content\/uploads\/2021\/06\/Ikigai-Experience-Horizontal-Branco.png","contentUrl":"https:\/\/ikigaiexperience.com.br\/wp-content\/uploads\/2021\/06\/Ikigai-Experience-Horizontal-Branco.png","width":924,"height":249,"caption":"Ikigai Experience"},"image":{"@id":"https:\/\/ikigaiexperience.com.br\/#\/schema\/logo\/image\/"},"sameAs":["https:\/\/www.instagram.com\/theikigaiexperience\/","https:\/\/www.linkedin.com\/company\/ikigai-experience","https:\/\/www.youtube.com\/channel\/UC8qpgAQ3P89h79oP9ymmo7Q","https:\/\/www.facebook.com\/Ikigai-Experience-100452311832822"]}]}},"_links":{"self":[{"href":"https:\/\/ikigaiexperience.com.br\/es\/wp-json\/wp\/v2\/product\/19408"}],"collection":[{"href":"https:\/\/ikigaiexperience.com.br\/es\/wp-json\/wp\/v2\/product"}],"about":[{"href":"https:\/\/ikigaiexperience.com.br\/es\/wp-json\/wp\/v2\/types\/product"}],"version-history":[{"count":0,"href":"https:\/\/ikigaiexperience.com.br\/es\/wp-json\/wp\/v2\/product\/19408\/revisions"}],"wp:featuredmedia":[{"embeddable":true,"href":"https:\/\/ikigaiexperience.com.br\/es\/wp-json\/wp\/v2\/media\/19294"}],"wp:attachment":[{"href":"https:\/\/ikigaiexperience.com.br\/es\/wp-json\/wp\/v2\/media?parent=19408"}],"wp:term":[{"taxonomy":"product_cat","embeddable":true,"href":"https:\/\/ikigaiexperience.com.br\/es\/wp-json\/wp\/v2\/product_cat?post=19408"},{"taxonomy":"product_tag","embeddable":true,"href":"https:\/\/ikigaiexperience.com.br\/es\/wp-json\/wp\/v2\/product_tag?post=19408"}],"curies":[{"name":"wp","href":"https:\/\/api.w.org\/{rel}","templated":true}]}}