{"id":19406,"date":"2022-07-05T19:53:30","date_gmt":"2022-07-05T22:53:30","guid":{"rendered":"https:\/\/ikigaiexperience.com.br\/?post_type=product&#038;p=19406"},"modified":"2022-11-02T23:51:15","modified_gmt":"2022-11-03T02:51:15","slug":"mergulho-guarapari","status":"publish","type":"product","link":"https:\/\/ikigaiexperience.com.br\/es\/experiencias\/buceo-guarapari\/","title":{"rendered":"Buceo Guarapari para principiantes"},"content":{"rendered":"<h3><strong>Buceo Guarapari<\/strong><\/h3>\n<p>Situado en mar abierto, Mergulho Guarapari est\u00e1 en la punta de Baiuana. Un destino para buceadores profesionales, el sitio de buceo se encuentra a unos 10 km de la costa.<\/p>\n<p><span style=\"font-weight: 400;\">Conocida por ser una de las ciudades con m\u00e1s puntos de buceo para visitar en el pa\u00eds, Guarapari encanta con su fauna y flora marina. Si buscas aventura, Baiuana es el lugar indicado.\u00a0<\/span><\/p>\n<h3><strong>Experiencia de buceo en Bah\u00eda<\/strong><\/h3>\n<p><span style=\"font-weight: 400;\">Para vivir una experiencia inolvidable en <\/span>Buceo Guarapari, el acreditado debe recorrer 12 millas en el hermoso mar azul para llegar al punto de buceo de Baiuana.<\/p>\n<p>Ahora a m\u00e1s de 42 metros de profundidad, en el buceo, estar en contacto con pulpos, langostas y una variedad de peces que siempre est\u00e1n de paso.<\/p>\n<p>En el fondo de Baiuana, el punto de buceo alberga una variedad de ejemplares de seres vivos. Y debido a que est\u00e1 cerca del mar abierto, las corrientes traen de visita a los reyes del oc\u00e9ano. Si pensaste en tiburones, tienes raz\u00f3n.<\/p>\n<p>En las \u00e9pocas m\u00e1s calurosas del a\u00f1o, la visibilidad en Baiuana alcanza los 25 metros, lo que permite ver con mayor claridad peces como la famosa diana, adem\u00e1s de azadas, merl\u00e1n y pargo.<\/p>\n<p>Las aguas claras de Guarapari enamoran a los buzos, pero si crees que el punto de buceo de Baiuana es un paso muy grande, en Mergulho Guarapari hay infinitas posibilidades, incluso para el bautismo.<\/p>\n<p>Ilha da Raposa es un buen ejemplo, durante el verano, el buceo en sus aguas azules es casi un evento obligatorio.<\/p>\n<p>Emb\u00e1rcate en un viaje y descubre las bellezas que el fondo marino tiene para ofrecer a sus visitantes. Solo no olvides traer tu equipo para explorar.<\/p>\n<p>En Mergulho Guarapari, un punto en Baiuana, tenga una experiencia \u00fanica para guardar en sus recuerdos.<\/p>","protected":false},"excerpt":{"rendered":"<p>En la experiencia de buceo en Guarapari en la modalidad de bautismo, tendr\u00e1s la oportunidad de conocer los lugares m\u00e1s hermosos para bucear en la capital nacional del buceo sin necesidad de tener experiencia previa, ni siquiera saber nadar.<\/p>","protected":false},"featured_media":19293,"parent":0,"template":"","meta":[],"product_cat":[29],"product_tag":[],"yoast_head":"<!-- This site is optimized with the Yoast SEO plugin v20.0 - https:\/\/yoast.com\/wordpress\/plugins\/seo\/ -->\n<title>Mergulho Guarapari para iniciantes - Ikigai Experience<\/title>\n<meta name=\"description\" content=\"Venha mergulhar em Guarapari e descubra um mundo incr\u00edvel de baixo da agua.\" \/>\n<meta name=\"robots\" content=\"index, follow, max-snippet:-1, max-image-preview:large, max-video-preview:-1\" \/>\n<link rel=\"canonical\" href=\"https:\/\/ikigaiexperience.com.br\/es\/experiencias\/buceo-guarapari\/\" \/>\n<meta property=\"og:locale\" content=\"es_ES\" \/>\n<meta property=\"og:type\" content=\"article\" \/>\n<meta property=\"og:title\" content=\"Mergulho Guarapari para iniciantes - Ikigai Experience\" \/>\n<meta property=\"og:description\" content=\"Venha mergulhar em Guarapari e descubra um mundo incr\u00edvel de baixo da agua.\" \/>\n<meta property=\"og:url\" content=\"https:\/\/ikigaiexperience.com.br\/es\/experiencias\/buceo-guarapari\/\" \/>\n<meta property=\"og:site_name\" content=\"Ikigai Experience\" \/>\n<meta property=\"article:publisher\" content=\"https:\/\/www.facebook.com\/Ikigai-Experience-100452311832822\" \/>\n<meta property=\"article:modified_time\" content=\"2022-11-03T02:51:15+00:00\" \/>\n<meta property=\"og:image\" content=\"https:\/\/ikigaiexperience.com.br\/wp-content\/uploads\/2022\/07\/mergulho-guarapari-capa.jpg\" \/>\n\t<meta property=\"og:image:width\" content=\"935\" \/>\n\t<meta property=\"og:image:height\" content=\"622\" \/>\n\t<meta property=\"og:image:type\" content=\"image\/jpeg\" \/>\n<meta name=\"twitter:card\" content=\"summary_large_image\" \/>\n<meta name=\"twitter:label1\" content=\"Tiempo de lectura\" \/>\n\t<meta name=\"twitter:data1\" content=\"2 minutos\" \/>\n<script type=\"application\/ld+json\" class=\"yoast-schema-graph\">{\"@context\":\"https:\/\/schema.org\",\"@graph\":[{\"@type\":\"WebPage\",\"@id\":\"https:\/\/ikigaiexperience.com.br\/experiencias\/mergulho-guarapari\/\",\"url\":\"https:\/\/ikigaiexperience.com.br\/experiencias\/mergulho-guarapari\/\",\"name\":\"Mergulho Guarapari para iniciantes - Ikigai Experience\",\"isPartOf\":{\"@id\":\"https:\/\/ikigaiexperience.com.br\/#website\"},\"datePublished\":\"2022-07-05T22:53:30+00:00\",\"dateModified\":\"2022-11-03T02:51:15+00:00\",\"description\":\"Venha mergulhar em Guarapari e descubra um mundo incr\u00edvel de baixo da agua.\",\"breadcrumb\":{\"@id\":\"https:\/\/ikigaiexperience.com.br\/experiencias\/mergulho-guarapari\/#breadcrumb\"},\"inLanguage\":\"es\",\"potentialAction\":[{\"@type\":\"ReadAction\",\"target\":[\"https:\/\/ikigaiexperience.com.br\/experiencias\/mergulho-guarapari\/\"]}]},{\"@type\":\"BreadcrumbList\",\"@id\":\"https:\/\/ikigaiexperience.com.br\/experiencias\/mergulho-guarapari\/#breadcrumb\",\"itemListElement\":[{\"@type\":\"ListItem\",\"position\":1,\"name\":\"In\u00edcio\",\"item\":\"https:\/\/ikigaiexperience.com.br\/\"},{\"@type\":\"ListItem\",\"position\":2,\"name\":\"Mergulho\",\"item\":\"https:\/\/ikigaiexperience.com.br\/experiencia-categoria\/mergulho\/\"},{\"@type\":\"ListItem\",\"position\":3,\"name\":\"Mergulho Guarapari para iniciantes\"}]},{\"@type\":\"WebSite\",\"@id\":\"https:\/\/ikigaiexperience.com.br\/#website\",\"url\":\"https:\/\/ikigaiexperience.com.br\/\",\"name\":\"Ikigai Experience\",\"description\":\"Reserve seu mergulho de um modo f\u00e1cil, r\u00e1pido e divertido.\",\"publisher\":{\"@id\":\"https:\/\/ikigaiexperience.com.br\/#organization\"},\"potentialAction\":[{\"@type\":\"SearchAction\",\"target\":{\"@type\":\"EntryPoint\",\"urlTemplate\":\"https:\/\/ikigaiexperience.com.br\/?s={search_term_string}\"},\"query-input\":\"required name=search_term_string\"}],\"inLanguage\":\"es\"},{\"@type\":\"Organization\",\"@id\":\"https:\/\/ikigaiexperience.com.br\/#organization\",\"name\":\"Ikigai Experience\",\"url\":\"https:\/\/ikigaiexperience.com.br\/\",\"logo\":{\"@type\":\"ImageObject\",\"inLanguage\":\"es\",\"@id\":\"https:\/\/ikigaiexperience.com.br\/#\/schema\/logo\/image\/\",\"url\":\"https:\/\/ikigaiexperience.com.br\/wp-content\/uploads\/2021\/06\/Ikigai-Experience-Horizontal-Branco.png\",\"contentUrl\":\"https:\/\/ikigaiexperience.com.br\/wp-content\/uploads\/2021\/06\/Ikigai-Experience-Horizontal-Branco.png\",\"width\":924,\"height\":249,\"caption\":\"Ikigai Experience\"},\"image\":{\"@id\":\"https:\/\/ikigaiexperience.com.br\/#\/schema\/logo\/image\/\"},\"sameAs\":[\"https:\/\/www.instagram.com\/theikigaiexperience\/\",\"https:\/\/www.linkedin.com\/company\/ikigai-experience\",\"https:\/\/www.youtube.com\/channel\/UC8qpgAQ3P89h79oP9ymmo7Q\",\"https:\/\/www.facebook.com\/Ikigai-Experience-100452311832822\"]}]}<\/script>\n<!-- \/ Yoast SEO plugin. -->","yoast_head_json":{"title":"Mergulho Guarapari para iniciantes - Ikigai Experience","description":"Venha mergulhar em Guarapari e descubra um mundo incr\u00edvel de baixo da agua.","robots":{"index":"index","follow":"follow","max-snippet":"max-snippet:-1","max-image-preview":"max-image-preview:large","max-video-preview":"max-video-preview:-1"},"canonical":"https:\/\/ikigaiexperience.com.br\/es\/experiencias\/buceo-guarapari\/","og_locale":"es_ES","og_type":"article","og_title":"Mergulho Guarapari para iniciantes - Ikigai Experience","og_description":"Venha mergulhar em Guarapari e descubra um mundo incr\u00edvel de baixo da agua.","og_url":"https:\/\/ikigaiexperience.com.br\/es\/experiencias\/buceo-guarapari\/","og_site_name":"Ikigai Experience","article_publisher":"https:\/\/www.facebook.com\/Ikigai-Experience-100452311832822","article_modified_time":"2022-11-03T02:51:15+00:00","og_image":[{"width":935,"height":622,"url":"https:\/\/ikigaiexperience.com.br\/wp-content\/uploads\/2022\/07\/mergulho-guarapari-capa.jpg","type":"image\/jpeg"}],"twitter_card":"summary_large_image","twitter_misc":{"Tiempo de lectura":"2 minutos"},"schema":{"@context":"https:\/\/schema.org","@graph":[{"@type":"WebPage","@id":"https:\/\/ikigaiexperience.com.br\/experiencias\/mergulho-guarapari\/","url":"https:\/\/ikigaiexperience.com.br\/experiencias\/mergulho-guarapari\/","name":"Mergulho Guarapari para iniciantes - Ikigai Experience","isPartOf":{"@id":"https:\/\/ikigaiexperience.com.br\/#website"},"datePublished":"2022-07-05T22:53:30+00:00","dateModified":"2022-11-03T02:51:15+00:00","description":"Venha mergulhar em Guarapari e descubra um mundo incr\u00edvel de baixo da agua.","breadcrumb":{"@id":"https:\/\/ikigaiexperience.com.br\/experiencias\/mergulho-guarapari\/#breadcrumb"},"inLanguage":"es","potentialAction":[{"@type":"ReadAction","target":["https:\/\/ikigaiexperience.com.br\/experiencias\/mergulho-guarapari\/"]}]},{"@type":"BreadcrumbList","@id":"https:\/\/ikigaiexperience.com.br\/experiencias\/mergulho-guarapari\/#breadcrumb","itemListElement":[{"@type":"ListItem","position":1,"name":"In\u00edcio","item":"https:\/\/ikigaiexperience.com.br\/"},{"@type":"ListItem","position":2,"name":"Mergulho","item":"https:\/\/ikigaiexperience.com.br\/experiencia-categoria\/mergulho\/"},{"@type":"ListItem","position":3,"name":"Mergulho Guarapari para iniciantes"}]},{"@type":"WebSite","@id":"https:\/\/ikigaiexperience.com.br\/#website","url":"https:\/\/ikigaiexperience.com.br\/","name":"Ikigai Experience","description":"Reserve seu mergulho de um modo f\u00e1cil, r\u00e1pido e divertido.","publisher":{"@id":"https:\/\/ikigaiexperience.com.br\/#organization"},"potentialAction":[{"@type":"SearchAction","target":{"@type":"EntryPoint","urlTemplate":"https:\/\/ikigaiexperience.com.br\/?s={search_term_string}"},"query-input":"required name=search_term_string"}],"inLanguage":"es"},{"@type":"Organization","@id":"https:\/\/ikigaiexperience.com.br\/#organization","name":"Ikigai Experience","url":"https:\/\/ikigaiexperience.com.br\/","logo":{"@type":"ImageObject","inLanguage":"es","@id":"https:\/\/ikigaiexperience.com.br\/#\/schema\/logo\/image\/","url":"https:\/\/ikigaiexperience.com.br\/wp-content\/uploads\/2021\/06\/Ikigai-Experience-Horizontal-Branco.png","contentUrl":"https:\/\/ikigaiexperience.com.br\/wp-content\/uploads\/2021\/06\/Ikigai-Experience-Horizontal-Branco.png","width":924,"height":249,"caption":"Ikigai Experience"},"image":{"@id":"https:\/\/ikigaiexperience.com.br\/#\/schema\/logo\/image\/"},"sameAs":["https:\/\/www.instagram.com\/theikigaiexperience\/","https:\/\/www.linkedin.com\/company\/ikigai-experience","https:\/\/www.youtube.com\/channel\/UC8qpgAQ3P89h79oP9ymmo7Q","https:\/\/www.facebook.com\/Ikigai-Experience-100452311832822"]}]}},"_links":{"self":[{"href":"https:\/\/ikigaiexperience.com.br\/es\/wp-json\/wp\/v2\/product\/19406"}],"collection":[{"href":"https:\/\/ikigaiexperience.com.br\/es\/wp-json\/wp\/v2\/product"}],"about":[{"href":"https:\/\/ikigaiexperience.com.br\/es\/wp-json\/wp\/v2\/types\/product"}],"version-history":[{"count":0,"href":"https:\/\/ikigaiexperience.com.br\/es\/wp-json\/wp\/v2\/product\/19406\/revisions"}],"wp:featuredmedia":[{"embeddable":true,"href":"https:\/\/ikigaiexperience.com.br\/es\/wp-json\/wp\/v2\/media\/19293"}],"wp:attachment":[{"href":"https:\/\/ikigaiexperience.com.br\/es\/wp-json\/wp\/v2\/media?parent=19406"}],"wp:term":[{"taxonomy":"product_cat","embeddable":true,"href":"https:\/\/ikigaiexperience.com.br\/es\/wp-json\/wp\/v2\/product_cat?post=19406"},{"taxonomy":"product_tag","embeddable":true,"href":"https:\/\/ikigaiexperience.com.br\/es\/wp-json\/wp\/v2\/product_tag?post=19406"}],"curies":[{"name":"wp","href":"https:\/\/api.w.org\/{rel}","templated":true}]}}