{"id":19287,"date":"2022-07-04T20:07:19","date_gmt":"2022-07-04T23:07:19","guid":{"rendered":"https:\/\/ikigaiexperience.com.br\/?post_type=product&#038;p=19287"},"modified":"2022-11-02T23:12:09","modified_gmt":"2022-11-03T02:12:09","slug":"mergulho-jericoacoara","status":"publish","type":"product","link":"https:\/\/ikigaiexperience.com.br\/es\/experiencias\/buceo-jericoacoara\/","title":{"rendered":"Jericoacoara buceo para principiantes"},"content":{"rendered":"<h3><strong>buceo en jericoacoara<\/strong><\/h3>\n<p><span style=\"font-weight: 400;\">Conocida como un para\u00edso, la ciudad de Jericoacoara encanta con sus bellezas naturales. Pero, \u00bfsab\u00eda usted que la ciudad fue la primera de Brasil en instalar una galer\u00eda de arte submarina para contar su historia?\u00a0<\/span><\/p>\n<p><span style=\"font-weight: 400;\">Visto como un \u00e1rea de protecci\u00f3n ambiental, el <\/span>buceo en jericoacoara<span style=\"font-weight: 400;\"> Tiene hermosas esculturas en la Galer\u00eda de Arte Sumergido de Jericoacoara, ubicada a 5 metros de profundidad, en Lagoa do Para\u00edso.<\/span><\/p>\n<h3><strong>Experiencia de buceo en Lagoa do Para\u00edso<\/strong><\/h3>\n<p><span style=\"font-weight: 400;\">Visitar la primera Galer\u00eda de Arte Subacu\u00e1tico del pa\u00eds est\u00e1 en el coraz\u00f3n de la Lagoa do Para\u00edso, a una profundidad excelente para el bautismo de buceo.\u00a0<\/span><\/p>\n<p><span style=\"font-weight: 400;\">La experiencia de buceo en la Galer\u00eda de Arte Sumergido cuenta con 14 obras que cuentan un poco de la historia de la ciudad de Jericoacoara.\u00a0<\/span><\/p>\n<p><span style=\"font-weight: 400;\">14 obras diseminadas por Lagoa do Para\u00edso que, a trav\u00e9s de sus representaciones, cobran mayor protagonismo los mitos locales del incre\u00edble pasado de la villa de pescadores.\u00a0<\/span><\/p>\n<p><span style=\"font-weight: 400;\">\u00a0En el <\/span>buceo en jericoacoara<span style=\"font-weight: 400;\">, el buceo tiene una duraci\u00f3n promedio de 30 a 40 minutos, a una profundidad de casi 4 metros, lo que entrega un momento inolvidable.\u00a0<\/span><\/p>\n<p><span style=\"font-weight: 400;\">Una curiosidad interesante es que las obras, en la Galer\u00eda de Arte Sumergido, fueron realizadas por un artista de Cear\u00e1, en un material llamado hormig\u00f3n mar\u00edtimo, que no es da\u00f1ino para la vida marina de la Lagoa do Para\u00edso.\u00a0<\/span><\/p>\n<p><span style=\"font-weight: 400;\">Lo m\u00e1s sorprendente es que este hormig\u00f3n marino tiene un material espec\u00edfico que permite la aglomeraci\u00f3n de vida marina en las esculturas, es decir, las esculturas son colonias con miles de organismos vivos.\u00a0<\/span><\/p>\n<p><span style=\"font-weight: 400;\">En el <\/span>buceo en jericoacoara<b>, <\/b><span style=\"font-weight: 400;\">en la Galer\u00eda de Arte Sumergido, trae una experiencia inolvidable. Es una gran opci\u00f3n para experimentar una inmersi\u00f3n bautismal en Lagoa do Para\u00edso.\u00a0<\/span><\/p>\n<p><span style=\"font-weight: 400;\">Entonces, \u00a1haga las maletas y emprenda un viaje para visitar el antiguo pueblo de pescadores que encanta al mundo!\u00a0 <\/span><\/p>","protected":false},"excerpt":{"rendered":"<p>En la experiencia de buceo en Jericoacoara en la modalidad de bautismo, tendr\u00e1s la oportunidad de conocer los lugares m\u00e1s hermosos para bucear en la regi\u00f3n sin necesidad de tener experiencia previa, ni siquiera saber nadar.<\/p>","protected":false},"featured_media":19295,"parent":0,"template":"","meta":[],"product_cat":[29],"product_tag":[],"yoast_head":"<!-- This site is optimized with the Yoast SEO plugin v20.0 - https:\/\/yoast.com\/wordpress\/plugins\/seo\/ -->\n<title>Mergulho Jericoacoara para iniciantes - Ikigai Experience<\/title>\n<meta name=\"description\" content=\"Venha viver experi\u00eancias \u00fanicas durante sua viagem, experimente o mergulho em jericoacoara e fa\u00e7a da sua viagem algo \u00fanico.\" \/>\n<meta name=\"robots\" content=\"index, follow, max-snippet:-1, max-image-preview:large, max-video-preview:-1\" \/>\n<link rel=\"canonical\" href=\"https:\/\/ikigaiexperience.com.br\/es\/experiencias\/buceo-jericoacoara\/\" \/>\n<meta property=\"og:locale\" content=\"es_ES\" \/>\n<meta property=\"og:type\" content=\"article\" \/>\n<meta property=\"og:title\" content=\"Mergulho Jericoacoara para iniciantes - Ikigai Experience\" \/>\n<meta property=\"og:description\" content=\"Venha viver experi\u00eancias \u00fanicas durante sua viagem, experimente o mergulho em jericoacoara e fa\u00e7a da sua viagem algo \u00fanico.\" \/>\n<meta property=\"og:url\" content=\"https:\/\/ikigaiexperience.com.br\/es\/experiencias\/buceo-jericoacoara\/\" \/>\n<meta property=\"og:site_name\" content=\"Ikigai Experience\" \/>\n<meta property=\"article:publisher\" content=\"https:\/\/www.facebook.com\/Ikigai-Experience-100452311832822\" \/>\n<meta property=\"article:modified_time\" content=\"2022-11-03T02:12:09+00:00\" \/>\n<meta property=\"og:image\" content=\"https:\/\/ikigaiexperience.com.br\/wp-content\/uploads\/2022\/07\/mergulho-jeriquaquara-capa.jpg\" \/>\n\t<meta property=\"og:image:width\" content=\"935\" \/>\n\t<meta property=\"og:image:height\" content=\"622\" \/>\n\t<meta property=\"og:image:type\" content=\"image\/jpeg\" \/>\n<meta name=\"twitter:card\" content=\"summary_large_image\" \/>\n<meta name=\"twitter:label1\" content=\"Tiempo de lectura\" \/>\n\t<meta name=\"twitter:data1\" content=\"2 minutos\" \/>\n<script type=\"application\/ld+json\" class=\"yoast-schema-graph\">{\"@context\":\"https:\/\/schema.org\",\"@graph\":[{\"@type\":\"WebPage\",\"@id\":\"https:\/\/ikigaiexperience.com.br\/experiencias\/mergulho-jericoacoara\/\",\"url\":\"https:\/\/ikigaiexperience.com.br\/experiencias\/mergulho-jericoacoara\/\",\"name\":\"Mergulho Jericoacoara para iniciantes - Ikigai Experience\",\"isPartOf\":{\"@id\":\"https:\/\/ikigaiexperience.com.br\/#website\"},\"datePublished\":\"2022-07-04T23:07:19+00:00\",\"dateModified\":\"2022-11-03T02:12:09+00:00\",\"description\":\"Venha viver experi\u00eancias \u00fanicas durante sua viagem, experimente o mergulho em jericoacoara e fa\u00e7a da sua viagem algo \u00fanico.\",\"breadcrumb\":{\"@id\":\"https:\/\/ikigaiexperience.com.br\/experiencias\/mergulho-jericoacoara\/#breadcrumb\"},\"inLanguage\":\"es\",\"potentialAction\":[{\"@type\":\"ReadAction\",\"target\":[\"https:\/\/ikigaiexperience.com.br\/experiencias\/mergulho-jericoacoara\/\"]}]},{\"@type\":\"BreadcrumbList\",\"@id\":\"https:\/\/ikigaiexperience.com.br\/experiencias\/mergulho-jericoacoara\/#breadcrumb\",\"itemListElement\":[{\"@type\":\"ListItem\",\"position\":1,\"name\":\"In\u00edcio\",\"item\":\"https:\/\/ikigaiexperience.com.br\/\"},{\"@type\":\"ListItem\",\"position\":2,\"name\":\"Mergulho\",\"item\":\"https:\/\/ikigaiexperience.com.br\/experiencia-categoria\/mergulho\/\"},{\"@type\":\"ListItem\",\"position\":3,\"name\":\"Mergulho Jericoacoara para iniciantes\"}]},{\"@type\":\"WebSite\",\"@id\":\"https:\/\/ikigaiexperience.com.br\/#website\",\"url\":\"https:\/\/ikigaiexperience.com.br\/\",\"name\":\"Ikigai Experience\",\"description\":\"Reserve seu mergulho de um modo f\u00e1cil, r\u00e1pido e divertido.\",\"publisher\":{\"@id\":\"https:\/\/ikigaiexperience.com.br\/#organization\"},\"potentialAction\":[{\"@type\":\"SearchAction\",\"target\":{\"@type\":\"EntryPoint\",\"urlTemplate\":\"https:\/\/ikigaiexperience.com.br\/?s={search_term_string}\"},\"query-input\":\"required name=search_term_string\"}],\"inLanguage\":\"es\"},{\"@type\":\"Organization\",\"@id\":\"https:\/\/ikigaiexperience.com.br\/#organization\",\"name\":\"Ikigai Experience\",\"url\":\"https:\/\/ikigaiexperience.com.br\/\",\"logo\":{\"@type\":\"ImageObject\",\"inLanguage\":\"es\",\"@id\":\"https:\/\/ikigaiexperience.com.br\/#\/schema\/logo\/image\/\",\"url\":\"https:\/\/ikigaiexperience.com.br\/wp-content\/uploads\/2021\/06\/Ikigai-Experience-Horizontal-Branco.png\",\"contentUrl\":\"https:\/\/ikigaiexperience.com.br\/wp-content\/uploads\/2021\/06\/Ikigai-Experience-Horizontal-Branco.png\",\"width\":924,\"height\":249,\"caption\":\"Ikigai Experience\"},\"image\":{\"@id\":\"https:\/\/ikigaiexperience.com.br\/#\/schema\/logo\/image\/\"},\"sameAs\":[\"https:\/\/www.instagram.com\/theikigaiexperience\/\",\"https:\/\/www.linkedin.com\/company\/ikigai-experience\",\"https:\/\/www.youtube.com\/channel\/UC8qpgAQ3P89h79oP9ymmo7Q\",\"https:\/\/www.facebook.com\/Ikigai-Experience-100452311832822\"]}]}<\/script>\n<!-- \/ Yoast SEO plugin. -->","yoast_head_json":{"title":"Mergulho Jericoacoara para iniciantes - Ikigai Experience","description":"Venha viver experi\u00eancias \u00fanicas durante sua viagem, experimente o mergulho em jericoacoara e fa\u00e7a da sua viagem algo \u00fanico.","robots":{"index":"index","follow":"follow","max-snippet":"max-snippet:-1","max-image-preview":"max-image-preview:large","max-video-preview":"max-video-preview:-1"},"canonical":"https:\/\/ikigaiexperience.com.br\/es\/experiencias\/buceo-jericoacoara\/","og_locale":"es_ES","og_type":"article","og_title":"Mergulho Jericoacoara para iniciantes - Ikigai Experience","og_description":"Venha viver experi\u00eancias \u00fanicas durante sua viagem, experimente o mergulho em jericoacoara e fa\u00e7a da sua viagem algo \u00fanico.","og_url":"https:\/\/ikigaiexperience.com.br\/es\/experiencias\/buceo-jericoacoara\/","og_site_name":"Ikigai Experience","article_publisher":"https:\/\/www.facebook.com\/Ikigai-Experience-100452311832822","article_modified_time":"2022-11-03T02:12:09+00:00","og_image":[{"width":935,"height":622,"url":"https:\/\/ikigaiexperience.com.br\/wp-content\/uploads\/2022\/07\/mergulho-jeriquaquara-capa.jpg","type":"image\/jpeg"}],"twitter_card":"summary_large_image","twitter_misc":{"Tiempo de lectura":"2 minutos"},"schema":{"@context":"https:\/\/schema.org","@graph":[{"@type":"WebPage","@id":"https:\/\/ikigaiexperience.com.br\/experiencias\/mergulho-jericoacoara\/","url":"https:\/\/ikigaiexperience.com.br\/experiencias\/mergulho-jericoacoara\/","name":"Mergulho Jericoacoara para iniciantes - Ikigai Experience","isPartOf":{"@id":"https:\/\/ikigaiexperience.com.br\/#website"},"datePublished":"2022-07-04T23:07:19+00:00","dateModified":"2022-11-03T02:12:09+00:00","description":"Venha viver experi\u00eancias \u00fanicas durante sua viagem, experimente o mergulho em jericoacoara e fa\u00e7a da sua viagem algo \u00fanico.","breadcrumb":{"@id":"https:\/\/ikigaiexperience.com.br\/experiencias\/mergulho-jericoacoara\/#breadcrumb"},"inLanguage":"es","potentialAction":[{"@type":"ReadAction","target":["https:\/\/ikigaiexperience.com.br\/experiencias\/mergulho-jericoacoara\/"]}]},{"@type":"BreadcrumbList","@id":"https:\/\/ikigaiexperience.com.br\/experiencias\/mergulho-jericoacoara\/#breadcrumb","itemListElement":[{"@type":"ListItem","position":1,"name":"In\u00edcio","item":"https:\/\/ikigaiexperience.com.br\/"},{"@type":"ListItem","position":2,"name":"Mergulho","item":"https:\/\/ikigaiexperience.com.br\/experiencia-categoria\/mergulho\/"},{"@type":"ListItem","position":3,"name":"Mergulho Jericoacoara para iniciantes"}]},{"@type":"WebSite","@id":"https:\/\/ikigaiexperience.com.br\/#website","url":"https:\/\/ikigaiexperience.com.br\/","name":"Ikigai Experience","description":"Reserve seu mergulho de um modo f\u00e1cil, r\u00e1pido e divertido.","publisher":{"@id":"https:\/\/ikigaiexperience.com.br\/#organization"},"potentialAction":[{"@type":"SearchAction","target":{"@type":"EntryPoint","urlTemplate":"https:\/\/ikigaiexperience.com.br\/?s={search_term_string}"},"query-input":"required name=search_term_string"}],"inLanguage":"es"},{"@type":"Organization","@id":"https:\/\/ikigaiexperience.com.br\/#organization","name":"Ikigai Experience","url":"https:\/\/ikigaiexperience.com.br\/","logo":{"@type":"ImageObject","inLanguage":"es","@id":"https:\/\/ikigaiexperience.com.br\/#\/schema\/logo\/image\/","url":"https:\/\/ikigaiexperience.com.br\/wp-content\/uploads\/2021\/06\/Ikigai-Experience-Horizontal-Branco.png","contentUrl":"https:\/\/ikigaiexperience.com.br\/wp-content\/uploads\/2021\/06\/Ikigai-Experience-Horizontal-Branco.png","width":924,"height":249,"caption":"Ikigai Experience"},"image":{"@id":"https:\/\/ikigaiexperience.com.br\/#\/schema\/logo\/image\/"},"sameAs":["https:\/\/www.instagram.com\/theikigaiexperience\/","https:\/\/www.linkedin.com\/company\/ikigai-experience","https:\/\/www.youtube.com\/channel\/UC8qpgAQ3P89h79oP9ymmo7Q","https:\/\/www.facebook.com\/Ikigai-Experience-100452311832822"]}]}},"_links":{"self":[{"href":"https:\/\/ikigaiexperience.com.br\/es\/wp-json\/wp\/v2\/product\/19287"}],"collection":[{"href":"https:\/\/ikigaiexperience.com.br\/es\/wp-json\/wp\/v2\/product"}],"about":[{"href":"https:\/\/ikigaiexperience.com.br\/es\/wp-json\/wp\/v2\/types\/product"}],"version-history":[{"count":0,"href":"https:\/\/ikigaiexperience.com.br\/es\/wp-json\/wp\/v2\/product\/19287\/revisions"}],"wp:featuredmedia":[{"embeddable":true,"href":"https:\/\/ikigaiexperience.com.br\/es\/wp-json\/wp\/v2\/media\/19295"}],"wp:attachment":[{"href":"https:\/\/ikigaiexperience.com.br\/es\/wp-json\/wp\/v2\/media?parent=19287"}],"wp:term":[{"taxonomy":"product_cat","embeddable":true,"href":"https:\/\/ikigaiexperience.com.br\/es\/wp-json\/wp\/v2\/product_cat?post=19287"},{"taxonomy":"product_tag","embeddable":true,"href":"https:\/\/ikigaiexperience.com.br\/es\/wp-json\/wp\/v2\/product_tag?post=19287"}],"curies":[{"name":"wp","href":"https:\/\/api.w.org\/{rel}","templated":true}]}}