{"id":19281,"date":"2022-07-04T18:35:00","date_gmt":"2022-07-04T21:35:00","guid":{"rendered":"https:\/\/ikigaiexperience.com.br\/?post_type=product&#038;p=19281"},"modified":"2022-11-02T23:53:46","modified_gmt":"2022-11-03T02:53:46","slug":"mergulho-bonito","status":"publish","type":"product","link":"https:\/\/ikigaiexperience.com.br\/es\/experiencias\/buceo-bonito\/","title":{"rendered":"Hermoso buceo para principiantes."},"content":{"rendered":"<h3><strong>hermoso buceo<\/strong><\/h3>\n<p><span style=\"font-weight: 400;\">Conocida por sus bellezas naturales, la ciudad de Bonito es muy popular debido a la gran diversidad de puntos para el buceo.\u00a0\u00a0<\/span><\/p>\n<p><span style=\"font-weight: 400;\">\u00bfAlguna vez has o\u00eddo hablar del Abismo de Anhumas? Su profundidad de m\u00e1s de 70 metros da la <\/span>hermoso buceo<span style=\"font-weight: 400;\"> \u00a1el t\u00edtulo de la cueva de buceo abierta m\u00e1s grande del mundo! Esta maravilla est\u00e1 en nuestro pa\u00eds.\u00a0<\/span><\/p>\n<p><span style=\"font-weight: 400;\">Para mantener la seguridad de los buzos, la experiencia de buceo en Abismo Anhumas solo puede ser realizada por un profesional acreditado, ya que 80 metros albergan sus galer\u00edas y formaciones rocosas.\u00a0<\/span><\/p>\n<h3><strong>Experiencia de buceo en el abismo de Anhumas\u00a0<\/strong><\/h3>\n<p><span style=\"font-weight: 400;\">A unos 20 km del centro de Bonito, se encuentra el Abismo Anhumas, una incre\u00edble formaci\u00f3n de la naturaleza con miles de a\u00f1os.\u00a0<\/span><\/p>\n<p><span style=\"font-weight: 400;\">La experiencia de buceo comienza con un gu\u00eda profesional, pero si no est\u00e1s acreditado, nada te impide flotar en el lago del abismo, que es un recuerdo inolvidable.\u00a0<\/span><\/p>\n<p><span style=\"font-weight: 400;\">El abismo se encuentra a pocos metros por debajo de la ciudad de Bonita, esperando la visita de los amantes del buceo profesional.<\/span><\/p>\n<p><span style=\"font-weight: 400;\">Para sumergirse en el abismo siempre es mejor ir acompa\u00f1ado de otro profesional y con el equipo necesario para esa profundidad.<\/span><\/p>\n<p><span style=\"font-weight: 400;\">La aventura de los buzos comienza con un descenso en rappel de exactamente 72 metros, a trav\u00e9s de un pasaje hecho en la roca de entrada.<\/span><\/p>\n<p><span style=\"font-weight: 400;\">Cuando llegamos al final de la bajada, vemos un enorme lago natural de aguas cristalinas.\u00a0<\/span><\/p>\n<p><span style=\"font-weight: 400;\">Los buzos que experimentan la <\/span>hermoso buceo<span style=\"font-weight: 400;\">, en las Anhumas Abismo, cuando alcancen la m\u00e1xima profundidad de profundidad, encontrar\u00e1n sus inmensas galer\u00edas y estalactitas con m\u00e1s de 17 metros.\u00a0<\/span><\/p>\n<p><span style=\"font-weight: 400;\">En el <\/span>hermoso buceo<span style=\"font-weight: 400;\">, en Abismo Anhumas es uno de los lugares de buceo m\u00e1s deseados del mundo. Adem\u00e1s, durante la temporada baja de turismo, termina siendo el mejor momento para zambullirse en el abismo.<\/span><\/p>","protected":false},"excerpt":{"rendered":"<p>En la experiencia de buceo en Bonito en la modalidad de bautismo, tendr\u00e1s la oportunidad de conocer los lugares m\u00e1s hermosos para bucear en la regi\u00f3n sin necesidad de tener experiencia previa, ni siquiera saber nadar.<\/p>","protected":false},"featured_media":19292,"parent":0,"template":"","meta":[],"product_cat":[29],"product_tag":[],"yoast_head":"<!-- This site is optimized with the Yoast SEO plugin v20.0 - https:\/\/yoast.com\/wordpress\/plugins\/seo\/ -->\n<title>Mergulho bonito para iniciantes - Ikigai Experience<\/title>\n<meta name=\"description\" content=\"Explore todas aventuras da natureza desse lugar incr\u00edvel, o mergulho em Bonito ir\u00e1 deixar sua viagem marcada na mem\u00f3ria.\" \/>\n<meta name=\"robots\" content=\"index, follow, max-snippet:-1, max-image-preview:large, max-video-preview:-1\" \/>\n<link rel=\"canonical\" href=\"https:\/\/ikigaiexperience.com.br\/es\/experiencias\/buceo-bonito\/\" \/>\n<meta property=\"og:locale\" content=\"es_ES\" \/>\n<meta property=\"og:type\" content=\"article\" \/>\n<meta property=\"og:title\" content=\"Mergulho bonito para iniciantes - Ikigai Experience\" \/>\n<meta property=\"og:description\" content=\"Explore todas aventuras da natureza desse lugar incr\u00edvel, o mergulho em Bonito ir\u00e1 deixar sua viagem marcada na mem\u00f3ria.\" \/>\n<meta property=\"og:url\" content=\"https:\/\/ikigaiexperience.com.br\/es\/experiencias\/buceo-bonito\/\" \/>\n<meta property=\"og:site_name\" content=\"Ikigai Experience\" \/>\n<meta property=\"article:publisher\" content=\"https:\/\/www.facebook.com\/Ikigai-Experience-100452311832822\" \/>\n<meta property=\"article:modified_time\" content=\"2022-11-03T02:53:46+00:00\" \/>\n<meta property=\"og:image\" content=\"https:\/\/ikigaiexperience.com.br\/wp-content\/uploads\/2022\/07\/mergulho-bonito-capa.jpg\" \/>\n\t<meta property=\"og:image:width\" content=\"935\" \/>\n\t<meta property=\"og:image:height\" content=\"622\" \/>\n\t<meta property=\"og:image:type\" content=\"image\/jpeg\" \/>\n<meta name=\"twitter:card\" content=\"summary_large_image\" \/>\n<meta name=\"twitter:label1\" content=\"Tiempo de lectura\" \/>\n\t<meta name=\"twitter:data1\" content=\"2 minutos\" \/>\n<script type=\"application\/ld+json\" class=\"yoast-schema-graph\">{\"@context\":\"https:\/\/schema.org\",\"@graph\":[{\"@type\":\"WebPage\",\"@id\":\"https:\/\/ikigaiexperience.com.br\/experiencias\/mergulho-bonito\/\",\"url\":\"https:\/\/ikigaiexperience.com.br\/experiencias\/mergulho-bonito\/\",\"name\":\"Mergulho bonito para iniciantes - Ikigai Experience\",\"isPartOf\":{\"@id\":\"https:\/\/ikigaiexperience.com.br\/#website\"},\"datePublished\":\"2022-07-04T21:35:00+00:00\",\"dateModified\":\"2022-11-03T02:53:46+00:00\",\"description\":\"Explore todas aventuras da natureza desse lugar incr\u00edvel, o mergulho em Bonito ir\u00e1 deixar sua viagem marcada na mem\u00f3ria.\",\"breadcrumb\":{\"@id\":\"https:\/\/ikigaiexperience.com.br\/experiencias\/mergulho-bonito\/#breadcrumb\"},\"inLanguage\":\"es\",\"potentialAction\":[{\"@type\":\"ReadAction\",\"target\":[\"https:\/\/ikigaiexperience.com.br\/experiencias\/mergulho-bonito\/\"]}]},{\"@type\":\"BreadcrumbList\",\"@id\":\"https:\/\/ikigaiexperience.com.br\/experiencias\/mergulho-bonito\/#breadcrumb\",\"itemListElement\":[{\"@type\":\"ListItem\",\"position\":1,\"name\":\"In\u00edcio\",\"item\":\"https:\/\/ikigaiexperience.com.br\/\"},{\"@type\":\"ListItem\",\"position\":2,\"name\":\"Mergulho\",\"item\":\"https:\/\/ikigaiexperience.com.br\/experiencia-categoria\/mergulho\/\"},{\"@type\":\"ListItem\",\"position\":3,\"name\":\"Mergulho bonito para iniciantes\"}]},{\"@type\":\"WebSite\",\"@id\":\"https:\/\/ikigaiexperience.com.br\/#website\",\"url\":\"https:\/\/ikigaiexperience.com.br\/\",\"name\":\"Ikigai Experience\",\"description\":\"Reserve seu mergulho de um modo f\u00e1cil, r\u00e1pido e divertido.\",\"publisher\":{\"@id\":\"https:\/\/ikigaiexperience.com.br\/#organization\"},\"potentialAction\":[{\"@type\":\"SearchAction\",\"target\":{\"@type\":\"EntryPoint\",\"urlTemplate\":\"https:\/\/ikigaiexperience.com.br\/?s={search_term_string}\"},\"query-input\":\"required name=search_term_string\"}],\"inLanguage\":\"es\"},{\"@type\":\"Organization\",\"@id\":\"https:\/\/ikigaiexperience.com.br\/#organization\",\"name\":\"Ikigai Experience\",\"url\":\"https:\/\/ikigaiexperience.com.br\/\",\"logo\":{\"@type\":\"ImageObject\",\"inLanguage\":\"es\",\"@id\":\"https:\/\/ikigaiexperience.com.br\/#\/schema\/logo\/image\/\",\"url\":\"https:\/\/ikigaiexperience.com.br\/wp-content\/uploads\/2021\/06\/Ikigai-Experience-Horizontal-Branco.png\",\"contentUrl\":\"https:\/\/ikigaiexperience.com.br\/wp-content\/uploads\/2021\/06\/Ikigai-Experience-Horizontal-Branco.png\",\"width\":924,\"height\":249,\"caption\":\"Ikigai Experience\"},\"image\":{\"@id\":\"https:\/\/ikigaiexperience.com.br\/#\/schema\/logo\/image\/\"},\"sameAs\":[\"https:\/\/www.instagram.com\/theikigaiexperience\/\",\"https:\/\/www.linkedin.com\/company\/ikigai-experience\",\"https:\/\/www.youtube.com\/channel\/UC8qpgAQ3P89h79oP9ymmo7Q\",\"https:\/\/www.facebook.com\/Ikigai-Experience-100452311832822\"]}]}<\/script>\n<!-- \/ Yoast SEO plugin. -->","yoast_head_json":{"title":"Mergulho bonito para iniciantes - Ikigai Experience","description":"Explore todas aventuras da natureza desse lugar incr\u00edvel, o mergulho em Bonito ir\u00e1 deixar sua viagem marcada na mem\u00f3ria.","robots":{"index":"index","follow":"follow","max-snippet":"max-snippet:-1","max-image-preview":"max-image-preview:large","max-video-preview":"max-video-preview:-1"},"canonical":"https:\/\/ikigaiexperience.com.br\/es\/experiencias\/buceo-bonito\/","og_locale":"es_ES","og_type":"article","og_title":"Mergulho bonito para iniciantes - Ikigai Experience","og_description":"Explore todas aventuras da natureza desse lugar incr\u00edvel, o mergulho em Bonito ir\u00e1 deixar sua viagem marcada na mem\u00f3ria.","og_url":"https:\/\/ikigaiexperience.com.br\/es\/experiencias\/buceo-bonito\/","og_site_name":"Ikigai Experience","article_publisher":"https:\/\/www.facebook.com\/Ikigai-Experience-100452311832822","article_modified_time":"2022-11-03T02:53:46+00:00","og_image":[{"width":935,"height":622,"url":"https:\/\/ikigaiexperience.com.br\/wp-content\/uploads\/2022\/07\/mergulho-bonito-capa.jpg","type":"image\/jpeg"}],"twitter_card":"summary_large_image","twitter_misc":{"Tiempo de lectura":"2 minutos"},"schema":{"@context":"https:\/\/schema.org","@graph":[{"@type":"WebPage","@id":"https:\/\/ikigaiexperience.com.br\/experiencias\/mergulho-bonito\/","url":"https:\/\/ikigaiexperience.com.br\/experiencias\/mergulho-bonito\/","name":"Mergulho bonito para iniciantes - Ikigai Experience","isPartOf":{"@id":"https:\/\/ikigaiexperience.com.br\/#website"},"datePublished":"2022-07-04T21:35:00+00:00","dateModified":"2022-11-03T02:53:46+00:00","description":"Explore todas aventuras da natureza desse lugar incr\u00edvel, o mergulho em Bonito ir\u00e1 deixar sua viagem marcada na mem\u00f3ria.","breadcrumb":{"@id":"https:\/\/ikigaiexperience.com.br\/experiencias\/mergulho-bonito\/#breadcrumb"},"inLanguage":"es","potentialAction":[{"@type":"ReadAction","target":["https:\/\/ikigaiexperience.com.br\/experiencias\/mergulho-bonito\/"]}]},{"@type":"BreadcrumbList","@id":"https:\/\/ikigaiexperience.com.br\/experiencias\/mergulho-bonito\/#breadcrumb","itemListElement":[{"@type":"ListItem","position":1,"name":"In\u00edcio","item":"https:\/\/ikigaiexperience.com.br\/"},{"@type":"ListItem","position":2,"name":"Mergulho","item":"https:\/\/ikigaiexperience.com.br\/experiencia-categoria\/mergulho\/"},{"@type":"ListItem","position":3,"name":"Mergulho bonito para iniciantes"}]},{"@type":"WebSite","@id":"https:\/\/ikigaiexperience.com.br\/#website","url":"https:\/\/ikigaiexperience.com.br\/","name":"Ikigai Experience","description":"Reserve seu mergulho de um modo f\u00e1cil, r\u00e1pido e divertido.","publisher":{"@id":"https:\/\/ikigaiexperience.com.br\/#organization"},"potentialAction":[{"@type":"SearchAction","target":{"@type":"EntryPoint","urlTemplate":"https:\/\/ikigaiexperience.com.br\/?s={search_term_string}"},"query-input":"required name=search_term_string"}],"inLanguage":"es"},{"@type":"Organization","@id":"https:\/\/ikigaiexperience.com.br\/#organization","name":"Ikigai Experience","url":"https:\/\/ikigaiexperience.com.br\/","logo":{"@type":"ImageObject","inLanguage":"es","@id":"https:\/\/ikigaiexperience.com.br\/#\/schema\/logo\/image\/","url":"https:\/\/ikigaiexperience.com.br\/wp-content\/uploads\/2021\/06\/Ikigai-Experience-Horizontal-Branco.png","contentUrl":"https:\/\/ikigaiexperience.com.br\/wp-content\/uploads\/2021\/06\/Ikigai-Experience-Horizontal-Branco.png","width":924,"height":249,"caption":"Ikigai Experience"},"image":{"@id":"https:\/\/ikigaiexperience.com.br\/#\/schema\/logo\/image\/"},"sameAs":["https:\/\/www.instagram.com\/theikigaiexperience\/","https:\/\/www.linkedin.com\/company\/ikigai-experience","https:\/\/www.youtube.com\/channel\/UC8qpgAQ3P89h79oP9ymmo7Q","https:\/\/www.facebook.com\/Ikigai-Experience-100452311832822"]}]}},"_links":{"self":[{"href":"https:\/\/ikigaiexperience.com.br\/es\/wp-json\/wp\/v2\/product\/19281"}],"collection":[{"href":"https:\/\/ikigaiexperience.com.br\/es\/wp-json\/wp\/v2\/product"}],"about":[{"href":"https:\/\/ikigaiexperience.com.br\/es\/wp-json\/wp\/v2\/types\/product"}],"version-history":[{"count":0,"href":"https:\/\/ikigaiexperience.com.br\/es\/wp-json\/wp\/v2\/product\/19281\/revisions"}],"wp:featuredmedia":[{"embeddable":true,"href":"https:\/\/ikigaiexperience.com.br\/es\/wp-json\/wp\/v2\/media\/19292"}],"wp:attachment":[{"href":"https:\/\/ikigaiexperience.com.br\/es\/wp-json\/wp\/v2\/media?parent=19281"}],"wp:term":[{"taxonomy":"product_cat","embeddable":true,"href":"https:\/\/ikigaiexperience.com.br\/es\/wp-json\/wp\/v2\/product_cat?post=19281"},{"taxonomy":"product_tag","embeddable":true,"href":"https:\/\/ikigaiexperience.com.br\/es\/wp-json\/wp\/v2\/product_tag?post=19281"}],"curies":[{"name":"wp","href":"https:\/\/api.w.org\/{rel}","templated":true}]}}