{"id":18895,"date":"2022-06-27T19:22:49","date_gmt":"2022-06-27T22:22:49","guid":{"rendered":"https:\/\/ikigaiexperience.com.br\/?post_type=product&#038;p=18895"},"modified":"2022-12-21T07:45:28","modified_gmt":"2022-12-21T10:45:28","slug":"mergulho-maracajau","status":"publish","type":"product","link":"https:\/\/ikigaiexperience.com.br\/es\/experiencias\/buceo-maracajau\/","title":{"rendered":"Buceo Maracaja\u00fa para principiantes"},"content":{"rendered":"<h3><strong>Buceo Maracaja\u00fa<\/strong><\/h3>\n<p>Ubicada a poco m\u00e1s de 55 km de Natal, Maracaja\u00fa es conocida por sus aguas claras y cristalinas, y por todos aquellos que buscan estar en contacto con Diving Maracaja\u00fa.<\/p>\n<p>El buceo en las playas de Maracaja\u00fa es famoso por sus hermosas formaciones coralinas, que tambi\u00e9n forman parte de la famosa vida marina de la isla.<\/p>\n<p>Para la preservaci\u00f3n de los corales y la fauna marina en Buceo Maracaja\u00fa, algunos incluso en peligro de extinci\u00f3n, la caminata sobre el fondo marino se realiza en un \u00e1rea de protecci\u00f3n ambiental, junto con instructores acreditados.<\/p>\n<h3><strong>Experiencia de Buceo en Parrachos Maracaja\u00fa<\/strong><\/h3>\n<p>Las piscinas naturales de Maracaja\u00fa tienen fama de ser el Caribe brasile\u00f1o, conocido por sus aguas cristalinas y azules, que terminan cautivando a los turistas por sus puntos de buceo en sus enormes formaciones rocosas.<\/p>\n<p>Considerado uno de los 10 lugares m\u00e1s hermosos de Brasil para practicar el buceo, ya que las piscinas naturales de Maracaja\u00fa son cristalinas, podemos ver f\u00e1cilmente la vida de los delfines de cerca.<\/p>\n<p>En Mergulho Maracaja\u00fa tenemos la oportunidad de estar en contacto con la vida marina.<\/p>\n<p>Como ocurre con la mayor\u00eda de las piscinas naturales, el lugar ideal para bucear es durante la marea baja.<\/p>\n<p>No tiene ning\u00fan misterio poder disfrutar del Maracaja\u00fa Dive, ponerse el equipo de buceo, elegir el mejor d\u00eda y disfrutar de las bellezas que Natal tiene para ofrecer.<\/p>\n<p>Vive una experiencia fant\u00e1stica conociendo el ecosistema de Maracaja\u00fa, ten contacto con la vida marina a trav\u00e9s del buceo y ve la importancia de preservar.<\/p>","protected":false},"excerpt":{"rendered":"<p>En la experiencia de buceo en Maracaja\u00fa en la modalidad de bautismo, tendr\u00e1s la oportunidad de conocer los lugares m\u00e1s hermosos para bucear en la regi\u00f3n sin necesidad de tener experiencia previa, ni siquiera saber nadar.<\/p>","protected":false},"featured_media":20190,"parent":0,"template":"","meta":[],"product_cat":[29],"product_tag":[],"yoast_head":"<!-- This site is optimized with the Yoast SEO plugin v20.0 - https:\/\/yoast.com\/wordpress\/plugins\/seo\/ -->\n<title>Mergulho Maracaja\u00fa para iniciantes - Ikigai Experience<\/title>\n<meta name=\"description\" content=\"Aproveite sua viagem e realize o sonho de mergulhar em Maracajau. Reservas 100% online e agenda atualizada. Preparado para essa aventura?\" \/>\n<meta name=\"robots\" content=\"index, follow, max-snippet:-1, max-image-preview:large, max-video-preview:-1\" \/>\n<link rel=\"canonical\" href=\"https:\/\/ikigaiexperience.com.br\/es\/experiencias\/buceo-maracajau\/\" \/>\n<meta property=\"og:locale\" content=\"es_ES\" \/>\n<meta property=\"og:type\" content=\"article\" \/>\n<meta property=\"og:title\" content=\"Mergulho Maracaja\u00fa para iniciantes - Ikigai Experience\" \/>\n<meta property=\"og:description\" content=\"Aproveite sua viagem e realize o sonho de mergulhar em Maracajau. Reservas 100% online e agenda atualizada. Preparado para essa aventura?\" \/>\n<meta property=\"og:url\" content=\"https:\/\/ikigaiexperience.com.br\/es\/experiencias\/buceo-maracajau\/\" \/>\n<meta property=\"og:site_name\" content=\"Ikigai Experience\" \/>\n<meta property=\"article:publisher\" content=\"https:\/\/www.facebook.com\/Ikigai-Experience-100452311832822\" \/>\n<meta property=\"article:modified_time\" content=\"2022-12-21T10:45:28+00:00\" \/>\n<meta property=\"og:image\" content=\"https:\/\/ikigaiexperience.com.br\/wp-content\/uploads\/2022\/06\/mergulho-maracajau-2.jpg\" \/>\n\t<meta property=\"og:image:width\" content=\"935\" \/>\n\t<meta property=\"og:image:height\" content=\"622\" \/>\n\t<meta property=\"og:image:type\" content=\"image\/jpeg\" \/>\n<meta name=\"twitter:card\" content=\"summary_large_image\" \/>\n<meta name=\"twitter:label1\" content=\"Tiempo de lectura\" \/>\n\t<meta name=\"twitter:data1\" content=\"1 minuto\" \/>\n<script type=\"application\/ld+json\" class=\"yoast-schema-graph\">{\"@context\":\"https:\/\/schema.org\",\"@graph\":[{\"@type\":\"WebPage\",\"@id\":\"https:\/\/ikigaiexperience.com.br\/experiencias\/mergulho-maracajau\/\",\"url\":\"https:\/\/ikigaiexperience.com.br\/experiencias\/mergulho-maracajau\/\",\"name\":\"Mergulho Maracaja\u00fa para iniciantes - Ikigai Experience\",\"isPartOf\":{\"@id\":\"https:\/\/ikigaiexperience.com.br\/#website\"},\"datePublished\":\"2022-06-27T22:22:49+00:00\",\"dateModified\":\"2022-12-21T10:45:28+00:00\",\"description\":\"Aproveite sua viagem e realize o sonho de mergulhar em Maracajau. Reservas 100% online e agenda atualizada. Preparado para essa aventura?\",\"breadcrumb\":{\"@id\":\"https:\/\/ikigaiexperience.com.br\/experiencias\/mergulho-maracajau\/#breadcrumb\"},\"inLanguage\":\"es\",\"potentialAction\":[{\"@type\":\"ReadAction\",\"target\":[\"https:\/\/ikigaiexperience.com.br\/experiencias\/mergulho-maracajau\/\"]}]},{\"@type\":\"BreadcrumbList\",\"@id\":\"https:\/\/ikigaiexperience.com.br\/experiencias\/mergulho-maracajau\/#breadcrumb\",\"itemListElement\":[{\"@type\":\"ListItem\",\"position\":1,\"name\":\"In\u00edcio\",\"item\":\"https:\/\/ikigaiexperience.com.br\/\"},{\"@type\":\"ListItem\",\"position\":2,\"name\":\"Mergulho\",\"item\":\"https:\/\/ikigaiexperience.com.br\/experiencia-categoria\/mergulho\/\"},{\"@type\":\"ListItem\",\"position\":3,\"name\":\"Mergulho Maracaja\u00fa para iniciantes\"}]},{\"@type\":\"WebSite\",\"@id\":\"https:\/\/ikigaiexperience.com.br\/#website\",\"url\":\"https:\/\/ikigaiexperience.com.br\/\",\"name\":\"Ikigai Experience\",\"description\":\"Reserve seu mergulho de um modo f\u00e1cil, r\u00e1pido e divertido.\",\"publisher\":{\"@id\":\"https:\/\/ikigaiexperience.com.br\/#organization\"},\"potentialAction\":[{\"@type\":\"SearchAction\",\"target\":{\"@type\":\"EntryPoint\",\"urlTemplate\":\"https:\/\/ikigaiexperience.com.br\/?s={search_term_string}\"},\"query-input\":\"required name=search_term_string\"}],\"inLanguage\":\"es\"},{\"@type\":\"Organization\",\"@id\":\"https:\/\/ikigaiexperience.com.br\/#organization\",\"name\":\"Ikigai Experience\",\"url\":\"https:\/\/ikigaiexperience.com.br\/\",\"logo\":{\"@type\":\"ImageObject\",\"inLanguage\":\"es\",\"@id\":\"https:\/\/ikigaiexperience.com.br\/#\/schema\/logo\/image\/\",\"url\":\"https:\/\/ikigaiexperience.com.br\/wp-content\/uploads\/2021\/06\/Ikigai-Experience-Horizontal-Branco.png\",\"contentUrl\":\"https:\/\/ikigaiexperience.com.br\/wp-content\/uploads\/2021\/06\/Ikigai-Experience-Horizontal-Branco.png\",\"width\":924,\"height\":249,\"caption\":\"Ikigai Experience\"},\"image\":{\"@id\":\"https:\/\/ikigaiexperience.com.br\/#\/schema\/logo\/image\/\"},\"sameAs\":[\"https:\/\/www.instagram.com\/theikigaiexperience\/\",\"https:\/\/www.linkedin.com\/company\/ikigai-experience\",\"https:\/\/www.youtube.com\/channel\/UC8qpgAQ3P89h79oP9ymmo7Q\",\"https:\/\/www.facebook.com\/Ikigai-Experience-100452311832822\"]}]}<\/script>\n<!-- \/ Yoast SEO plugin. -->","yoast_head_json":{"title":"Mergulho Maracaja\u00fa para iniciantes - Ikigai Experience","description":"Aproveite sua viagem e realize o sonho de mergulhar em Maracajau. Reservas 100% online e agenda atualizada. Preparado para essa aventura?","robots":{"index":"index","follow":"follow","max-snippet":"max-snippet:-1","max-image-preview":"max-image-preview:large","max-video-preview":"max-video-preview:-1"},"canonical":"https:\/\/ikigaiexperience.com.br\/es\/experiencias\/buceo-maracajau\/","og_locale":"es_ES","og_type":"article","og_title":"Mergulho Maracaja\u00fa para iniciantes - Ikigai Experience","og_description":"Aproveite sua viagem e realize o sonho de mergulhar em Maracajau. Reservas 100% online e agenda atualizada. Preparado para essa aventura?","og_url":"https:\/\/ikigaiexperience.com.br\/es\/experiencias\/buceo-maracajau\/","og_site_name":"Ikigai Experience","article_publisher":"https:\/\/www.facebook.com\/Ikigai-Experience-100452311832822","article_modified_time":"2022-12-21T10:45:28+00:00","og_image":[{"width":935,"height":622,"url":"https:\/\/ikigaiexperience.com.br\/wp-content\/uploads\/2022\/06\/mergulho-maracajau-2.jpg","type":"image\/jpeg"}],"twitter_card":"summary_large_image","twitter_misc":{"Tiempo de lectura":"1 minuto"},"schema":{"@context":"https:\/\/schema.org","@graph":[{"@type":"WebPage","@id":"https:\/\/ikigaiexperience.com.br\/experiencias\/mergulho-maracajau\/","url":"https:\/\/ikigaiexperience.com.br\/experiencias\/mergulho-maracajau\/","name":"Mergulho Maracaja\u00fa para iniciantes - Ikigai Experience","isPartOf":{"@id":"https:\/\/ikigaiexperience.com.br\/#website"},"datePublished":"2022-06-27T22:22:49+00:00","dateModified":"2022-12-21T10:45:28+00:00","description":"Aproveite sua viagem e realize o sonho de mergulhar em Maracajau. Reservas 100% online e agenda atualizada. Preparado para essa aventura?","breadcrumb":{"@id":"https:\/\/ikigaiexperience.com.br\/experiencias\/mergulho-maracajau\/#breadcrumb"},"inLanguage":"es","potentialAction":[{"@type":"ReadAction","target":["https:\/\/ikigaiexperience.com.br\/experiencias\/mergulho-maracajau\/"]}]},{"@type":"BreadcrumbList","@id":"https:\/\/ikigaiexperience.com.br\/experiencias\/mergulho-maracajau\/#breadcrumb","itemListElement":[{"@type":"ListItem","position":1,"name":"In\u00edcio","item":"https:\/\/ikigaiexperience.com.br\/"},{"@type":"ListItem","position":2,"name":"Mergulho","item":"https:\/\/ikigaiexperience.com.br\/experiencia-categoria\/mergulho\/"},{"@type":"ListItem","position":3,"name":"Mergulho Maracaja\u00fa para iniciantes"}]},{"@type":"WebSite","@id":"https:\/\/ikigaiexperience.com.br\/#website","url":"https:\/\/ikigaiexperience.com.br\/","name":"Ikigai Experience","description":"Reserve seu mergulho de um modo f\u00e1cil, r\u00e1pido e divertido.","publisher":{"@id":"https:\/\/ikigaiexperience.com.br\/#organization"},"potentialAction":[{"@type":"SearchAction","target":{"@type":"EntryPoint","urlTemplate":"https:\/\/ikigaiexperience.com.br\/?s={search_term_string}"},"query-input":"required name=search_term_string"}],"inLanguage":"es"},{"@type":"Organization","@id":"https:\/\/ikigaiexperience.com.br\/#organization","name":"Ikigai Experience","url":"https:\/\/ikigaiexperience.com.br\/","logo":{"@type":"ImageObject","inLanguage":"es","@id":"https:\/\/ikigaiexperience.com.br\/#\/schema\/logo\/image\/","url":"https:\/\/ikigaiexperience.com.br\/wp-content\/uploads\/2021\/06\/Ikigai-Experience-Horizontal-Branco.png","contentUrl":"https:\/\/ikigaiexperience.com.br\/wp-content\/uploads\/2021\/06\/Ikigai-Experience-Horizontal-Branco.png","width":924,"height":249,"caption":"Ikigai Experience"},"image":{"@id":"https:\/\/ikigaiexperience.com.br\/#\/schema\/logo\/image\/"},"sameAs":["https:\/\/www.instagram.com\/theikigaiexperience\/","https:\/\/www.linkedin.com\/company\/ikigai-experience","https:\/\/www.youtube.com\/channel\/UC8qpgAQ3P89h79oP9ymmo7Q","https:\/\/www.facebook.com\/Ikigai-Experience-100452311832822"]}]}},"_links":{"self":[{"href":"https:\/\/ikigaiexperience.com.br\/es\/wp-json\/wp\/v2\/product\/18895"}],"collection":[{"href":"https:\/\/ikigaiexperience.com.br\/es\/wp-json\/wp\/v2\/product"}],"about":[{"href":"https:\/\/ikigaiexperience.com.br\/es\/wp-json\/wp\/v2\/types\/product"}],"version-history":[{"count":1,"href":"https:\/\/ikigaiexperience.com.br\/es\/wp-json\/wp\/v2\/product\/18895\/revisions"}],"predecessor-version":[{"id":21665,"href":"https:\/\/ikigaiexperience.com.br\/es\/wp-json\/wp\/v2\/product\/18895\/revisions\/21665"}],"wp:featuredmedia":[{"embeddable":true,"href":"https:\/\/ikigaiexperience.com.br\/es\/wp-json\/wp\/v2\/media\/20190"}],"wp:attachment":[{"href":"https:\/\/ikigaiexperience.com.br\/es\/wp-json\/wp\/v2\/media?parent=18895"}],"wp:term":[{"taxonomy":"product_cat","embeddable":true,"href":"https:\/\/ikigaiexperience.com.br\/es\/wp-json\/wp\/v2\/product_cat?post=18895"},{"taxonomy":"product_tag","embeddable":true,"href":"https:\/\/ikigaiexperience.com.br\/es\/wp-json\/wp\/v2\/product_tag?post=18895"}],"curies":[{"name":"wp","href":"https:\/\/api.w.org\/{rel}","templated":true}]}}