{"id":18887,"date":"2022-06-27T19:06:49","date_gmt":"2022-06-27T22:06:49","guid":{"rendered":"https:\/\/ikigaiexperience.com.br\/?post_type=product&#038;p=18887"},"modified":"2022-11-03T17:50:30","modified_gmt":"2022-11-03T20:50:30","slug":"mergulho-natal","status":"publish","type":"product","link":"https:\/\/ikigaiexperience.com.br\/es\/experiencias\/buceo-natal\/","title":{"rendered":"Buceo en Natal para principiantes"},"content":{"rendered":"<h3><strong>Buceo Natal \u2013 Punto de Buceo Pirangi\u00a0<\/strong><\/h3>\n<p><span style=\"font-weight: 400;\">En el <\/span><b>bucear en navidad <\/b><span style=\"font-weight: 400;\">el primer punto de buceo que viene a la mente son los de Maracaja\u00fa, pero Natal no solo tiene los Parrachos para ser visitados y explorados.<\/span><\/p>\n<p><span style=\"font-weight: 400;\">La vida marina en <a href=\"https:\/\/ikigaiexperience.com.br\/blog\/o-que-fazer-em-natal\/\">Navidad<\/a> Posee una vasta biodiversidad, lo que despierta la curiosidad por experimentar la riqueza de los fondos marinos.\u00a0<\/span><\/p>\n<p><span style=\"font-weight: 400;\">Descubre Pirangi, un lugar paradis\u00edaco no tan conocido entre los <\/span>buceo navide\u00f1o<span style=\"font-weight: 400;\">. Y entender por qu\u00e9 el lugar es uno de los m\u00e1s adecuados para bucear.<\/span><\/p>\n<h3><strong>Experiencia de buceo en Natal \u2013 Pirangi<\/strong><\/h3>\n<p><span style=\"font-weight: 400;\">La playa de Pirangi brinda al turista tranquilidad para bucear, en comparaci\u00f3n con otros puntos de <\/span>buceo navide\u00f1o, <span style=\"font-weight: 400;\">la playa no es muy conocida.<\/span><\/p>\n<p><span style=\"font-weight: 400;\">Entre toda la vida marina de la playa de Pirangi, se destacan: la formaci\u00f3n de corales, la r\u00e1pida recuperaci\u00f3n de la fauna y antiguos pobladores, en el fondo de este mar.<\/span><\/p>\n<p><span style=\"font-weight: 400;\">La playa de Pirangi es uno de los lugares de buceo m\u00e1s buscados por los turistas, ya que al bucear, el agua clara es segura.<\/span><\/p>\n<p><span style=\"font-weight: 400;\">O <\/span>bucear en navidad<span style=\"font-weight: 400;\"> abre un abanico de opciones a la hora de buscar las mejores playas para bucear.<\/span><\/p>\n<p><span style=\"font-weight: 400;\">Tirarse de cabeza desde la playa de Pirangi es una gran oportunidad para el bautismo, ya que al no ser tan profunda, la experiencia entre los peces que la transitan ser\u00eda sensacional.<\/span><\/p>\n<p><span style=\"font-weight: 400;\">Otro tema que debe entenderse es que no tiene que preocuparse por la profundidad de sus inmersiones, ya que cada experiencia es \u00fanica.<\/span><\/p>\n<p><span style=\"font-weight: 400;\">Ahora que conoce las maravillas del buceo bajo el mar en Natal, p\u00f3ngase la m\u00e1scara y venga a hacer un recorrido entre las especies.\u00a0<\/span><\/p>\n<p><span style=\"font-weight: 400;\">En medio de sus corales, las inmersiones en islas son una excelente ayuda para concienciar que los corales necesitan de todos para ser preservados. Y de esta manera, preservar el ecosistema local. <\/span><\/p>","protected":false},"excerpt":{"rendered":"<p>En la experiencia de buceo en Macei\u00f3 en la modalidad de bautismo, tendr\u00e1s la oportunidad de conocer los lugares m\u00e1s hermosos para bucear en la regi\u00f3n sin necesidad de experiencia previa, ni siquiera saber nadar.<\/p>","protected":false},"featured_media":18892,"parent":0,"template":"","meta":[],"product_cat":[29],"product_tag":[],"yoast_head":"<!-- This site is optimized with the Yoast SEO plugin v20.0 - https:\/\/yoast.com\/wordpress\/plugins\/seo\/ -->\n<title>Mergulho Natal para iniciantes - Ikigai Experience<\/title>\n<meta name=\"description\" content=\"Mergulhe em natal e conhe\u00e7a mais sobre as maravilhas do oceano. Reserve j\u00e1 seu passeio com a gente. Bora mergulhar?\" \/>\n<meta name=\"robots\" content=\"index, follow, max-snippet:-1, max-image-preview:large, max-video-preview:-1\" \/>\n<link rel=\"canonical\" href=\"https:\/\/ikigaiexperience.com.br\/es\/experiencias\/buceo-natal\/\" \/>\n<meta property=\"og:locale\" content=\"es_ES\" \/>\n<meta property=\"og:type\" content=\"article\" \/>\n<meta property=\"og:title\" content=\"Mergulho Natal para iniciantes - Ikigai Experience\" \/>\n<meta property=\"og:description\" content=\"Mergulhe em natal e conhe\u00e7a mais sobre as maravilhas do oceano. Reserve j\u00e1 seu passeio com a gente. Bora mergulhar?\" \/>\n<meta property=\"og:url\" content=\"https:\/\/ikigaiexperience.com.br\/es\/experiencias\/buceo-natal\/\" \/>\n<meta property=\"og:site_name\" content=\"Ikigai Experience\" \/>\n<meta property=\"article:publisher\" content=\"https:\/\/www.facebook.com\/Ikigai-Experience-100452311832822\" \/>\n<meta property=\"article:modified_time\" content=\"2022-11-03T20:50:30+00:00\" \/>\n<meta property=\"og:image\" content=\"https:\/\/ikigaiexperience.com.br\/wp-content\/uploads\/2022\/06\/mergulho-natal.jpg\" \/>\n\t<meta property=\"og:image:width\" content=\"935\" \/>\n\t<meta property=\"og:image:height\" content=\"622\" \/>\n\t<meta property=\"og:image:type\" content=\"image\/jpeg\" \/>\n<meta name=\"twitter:card\" content=\"summary_large_image\" \/>\n<meta name=\"twitter:label1\" content=\"Tiempo de lectura\" \/>\n\t<meta name=\"twitter:data1\" content=\"2 minutos\" \/>\n<script type=\"application\/ld+json\" class=\"yoast-schema-graph\">{\"@context\":\"https:\/\/schema.org\",\"@graph\":[{\"@type\":\"WebPage\",\"@id\":\"https:\/\/ikigaiexperience.com.br\/experiencias\/mergulho-natal\/\",\"url\":\"https:\/\/ikigaiexperience.com.br\/experiencias\/mergulho-natal\/\",\"name\":\"Mergulho Natal para iniciantes - Ikigai Experience\",\"isPartOf\":{\"@id\":\"https:\/\/ikigaiexperience.com.br\/#website\"},\"datePublished\":\"2022-06-27T22:06:49+00:00\",\"dateModified\":\"2022-11-03T20:50:30+00:00\",\"description\":\"Mergulhe em natal e conhe\u00e7a mais sobre as maravilhas do oceano. Reserve j\u00e1 seu passeio com a gente. Bora mergulhar?\",\"breadcrumb\":{\"@id\":\"https:\/\/ikigaiexperience.com.br\/experiencias\/mergulho-natal\/#breadcrumb\"},\"inLanguage\":\"es\",\"potentialAction\":[{\"@type\":\"ReadAction\",\"target\":[\"https:\/\/ikigaiexperience.com.br\/experiencias\/mergulho-natal\/\"]}]},{\"@type\":\"BreadcrumbList\",\"@id\":\"https:\/\/ikigaiexperience.com.br\/experiencias\/mergulho-natal\/#breadcrumb\",\"itemListElement\":[{\"@type\":\"ListItem\",\"position\":1,\"name\":\"In\u00edcio\",\"item\":\"https:\/\/ikigaiexperience.com.br\/\"},{\"@type\":\"ListItem\",\"position\":2,\"name\":\"Mergulho\",\"item\":\"https:\/\/ikigaiexperience.com.br\/experiencia-categoria\/mergulho\/\"},{\"@type\":\"ListItem\",\"position\":3,\"name\":\"Mergulho Natal para iniciantes\"}]},{\"@type\":\"WebSite\",\"@id\":\"https:\/\/ikigaiexperience.com.br\/#website\",\"url\":\"https:\/\/ikigaiexperience.com.br\/\",\"name\":\"Ikigai Experience\",\"description\":\"Reserve seu mergulho de um modo f\u00e1cil, r\u00e1pido e divertido.\",\"publisher\":{\"@id\":\"https:\/\/ikigaiexperience.com.br\/#organization\"},\"potentialAction\":[{\"@type\":\"SearchAction\",\"target\":{\"@type\":\"EntryPoint\",\"urlTemplate\":\"https:\/\/ikigaiexperience.com.br\/?s={search_term_string}\"},\"query-input\":\"required name=search_term_string\"}],\"inLanguage\":\"es\"},{\"@type\":\"Organization\",\"@id\":\"https:\/\/ikigaiexperience.com.br\/#organization\",\"name\":\"Ikigai Experience\",\"url\":\"https:\/\/ikigaiexperience.com.br\/\",\"logo\":{\"@type\":\"ImageObject\",\"inLanguage\":\"es\",\"@id\":\"https:\/\/ikigaiexperience.com.br\/#\/schema\/logo\/image\/\",\"url\":\"https:\/\/ikigaiexperience.com.br\/wp-content\/uploads\/2021\/06\/Ikigai-Experience-Horizontal-Branco.png\",\"contentUrl\":\"https:\/\/ikigaiexperience.com.br\/wp-content\/uploads\/2021\/06\/Ikigai-Experience-Horizontal-Branco.png\",\"width\":924,\"height\":249,\"caption\":\"Ikigai Experience\"},\"image\":{\"@id\":\"https:\/\/ikigaiexperience.com.br\/#\/schema\/logo\/image\/\"},\"sameAs\":[\"https:\/\/www.instagram.com\/theikigaiexperience\/\",\"https:\/\/www.linkedin.com\/company\/ikigai-experience\",\"https:\/\/www.youtube.com\/channel\/UC8qpgAQ3P89h79oP9ymmo7Q\",\"https:\/\/www.facebook.com\/Ikigai-Experience-100452311832822\"]}]}<\/script>\n<!-- \/ Yoast SEO plugin. -->","yoast_head_json":{"title":"Mergulho Natal para iniciantes - Ikigai Experience","description":"Mergulhe em natal e conhe\u00e7a mais sobre as maravilhas do oceano. Reserve j\u00e1 seu passeio com a gente. Bora mergulhar?","robots":{"index":"index","follow":"follow","max-snippet":"max-snippet:-1","max-image-preview":"max-image-preview:large","max-video-preview":"max-video-preview:-1"},"canonical":"https:\/\/ikigaiexperience.com.br\/es\/experiencias\/buceo-natal\/","og_locale":"es_ES","og_type":"article","og_title":"Mergulho Natal para iniciantes - Ikigai Experience","og_description":"Mergulhe em natal e conhe\u00e7a mais sobre as maravilhas do oceano. Reserve j\u00e1 seu passeio com a gente. Bora mergulhar?","og_url":"https:\/\/ikigaiexperience.com.br\/es\/experiencias\/buceo-natal\/","og_site_name":"Ikigai Experience","article_publisher":"https:\/\/www.facebook.com\/Ikigai-Experience-100452311832822","article_modified_time":"2022-11-03T20:50:30+00:00","og_image":[{"width":935,"height":622,"url":"https:\/\/ikigaiexperience.com.br\/wp-content\/uploads\/2022\/06\/mergulho-natal.jpg","type":"image\/jpeg"}],"twitter_card":"summary_large_image","twitter_misc":{"Tiempo de lectura":"2 minutos"},"schema":{"@context":"https:\/\/schema.org","@graph":[{"@type":"WebPage","@id":"https:\/\/ikigaiexperience.com.br\/experiencias\/mergulho-natal\/","url":"https:\/\/ikigaiexperience.com.br\/experiencias\/mergulho-natal\/","name":"Mergulho Natal para iniciantes - Ikigai Experience","isPartOf":{"@id":"https:\/\/ikigaiexperience.com.br\/#website"},"datePublished":"2022-06-27T22:06:49+00:00","dateModified":"2022-11-03T20:50:30+00:00","description":"Mergulhe em natal e conhe\u00e7a mais sobre as maravilhas do oceano. Reserve j\u00e1 seu passeio com a gente. Bora mergulhar?","breadcrumb":{"@id":"https:\/\/ikigaiexperience.com.br\/experiencias\/mergulho-natal\/#breadcrumb"},"inLanguage":"es","potentialAction":[{"@type":"ReadAction","target":["https:\/\/ikigaiexperience.com.br\/experiencias\/mergulho-natal\/"]}]},{"@type":"BreadcrumbList","@id":"https:\/\/ikigaiexperience.com.br\/experiencias\/mergulho-natal\/#breadcrumb","itemListElement":[{"@type":"ListItem","position":1,"name":"In\u00edcio","item":"https:\/\/ikigaiexperience.com.br\/"},{"@type":"ListItem","position":2,"name":"Mergulho","item":"https:\/\/ikigaiexperience.com.br\/experiencia-categoria\/mergulho\/"},{"@type":"ListItem","position":3,"name":"Mergulho Natal para iniciantes"}]},{"@type":"WebSite","@id":"https:\/\/ikigaiexperience.com.br\/#website","url":"https:\/\/ikigaiexperience.com.br\/","name":"Ikigai Experience","description":"Reserve seu mergulho de um modo f\u00e1cil, r\u00e1pido e divertido.","publisher":{"@id":"https:\/\/ikigaiexperience.com.br\/#organization"},"potentialAction":[{"@type":"SearchAction","target":{"@type":"EntryPoint","urlTemplate":"https:\/\/ikigaiexperience.com.br\/?s={search_term_string}"},"query-input":"required name=search_term_string"}],"inLanguage":"es"},{"@type":"Organization","@id":"https:\/\/ikigaiexperience.com.br\/#organization","name":"Ikigai Experience","url":"https:\/\/ikigaiexperience.com.br\/","logo":{"@type":"ImageObject","inLanguage":"es","@id":"https:\/\/ikigaiexperience.com.br\/#\/schema\/logo\/image\/","url":"https:\/\/ikigaiexperience.com.br\/wp-content\/uploads\/2021\/06\/Ikigai-Experience-Horizontal-Branco.png","contentUrl":"https:\/\/ikigaiexperience.com.br\/wp-content\/uploads\/2021\/06\/Ikigai-Experience-Horizontal-Branco.png","width":924,"height":249,"caption":"Ikigai Experience"},"image":{"@id":"https:\/\/ikigaiexperience.com.br\/#\/schema\/logo\/image\/"},"sameAs":["https:\/\/www.instagram.com\/theikigaiexperience\/","https:\/\/www.linkedin.com\/company\/ikigai-experience","https:\/\/www.youtube.com\/channel\/UC8qpgAQ3P89h79oP9ymmo7Q","https:\/\/www.facebook.com\/Ikigai-Experience-100452311832822"]}]}},"_links":{"self":[{"href":"https:\/\/ikigaiexperience.com.br\/es\/wp-json\/wp\/v2\/product\/18887"}],"collection":[{"href":"https:\/\/ikigaiexperience.com.br\/es\/wp-json\/wp\/v2\/product"}],"about":[{"href":"https:\/\/ikigaiexperience.com.br\/es\/wp-json\/wp\/v2\/types\/product"}],"version-history":[{"count":0,"href":"https:\/\/ikigaiexperience.com.br\/es\/wp-json\/wp\/v2\/product\/18887\/revisions"}],"wp:featuredmedia":[{"embeddable":true,"href":"https:\/\/ikigaiexperience.com.br\/es\/wp-json\/wp\/v2\/media\/18892"}],"wp:attachment":[{"href":"https:\/\/ikigaiexperience.com.br\/es\/wp-json\/wp\/v2\/media?parent=18887"}],"wp:term":[{"taxonomy":"product_cat","embeddable":true,"href":"https:\/\/ikigaiexperience.com.br\/es\/wp-json\/wp\/v2\/product_cat?post=18887"},{"taxonomy":"product_tag","embeddable":true,"href":"https:\/\/ikigaiexperience.com.br\/es\/wp-json\/wp\/v2\/product_tag?post=18887"}],"curies":[{"name":"wp","href":"https:\/\/api.w.org\/{rel}","templated":true}]}}