{"id":18879,"date":"2022-06-27T18:35:32","date_gmt":"2022-06-27T21:35:32","guid":{"rendered":"https:\/\/ikigaiexperience.com.br\/?post_type=product&#038;p=18879"},"modified":"2022-11-02T23:42:05","modified_gmt":"2022-11-03T02:42:05","slug":"mergulho-santos","status":"publish","type":"product","link":"https:\/\/ikigaiexperience.com.br\/es\/experiencias\/buceo-santos\/","title":{"rendered":"Buceo en Santos para principiantes"},"content":{"rendered":"<h3><strong>Buceo Santos - Losa de Santos\u00a0<\/strong><\/h3>\n<p><span style=\"font-weight: 400;\">Conocido por sus maravillosas playas, al realizar el Buceo en Santos, estar\u00e1 frente a las bellezas acu\u00e1ticas de la ciudad del estado de S\u00e3o Paulo, conocida por tener el 3er mejor punto de buceo en el estado.\u00a0<\/span><\/p>\n<p><span style=\"font-weight: 400;\">Y es en Buceo en Santos donde se encuentra uno de estos spots m\u00e1s conocidos. El Parque Estatal Marino Santos Laje es conocido por su visibilidad y profundidad.\u00a0<\/span><\/p>\n<p><span style=\"font-weight: 400;\">Gracias a su profundidad, los animales marinos de gran tama\u00f1o se ven a menudo en la losa Santos, que es un espect\u00e1culo \u00fanico para las especies con toneladas.\u00a0<\/span><\/p>\n<h3><strong>Experiencia de buceo en placa Santos\u00a0<\/strong><\/h3>\n<p><span style=\"font-weight: 400;\">A unos 42 kg de la costa, Laje de Santos es el lugar donde los buzos profesionales esperan bucear alg\u00fan d\u00eda.\u00a0<\/span><\/p>\n<p><span style=\"font-weight: 400;\">Entre todas las maravillas que podemos ver en el Parque Estadual Marinho da Laje de Santos est\u00e1 la aparici\u00f3n de mantarrayas gigantes, actualmente considerado uno de los peces m\u00e1s grandes del mundo.<\/span><\/p>\n<p><span style=\"font-weight: 400;\">No solo rayas, sino ballenas se ven en ciertas \u00e9pocas del a\u00f1o, en el Laje de Santos, con un poco m\u00e1s de suerte, tambi\u00e9n es posible recibir la visita de tiburones y delfines.\u00a0<\/span><\/p>\n<p><span style=\"font-weight: 400;\">La losa Santos tiene casi 200 especies diferentes de peces y el paso de pulpos y tortugas son los m\u00e1s vistos.\u00a0<\/span><\/p>\n<p><span style=\"font-weight: 400;\">Aunque su profundidad de 30 metros sorprende a los buceadores m\u00e1s experimentados, la visibilidad del Laje del Santos nos hace disfrutar m\u00e1s del Parque Estatal.\u00a0<\/span><\/p>\n<p><span style=\"font-weight: 400;\">\u00bfTienes curiosidad por sumergirte en las aguas de Lajes desde el Santos? Y mira, no es el \u00fanico punto de buceo del parque.\u00a0<\/span><\/p>\n<p><span style=\"font-weight: 400;\">La conciencia de conservar la Losa del Santos no ha tra\u00eddo m\u00e1s que beneficios, ya que en determinadas ocasiones ha aparecido hasta un ping\u00fcino nadando por aqu\u00ed.\u00a0<\/span><\/p>\n<p><span style=\"font-weight: 400;\">En Buceo Santos estamos en contacto con la fauna marina, disfrutando de las bellezas del fondo de Laje.<\/span><\/p>","protected":false},"excerpt":{"rendered":"<p>En la experiencia de buceo Santos en la modalidad de bautismo, tendr\u00e1s la oportunidad de conocer los lugares m\u00e1s hermosos para bucear en la regi\u00f3n sin necesidad de experiencia previa, ni siquiera saber nadar. La experiencia consta de 40 minutos de buceo acompa\u00f1ado de un instructor a una profundidad de hasta 10m.<\/p>","protected":false},"featured_media":18880,"parent":0,"template":"","meta":[],"product_cat":[29],"product_tag":[],"yoast_head":"<!-- This site is optimized with the Yoast SEO plugin v20.0 - https:\/\/yoast.com\/wordpress\/plugins\/seo\/ -->\n<title>Mergulho Santos para iniciantes - Ikigai Experience<\/title>\n<meta name=\"description\" content=\"Venha mergulhar em Santos e aproveite ao m\u00e1ximo sua viagem aqui. Conhe\u00e7a toda fauna subaqu\u00e1tica da laje de santos.\" \/>\n<meta name=\"robots\" content=\"index, follow, max-snippet:-1, max-image-preview:large, max-video-preview:-1\" \/>\n<link rel=\"canonical\" href=\"https:\/\/ikigaiexperience.com.br\/es\/experiencias\/buceo-santos\/\" \/>\n<meta property=\"og:locale\" content=\"es_ES\" \/>\n<meta property=\"og:type\" content=\"article\" \/>\n<meta property=\"og:title\" content=\"Mergulho Santos para iniciantes - Ikigai Experience\" \/>\n<meta property=\"og:description\" content=\"Venha mergulhar em Santos e aproveite ao m\u00e1ximo sua viagem aqui. Conhe\u00e7a toda fauna subaqu\u00e1tica da laje de santos.\" \/>\n<meta property=\"og:url\" content=\"https:\/\/ikigaiexperience.com.br\/es\/experiencias\/buceo-santos\/\" \/>\n<meta property=\"og:site_name\" content=\"Ikigai Experience\" \/>\n<meta property=\"article:publisher\" content=\"https:\/\/www.facebook.com\/Ikigai-Experience-100452311832822\" \/>\n<meta property=\"article:modified_time\" content=\"2022-11-03T02:42:05+00:00\" \/>\n<meta property=\"og:image\" content=\"https:\/\/ikigaiexperience.com.br\/wp-content\/uploads\/2022\/06\/mergulho-santos.jpg\" \/>\n\t<meta property=\"og:image:width\" content=\"935\" \/>\n\t<meta property=\"og:image:height\" content=\"622\" \/>\n\t<meta property=\"og:image:type\" content=\"image\/jpeg\" \/>\n<meta name=\"twitter:card\" content=\"summary_large_image\" \/>\n<meta name=\"twitter:label1\" content=\"Tiempo de lectura\" \/>\n\t<meta name=\"twitter:data1\" content=\"2 minutos\" \/>\n<script type=\"application\/ld+json\" class=\"yoast-schema-graph\">{\"@context\":\"https:\/\/schema.org\",\"@graph\":[{\"@type\":\"WebPage\",\"@id\":\"https:\/\/ikigaiexperience.com.br\/experiencias\/mergulho-santos\/\",\"url\":\"https:\/\/ikigaiexperience.com.br\/experiencias\/mergulho-santos\/\",\"name\":\"Mergulho Santos para iniciantes - Ikigai Experience\",\"isPartOf\":{\"@id\":\"https:\/\/ikigaiexperience.com.br\/#website\"},\"datePublished\":\"2022-06-27T21:35:32+00:00\",\"dateModified\":\"2022-11-03T02:42:05+00:00\",\"description\":\"Venha mergulhar em Santos e aproveite ao m\u00e1ximo sua viagem aqui. Conhe\u00e7a toda fauna subaqu\u00e1tica da laje de santos.\",\"breadcrumb\":{\"@id\":\"https:\/\/ikigaiexperience.com.br\/experiencias\/mergulho-santos\/#breadcrumb\"},\"inLanguage\":\"es\",\"potentialAction\":[{\"@type\":\"ReadAction\",\"target\":[\"https:\/\/ikigaiexperience.com.br\/experiencias\/mergulho-santos\/\"]}]},{\"@type\":\"BreadcrumbList\",\"@id\":\"https:\/\/ikigaiexperience.com.br\/experiencias\/mergulho-santos\/#breadcrumb\",\"itemListElement\":[{\"@type\":\"ListItem\",\"position\":1,\"name\":\"In\u00edcio\",\"item\":\"https:\/\/ikigaiexperience.com.br\/\"},{\"@type\":\"ListItem\",\"position\":2,\"name\":\"Mergulho\",\"item\":\"https:\/\/ikigaiexperience.com.br\/experiencia-categoria\/mergulho\/\"},{\"@type\":\"ListItem\",\"position\":3,\"name\":\"Mergulho Santos para iniciantes\"}]},{\"@type\":\"WebSite\",\"@id\":\"https:\/\/ikigaiexperience.com.br\/#website\",\"url\":\"https:\/\/ikigaiexperience.com.br\/\",\"name\":\"Ikigai Experience\",\"description\":\"Reserve seu mergulho de um modo f\u00e1cil, r\u00e1pido e divertido.\",\"publisher\":{\"@id\":\"https:\/\/ikigaiexperience.com.br\/#organization\"},\"potentialAction\":[{\"@type\":\"SearchAction\",\"target\":{\"@type\":\"EntryPoint\",\"urlTemplate\":\"https:\/\/ikigaiexperience.com.br\/?s={search_term_string}\"},\"query-input\":\"required name=search_term_string\"}],\"inLanguage\":\"es\"},{\"@type\":\"Organization\",\"@id\":\"https:\/\/ikigaiexperience.com.br\/#organization\",\"name\":\"Ikigai Experience\",\"url\":\"https:\/\/ikigaiexperience.com.br\/\",\"logo\":{\"@type\":\"ImageObject\",\"inLanguage\":\"es\",\"@id\":\"https:\/\/ikigaiexperience.com.br\/#\/schema\/logo\/image\/\",\"url\":\"https:\/\/ikigaiexperience.com.br\/wp-content\/uploads\/2021\/06\/Ikigai-Experience-Horizontal-Branco.png\",\"contentUrl\":\"https:\/\/ikigaiexperience.com.br\/wp-content\/uploads\/2021\/06\/Ikigai-Experience-Horizontal-Branco.png\",\"width\":924,\"height\":249,\"caption\":\"Ikigai Experience\"},\"image\":{\"@id\":\"https:\/\/ikigaiexperience.com.br\/#\/schema\/logo\/image\/\"},\"sameAs\":[\"https:\/\/www.instagram.com\/theikigaiexperience\/\",\"https:\/\/www.linkedin.com\/company\/ikigai-experience\",\"https:\/\/www.youtube.com\/channel\/UC8qpgAQ3P89h79oP9ymmo7Q\",\"https:\/\/www.facebook.com\/Ikigai-Experience-100452311832822\"]}]}<\/script>\n<!-- \/ Yoast SEO plugin. -->","yoast_head_json":{"title":"Mergulho Santos para iniciantes - Ikigai Experience","description":"Venha mergulhar em Santos e aproveite ao m\u00e1ximo sua viagem aqui. Conhe\u00e7a toda fauna subaqu\u00e1tica da laje de santos.","robots":{"index":"index","follow":"follow","max-snippet":"max-snippet:-1","max-image-preview":"max-image-preview:large","max-video-preview":"max-video-preview:-1"},"canonical":"https:\/\/ikigaiexperience.com.br\/es\/experiencias\/buceo-santos\/","og_locale":"es_ES","og_type":"article","og_title":"Mergulho Santos para iniciantes - Ikigai Experience","og_description":"Venha mergulhar em Santos e aproveite ao m\u00e1ximo sua viagem aqui. Conhe\u00e7a toda fauna subaqu\u00e1tica da laje de santos.","og_url":"https:\/\/ikigaiexperience.com.br\/es\/experiencias\/buceo-santos\/","og_site_name":"Ikigai Experience","article_publisher":"https:\/\/www.facebook.com\/Ikigai-Experience-100452311832822","article_modified_time":"2022-11-03T02:42:05+00:00","og_image":[{"width":935,"height":622,"url":"https:\/\/ikigaiexperience.com.br\/wp-content\/uploads\/2022\/06\/mergulho-santos.jpg","type":"image\/jpeg"}],"twitter_card":"summary_large_image","twitter_misc":{"Tiempo de lectura":"2 minutos"},"schema":{"@context":"https:\/\/schema.org","@graph":[{"@type":"WebPage","@id":"https:\/\/ikigaiexperience.com.br\/experiencias\/mergulho-santos\/","url":"https:\/\/ikigaiexperience.com.br\/experiencias\/mergulho-santos\/","name":"Mergulho Santos para iniciantes - Ikigai Experience","isPartOf":{"@id":"https:\/\/ikigaiexperience.com.br\/#website"},"datePublished":"2022-06-27T21:35:32+00:00","dateModified":"2022-11-03T02:42:05+00:00","description":"Venha mergulhar em Santos e aproveite ao m\u00e1ximo sua viagem aqui. Conhe\u00e7a toda fauna subaqu\u00e1tica da laje de santos.","breadcrumb":{"@id":"https:\/\/ikigaiexperience.com.br\/experiencias\/mergulho-santos\/#breadcrumb"},"inLanguage":"es","potentialAction":[{"@type":"ReadAction","target":["https:\/\/ikigaiexperience.com.br\/experiencias\/mergulho-santos\/"]}]},{"@type":"BreadcrumbList","@id":"https:\/\/ikigaiexperience.com.br\/experiencias\/mergulho-santos\/#breadcrumb","itemListElement":[{"@type":"ListItem","position":1,"name":"In\u00edcio","item":"https:\/\/ikigaiexperience.com.br\/"},{"@type":"ListItem","position":2,"name":"Mergulho","item":"https:\/\/ikigaiexperience.com.br\/experiencia-categoria\/mergulho\/"},{"@type":"ListItem","position":3,"name":"Mergulho Santos para iniciantes"}]},{"@type":"WebSite","@id":"https:\/\/ikigaiexperience.com.br\/#website","url":"https:\/\/ikigaiexperience.com.br\/","name":"Ikigai Experience","description":"Reserve seu mergulho de um modo f\u00e1cil, r\u00e1pido e divertido.","publisher":{"@id":"https:\/\/ikigaiexperience.com.br\/#organization"},"potentialAction":[{"@type":"SearchAction","target":{"@type":"EntryPoint","urlTemplate":"https:\/\/ikigaiexperience.com.br\/?s={search_term_string}"},"query-input":"required name=search_term_string"}],"inLanguage":"es"},{"@type":"Organization","@id":"https:\/\/ikigaiexperience.com.br\/#organization","name":"Ikigai Experience","url":"https:\/\/ikigaiexperience.com.br\/","logo":{"@type":"ImageObject","inLanguage":"es","@id":"https:\/\/ikigaiexperience.com.br\/#\/schema\/logo\/image\/","url":"https:\/\/ikigaiexperience.com.br\/wp-content\/uploads\/2021\/06\/Ikigai-Experience-Horizontal-Branco.png","contentUrl":"https:\/\/ikigaiexperience.com.br\/wp-content\/uploads\/2021\/06\/Ikigai-Experience-Horizontal-Branco.png","width":924,"height":249,"caption":"Ikigai Experience"},"image":{"@id":"https:\/\/ikigaiexperience.com.br\/#\/schema\/logo\/image\/"},"sameAs":["https:\/\/www.instagram.com\/theikigaiexperience\/","https:\/\/www.linkedin.com\/company\/ikigai-experience","https:\/\/www.youtube.com\/channel\/UC8qpgAQ3P89h79oP9ymmo7Q","https:\/\/www.facebook.com\/Ikigai-Experience-100452311832822"]}]}},"_links":{"self":[{"href":"https:\/\/ikigaiexperience.com.br\/es\/wp-json\/wp\/v2\/product\/18879"}],"collection":[{"href":"https:\/\/ikigaiexperience.com.br\/es\/wp-json\/wp\/v2\/product"}],"about":[{"href":"https:\/\/ikigaiexperience.com.br\/es\/wp-json\/wp\/v2\/types\/product"}],"version-history":[{"count":0,"href":"https:\/\/ikigaiexperience.com.br\/es\/wp-json\/wp\/v2\/product\/18879\/revisions"}],"wp:featuredmedia":[{"embeddable":true,"href":"https:\/\/ikigaiexperience.com.br\/es\/wp-json\/wp\/v2\/media\/18880"}],"wp:attachment":[{"href":"https:\/\/ikigaiexperience.com.br\/es\/wp-json\/wp\/v2\/media?parent=18879"}],"wp:term":[{"taxonomy":"product_cat","embeddable":true,"href":"https:\/\/ikigaiexperience.com.br\/es\/wp-json\/wp\/v2\/product_cat?post=18879"},{"taxonomy":"product_tag","embeddable":true,"href":"https:\/\/ikigaiexperience.com.br\/es\/wp-json\/wp\/v2\/product_tag?post=18879"}],"curies":[{"name":"wp","href":"https:\/\/api.w.org\/{rel}","templated":true}]}}