{"id":18870,"date":"2022-06-27T18:21:53","date_gmt":"2022-06-27T21:21:53","guid":{"rendered":"https:\/\/ikigaiexperience.com.br\/?post_type=product&#038;p=18870"},"modified":"2023-12-19T17:47:18","modified_gmt":"2023-12-19T20:47:18","slug":"mergulho-morro-de-sao-paulo","status":"publish","type":"product","link":"https:\/\/ikigaiexperience.com.br\/es\/experiencias\/buceo-morro-de-sao-paulo\/","title":{"rendered":"Buceo en Morro de S\u00e3o Paulo para principiantes"},"content":{"rendered":"<h3><strong>Morro de S\u00e3o Paulo \u2013 Piscinas Naturales<\/strong><\/h3>\n<p><span style=\"font-weight: 400;\">Cercana a la capital de Bah\u00eda, Morro de S\u00e3o Paulo es una isla y el destino de muchos turistas apasionados por el buceo, ya que sus piscinas naturales son verdaderas postales.\u00a0<\/span><\/p>\n<p><span style=\"font-weight: 400;\">Como isla, la <\/span>buceo en morro de sao paulo<span style=\"font-weight: 400;\"> trae una gran variedad de vida marina, entre corales y formaciones rocosas. Y lo m\u00e1s interesante es que la visibilidad es excelente.<\/span><\/p>\n<p><span style=\"font-weight: 400;\">El sitio de buceo se llevar\u00e1 a cabo en las piscinas naturales de Quarta Praia.<\/span><\/p>\n<h3><strong>Experiencia de buceo en Morro de S\u00e3o Paulo en las piscinas naturales\u00a0<\/strong><\/h3>\n<p><span style=\"font-weight: 400;\">Siendo una de las piscinas naturales m\u00e1s solicitadas de la isla, la <\/span>Buceo Morro de Sao Paulo<span style=\"font-weight: 400;\">\u00a0Es el m\u00e1s recomendado para los turistas que prefieren la privacidad y la aventura.\u00a0<\/span><\/p>\n<p><span style=\"font-weight: 400;\">Considerada una de las playas m\u00e1s remotas de la isla, Quarta Praia encanta con sus paredes sumergidas, llenas de peces, corales y algas que parecen un gran acuario, ya que la vista submarina es incre\u00edble.\u00a0<\/span><\/p>\n<p><span style=\"font-weight: 400;\">Otra curiosidad es que en Morro de S\u00e3o Paulo todas las piscinas naturales abren un amplio abanico de infinitas posibilidades para ponerse aletas, m\u00e1scara y botella de aire para explorar otros lugares de buceo conocidos.\u00a0<\/span><\/p>\n<p><span style=\"font-weight: 400;\">Quarta Praia es la m\u00e1s adecuada para todas las edades, ya que sus aguas poco profundas y claras son ideales para que los ni\u00f1os disfruten tambi\u00e9n.\u00a0<\/span><\/p>\n<p><span style=\"font-weight: 400;\">El ecosistema de las piscinas naturales de Morro de S\u00e3o Paulo es \u00fanico, y tenemos la prueba cuando buceamos, viendo los efectos positivos de la preservaci\u00f3n.<\/span><\/p>\n<p><span style=\"font-weight: 400;\">En comparaci\u00f3n con otras inmersiones en los acantilados de Bah\u00eda, bucear en las piscinas naturales de Morro de S\u00e3o Paulo es f\u00e1cil para todos, incluso para aquellos sin experiencia previa.<\/span><\/p>","protected":false},"excerpt":{"rendered":"<p>En la experiencia de buceo para principiantes en Morro de S\u00e3o Paulo, tendr\u00e1s la oportunidad de conocer los lugares m\u00e1s hermosos para bucear en la regi\u00f3n sin necesidad de tener experiencia previa, ni siquiera saber nadar.<\/p>","protected":false},"featured_media":18875,"parent":0,"template":"","meta":[],"product_cat":[29],"product_tag":[],"yoast_head":"<!-- This site is optimized with the Yoast SEO plugin v20.0 - https:\/\/yoast.com\/wordpress\/plugins\/seo\/ -->\n<title>Mergulho Morro de S\u00e3o Paulo para iniciantes - Ikigai Experience<\/title>\n<meta name=\"description\" content=\"Venha mergulhar em morro de s\u00e3o paulo e aprecie toda natureza subaqu\u00e1tca deste lugar magn\u00edfico. Reserve j\u00e1 e aproveite com a fam\u00edlia.\" \/>\n<meta name=\"robots\" content=\"index, follow, max-snippet:-1, max-image-preview:large, max-video-preview:-1\" \/>\n<link rel=\"canonical\" href=\"https:\/\/ikigaiexperience.com.br\/es\/experiencias\/buceo-morro-de-sao-paulo\/\" \/>\n<meta property=\"og:locale\" content=\"es_ES\" \/>\n<meta property=\"og:type\" content=\"article\" \/>\n<meta property=\"og:title\" content=\"Mergulho Morro de S\u00e3o Paulo para iniciantes - Ikigai Experience\" \/>\n<meta property=\"og:description\" content=\"Venha mergulhar em morro de s\u00e3o paulo e aprecie toda natureza subaqu\u00e1tca deste lugar magn\u00edfico. Reserve j\u00e1 e aproveite com a fam\u00edlia.\" \/>\n<meta property=\"og:url\" content=\"https:\/\/ikigaiexperience.com.br\/es\/experiencias\/buceo-morro-de-sao-paulo\/\" \/>\n<meta property=\"og:site_name\" content=\"Ikigai Experience\" \/>\n<meta property=\"article:publisher\" content=\"https:\/\/www.facebook.com\/Ikigai-Experience-100452311832822\" \/>\n<meta property=\"article:modified_time\" content=\"2023-12-19T20:47:18+00:00\" \/>\n<meta property=\"og:image\" content=\"https:\/\/ikigaiexperience.com.br\/wp-content\/uploads\/2022\/06\/mergulho-morro-sao-paulo.jpg\" \/>\n\t<meta property=\"og:image:width\" content=\"935\" \/>\n\t<meta property=\"og:image:height\" content=\"622\" \/>\n\t<meta property=\"og:image:type\" content=\"image\/jpeg\" \/>\n<meta name=\"twitter:card\" content=\"summary_large_image\" \/>\n<meta name=\"twitter:label1\" content=\"Tiempo de lectura\" \/>\n\t<meta name=\"twitter:data1\" content=\"2 minutos\" \/>\n<script type=\"application\/ld+json\" class=\"yoast-schema-graph\">{\"@context\":\"https:\/\/schema.org\",\"@graph\":[{\"@type\":\"WebPage\",\"@id\":\"https:\/\/ikigaiexperience.com.br\/experiencias\/mergulho-morro-de-sao-paulo\/\",\"url\":\"https:\/\/ikigaiexperience.com.br\/experiencias\/mergulho-morro-de-sao-paulo\/\",\"name\":\"Mergulho Morro de S\u00e3o Paulo para iniciantes - Ikigai Experience\",\"isPartOf\":{\"@id\":\"https:\/\/ikigaiexperience.com.br\/#website\"},\"datePublished\":\"2022-06-27T21:21:53+00:00\",\"dateModified\":\"2023-12-19T20:47:18+00:00\",\"description\":\"Venha mergulhar em morro de s\u00e3o paulo e aprecie toda natureza subaqu\u00e1tca deste lugar magn\u00edfico. Reserve j\u00e1 e aproveite com a fam\u00edlia.\",\"breadcrumb\":{\"@id\":\"https:\/\/ikigaiexperience.com.br\/experiencias\/mergulho-morro-de-sao-paulo\/#breadcrumb\"},\"inLanguage\":\"es\",\"potentialAction\":[{\"@type\":\"ReadAction\",\"target\":[\"https:\/\/ikigaiexperience.com.br\/experiencias\/mergulho-morro-de-sao-paulo\/\"]}]},{\"@type\":\"BreadcrumbList\",\"@id\":\"https:\/\/ikigaiexperience.com.br\/experiencias\/mergulho-morro-de-sao-paulo\/#breadcrumb\",\"itemListElement\":[{\"@type\":\"ListItem\",\"position\":1,\"name\":\"In\u00edcio\",\"item\":\"https:\/\/ikigaiexperience.com.br\/\"},{\"@type\":\"ListItem\",\"position\":2,\"name\":\"Mergulho\",\"item\":\"https:\/\/ikigaiexperience.com.br\/experiencia-categoria\/mergulho\/\"},{\"@type\":\"ListItem\",\"position\":3,\"name\":\"Mergulho Morro de S\u00e3o Paulo para iniciantes\"}]},{\"@type\":\"WebSite\",\"@id\":\"https:\/\/ikigaiexperience.com.br\/#website\",\"url\":\"https:\/\/ikigaiexperience.com.br\/\",\"name\":\"Ikigai Experience\",\"description\":\"Reserve seu mergulho de um modo f\u00e1cil, r\u00e1pido e divertido.\",\"publisher\":{\"@id\":\"https:\/\/ikigaiexperience.com.br\/#organization\"},\"potentialAction\":[{\"@type\":\"SearchAction\",\"target\":{\"@type\":\"EntryPoint\",\"urlTemplate\":\"https:\/\/ikigaiexperience.com.br\/?s={search_term_string}\"},\"query-input\":\"required name=search_term_string\"}],\"inLanguage\":\"es\"},{\"@type\":\"Organization\",\"@id\":\"https:\/\/ikigaiexperience.com.br\/#organization\",\"name\":\"Ikigai Experience\",\"url\":\"https:\/\/ikigaiexperience.com.br\/\",\"logo\":{\"@type\":\"ImageObject\",\"inLanguage\":\"es\",\"@id\":\"https:\/\/ikigaiexperience.com.br\/#\/schema\/logo\/image\/\",\"url\":\"https:\/\/ikigaiexperience.com.br\/wp-content\/uploads\/2021\/06\/Ikigai-Experience-Horizontal-Branco.png\",\"contentUrl\":\"https:\/\/ikigaiexperience.com.br\/wp-content\/uploads\/2021\/06\/Ikigai-Experience-Horizontal-Branco.png\",\"width\":924,\"height\":249,\"caption\":\"Ikigai Experience\"},\"image\":{\"@id\":\"https:\/\/ikigaiexperience.com.br\/#\/schema\/logo\/image\/\"},\"sameAs\":[\"https:\/\/www.instagram.com\/theikigaiexperience\/\",\"https:\/\/www.linkedin.com\/company\/ikigai-experience\",\"https:\/\/www.youtube.com\/channel\/UC8qpgAQ3P89h79oP9ymmo7Q\",\"https:\/\/www.facebook.com\/Ikigai-Experience-100452311832822\"]}]}<\/script>\n<!-- \/ Yoast SEO plugin. -->","yoast_head_json":{"title":"Mergulho Morro de S\u00e3o Paulo para iniciantes - Ikigai Experience","description":"Venha mergulhar em morro de s\u00e3o paulo e aprecie toda natureza subaqu\u00e1tca deste lugar magn\u00edfico. Reserve j\u00e1 e aproveite com a fam\u00edlia.","robots":{"index":"index","follow":"follow","max-snippet":"max-snippet:-1","max-image-preview":"max-image-preview:large","max-video-preview":"max-video-preview:-1"},"canonical":"https:\/\/ikigaiexperience.com.br\/es\/experiencias\/buceo-morro-de-sao-paulo\/","og_locale":"es_ES","og_type":"article","og_title":"Mergulho Morro de S\u00e3o Paulo para iniciantes - Ikigai Experience","og_description":"Venha mergulhar em morro de s\u00e3o paulo e aprecie toda natureza subaqu\u00e1tca deste lugar magn\u00edfico. Reserve j\u00e1 e aproveite com a fam\u00edlia.","og_url":"https:\/\/ikigaiexperience.com.br\/es\/experiencias\/buceo-morro-de-sao-paulo\/","og_site_name":"Ikigai Experience","article_publisher":"https:\/\/www.facebook.com\/Ikigai-Experience-100452311832822","article_modified_time":"2023-12-19T20:47:18+00:00","og_image":[{"width":935,"height":622,"url":"https:\/\/ikigaiexperience.com.br\/wp-content\/uploads\/2022\/06\/mergulho-morro-sao-paulo.jpg","type":"image\/jpeg"}],"twitter_card":"summary_large_image","twitter_misc":{"Tiempo de lectura":"2 minutos"},"schema":{"@context":"https:\/\/schema.org","@graph":[{"@type":"WebPage","@id":"https:\/\/ikigaiexperience.com.br\/experiencias\/mergulho-morro-de-sao-paulo\/","url":"https:\/\/ikigaiexperience.com.br\/experiencias\/mergulho-morro-de-sao-paulo\/","name":"Mergulho Morro de S\u00e3o Paulo para iniciantes - Ikigai Experience","isPartOf":{"@id":"https:\/\/ikigaiexperience.com.br\/#website"},"datePublished":"2022-06-27T21:21:53+00:00","dateModified":"2023-12-19T20:47:18+00:00","description":"Venha mergulhar em morro de s\u00e3o paulo e aprecie toda natureza subaqu\u00e1tca deste lugar magn\u00edfico. Reserve j\u00e1 e aproveite com a fam\u00edlia.","breadcrumb":{"@id":"https:\/\/ikigaiexperience.com.br\/experiencias\/mergulho-morro-de-sao-paulo\/#breadcrumb"},"inLanguage":"es","potentialAction":[{"@type":"ReadAction","target":["https:\/\/ikigaiexperience.com.br\/experiencias\/mergulho-morro-de-sao-paulo\/"]}]},{"@type":"BreadcrumbList","@id":"https:\/\/ikigaiexperience.com.br\/experiencias\/mergulho-morro-de-sao-paulo\/#breadcrumb","itemListElement":[{"@type":"ListItem","position":1,"name":"In\u00edcio","item":"https:\/\/ikigaiexperience.com.br\/"},{"@type":"ListItem","position":2,"name":"Mergulho","item":"https:\/\/ikigaiexperience.com.br\/experiencia-categoria\/mergulho\/"},{"@type":"ListItem","position":3,"name":"Mergulho Morro de S\u00e3o Paulo para iniciantes"}]},{"@type":"WebSite","@id":"https:\/\/ikigaiexperience.com.br\/#website","url":"https:\/\/ikigaiexperience.com.br\/","name":"Ikigai Experience","description":"Reserve seu mergulho de um modo f\u00e1cil, r\u00e1pido e divertido.","publisher":{"@id":"https:\/\/ikigaiexperience.com.br\/#organization"},"potentialAction":[{"@type":"SearchAction","target":{"@type":"EntryPoint","urlTemplate":"https:\/\/ikigaiexperience.com.br\/?s={search_term_string}"},"query-input":"required name=search_term_string"}],"inLanguage":"es"},{"@type":"Organization","@id":"https:\/\/ikigaiexperience.com.br\/#organization","name":"Ikigai Experience","url":"https:\/\/ikigaiexperience.com.br\/","logo":{"@type":"ImageObject","inLanguage":"es","@id":"https:\/\/ikigaiexperience.com.br\/#\/schema\/logo\/image\/","url":"https:\/\/ikigaiexperience.com.br\/wp-content\/uploads\/2021\/06\/Ikigai-Experience-Horizontal-Branco.png","contentUrl":"https:\/\/ikigaiexperience.com.br\/wp-content\/uploads\/2021\/06\/Ikigai-Experience-Horizontal-Branco.png","width":924,"height":249,"caption":"Ikigai Experience"},"image":{"@id":"https:\/\/ikigaiexperience.com.br\/#\/schema\/logo\/image\/"},"sameAs":["https:\/\/www.instagram.com\/theikigaiexperience\/","https:\/\/www.linkedin.com\/company\/ikigai-experience","https:\/\/www.youtube.com\/channel\/UC8qpgAQ3P89h79oP9ymmo7Q","https:\/\/www.facebook.com\/Ikigai-Experience-100452311832822"]}]}},"_links":{"self":[{"href":"https:\/\/ikigaiexperience.com.br\/es\/wp-json\/wp\/v2\/product\/18870"}],"collection":[{"href":"https:\/\/ikigaiexperience.com.br\/es\/wp-json\/wp\/v2\/product"}],"about":[{"href":"https:\/\/ikigaiexperience.com.br\/es\/wp-json\/wp\/v2\/types\/product"}],"version-history":[{"count":1,"href":"https:\/\/ikigaiexperience.com.br\/es\/wp-json\/wp\/v2\/product\/18870\/revisions"}],"predecessor-version":[{"id":21666,"href":"https:\/\/ikigaiexperience.com.br\/es\/wp-json\/wp\/v2\/product\/18870\/revisions\/21666"}],"wp:featuredmedia":[{"embeddable":true,"href":"https:\/\/ikigaiexperience.com.br\/es\/wp-json\/wp\/v2\/media\/18875"}],"wp:attachment":[{"href":"https:\/\/ikigaiexperience.com.br\/es\/wp-json\/wp\/v2\/media?parent=18870"}],"wp:term":[{"taxonomy":"product_cat","embeddable":true,"href":"https:\/\/ikigaiexperience.com.br\/es\/wp-json\/wp\/v2\/product_cat?post=18870"},{"taxonomy":"product_tag","embeddable":true,"href":"https:\/\/ikigaiexperience.com.br\/es\/wp-json\/wp\/v2\/product_tag?post=18870"}],"curies":[{"name":"wp","href":"https:\/\/api.w.org\/{rel}","templated":true}]}}