{"id":18854,"date":"2022-06-27T17:54:37","date_gmt":"2022-06-27T20:54:37","guid":{"rendered":"https:\/\/ikigaiexperience.com.br\/?post_type=product&#038;p=18854"},"modified":"2022-11-02T23:57:39","modified_gmt":"2022-11-03T02:57:39","slug":"mergulho-abrolhos","status":"publish","type":"product","link":"https:\/\/ikigaiexperience.com.br\/es\/experiencias\/buceo-abrolhos\/","title":{"rendered":"Buceo Abrolhos para principiantes"},"content":{"rendered":"<h3><strong>Archipi\u00e9lago de Abrolhos en Cost\u00e3o do Farol<\/strong><\/h3>\n<p><span style=\"font-weight: 400;\">El archipi\u00e9lago de Abrolhos, Caravelas-BA, es el primer parque marino nacional de Brasil y se considera que tiene la mayor biodiversidad de todo el Atl\u00e1ntico Sur.<\/span><\/p>\n<p><span style=\"font-weight: 400;\">Un para\u00edso no tocado por el hombre, el buceo en Abrolhos es un destino para buzos de todo el mundo, que buscan explorar sus islas de formaciones volc\u00e1nicas, que van m\u00e1s all\u00e1 de los 15 km de corales a lo largo de su costa.<\/span><\/p>\n<h3><strong>Experiencia de Buceo en Abrolhos \u2013 Cost\u00e3o do Farol<\/strong><\/h3>\n<p><span style=\"font-weight: 400;\">Cerca de la isla de Santa B\u00e1rbara, el punto de buceo de Cost\u00e3o do Farol es uno de los destinos m\u00e1s buscados por los turistas que buscan ver las bellezas del fondo marino.\u00a0<\/span><\/p>\n<p><span style=\"font-weight: 400;\">La duraci\u00f3n de la inmersi\u00f3n es variable, y durante este tiempo es posible contemplar las formaciones de los corales.<\/span><\/p>\n<p><span style=\"font-weight: 400;\">Como parte del \u00e1rea con mayor biodiversidad marina de Brasil, el Cost\u00e3o do Farol es un excelente lugar para conocer el archipi\u00e9lago de Abrolhos, ya que su profundidad m\u00e1xima es de solo 12 metros.<\/span><\/p>\n<p><span style=\"font-weight: 400;\">Otra curiosidad es que, adem\u00e1s de la antigua construcci\u00f3n del faro, es posible tener contacto con diversos animales como: gorgonias oreja de elefante, dientes grandes, langostas, tiburones nodriza y el pez mero en peligro de extinci\u00f3n.\u00a0\u00a0<\/span><\/p>\n<p><span style=\"font-weight: 400;\">Incluso, en un d\u00eda de suerte, es posible ver una familia de ballenas cerca de otros puntos del vasto archipi\u00e9lago de Abrolhos.\u00a0<\/span><\/p>\n<p><span style=\"font-weight: 400;\">a ellos<\/span>orgullo en Abrolhos<span style=\"font-weight: 400;\"> representa un hito para la conservaci\u00f3n del ecosistema de las islas, ya que a trav\u00e9s del buceo es posible concienciar a la gente de su importancia para la fauna marina.\u00a0<\/span><\/p>\n<p><span style=\"font-weight: 400;\">Si buscas una experiencia \u00fanica en el mar, coge tu equipo de buceo y dir\u00edgete a <\/span>Buceo en Abrolhos <span style=\"font-weight: 400;\">en Cost\u00e3o do Farol.<\/span><\/p>","protected":false},"excerpt":{"rendered":"<p>En la experiencia de buceo en Abrolhos, tendr\u00e1s la oportunidad de conocer los lugares m\u00e1s hermosos para bucear en la regi\u00f3n sin siquiera saber nadar. La experiencia consta de 40 minutos de buceo acompa\u00f1ado de un instructor a una profundidad de hasta 10m.<\/p>","protected":false},"featured_media":18863,"parent":0,"template":"","meta":[],"product_cat":[29],"product_tag":[],"yoast_head":"<!-- This site is optimized with the Yoast SEO plugin v20.0 - https:\/\/yoast.com\/wordpress\/plugins\/seo\/ -->\n<title>Mergulho Abrolhos para iniciantes - Ikigai Experience<\/title>\n<meta name=\"description\" content=\"Mergulhe em abrolhos e descobria a magina incr\u00edvel do fundo do mar. Reserve seu mergulho de cilindro com a gente.\" \/>\n<meta name=\"robots\" content=\"index, follow, max-snippet:-1, max-image-preview:large, max-video-preview:-1\" \/>\n<link rel=\"canonical\" href=\"https:\/\/ikigaiexperience.com.br\/es\/experiencias\/buceo-abrolhos\/\" \/>\n<meta property=\"og:locale\" content=\"es_ES\" \/>\n<meta property=\"og:type\" content=\"article\" \/>\n<meta property=\"og:title\" content=\"Mergulho Abrolhos para iniciantes - Ikigai Experience\" \/>\n<meta property=\"og:description\" content=\"Mergulhe em abrolhos e descobria a magina incr\u00edvel do fundo do mar. Reserve seu mergulho de cilindro com a gente.\" \/>\n<meta property=\"og:url\" content=\"https:\/\/ikigaiexperience.com.br\/es\/experiencias\/buceo-abrolhos\/\" \/>\n<meta property=\"og:site_name\" content=\"Ikigai Experience\" \/>\n<meta property=\"article:publisher\" content=\"https:\/\/www.facebook.com\/Ikigai-Experience-100452311832822\" \/>\n<meta property=\"article:modified_time\" content=\"2022-11-03T02:57:39+00:00\" \/>\n<meta property=\"og:image\" content=\"https:\/\/ikigaiexperience.com.br\/wp-content\/uploads\/2022\/06\/mergulho-abrolhos.jpg\" \/>\n\t<meta property=\"og:image:width\" content=\"935\" \/>\n\t<meta property=\"og:image:height\" content=\"622\" \/>\n\t<meta property=\"og:image:type\" content=\"image\/jpeg\" \/>\n<meta name=\"twitter:card\" content=\"summary_large_image\" \/>\n<meta name=\"twitter:label1\" content=\"Tiempo de lectura\" \/>\n\t<meta name=\"twitter:data1\" content=\"2 minutos\" \/>\n<script type=\"application\/ld+json\" class=\"yoast-schema-graph\">{\"@context\":\"https:\/\/schema.org\",\"@graph\":[{\"@type\":\"WebPage\",\"@id\":\"https:\/\/ikigaiexperience.com.br\/experiencias\/mergulho-abrolhos\/\",\"url\":\"https:\/\/ikigaiexperience.com.br\/experiencias\/mergulho-abrolhos\/\",\"name\":\"Mergulho Abrolhos para iniciantes - Ikigai Experience\",\"isPartOf\":{\"@id\":\"https:\/\/ikigaiexperience.com.br\/#website\"},\"datePublished\":\"2022-06-27T20:54:37+00:00\",\"dateModified\":\"2022-11-03T02:57:39+00:00\",\"description\":\"Mergulhe em abrolhos e descobria a magina incr\u00edvel do fundo do mar. Reserve seu mergulho de cilindro com a gente.\",\"breadcrumb\":{\"@id\":\"https:\/\/ikigaiexperience.com.br\/experiencias\/mergulho-abrolhos\/#breadcrumb\"},\"inLanguage\":\"es\",\"potentialAction\":[{\"@type\":\"ReadAction\",\"target\":[\"https:\/\/ikigaiexperience.com.br\/experiencias\/mergulho-abrolhos\/\"]}]},{\"@type\":\"BreadcrumbList\",\"@id\":\"https:\/\/ikigaiexperience.com.br\/experiencias\/mergulho-abrolhos\/#breadcrumb\",\"itemListElement\":[{\"@type\":\"ListItem\",\"position\":1,\"name\":\"In\u00edcio\",\"item\":\"https:\/\/ikigaiexperience.com.br\/\"},{\"@type\":\"ListItem\",\"position\":2,\"name\":\"Mergulho\",\"item\":\"https:\/\/ikigaiexperience.com.br\/experiencia-categoria\/mergulho\/\"},{\"@type\":\"ListItem\",\"position\":3,\"name\":\"Mergulho Abrolhos para iniciantes\"}]},{\"@type\":\"WebSite\",\"@id\":\"https:\/\/ikigaiexperience.com.br\/#website\",\"url\":\"https:\/\/ikigaiexperience.com.br\/\",\"name\":\"Ikigai Experience\",\"description\":\"Reserve seu mergulho de um modo f\u00e1cil, r\u00e1pido e divertido.\",\"publisher\":{\"@id\":\"https:\/\/ikigaiexperience.com.br\/#organization\"},\"potentialAction\":[{\"@type\":\"SearchAction\",\"target\":{\"@type\":\"EntryPoint\",\"urlTemplate\":\"https:\/\/ikigaiexperience.com.br\/?s={search_term_string}\"},\"query-input\":\"required name=search_term_string\"}],\"inLanguage\":\"es\"},{\"@type\":\"Organization\",\"@id\":\"https:\/\/ikigaiexperience.com.br\/#organization\",\"name\":\"Ikigai Experience\",\"url\":\"https:\/\/ikigaiexperience.com.br\/\",\"logo\":{\"@type\":\"ImageObject\",\"inLanguage\":\"es\",\"@id\":\"https:\/\/ikigaiexperience.com.br\/#\/schema\/logo\/image\/\",\"url\":\"https:\/\/ikigaiexperience.com.br\/wp-content\/uploads\/2021\/06\/Ikigai-Experience-Horizontal-Branco.png\",\"contentUrl\":\"https:\/\/ikigaiexperience.com.br\/wp-content\/uploads\/2021\/06\/Ikigai-Experience-Horizontal-Branco.png\",\"width\":924,\"height\":249,\"caption\":\"Ikigai Experience\"},\"image\":{\"@id\":\"https:\/\/ikigaiexperience.com.br\/#\/schema\/logo\/image\/\"},\"sameAs\":[\"https:\/\/www.instagram.com\/theikigaiexperience\/\",\"https:\/\/www.linkedin.com\/company\/ikigai-experience\",\"https:\/\/www.youtube.com\/channel\/UC8qpgAQ3P89h79oP9ymmo7Q\",\"https:\/\/www.facebook.com\/Ikigai-Experience-100452311832822\"]}]}<\/script>\n<!-- \/ Yoast SEO plugin. -->","yoast_head_json":{"title":"Mergulho Abrolhos para iniciantes - Ikigai Experience","description":"Mergulhe em abrolhos e descobria a magina incr\u00edvel do fundo do mar. Reserve seu mergulho de cilindro com a gente.","robots":{"index":"index","follow":"follow","max-snippet":"max-snippet:-1","max-image-preview":"max-image-preview:large","max-video-preview":"max-video-preview:-1"},"canonical":"https:\/\/ikigaiexperience.com.br\/es\/experiencias\/buceo-abrolhos\/","og_locale":"es_ES","og_type":"article","og_title":"Mergulho Abrolhos para iniciantes - Ikigai Experience","og_description":"Mergulhe em abrolhos e descobria a magina incr\u00edvel do fundo do mar. Reserve seu mergulho de cilindro com a gente.","og_url":"https:\/\/ikigaiexperience.com.br\/es\/experiencias\/buceo-abrolhos\/","og_site_name":"Ikigai Experience","article_publisher":"https:\/\/www.facebook.com\/Ikigai-Experience-100452311832822","article_modified_time":"2022-11-03T02:57:39+00:00","og_image":[{"width":935,"height":622,"url":"https:\/\/ikigaiexperience.com.br\/wp-content\/uploads\/2022\/06\/mergulho-abrolhos.jpg","type":"image\/jpeg"}],"twitter_card":"summary_large_image","twitter_misc":{"Tiempo de lectura":"2 minutos"},"schema":{"@context":"https:\/\/schema.org","@graph":[{"@type":"WebPage","@id":"https:\/\/ikigaiexperience.com.br\/experiencias\/mergulho-abrolhos\/","url":"https:\/\/ikigaiexperience.com.br\/experiencias\/mergulho-abrolhos\/","name":"Mergulho Abrolhos para iniciantes - Ikigai Experience","isPartOf":{"@id":"https:\/\/ikigaiexperience.com.br\/#website"},"datePublished":"2022-06-27T20:54:37+00:00","dateModified":"2022-11-03T02:57:39+00:00","description":"Mergulhe em abrolhos e descobria a magina incr\u00edvel do fundo do mar. Reserve seu mergulho de cilindro com a gente.","breadcrumb":{"@id":"https:\/\/ikigaiexperience.com.br\/experiencias\/mergulho-abrolhos\/#breadcrumb"},"inLanguage":"es","potentialAction":[{"@type":"ReadAction","target":["https:\/\/ikigaiexperience.com.br\/experiencias\/mergulho-abrolhos\/"]}]},{"@type":"BreadcrumbList","@id":"https:\/\/ikigaiexperience.com.br\/experiencias\/mergulho-abrolhos\/#breadcrumb","itemListElement":[{"@type":"ListItem","position":1,"name":"In\u00edcio","item":"https:\/\/ikigaiexperience.com.br\/"},{"@type":"ListItem","position":2,"name":"Mergulho","item":"https:\/\/ikigaiexperience.com.br\/experiencia-categoria\/mergulho\/"},{"@type":"ListItem","position":3,"name":"Mergulho Abrolhos para iniciantes"}]},{"@type":"WebSite","@id":"https:\/\/ikigaiexperience.com.br\/#website","url":"https:\/\/ikigaiexperience.com.br\/","name":"Ikigai Experience","description":"Reserve seu mergulho de um modo f\u00e1cil, r\u00e1pido e divertido.","publisher":{"@id":"https:\/\/ikigaiexperience.com.br\/#organization"},"potentialAction":[{"@type":"SearchAction","target":{"@type":"EntryPoint","urlTemplate":"https:\/\/ikigaiexperience.com.br\/?s={search_term_string}"},"query-input":"required name=search_term_string"}],"inLanguage":"es"},{"@type":"Organization","@id":"https:\/\/ikigaiexperience.com.br\/#organization","name":"Ikigai Experience","url":"https:\/\/ikigaiexperience.com.br\/","logo":{"@type":"ImageObject","inLanguage":"es","@id":"https:\/\/ikigaiexperience.com.br\/#\/schema\/logo\/image\/","url":"https:\/\/ikigaiexperience.com.br\/wp-content\/uploads\/2021\/06\/Ikigai-Experience-Horizontal-Branco.png","contentUrl":"https:\/\/ikigaiexperience.com.br\/wp-content\/uploads\/2021\/06\/Ikigai-Experience-Horizontal-Branco.png","width":924,"height":249,"caption":"Ikigai Experience"},"image":{"@id":"https:\/\/ikigaiexperience.com.br\/#\/schema\/logo\/image\/"},"sameAs":["https:\/\/www.instagram.com\/theikigaiexperience\/","https:\/\/www.linkedin.com\/company\/ikigai-experience","https:\/\/www.youtube.com\/channel\/UC8qpgAQ3P89h79oP9ymmo7Q","https:\/\/www.facebook.com\/Ikigai-Experience-100452311832822"]}]}},"_links":{"self":[{"href":"https:\/\/ikigaiexperience.com.br\/es\/wp-json\/wp\/v2\/product\/18854"}],"collection":[{"href":"https:\/\/ikigaiexperience.com.br\/es\/wp-json\/wp\/v2\/product"}],"about":[{"href":"https:\/\/ikigaiexperience.com.br\/es\/wp-json\/wp\/v2\/types\/product"}],"version-history":[{"count":0,"href":"https:\/\/ikigaiexperience.com.br\/es\/wp-json\/wp\/v2\/product\/18854\/revisions"}],"wp:featuredmedia":[{"embeddable":true,"href":"https:\/\/ikigaiexperience.com.br\/es\/wp-json\/wp\/v2\/media\/18863"}],"wp:attachment":[{"href":"https:\/\/ikigaiexperience.com.br\/es\/wp-json\/wp\/v2\/media?parent=18854"}],"wp:term":[{"taxonomy":"product_cat","embeddable":true,"href":"https:\/\/ikigaiexperience.com.br\/es\/wp-json\/wp\/v2\/product_cat?post=18854"},{"taxonomy":"product_tag","embeddable":true,"href":"https:\/\/ikigaiexperience.com.br\/es\/wp-json\/wp\/v2\/product_tag?post=18854"}],"curies":[{"name":"wp","href":"https:\/\/api.w.org\/{rel}","templated":true}]}}