{"id":18838,"date":"2022-06-27T12:26:24","date_gmt":"2022-06-27T15:26:24","guid":{"rendered":"https:\/\/ikigaiexperience.com.br\/?post_type=product&#038;p=18838"},"modified":"2022-11-02T23:07:09","modified_gmt":"2022-11-03T02:07:09","slug":"mergulho-fortaleza","status":"publish","type":"product","link":"https:\/\/ikigaiexperience.com.br\/es\/experiencias\/buceo-fortaleza\/","title":{"rendered":"Buceo Fortaleza para principiantes"},"content":{"rendered":"<h3><strong>Buceo Fortaleza \u2013 Punto de Inmersi\u00f3n: Costa de Fortaleza<\/strong><\/h3>\n<p><span style=\"font-weight: 400;\">En el litoral de la capital de Cear\u00e1 son los lugares m\u00e1s buscados por los buceadores con m\u00e1s aptitud, ya que la profundidad del mar supera los 20 metros.\u00a0<\/span><\/p>\n<p><span style=\"font-weight: 400;\">Adem\u00e1s de sus aguas cristalinas, el <\/span>Buceo en Fortaleza <span style=\"font-weight: 400;\">tiene una gran variedad de fauna marina, con una riqueza de vida y una inmensidad azul por explorar.<\/span><\/p>\n<p><span style=\"font-weight: 400;\">El punto de buceo m\u00e1s popular es Pedra da Risca do Meio, ya que tiene uno de los arrecifes m\u00e1s grandes en extensi\u00f3n, aproximadamente 1.000 metros y los m\u00e1s variados animales marinos se destacan en el escenario submarino.\u00a0<\/span><\/p>\n<h3><strong>Experiencia de buceo Fortaleza en el Parque Estatal Marino Pedra da Risca do Meio<\/strong><\/h3>\n<p><span style=\"font-weight: 400;\">Partiendo de Porto Mucuripe, los barcos tardan unos 50 minutos en recorrer los 18 km hasta llegar al punto de buceo de Pedra da Risca do Meio.\u00a0<\/span><\/p>\n<p><span style=\"font-weight: 400;\">All\u00ed se enfrentan a un fuerte azul y una visibilidad que var\u00eda entre 15 a 30 metros.\u00a0<\/span><\/p>\n<p><span style=\"font-weight: 400;\">Bajo el agua, los ecosistemas llaman la atenci\u00f3n de los buceadores, ya que en sus formaciones rocosas hay una gran variedad de peces de colores y ornamentales.\u00a0<\/span><\/p>\n<p><span style=\"font-weight: 400;\">Para escapar del turismo com\u00fan que se limita solo a la arena de la playa, tener una experiencia en medio de los corales de Pedra da Risca do Meio es la forma correcta de vivir una aventura.\u00a0<\/span><\/p>\n<p><span style=\"font-weight: 400;\">Por mucho que haya naufragios por todo el parque marino, formaciones rocosas y variedad de animales, lo m\u00e1s recomendable es tener un instructor que te gu\u00ede en el sitio de buceo.\u00a0<\/span><\/p>\n<p>La inmersi\u00f3n en Fortaleza<span style=\"font-weight: 400;\"> permite una relaci\u00f3n m\u00e1s cercana entre las especies marinas y los turistas que buscan entender la importancia de preservar y cuidar el ecosistema local.\u00a0\u00a0\u00a0<\/span><\/p>\n<p><span style=\"font-weight: 400;\">En el punto de buceo Pedra da Risca do Meio, en la costa de Fortaleza, permite una experiencia m\u00e1s amplia y satisfactoria de buceo a diferentes profundidades.<\/span><\/p>\n<p>Entonces, \u00bfvamos a bucear?<\/p>","protected":false},"excerpt":{"rendered":"<p>En la experiencia de buceo en Macei\u00f3 en la modalidad de bautismo, tendr\u00e1s la oportunidad de conocer los lugares m\u00e1s hermosos para bucear en la regi\u00f3n sin necesidad de experiencia previa, ni siquiera saber nadar.<\/p>","protected":false},"featured_media":18839,"parent":0,"template":"","meta":[],"product_cat":[29],"product_tag":[],"yoast_head":"<!-- This site is optimized with the Yoast SEO plugin v20.0 - https:\/\/yoast.com\/wordpress\/plugins\/seo\/ -->\n<title>Mergulho Fortaleza para iniciantes - Ikigai Experience<\/title>\n<meta name=\"description\" content=\"Mergulhe em Fortaleza e conhe\u00e7a toda vida marinha da regi\u00e3o. Explore o fundo dos oceanos da melhor maneira poss\u00edvel.\" \/>\n<meta name=\"robots\" content=\"index, follow, max-snippet:-1, max-image-preview:large, max-video-preview:-1\" \/>\n<link rel=\"canonical\" href=\"https:\/\/ikigaiexperience.com.br\/es\/experiencias\/buceo-fortaleza\/\" \/>\n<meta property=\"og:locale\" content=\"es_ES\" \/>\n<meta property=\"og:type\" content=\"article\" \/>\n<meta property=\"og:title\" content=\"Mergulho Fortaleza para iniciantes - Ikigai Experience\" \/>\n<meta property=\"og:description\" content=\"Mergulhe em Fortaleza e conhe\u00e7a toda vida marinha da regi\u00e3o. Explore o fundo dos oceanos da melhor maneira poss\u00edvel.\" \/>\n<meta property=\"og:url\" content=\"https:\/\/ikigaiexperience.com.br\/es\/experiencias\/buceo-fortaleza\/\" \/>\n<meta property=\"og:site_name\" content=\"Ikigai Experience\" \/>\n<meta property=\"article:publisher\" content=\"https:\/\/www.facebook.com\/Ikigai-Experience-100452311832822\" \/>\n<meta property=\"article:modified_time\" content=\"2022-11-03T02:07:09+00:00\" \/>\n<meta property=\"og:image\" content=\"https:\/\/ikigaiexperience.com.br\/wp-content\/uploads\/2022\/06\/mergulho-fortaleza.jpg\" \/>\n\t<meta property=\"og:image:width\" content=\"935\" \/>\n\t<meta property=\"og:image:height\" content=\"622\" \/>\n\t<meta property=\"og:image:type\" content=\"image\/jpeg\" \/>\n<meta name=\"twitter:card\" content=\"summary_large_image\" \/>\n<meta name=\"twitter:label1\" content=\"Tiempo de lectura\" \/>\n\t<meta name=\"twitter:data1\" content=\"2 minutos\" \/>\n<script type=\"application\/ld+json\" class=\"yoast-schema-graph\">{\"@context\":\"https:\/\/schema.org\",\"@graph\":[{\"@type\":\"WebPage\",\"@id\":\"https:\/\/ikigaiexperience.com.br\/experiencias\/mergulho-fortaleza\/\",\"url\":\"https:\/\/ikigaiexperience.com.br\/experiencias\/mergulho-fortaleza\/\",\"name\":\"Mergulho Fortaleza para iniciantes - Ikigai Experience\",\"isPartOf\":{\"@id\":\"https:\/\/ikigaiexperience.com.br\/#website\"},\"datePublished\":\"2022-06-27T15:26:24+00:00\",\"dateModified\":\"2022-11-03T02:07:09+00:00\",\"description\":\"Mergulhe em Fortaleza e conhe\u00e7a toda vida marinha da regi\u00e3o. Explore o fundo dos oceanos da melhor maneira poss\u00edvel.\",\"breadcrumb\":{\"@id\":\"https:\/\/ikigaiexperience.com.br\/experiencias\/mergulho-fortaleza\/#breadcrumb\"},\"inLanguage\":\"es\",\"potentialAction\":[{\"@type\":\"ReadAction\",\"target\":[\"https:\/\/ikigaiexperience.com.br\/experiencias\/mergulho-fortaleza\/\"]}]},{\"@type\":\"BreadcrumbList\",\"@id\":\"https:\/\/ikigaiexperience.com.br\/experiencias\/mergulho-fortaleza\/#breadcrumb\",\"itemListElement\":[{\"@type\":\"ListItem\",\"position\":1,\"name\":\"In\u00edcio\",\"item\":\"https:\/\/ikigaiexperience.com.br\/\"},{\"@type\":\"ListItem\",\"position\":2,\"name\":\"Mergulho\",\"item\":\"https:\/\/ikigaiexperience.com.br\/experiencia-categoria\/mergulho\/\"},{\"@type\":\"ListItem\",\"position\":3,\"name\":\"Mergulho Fortaleza para iniciantes\"}]},{\"@type\":\"WebSite\",\"@id\":\"https:\/\/ikigaiexperience.com.br\/#website\",\"url\":\"https:\/\/ikigaiexperience.com.br\/\",\"name\":\"Ikigai Experience\",\"description\":\"Reserve seu mergulho de um modo f\u00e1cil, r\u00e1pido e divertido.\",\"publisher\":{\"@id\":\"https:\/\/ikigaiexperience.com.br\/#organization\"},\"potentialAction\":[{\"@type\":\"SearchAction\",\"target\":{\"@type\":\"EntryPoint\",\"urlTemplate\":\"https:\/\/ikigaiexperience.com.br\/?s={search_term_string}\"},\"query-input\":\"required name=search_term_string\"}],\"inLanguage\":\"es\"},{\"@type\":\"Organization\",\"@id\":\"https:\/\/ikigaiexperience.com.br\/#organization\",\"name\":\"Ikigai Experience\",\"url\":\"https:\/\/ikigaiexperience.com.br\/\",\"logo\":{\"@type\":\"ImageObject\",\"inLanguage\":\"es\",\"@id\":\"https:\/\/ikigaiexperience.com.br\/#\/schema\/logo\/image\/\",\"url\":\"https:\/\/ikigaiexperience.com.br\/wp-content\/uploads\/2021\/06\/Ikigai-Experience-Horizontal-Branco.png\",\"contentUrl\":\"https:\/\/ikigaiexperience.com.br\/wp-content\/uploads\/2021\/06\/Ikigai-Experience-Horizontal-Branco.png\",\"width\":924,\"height\":249,\"caption\":\"Ikigai Experience\"},\"image\":{\"@id\":\"https:\/\/ikigaiexperience.com.br\/#\/schema\/logo\/image\/\"},\"sameAs\":[\"https:\/\/www.instagram.com\/theikigaiexperience\/\",\"https:\/\/www.linkedin.com\/company\/ikigai-experience\",\"https:\/\/www.youtube.com\/channel\/UC8qpgAQ3P89h79oP9ymmo7Q\",\"https:\/\/www.facebook.com\/Ikigai-Experience-100452311832822\"]}]}<\/script>\n<!-- \/ Yoast SEO plugin. -->","yoast_head_json":{"title":"Mergulho Fortaleza para iniciantes - Ikigai Experience","description":"Mergulhe em Fortaleza e conhe\u00e7a toda vida marinha da regi\u00e3o. Explore o fundo dos oceanos da melhor maneira poss\u00edvel.","robots":{"index":"index","follow":"follow","max-snippet":"max-snippet:-1","max-image-preview":"max-image-preview:large","max-video-preview":"max-video-preview:-1"},"canonical":"https:\/\/ikigaiexperience.com.br\/es\/experiencias\/buceo-fortaleza\/","og_locale":"es_ES","og_type":"article","og_title":"Mergulho Fortaleza para iniciantes - Ikigai Experience","og_description":"Mergulhe em Fortaleza e conhe\u00e7a toda vida marinha da regi\u00e3o. Explore o fundo dos oceanos da melhor maneira poss\u00edvel.","og_url":"https:\/\/ikigaiexperience.com.br\/es\/experiencias\/buceo-fortaleza\/","og_site_name":"Ikigai Experience","article_publisher":"https:\/\/www.facebook.com\/Ikigai-Experience-100452311832822","article_modified_time":"2022-11-03T02:07:09+00:00","og_image":[{"width":935,"height":622,"url":"https:\/\/ikigaiexperience.com.br\/wp-content\/uploads\/2022\/06\/mergulho-fortaleza.jpg","type":"image\/jpeg"}],"twitter_card":"summary_large_image","twitter_misc":{"Tiempo de lectura":"2 minutos"},"schema":{"@context":"https:\/\/schema.org","@graph":[{"@type":"WebPage","@id":"https:\/\/ikigaiexperience.com.br\/experiencias\/mergulho-fortaleza\/","url":"https:\/\/ikigaiexperience.com.br\/experiencias\/mergulho-fortaleza\/","name":"Mergulho Fortaleza para iniciantes - Ikigai Experience","isPartOf":{"@id":"https:\/\/ikigaiexperience.com.br\/#website"},"datePublished":"2022-06-27T15:26:24+00:00","dateModified":"2022-11-03T02:07:09+00:00","description":"Mergulhe em Fortaleza e conhe\u00e7a toda vida marinha da regi\u00e3o. Explore o fundo dos oceanos da melhor maneira poss\u00edvel.","breadcrumb":{"@id":"https:\/\/ikigaiexperience.com.br\/experiencias\/mergulho-fortaleza\/#breadcrumb"},"inLanguage":"es","potentialAction":[{"@type":"ReadAction","target":["https:\/\/ikigaiexperience.com.br\/experiencias\/mergulho-fortaleza\/"]}]},{"@type":"BreadcrumbList","@id":"https:\/\/ikigaiexperience.com.br\/experiencias\/mergulho-fortaleza\/#breadcrumb","itemListElement":[{"@type":"ListItem","position":1,"name":"In\u00edcio","item":"https:\/\/ikigaiexperience.com.br\/"},{"@type":"ListItem","position":2,"name":"Mergulho","item":"https:\/\/ikigaiexperience.com.br\/experiencia-categoria\/mergulho\/"},{"@type":"ListItem","position":3,"name":"Mergulho Fortaleza para iniciantes"}]},{"@type":"WebSite","@id":"https:\/\/ikigaiexperience.com.br\/#website","url":"https:\/\/ikigaiexperience.com.br\/","name":"Ikigai Experience","description":"Reserve seu mergulho de um modo f\u00e1cil, r\u00e1pido e divertido.","publisher":{"@id":"https:\/\/ikigaiexperience.com.br\/#organization"},"potentialAction":[{"@type":"SearchAction","target":{"@type":"EntryPoint","urlTemplate":"https:\/\/ikigaiexperience.com.br\/?s={search_term_string}"},"query-input":"required name=search_term_string"}],"inLanguage":"es"},{"@type":"Organization","@id":"https:\/\/ikigaiexperience.com.br\/#organization","name":"Ikigai Experience","url":"https:\/\/ikigaiexperience.com.br\/","logo":{"@type":"ImageObject","inLanguage":"es","@id":"https:\/\/ikigaiexperience.com.br\/#\/schema\/logo\/image\/","url":"https:\/\/ikigaiexperience.com.br\/wp-content\/uploads\/2021\/06\/Ikigai-Experience-Horizontal-Branco.png","contentUrl":"https:\/\/ikigaiexperience.com.br\/wp-content\/uploads\/2021\/06\/Ikigai-Experience-Horizontal-Branco.png","width":924,"height":249,"caption":"Ikigai Experience"},"image":{"@id":"https:\/\/ikigaiexperience.com.br\/#\/schema\/logo\/image\/"},"sameAs":["https:\/\/www.instagram.com\/theikigaiexperience\/","https:\/\/www.linkedin.com\/company\/ikigai-experience","https:\/\/www.youtube.com\/channel\/UC8qpgAQ3P89h79oP9ymmo7Q","https:\/\/www.facebook.com\/Ikigai-Experience-100452311832822"]}]}},"_links":{"self":[{"href":"https:\/\/ikigaiexperience.com.br\/es\/wp-json\/wp\/v2\/product\/18838"}],"collection":[{"href":"https:\/\/ikigaiexperience.com.br\/es\/wp-json\/wp\/v2\/product"}],"about":[{"href":"https:\/\/ikigaiexperience.com.br\/es\/wp-json\/wp\/v2\/types\/product"}],"version-history":[{"count":0,"href":"https:\/\/ikigaiexperience.com.br\/es\/wp-json\/wp\/v2\/product\/18838\/revisions"}],"wp:featuredmedia":[{"embeddable":true,"href":"https:\/\/ikigaiexperience.com.br\/es\/wp-json\/wp\/v2\/media\/18839"}],"wp:attachment":[{"href":"https:\/\/ikigaiexperience.com.br\/es\/wp-json\/wp\/v2\/media?parent=18838"}],"wp:term":[{"taxonomy":"product_cat","embeddable":true,"href":"https:\/\/ikigaiexperience.com.br\/es\/wp-json\/wp\/v2\/product_cat?post=18838"},{"taxonomy":"product_tag","embeddable":true,"href":"https:\/\/ikigaiexperience.com.br\/es\/wp-json\/wp\/v2\/product_tag?post=18838"}],"curies":[{"name":"wp","href":"https:\/\/api.w.org\/{rel}","templated":true}]}}