{"id":18811,"date":"2022-06-27T11:19:20","date_gmt":"2022-06-27T14:19:20","guid":{"rendered":"https:\/\/ikigaiexperience.com.br\/?post_type=product&#038;p=18811"},"modified":"2023-06-26T10:02:01","modified_gmt":"2023-06-26T13:02:01","slug":"mergulho-fernando-de-noronha","status":"publish","type":"product","link":"https:\/\/ikigaiexperience.com.br\/es\/experiencias\/buceo-fernando-de-noronha\/","title":{"rendered":"Buceo en Fernando de Noronha"},"content":{"rendered":"<h3><strong>Buceo Fernando de Noronha<\/strong><\/h3>\n<p>En Buceo Fernando de Noronha las posibilidades son siempre amplias para todos los gustos y edades. Entonces, no se sorprenda cuando sepa que Fernando de Noronha tiene varios lugares para bucear.<\/p>\n<p>Bucear en Fernando de Noronha es una experiencia que hay que vivirla, tener la oportunidad de ver rayas, tortugas y corales en un mismo ecosistema es incre\u00edble.<\/p>\n<p>Indicados para bautizos, conozca los puntos de buceo: Cagarras Rasa e Ilha do Meio, los lugares m\u00e1s buscados en Mergulho Fernando de Noronha para el bautizo de los nuevos buceadores.<\/p>\n<h3><strong>Experiencia en Puntos Cagarras, Meio y Ressurreta\u00a0<\/strong><\/h3>\n<p><span style=\"font-weight: 400;\">El punto de buceo Cagarras es considerado el mejor lugar en el mar de Fernando de Noronha para el bautismo, ya que ofrece diferentes profundidades de buceo en el mismo lugar.\u00a0 <\/span><span style=\"font-weight: 400;\">Pero eso no significa que tengas que ir tan profundo para ver la fauna marina local.\u00a0<\/span><\/p>\n<p><span style=\"font-weight: 400;\">As\u00ed es, es posible ver una variedad de peces de colores y otros animales en una profundidad de menos de 10 metros.\u00a0<\/span><\/p>\n<p><span style=\"font-weight: 400;\">Gracias al encuentro entre el Mar de Dentro y el Mar de Fora, Ilha do Meio tiene una presencia marina muy llamativa, su profundidad m\u00e1xima es de solo 16 metros, lo que hace muy f\u00e1cil el buceo.\u00a0<\/span><\/p>\n<p><span style=\"font-weight: 400;\">Ahora considerado un lugar de buceo para principiantes, en la isla de Meio es posible encontrar incluso al depredador de los oc\u00e9anos. Es incre\u00edble ver cu\u00e1nto <\/span>Buceo Fernando de Noronha<span style=\"font-weight: 400;\"> tiene que ofrecer.\u00a0\u00a0<\/span><\/p>\n<p><span style=\"font-weight: 400;\">Adem\u00e1s de ser considerados \u00e1reas de bautismo, los puntos de buceo conservan hermosas especies y, en los primeros minutos bajo el agua, es posible ver un banco de peces cruzarse con los ojos.<\/span><\/p>\n<p><span style=\"font-weight: 400;\">Importante: La definici\u00f3n del destino se realiza el d\u00eda de la experiencia, dadas las condiciones clim\u00e1ticas y la experiencia de los buzos.\u00a0 \u00a0<\/span><\/p>\n<p>\u00bfQuieres vivir esta aventura?<\/p>","protected":false},"excerpt":{"rendered":"<p>En la experiencia de buceo en Fernando de Noronha en la modalidad de bautismo, tendr\u00e1s la oportunidad de bucear en una de las regiones m\u00e1s codiciadas del mundo para el buceo, \u00a1con toda comodidad y seguridad! No necesitas ninguna experiencia previa.<\/p>\n<p>&nbsp;<\/p>","protected":false},"featured_media":20176,"parent":0,"template":"","meta":[],"product_cat":[29],"product_tag":[],"yoast_head":"<!-- This site is optimized with the Yoast SEO plugin v20.0 - https:\/\/yoast.com\/wordpress\/plugins\/seo\/ -->\n<title>Mergulho Fernando de Noronha- Ikigai Experience<\/title>\n<meta name=\"description\" content=\"Fa\u00e7a j\u00e1 seu primeiro mergulho em Fernando de Noronha, um dos melhores lugares do Brasil para mergulhar de cilindro.\" \/>\n<meta name=\"robots\" content=\"index, follow, max-snippet:-1, max-image-preview:large, max-video-preview:-1\" \/>\n<link rel=\"canonical\" href=\"https:\/\/ikigaiexperience.com.br\/es\/experiencias\/buceo-fernando-de-noronha\/\" \/>\n<meta property=\"og:locale\" content=\"es_ES\" \/>\n<meta property=\"og:type\" content=\"article\" \/>\n<meta property=\"og:title\" content=\"Mergulho Fernando de Noronha- Ikigai Experience\" \/>\n<meta property=\"og:description\" content=\"Fa\u00e7a j\u00e1 seu primeiro mergulho em Fernando de Noronha, um dos melhores lugares do Brasil para mergulhar de cilindro.\" \/>\n<meta property=\"og:url\" content=\"https:\/\/ikigaiexperience.com.br\/es\/experiencias\/buceo-fernando-de-noronha\/\" \/>\n<meta property=\"og:site_name\" content=\"Ikigai Experience\" \/>\n<meta property=\"article:publisher\" content=\"https:\/\/www.facebook.com\/Ikigai-Experience-100452311832822\" \/>\n<meta property=\"article:modified_time\" content=\"2023-06-26T13:02:01+00:00\" \/>\n<meta property=\"og:image\" content=\"https:\/\/ikigaiexperience.com.br\/wp-content\/uploads\/2022\/09\/mergulho-fernando-de-noronha7.jpg\" \/>\n\t<meta property=\"og:image:width\" content=\"935\" \/>\n\t<meta property=\"og:image:height\" content=\"622\" \/>\n\t<meta property=\"og:image:type\" content=\"image\/jpeg\" \/>\n<meta name=\"twitter:card\" content=\"summary_large_image\" \/>\n<meta name=\"twitter:label1\" content=\"Tiempo de lectura\" \/>\n\t<meta name=\"twitter:data1\" content=\"2 minutos\" \/>\n<script type=\"application\/ld+json\" class=\"yoast-schema-graph\">{\"@context\":\"https:\/\/schema.org\",\"@graph\":[{\"@type\":\"WebPage\",\"@id\":\"https:\/\/ikigaiexperience.com.br\/experiencias\/mergulho-fernando-de-noronha\/\",\"url\":\"https:\/\/ikigaiexperience.com.br\/experiencias\/mergulho-fernando-de-noronha\/\",\"name\":\"Mergulho Fernando de Noronha- Ikigai Experience\",\"isPartOf\":{\"@id\":\"https:\/\/ikigaiexperience.com.br\/#website\"},\"datePublished\":\"2022-06-27T14:19:20+00:00\",\"dateModified\":\"2023-06-26T13:02:01+00:00\",\"description\":\"Fa\u00e7a j\u00e1 seu primeiro mergulho em Fernando de Noronha, um dos melhores lugares do Brasil para mergulhar de cilindro.\",\"breadcrumb\":{\"@id\":\"https:\/\/ikigaiexperience.com.br\/experiencias\/mergulho-fernando-de-noronha\/#breadcrumb\"},\"inLanguage\":\"es\",\"potentialAction\":[{\"@type\":\"ReadAction\",\"target\":[\"https:\/\/ikigaiexperience.com.br\/experiencias\/mergulho-fernando-de-noronha\/\"]}]},{\"@type\":\"BreadcrumbList\",\"@id\":\"https:\/\/ikigaiexperience.com.br\/experiencias\/mergulho-fernando-de-noronha\/#breadcrumb\",\"itemListElement\":[{\"@type\":\"ListItem\",\"position\":1,\"name\":\"In\u00edcio\",\"item\":\"https:\/\/ikigaiexperience.com.br\/\"},{\"@type\":\"ListItem\",\"position\":2,\"name\":\"Mergulho\",\"item\":\"https:\/\/ikigaiexperience.com.br\/experiencia-categoria\/mergulho\/\"},{\"@type\":\"ListItem\",\"position\":3,\"name\":\"Mergulho Fernando de Noronha para iniciantes\"}]},{\"@type\":\"WebSite\",\"@id\":\"https:\/\/ikigaiexperience.com.br\/#website\",\"url\":\"https:\/\/ikigaiexperience.com.br\/\",\"name\":\"Ikigai Experience\",\"description\":\"Reserve seu mergulho de um modo f\u00e1cil, r\u00e1pido e divertido.\",\"publisher\":{\"@id\":\"https:\/\/ikigaiexperience.com.br\/#organization\"},\"potentialAction\":[{\"@type\":\"SearchAction\",\"target\":{\"@type\":\"EntryPoint\",\"urlTemplate\":\"https:\/\/ikigaiexperience.com.br\/?s={search_term_string}\"},\"query-input\":\"required name=search_term_string\"}],\"inLanguage\":\"es\"},{\"@type\":\"Organization\",\"@id\":\"https:\/\/ikigaiexperience.com.br\/#organization\",\"name\":\"Ikigai Experience\",\"url\":\"https:\/\/ikigaiexperience.com.br\/\",\"logo\":{\"@type\":\"ImageObject\",\"inLanguage\":\"es\",\"@id\":\"https:\/\/ikigaiexperience.com.br\/#\/schema\/logo\/image\/\",\"url\":\"https:\/\/ikigaiexperience.com.br\/wp-content\/uploads\/2021\/06\/Ikigai-Experience-Horizontal-Branco.png\",\"contentUrl\":\"https:\/\/ikigaiexperience.com.br\/wp-content\/uploads\/2021\/06\/Ikigai-Experience-Horizontal-Branco.png\",\"width\":924,\"height\":249,\"caption\":\"Ikigai Experience\"},\"image\":{\"@id\":\"https:\/\/ikigaiexperience.com.br\/#\/schema\/logo\/image\/\"},\"sameAs\":[\"https:\/\/www.instagram.com\/theikigaiexperience\/\",\"https:\/\/www.linkedin.com\/company\/ikigai-experience\",\"https:\/\/www.youtube.com\/channel\/UC8qpgAQ3P89h79oP9ymmo7Q\",\"https:\/\/www.facebook.com\/Ikigai-Experience-100452311832822\"]}]}<\/script>\n<!-- \/ Yoast SEO plugin. -->","yoast_head_json":{"title":"Mergulho Fernando de Noronha- Ikigai Experience","description":"Fa\u00e7a j\u00e1 seu primeiro mergulho em Fernando de Noronha, um dos melhores lugares do Brasil para mergulhar de cilindro.","robots":{"index":"index","follow":"follow","max-snippet":"max-snippet:-1","max-image-preview":"max-image-preview:large","max-video-preview":"max-video-preview:-1"},"canonical":"https:\/\/ikigaiexperience.com.br\/es\/experiencias\/buceo-fernando-de-noronha\/","og_locale":"es_ES","og_type":"article","og_title":"Mergulho Fernando de Noronha- Ikigai Experience","og_description":"Fa\u00e7a j\u00e1 seu primeiro mergulho em Fernando de Noronha, um dos melhores lugares do Brasil para mergulhar de cilindro.","og_url":"https:\/\/ikigaiexperience.com.br\/es\/experiencias\/buceo-fernando-de-noronha\/","og_site_name":"Ikigai Experience","article_publisher":"https:\/\/www.facebook.com\/Ikigai-Experience-100452311832822","article_modified_time":"2023-06-26T13:02:01+00:00","og_image":[{"width":935,"height":622,"url":"https:\/\/ikigaiexperience.com.br\/wp-content\/uploads\/2022\/09\/mergulho-fernando-de-noronha7.jpg","type":"image\/jpeg"}],"twitter_card":"summary_large_image","twitter_misc":{"Tiempo de lectura":"2 minutos"},"schema":{"@context":"https:\/\/schema.org","@graph":[{"@type":"WebPage","@id":"https:\/\/ikigaiexperience.com.br\/experiencias\/mergulho-fernando-de-noronha\/","url":"https:\/\/ikigaiexperience.com.br\/experiencias\/mergulho-fernando-de-noronha\/","name":"Mergulho Fernando de Noronha- Ikigai Experience","isPartOf":{"@id":"https:\/\/ikigaiexperience.com.br\/#website"},"datePublished":"2022-06-27T14:19:20+00:00","dateModified":"2023-06-26T13:02:01+00:00","description":"Fa\u00e7a j\u00e1 seu primeiro mergulho em Fernando de Noronha, um dos melhores lugares do Brasil para mergulhar de cilindro.","breadcrumb":{"@id":"https:\/\/ikigaiexperience.com.br\/experiencias\/mergulho-fernando-de-noronha\/#breadcrumb"},"inLanguage":"es","potentialAction":[{"@type":"ReadAction","target":["https:\/\/ikigaiexperience.com.br\/experiencias\/mergulho-fernando-de-noronha\/"]}]},{"@type":"BreadcrumbList","@id":"https:\/\/ikigaiexperience.com.br\/experiencias\/mergulho-fernando-de-noronha\/#breadcrumb","itemListElement":[{"@type":"ListItem","position":1,"name":"In\u00edcio","item":"https:\/\/ikigaiexperience.com.br\/"},{"@type":"ListItem","position":2,"name":"Mergulho","item":"https:\/\/ikigaiexperience.com.br\/experiencia-categoria\/mergulho\/"},{"@type":"ListItem","position":3,"name":"Mergulho Fernando de Noronha para iniciantes"}]},{"@type":"WebSite","@id":"https:\/\/ikigaiexperience.com.br\/#website","url":"https:\/\/ikigaiexperience.com.br\/","name":"Ikigai Experience","description":"Reserve seu mergulho de um modo f\u00e1cil, r\u00e1pido e divertido.","publisher":{"@id":"https:\/\/ikigaiexperience.com.br\/#organization"},"potentialAction":[{"@type":"SearchAction","target":{"@type":"EntryPoint","urlTemplate":"https:\/\/ikigaiexperience.com.br\/?s={search_term_string}"},"query-input":"required name=search_term_string"}],"inLanguage":"es"},{"@type":"Organization","@id":"https:\/\/ikigaiexperience.com.br\/#organization","name":"Ikigai Experience","url":"https:\/\/ikigaiexperience.com.br\/","logo":{"@type":"ImageObject","inLanguage":"es","@id":"https:\/\/ikigaiexperience.com.br\/#\/schema\/logo\/image\/","url":"https:\/\/ikigaiexperience.com.br\/wp-content\/uploads\/2021\/06\/Ikigai-Experience-Horizontal-Branco.png","contentUrl":"https:\/\/ikigaiexperience.com.br\/wp-content\/uploads\/2021\/06\/Ikigai-Experience-Horizontal-Branco.png","width":924,"height":249,"caption":"Ikigai Experience"},"image":{"@id":"https:\/\/ikigaiexperience.com.br\/#\/schema\/logo\/image\/"},"sameAs":["https:\/\/www.instagram.com\/theikigaiexperience\/","https:\/\/www.linkedin.com\/company\/ikigai-experience","https:\/\/www.youtube.com\/channel\/UC8qpgAQ3P89h79oP9ymmo7Q","https:\/\/www.facebook.com\/Ikigai-Experience-100452311832822"]}]}},"_links":{"self":[{"href":"https:\/\/ikigaiexperience.com.br\/es\/wp-json\/wp\/v2\/product\/18811"}],"collection":[{"href":"https:\/\/ikigaiexperience.com.br\/es\/wp-json\/wp\/v2\/product"}],"about":[{"href":"https:\/\/ikigaiexperience.com.br\/es\/wp-json\/wp\/v2\/types\/product"}],"version-history":[{"count":1,"href":"https:\/\/ikigaiexperience.com.br\/es\/wp-json\/wp\/v2\/product\/18811\/revisions"}],"predecessor-version":[{"id":22190,"href":"https:\/\/ikigaiexperience.com.br\/es\/wp-json\/wp\/v2\/product\/18811\/revisions\/22190"}],"wp:featuredmedia":[{"embeddable":true,"href":"https:\/\/ikigaiexperience.com.br\/es\/wp-json\/wp\/v2\/media\/20176"}],"wp:attachment":[{"href":"https:\/\/ikigaiexperience.com.br\/es\/wp-json\/wp\/v2\/media?parent=18811"}],"wp:term":[{"taxonomy":"product_cat","embeddable":true,"href":"https:\/\/ikigaiexperience.com.br\/es\/wp-json\/wp\/v2\/product_cat?post=18811"},{"taxonomy":"product_tag","embeddable":true,"href":"https:\/\/ikigaiexperience.com.br\/es\/wp-json\/wp\/v2\/product_tag?post=18811"}],"curies":[{"name":"wp","href":"https:\/\/api.w.org\/{rel}","templated":true}]}}