{"id":18802,"date":"2022-06-27T10:59:22","date_gmt":"2022-06-27T13:59:22","guid":{"rendered":"https:\/\/ikigaiexperience.com.br\/?post_type=product&#038;p=18802"},"modified":"2022-11-02T22:45:42","modified_gmt":"2022-11-03T01:45:42","slug":"mergulho-fernando-de-noronha-praia-do-porto","status":"publish","type":"product","link":"https:\/\/ikigaiexperience.com.br\/es\/experiencias\/buceo-fernando-de-noronha-praia-do-porto\/","title":{"rendered":"Buceo Fernando de Noronha \u2013 Praia do Porto"},"content":{"rendered":"<h3><strong>Buceo en la Playa de Oporto\u00a0<\/strong><\/h3>\n<p>Conocido por tener una de las mayores reservas marinas, Fernando de Noronha es el lugar ideal para aquellos que quieren sumergirse de cabeza en medio de la abundancia de la enorme vida marina local.<\/p>\n<p>El buceo Fernando de Noronha con la botella de aire es para todos, no es necesario ser un profesional para conocer las maravillas bajo el mar, y no se requiere experiencia previa.<\/p>\n<p>En las opciones de Buceo Fernando de Noronha, usted puede tener la oportunidad de visitar sitios de buceo como el Naufragio de Oporto, Buraco do Inferno, Cagarras, Ressurreta, Pedras Secas y entre otros.<\/p>\n<h3><strong>Experiencia de buceo<\/strong><\/h3>\n<p><span style=\"font-weight: 400;\">Muy cerca de la playa de Oporto, el punto de buceo de Naufr\u00e1gio do Porto se puede ver a una profundidad de tres metros, estando rodeado por una gran especie de card\u00famenes.\u00a0<\/span><\/p>\n<p><span style=\"font-weight: 400;\">En la inmersi\u00f3n es posible encontrar restos de cabrestantes y cargas, as\u00ed como los hornos de la caldera del buque e incluso ejes.\u00a0<\/span><\/p>\n<p><span style=\"font-weight: 400;\">Al estar muy cerca de la costa de la playa de Oporto, la mejor manera de explorar el mundo submarino es bucear con el equipo adecuado, junto con un instructor.\u00a0<\/span><\/p>\n<p><span style=\"font-weight: 400;\">Adem\u00e1s de los restos, podemos ver rayas, tortugas y una variedad incre\u00edble de peces, cerca del punto de buceo Naufr\u00e1gio do Porto, otra curiosidad es que este punto de buceo tiene varios nombres.\u00a0<\/span><\/p>\n<p><span style=\"font-weight: 400;\">en los estilos de <\/span>buceo en fernando de noronha<span style=\"font-weight: 400;\">, tambi\u00e9n podr\u00e1s enfrentarte a otros puntos de buceo, todos llenos de vida.<\/span><\/p>\n<p><span style=\"font-weight: 400;\">As\u00ed que no te sorprendas si ves un delf\u00edn cerca de tu zona de buceo y el instructor te aconseja que vuelvas al barco. Es solo que nadar con delfines aqu\u00ed est\u00e1 prohibido.\u00a0<\/span><\/p>\n<p><span style=\"font-weight: 400;\">Fernando de Noronha es patrimonio natural mundial por las bellezas que se encuentran en el fondo del mar. Y la mejor manera de conectarse con la naturaleza submarina es bucear.\u00a0\u00a0\u00a0\u00a0<\/span><\/p>","protected":false},"excerpt":{"rendered":"<p>En la experiencia de buceo en Praia do Porto en la modalidad de bautismo, tendr\u00e1s la oportunidad de conocer los lugares m\u00e1s hermosos para bucear en la regi\u00f3n sin necesidad de experiencia previa, ni siquiera saber nadar.<\/p>","protected":false},"featured_media":18803,"parent":0,"template":"","meta":[],"product_cat":[29],"product_tag":[],"yoast_head":"<!-- This site is optimized with the Yoast SEO plugin v20.0 - https:\/\/yoast.com\/wordpress\/plugins\/seo\/ -->\n<title>Mergulho Praia do Porto- Ikigai Experience<\/title>\n<meta name=\"description\" content=\"Fa\u00e7a j\u00e1 seu mergulho na Praia do Porto, um dos melhores pontos de mergulho de cilindro da ilha de Fernando de Noronha.\" \/>\n<meta name=\"robots\" content=\"index, follow, max-snippet:-1, max-image-preview:large, max-video-preview:-1\" \/>\n<link rel=\"canonical\" href=\"https:\/\/ikigaiexperience.com.br\/es\/experiencias\/buceo-fernando-de-noronha\/\" \/>\n<meta property=\"og:locale\" content=\"es_ES\" \/>\n<meta property=\"og:type\" content=\"article\" \/>\n<meta property=\"og:title\" content=\"Mergulho Praia do Porto- Ikigai Experience\" \/>\n<meta property=\"og:description\" content=\"Fa\u00e7a j\u00e1 seu mergulho na Praia do Porto, um dos melhores pontos de mergulho de cilindro da ilha de Fernando de Noronha.\" \/>\n<meta property=\"og:url\" content=\"https:\/\/ikigaiexperience.com.br\/es\/experiencias\/buceo-fernando-de-noronha\/\" \/>\n<meta property=\"og:site_name\" content=\"Ikigai Experience\" \/>\n<meta property=\"article:publisher\" content=\"https:\/\/www.facebook.com\/Ikigai-Experience-100452311832822\" \/>\n<meta property=\"article:modified_time\" content=\"2022-11-03T01:45:42+00:00\" \/>\n<meta property=\"og:image\" content=\"https:\/\/ikigaiexperience.com.br\/wp-content\/uploads\/2022\/06\/mergulho-fernando-noronha-praia.jpg\" \/>\n\t<meta property=\"og:image:width\" content=\"935\" \/>\n\t<meta property=\"og:image:height\" content=\"622\" \/>\n\t<meta property=\"og:image:type\" content=\"image\/jpeg\" \/>\n<meta name=\"twitter:card\" content=\"summary_large_image\" \/>\n<meta name=\"twitter:label1\" content=\"Tiempo de lectura\" \/>\n\t<meta name=\"twitter:data1\" content=\"2 minutos\" \/>\n<script type=\"application\/ld+json\" class=\"yoast-schema-graph\">{\"@context\":\"https:\/\/schema.org\",\"@graph\":[{\"@type\":\"WebPage\",\"@id\":\"https:\/\/ikigaiexperience.com.br\/experiencias\/mergulho-fernando-de-noronha-praia-do-porto\/\",\"url\":\"https:\/\/ikigaiexperience.com.br\/experiencias\/mergulho-fernando-de-noronha\/\",\"name\":\"Mergulho Praia do Porto- Ikigai Experience\",\"isPartOf\":{\"@id\":\"https:\/\/ikigaiexperience.com.br\/#website\"},\"datePublished\":\"2022-06-27T13:59:22+00:00\",\"dateModified\":\"2022-11-03T01:45:42+00:00\",\"description\":\"Fa\u00e7a j\u00e1 seu mergulho na Praia do Porto, um dos melhores pontos de mergulho de cilindro da ilha de Fernando de Noronha.\",\"breadcrumb\":{\"@id\":\"https:\/\/ikigaiexperience.com.br\/experiencias\/mergulho-fernando-de-noronha\/#breadcrumb\"},\"inLanguage\":\"es\",\"potentialAction\":[{\"@type\":\"ReadAction\",\"target\":[\"https:\/\/ikigaiexperience.com.br\/experiencias\/mergulho-fernando-de-noronha\/\"]}]},{\"@type\":\"BreadcrumbList\",\"@id\":\"https:\/\/ikigaiexperience.com.br\/experiencias\/mergulho-fernando-de-noronha\/#breadcrumb\",\"itemListElement\":[{\"@type\":\"ListItem\",\"position\":1,\"name\":\"In\u00edcio\",\"item\":\"https:\/\/ikigaiexperience.com.br\/\"},{\"@type\":\"ListItem\",\"position\":2,\"name\":\"Mergulho\",\"item\":\"https:\/\/ikigaiexperience.com.br\/experiencia-categoria\/mergulho\/\"},{\"@type\":\"ListItem\",\"position\":3,\"name\":\"Mergulho Fernando de Noronha &#8211; Praia do Porto\"}]},{\"@type\":\"WebSite\",\"@id\":\"https:\/\/ikigaiexperience.com.br\/#website\",\"url\":\"https:\/\/ikigaiexperience.com.br\/\",\"name\":\"Ikigai Experience\",\"description\":\"Reserve seu mergulho de um modo f\u00e1cil, r\u00e1pido e divertido.\",\"publisher\":{\"@id\":\"https:\/\/ikigaiexperience.com.br\/#organization\"},\"potentialAction\":[{\"@type\":\"SearchAction\",\"target\":{\"@type\":\"EntryPoint\",\"urlTemplate\":\"https:\/\/ikigaiexperience.com.br\/?s={search_term_string}\"},\"query-input\":\"required name=search_term_string\"}],\"inLanguage\":\"es\"},{\"@type\":\"Organization\",\"@id\":\"https:\/\/ikigaiexperience.com.br\/#organization\",\"name\":\"Ikigai Experience\",\"url\":\"https:\/\/ikigaiexperience.com.br\/\",\"logo\":{\"@type\":\"ImageObject\",\"inLanguage\":\"es\",\"@id\":\"https:\/\/ikigaiexperience.com.br\/#\/schema\/logo\/image\/\",\"url\":\"https:\/\/ikigaiexperience.com.br\/wp-content\/uploads\/2021\/06\/Ikigai-Experience-Horizontal-Branco.png\",\"contentUrl\":\"https:\/\/ikigaiexperience.com.br\/wp-content\/uploads\/2021\/06\/Ikigai-Experience-Horizontal-Branco.png\",\"width\":924,\"height\":249,\"caption\":\"Ikigai Experience\"},\"image\":{\"@id\":\"https:\/\/ikigaiexperience.com.br\/#\/schema\/logo\/image\/\"},\"sameAs\":[\"https:\/\/www.instagram.com\/theikigaiexperience\/\",\"https:\/\/www.linkedin.com\/company\/ikigai-experience\",\"https:\/\/www.youtube.com\/channel\/UC8qpgAQ3P89h79oP9ymmo7Q\",\"https:\/\/www.facebook.com\/Ikigai-Experience-100452311832822\"]}]}<\/script>\n<!-- \/ Yoast SEO plugin. -->","yoast_head_json":{"title":"Mergulho Praia do Porto- Ikigai Experience","description":"Fa\u00e7a j\u00e1 seu mergulho na Praia do Porto, um dos melhores pontos de mergulho de cilindro da ilha de Fernando de Noronha.","robots":{"index":"index","follow":"follow","max-snippet":"max-snippet:-1","max-image-preview":"max-image-preview:large","max-video-preview":"max-video-preview:-1"},"canonical":"https:\/\/ikigaiexperience.com.br\/es\/experiencias\/buceo-fernando-de-noronha\/","og_locale":"es_ES","og_type":"article","og_title":"Mergulho Praia do Porto- Ikigai Experience","og_description":"Fa\u00e7a j\u00e1 seu mergulho na Praia do Porto, um dos melhores pontos de mergulho de cilindro da ilha de Fernando de Noronha.","og_url":"https:\/\/ikigaiexperience.com.br\/es\/experiencias\/buceo-fernando-de-noronha\/","og_site_name":"Ikigai Experience","article_publisher":"https:\/\/www.facebook.com\/Ikigai-Experience-100452311832822","article_modified_time":"2022-11-03T01:45:42+00:00","og_image":[{"width":935,"height":622,"url":"https:\/\/ikigaiexperience.com.br\/wp-content\/uploads\/2022\/06\/mergulho-fernando-noronha-praia.jpg","type":"image\/jpeg"}],"twitter_card":"summary_large_image","twitter_misc":{"Tiempo de lectura":"2 minutos"},"schema":{"@context":"https:\/\/schema.org","@graph":[{"@type":"WebPage","@id":"https:\/\/ikigaiexperience.com.br\/experiencias\/mergulho-fernando-de-noronha-praia-do-porto\/","url":"https:\/\/ikigaiexperience.com.br\/experiencias\/mergulho-fernando-de-noronha\/","name":"Mergulho Praia do Porto- Ikigai Experience","isPartOf":{"@id":"https:\/\/ikigaiexperience.com.br\/#website"},"datePublished":"2022-06-27T13:59:22+00:00","dateModified":"2022-11-03T01:45:42+00:00","description":"Fa\u00e7a j\u00e1 seu mergulho na Praia do Porto, um dos melhores pontos de mergulho de cilindro da ilha de Fernando de Noronha.","breadcrumb":{"@id":"https:\/\/ikigaiexperience.com.br\/experiencias\/mergulho-fernando-de-noronha\/#breadcrumb"},"inLanguage":"es","potentialAction":[{"@type":"ReadAction","target":["https:\/\/ikigaiexperience.com.br\/experiencias\/mergulho-fernando-de-noronha\/"]}]},{"@type":"BreadcrumbList","@id":"https:\/\/ikigaiexperience.com.br\/experiencias\/mergulho-fernando-de-noronha\/#breadcrumb","itemListElement":[{"@type":"ListItem","position":1,"name":"In\u00edcio","item":"https:\/\/ikigaiexperience.com.br\/"},{"@type":"ListItem","position":2,"name":"Mergulho","item":"https:\/\/ikigaiexperience.com.br\/experiencia-categoria\/mergulho\/"},{"@type":"ListItem","position":3,"name":"Mergulho Fernando de Noronha &#8211; Praia do Porto"}]},{"@type":"WebSite","@id":"https:\/\/ikigaiexperience.com.br\/#website","url":"https:\/\/ikigaiexperience.com.br\/","name":"Ikigai Experience","description":"Reserve seu mergulho de um modo f\u00e1cil, r\u00e1pido e divertido.","publisher":{"@id":"https:\/\/ikigaiexperience.com.br\/#organization"},"potentialAction":[{"@type":"SearchAction","target":{"@type":"EntryPoint","urlTemplate":"https:\/\/ikigaiexperience.com.br\/?s={search_term_string}"},"query-input":"required name=search_term_string"}],"inLanguage":"es"},{"@type":"Organization","@id":"https:\/\/ikigaiexperience.com.br\/#organization","name":"Ikigai Experience","url":"https:\/\/ikigaiexperience.com.br\/","logo":{"@type":"ImageObject","inLanguage":"es","@id":"https:\/\/ikigaiexperience.com.br\/#\/schema\/logo\/image\/","url":"https:\/\/ikigaiexperience.com.br\/wp-content\/uploads\/2021\/06\/Ikigai-Experience-Horizontal-Branco.png","contentUrl":"https:\/\/ikigaiexperience.com.br\/wp-content\/uploads\/2021\/06\/Ikigai-Experience-Horizontal-Branco.png","width":924,"height":249,"caption":"Ikigai Experience"},"image":{"@id":"https:\/\/ikigaiexperience.com.br\/#\/schema\/logo\/image\/"},"sameAs":["https:\/\/www.instagram.com\/theikigaiexperience\/","https:\/\/www.linkedin.com\/company\/ikigai-experience","https:\/\/www.youtube.com\/channel\/UC8qpgAQ3P89h79oP9ymmo7Q","https:\/\/www.facebook.com\/Ikigai-Experience-100452311832822"]}]}},"_links":{"self":[{"href":"https:\/\/ikigaiexperience.com.br\/es\/wp-json\/wp\/v2\/product\/18802"}],"collection":[{"href":"https:\/\/ikigaiexperience.com.br\/es\/wp-json\/wp\/v2\/product"}],"about":[{"href":"https:\/\/ikigaiexperience.com.br\/es\/wp-json\/wp\/v2\/types\/product"}],"version-history":[{"count":0,"href":"https:\/\/ikigaiexperience.com.br\/es\/wp-json\/wp\/v2\/product\/18802\/revisions"}],"wp:featuredmedia":[{"embeddable":true,"href":"https:\/\/ikigaiexperience.com.br\/es\/wp-json\/wp\/v2\/media\/18803"}],"wp:attachment":[{"href":"https:\/\/ikigaiexperience.com.br\/es\/wp-json\/wp\/v2\/media?parent=18802"}],"wp:term":[{"taxonomy":"product_cat","embeddable":true,"href":"https:\/\/ikigaiexperience.com.br\/es\/wp-json\/wp\/v2\/product_cat?post=18802"},{"taxonomy":"product_tag","embeddable":true,"href":"https:\/\/ikigaiexperience.com.br\/es\/wp-json\/wp\/v2\/product_tag?post=18802"}],"curies":[{"name":"wp","href":"https:\/\/api.w.org\/{rel}","templated":true}]}}