{"id":18795,"date":"2022-06-27T10:40:17","date_gmt":"2022-06-27T13:40:17","guid":{"rendered":"https:\/\/ikigaiexperience.com.br\/?post_type=product&#038;p=18795"},"modified":"2022-11-02T23:38:49","modified_gmt":"2022-11-03T02:38:49","slug":"mergulho-porto-seguro","status":"publish","type":"product","link":"https:\/\/ikigaiexperience.com.br\/es\/experiencias\/buceo-porto-seguro\/","title":{"rendered":"Buceo en Porto Seguro para principiantes"},"content":{"rendered":"<h3><strong>Buceo en Porto Seguro \u2013 Piscinas Naturales, Parque Marino de Recife de Fora<\/strong><\/h3>\n<p><span style=\"font-weight: 400;\">Recordada por sus paisajes paradis\u00edacos, Porto Seguro es una de las ciudades que ofrece un abanico de posibilidades a sus visitantes, en lo que a fondos marinos se refiere.\u00a0<\/span><\/p>\n<p><span style=\"font-weight: 400;\">Y en medio de la variedad de piscinas naturales de la ciudad, el Parque Marino de Recife de Fora es conocido por ser la tercera mayor biodiversidad marina de Brasil, con m\u00e1s de 15 especies de corales.\u00a0<\/span><\/p>\n<p><span style=\"font-weight: 400;\">Por su ecosistema en excelente estado de conservaci\u00f3n, el Parque Marino de Recife de Fora es el lugar indicado para iniciarse en la inmersi\u00f3n en la fauna y flora del Porto Seguro.\u00a0<\/span><\/p>\n<h3><strong>Experiencia de Buceo en Porto Seguro en el Parque Marino de Recife de Fora<\/strong><\/h3>\n<p><span style=\"font-weight: 400;\">En el <\/span>Buceando en Porto Seguro el equipo utilizado sigue la l\u00ednea est\u00e1ndar de todo buceo en un \u00e1rea ambiental protegida, de esta manera se preserva la vida marina local.<\/p>\n<p>Antes de iniciar el recorrido, un instructor siempre te dar\u00e1 la informaci\u00f3n adecuada para una buena inmersi\u00f3n, explic\u00e1ndote c\u00f3mo funciona y qu\u00e9 est\u00e1 permitido bajo el mar.<\/p>\n<p>Este es tiempo suficiente para ver una piscina natural capaz de albergar animales en peligro de extinci\u00f3n como: el coral cerebro de Bah\u00eda, el mero y muchas otras especies en peligro de extinci\u00f3n.<\/p>\n<p>Adem\u00e1s de estos, tambi\u00e9n es posible ver la famosa Tortuga Verde, una especie protegida y en peligro de extinci\u00f3n, que puede alcanzar los 160 kg en la edad adulta. Por eso el Porto Seguro Dive es \u00fanico.<\/p>\n<p><span style=\"font-weight: 400;\">Por estas y otras razones, el buceo se considera tan importante para ayudar a brindar atenci\u00f3n en el \u00e1rea del Parque Marino de Recife de Fora.<\/span><\/p>\n<p><span style=\"font-weight: 400;\">Conservar y proteger la vida marina significa atraer a m\u00e1s personas al \u00e1rea y conocer un poco m\u00e1s sobre las especies locales, y \u00bfhay una mejor manera de aprender sobre los animales marinos que bucear?\u00a0<\/span><\/p>","protected":false},"excerpt":{"rendered":"<p>En la experiencia de buceo Porto Seguro en la modalidad de bautismo, tendr\u00e1s la oportunidad de conocer los lugares m\u00e1s hermosos para bucear en la regi\u00f3n sin necesidad de experiencia previa, ni siquiera saber nadar.<\/p>","protected":false},"featured_media":18800,"parent":0,"template":"","meta":[],"product_cat":[29],"product_tag":[],"yoast_head":"<!-- This site is optimized with the Yoast SEO plugin v20.0 - https:\/\/yoast.com\/wordpress\/plugins\/seo\/ -->\n<title>Mergulho em Porto Seguro - Ikigai Experience<\/title>\n<meta name=\"description\" content=\"Fa\u00e7a j\u00e1 seu mergulho em Porto Seguro no parque Marinho de Recife de fora, aproveite para reservar online e agendar seu passeio.\" \/>\n<meta name=\"robots\" content=\"index, follow, max-snippet:-1, max-image-preview:large, max-video-preview:-1\" \/>\n<link rel=\"canonical\" href=\"https:\/\/ikigaiexperience.com.br\/es\/experiencias\/buceo-porto-seguro\/\" \/>\n<meta property=\"og:locale\" content=\"es_ES\" \/>\n<meta property=\"og:type\" content=\"article\" \/>\n<meta property=\"og:title\" content=\"Mergulho em Porto Seguro - Ikigai Experience\" \/>\n<meta property=\"og:description\" content=\"Fa\u00e7a j\u00e1 seu mergulho em Porto Seguro no parque Marinho de Recife de fora, aproveite para reservar online e agendar seu passeio.\" \/>\n<meta property=\"og:url\" content=\"https:\/\/ikigaiexperience.com.br\/es\/experiencias\/buceo-porto-seguro\/\" \/>\n<meta property=\"og:site_name\" content=\"Ikigai Experience\" \/>\n<meta property=\"article:publisher\" content=\"https:\/\/www.facebook.com\/Ikigai-Experience-100452311832822\" \/>\n<meta property=\"article:modified_time\" content=\"2022-11-03T02:38:49+00:00\" \/>\n<meta property=\"og:image\" content=\"https:\/\/ikigaiexperience.com.br\/wp-content\/uploads\/2022\/06\/mergulho-porto-seguro.jpg\" \/>\n\t<meta property=\"og:image:width\" content=\"935\" \/>\n\t<meta property=\"og:image:height\" content=\"622\" \/>\n\t<meta property=\"og:image:type\" content=\"image\/jpeg\" \/>\n<meta name=\"twitter:card\" content=\"summary_large_image\" \/>\n<meta name=\"twitter:label1\" content=\"Tiempo de lectura\" \/>\n\t<meta name=\"twitter:data1\" content=\"2 minutos\" \/>\n<script type=\"application\/ld+json\" class=\"yoast-schema-graph\">{\"@context\":\"https:\/\/schema.org\",\"@graph\":[{\"@type\":\"WebPage\",\"@id\":\"https:\/\/ikigaiexperience.com.br\/experiencias\/mergulho-porto-seguro\/\",\"url\":\"https:\/\/ikigaiexperience.com.br\/experiencias\/mergulho-porto-seguro\/\",\"name\":\"Mergulho em Porto Seguro - Ikigai Experience\",\"isPartOf\":{\"@id\":\"https:\/\/ikigaiexperience.com.br\/#website\"},\"datePublished\":\"2022-06-27T13:40:17+00:00\",\"dateModified\":\"2022-11-03T02:38:49+00:00\",\"description\":\"Fa\u00e7a j\u00e1 seu mergulho em Porto Seguro no parque Marinho de Recife de fora, aproveite para reservar online e agendar seu passeio.\",\"breadcrumb\":{\"@id\":\"https:\/\/ikigaiexperience.com.br\/experiencias\/mergulho-porto-seguro\/#breadcrumb\"},\"inLanguage\":\"es\",\"potentialAction\":[{\"@type\":\"ReadAction\",\"target\":[\"https:\/\/ikigaiexperience.com.br\/experiencias\/mergulho-porto-seguro\/\"]}]},{\"@type\":\"BreadcrumbList\",\"@id\":\"https:\/\/ikigaiexperience.com.br\/experiencias\/mergulho-porto-seguro\/#breadcrumb\",\"itemListElement\":[{\"@type\":\"ListItem\",\"position\":1,\"name\":\"In\u00edcio\",\"item\":\"https:\/\/ikigaiexperience.com.br\/\"},{\"@type\":\"ListItem\",\"position\":2,\"name\":\"Mergulho\",\"item\":\"https:\/\/ikigaiexperience.com.br\/experiencia-categoria\/mergulho\/\"},{\"@type\":\"ListItem\",\"position\":3,\"name\":\"Mergulho Porto Seguro para iniciantes\"}]},{\"@type\":\"WebSite\",\"@id\":\"https:\/\/ikigaiexperience.com.br\/#website\",\"url\":\"https:\/\/ikigaiexperience.com.br\/\",\"name\":\"Ikigai Experience\",\"description\":\"Reserve seu mergulho de um modo f\u00e1cil, r\u00e1pido e divertido.\",\"publisher\":{\"@id\":\"https:\/\/ikigaiexperience.com.br\/#organization\"},\"potentialAction\":[{\"@type\":\"SearchAction\",\"target\":{\"@type\":\"EntryPoint\",\"urlTemplate\":\"https:\/\/ikigaiexperience.com.br\/?s={search_term_string}\"},\"query-input\":\"required name=search_term_string\"}],\"inLanguage\":\"es\"},{\"@type\":\"Organization\",\"@id\":\"https:\/\/ikigaiexperience.com.br\/#organization\",\"name\":\"Ikigai Experience\",\"url\":\"https:\/\/ikigaiexperience.com.br\/\",\"logo\":{\"@type\":\"ImageObject\",\"inLanguage\":\"es\",\"@id\":\"https:\/\/ikigaiexperience.com.br\/#\/schema\/logo\/image\/\",\"url\":\"https:\/\/ikigaiexperience.com.br\/wp-content\/uploads\/2021\/06\/Ikigai-Experience-Horizontal-Branco.png\",\"contentUrl\":\"https:\/\/ikigaiexperience.com.br\/wp-content\/uploads\/2021\/06\/Ikigai-Experience-Horizontal-Branco.png\",\"width\":924,\"height\":249,\"caption\":\"Ikigai Experience\"},\"image\":{\"@id\":\"https:\/\/ikigaiexperience.com.br\/#\/schema\/logo\/image\/\"},\"sameAs\":[\"https:\/\/www.instagram.com\/theikigaiexperience\/\",\"https:\/\/www.linkedin.com\/company\/ikigai-experience\",\"https:\/\/www.youtube.com\/channel\/UC8qpgAQ3P89h79oP9ymmo7Q\",\"https:\/\/www.facebook.com\/Ikigai-Experience-100452311832822\"]}]}<\/script>\n<!-- \/ Yoast SEO plugin. -->","yoast_head_json":{"title":"Mergulho em Porto Seguro - Ikigai Experience","description":"Fa\u00e7a j\u00e1 seu mergulho em Porto Seguro no parque Marinho de Recife de fora, aproveite para reservar online e agendar seu passeio.","robots":{"index":"index","follow":"follow","max-snippet":"max-snippet:-1","max-image-preview":"max-image-preview:large","max-video-preview":"max-video-preview:-1"},"canonical":"https:\/\/ikigaiexperience.com.br\/es\/experiencias\/buceo-porto-seguro\/","og_locale":"es_ES","og_type":"article","og_title":"Mergulho em Porto Seguro - Ikigai Experience","og_description":"Fa\u00e7a j\u00e1 seu mergulho em Porto Seguro no parque Marinho de Recife de fora, aproveite para reservar online e agendar seu passeio.","og_url":"https:\/\/ikigaiexperience.com.br\/es\/experiencias\/buceo-porto-seguro\/","og_site_name":"Ikigai Experience","article_publisher":"https:\/\/www.facebook.com\/Ikigai-Experience-100452311832822","article_modified_time":"2022-11-03T02:38:49+00:00","og_image":[{"width":935,"height":622,"url":"https:\/\/ikigaiexperience.com.br\/wp-content\/uploads\/2022\/06\/mergulho-porto-seguro.jpg","type":"image\/jpeg"}],"twitter_card":"summary_large_image","twitter_misc":{"Tiempo de lectura":"2 minutos"},"schema":{"@context":"https:\/\/schema.org","@graph":[{"@type":"WebPage","@id":"https:\/\/ikigaiexperience.com.br\/experiencias\/mergulho-porto-seguro\/","url":"https:\/\/ikigaiexperience.com.br\/experiencias\/mergulho-porto-seguro\/","name":"Mergulho em Porto Seguro - Ikigai Experience","isPartOf":{"@id":"https:\/\/ikigaiexperience.com.br\/#website"},"datePublished":"2022-06-27T13:40:17+00:00","dateModified":"2022-11-03T02:38:49+00:00","description":"Fa\u00e7a j\u00e1 seu mergulho em Porto Seguro no parque Marinho de Recife de fora, aproveite para reservar online e agendar seu passeio.","breadcrumb":{"@id":"https:\/\/ikigaiexperience.com.br\/experiencias\/mergulho-porto-seguro\/#breadcrumb"},"inLanguage":"es","potentialAction":[{"@type":"ReadAction","target":["https:\/\/ikigaiexperience.com.br\/experiencias\/mergulho-porto-seguro\/"]}]},{"@type":"BreadcrumbList","@id":"https:\/\/ikigaiexperience.com.br\/experiencias\/mergulho-porto-seguro\/#breadcrumb","itemListElement":[{"@type":"ListItem","position":1,"name":"In\u00edcio","item":"https:\/\/ikigaiexperience.com.br\/"},{"@type":"ListItem","position":2,"name":"Mergulho","item":"https:\/\/ikigaiexperience.com.br\/experiencia-categoria\/mergulho\/"},{"@type":"ListItem","position":3,"name":"Mergulho Porto Seguro para iniciantes"}]},{"@type":"WebSite","@id":"https:\/\/ikigaiexperience.com.br\/#website","url":"https:\/\/ikigaiexperience.com.br\/","name":"Ikigai Experience","description":"Reserve seu mergulho de um modo f\u00e1cil, r\u00e1pido e divertido.","publisher":{"@id":"https:\/\/ikigaiexperience.com.br\/#organization"},"potentialAction":[{"@type":"SearchAction","target":{"@type":"EntryPoint","urlTemplate":"https:\/\/ikigaiexperience.com.br\/?s={search_term_string}"},"query-input":"required name=search_term_string"}],"inLanguage":"es"},{"@type":"Organization","@id":"https:\/\/ikigaiexperience.com.br\/#organization","name":"Ikigai Experience","url":"https:\/\/ikigaiexperience.com.br\/","logo":{"@type":"ImageObject","inLanguage":"es","@id":"https:\/\/ikigaiexperience.com.br\/#\/schema\/logo\/image\/","url":"https:\/\/ikigaiexperience.com.br\/wp-content\/uploads\/2021\/06\/Ikigai-Experience-Horizontal-Branco.png","contentUrl":"https:\/\/ikigaiexperience.com.br\/wp-content\/uploads\/2021\/06\/Ikigai-Experience-Horizontal-Branco.png","width":924,"height":249,"caption":"Ikigai Experience"},"image":{"@id":"https:\/\/ikigaiexperience.com.br\/#\/schema\/logo\/image\/"},"sameAs":["https:\/\/www.instagram.com\/theikigaiexperience\/","https:\/\/www.linkedin.com\/company\/ikigai-experience","https:\/\/www.youtube.com\/channel\/UC8qpgAQ3P89h79oP9ymmo7Q","https:\/\/www.facebook.com\/Ikigai-Experience-100452311832822"]}]}},"_links":{"self":[{"href":"https:\/\/ikigaiexperience.com.br\/es\/wp-json\/wp\/v2\/product\/18795"}],"collection":[{"href":"https:\/\/ikigaiexperience.com.br\/es\/wp-json\/wp\/v2\/product"}],"about":[{"href":"https:\/\/ikigaiexperience.com.br\/es\/wp-json\/wp\/v2\/types\/product"}],"version-history":[{"count":0,"href":"https:\/\/ikigaiexperience.com.br\/es\/wp-json\/wp\/v2\/product\/18795\/revisions"}],"wp:featuredmedia":[{"embeddable":true,"href":"https:\/\/ikigaiexperience.com.br\/es\/wp-json\/wp\/v2\/media\/18800"}],"wp:attachment":[{"href":"https:\/\/ikigaiexperience.com.br\/es\/wp-json\/wp\/v2\/media?parent=18795"}],"wp:term":[{"taxonomy":"product_cat","embeddable":true,"href":"https:\/\/ikigaiexperience.com.br\/es\/wp-json\/wp\/v2\/product_cat?post=18795"},{"taxonomy":"product_tag","embeddable":true,"href":"https:\/\/ikigaiexperience.com.br\/es\/wp-json\/wp\/v2\/product_tag?post=18795"}],"curies":[{"name":"wp","href":"https:\/\/api.w.org\/{rel}","templated":true}]}}