{"id":18785,"date":"2022-06-27T09:56:27","date_gmt":"2022-06-27T12:56:27","guid":{"rendered":"https:\/\/ikigaiexperience.com.br\/?post_type=product&#038;p=18785"},"modified":"2022-11-02T23:15:55","modified_gmt":"2022-11-03T02:15:55","slug":"mergulho-maceio","status":"publish","type":"product","link":"https:\/\/ikigaiexperience.com.br\/es\/experiencias\/buceo-maceio\/","title":{"rendered":"Buceo en Maceio para principiantes"},"content":{"rendered":"<h3><strong>Buceo en Macei\u00f3 \u2013 Piscina do Amor<\/strong><\/h3>\n<p><span style=\"font-weight: 400;\">Conocida por sus playas de piscinas naturales, la ciudad de Macei\u00f3 tiene numerosos lugares tur\u00edsticos favoritos para aquellos que buscan sumergirse en la fauna y flora local.<\/span><\/p>\n<p><span style=\"font-weight: 400;\">Y en el coraz\u00f3n de Macei\u00f3 se encuentra uno de estos puntos. Piscina do Amor es una piscina natural ubicada en un \u00e1rea cerrada en Praia da Paju\u00e7ara, a menos de 2 km de la orilla.\u00a0<\/span><\/p>\n<p><span style=\"font-weight: 400;\">Para la preservaci\u00f3n de sus organismos marinos, algunos incluso en peligro de extinci\u00f3n, el buceo solo se realiza con la ayuda de una empresa autorizada\u00a0<\/span><\/p>\n<h3><strong>Experiencia de Buceo en la Piscina del Amor<\/strong><\/h3>\n<p><span style=\"font-weight: 400;\">Para el <\/span>El buceo en Macei\u00f3 utiliza equipos como: botella de aire comprimido, m\u00e1scara, aletas, entre otros. <span style=\"font-weight: 400;\">Adem\u00e1s, antes de iniciar el recorrido, para poder bucear, debes pasar por una serie de instrucciones sobre t\u00e9cnicas b\u00e1sicas.<\/span><\/p>\n<p><span style=\"font-weight: 400;\">El tiempo de inmersi\u00f3n dura alrededor de 4 horas, y durante esta inmersi\u00f3n es posible contemplar las formaciones coralinas, adem\u00e1s de la vida marina.<\/span><\/p>\n<p><span style=\"font-weight: 400;\">Entre las 58 especies que se encuentran en Piscina do Amor, podemos destacar algunas. El primero es el pez Gramma brasile\u00f1o, cuya especie llama la atenci\u00f3n por sus diferentes colores.\u00a0<\/span><\/p>\n<p><span style=\"font-weight: 400;\">Adem\u00e1s, al hacer el <\/span>Buceo en Macei\u00f3<span style=\"font-weight: 400;\">, encuentras el Yellow Neon Goby, con sus rayas amarillo ne\u00f3n; el Serigado, un pez hermafrodita que puede llegar a pesar 100 kg; y el famoso Budi\u00e3o-Azul, una especie que se encuentra ampliamente en la costa brasile\u00f1a.\u00a0<\/span><\/p>\n<p><span style=\"font-weight: 400;\">Una curiosidad es que el nombre Piscina do Amor se debe a que el lugar alguna vez fue el punto de encuentro de parejas de enamorados que buscaban un lugar m\u00e1s tranquilo para disfrutar juntos.<\/span><\/p>\n<p><span style=\"font-weight: 400;\">O<\/span> Buceo en Maceio <span style=\"font-weight: 400;\">en Piscina do Amor es una de las actividades m\u00e1s deseadas en Brasil. \u00bfQuieres vivir esta aventura?<\/span><\/p>","protected":false},"excerpt":{"rendered":"<p>En la experiencia de buceo en Macei\u00f3 en la modalidad de bautismo, tendr\u00e1s la oportunidad de conocer los lugares m\u00e1s hermosos para bucear en la regi\u00f3n sin necesidad de experiencia previa, ni siquiera saber nadar. Descubre una de las ciudades m\u00e1s solicitadas para bucear en Brasil.<\/p>","protected":false},"featured_media":18790,"parent":0,"template":"","meta":[],"product_cat":[29],"product_tag":[],"yoast_head":"<!-- This site is optimized with the Yoast SEO plugin v20.0 - https:\/\/yoast.com\/wordpress\/plugins\/seo\/ -->\n<title>Mergulho Macei\u00f3 na Piscina do Amor<\/title>\n<meta name=\"description\" content=\"Fa\u00e7a j\u00e1 seu mergulho em Macei\u00f3 na Piscina do Amor, um dos melhores pontos de mergulho da regi\u00e3o. Reserve 100% online.\" \/>\n<meta name=\"robots\" content=\"index, follow, max-snippet:-1, max-image-preview:large, max-video-preview:-1\" \/>\n<link rel=\"canonical\" href=\"https:\/\/ikigaiexperience.com.br\/es\/experiencias\/buceo-maceio\/\" \/>\n<meta property=\"og:locale\" content=\"es_ES\" \/>\n<meta property=\"og:type\" content=\"article\" \/>\n<meta property=\"og:title\" content=\"Mergulho Macei\u00f3 na Piscina do Amor\" \/>\n<meta property=\"og:description\" content=\"Fa\u00e7a j\u00e1 seu mergulho em Macei\u00f3 na Piscina do Amor, um dos melhores pontos de mergulho da regi\u00e3o. Reserve 100% online.\" \/>\n<meta property=\"og:url\" content=\"https:\/\/ikigaiexperience.com.br\/es\/experiencias\/buceo-maceio\/\" \/>\n<meta property=\"og:site_name\" content=\"Ikigai Experience\" \/>\n<meta property=\"article:publisher\" content=\"https:\/\/www.facebook.com\/Ikigai-Experience-100452311832822\" \/>\n<meta property=\"article:modified_time\" content=\"2022-11-03T02:15:55+00:00\" \/>\n<meta property=\"og:image\" content=\"https:\/\/ikigaiexperience.com.br\/wp-content\/uploads\/2022\/06\/mergulho-maceio.jpg\" \/>\n\t<meta property=\"og:image:width\" content=\"935\" \/>\n\t<meta property=\"og:image:height\" content=\"622\" \/>\n\t<meta property=\"og:image:type\" content=\"image\/jpeg\" \/>\n<meta name=\"twitter:card\" content=\"summary_large_image\" \/>\n<meta name=\"twitter:label1\" content=\"Tiempo de lectura\" \/>\n\t<meta name=\"twitter:data1\" content=\"2 minutos\" \/>\n<script type=\"application\/ld+json\" class=\"yoast-schema-graph\">{\"@context\":\"https:\/\/schema.org\",\"@graph\":[{\"@type\":\"WebPage\",\"@id\":\"https:\/\/ikigaiexperience.com.br\/experiencias\/mergulho-maceio\/\",\"url\":\"https:\/\/ikigaiexperience.com.br\/experiencias\/mergulho-maceio\/\",\"name\":\"Mergulho Macei\u00f3 na Piscina do Amor\",\"isPartOf\":{\"@id\":\"https:\/\/ikigaiexperience.com.br\/#website\"},\"datePublished\":\"2022-06-27T12:56:27+00:00\",\"dateModified\":\"2022-11-03T02:15:55+00:00\",\"description\":\"Fa\u00e7a j\u00e1 seu mergulho em Macei\u00f3 na Piscina do Amor, um dos melhores pontos de mergulho da regi\u00e3o. Reserve 100% online.\",\"breadcrumb\":{\"@id\":\"https:\/\/ikigaiexperience.com.br\/experiencias\/mergulho-maceio\/#breadcrumb\"},\"inLanguage\":\"es\",\"potentialAction\":[{\"@type\":\"ReadAction\",\"target\":[\"https:\/\/ikigaiexperience.com.br\/experiencias\/mergulho-maceio\/\"]}]},{\"@type\":\"BreadcrumbList\",\"@id\":\"https:\/\/ikigaiexperience.com.br\/experiencias\/mergulho-maceio\/#breadcrumb\",\"itemListElement\":[{\"@type\":\"ListItem\",\"position\":1,\"name\":\"In\u00edcio\",\"item\":\"https:\/\/ikigaiexperience.com.br\/\"},{\"@type\":\"ListItem\",\"position\":2,\"name\":\"Mergulho\",\"item\":\"https:\/\/ikigaiexperience.com.br\/experiencia-categoria\/mergulho\/\"},{\"@type\":\"ListItem\",\"position\":3,\"name\":\"Mergulho Macei\u00f3 para iniciantes\"}]},{\"@type\":\"WebSite\",\"@id\":\"https:\/\/ikigaiexperience.com.br\/#website\",\"url\":\"https:\/\/ikigaiexperience.com.br\/\",\"name\":\"Ikigai Experience\",\"description\":\"Reserve seu mergulho de um modo f\u00e1cil, r\u00e1pido e divertido.\",\"publisher\":{\"@id\":\"https:\/\/ikigaiexperience.com.br\/#organization\"},\"potentialAction\":[{\"@type\":\"SearchAction\",\"target\":{\"@type\":\"EntryPoint\",\"urlTemplate\":\"https:\/\/ikigaiexperience.com.br\/?s={search_term_string}\"},\"query-input\":\"required name=search_term_string\"}],\"inLanguage\":\"es\"},{\"@type\":\"Organization\",\"@id\":\"https:\/\/ikigaiexperience.com.br\/#organization\",\"name\":\"Ikigai Experience\",\"url\":\"https:\/\/ikigaiexperience.com.br\/\",\"logo\":{\"@type\":\"ImageObject\",\"inLanguage\":\"es\",\"@id\":\"https:\/\/ikigaiexperience.com.br\/#\/schema\/logo\/image\/\",\"url\":\"https:\/\/ikigaiexperience.com.br\/wp-content\/uploads\/2021\/06\/Ikigai-Experience-Horizontal-Branco.png\",\"contentUrl\":\"https:\/\/ikigaiexperience.com.br\/wp-content\/uploads\/2021\/06\/Ikigai-Experience-Horizontal-Branco.png\",\"width\":924,\"height\":249,\"caption\":\"Ikigai Experience\"},\"image\":{\"@id\":\"https:\/\/ikigaiexperience.com.br\/#\/schema\/logo\/image\/\"},\"sameAs\":[\"https:\/\/www.instagram.com\/theikigaiexperience\/\",\"https:\/\/www.linkedin.com\/company\/ikigai-experience\",\"https:\/\/www.youtube.com\/channel\/UC8qpgAQ3P89h79oP9ymmo7Q\",\"https:\/\/www.facebook.com\/Ikigai-Experience-100452311832822\"]}]}<\/script>\n<!-- \/ Yoast SEO plugin. -->","yoast_head_json":{"title":"Mergulho Macei\u00f3 na Piscina do Amor","description":"Fa\u00e7a j\u00e1 seu mergulho em Macei\u00f3 na Piscina do Amor, um dos melhores pontos de mergulho da regi\u00e3o. Reserve 100% online.","robots":{"index":"index","follow":"follow","max-snippet":"max-snippet:-1","max-image-preview":"max-image-preview:large","max-video-preview":"max-video-preview:-1"},"canonical":"https:\/\/ikigaiexperience.com.br\/es\/experiencias\/buceo-maceio\/","og_locale":"es_ES","og_type":"article","og_title":"Mergulho Macei\u00f3 na Piscina do Amor","og_description":"Fa\u00e7a j\u00e1 seu mergulho em Macei\u00f3 na Piscina do Amor, um dos melhores pontos de mergulho da regi\u00e3o. Reserve 100% online.","og_url":"https:\/\/ikigaiexperience.com.br\/es\/experiencias\/buceo-maceio\/","og_site_name":"Ikigai Experience","article_publisher":"https:\/\/www.facebook.com\/Ikigai-Experience-100452311832822","article_modified_time":"2022-11-03T02:15:55+00:00","og_image":[{"width":935,"height":622,"url":"https:\/\/ikigaiexperience.com.br\/wp-content\/uploads\/2022\/06\/mergulho-maceio.jpg","type":"image\/jpeg"}],"twitter_card":"summary_large_image","twitter_misc":{"Tiempo de lectura":"2 minutos"},"schema":{"@context":"https:\/\/schema.org","@graph":[{"@type":"WebPage","@id":"https:\/\/ikigaiexperience.com.br\/experiencias\/mergulho-maceio\/","url":"https:\/\/ikigaiexperience.com.br\/experiencias\/mergulho-maceio\/","name":"Mergulho Macei\u00f3 na Piscina do Amor","isPartOf":{"@id":"https:\/\/ikigaiexperience.com.br\/#website"},"datePublished":"2022-06-27T12:56:27+00:00","dateModified":"2022-11-03T02:15:55+00:00","description":"Fa\u00e7a j\u00e1 seu mergulho em Macei\u00f3 na Piscina do Amor, um dos melhores pontos de mergulho da regi\u00e3o. Reserve 100% online.","breadcrumb":{"@id":"https:\/\/ikigaiexperience.com.br\/experiencias\/mergulho-maceio\/#breadcrumb"},"inLanguage":"es","potentialAction":[{"@type":"ReadAction","target":["https:\/\/ikigaiexperience.com.br\/experiencias\/mergulho-maceio\/"]}]},{"@type":"BreadcrumbList","@id":"https:\/\/ikigaiexperience.com.br\/experiencias\/mergulho-maceio\/#breadcrumb","itemListElement":[{"@type":"ListItem","position":1,"name":"In\u00edcio","item":"https:\/\/ikigaiexperience.com.br\/"},{"@type":"ListItem","position":2,"name":"Mergulho","item":"https:\/\/ikigaiexperience.com.br\/experiencia-categoria\/mergulho\/"},{"@type":"ListItem","position":3,"name":"Mergulho Macei\u00f3 para iniciantes"}]},{"@type":"WebSite","@id":"https:\/\/ikigaiexperience.com.br\/#website","url":"https:\/\/ikigaiexperience.com.br\/","name":"Ikigai Experience","description":"Reserve seu mergulho de um modo f\u00e1cil, r\u00e1pido e divertido.","publisher":{"@id":"https:\/\/ikigaiexperience.com.br\/#organization"},"potentialAction":[{"@type":"SearchAction","target":{"@type":"EntryPoint","urlTemplate":"https:\/\/ikigaiexperience.com.br\/?s={search_term_string}"},"query-input":"required name=search_term_string"}],"inLanguage":"es"},{"@type":"Organization","@id":"https:\/\/ikigaiexperience.com.br\/#organization","name":"Ikigai Experience","url":"https:\/\/ikigaiexperience.com.br\/","logo":{"@type":"ImageObject","inLanguage":"es","@id":"https:\/\/ikigaiexperience.com.br\/#\/schema\/logo\/image\/","url":"https:\/\/ikigaiexperience.com.br\/wp-content\/uploads\/2021\/06\/Ikigai-Experience-Horizontal-Branco.png","contentUrl":"https:\/\/ikigaiexperience.com.br\/wp-content\/uploads\/2021\/06\/Ikigai-Experience-Horizontal-Branco.png","width":924,"height":249,"caption":"Ikigai Experience"},"image":{"@id":"https:\/\/ikigaiexperience.com.br\/#\/schema\/logo\/image\/"},"sameAs":["https:\/\/www.instagram.com\/theikigaiexperience\/","https:\/\/www.linkedin.com\/company\/ikigai-experience","https:\/\/www.youtube.com\/channel\/UC8qpgAQ3P89h79oP9ymmo7Q","https:\/\/www.facebook.com\/Ikigai-Experience-100452311832822"]}]}},"_links":{"self":[{"href":"https:\/\/ikigaiexperience.com.br\/es\/wp-json\/wp\/v2\/product\/18785"}],"collection":[{"href":"https:\/\/ikigaiexperience.com.br\/es\/wp-json\/wp\/v2\/product"}],"about":[{"href":"https:\/\/ikigaiexperience.com.br\/es\/wp-json\/wp\/v2\/types\/product"}],"version-history":[{"count":0,"href":"https:\/\/ikigaiexperience.com.br\/es\/wp-json\/wp\/v2\/product\/18785\/revisions"}],"wp:featuredmedia":[{"embeddable":true,"href":"https:\/\/ikigaiexperience.com.br\/es\/wp-json\/wp\/v2\/media\/18790"}],"wp:attachment":[{"href":"https:\/\/ikigaiexperience.com.br\/es\/wp-json\/wp\/v2\/media?parent=18785"}],"wp:term":[{"taxonomy":"product_cat","embeddable":true,"href":"https:\/\/ikigaiexperience.com.br\/es\/wp-json\/wp\/v2\/product_cat?post=18785"},{"taxonomy":"product_tag","embeddable":true,"href":"https:\/\/ikigaiexperience.com.br\/es\/wp-json\/wp\/v2\/product_tag?post=18785"}],"curies":[{"name":"wp","href":"https:\/\/api.w.org\/{rel}","templated":true}]}}