{"id":1562,"date":"2021-06-17T20:55:20","date_gmt":"2021-06-17T23:55:20","guid":{"rendered":"https:\/\/ikigaiexperience.com.br\/?post_type=product&#038;p=1562"},"modified":"2024-06-18T17:37:25","modified_gmt":"2024-06-18T20:37:25","slug":"mergulho-florianopolis-ilha-do-xavier","status":"publish","type":"product","link":"https:\/\/ikigaiexperience.com.br\/es\/experiencias\/buceo-florianopolis\/","title":{"rendered":"Buceo Florian\u00f3polis \u2013 Isla Xavier"},"content":{"rendered":"<h3>la isla de javier<\/h3>\n<p>El buceo se realiza en la Isla Xavier, saliendo por el canal de la Laguna Barra da, siendo considerado uno de los mejores puntos de buceo de Floripa y regi\u00f3n e ideal para quienes se encuentran en la regi\u00f3n centro o sur de la isla.<\/p>\n<p><span style=\"font-weight: 400;\">Xavier Island tiene una de las inmersiones m\u00e1s cl\u00e1sicas de Floripa, que se encuentra frente a Praia Mole, con profundidades que van de 5 a 18 metros.<\/span><\/p>\n<p><span style=\"font-weight: 400;\">La isla tiene un \u201csal\u00f3n\u201d m\u00e1s protegido al sur que alberga mucha vida marina como tortugas, peces, pulpos, entre otros, el lugar perfecto para el buceo contemplativo.<\/span><\/p>\n<h3>La Experiencia de Buceo en Florian\u00f3polis<\/h3>\n<p><span style=\"font-weight: 400;\">El viaje en barco comienza en el canal de Barra da Lagoa, rodea el Morro da Galheta y pasa frente a Praia Mole en direcci\u00f3n a Ilha do Xavier, con una duraci\u00f3n aproximada de 20 a 30 minutos.\u00a0<\/span><\/p>\n<p><span style=\"font-weight: 400;\">Cada buceador tendr\u00e1 la oportunidad de bucear durante unos 30 min a una profundidad de hasta 8 m.<\/span><\/p>\n<p><span style=\"font-weight: 400;\">Siempre estar\u00e1n acompa\u00f1ados por un buzo profesional certificado, asegurando la mejor experiencia para su inmersi\u00f3n. <\/span><\/p>\n<p><span style=\"font-weight: 400;\">LA<\/span><span style=\"font-weight: 400;\">Despu\u00e9s del buceo, puede continuar explorando la isla con el buceo de superficie (<a href=\"https:\/\/pt.wikipedia.org\/wiki\/Esn%C3%B3rquel\">bucear<\/a>), mientras los dem\u00e1s buceadores terminan sus inmersiones. <\/span><\/p>\n<p><span style=\"font-weight: 400;\">O<\/span><span style=\"font-weight: 400;\"> El recorrido completo dura entre 4 y 5 horas, dependiendo del n\u00famero de personas a la salida.<\/span><\/p>","protected":false},"excerpt":{"rendered":"<p>O mergulho em Florian\u00f3polis na Ilha do Xavier na modalidade de batismo \u00e9 perfeito para quem quer ter sua primeira experi\u00eancia de mergulhar de cilindro, de um jeito f\u00e1cil, divertido e sem precisar de nenhuma experi\u00eancia, nem sequer saber nadar!<\/p>\n<p>A experi\u00eancia dura no total em torno de 5h, sendo 30 minutos de trajeto de barco e 30 a 45 minutos de mergulho de cilindro acompanhado de um instrutor em uma profundidade de at\u00e9 8m. Ap\u00f3s e antes do mergulho, \u00e9 poss\u00edvel ainda realizar snorkel (mergulho de superf\u00edcie) pela ilha, sem custo adicional.<\/p>","protected":false},"featured_media":10954,"parent":0,"template":"","meta":[],"product_cat":[29],"product_tag":[],"yoast_head":"<!-- This site is optimized with the Yoast SEO plugin v20.0 - https:\/\/yoast.com\/wordpress\/plugins\/seo\/ -->\n<title>Mergulho em Florian\u00f3polis na Ilha do Xavier - Ikigai Experience<\/title>\n<meta name=\"description\" content=\"Fa\u00e7a j\u00e1 seu mergulho em Florian\u00f3polis na Ilha do Xavier, um dos melhores pontos de mergulho de Floripa e regi\u00e3o. Reservas online.\" \/>\n<meta name=\"robots\" content=\"index, follow, max-snippet:-1, max-image-preview:large, max-video-preview:-1\" \/>\n<link rel=\"canonical\" href=\"https:\/\/ikigaiexperience.com.br\/es\/experiencias\/buceo-florianopolis\/\" \/>\n<meta property=\"og:locale\" content=\"es_ES\" \/>\n<meta property=\"og:type\" content=\"article\" \/>\n<meta property=\"og:title\" content=\"Mergulho Ilha do Xavier\" \/>\n<meta property=\"og:description\" content=\"Mergulhe em Florian\u00f3polis na Ilha do Xavier, cheio da vida marinha com muitos peixes, tartarugas, polvos e corais.\" \/>\n<meta property=\"og:url\" content=\"https:\/\/ikigaiexperience.com.br\/es\/experiencias\/buceo-florianopolis\/\" \/>\n<meta property=\"og:site_name\" content=\"Ikigai Experience\" \/>\n<meta property=\"article:publisher\" content=\"https:\/\/www.facebook.com\/Ikigai-Experience-100452311832822\" \/>\n<meta property=\"article:modified_time\" content=\"2024-06-18T20:37:25+00:00\" \/>\n<meta property=\"og:image\" content=\"https:\/\/ikigaiexperience.com.br\/wp-content\/uploads\/2021\/06\/floripa-mergulho-batismo.jpg\" \/>\n\t<meta property=\"og:image:width\" content=\"935\" \/>\n\t<meta property=\"og:image:height\" content=\"622\" \/>\n\t<meta property=\"og:image:type\" content=\"image\/jpeg\" \/>\n<meta name=\"twitter:card\" content=\"summary_large_image\" \/>\n<meta name=\"twitter:label1\" content=\"Tiempo de lectura\" \/>\n\t<meta name=\"twitter:data1\" content=\"2 minutos\" \/>\n<script type=\"application\/ld+json\" class=\"yoast-schema-graph\">{\"@context\":\"https:\/\/schema.org\",\"@graph\":[{\"@type\":\"WebPage\",\"@id\":\"https:\/\/ikigaiexperience.com.br\/experiencias\/mergulho-florianopolis-ilha-do-xavier\/\",\"url\":\"https:\/\/ikigaiexperience.com.br\/experiencias\/mergulho-florianopolis-ilha-do-xavier\/\",\"name\":\"Mergulho em Florian\u00f3polis na Ilha do Xavier - Ikigai Experience\",\"isPartOf\":{\"@id\":\"https:\/\/ikigaiexperience.com.br\/#website\"},\"datePublished\":\"2021-06-17T23:55:20+00:00\",\"dateModified\":\"2024-06-18T20:37:25+00:00\",\"description\":\"Fa\u00e7a j\u00e1 seu mergulho em Florian\u00f3polis na Ilha do Xavier, um dos melhores pontos de mergulho de Floripa e regi\u00e3o. Reservas online.\",\"breadcrumb\":{\"@id\":\"https:\/\/ikigaiexperience.com.br\/experiencias\/mergulho-florianopolis-ilha-do-xavier\/#breadcrumb\"},\"inLanguage\":\"es\",\"potentialAction\":[{\"@type\":\"ReadAction\",\"target\":[\"https:\/\/ikigaiexperience.com.br\/experiencias\/mergulho-florianopolis-ilha-do-xavier\/\"]}]},{\"@type\":\"BreadcrumbList\",\"@id\":\"https:\/\/ikigaiexperience.com.br\/experiencias\/mergulho-florianopolis-ilha-do-xavier\/#breadcrumb\",\"itemListElement\":[{\"@type\":\"ListItem\",\"position\":1,\"name\":\"In\u00edcio\",\"item\":\"https:\/\/ikigaiexperience.com.br\/\"},{\"@type\":\"ListItem\",\"position\":2,\"name\":\"Mergulho\",\"item\":\"https:\/\/ikigaiexperience.com.br\/experiencia-categoria\/mergulho\/\"},{\"@type\":\"ListItem\",\"position\":3,\"name\":\"Mergulho Florian\u00f3polis &#8211; Ilha do Xavier\"}]},{\"@type\":\"WebSite\",\"@id\":\"https:\/\/ikigaiexperience.com.br\/#website\",\"url\":\"https:\/\/ikigaiexperience.com.br\/\",\"name\":\"Ikigai Experience\",\"description\":\"Reserve seu mergulho de um modo f\u00e1cil, r\u00e1pido e divertido.\",\"publisher\":{\"@id\":\"https:\/\/ikigaiexperience.com.br\/#organization\"},\"potentialAction\":[{\"@type\":\"SearchAction\",\"target\":{\"@type\":\"EntryPoint\",\"urlTemplate\":\"https:\/\/ikigaiexperience.com.br\/?s={search_term_string}\"},\"query-input\":\"required name=search_term_string\"}],\"inLanguage\":\"es\"},{\"@type\":\"Organization\",\"@id\":\"https:\/\/ikigaiexperience.com.br\/#organization\",\"name\":\"Ikigai Experience\",\"url\":\"https:\/\/ikigaiexperience.com.br\/\",\"logo\":{\"@type\":\"ImageObject\",\"inLanguage\":\"es\",\"@id\":\"https:\/\/ikigaiexperience.com.br\/#\/schema\/logo\/image\/\",\"url\":\"https:\/\/ikigaiexperience.com.br\/wp-content\/uploads\/2021\/06\/Ikigai-Experience-Horizontal-Branco.png\",\"contentUrl\":\"https:\/\/ikigaiexperience.com.br\/wp-content\/uploads\/2021\/06\/Ikigai-Experience-Horizontal-Branco.png\",\"width\":924,\"height\":249,\"caption\":\"Ikigai Experience\"},\"image\":{\"@id\":\"https:\/\/ikigaiexperience.com.br\/#\/schema\/logo\/image\/\"},\"sameAs\":[\"https:\/\/www.instagram.com\/theikigaiexperience\/\",\"https:\/\/www.linkedin.com\/company\/ikigai-experience\",\"https:\/\/www.youtube.com\/channel\/UC8qpgAQ3P89h79oP9ymmo7Q\",\"https:\/\/www.facebook.com\/Ikigai-Experience-100452311832822\"]}]}<\/script>\n<!-- \/ Yoast SEO plugin. -->","yoast_head_json":{"title":"Mergulho em Florian\u00f3polis na Ilha do Xavier - Ikigai Experience","description":"Fa\u00e7a j\u00e1 seu mergulho em Florian\u00f3polis na Ilha do Xavier, um dos melhores pontos de mergulho de Floripa e regi\u00e3o. Reservas online.","robots":{"index":"index","follow":"follow","max-snippet":"max-snippet:-1","max-image-preview":"max-image-preview:large","max-video-preview":"max-video-preview:-1"},"canonical":"https:\/\/ikigaiexperience.com.br\/es\/experiencias\/buceo-florianopolis\/","og_locale":"es_ES","og_type":"article","og_title":"Mergulho Ilha do Xavier","og_description":"Mergulhe em Florian\u00f3polis na Ilha do Xavier, cheio da vida marinha com muitos peixes, tartarugas, polvos e corais.","og_url":"https:\/\/ikigaiexperience.com.br\/es\/experiencias\/buceo-florianopolis\/","og_site_name":"Ikigai Experience","article_publisher":"https:\/\/www.facebook.com\/Ikigai-Experience-100452311832822","article_modified_time":"2024-06-18T20:37:25+00:00","og_image":[{"width":935,"height":622,"type":"image\/jpeg","url":"https:\/\/ikigaiexperience.com.br\/wp-content\/uploads\/2021\/06\/floripa-mergulho-batismo.jpg"}],"twitter_card":"summary_large_image","twitter_misc":{"Tiempo de lectura":"2 minutos"},"schema":{"@context":"https:\/\/schema.org","@graph":[{"@type":"WebPage","@id":"https:\/\/ikigaiexperience.com.br\/experiencias\/mergulho-florianopolis-ilha-do-xavier\/","url":"https:\/\/ikigaiexperience.com.br\/experiencias\/mergulho-florianopolis-ilha-do-xavier\/","name":"Mergulho em Florian\u00f3polis na Ilha do Xavier - Ikigai Experience","isPartOf":{"@id":"https:\/\/ikigaiexperience.com.br\/#website"},"datePublished":"2021-06-17T23:55:20+00:00","dateModified":"2024-06-18T20:37:25+00:00","description":"Fa\u00e7a j\u00e1 seu mergulho em Florian\u00f3polis na Ilha do Xavier, um dos melhores pontos de mergulho de Floripa e regi\u00e3o. Reservas online.","breadcrumb":{"@id":"https:\/\/ikigaiexperience.com.br\/experiencias\/mergulho-florianopolis-ilha-do-xavier\/#breadcrumb"},"inLanguage":"es","potentialAction":[{"@type":"ReadAction","target":["https:\/\/ikigaiexperience.com.br\/experiencias\/mergulho-florianopolis-ilha-do-xavier\/"]}]},{"@type":"BreadcrumbList","@id":"https:\/\/ikigaiexperience.com.br\/experiencias\/mergulho-florianopolis-ilha-do-xavier\/#breadcrumb","itemListElement":[{"@type":"ListItem","position":1,"name":"In\u00edcio","item":"https:\/\/ikigaiexperience.com.br\/"},{"@type":"ListItem","position":2,"name":"Mergulho","item":"https:\/\/ikigaiexperience.com.br\/experiencia-categoria\/mergulho\/"},{"@type":"ListItem","position":3,"name":"Mergulho Florian\u00f3polis &#8211; Ilha do Xavier"}]},{"@type":"WebSite","@id":"https:\/\/ikigaiexperience.com.br\/#website","url":"https:\/\/ikigaiexperience.com.br\/","name":"Ikigai Experience","description":"Reserve seu mergulho de um modo f\u00e1cil, r\u00e1pido e divertido.","publisher":{"@id":"https:\/\/ikigaiexperience.com.br\/#organization"},"potentialAction":[{"@type":"SearchAction","target":{"@type":"EntryPoint","urlTemplate":"https:\/\/ikigaiexperience.com.br\/?s={search_term_string}"},"query-input":"required name=search_term_string"}],"inLanguage":"es"},{"@type":"Organization","@id":"https:\/\/ikigaiexperience.com.br\/#organization","name":"Ikigai Experience","url":"https:\/\/ikigaiexperience.com.br\/","logo":{"@type":"ImageObject","inLanguage":"es","@id":"https:\/\/ikigaiexperience.com.br\/#\/schema\/logo\/image\/","url":"https:\/\/ikigaiexperience.com.br\/wp-content\/uploads\/2021\/06\/Ikigai-Experience-Horizontal-Branco.png","contentUrl":"https:\/\/ikigaiexperience.com.br\/wp-content\/uploads\/2021\/06\/Ikigai-Experience-Horizontal-Branco.png","width":924,"height":249,"caption":"Ikigai Experience"},"image":{"@id":"https:\/\/ikigaiexperience.com.br\/#\/schema\/logo\/image\/"},"sameAs":["https:\/\/www.instagram.com\/theikigaiexperience\/","https:\/\/www.linkedin.com\/company\/ikigai-experience","https:\/\/www.youtube.com\/channel\/UC8qpgAQ3P89h79oP9ymmo7Q","https:\/\/www.facebook.com\/Ikigai-Experience-100452311832822"]}]}},"_links":{"self":[{"href":"https:\/\/ikigaiexperience.com.br\/es\/wp-json\/wp\/v2\/product\/1562"}],"collection":[{"href":"https:\/\/ikigaiexperience.com.br\/es\/wp-json\/wp\/v2\/product"}],"about":[{"href":"https:\/\/ikigaiexperience.com.br\/es\/wp-json\/wp\/v2\/types\/product"}],"version-history":[{"count":1,"href":"https:\/\/ikigaiexperience.com.br\/es\/wp-json\/wp\/v2\/product\/1562\/revisions"}],"predecessor-version":[{"id":21747,"href":"https:\/\/ikigaiexperience.com.br\/es\/wp-json\/wp\/v2\/product\/1562\/revisions\/21747"}],"wp:featuredmedia":[{"embeddable":true,"href":"https:\/\/ikigaiexperience.com.br\/es\/wp-json\/wp\/v2\/media\/10954"}],"wp:attachment":[{"href":"https:\/\/ikigaiexperience.com.br\/es\/wp-json\/wp\/v2\/media?parent=1562"}],"wp:term":[{"taxonomy":"product_cat","embeddable":true,"href":"https:\/\/ikigaiexperience.com.br\/es\/wp-json\/wp\/v2\/product_cat?post=1562"},{"taxonomy":"product_tag","embeddable":true,"href":"https:\/\/ikigaiexperience.com.br\/es\/wp-json\/wp\/v2\/product_tag?post=1562"}],"curies":[{"name":"wp","href":"https:\/\/api.w.org\/{rel}","templated":true}]}}