{"id":15367,"date":"2022-02-17T19:01:09","date_gmt":"2022-02-17T22:01:09","guid":{"rendered":"https:\/\/ikigaiexperience.com.br\/?post_type=product&#038;p=15367"},"modified":"2023-02-28T20:09:07","modified_gmt":"2023-02-28T23:09:07","slug":"curso-mergulho-florianopolis-open-water-scuba-diver","status":"publish","type":"product","link":"https:\/\/ikigaiexperience.com.br\/es\/experiencias\/florianopolis-open-water-scuba-diver-curso-buceo-2\/","title":{"rendered":"Curso de Buceo Florian\u00f3polis | Principiantes | NAUI"},"content":{"rendered":"","protected":false},"excerpt":{"rendered":"<p><span data-sheets-value=\"{&quot;1&quot;:2,&quot;2&quot;:&quot;Scuba Diver \u00e9 o curso de certifica\u00e7\u00e3o de mergulho de n\u00edvel b\u00e1sico da NAUI. Aprenda o conhecimento e as habilidades fundamentais necess\u00e1rias para mergulhar de forma independente. Ap\u00f3s a conclus\u00e3o bem sucedida deste curso, os graduados s\u00e3o considerados competentes para se envolver em atividades de mergulho em \u00e1guas abertas sem supervis\u00e3o, desde que as atividades de mergulho e as \u00e1reas mergulhadas se aproximem das do treinamento.\\n\\nAulas te\u00f3ricas\\r\\n\u2013 F\u00edsica do mergulho\\r\\n\u2013 Equipamentos\\r\\n\u2013 Fisiologia do mergulho\\r\\n\u2013 Tabelas de descompress\u00e3o\\r\\n\u2013 Planejamento e ambiente de mergulho\\r\\n\\r\\nAula pr\u00e1tica em ambiente confinado\\r\\n\u2013 \u00canfase ao uso e montagem dos equipamentos\\r\\n\u2013 Mergulho livre\\r\\n\u2013 Exerc\u00edcios b\u00e1sicos com equipamentos\\r\\n\u2013 Exerc\u00edcios de duplas\\r\\n\u2013 Habilidades de flutuabilidade\\r\\n\\r\\n\u200bAulas pr\u00e1ticas no mar\\r\\n\u2013 4 mergulhos, realizados em 2 dias, com mergulhos scuba\\r\\n\\r\\n\u200bDura\u00e7\u00e3o: 26h\/a dividido em pelo menos 5 dias\\r\\nPr\u00e9 requisitos: Ter no\u00e7\u00f5es b\u00e1sicas de nata\u00e7\u00e3o, apresentar atestado m\u00e9dico\\r\\nIdade m\u00ednima: 10 anos (menor de idade necessita autoriza\u00e7\u00e3o do respons\u00e1vel)&quot;}\" data-sheets-userformat=\"{&quot;2&quot;:5117,&quot;3&quot;:{&quot;1&quot;:0},&quot;5&quot;:{&quot;1&quot;:[{&quot;1&quot;:2,&quot;2&quot;:0,&quot;5&quot;:{&quot;1&quot;:2,&quot;2&quot;:0}},{&quot;1&quot;:0,&quot;2&quot;:0,&quot;3&quot;:3},{&quot;1&quot;:1,&quot;2&quot;:0,&quot;4&quot;:1}]},&quot;6&quot;:{&quot;1&quot;:[{&quot;1&quot;:2,&quot;2&quot;:0,&quot;5&quot;:{&quot;1&quot;:2,&quot;2&quot;:0}},{&quot;1&quot;:0,&quot;2&quot;:0,&quot;3&quot;:3},{&quot;1&quot;:1,&quot;2&quot;:0,&quot;4&quot;:1}]},&quot;7&quot;:{&quot;1&quot;:[{&quot;1&quot;:2,&quot;2&quot;:0,&quot;5&quot;:{&quot;1&quot;:2,&quot;2&quot;:0}},{&quot;1&quot;:0,&quot;2&quot;:0,&quot;3&quot;:3},{&quot;1&quot;:1,&quot;2&quot;:0,&quot;4&quot;:1}]},&quot;8&quot;:{&quot;1&quot;:[{&quot;1&quot;:2,&quot;2&quot;:0,&quot;5&quot;:{&quot;1&quot;:2,&quot;2&quot;:0}},{&quot;1&quot;:0,&quot;2&quot;:0,&quot;3&quot;:3},{&quot;1&quot;:1,&quot;2&quot;:0,&quot;4&quot;:1}]},&quot;9&quot;:0,&quot;10&quot;:0,&quot;11&quot;:4,&quot;12&quot;:0,&quot;15&quot;:&quot;Bai Jamjuree&quot;}\">Scuba Diver \u00e9 o curso de certifica\u00e7\u00e3o de mergulho de n\u00edvel b\u00e1sico da NAUI. Aprenda o conhecimento e as habilidades fundamentais necess\u00e1rias para mergulhar de forma independente. Ap\u00f3s a conclus\u00e3o bem sucedida deste curso, os graduados s\u00e3o considerados competentes para se envolver em atividades de mergulho em \u00e1guas abertas sem supervis\u00e3o, desde que as atividades de mergulho e as \u00e1reas mergulhadas se aproximem das do treinamento.<\/span><\/p>","protected":false},"featured_media":3498,"parent":0,"template":"","meta":[],"product_cat":[113],"product_tag":[],"yoast_head":"<!-- This site is optimized with the Yoast SEO plugin v20.0 - https:\/\/yoast.com\/wordpress\/plugins\/seo\/ -->\n<title>Curso de Mergulho Florian\u00f3polis | Iniciantes | NAUI<\/title>\n<meta name=\"description\" content=\"Realize seu curso de mergulho em Florian\u00f3polis e se torne um mergulhador credenciado. Tire j\u00e1 sua carterinha de profissional NAUI de mergulho\" \/>\n<meta name=\"robots\" content=\"noindex, follow\" \/>\n<meta property=\"og:locale\" content=\"es_ES\" \/>\n<meta property=\"og:type\" content=\"article\" \/>\n<meta property=\"og:title\" content=\"Curso de Mergulho Florian\u00f3polis | Iniciantes | NAUI\" \/>\n<meta property=\"og:description\" content=\"Realize seu curso de mergulho em Florian\u00f3polis e se torne um mergulhador credenciado. Tire j\u00e1 sua carterinha de profissional NAUI de mergulho\" \/>\n<meta property=\"og:url\" content=\"https:\/\/ikigaiexperience.com.br\/es\/experiencias\/florianopolis-open-water-scuba-diver-curso-buceo-2\/\" \/>\n<meta property=\"og:site_name\" content=\"Ikigai Experience\" \/>\n<meta property=\"article:publisher\" content=\"https:\/\/www.facebook.com\/Ikigai-Experience-100452311832822\" \/>\n<meta property=\"article:modified_time\" content=\"2023-02-28T23:09:07+00:00\" \/>\n<meta property=\"og:image\" content=\"https:\/\/ikigaiexperience.com.br\/wp-content\/uploads\/2021\/06\/mergulho-batismo.jpeg\" \/>\n\t<meta property=\"og:image:width\" content=\"2104\" \/>\n\t<meta property=\"og:image:height\" content=\"1578\" \/>\n\t<meta property=\"og:image:type\" content=\"image\/jpeg\" \/>\n<meta name=\"twitter:card\" content=\"summary_large_image\" \/>\n<meta name=\"twitter:label1\" content=\"Tiempo de lectura\" \/>\n\t<meta name=\"twitter:data1\" content=\"1 minuto\" \/>\n<script type=\"application\/ld+json\" class=\"yoast-schema-graph\">{\"@context\":\"https:\/\/schema.org\",\"@graph\":[{\"@type\":\"WebPage\",\"@id\":\"https:\/\/ikigaiexperience.com.br\/experiencias\/curso-mergulho-florianopolis-open-water-scuba-diver\/\",\"url\":\"https:\/\/ikigaiexperience.com.br\/experiencias\/curso-mergulho-florianopolis-open-water-scuba-diver\/\",\"name\":\"Curso de Mergulho Florian\u00f3polis | Iniciantes | NAUI\",\"isPartOf\":{\"@id\":\"https:\/\/ikigaiexperience.com.br\/#website\"},\"datePublished\":\"2022-02-17T22:01:09+00:00\",\"dateModified\":\"2023-02-28T23:09:07+00:00\",\"description\":\"Realize seu curso de mergulho em Florian\u00f3polis e se torne um mergulhador credenciado. Tire j\u00e1 sua carterinha de profissional NAUI de mergulho\",\"breadcrumb\":{\"@id\":\"https:\/\/ikigaiexperience.com.br\/experiencias\/curso-mergulho-florianopolis-open-water-scuba-diver\/#breadcrumb\"},\"inLanguage\":\"es\",\"potentialAction\":[{\"@type\":\"ReadAction\",\"target\":[\"https:\/\/ikigaiexperience.com.br\/experiencias\/curso-mergulho-florianopolis-open-water-scuba-diver\/\"]}]},{\"@type\":\"BreadcrumbList\",\"@id\":\"https:\/\/ikigaiexperience.com.br\/experiencias\/curso-mergulho-florianopolis-open-water-scuba-diver\/#breadcrumb\",\"itemListElement\":[{\"@type\":\"ListItem\",\"position\":1,\"name\":\"In\u00edcio\",\"item\":\"https:\/\/ikigaiexperience.com.br\/\"},{\"@type\":\"ListItem\",\"position\":2,\"name\":\"Curso Mergulho\",\"item\":\"https:\/\/ikigaiexperience.com.br\/experiencia-categoria\/curso-mergulho\/\"},{\"@type\":\"ListItem\",\"position\":3,\"name\":\"Curso de Mergulho Florian\u00f3polis | Iniciantes | NAUI\"}]},{\"@type\":\"WebSite\",\"@id\":\"https:\/\/ikigaiexperience.com.br\/#website\",\"url\":\"https:\/\/ikigaiexperience.com.br\/\",\"name\":\"Ikigai Experience\",\"description\":\"Reserve seu mergulho de um modo f\u00e1cil, r\u00e1pido e divertido.\",\"publisher\":{\"@id\":\"https:\/\/ikigaiexperience.com.br\/#organization\"},\"potentialAction\":[{\"@type\":\"SearchAction\",\"target\":{\"@type\":\"EntryPoint\",\"urlTemplate\":\"https:\/\/ikigaiexperience.com.br\/?s={search_term_string}\"},\"query-input\":\"required name=search_term_string\"}],\"inLanguage\":\"es\"},{\"@type\":\"Organization\",\"@id\":\"https:\/\/ikigaiexperience.com.br\/#organization\",\"name\":\"Ikigai Experience\",\"url\":\"https:\/\/ikigaiexperience.com.br\/\",\"logo\":{\"@type\":\"ImageObject\",\"inLanguage\":\"es\",\"@id\":\"https:\/\/ikigaiexperience.com.br\/#\/schema\/logo\/image\/\",\"url\":\"https:\/\/ikigaiexperience.com.br\/wp-content\/uploads\/2021\/06\/Ikigai-Experience-Horizontal-Branco.png\",\"contentUrl\":\"https:\/\/ikigaiexperience.com.br\/wp-content\/uploads\/2021\/06\/Ikigai-Experience-Horizontal-Branco.png\",\"width\":924,\"height\":249,\"caption\":\"Ikigai Experience\"},\"image\":{\"@id\":\"https:\/\/ikigaiexperience.com.br\/#\/schema\/logo\/image\/\"},\"sameAs\":[\"https:\/\/www.instagram.com\/theikigaiexperience\/\",\"https:\/\/www.linkedin.com\/company\/ikigai-experience\",\"https:\/\/www.youtube.com\/channel\/UC8qpgAQ3P89h79oP9ymmo7Q\",\"https:\/\/www.facebook.com\/Ikigai-Experience-100452311832822\"]}]}<\/script>\n<!-- \/ Yoast SEO plugin. -->","yoast_head_json":{"title":"Curso de Mergulho Florian\u00f3polis | Iniciantes | NAUI","description":"Realize seu curso de mergulho em Florian\u00f3polis e se torne um mergulhador credenciado. Tire j\u00e1 sua carterinha de profissional NAUI de mergulho","robots":{"index":"noindex","follow":"follow"},"og_locale":"es_ES","og_type":"article","og_title":"Curso de Mergulho Florian\u00f3polis | Iniciantes | NAUI","og_description":"Realize seu curso de mergulho em Florian\u00f3polis e se torne um mergulhador credenciado. Tire j\u00e1 sua carterinha de profissional NAUI de mergulho","og_url":"https:\/\/ikigaiexperience.com.br\/es\/experiencias\/florianopolis-open-water-scuba-diver-curso-buceo-2\/","og_site_name":"Ikigai Experience","article_publisher":"https:\/\/www.facebook.com\/Ikigai-Experience-100452311832822","article_modified_time":"2023-02-28T23:09:07+00:00","og_image":[{"width":2104,"height":1578,"url":"https:\/\/ikigaiexperience.com.br\/wp-content\/uploads\/2021\/06\/mergulho-batismo.jpeg","type":"image\/jpeg"}],"twitter_card":"summary_large_image","twitter_misc":{"Tiempo de lectura":"1 minuto"},"schema":{"@context":"https:\/\/schema.org","@graph":[{"@type":"WebPage","@id":"https:\/\/ikigaiexperience.com.br\/experiencias\/curso-mergulho-florianopolis-open-water-scuba-diver\/","url":"https:\/\/ikigaiexperience.com.br\/experiencias\/curso-mergulho-florianopolis-open-water-scuba-diver\/","name":"Curso de Mergulho Florian\u00f3polis | Iniciantes | NAUI","isPartOf":{"@id":"https:\/\/ikigaiexperience.com.br\/#website"},"datePublished":"2022-02-17T22:01:09+00:00","dateModified":"2023-02-28T23:09:07+00:00","description":"Realize seu curso de mergulho em Florian\u00f3polis e se torne um mergulhador credenciado. Tire j\u00e1 sua carterinha de profissional NAUI de mergulho","breadcrumb":{"@id":"https:\/\/ikigaiexperience.com.br\/experiencias\/curso-mergulho-florianopolis-open-water-scuba-diver\/#breadcrumb"},"inLanguage":"es","potentialAction":[{"@type":"ReadAction","target":["https:\/\/ikigaiexperience.com.br\/experiencias\/curso-mergulho-florianopolis-open-water-scuba-diver\/"]}]},{"@type":"BreadcrumbList","@id":"https:\/\/ikigaiexperience.com.br\/experiencias\/curso-mergulho-florianopolis-open-water-scuba-diver\/#breadcrumb","itemListElement":[{"@type":"ListItem","position":1,"name":"In\u00edcio","item":"https:\/\/ikigaiexperience.com.br\/"},{"@type":"ListItem","position":2,"name":"Curso Mergulho","item":"https:\/\/ikigaiexperience.com.br\/experiencia-categoria\/curso-mergulho\/"},{"@type":"ListItem","position":3,"name":"Curso de Mergulho Florian\u00f3polis | Iniciantes | NAUI"}]},{"@type":"WebSite","@id":"https:\/\/ikigaiexperience.com.br\/#website","url":"https:\/\/ikigaiexperience.com.br\/","name":"Ikigai Experience","description":"Reserve seu mergulho de um modo f\u00e1cil, r\u00e1pido e divertido.","publisher":{"@id":"https:\/\/ikigaiexperience.com.br\/#organization"},"potentialAction":[{"@type":"SearchAction","target":{"@type":"EntryPoint","urlTemplate":"https:\/\/ikigaiexperience.com.br\/?s={search_term_string}"},"query-input":"required name=search_term_string"}],"inLanguage":"es"},{"@type":"Organization","@id":"https:\/\/ikigaiexperience.com.br\/#organization","name":"Ikigai Experience","url":"https:\/\/ikigaiexperience.com.br\/","logo":{"@type":"ImageObject","inLanguage":"es","@id":"https:\/\/ikigaiexperience.com.br\/#\/schema\/logo\/image\/","url":"https:\/\/ikigaiexperience.com.br\/wp-content\/uploads\/2021\/06\/Ikigai-Experience-Horizontal-Branco.png","contentUrl":"https:\/\/ikigaiexperience.com.br\/wp-content\/uploads\/2021\/06\/Ikigai-Experience-Horizontal-Branco.png","width":924,"height":249,"caption":"Ikigai Experience"},"image":{"@id":"https:\/\/ikigaiexperience.com.br\/#\/schema\/logo\/image\/"},"sameAs":["https:\/\/www.instagram.com\/theikigaiexperience\/","https:\/\/www.linkedin.com\/company\/ikigai-experience","https:\/\/www.youtube.com\/channel\/UC8qpgAQ3P89h79oP9ymmo7Q","https:\/\/www.facebook.com\/Ikigai-Experience-100452311832822"]}]}},"_links":{"self":[{"href":"https:\/\/ikigaiexperience.com.br\/es\/wp-json\/wp\/v2\/product\/15367"}],"collection":[{"href":"https:\/\/ikigaiexperience.com.br\/es\/wp-json\/wp\/v2\/product"}],"about":[{"href":"https:\/\/ikigaiexperience.com.br\/es\/wp-json\/wp\/v2\/types\/product"}],"version-history":[{"count":1,"href":"https:\/\/ikigaiexperience.com.br\/es\/wp-json\/wp\/v2\/product\/15367\/revisions"}],"predecessor-version":[{"id":21814,"href":"https:\/\/ikigaiexperience.com.br\/es\/wp-json\/wp\/v2\/product\/15367\/revisions\/21814"}],"wp:featuredmedia":[{"embeddable":true,"href":"https:\/\/ikigaiexperience.com.br\/es\/wp-json\/wp\/v2\/media\/3498"}],"wp:attachment":[{"href":"https:\/\/ikigaiexperience.com.br\/es\/wp-json\/wp\/v2\/media?parent=15367"}],"wp:term":[{"taxonomy":"product_cat","embeddable":true,"href":"https:\/\/ikigaiexperience.com.br\/es\/wp-json\/wp\/v2\/product_cat?post=15367"},{"taxonomy":"product_tag","embeddable":true,"href":"https:\/\/ikigaiexperience.com.br\/es\/wp-json\/wp\/v2\/product_tag?post=15367"}],"curies":[{"name":"wp","href":"https:\/\/api.w.org\/{rel}","templated":true}]}}