{"id":14344,"date":"2022-01-19T11:11:13","date_gmt":"2022-01-19T14:11:13","guid":{"rendered":"https:\/\/ikigaiexperience.com.br\/?post_type=product&#038;p=14344"},"modified":"2023-08-08T10:15:54","modified_gmt":"2023-08-08T13:15:54","slug":"mergulho-ubatuba-praia-do-cedro","status":"publish","type":"product","link":"https:\/\/ikigaiexperience.com.br\/es\/experiencias\/buceo-ubatuba-praia-do-cedro\/","title":{"rendered":"Buceo Ubatuba \u2013 Praia do Cedro (Cedrinho)"},"content":{"rendered":"<h3>Buceo en Ubatuba en Cedrinho<\/h3>\n<p>Ubatuba es muy conocida por la gran cantidad de islas que la rodean y tambi\u00e9n por sus 100 km de costa ba\u00f1ada por los m\u00e1s diversos puntos de buceo.<\/p>\n<p>Uno de los puntos de buceo m\u00e1s fascinantes de Ubatuba es Praia do Cedro, o popularmente conocida como <strong>Cedro. <\/strong>Por ser una playa de aguas tranquilas y cristalinas con sus tonos verde esmeralda, Praia do Cedro es uno de los lugares m\u00e1s indicados para quienes quieren tener contacto con el buceo, descubriendo la naturaleza paradis\u00edaca del lugar y contemplando toda la fauna. regalo.<\/p>\n<p>Bucear en Cedrinho es posible maravillarse con diversas especies marinas, incluidas tortugas marinas, bancos de paso, cirujanos, rayas, meros, peces loro y otras especies de peces.<\/p>\n<h3>La experiencia del bautismo de buceo en Ubatuba en Cedrinho<\/h3>\n<p><span style=\"font-weight: 400;\">El viaje en barco comienza en el centro de Ubatuba en el muelle Comodoro Magalh\u00e3es y dura 20 minutos hasta el punto de buceo ubicado en Praia do Cedro.<\/span><\/p>\n<p><span style=\"font-weight: 400;\">En el sitio de buceo, cada buceador tendr\u00e1 la oportunidad de bucear durante unos 40 minutos en una profundidad de hasta 08 metros.<\/span><\/p>\n<p><span style=\"font-weight: 400;\">Como gran diferencial, siempre estar\u00e1n acompa\u00f1ados por un buzo certificado con un enfoque total solo en ti, lo que siempre garantizar\u00e1 la mejor experiencia para tu inmersi\u00f3n. <\/span><\/p>\n<p><span style=\"font-weight: 400;\">LA<\/span><span style=\"font-weight: 400;\">Despu\u00e9s del buceo, puede continuar explorando el sitio con buceo de superficie (<a href=\"https:\/\/pt.wikipedia.org\/wiki\/Esn%C3%B3rquel\">bucear<\/a>), mientras los dem\u00e1s buceadores terminan sus inmersiones. <\/span><\/p>\n<p><span style=\"font-weight: 400;\">O<\/span><span style=\"font-weight: 400;\"> El recorrido completo dura 2 horas.<\/span><\/p>\n<p>\u00bfVamos a bucear en Ubatuba?<\/p>\n<p>&nbsp;<\/p>","protected":false},"excerpt":{"rendered":"<p>Explora la fauna marina de Praia do Cedrinho en una inmersi\u00f3n de 40 minutos acompa\u00f1ado por un instructor, a una profundidad de hasta 8 m. Despu\u00e9s y antes de bucear, tambi\u00e9n podr\u00e1s hacer snorkel alrededor de la isla sin costo adicional.<\/p>\n<p>Nota: Edad m\u00ednima de 10 a\u00f1os, peso m\u00e1ximo de 110kg.<\/p>\n<p>El recorrido no requiere ninguna experiencia previa, ni siquiera saber nadar.<\/p>","protected":false},"featured_media":13442,"parent":0,"template":"","meta":[],"product_cat":[29],"product_tag":[],"yoast_head":"<!-- This site is optimized with the Yoast SEO plugin v20.0 - https:\/\/yoast.com\/wordpress\/plugins\/seo\/ -->\n<title>Mergulho Ubatuba - Mergulhe em Ubatuba com o Ikigai Experience<\/title>\n<meta name=\"description\" content=\"Mergulhe em Ubatuba nas \u00e1guas tons de esmeraldas da Praia do Cedro e aproveite a melhor experi\u00eancia para ter seu mergulho de batismo.\" \/>\n<meta name=\"robots\" content=\"index, follow, max-snippet:-1, max-image-preview:large, max-video-preview:-1\" \/>\n<link rel=\"canonical\" href=\"https:\/\/ikigaiexperience.com.br\/es\/experiencias\/buceo-ubatuba-praia-do-cedro\/\" \/>\n<meta property=\"og:locale\" content=\"es_ES\" \/>\n<meta property=\"og:type\" content=\"article\" \/>\n<meta property=\"og:title\" content=\"Mergulho Ubatuba - Mergulhe em Ubatuba com o Ikigai Experience\" \/>\n<meta property=\"og:description\" content=\"Mergulhe em Ubatuba nas \u00e1guas tons de esmeraldas da Praia do Cedro e aproveite a melhor experi\u00eancia para ter seu mergulho de batismo.\" \/>\n<meta property=\"og:url\" content=\"https:\/\/ikigaiexperience.com.br\/es\/experiencias\/buceo-ubatuba-praia-do-cedro\/\" \/>\n<meta property=\"og:site_name\" content=\"Ikigai Experience\" \/>\n<meta property=\"article:publisher\" content=\"https:\/\/www.facebook.com\/Ikigai-Experience-100452311832822\" \/>\n<meta property=\"article:modified_time\" content=\"2023-08-08T13:15:54+00:00\" \/>\n<meta property=\"og:image\" content=\"https:\/\/ikigaiexperience.com.br\/wp-content\/uploads\/2022\/01\/Mergulho-Ubatuba-41.jpg\" \/>\n\t<meta property=\"og:image:width\" content=\"935\" \/>\n\t<meta property=\"og:image:height\" content=\"622\" \/>\n\t<meta property=\"og:image:type\" content=\"image\/png\" \/>\n<meta name=\"twitter:card\" content=\"summary_large_image\" \/>\n<meta name=\"twitter:label1\" content=\"Tiempo de lectura\" \/>\n\t<meta name=\"twitter:data1\" content=\"2 minutos\" \/>\n<script type=\"application\/ld+json\" class=\"yoast-schema-graph\">{\"@context\":\"https:\/\/schema.org\",\"@graph\":[{\"@type\":\"WebPage\",\"@id\":\"https:\/\/ikigaiexperience.com.br\/experiencias\/mergulho-ubatuba-praia-do-cedro\/\",\"url\":\"https:\/\/ikigaiexperience.com.br\/experiencias\/mergulho-ubatuba-praia-do-cedro\/\",\"name\":\"Mergulho Ubatuba - Mergulhe em Ubatuba com o Ikigai Experience\",\"isPartOf\":{\"@id\":\"https:\/\/ikigaiexperience.com.br\/#website\"},\"datePublished\":\"2022-01-19T14:11:13+00:00\",\"dateModified\":\"2023-08-08T13:15:54+00:00\",\"description\":\"Mergulhe em Ubatuba nas \u00e1guas tons de esmeraldas da Praia do Cedro e aproveite a melhor experi\u00eancia para ter seu mergulho de batismo.\",\"breadcrumb\":{\"@id\":\"https:\/\/ikigaiexperience.com.br\/experiencias\/mergulho-ubatuba-praia-do-cedro\/#breadcrumb\"},\"inLanguage\":\"es\",\"potentialAction\":[{\"@type\":\"ReadAction\",\"target\":[\"https:\/\/ikigaiexperience.com.br\/experiencias\/mergulho-ubatuba-praia-do-cedro\/\"]}]},{\"@type\":\"BreadcrumbList\",\"@id\":\"https:\/\/ikigaiexperience.com.br\/experiencias\/mergulho-ubatuba-praia-do-cedro\/#breadcrumb\",\"itemListElement\":[{\"@type\":\"ListItem\",\"position\":1,\"name\":\"In\u00edcio\",\"item\":\"https:\/\/ikigaiexperience.com.br\/\"},{\"@type\":\"ListItem\",\"position\":2,\"name\":\"Mergulho\",\"item\":\"https:\/\/ikigaiexperience.com.br\/experiencia-categoria\/mergulho\/\"},{\"@type\":\"ListItem\",\"position\":3,\"name\":\"Mergulho Ubatuba &#8211; Praia do Cedro (Cedrinho)\"}]},{\"@type\":\"WebSite\",\"@id\":\"https:\/\/ikigaiexperience.com.br\/#website\",\"url\":\"https:\/\/ikigaiexperience.com.br\/\",\"name\":\"Ikigai Experience\",\"description\":\"Reserve seu mergulho de um modo f\u00e1cil, r\u00e1pido e divertido.\",\"publisher\":{\"@id\":\"https:\/\/ikigaiexperience.com.br\/#organization\"},\"potentialAction\":[{\"@type\":\"SearchAction\",\"target\":{\"@type\":\"EntryPoint\",\"urlTemplate\":\"https:\/\/ikigaiexperience.com.br\/?s={search_term_string}\"},\"query-input\":\"required name=search_term_string\"}],\"inLanguage\":\"es\"},{\"@type\":\"Organization\",\"@id\":\"https:\/\/ikigaiexperience.com.br\/#organization\",\"name\":\"Ikigai Experience\",\"url\":\"https:\/\/ikigaiexperience.com.br\/\",\"logo\":{\"@type\":\"ImageObject\",\"inLanguage\":\"es\",\"@id\":\"https:\/\/ikigaiexperience.com.br\/#\/schema\/logo\/image\/\",\"url\":\"https:\/\/ikigaiexperience.com.br\/wp-content\/uploads\/2021\/06\/Ikigai-Experience-Horizontal-Branco.png\",\"contentUrl\":\"https:\/\/ikigaiexperience.com.br\/wp-content\/uploads\/2021\/06\/Ikigai-Experience-Horizontal-Branco.png\",\"width\":924,\"height\":249,\"caption\":\"Ikigai Experience\"},\"image\":{\"@id\":\"https:\/\/ikigaiexperience.com.br\/#\/schema\/logo\/image\/\"},\"sameAs\":[\"https:\/\/www.instagram.com\/theikigaiexperience\/\",\"https:\/\/www.linkedin.com\/company\/ikigai-experience\",\"https:\/\/www.youtube.com\/channel\/UC8qpgAQ3P89h79oP9ymmo7Q\",\"https:\/\/www.facebook.com\/Ikigai-Experience-100452311832822\"]}]}<\/script>\n<!-- \/ Yoast SEO plugin. -->","yoast_head_json":{"title":"Mergulho Ubatuba - Mergulhe em Ubatuba com o Ikigai Experience","description":"Mergulhe em Ubatuba nas \u00e1guas tons de esmeraldas da Praia do Cedro e aproveite a melhor experi\u00eancia para ter seu mergulho de batismo.","robots":{"index":"index","follow":"follow","max-snippet":"max-snippet:-1","max-image-preview":"max-image-preview:large","max-video-preview":"max-video-preview:-1"},"canonical":"https:\/\/ikigaiexperience.com.br\/es\/experiencias\/buceo-ubatuba-praia-do-cedro\/","og_locale":"es_ES","og_type":"article","og_title":"Mergulho Ubatuba - Mergulhe em Ubatuba com o Ikigai Experience","og_description":"Mergulhe em Ubatuba nas \u00e1guas tons de esmeraldas da Praia do Cedro e aproveite a melhor experi\u00eancia para ter seu mergulho de batismo.","og_url":"https:\/\/ikigaiexperience.com.br\/es\/experiencias\/buceo-ubatuba-praia-do-cedro\/","og_site_name":"Ikigai Experience","article_publisher":"https:\/\/www.facebook.com\/Ikigai-Experience-100452311832822","article_modified_time":"2023-08-08T13:15:54+00:00","og_image":[{"width":935,"height":622,"url":"https:\/\/ikigaiexperience.com.br\/wp-content\/uploads\/2022\/01\/Mergulho-Ubatuba-41.jpg","type":"image\/png"}],"twitter_card":"summary_large_image","twitter_misc":{"Tiempo de lectura":"2 minutos"},"schema":{"@context":"https:\/\/schema.org","@graph":[{"@type":"WebPage","@id":"https:\/\/ikigaiexperience.com.br\/experiencias\/mergulho-ubatuba-praia-do-cedro\/","url":"https:\/\/ikigaiexperience.com.br\/experiencias\/mergulho-ubatuba-praia-do-cedro\/","name":"Mergulho Ubatuba - Mergulhe em Ubatuba com o Ikigai Experience","isPartOf":{"@id":"https:\/\/ikigaiexperience.com.br\/#website"},"datePublished":"2022-01-19T14:11:13+00:00","dateModified":"2023-08-08T13:15:54+00:00","description":"Mergulhe em Ubatuba nas \u00e1guas tons de esmeraldas da Praia do Cedro e aproveite a melhor experi\u00eancia para ter seu mergulho de batismo.","breadcrumb":{"@id":"https:\/\/ikigaiexperience.com.br\/experiencias\/mergulho-ubatuba-praia-do-cedro\/#breadcrumb"},"inLanguage":"es","potentialAction":[{"@type":"ReadAction","target":["https:\/\/ikigaiexperience.com.br\/experiencias\/mergulho-ubatuba-praia-do-cedro\/"]}]},{"@type":"BreadcrumbList","@id":"https:\/\/ikigaiexperience.com.br\/experiencias\/mergulho-ubatuba-praia-do-cedro\/#breadcrumb","itemListElement":[{"@type":"ListItem","position":1,"name":"In\u00edcio","item":"https:\/\/ikigaiexperience.com.br\/"},{"@type":"ListItem","position":2,"name":"Mergulho","item":"https:\/\/ikigaiexperience.com.br\/experiencia-categoria\/mergulho\/"},{"@type":"ListItem","position":3,"name":"Mergulho Ubatuba &#8211; Praia do Cedro (Cedrinho)"}]},{"@type":"WebSite","@id":"https:\/\/ikigaiexperience.com.br\/#website","url":"https:\/\/ikigaiexperience.com.br\/","name":"Ikigai Experience","description":"Reserve seu mergulho de um modo f\u00e1cil, r\u00e1pido e divertido.","publisher":{"@id":"https:\/\/ikigaiexperience.com.br\/#organization"},"potentialAction":[{"@type":"SearchAction","target":{"@type":"EntryPoint","urlTemplate":"https:\/\/ikigaiexperience.com.br\/?s={search_term_string}"},"query-input":"required name=search_term_string"}],"inLanguage":"es"},{"@type":"Organization","@id":"https:\/\/ikigaiexperience.com.br\/#organization","name":"Ikigai Experience","url":"https:\/\/ikigaiexperience.com.br\/","logo":{"@type":"ImageObject","inLanguage":"es","@id":"https:\/\/ikigaiexperience.com.br\/#\/schema\/logo\/image\/","url":"https:\/\/ikigaiexperience.com.br\/wp-content\/uploads\/2021\/06\/Ikigai-Experience-Horizontal-Branco.png","contentUrl":"https:\/\/ikigaiexperience.com.br\/wp-content\/uploads\/2021\/06\/Ikigai-Experience-Horizontal-Branco.png","width":924,"height":249,"caption":"Ikigai Experience"},"image":{"@id":"https:\/\/ikigaiexperience.com.br\/#\/schema\/logo\/image\/"},"sameAs":["https:\/\/www.instagram.com\/theikigaiexperience\/","https:\/\/www.linkedin.com\/company\/ikigai-experience","https:\/\/www.youtube.com\/channel\/UC8qpgAQ3P89h79oP9ymmo7Q","https:\/\/www.facebook.com\/Ikigai-Experience-100452311832822"]}]}},"_links":{"self":[{"href":"https:\/\/ikigaiexperience.com.br\/es\/wp-json\/wp\/v2\/product\/14344"}],"collection":[{"href":"https:\/\/ikigaiexperience.com.br\/es\/wp-json\/wp\/v2\/product"}],"about":[{"href":"https:\/\/ikigaiexperience.com.br\/es\/wp-json\/wp\/v2\/types\/product"}],"version-history":[{"count":1,"href":"https:\/\/ikigaiexperience.com.br\/es\/wp-json\/wp\/v2\/product\/14344\/revisions"}],"predecessor-version":[{"id":21945,"href":"https:\/\/ikigaiexperience.com.br\/es\/wp-json\/wp\/v2\/product\/14344\/revisions\/21945"}],"wp:featuredmedia":[{"embeddable":true,"href":"https:\/\/ikigaiexperience.com.br\/es\/wp-json\/wp\/v2\/media\/13442"}],"wp:attachment":[{"href":"https:\/\/ikigaiexperience.com.br\/es\/wp-json\/wp\/v2\/media?parent=14344"}],"wp:term":[{"taxonomy":"product_cat","embeddable":true,"href":"https:\/\/ikigaiexperience.com.br\/es\/wp-json\/wp\/v2\/product_cat?post=14344"},{"taxonomy":"product_tag","embeddable":true,"href":"https:\/\/ikigaiexperience.com.br\/es\/wp-json\/wp\/v2\/product_tag?post=14344"}],"curies":[{"name":"wp","href":"https:\/\/api.w.org\/{rel}","templated":true}]}}