{"id":10902,"date":"2021-12-17T14:48:42","date_gmt":"2021-12-17T17:48:42","guid":{"rendered":"https:\/\/ikigaiexperience.com.br\/?post_type=product&#038;p=10902"},"modified":"2023-12-19T17:56:33","modified_gmt":"2023-12-19T20:56:33","slug":"mergulho-ubatuba-ilha-anchieta","status":"publish","type":"product","link":"https:\/\/ikigaiexperience.com.br\/es\/experiencias\/buceo-ilha-anchieta\/","title":{"rendered":"Buceo Ubatuba \u2013 Isla Anchieta"},"content":{"rendered":"<h3>Buceo en Ubatuba en la Isla Anchieta<\/h3>\n<p>Ubatuba en la costa de S\u00e3o Paulo es una ciudad privilegiada por estar rodeada de playas e islas aptas para el buceo recreativo.<\/p>\n<p>La isla Anchieta, la segunda isla m\u00e1s grande frente a la costa de S\u00e3o Paulo, es considerada uno de los mejores lugares para bucear en Brasil. Por tener su fauna y flora protegida por el Parque Estatal Isla Anchieta y cuenta con m\u00e1s de 8 puntos de buceo diferentes.<\/p>\n<p>Conocida por sus fondos rocosos y arenosos que albergan los m\u00e1s diversos tipos de corales y especies marinas, hacen que la isla sea muy buscada por buceadores experimentados y apasionados por la vida submarina.<\/p>\n<p>La Isla Anchieta es un lugar perfecto para practicar el buceo recreativo ya que a trav\u00e9s de esta experiencia los buzos pueden toparse con una diversa fauna y flora compuesta por tortugas, morenas, peces loro, rayas capuchinas, esponjas, corales cerebro, meros, merl\u00e1n y varios bancos de peces de paso.<\/p>\n<h3>Qu\u00e9 est\u00e1 incluido en el buceo<\/h3>\n<p>Al bucear en Isla Anchieta en la modalidad de bautismo, toda la experiencia cuesta R$460\/buceador.<\/p>\n<p>Todo el equipo, ropa, navegaci\u00f3n en barco, formaci\u00f3n previa y seguimiento del instructor est\u00e1n incluidos. Todav\u00eda se entregan fotos y videos gratuitos.<\/p>\n<p><span style=\"font-weight: 400;\">No<\/span><span style=\"font-weight: 400;\">No hace falta experiencia previa, ni siquiera hace falta saber nadar.<\/span><\/p>\n<h3>La experiencia del bautismo de buceo en Ubatuba<\/h3>\n<p>Comenzamos la experiencia en Ubatuba con un paseo en bote de 40 minutos por la costa hasta el punto de buceo en la isla Anchieta. Al llegar al sitio, comienza una breve sesi\u00f3n de entrenamiento con todas las instrucciones necesarias para su comodidad y seguridad durante la inmersi\u00f3n, seguida de una adaptaci\u00f3n ya en el mar.<\/p>\n<p>Despu\u00e9s de los preparativos y adaptaci\u00f3n inicial, comienza el buceo con una duraci\u00f3n promedio de 40 minutos a una profundidad que puede variar entre 4 a 8 metros. Cada experiencia est\u00e1 acompa\u00f1ada por un instructor calificado que lo guiar\u00e1.<\/p>\n<p>Para los que se inician en el buceo, esta es una experiencia segura de diversi\u00f3n y satisfacci\u00f3n en su primera inmersi\u00f3n.<\/p>\n<p><span style=\"font-weight: 400;\">LA<\/span><span style=\"font-weight: 400;\">Despu\u00e9s del buceo, puede continuar explorando el sitio con buceo de superficie (<a href=\"https:\/\/pt.wikipedia.org\/wiki\/Esn%C3%B3rquel\">bucear<\/a>), mientras los dem\u00e1s buceadores terminan sus inmersiones. <\/span><\/p>\n<p><span style=\"font-weight: 400;\">Experiencia <\/span><span style=\"font-weight: 400;\">El recorrido tiene una duraci\u00f3n de 4 horas, dependiendo del n\u00famero de personas a la salida y los destinos de buceo.<\/span><\/p>\n<h3>extras<\/h3>\n<p>Para los que solo quieran hacer buceo de superficie con snorkel, es el R$180 que incluye m\u00e1scara, aletas y neopreno de 5mm. Para los que solo quieran acompa\u00f1ar en el barco, el valor es R$140 (consultar con nuestro equipo para reservaciones solo seguimiento).<\/p>","protected":false},"excerpt":{"rendered":"<p>En la experiencia de buceo bautismal en la Isla Anchieta, tendr\u00e1s la oportunidad de descubrir el para\u00edso marino preservado elegido uno de los mejores lugares de buceo de Brasil sin necesidad de ninguna experiencia previa, \u00a1ni siquiera saber nadar!<\/p>\n<p>La experiencia incluye de 30 a 45 minutos de buceo acompa\u00f1ado de un instructor a una profundidad de hasta 8m. Despu\u00e9s y antes del buceo, tambi\u00e9n es posible realizar snorkel (buceo de superficie) alrededor de la isla, sin costo adicional.<\/p>\n<p>Nota: Edad m\u00ednima 10 a\u00f1os, peso m\u00e1ximo 110 kg.<\/p>","protected":false},"featured_media":13444,"parent":0,"template":"","meta":[],"product_cat":[29],"product_tag":[],"yoast_head":"<!-- This site is optimized with the Yoast SEO plugin v20.0 - https:\/\/yoast.com\/wordpress\/plugins\/seo\/ -->\n<title>Mergulho Ubatuba - Ilha Anchieta - Ikigai Experience<\/title>\n<meta name=\"description\" content=\"Mergulhe em Ubatuba e conhe\u00e7a o para\u00edso marinho preservado do Parque Estadual da Ilha Anchieta, um dos melhores pontos de mergulho do Brasil.\" \/>\n<meta name=\"robots\" content=\"index, follow, max-snippet:-1, max-image-preview:large, max-video-preview:-1\" \/>\n<link rel=\"canonical\" href=\"https:\/\/ikigaiexperience.com.br\/es\/experiencias\/buceo-ilha-anchieta\/\" \/>\n<meta property=\"og:locale\" content=\"es_ES\" \/>\n<meta property=\"og:type\" content=\"article\" \/>\n<meta property=\"og:title\" content=\"Mergulho Ubatuba - Ilha Anchieta - Ikigai Experience\" \/>\n<meta property=\"og:description\" content=\"Mergulhe em Ubatuba e conhe\u00e7a o para\u00edso marinho preservado do Parque Estadual da Ilha Anchieta, um dos melhores pontos de mergulho do Brasil.\" \/>\n<meta property=\"og:url\" content=\"https:\/\/ikigaiexperience.com.br\/es\/experiencias\/buceo-ilha-anchieta\/\" \/>\n<meta property=\"og:site_name\" content=\"Ikigai Experience\" \/>\n<meta property=\"article:publisher\" content=\"https:\/\/www.facebook.com\/Ikigai-Experience-100452311832822\" \/>\n<meta property=\"article:modified_time\" content=\"2023-12-19T20:56:33+00:00\" \/>\n<meta property=\"og:image\" content=\"https:\/\/ikigaiexperience.com.br\/wp-content\/uploads\/2022\/01\/Mergulho-Ubatuba-2.jpg\" \/>\n\t<meta property=\"og:image:width\" content=\"935\" \/>\n\t<meta property=\"og:image:height\" content=\"622\" \/>\n\t<meta property=\"og:image:type\" content=\"image\/png\" \/>\n<meta name=\"twitter:card\" content=\"summary_large_image\" \/>\n<meta name=\"twitter:label1\" content=\"Tiempo de lectura\" \/>\n\t<meta name=\"twitter:data1\" content=\"3 minutos\" \/>\n<script type=\"application\/ld+json\" class=\"yoast-schema-graph\">{\"@context\":\"https:\/\/schema.org\",\"@graph\":[{\"@type\":\"WebPage\",\"@id\":\"https:\/\/ikigaiexperience.com.br\/experiencias\/mergulho-ubatuba-ilha-anchieta\/\",\"url\":\"https:\/\/ikigaiexperience.com.br\/experiencias\/mergulho-ubatuba-ilha-anchieta\/\",\"name\":\"Mergulho Ubatuba - Ilha Anchieta - Ikigai Experience\",\"isPartOf\":{\"@id\":\"https:\/\/ikigaiexperience.com.br\/#website\"},\"datePublished\":\"2021-12-17T17:48:42+00:00\",\"dateModified\":\"2023-12-19T20:56:33+00:00\",\"description\":\"Mergulhe em Ubatuba e conhe\u00e7a o para\u00edso marinho preservado do Parque Estadual da Ilha Anchieta, um dos melhores pontos de mergulho do Brasil.\",\"breadcrumb\":{\"@id\":\"https:\/\/ikigaiexperience.com.br\/experiencias\/mergulho-ubatuba-ilha-anchieta\/#breadcrumb\"},\"inLanguage\":\"es\",\"potentialAction\":[{\"@type\":\"ReadAction\",\"target\":[\"https:\/\/ikigaiexperience.com.br\/experiencias\/mergulho-ubatuba-ilha-anchieta\/\"]}]},{\"@type\":\"BreadcrumbList\",\"@id\":\"https:\/\/ikigaiexperience.com.br\/experiencias\/mergulho-ubatuba-ilha-anchieta\/#breadcrumb\",\"itemListElement\":[{\"@type\":\"ListItem\",\"position\":1,\"name\":\"In\u00edcio\",\"item\":\"https:\/\/ikigaiexperience.com.br\/\"},{\"@type\":\"ListItem\",\"position\":2,\"name\":\"Mergulho\",\"item\":\"https:\/\/ikigaiexperience.com.br\/experiencia-categoria\/mergulho\/\"},{\"@type\":\"ListItem\",\"position\":3,\"name\":\"Mergulho Ubatuba &#8211; Ilha Anchieta\"}]},{\"@type\":\"WebSite\",\"@id\":\"https:\/\/ikigaiexperience.com.br\/#website\",\"url\":\"https:\/\/ikigaiexperience.com.br\/\",\"name\":\"Ikigai Experience\",\"description\":\"Reserve seu mergulho de um modo f\u00e1cil, r\u00e1pido e divertido.\",\"publisher\":{\"@id\":\"https:\/\/ikigaiexperience.com.br\/#organization\"},\"potentialAction\":[{\"@type\":\"SearchAction\",\"target\":{\"@type\":\"EntryPoint\",\"urlTemplate\":\"https:\/\/ikigaiexperience.com.br\/?s={search_term_string}\"},\"query-input\":\"required name=search_term_string\"}],\"inLanguage\":\"es\"},{\"@type\":\"Organization\",\"@id\":\"https:\/\/ikigaiexperience.com.br\/#organization\",\"name\":\"Ikigai Experience\",\"url\":\"https:\/\/ikigaiexperience.com.br\/\",\"logo\":{\"@type\":\"ImageObject\",\"inLanguage\":\"es\",\"@id\":\"https:\/\/ikigaiexperience.com.br\/#\/schema\/logo\/image\/\",\"url\":\"https:\/\/ikigaiexperience.com.br\/wp-content\/uploads\/2021\/06\/Ikigai-Experience-Horizontal-Branco.png\",\"contentUrl\":\"https:\/\/ikigaiexperience.com.br\/wp-content\/uploads\/2021\/06\/Ikigai-Experience-Horizontal-Branco.png\",\"width\":924,\"height\":249,\"caption\":\"Ikigai Experience\"},\"image\":{\"@id\":\"https:\/\/ikigaiexperience.com.br\/#\/schema\/logo\/image\/\"},\"sameAs\":[\"https:\/\/www.instagram.com\/theikigaiexperience\/\",\"https:\/\/www.linkedin.com\/company\/ikigai-experience\",\"https:\/\/www.youtube.com\/channel\/UC8qpgAQ3P89h79oP9ymmo7Q\",\"https:\/\/www.facebook.com\/Ikigai-Experience-100452311832822\"]}]}<\/script>\n<!-- \/ Yoast SEO plugin. -->","yoast_head_json":{"title":"Mergulho Ubatuba - Ilha Anchieta - Ikigai Experience","description":"Mergulhe em Ubatuba e conhe\u00e7a o para\u00edso marinho preservado do Parque Estadual da Ilha Anchieta, um dos melhores pontos de mergulho do Brasil.","robots":{"index":"index","follow":"follow","max-snippet":"max-snippet:-1","max-image-preview":"max-image-preview:large","max-video-preview":"max-video-preview:-1"},"canonical":"https:\/\/ikigaiexperience.com.br\/es\/experiencias\/buceo-ilha-anchieta\/","og_locale":"es_ES","og_type":"article","og_title":"Mergulho Ubatuba - Ilha Anchieta - Ikigai Experience","og_description":"Mergulhe em Ubatuba e conhe\u00e7a o para\u00edso marinho preservado do Parque Estadual da Ilha Anchieta, um dos melhores pontos de mergulho do Brasil.","og_url":"https:\/\/ikigaiexperience.com.br\/es\/experiencias\/buceo-ilha-anchieta\/","og_site_name":"Ikigai Experience","article_publisher":"https:\/\/www.facebook.com\/Ikigai-Experience-100452311832822","article_modified_time":"2023-12-19T20:56:33+00:00","og_image":[{"width":935,"height":622,"url":"https:\/\/ikigaiexperience.com.br\/wp-content\/uploads\/2022\/01\/Mergulho-Ubatuba-2.jpg","type":"image\/png"}],"twitter_card":"summary_large_image","twitter_misc":{"Tiempo de lectura":"3 minutos"},"schema":{"@context":"https:\/\/schema.org","@graph":[{"@type":"WebPage","@id":"https:\/\/ikigaiexperience.com.br\/experiencias\/mergulho-ubatuba-ilha-anchieta\/","url":"https:\/\/ikigaiexperience.com.br\/experiencias\/mergulho-ubatuba-ilha-anchieta\/","name":"Mergulho Ubatuba - Ilha Anchieta - Ikigai Experience","isPartOf":{"@id":"https:\/\/ikigaiexperience.com.br\/#website"},"datePublished":"2021-12-17T17:48:42+00:00","dateModified":"2023-12-19T20:56:33+00:00","description":"Mergulhe em Ubatuba e conhe\u00e7a o para\u00edso marinho preservado do Parque Estadual da Ilha Anchieta, um dos melhores pontos de mergulho do Brasil.","breadcrumb":{"@id":"https:\/\/ikigaiexperience.com.br\/experiencias\/mergulho-ubatuba-ilha-anchieta\/#breadcrumb"},"inLanguage":"es","potentialAction":[{"@type":"ReadAction","target":["https:\/\/ikigaiexperience.com.br\/experiencias\/mergulho-ubatuba-ilha-anchieta\/"]}]},{"@type":"BreadcrumbList","@id":"https:\/\/ikigaiexperience.com.br\/experiencias\/mergulho-ubatuba-ilha-anchieta\/#breadcrumb","itemListElement":[{"@type":"ListItem","position":1,"name":"In\u00edcio","item":"https:\/\/ikigaiexperience.com.br\/"},{"@type":"ListItem","position":2,"name":"Mergulho","item":"https:\/\/ikigaiexperience.com.br\/experiencia-categoria\/mergulho\/"},{"@type":"ListItem","position":3,"name":"Mergulho Ubatuba &#8211; Ilha Anchieta"}]},{"@type":"WebSite","@id":"https:\/\/ikigaiexperience.com.br\/#website","url":"https:\/\/ikigaiexperience.com.br\/","name":"Ikigai Experience","description":"Reserve seu mergulho de um modo f\u00e1cil, r\u00e1pido e divertido.","publisher":{"@id":"https:\/\/ikigaiexperience.com.br\/#organization"},"potentialAction":[{"@type":"SearchAction","target":{"@type":"EntryPoint","urlTemplate":"https:\/\/ikigaiexperience.com.br\/?s={search_term_string}"},"query-input":"required name=search_term_string"}],"inLanguage":"es"},{"@type":"Organization","@id":"https:\/\/ikigaiexperience.com.br\/#organization","name":"Ikigai Experience","url":"https:\/\/ikigaiexperience.com.br\/","logo":{"@type":"ImageObject","inLanguage":"es","@id":"https:\/\/ikigaiexperience.com.br\/#\/schema\/logo\/image\/","url":"https:\/\/ikigaiexperience.com.br\/wp-content\/uploads\/2021\/06\/Ikigai-Experience-Horizontal-Branco.png","contentUrl":"https:\/\/ikigaiexperience.com.br\/wp-content\/uploads\/2021\/06\/Ikigai-Experience-Horizontal-Branco.png","width":924,"height":249,"caption":"Ikigai Experience"},"image":{"@id":"https:\/\/ikigaiexperience.com.br\/#\/schema\/logo\/image\/"},"sameAs":["https:\/\/www.instagram.com\/theikigaiexperience\/","https:\/\/www.linkedin.com\/company\/ikigai-experience","https:\/\/www.youtube.com\/channel\/UC8qpgAQ3P89h79oP9ymmo7Q","https:\/\/www.facebook.com\/Ikigai-Experience-100452311832822"]}]}},"_links":{"self":[{"href":"https:\/\/ikigaiexperience.com.br\/es\/wp-json\/wp\/v2\/product\/10902"}],"collection":[{"href":"https:\/\/ikigaiexperience.com.br\/es\/wp-json\/wp\/v2\/product"}],"about":[{"href":"https:\/\/ikigaiexperience.com.br\/es\/wp-json\/wp\/v2\/types\/product"}],"version-history":[{"count":1,"href":"https:\/\/ikigaiexperience.com.br\/es\/wp-json\/wp\/v2\/product\/10902\/revisions"}],"predecessor-version":[{"id":22458,"href":"https:\/\/ikigaiexperience.com.br\/es\/wp-json\/wp\/v2\/product\/10902\/revisions\/22458"}],"wp:featuredmedia":[{"embeddable":true,"href":"https:\/\/ikigaiexperience.com.br\/es\/wp-json\/wp\/v2\/media\/13444"}],"wp:attachment":[{"href":"https:\/\/ikigaiexperience.com.br\/es\/wp-json\/wp\/v2\/media?parent=10902"}],"wp:term":[{"taxonomy":"product_cat","embeddable":true,"href":"https:\/\/ikigaiexperience.com.br\/es\/wp-json\/wp\/v2\/product_cat?post=10902"},{"taxonomy":"product_tag","embeddable":true,"href":"https:\/\/ikigaiexperience.com.br\/es\/wp-json\/wp\/v2\/product_tag?post=10902"}],"curies":[{"name":"wp","href":"https:\/\/api.w.org\/{rel}","templated":true}]}}