{"id":10900,"date":"2021-12-17T14:47:36","date_gmt":"2021-12-17T17:47:36","guid":{"rendered":"https:\/\/ikigaiexperience.com.br\/?post_type=product&#038;p=10900"},"modified":"2023-01-24T12:00:03","modified_gmt":"2023-01-24T15:00:03","slug":"mergulho-ubatuba-ilha-anchieta-credenciados","status":"publish","type":"product","link":"https:\/\/ikigaiexperience.com.br\/es\/experiencias\/buceo-ubatuba-ilha-anchieta-credenciados\/","title":{"rendered":"Buceo Ubatuba \u2013 Isla Anchieta para Acreditados"},"content":{"rendered":"<h3>Buceo en Ubatuba en la Isla Anchieta<\/h3>\n<p>Ubatuba en la costa de S\u00e3o Paulo es una ciudad privilegiada por estar rodeada de playas e islas aptas para el buceo recreativo. Uno de ellos es la isla Anchieta, la segunda isla m\u00e1s grande de la costa de S\u00e3o Paulo y considerada uno de los mejores lugares para bucear en Brasil. Por tener su fauna y flora protegida por el Parque Estatal Isla Anchieta y contar con m\u00e1s de 8 diferentes puntos de buceo formados por un fondo rocoso y arenoso que albergan los m\u00e1s diversos tipos de corales y especies marinas haciendo que la isla sea muy buscada por fot\u00f3grafos y apasionados sobre la vida submarina.<\/p>\n<p>La Isla Anchieta es un lugar perfecto para practicar el buceo recreativo ya que a trav\u00e9s de esta experiencia los buzos pueden toparse con una diversa fauna y flora compuesta por tortugas, morenas, peces loro, rayas capuchinas, esponjas, corales cerebro, meros, merl\u00e1n y varios bancos de peces de paso.<\/p>\n<h3>La experiencia del bautismo de buceo en Ubatuba<\/h3>\n<p>La experiencia comienza con un paseo en bote de 40 minutos a lo largo de la costa hasta el lugar de buceo en la isla Anchieta. Al llegar al sitio, se pasan todas las instrucciones necesarias al sitio de buceo y luego todos se hacen a la mar.<\/p>\n<p>Tras los preparativos y la adaptaci\u00f3n inicial, se inicia el buceo con una duraci\u00f3n media de 40 minutos a una profundidad que puede variar hasta los 17 metros seg\u00fan la titulaci\u00f3n y experiencia del buceador. Cada experiencia est\u00e1 acompa\u00f1ada por un instructor calificado.<\/p>\n<p><span style=\"font-weight: 400;\">Experiencia <\/span><span style=\"font-weight: 400;\">El recorrido tiene una duraci\u00f3n de 4 horas, dependiendo del n\u00famero de personas a la salida y los destinos de buceo.<\/span><\/p>\n<p>&nbsp;<\/p>","protected":false},"excerpt":{"rendered":"<p>La oportunidad de bucear en la Isla Anchieta, ubicada en el Parque Estatal, es la experiencia perfecta para que los buceadores acreditados practiquen el buceo recreativo en uno de los puntos de buceo m\u00e1s hermosos y animados de la costa paulista. La experiencia incluye dos inmersiones de buceo en diferentes puntos de 30 a 45 minutos cada una, acompa\u00f1ados por un instructor a una profundidad de hasta 17m.<\/p>","protected":false},"featured_media":13449,"parent":0,"template":"","meta":[],"product_cat":[29],"product_tag":[],"yoast_head":"<!-- This site is optimized with the Yoast SEO plugin v20.0 - https:\/\/yoast.com\/wordpress\/plugins\/seo\/ -->\n<title>Mergulho Ubatuba - Ilha Anchieta para Credenciados - Ikigai Experience<\/title>\n<meta name=\"description\" content=\"Mergulhe em Ubatuba na Ilha Anchieta no Parque Estadual. Experi\u00eancia perfeita para conhecer um dos pontos de mergulho mais bonitos do Brasil.\" \/>\n<meta name=\"robots\" content=\"index, follow, max-snippet:-1, max-image-preview:large, max-video-preview:-1\" \/>\n<link rel=\"canonical\" href=\"https:\/\/ikigaiexperience.com.br\/es\/experiencias\/buceo-ilha-anchieta\/\" \/>\n<meta property=\"og:locale\" content=\"es_ES\" \/>\n<meta property=\"og:type\" content=\"article\" \/>\n<meta property=\"og:title\" content=\"Mergulho Ubatuba - Ilha Anchieta para Credenciados - Ikigai Experience\" \/>\n<meta property=\"og:description\" content=\"Mergulhe em Ubatuba na Ilha Anchieta no Parque Estadual. Experi\u00eancia perfeita para conhecer um dos pontos de mergulho mais bonitos do Brasil.\" \/>\n<meta property=\"og:url\" content=\"https:\/\/ikigaiexperience.com.br\/es\/experiencias\/buceo-ilha-anchieta\/\" \/>\n<meta property=\"og:site_name\" content=\"Ikigai Experience\" \/>\n<meta property=\"article:publisher\" content=\"https:\/\/www.facebook.com\/Ikigai-Experience-100452311832822\" \/>\n<meta property=\"article:modified_time\" content=\"2023-01-24T15:00:03+00:00\" \/>\n<meta property=\"og:image\" content=\"https:\/\/ikigaiexperience.com.br\/wp-content\/uploads\/2022\/01\/Mergulho-Ubatuba-7.jpg\" \/>\n\t<meta property=\"og:image:width\" content=\"935\" \/>\n\t<meta property=\"og:image:height\" content=\"622\" \/>\n\t<meta property=\"og:image:type\" content=\"image\/png\" \/>\n<meta name=\"twitter:card\" content=\"summary_large_image\" \/>\n<meta name=\"twitter:label1\" content=\"Tiempo de lectura\" \/>\n\t<meta name=\"twitter:data1\" content=\"2 minutos\" \/>\n<script type=\"application\/ld+json\" class=\"yoast-schema-graph\">{\"@context\":\"https:\/\/schema.org\",\"@graph\":[{\"@type\":\"WebPage\",\"@id\":\"https:\/\/ikigaiexperience.com.br\/experiencias\/mergulho-ubatuba-ilha-anchieta-credenciados\/\",\"url\":\"https:\/\/ikigaiexperience.com.br\/experiencias\/mergulho-ubatuba-ilha-anchieta\/\",\"name\":\"Mergulho Ubatuba - Ilha Anchieta para Credenciados - Ikigai Experience\",\"isPartOf\":{\"@id\":\"https:\/\/ikigaiexperience.com.br\/#website\"},\"datePublished\":\"2021-12-17T17:47:36+00:00\",\"dateModified\":\"2023-01-24T15:00:03+00:00\",\"description\":\"Mergulhe em Ubatuba na Ilha Anchieta no Parque Estadual. Experi\u00eancia perfeita para conhecer um dos pontos de mergulho mais bonitos do Brasil.\",\"breadcrumb\":{\"@id\":\"https:\/\/ikigaiexperience.com.br\/experiencias\/mergulho-ubatuba-ilha-anchieta\/#breadcrumb\"},\"inLanguage\":\"es\",\"potentialAction\":[{\"@type\":\"ReadAction\",\"target\":[\"https:\/\/ikigaiexperience.com.br\/experiencias\/mergulho-ubatuba-ilha-anchieta\/\"]}]},{\"@type\":\"BreadcrumbList\",\"@id\":\"https:\/\/ikigaiexperience.com.br\/experiencias\/mergulho-ubatuba-ilha-anchieta\/#breadcrumb\",\"itemListElement\":[{\"@type\":\"ListItem\",\"position\":1,\"name\":\"In\u00edcio\",\"item\":\"https:\/\/ikigaiexperience.com.br\/\"},{\"@type\":\"ListItem\",\"position\":2,\"name\":\"Mergulho\",\"item\":\"https:\/\/ikigaiexperience.com.br\/experiencia-categoria\/mergulho\/\"},{\"@type\":\"ListItem\",\"position\":3,\"name\":\"Mergulho Ubatuba &#8211; Ilha Anchieta para Credenciados\"}]},{\"@type\":\"WebSite\",\"@id\":\"https:\/\/ikigaiexperience.com.br\/#website\",\"url\":\"https:\/\/ikigaiexperience.com.br\/\",\"name\":\"Ikigai Experience\",\"description\":\"Reserve seu mergulho de um modo f\u00e1cil, r\u00e1pido e divertido.\",\"publisher\":{\"@id\":\"https:\/\/ikigaiexperience.com.br\/#organization\"},\"potentialAction\":[{\"@type\":\"SearchAction\",\"target\":{\"@type\":\"EntryPoint\",\"urlTemplate\":\"https:\/\/ikigaiexperience.com.br\/?s={search_term_string}\"},\"query-input\":\"required name=search_term_string\"}],\"inLanguage\":\"es\"},{\"@type\":\"Organization\",\"@id\":\"https:\/\/ikigaiexperience.com.br\/#organization\",\"name\":\"Ikigai Experience\",\"url\":\"https:\/\/ikigaiexperience.com.br\/\",\"logo\":{\"@type\":\"ImageObject\",\"inLanguage\":\"es\",\"@id\":\"https:\/\/ikigaiexperience.com.br\/#\/schema\/logo\/image\/\",\"url\":\"https:\/\/ikigaiexperience.com.br\/wp-content\/uploads\/2021\/06\/Ikigai-Experience-Horizontal-Branco.png\",\"contentUrl\":\"https:\/\/ikigaiexperience.com.br\/wp-content\/uploads\/2021\/06\/Ikigai-Experience-Horizontal-Branco.png\",\"width\":924,\"height\":249,\"caption\":\"Ikigai Experience\"},\"image\":{\"@id\":\"https:\/\/ikigaiexperience.com.br\/#\/schema\/logo\/image\/\"},\"sameAs\":[\"https:\/\/www.instagram.com\/theikigaiexperience\/\",\"https:\/\/www.linkedin.com\/company\/ikigai-experience\",\"https:\/\/www.youtube.com\/channel\/UC8qpgAQ3P89h79oP9ymmo7Q\",\"https:\/\/www.facebook.com\/Ikigai-Experience-100452311832822\"]}]}<\/script>\n<!-- \/ Yoast SEO plugin. -->","yoast_head_json":{"title":"Mergulho Ubatuba - Ilha Anchieta para Credenciados - Ikigai Experience","description":"Mergulhe em Ubatuba na Ilha Anchieta no Parque Estadual. Experi\u00eancia perfeita para conhecer um dos pontos de mergulho mais bonitos do Brasil.","robots":{"index":"index","follow":"follow","max-snippet":"max-snippet:-1","max-image-preview":"max-image-preview:large","max-video-preview":"max-video-preview:-1"},"canonical":"https:\/\/ikigaiexperience.com.br\/es\/experiencias\/buceo-ilha-anchieta\/","og_locale":"es_ES","og_type":"article","og_title":"Mergulho Ubatuba - Ilha Anchieta para Credenciados - Ikigai Experience","og_description":"Mergulhe em Ubatuba na Ilha Anchieta no Parque Estadual. Experi\u00eancia perfeita para conhecer um dos pontos de mergulho mais bonitos do Brasil.","og_url":"https:\/\/ikigaiexperience.com.br\/es\/experiencias\/buceo-ilha-anchieta\/","og_site_name":"Ikigai Experience","article_publisher":"https:\/\/www.facebook.com\/Ikigai-Experience-100452311832822","article_modified_time":"2023-01-24T15:00:03+00:00","og_image":[{"width":935,"height":622,"url":"https:\/\/ikigaiexperience.com.br\/wp-content\/uploads\/2022\/01\/Mergulho-Ubatuba-7.jpg","type":"image\/png"}],"twitter_card":"summary_large_image","twitter_misc":{"Tiempo de lectura":"2 minutos"},"schema":{"@context":"https:\/\/schema.org","@graph":[{"@type":"WebPage","@id":"https:\/\/ikigaiexperience.com.br\/experiencias\/mergulho-ubatuba-ilha-anchieta-credenciados\/","url":"https:\/\/ikigaiexperience.com.br\/experiencias\/mergulho-ubatuba-ilha-anchieta\/","name":"Mergulho Ubatuba - Ilha Anchieta para Credenciados - Ikigai Experience","isPartOf":{"@id":"https:\/\/ikigaiexperience.com.br\/#website"},"datePublished":"2021-12-17T17:47:36+00:00","dateModified":"2023-01-24T15:00:03+00:00","description":"Mergulhe em Ubatuba na Ilha Anchieta no Parque Estadual. Experi\u00eancia perfeita para conhecer um dos pontos de mergulho mais bonitos do Brasil.","breadcrumb":{"@id":"https:\/\/ikigaiexperience.com.br\/experiencias\/mergulho-ubatuba-ilha-anchieta\/#breadcrumb"},"inLanguage":"es","potentialAction":[{"@type":"ReadAction","target":["https:\/\/ikigaiexperience.com.br\/experiencias\/mergulho-ubatuba-ilha-anchieta\/"]}]},{"@type":"BreadcrumbList","@id":"https:\/\/ikigaiexperience.com.br\/experiencias\/mergulho-ubatuba-ilha-anchieta\/#breadcrumb","itemListElement":[{"@type":"ListItem","position":1,"name":"In\u00edcio","item":"https:\/\/ikigaiexperience.com.br\/"},{"@type":"ListItem","position":2,"name":"Mergulho","item":"https:\/\/ikigaiexperience.com.br\/experiencia-categoria\/mergulho\/"},{"@type":"ListItem","position":3,"name":"Mergulho Ubatuba &#8211; Ilha Anchieta para Credenciados"}]},{"@type":"WebSite","@id":"https:\/\/ikigaiexperience.com.br\/#website","url":"https:\/\/ikigaiexperience.com.br\/","name":"Ikigai Experience","description":"Reserve seu mergulho de um modo f\u00e1cil, r\u00e1pido e divertido.","publisher":{"@id":"https:\/\/ikigaiexperience.com.br\/#organization"},"potentialAction":[{"@type":"SearchAction","target":{"@type":"EntryPoint","urlTemplate":"https:\/\/ikigaiexperience.com.br\/?s={search_term_string}"},"query-input":"required name=search_term_string"}],"inLanguage":"es"},{"@type":"Organization","@id":"https:\/\/ikigaiexperience.com.br\/#organization","name":"Ikigai Experience","url":"https:\/\/ikigaiexperience.com.br\/","logo":{"@type":"ImageObject","inLanguage":"es","@id":"https:\/\/ikigaiexperience.com.br\/#\/schema\/logo\/image\/","url":"https:\/\/ikigaiexperience.com.br\/wp-content\/uploads\/2021\/06\/Ikigai-Experience-Horizontal-Branco.png","contentUrl":"https:\/\/ikigaiexperience.com.br\/wp-content\/uploads\/2021\/06\/Ikigai-Experience-Horizontal-Branco.png","width":924,"height":249,"caption":"Ikigai Experience"},"image":{"@id":"https:\/\/ikigaiexperience.com.br\/#\/schema\/logo\/image\/"},"sameAs":["https:\/\/www.instagram.com\/theikigaiexperience\/","https:\/\/www.linkedin.com\/company\/ikigai-experience","https:\/\/www.youtube.com\/channel\/UC8qpgAQ3P89h79oP9ymmo7Q","https:\/\/www.facebook.com\/Ikigai-Experience-100452311832822"]}]}},"_links":{"self":[{"href":"https:\/\/ikigaiexperience.com.br\/es\/wp-json\/wp\/v2\/product\/10900"}],"collection":[{"href":"https:\/\/ikigaiexperience.com.br\/es\/wp-json\/wp\/v2\/product"}],"about":[{"href":"https:\/\/ikigaiexperience.com.br\/es\/wp-json\/wp\/v2\/types\/product"}],"version-history":[{"count":1,"href":"https:\/\/ikigaiexperience.com.br\/es\/wp-json\/wp\/v2\/product\/10900\/revisions"}],"predecessor-version":[{"id":21868,"href":"https:\/\/ikigaiexperience.com.br\/es\/wp-json\/wp\/v2\/product\/10900\/revisions\/21868"}],"wp:featuredmedia":[{"embeddable":true,"href":"https:\/\/ikigaiexperience.com.br\/es\/wp-json\/wp\/v2\/media\/13449"}],"wp:attachment":[{"href":"https:\/\/ikigaiexperience.com.br\/es\/wp-json\/wp\/v2\/media?parent=10900"}],"wp:term":[{"taxonomy":"product_cat","embeddable":true,"href":"https:\/\/ikigaiexperience.com.br\/es\/wp-json\/wp\/v2\/product_cat?post=10900"},{"taxonomy":"product_tag","embeddable":true,"href":"https:\/\/ikigaiexperience.com.br\/es\/wp-json\/wp\/v2\/product_tag?post=10900"}],"curies":[{"name":"wp","href":"https:\/\/api.w.org\/{rel}","templated":true}]}}