{"id":10728,"date":"2021-12-14T02:13:19","date_gmt":"2021-12-14T05:13:19","guid":{"rendered":"https:\/\/ikigaiexperience.com.br\/?post_type=product&#038;p=10728"},"modified":"2022-11-29T15:16:14","modified_gmt":"2022-11-29T18:16:14","slug":"mergulho-porto-de-galinhas-trilha-dos-corais-credenciados","status":"publish","type":"product","link":"https:\/\/ikigaiexperience.com.br\/es\/experiencias\/buceo-porto-de-galinhas-trilha-dos-corais-credenciados\/","title":{"rendered":"Buceo Porto de Galinhas \u2013 Coral Trail para Acreditados"},"content":{"rendered":"<h3>El sendero de los corales<\/h3>\n<p>La belleza del banco de buceo de coral en Porto de Galinhas es la envidia de muchos sitios de buceo en todo Brasil y la experiencia de bucear en Coral Trail es una garant\u00eda de diversi\u00f3n para todos los niveles de buzos.<\/p>\n<p>La barrera coralina se encuentra a unos 200 metros de la playa, a la que se accede en balsas sin motor para que no haya degradaci\u00f3n ni da\u00f1o a la naturaleza del lugar.<\/p>\n<p>Los puntos de acceso habitual para el buceo son el Canal da Paix\u00e3o, las piscinas naturales profundas y la Boca da Barra, que ofrecen una inmersi\u00f3n de hasta 14 metros de profundidad y la posibilidad de ver animales como langostas, platijas, pulpos, entre otros.<\/p>\n<h3>La experiencia de buceo Porto de Galinhas \u2013 Coral Trail<\/h3>\n<p><span style=\"font-weight: 400;\">El paseo en barco comienza en la playa, que tiene una duraci\u00f3n m\u00e1xima de 10 minutos debido a la proximidad de las piscinas naturales.\u00a0<\/span><\/p>\n<p><span style=\"font-weight: 400;\">En las piscinas, cada buceador tendr\u00e1 la oportunidad de bucear durante unos 40 minutos en una profundidad de hasta 14 metros a trav\u00e9s del Corais Trail, Boca da Barra y Canal da Paix\u00e3o acompa\u00f1ado de un gu\u00eda instructor.<\/span><\/p>\n<p>En esta experiencia, para personas acreditadas, se busca una exploraci\u00f3n de la parte profunda del banco de coral y tambi\u00e9n de la pared.<\/p>\n<p><span style=\"font-weight: 400;\">O<\/span><span style=\"font-weight: 400;\"> El recorrido completo tiene una duraci\u00f3n de hasta 2 horas, dependiendo del n\u00famero de personas a la salida.<\/span><\/p>","protected":false},"excerpt":{"rendered":"<p>La experiencia de bucear en el Coral Trail es garant\u00eda de diversi\u00f3n para todos los niveles de buceadores. La belleza del banco de buceo de coral en Porto de Galinhas es la envidia de muchos sitios de buceo en Brasil. La experiencia consiste en una inmersi\u00f3n contemplativa por el Sendero del Coral durante unos 40 minutos acompa\u00f1ado de un gu\u00eda instructor a una profundidad de hasta 14 metros.<\/p>","protected":false},"featured_media":11340,"parent":0,"template":"","meta":[],"product_cat":[29],"product_tag":[],"yoast_head":"<!-- This site is optimized with the Yoast SEO plugin v20.0 - https:\/\/yoast.com\/wordpress\/plugins\/seo\/ -->\n<title>Mergulho Porto de Galinhas - Trilha dos Corais para Credenciados<\/title>\n<meta name=\"description\" content=\"A experi\u00eancia de mergulhar na Trilha dos Corais \u00e9 garantia de divers\u00e3o para todos os n\u00edveis de mergulhadores. N\u00e3o perca essa experi\u00eancia.\u00a0\" \/>\n<meta name=\"robots\" content=\"index, follow, max-snippet:-1, max-image-preview:large, max-video-preview:-1\" \/>\n<link rel=\"canonical\" href=\"https:\/\/ikigaiexperience.com.br\/es\/experiencias\/buceo-porto-de-galinhas-trilha-dos-corais\/\" \/>\n<meta property=\"og:locale\" content=\"es_ES\" \/>\n<meta property=\"og:type\" content=\"article\" \/>\n<meta property=\"og:title\" content=\"Mergulho Porto de Galinhas - Trilha dos Corais para Credenciados\" \/>\n<meta property=\"og:description\" content=\"A experi\u00eancia de mergulhar na Trilha dos Corais \u00e9 garantia de divers\u00e3o para todos os n\u00edveis de mergulhadores. N\u00e3o perca essa experi\u00eancia.\u00a0\" \/>\n<meta property=\"og:url\" content=\"https:\/\/ikigaiexperience.com.br\/es\/experiencias\/buceo-porto-de-galinhas-trilha-dos-corais\/\" \/>\n<meta property=\"og:site_name\" content=\"Ikigai Experience\" \/>\n<meta property=\"article:publisher\" content=\"https:\/\/www.facebook.com\/Ikigai-Experience-100452311832822\" \/>\n<meta property=\"article:modified_time\" content=\"2022-11-29T18:16:14+00:00\" \/>\n<meta property=\"og:image\" content=\"https:\/\/ikigaiexperience.com.br\/wp-content\/uploads\/2021\/12\/Mergulho-Porto-de-Galinhas-02.jpg\" \/>\n\t<meta property=\"og:image:width\" content=\"924\" \/>\n\t<meta property=\"og:image:height\" content=\"485\" \/>\n\t<meta property=\"og:image:type\" content=\"image\/jpeg\" \/>\n<meta name=\"twitter:card\" content=\"summary_large_image\" \/>\n<meta name=\"twitter:label1\" content=\"Tiempo de lectura\" \/>\n\t<meta name=\"twitter:data1\" content=\"2 minutos\" \/>\n<script type=\"application\/ld+json\" class=\"yoast-schema-graph\">{\"@context\":\"https:\/\/schema.org\",\"@graph\":[{\"@type\":\"WebPage\",\"@id\":\"https:\/\/ikigaiexperience.com.br\/experiencias\/mergulho-porto-de-galinhas-trilha-dos-corais-credenciados\/\",\"url\":\"https:\/\/ikigaiexperience.com.br\/experiencias\/mergulho-porto-de-galinhas\/\",\"name\":\"Mergulho Porto de Galinhas - Trilha dos Corais para Credenciados\",\"isPartOf\":{\"@id\":\"https:\/\/ikigaiexperience.com.br\/#website\"},\"datePublished\":\"2021-12-14T05:13:19+00:00\",\"dateModified\":\"2022-11-29T18:16:14+00:00\",\"description\":\"A experi\u00eancia de mergulhar na Trilha dos Corais \u00e9 garantia de divers\u00e3o para todos os n\u00edveis de mergulhadores. N\u00e3o perca essa experi\u00eancia.\u00a0\",\"breadcrumb\":{\"@id\":\"https:\/\/ikigaiexperience.com.br\/experiencias\/mergulho-porto-de-galinhas\/#breadcrumb\"},\"inLanguage\":\"es\",\"potentialAction\":[{\"@type\":\"ReadAction\",\"target\":[\"https:\/\/ikigaiexperience.com.br\/experiencias\/mergulho-porto-de-galinhas\/\"]}]},{\"@type\":\"BreadcrumbList\",\"@id\":\"https:\/\/ikigaiexperience.com.br\/experiencias\/mergulho-porto-de-galinhas\/#breadcrumb\",\"itemListElement\":[{\"@type\":\"ListItem\",\"position\":1,\"name\":\"In\u00edcio\",\"item\":\"https:\/\/ikigaiexperience.com.br\/\"},{\"@type\":\"ListItem\",\"position\":2,\"name\":\"Mergulho\",\"item\":\"https:\/\/ikigaiexperience.com.br\/experiencia-categoria\/mergulho\/\"},{\"@type\":\"ListItem\",\"position\":3,\"name\":\"Mergulho Porto de Galinhas &#8211; Trilha dos Corais para Credenciados\"}]},{\"@type\":\"WebSite\",\"@id\":\"https:\/\/ikigaiexperience.com.br\/#website\",\"url\":\"https:\/\/ikigaiexperience.com.br\/\",\"name\":\"Ikigai Experience\",\"description\":\"Reserve seu mergulho de um modo f\u00e1cil, r\u00e1pido e divertido.\",\"publisher\":{\"@id\":\"https:\/\/ikigaiexperience.com.br\/#organization\"},\"potentialAction\":[{\"@type\":\"SearchAction\",\"target\":{\"@type\":\"EntryPoint\",\"urlTemplate\":\"https:\/\/ikigaiexperience.com.br\/?s={search_term_string}\"},\"query-input\":\"required name=search_term_string\"}],\"inLanguage\":\"es\"},{\"@type\":\"Organization\",\"@id\":\"https:\/\/ikigaiexperience.com.br\/#organization\",\"name\":\"Ikigai Experience\",\"url\":\"https:\/\/ikigaiexperience.com.br\/\",\"logo\":{\"@type\":\"ImageObject\",\"inLanguage\":\"es\",\"@id\":\"https:\/\/ikigaiexperience.com.br\/#\/schema\/logo\/image\/\",\"url\":\"https:\/\/ikigaiexperience.com.br\/wp-content\/uploads\/2021\/06\/Ikigai-Experience-Horizontal-Branco.png\",\"contentUrl\":\"https:\/\/ikigaiexperience.com.br\/wp-content\/uploads\/2021\/06\/Ikigai-Experience-Horizontal-Branco.png\",\"width\":924,\"height\":249,\"caption\":\"Ikigai Experience\"},\"image\":{\"@id\":\"https:\/\/ikigaiexperience.com.br\/#\/schema\/logo\/image\/\"},\"sameAs\":[\"https:\/\/www.instagram.com\/theikigaiexperience\/\",\"https:\/\/www.linkedin.com\/company\/ikigai-experience\",\"https:\/\/www.youtube.com\/channel\/UC8qpgAQ3P89h79oP9ymmo7Q\",\"https:\/\/www.facebook.com\/Ikigai-Experience-100452311832822\"]}]}<\/script>\n<!-- \/ Yoast SEO plugin. -->","yoast_head_json":{"title":"Mergulho Porto de Galinhas - Trilha dos Corais para Credenciados","description":"A experi\u00eancia de mergulhar na Trilha dos Corais \u00e9 garantia de divers\u00e3o para todos os n\u00edveis de mergulhadores. N\u00e3o perca essa experi\u00eancia.\u00a0","robots":{"index":"index","follow":"follow","max-snippet":"max-snippet:-1","max-image-preview":"max-image-preview:large","max-video-preview":"max-video-preview:-1"},"canonical":"https:\/\/ikigaiexperience.com.br\/es\/experiencias\/buceo-porto-de-galinhas-trilha-dos-corais\/","og_locale":"es_ES","og_type":"article","og_title":"Mergulho Porto de Galinhas - Trilha dos Corais para Credenciados","og_description":"A experi\u00eancia de mergulhar na Trilha dos Corais \u00e9 garantia de divers\u00e3o para todos os n\u00edveis de mergulhadores. N\u00e3o perca essa experi\u00eancia.\u00a0","og_url":"https:\/\/ikigaiexperience.com.br\/es\/experiencias\/buceo-porto-de-galinhas-trilha-dos-corais\/","og_site_name":"Ikigai Experience","article_publisher":"https:\/\/www.facebook.com\/Ikigai-Experience-100452311832822","article_modified_time":"2022-11-29T18:16:14+00:00","og_image":[{"width":924,"height":485,"url":"https:\/\/ikigaiexperience.com.br\/wp-content\/uploads\/2021\/12\/Mergulho-Porto-de-Galinhas-02.jpg","type":"image\/jpeg"}],"twitter_card":"summary_large_image","twitter_misc":{"Tiempo de lectura":"2 minutos"},"schema":{"@context":"https:\/\/schema.org","@graph":[{"@type":"WebPage","@id":"https:\/\/ikigaiexperience.com.br\/experiencias\/mergulho-porto-de-galinhas-trilha-dos-corais-credenciados\/","url":"https:\/\/ikigaiexperience.com.br\/experiencias\/mergulho-porto-de-galinhas\/","name":"Mergulho Porto de Galinhas - Trilha dos Corais para Credenciados","isPartOf":{"@id":"https:\/\/ikigaiexperience.com.br\/#website"},"datePublished":"2021-12-14T05:13:19+00:00","dateModified":"2022-11-29T18:16:14+00:00","description":"A experi\u00eancia de mergulhar na Trilha dos Corais \u00e9 garantia de divers\u00e3o para todos os n\u00edveis de mergulhadores. N\u00e3o perca essa experi\u00eancia.\u00a0","breadcrumb":{"@id":"https:\/\/ikigaiexperience.com.br\/experiencias\/mergulho-porto-de-galinhas\/#breadcrumb"},"inLanguage":"es","potentialAction":[{"@type":"ReadAction","target":["https:\/\/ikigaiexperience.com.br\/experiencias\/mergulho-porto-de-galinhas\/"]}]},{"@type":"BreadcrumbList","@id":"https:\/\/ikigaiexperience.com.br\/experiencias\/mergulho-porto-de-galinhas\/#breadcrumb","itemListElement":[{"@type":"ListItem","position":1,"name":"In\u00edcio","item":"https:\/\/ikigaiexperience.com.br\/"},{"@type":"ListItem","position":2,"name":"Mergulho","item":"https:\/\/ikigaiexperience.com.br\/experiencia-categoria\/mergulho\/"},{"@type":"ListItem","position":3,"name":"Mergulho Porto de Galinhas &#8211; Trilha dos Corais para Credenciados"}]},{"@type":"WebSite","@id":"https:\/\/ikigaiexperience.com.br\/#website","url":"https:\/\/ikigaiexperience.com.br\/","name":"Ikigai Experience","description":"Reserve seu mergulho de um modo f\u00e1cil, r\u00e1pido e divertido.","publisher":{"@id":"https:\/\/ikigaiexperience.com.br\/#organization"},"potentialAction":[{"@type":"SearchAction","target":{"@type":"EntryPoint","urlTemplate":"https:\/\/ikigaiexperience.com.br\/?s={search_term_string}"},"query-input":"required name=search_term_string"}],"inLanguage":"es"},{"@type":"Organization","@id":"https:\/\/ikigaiexperience.com.br\/#organization","name":"Ikigai Experience","url":"https:\/\/ikigaiexperience.com.br\/","logo":{"@type":"ImageObject","inLanguage":"es","@id":"https:\/\/ikigaiexperience.com.br\/#\/schema\/logo\/image\/","url":"https:\/\/ikigaiexperience.com.br\/wp-content\/uploads\/2021\/06\/Ikigai-Experience-Horizontal-Branco.png","contentUrl":"https:\/\/ikigaiexperience.com.br\/wp-content\/uploads\/2021\/06\/Ikigai-Experience-Horizontal-Branco.png","width":924,"height":249,"caption":"Ikigai Experience"},"image":{"@id":"https:\/\/ikigaiexperience.com.br\/#\/schema\/logo\/image\/"},"sameAs":["https:\/\/www.instagram.com\/theikigaiexperience\/","https:\/\/www.linkedin.com\/company\/ikigai-experience","https:\/\/www.youtube.com\/channel\/UC8qpgAQ3P89h79oP9ymmo7Q","https:\/\/www.facebook.com\/Ikigai-Experience-100452311832822"]}]}},"_links":{"self":[{"href":"https:\/\/ikigaiexperience.com.br\/es\/wp-json\/wp\/v2\/product\/10728"}],"collection":[{"href":"https:\/\/ikigaiexperience.com.br\/es\/wp-json\/wp\/v2\/product"}],"about":[{"href":"https:\/\/ikigaiexperience.com.br\/es\/wp-json\/wp\/v2\/types\/product"}],"version-history":[{"count":0,"href":"https:\/\/ikigaiexperience.com.br\/es\/wp-json\/wp\/v2\/product\/10728\/revisions"}],"wp:featuredmedia":[{"embeddable":true,"href":"https:\/\/ikigaiexperience.com.br\/es\/wp-json\/wp\/v2\/media\/11340"}],"wp:attachment":[{"href":"https:\/\/ikigaiexperience.com.br\/es\/wp-json\/wp\/v2\/media?parent=10728"}],"wp:term":[{"taxonomy":"product_cat","embeddable":true,"href":"https:\/\/ikigaiexperience.com.br\/es\/wp-json\/wp\/v2\/product_cat?post=10728"},{"taxonomy":"product_tag","embeddable":true,"href":"https:\/\/ikigaiexperience.com.br\/es\/wp-json\/wp\/v2\/product_tag?post=10728"}],"curies":[{"name":"wp","href":"https:\/\/api.w.org\/{rel}","templated":true}]}}