{"id":10726,"date":"2021-12-14T02:12:19","date_gmt":"2021-12-14T05:12:19","guid":{"rendered":"https:\/\/ikigaiexperience.com.br\/?post_type=product&#038;p=10726"},"modified":"2024-01-31T10:52:40","modified_gmt":"2024-01-31T13:52:40","slug":"mergulho-porto-de-galinhas","status":"publish","type":"product","link":"https:\/\/ikigaiexperience.com.br\/es\/experiencias\/buceo-porto-de-galinhas-trilha-dos-corais\/","title":{"rendered":"Buceo Porto de Galinhas \u2013 Buceo + Snorkel"},"content":{"rendered":"<h3>Buceo en Banco Coral y Piscinas Naturales<\/h3>\n<p>La inmersi\u00f3n Porto de Galinhas en la modalidad de bautismo es la oportunidad perfecta para que los principiantes, sin experiencia previa, conozcan de cerca las bellezas de la barrera coralina.<\/p>\n<p>La barrera coralina se encuentra a unos 200 metros de la playa, a la que se accede en balsas sin motor para que no haya degradaci\u00f3n ni da\u00f1o a la naturaleza del lugar.<\/p>\n<p>Las piscinas naturales ofrecen una inmersi\u00f3n muy rica en vida marina, con las bellezas \u00fanicas del arrecife de coral y sus habitantes.<\/p>\n<h3>Qu\u00e9 est\u00e1 incluido en el buceo<\/h3>\n<p>La inmersi\u00f3n Porto de Galinhas en la modalidad de bautismo, incluye la inmersi\u00f3n con cilindro, entrenamiento previo, equipo completo, seguimiento del instructor, todo por el precio de R$190\/buceador.<\/p>\n<p>Al final, se brindan fotos GoPro, tomadas por el equipo, como un brindis por la experiencia.<\/p>\n<p>Para continuar con tu experiencia, despu\u00e9s de la inmersi\u00f3n tendr\u00e1s derecho a continuar por las piscinas naturales utilizando equipo de snorkel (buceo de superficie) y explorando el lugar tanto como quieras.<\/p>\n<h3>La experiencia de buceo Porto de Galinhas con derecho a Snorkel<\/h3>\n<p><span style=\"font-weight: 400;\">El paseo en barco comienza en la playa, que tiene una duraci\u00f3n m\u00e1xima de 10 minutos debido a la cercan\u00eda de las piscinas naturales y la barrera de coral.\u00a0<\/span><\/p>\n<p><span style=\"font-weight: 400;\">En las piscinas, el recorrido comienza en la barrera coralina, donde cada buceador tendr\u00e1 la oportunidad de sumergirse durante unos 35 minutos a una profundidad de hasta 6 metros, acompa\u00f1ado de un gu\u00eda instructor.<\/span><\/p>\n<p>En el recorrido tendr\u00e1s la oportunidad de ver de cerca el banco de coral, tener la sensaci\u00f3n de respirar bajo el agua y tomarte algunas fotos de recuerdo.<\/p>\n<p><span style=\"font-weight: 400;\">O<\/span><span style=\"font-weight: 400;\"> El recorrido completo dura hasta 1h30 y al final tendr\u00e1 derecho a continuar su exploraci\u00f3n alrededor del banco de coral y las piscinas naturales con equipo de snrokel tanto como desee.<\/span><\/p>\n<h3>extras<\/h3>\n<p>Para aquellos que solo quieren seguir y solo hacer el buceo de superficie con snorkel, el valor es R$80. Con ello, el acompa\u00f1ante tiene derecho a realizar un paseo en barco y alquilar un snorkel para contemplar los sitios de buceo desde la superficie.<\/p>","protected":false},"excerpt":{"rendered":"<p>La Experiencia de Bautismo de Buceo Porto de Galinhas ofrece la oportunidad perfecta para vislumbrar las bellezas de la Barrera de Coral Porto de Galinhas mediante el buceo, sin necesidad de ninguna experiencia previa, ni siquiera es necesario saber nadar.<\/p>\n<p>La experiencia comienza con un entrenamiento b\u00e1sico y adaptaci\u00f3n, seguido de una inmersi\u00f3n contemplativa por el banco de Coral durante unos 35 minutos acompa\u00f1ado de un instructor a una profundidad de hasta 6 metros.<\/p>\n<p>Una vez finalizada la experiencia podr\u00e1s quedarte admirando las piscinas naturales con equipo de snorkel todo el tiempo que desees.<\/p>","protected":false},"featured_media":11317,"parent":0,"template":"","meta":[],"product_cat":[29],"product_tag":[],"yoast_head":"<!-- This site is optimized with the Yoast SEO plugin v20.0 - https:\/\/yoast.com\/wordpress\/plugins\/seo\/ -->\n<title>Mergulho Porto de Galinhas - Mergulho de cilindro + Snorkel<\/title>\n<meta name=\"description\" content=\"Mergulhe de cilindro em Porto de Galinhas na Trilha dos Corais, sem a necessidade de nenhuma experi\u00eancia pr\u00e9via. N\u00e3o perca essa experi\u00eancia!\" \/>\n<meta name=\"robots\" content=\"index, follow, max-snippet:-1, max-image-preview:large, max-video-preview:-1\" \/>\n<link rel=\"canonical\" href=\"https:\/\/ikigaiexperience.com.br\/es\/experiencias\/buceo-porto-de-galinhas-trilha-dos-corais\/\" \/>\n<meta property=\"og:locale\" content=\"es_ES\" \/>\n<meta property=\"og:type\" content=\"article\" \/>\n<meta property=\"og:title\" content=\"Mergulho Porto de Galinhas - Mergulho de cilindro + Snorkel\" \/>\n<meta property=\"og:description\" content=\"Mergulhe de cilindro em Porto de Galinhas na Trilha dos Corais, sem a necessidade de nenhuma experi\u00eancia pr\u00e9via. N\u00e3o perca essa experi\u00eancia!\" \/>\n<meta property=\"og:url\" content=\"https:\/\/ikigaiexperience.com.br\/es\/experiencias\/buceo-porto-de-galinhas-trilha-dos-corais\/\" \/>\n<meta property=\"og:site_name\" content=\"Ikigai Experience\" \/>\n<meta property=\"article:publisher\" content=\"https:\/\/www.facebook.com\/Ikigai-Experience-100452311832822\" \/>\n<meta property=\"article:modified_time\" content=\"2024-01-31T13:52:40+00:00\" \/>\n<meta property=\"og:image\" content=\"https:\/\/ikigaiexperience.com.br\/wp-content\/uploads\/2021\/12\/Mergulho-Porto-de-Galinhas-09.jpg\" \/>\n\t<meta property=\"og:image:width\" content=\"1024\" \/>\n\t<meta property=\"og:image:height\" content=\"682\" \/>\n\t<meta property=\"og:image:type\" content=\"image\/jpeg\" \/>\n<meta name=\"twitter:card\" content=\"summary_large_image\" \/>\n<meta name=\"twitter:label1\" content=\"Tiempo de lectura\" \/>\n\t<meta name=\"twitter:data1\" content=\"2 minutos\" \/>\n<script type=\"application\/ld+json\" class=\"yoast-schema-graph\">{\"@context\":\"https:\/\/schema.org\",\"@graph\":[{\"@type\":\"WebPage\",\"@id\":\"https:\/\/ikigaiexperience.com.br\/experiencias\/mergulho-porto-de-galinhas\/\",\"url\":\"https:\/\/ikigaiexperience.com.br\/experiencias\/mergulho-porto-de-galinhas\/\",\"name\":\"Mergulho Porto de Galinhas - Mergulho de cilindro + Snorkel\",\"isPartOf\":{\"@id\":\"https:\/\/ikigaiexperience.com.br\/#website\"},\"datePublished\":\"2021-12-14T05:12:19+00:00\",\"dateModified\":\"2024-01-31T13:52:40+00:00\",\"description\":\"Mergulhe de cilindro em Porto de Galinhas na Trilha dos Corais, sem a necessidade de nenhuma experi\u00eancia pr\u00e9via. N\u00e3o perca essa experi\u00eancia!\",\"breadcrumb\":{\"@id\":\"https:\/\/ikigaiexperience.com.br\/experiencias\/mergulho-porto-de-galinhas\/#breadcrumb\"},\"inLanguage\":\"es\",\"potentialAction\":[{\"@type\":\"ReadAction\",\"target\":[\"https:\/\/ikigaiexperience.com.br\/experiencias\/mergulho-porto-de-galinhas\/\"]}]},{\"@type\":\"BreadcrumbList\",\"@id\":\"https:\/\/ikigaiexperience.com.br\/experiencias\/mergulho-porto-de-galinhas\/#breadcrumb\",\"itemListElement\":[{\"@type\":\"ListItem\",\"position\":1,\"name\":\"In\u00edcio\",\"item\":\"https:\/\/ikigaiexperience.com.br\/\"},{\"@type\":\"ListItem\",\"position\":2,\"name\":\"Mergulho\",\"item\":\"https:\/\/ikigaiexperience.com.br\/experiencia-categoria\/mergulho\/\"},{\"@type\":\"ListItem\",\"position\":3,\"name\":\"Mergulho Porto de Galinhas &#8211; Mergulho de cilindro + Snorkel\"}]},{\"@type\":\"WebSite\",\"@id\":\"https:\/\/ikigaiexperience.com.br\/#website\",\"url\":\"https:\/\/ikigaiexperience.com.br\/\",\"name\":\"Ikigai Experience\",\"description\":\"Reserve seu mergulho de um modo f\u00e1cil, r\u00e1pido e divertido.\",\"publisher\":{\"@id\":\"https:\/\/ikigaiexperience.com.br\/#organization\"},\"potentialAction\":[{\"@type\":\"SearchAction\",\"target\":{\"@type\":\"EntryPoint\",\"urlTemplate\":\"https:\/\/ikigaiexperience.com.br\/?s={search_term_string}\"},\"query-input\":\"required name=search_term_string\"}],\"inLanguage\":\"es\"},{\"@type\":\"Organization\",\"@id\":\"https:\/\/ikigaiexperience.com.br\/#organization\",\"name\":\"Ikigai Experience\",\"url\":\"https:\/\/ikigaiexperience.com.br\/\",\"logo\":{\"@type\":\"ImageObject\",\"inLanguage\":\"es\",\"@id\":\"https:\/\/ikigaiexperience.com.br\/#\/schema\/logo\/image\/\",\"url\":\"https:\/\/ikigaiexperience.com.br\/wp-content\/uploads\/2021\/06\/Ikigai-Experience-Horizontal-Branco.png\",\"contentUrl\":\"https:\/\/ikigaiexperience.com.br\/wp-content\/uploads\/2021\/06\/Ikigai-Experience-Horizontal-Branco.png\",\"width\":924,\"height\":249,\"caption\":\"Ikigai Experience\"},\"image\":{\"@id\":\"https:\/\/ikigaiexperience.com.br\/#\/schema\/logo\/image\/\"},\"sameAs\":[\"https:\/\/www.instagram.com\/theikigaiexperience\/\",\"https:\/\/www.linkedin.com\/company\/ikigai-experience\",\"https:\/\/www.youtube.com\/channel\/UC8qpgAQ3P89h79oP9ymmo7Q\",\"https:\/\/www.facebook.com\/Ikigai-Experience-100452311832822\"]}]}<\/script>\n<!-- \/ Yoast SEO plugin. -->","yoast_head_json":{"title":"Mergulho Porto de Galinhas - Mergulho de cilindro + Snorkel","description":"Mergulhe de cilindro em Porto de Galinhas na Trilha dos Corais, sem a necessidade de nenhuma experi\u00eancia pr\u00e9via. N\u00e3o perca essa experi\u00eancia!","robots":{"index":"index","follow":"follow","max-snippet":"max-snippet:-1","max-image-preview":"max-image-preview:large","max-video-preview":"max-video-preview:-1"},"canonical":"https:\/\/ikigaiexperience.com.br\/es\/experiencias\/buceo-porto-de-galinhas-trilha-dos-corais\/","og_locale":"es_ES","og_type":"article","og_title":"Mergulho Porto de Galinhas - Mergulho de cilindro + Snorkel","og_description":"Mergulhe de cilindro em Porto de Galinhas na Trilha dos Corais, sem a necessidade de nenhuma experi\u00eancia pr\u00e9via. N\u00e3o perca essa experi\u00eancia!","og_url":"https:\/\/ikigaiexperience.com.br\/es\/experiencias\/buceo-porto-de-galinhas-trilha-dos-corais\/","og_site_name":"Ikigai Experience","article_publisher":"https:\/\/www.facebook.com\/Ikigai-Experience-100452311832822","article_modified_time":"2024-01-31T13:52:40+00:00","og_image":[{"width":1024,"height":682,"url":"https:\/\/ikigaiexperience.com.br\/wp-content\/uploads\/2021\/12\/Mergulho-Porto-de-Galinhas-09.jpg","type":"image\/jpeg"}],"twitter_card":"summary_large_image","twitter_misc":{"Tiempo de lectura":"2 minutos"},"schema":{"@context":"https:\/\/schema.org","@graph":[{"@type":"WebPage","@id":"https:\/\/ikigaiexperience.com.br\/experiencias\/mergulho-porto-de-galinhas\/","url":"https:\/\/ikigaiexperience.com.br\/experiencias\/mergulho-porto-de-galinhas\/","name":"Mergulho Porto de Galinhas - Mergulho de cilindro + Snorkel","isPartOf":{"@id":"https:\/\/ikigaiexperience.com.br\/#website"},"datePublished":"2021-12-14T05:12:19+00:00","dateModified":"2024-01-31T13:52:40+00:00","description":"Mergulhe de cilindro em Porto de Galinhas na Trilha dos Corais, sem a necessidade de nenhuma experi\u00eancia pr\u00e9via. N\u00e3o perca essa experi\u00eancia!","breadcrumb":{"@id":"https:\/\/ikigaiexperience.com.br\/experiencias\/mergulho-porto-de-galinhas\/#breadcrumb"},"inLanguage":"es","potentialAction":[{"@type":"ReadAction","target":["https:\/\/ikigaiexperience.com.br\/experiencias\/mergulho-porto-de-galinhas\/"]}]},{"@type":"BreadcrumbList","@id":"https:\/\/ikigaiexperience.com.br\/experiencias\/mergulho-porto-de-galinhas\/#breadcrumb","itemListElement":[{"@type":"ListItem","position":1,"name":"In\u00edcio","item":"https:\/\/ikigaiexperience.com.br\/"},{"@type":"ListItem","position":2,"name":"Mergulho","item":"https:\/\/ikigaiexperience.com.br\/experiencia-categoria\/mergulho\/"},{"@type":"ListItem","position":3,"name":"Mergulho Porto de Galinhas &#8211; Mergulho de cilindro + Snorkel"}]},{"@type":"WebSite","@id":"https:\/\/ikigaiexperience.com.br\/#website","url":"https:\/\/ikigaiexperience.com.br\/","name":"Ikigai Experience","description":"Reserve seu mergulho de um modo f\u00e1cil, r\u00e1pido e divertido.","publisher":{"@id":"https:\/\/ikigaiexperience.com.br\/#organization"},"potentialAction":[{"@type":"SearchAction","target":{"@type":"EntryPoint","urlTemplate":"https:\/\/ikigaiexperience.com.br\/?s={search_term_string}"},"query-input":"required name=search_term_string"}],"inLanguage":"es"},{"@type":"Organization","@id":"https:\/\/ikigaiexperience.com.br\/#organization","name":"Ikigai Experience","url":"https:\/\/ikigaiexperience.com.br\/","logo":{"@type":"ImageObject","inLanguage":"es","@id":"https:\/\/ikigaiexperience.com.br\/#\/schema\/logo\/image\/","url":"https:\/\/ikigaiexperience.com.br\/wp-content\/uploads\/2021\/06\/Ikigai-Experience-Horizontal-Branco.png","contentUrl":"https:\/\/ikigaiexperience.com.br\/wp-content\/uploads\/2021\/06\/Ikigai-Experience-Horizontal-Branco.png","width":924,"height":249,"caption":"Ikigai Experience"},"image":{"@id":"https:\/\/ikigaiexperience.com.br\/#\/schema\/logo\/image\/"},"sameAs":["https:\/\/www.instagram.com\/theikigaiexperience\/","https:\/\/www.linkedin.com\/company\/ikigai-experience","https:\/\/www.youtube.com\/channel\/UC8qpgAQ3P89h79oP9ymmo7Q","https:\/\/www.facebook.com\/Ikigai-Experience-100452311832822"]}]}},"_links":{"self":[{"href":"https:\/\/ikigaiexperience.com.br\/es\/wp-json\/wp\/v2\/product\/10726"}],"collection":[{"href":"https:\/\/ikigaiexperience.com.br\/es\/wp-json\/wp\/v2\/product"}],"about":[{"href":"https:\/\/ikigaiexperience.com.br\/es\/wp-json\/wp\/v2\/types\/product"}],"version-history":[{"count":1,"href":"https:\/\/ikigaiexperience.com.br\/es\/wp-json\/wp\/v2\/product\/10726\/revisions"}],"predecessor-version":[{"id":22930,"href":"https:\/\/ikigaiexperience.com.br\/es\/wp-json\/wp\/v2\/product\/10726\/revisions\/22930"}],"wp:featuredmedia":[{"embeddable":true,"href":"https:\/\/ikigaiexperience.com.br\/es\/wp-json\/wp\/v2\/media\/11317"}],"wp:attachment":[{"href":"https:\/\/ikigaiexperience.com.br\/es\/wp-json\/wp\/v2\/media?parent=10726"}],"wp:term":[{"taxonomy":"product_cat","embeddable":true,"href":"https:\/\/ikigaiexperience.com.br\/es\/wp-json\/wp\/v2\/product_cat?post=10726"},{"taxonomy":"product_tag","embeddable":true,"href":"https:\/\/ikigaiexperience.com.br\/es\/wp-json\/wp\/v2\/product_tag?post=10726"}],"curies":[{"name":"wp","href":"https:\/\/api.w.org\/{rel}","templated":true}]}}