{"id":10527,"date":"2021-12-12T02:44:07","date_gmt":"2021-12-12T05:44:07","guid":{"rendered":"https:\/\/ikigaiexperience.com.br\/?post_type=product&#038;p=10527"},"modified":"2024-01-12T16:06:16","modified_gmt":"2024-01-12T19:06:16","slug":"mergulho-paraty-batismo","status":"publish","type":"product","link":"https:\/\/ikigaiexperience.com.br\/es\/experiencias\/buceo-paraty\/","title":{"rendered":"Buceo Paraty para principiantes"},"content":{"rendered":"<h3>Buceo en las islas y calas de Paraty<\/h3>\n<p>En Paraty Bautismo de buceo tendr\u00e1 la oportunidad de conocer uno de los lugares m\u00e1s visitados para el buceo en Brasil. Paraty, adem\u00e1s de su riqueza hist\u00f3rica, cuenta con varios puntos de buceo, que brindan un buceo excepcional, entre ellos podemos enumerar algunas islas y caletas:<\/p>\n<ul>\n<li>Isla Meros: Punto de buceo muy conocido por la presencia de una estatua de Cristo sumergida y tambi\u00e9n por el naufragio de un avi\u00f3n. La vida marina caracter\u00edstica del lugar est\u00e1 formada por crust\u00e1ceos, diferentes bancos de peces y muchas estrellas de mar. Ubicaci\u00f3n adecuada tanto para buzos experimentados como para principiantes.<\/li>\n<li>Ilha dos Ratos: otro lugar muy famoso y buscado en la regi\u00f3n, principalmente por la presencia de la estatua de Neptuno, dios romano de los mares. Ofrece una inmersi\u00f3n de hasta 12 metros y una fauna marina muy diversa.<\/li>\n<li>Ilha dos Cocos: tiene una profundidad relativamente baja, alrededor de 8 metros, pero dada la visibilidad y aguas muy claras, adem\u00e1s de pasajes y cuevas que albergan una gran diversidad de vida, se convierte en un lugar tanto para principiantes como para buzos m\u00e1s experimentados. .<\/li>\n<\/ul>\n<p>Entre otras islas todav\u00eda podemos mencionar Ilha Comprida, Caja\u00edba, Parcel dos Meros y la lista contin\u00faa. Lugares que brindan un excelente buceo.<\/p>\n<p>Importante: La definici\u00f3n del destino se realiza el d\u00eda de la experiencia, dadas las condiciones clim\u00e1ticas.<\/p>\n<h3>La Experiencia del Bautismo de Buceo en Paraty<\/h3>\n<p><span style=\"font-weight: 400;\">Despu\u00e9s de definir el sitio de buceo, el viaje en barco comienza en Marina do Engenho en Paraty.<\/span><\/p>\n<p><span style=\"font-weight: 400;\">En el sitio de buceo, cada buceador tendr\u00e1 la oportunidad de bucear durante unos 30 minutos a una profundidad de hasta 10 metros.<\/span><\/p>\n<p><span style=\"font-weight: 400;\">Como gran diferencial, siempre estar\u00e1n acompa\u00f1ados por un buzo certificado con un enfoque total solo en ti, lo que siempre garantizar\u00e1 la mejor experiencia para tu inmersi\u00f3n. <\/span><\/p>\n<p><span style=\"font-weight: 400;\">LA<\/span><span style=\"font-weight: 400;\">Despu\u00e9s del buceo, puedes seguir explorando el sitio con buceo de superficie (snorkeling) o incluso haciendo stand-up y disfrutando de la estructura del barco, mientras los dem\u00e1s buzos terminan sus inmersiones. <\/span><\/p>\n<p><span style=\"font-weight: 400;\">O<\/span><span style=\"font-weight: 400;\"> El recorrido completo tiene una duraci\u00f3n de 5 horas, dependiendo del n\u00famero de personas a la salida y los destinos de buceo.<\/span><\/p>","protected":false},"excerpt":{"rendered":"<p>En la experiencia de buceo en Paraty en la modalidad de bautismo, tendr\u00e1s la oportunidad de conocer los lugares m\u00e1s hermosos para bucear en la regi\u00f3n sin necesidad de experiencia previa, ni siquiera saber nadar. La experiencia consiste en 30 minutos de buceo acompa\u00f1ado por un instructor en una profundidad de hasta 10m, en una de las ciudades m\u00e1s solicitadas para bucear en Brasil. Despu\u00e9s y antes de la inmersi\u00f3n, tambi\u00e9n puede hacer snorkel y hacer stand-up alrededor de la isla sin costo adicional.<\/p>","protected":false},"featured_media":20240,"parent":0,"template":"","meta":[],"product_cat":[29],"product_tag":[],"yoast_head":"<!-- This site is optimized with the Yoast SEO plugin v20.0 - https:\/\/yoast.com\/wordpress\/plugins\/seo\/ -->\n<title>Mergulho Paraty - Batismo - Primeiro Mergulho | Ikigai Experience<\/title>\n<meta name=\"description\" content=\"Conhe\u00e7a o mergulho em Paraty e os pontos mais bonitos da regi\u00e3o, sem precisar de nenhuma experi\u00eancias pr\u00e9via, nem sequer saber nadar.\" \/>\n<meta name=\"robots\" content=\"index, follow, max-snippet:-1, max-image-preview:large, max-video-preview:-1\" \/>\n<link rel=\"canonical\" href=\"https:\/\/ikigaiexperience.com.br\/es\/experiencias\/buceo-paraty\/\" \/>\n<meta property=\"og:locale\" content=\"es_ES\" \/>\n<meta property=\"og:type\" content=\"article\" \/>\n<meta property=\"og:title\" content=\"Mergulho Paraty - Batismo - Primeiro Mergulho | Ikigai Experience\" \/>\n<meta property=\"og:description\" content=\"Conhe\u00e7a o mergulho em Paraty e os pontos mais bonitos da regi\u00e3o, sem precisar de nenhuma experi\u00eancias pr\u00e9via, nem sequer saber nadar.\" \/>\n<meta property=\"og:url\" content=\"https:\/\/ikigaiexperience.com.br\/es\/experiencias\/buceo-paraty\/\" \/>\n<meta property=\"og:site_name\" content=\"Ikigai Experience\" \/>\n<meta property=\"article:publisher\" content=\"https:\/\/www.facebook.com\/Ikigai-Experience-100452311832822\" \/>\n<meta property=\"article:modified_time\" content=\"2024-01-12T19:06:16+00:00\" \/>\n<meta property=\"og:image\" content=\"https:\/\/ikigaiexperience.com.br\/wp-content\/uploads\/2022\/09\/mergulho-paraty-10.jpg\" \/>\n\t<meta property=\"og:image:width\" content=\"935\" \/>\n\t<meta property=\"og:image:height\" content=\"622\" \/>\n\t<meta property=\"og:image:type\" content=\"image\/jpeg\" \/>\n<meta name=\"twitter:card\" content=\"summary_large_image\" \/>\n<meta name=\"twitter:label1\" content=\"Tiempo de lectura\" \/>\n\t<meta name=\"twitter:data1\" content=\"3 minutos\" \/>\n<script type=\"application\/ld+json\" class=\"yoast-schema-graph\">{\"@context\":\"https:\/\/schema.org\",\"@graph\":[{\"@type\":\"WebPage\",\"@id\":\"https:\/\/ikigaiexperience.com.br\/experiencias\/mergulho-paraty-batismo\/\",\"url\":\"https:\/\/ikigaiexperience.com.br\/experiencias\/mergulho-paraty-batismo\/\",\"name\":\"Mergulho Paraty - Batismo - Primeiro Mergulho | Ikigai Experience\",\"isPartOf\":{\"@id\":\"https:\/\/ikigaiexperience.com.br\/#website\"},\"datePublished\":\"2021-12-12T05:44:07+00:00\",\"dateModified\":\"2024-01-12T19:06:16+00:00\",\"description\":\"Conhe\u00e7a o mergulho em Paraty e os pontos mais bonitos da regi\u00e3o, sem precisar de nenhuma experi\u00eancias pr\u00e9via, nem sequer saber nadar.\",\"breadcrumb\":{\"@id\":\"https:\/\/ikigaiexperience.com.br\/experiencias\/mergulho-paraty-batismo\/#breadcrumb\"},\"inLanguage\":\"es\",\"potentialAction\":[{\"@type\":\"ReadAction\",\"target\":[\"https:\/\/ikigaiexperience.com.br\/experiencias\/mergulho-paraty-batismo\/\"]}]},{\"@type\":\"BreadcrumbList\",\"@id\":\"https:\/\/ikigaiexperience.com.br\/experiencias\/mergulho-paraty-batismo\/#breadcrumb\",\"itemListElement\":[{\"@type\":\"ListItem\",\"position\":1,\"name\":\"In\u00edcio\",\"item\":\"https:\/\/ikigaiexperience.com.br\/\"},{\"@type\":\"ListItem\",\"position\":2,\"name\":\"Mergulho\",\"item\":\"https:\/\/ikigaiexperience.com.br\/experiencia-categoria\/mergulho\/\"},{\"@type\":\"ListItem\",\"position\":3,\"name\":\"Mergulho Paraty para iniciantes\"}]},{\"@type\":\"WebSite\",\"@id\":\"https:\/\/ikigaiexperience.com.br\/#website\",\"url\":\"https:\/\/ikigaiexperience.com.br\/\",\"name\":\"Ikigai Experience\",\"description\":\"Reserve seu mergulho de um modo f\u00e1cil, r\u00e1pido e divertido.\",\"publisher\":{\"@id\":\"https:\/\/ikigaiexperience.com.br\/#organization\"},\"potentialAction\":[{\"@type\":\"SearchAction\",\"target\":{\"@type\":\"EntryPoint\",\"urlTemplate\":\"https:\/\/ikigaiexperience.com.br\/?s={search_term_string}\"},\"query-input\":\"required name=search_term_string\"}],\"inLanguage\":\"es\"},{\"@type\":\"Organization\",\"@id\":\"https:\/\/ikigaiexperience.com.br\/#organization\",\"name\":\"Ikigai Experience\",\"url\":\"https:\/\/ikigaiexperience.com.br\/\",\"logo\":{\"@type\":\"ImageObject\",\"inLanguage\":\"es\",\"@id\":\"https:\/\/ikigaiexperience.com.br\/#\/schema\/logo\/image\/\",\"url\":\"https:\/\/ikigaiexperience.com.br\/wp-content\/uploads\/2021\/06\/Ikigai-Experience-Horizontal-Branco.png\",\"contentUrl\":\"https:\/\/ikigaiexperience.com.br\/wp-content\/uploads\/2021\/06\/Ikigai-Experience-Horizontal-Branco.png\",\"width\":924,\"height\":249,\"caption\":\"Ikigai Experience\"},\"image\":{\"@id\":\"https:\/\/ikigaiexperience.com.br\/#\/schema\/logo\/image\/\"},\"sameAs\":[\"https:\/\/www.instagram.com\/theikigaiexperience\/\",\"https:\/\/www.linkedin.com\/company\/ikigai-experience\",\"https:\/\/www.youtube.com\/channel\/UC8qpgAQ3P89h79oP9ymmo7Q\",\"https:\/\/www.facebook.com\/Ikigai-Experience-100452311832822\"]}]}<\/script>\n<!-- \/ Yoast SEO plugin. -->","yoast_head_json":{"title":"Mergulho Paraty - Batismo - Primeiro Mergulho | Ikigai Experience","description":"Conhe\u00e7a o mergulho em Paraty e os pontos mais bonitos da regi\u00e3o, sem precisar de nenhuma experi\u00eancias pr\u00e9via, nem sequer saber nadar.","robots":{"index":"index","follow":"follow","max-snippet":"max-snippet:-1","max-image-preview":"max-image-preview:large","max-video-preview":"max-video-preview:-1"},"canonical":"https:\/\/ikigaiexperience.com.br\/es\/experiencias\/buceo-paraty\/","og_locale":"es_ES","og_type":"article","og_title":"Mergulho Paraty - Batismo - Primeiro Mergulho | Ikigai Experience","og_description":"Conhe\u00e7a o mergulho em Paraty e os pontos mais bonitos da regi\u00e3o, sem precisar de nenhuma experi\u00eancias pr\u00e9via, nem sequer saber nadar.","og_url":"https:\/\/ikigaiexperience.com.br\/es\/experiencias\/buceo-paraty\/","og_site_name":"Ikigai Experience","article_publisher":"https:\/\/www.facebook.com\/Ikigai-Experience-100452311832822","article_modified_time":"2024-01-12T19:06:16+00:00","og_image":[{"width":935,"height":622,"url":"https:\/\/ikigaiexperience.com.br\/wp-content\/uploads\/2022\/09\/mergulho-paraty-10.jpg","type":"image\/jpeg"}],"twitter_card":"summary_large_image","twitter_misc":{"Tiempo de lectura":"3 minutos"},"schema":{"@context":"https:\/\/schema.org","@graph":[{"@type":"WebPage","@id":"https:\/\/ikigaiexperience.com.br\/experiencias\/mergulho-paraty-batismo\/","url":"https:\/\/ikigaiexperience.com.br\/experiencias\/mergulho-paraty-batismo\/","name":"Mergulho Paraty - Batismo - Primeiro Mergulho | Ikigai Experience","isPartOf":{"@id":"https:\/\/ikigaiexperience.com.br\/#website"},"datePublished":"2021-12-12T05:44:07+00:00","dateModified":"2024-01-12T19:06:16+00:00","description":"Conhe\u00e7a o mergulho em Paraty e os pontos mais bonitos da regi\u00e3o, sem precisar de nenhuma experi\u00eancias pr\u00e9via, nem sequer saber nadar.","breadcrumb":{"@id":"https:\/\/ikigaiexperience.com.br\/experiencias\/mergulho-paraty-batismo\/#breadcrumb"},"inLanguage":"es","potentialAction":[{"@type":"ReadAction","target":["https:\/\/ikigaiexperience.com.br\/experiencias\/mergulho-paraty-batismo\/"]}]},{"@type":"BreadcrumbList","@id":"https:\/\/ikigaiexperience.com.br\/experiencias\/mergulho-paraty-batismo\/#breadcrumb","itemListElement":[{"@type":"ListItem","position":1,"name":"In\u00edcio","item":"https:\/\/ikigaiexperience.com.br\/"},{"@type":"ListItem","position":2,"name":"Mergulho","item":"https:\/\/ikigaiexperience.com.br\/experiencia-categoria\/mergulho\/"},{"@type":"ListItem","position":3,"name":"Mergulho Paraty para iniciantes"}]},{"@type":"WebSite","@id":"https:\/\/ikigaiexperience.com.br\/#website","url":"https:\/\/ikigaiexperience.com.br\/","name":"Ikigai Experience","description":"Reserve seu mergulho de um modo f\u00e1cil, r\u00e1pido e divertido.","publisher":{"@id":"https:\/\/ikigaiexperience.com.br\/#organization"},"potentialAction":[{"@type":"SearchAction","target":{"@type":"EntryPoint","urlTemplate":"https:\/\/ikigaiexperience.com.br\/?s={search_term_string}"},"query-input":"required name=search_term_string"}],"inLanguage":"es"},{"@type":"Organization","@id":"https:\/\/ikigaiexperience.com.br\/#organization","name":"Ikigai Experience","url":"https:\/\/ikigaiexperience.com.br\/","logo":{"@type":"ImageObject","inLanguage":"es","@id":"https:\/\/ikigaiexperience.com.br\/#\/schema\/logo\/image\/","url":"https:\/\/ikigaiexperience.com.br\/wp-content\/uploads\/2021\/06\/Ikigai-Experience-Horizontal-Branco.png","contentUrl":"https:\/\/ikigaiexperience.com.br\/wp-content\/uploads\/2021\/06\/Ikigai-Experience-Horizontal-Branco.png","width":924,"height":249,"caption":"Ikigai Experience"},"image":{"@id":"https:\/\/ikigaiexperience.com.br\/#\/schema\/logo\/image\/"},"sameAs":["https:\/\/www.instagram.com\/theikigaiexperience\/","https:\/\/www.linkedin.com\/company\/ikigai-experience","https:\/\/www.youtube.com\/channel\/UC8qpgAQ3P89h79oP9ymmo7Q","https:\/\/www.facebook.com\/Ikigai-Experience-100452311832822"]}]}},"_links":{"self":[{"href":"https:\/\/ikigaiexperience.com.br\/es\/wp-json\/wp\/v2\/product\/10527"}],"collection":[{"href":"https:\/\/ikigaiexperience.com.br\/es\/wp-json\/wp\/v2\/product"}],"about":[{"href":"https:\/\/ikigaiexperience.com.br\/es\/wp-json\/wp\/v2\/types\/product"}],"version-history":[{"count":1,"href":"https:\/\/ikigaiexperience.com.br\/es\/wp-json\/wp\/v2\/product\/10527\/revisions"}],"predecessor-version":[{"id":21663,"href":"https:\/\/ikigaiexperience.com.br\/es\/wp-json\/wp\/v2\/product\/10527\/revisions\/21663"}],"wp:featuredmedia":[{"embeddable":true,"href":"https:\/\/ikigaiexperience.com.br\/es\/wp-json\/wp\/v2\/media\/20240"}],"wp:attachment":[{"href":"https:\/\/ikigaiexperience.com.br\/es\/wp-json\/wp\/v2\/media?parent=10527"}],"wp:term":[{"taxonomy":"product_cat","embeddable":true,"href":"https:\/\/ikigaiexperience.com.br\/es\/wp-json\/wp\/v2\/product_cat?post=10527"},{"taxonomy":"product_tag","embeddable":true,"href":"https:\/\/ikigaiexperience.com.br\/es\/wp-json\/wp\/v2\/product_tag?post=10527"}],"curies":[{"name":"wp","href":"https:\/\/api.w.org\/{rel}","templated":true}]}}