{"id":10500,"date":"2021-12-11T21:49:51","date_gmt":"2021-12-12T00:49:51","guid":{"rendered":"https:\/\/ikigaiexperience.com.br\/?post_type=product&#038;p=10500"},"modified":"2023-12-19T17:53:21","modified_gmt":"2023-12-19T20:53:21","slug":"mergulho-arraial-do-cabo-credenciados","status":"publish","type":"product","link":"https:\/\/ikigaiexperience.com.br\/es\/experiencias\/buceo-arraial-do-cabo-credenciados\/","title":{"rendered":"Buceo Arraial do Cabo - Acreditado"},"content":{"rendered":"<h3>Buceo en las islas y calas de Arraial do Cabo<\/h3>\n<p>Arraia do Cabo es considerada la capital nacional del buceo no en vano, entre aguas turquesas y una visibilidad envidiable, Arraial cuenta con decenas de puntos de buceo, que brindan una inmersi\u00f3n excepcional, entre ellos podemos enumerar algunas islas y calas:<\/p>\n<ul>\n<li>Isla de Cabo Frio: uno de los puntos de buceo m\u00e1s visitados de Cabo Frio, famosa por sus incre\u00edbles formaciones rocosas para apreciar.<\/li>\n<li>Saco do Cherne: el camino hasta la punta es una experiencia en s\u00ed mismo, es una formaci\u00f3n de herradura que ofrece un \u00e1rea extensa para los buceadores.<\/li>\n<li>Ilha dos Porcos: Se encuentra justo frente a Praia dos Anjos, un lugar bien resguardado de los vientos, por lo que es perfecto para el buceo, especialmente para los principiantes.<\/li>\n<\/ul>\n<p>Entre otras islas podemos mencionar Enseada do Cardeiro, Enseada das Paredes, Saco do Anequim, Orat\u00f3rio y la lista contin\u00faa. Lugares que brindan un excelente buceo. La definici\u00f3n del destino se realiza el d\u00eda de la experiencia, dadas las condiciones clim\u00e1ticas.<\/p>\n<h3>La experiencia de buceo para Arraial do Cabo acreditado<\/h3>\n<p><span style=\"font-weight: 400;\">En la inmersi\u00f3n acreditada Arraial do Cabo, tras definir el sitio de inmersi\u00f3n, se inicia la navegaci\u00f3n en la Marina de Pescadores Arraial do Cabo.<\/span><\/p>\n<p><span style=\"font-weight: 400;\">En el sitio de buceo, cada buzo tendr\u00e1 la oportunidad de realizar dos inmersiones alrededor de la capital nacional del buceo. El buceo puede realizarse o no en diferentes puntos, siendo necesarias buenas condiciones meteorol\u00f3gicas para tal pr\u00e1ctica.<\/span><\/p>\n<p><span style=\"font-weight: 400;\">Al ser una modalidad de sub turismo, estar\u00e1n acompa\u00f1ados por un gu\u00eda Dive Master, quien siempre buscar\u00e1 entender al grupo de salida y brindar la mejor experiencia para todos. <\/span><\/p>\n<p><span style=\"font-weight: 400;\">O<\/span><span style=\"font-weight: 400;\"> El recorrido completo tiene una duraci\u00f3n de 4 horas, dependiendo del n\u00famero de personas a la salida y los destinos de buceo.<\/span><\/p>","protected":false},"excerpt":{"rendered":"<p>Bucea en las principales islas y calas de la capital nacional del buceo, Arraial do Cabo, como Enseada do Cardeiro, Ilha dos Porcos, Ilha de Cabo Frio, Saco do Cherne. Buceo y diversi\u00f3n para todos los niveles de buceadores. La experiencia incluye dos inmersiones en diferentes puntos de 30 a 45 minutos cada una, acompa\u00f1ados por un instructor a una profundidad de hasta 16m.<\/p>","protected":false},"featured_media":10806,"parent":0,"template":"","meta":[],"product_cat":[29],"product_tag":[],"yoast_head":"<!-- This site is optimized with the Yoast SEO plugin v20.0 - https:\/\/yoast.com\/wordpress\/plugins\/seo\/ -->\n<title>Mergulho Arraial do Cabo - Credenciados | Ikigai Experience<\/title>\n<meta name=\"description\" content=\"Mergulho Arraial do Cabo credenciado, a capital nacional do mergulho. Mergulhos para todos os n\u00edveis de mergulhadores.\" \/>\n<meta name=\"robots\" content=\"index, follow, max-snippet:-1, max-image-preview:large, max-video-preview:-1\" \/>\n<link rel=\"canonical\" href=\"https:\/\/ikigaiexperience.com.br\/es\/experiencias\/buceo-arraial-do-cabo\/\" \/>\n<meta property=\"og:locale\" content=\"es_ES\" \/>\n<meta property=\"og:type\" content=\"article\" \/>\n<meta property=\"og:title\" content=\"Mergulho Arraial do Cabo - Credenciados | Ikigai Experience\" \/>\n<meta property=\"og:description\" content=\"Mergulho Arraial do Cabo credenciado, a capital nacional do mergulho. Mergulhos para todos os n\u00edveis de mergulhadores.\" \/>\n<meta property=\"og:url\" content=\"https:\/\/ikigaiexperience.com.br\/es\/experiencias\/buceo-arraial-do-cabo\/\" \/>\n<meta property=\"og:site_name\" content=\"Ikigai Experience\" \/>\n<meta property=\"article:publisher\" content=\"https:\/\/www.facebook.com\/Ikigai-Experience-100452311832822\" \/>\n<meta property=\"article:modified_time\" content=\"2023-12-19T20:53:21+00:00\" \/>\n<meta property=\"og:image\" content=\"https:\/\/ikigaiexperience.com.br\/wp-content\/uploads\/2021\/12\/Mergulho-Arraial-do-Cabo-07.jpg\" \/>\n\t<meta property=\"og:image:width\" content=\"924\" \/>\n\t<meta property=\"og:image:height\" content=\"924\" \/>\n\t<meta property=\"og:image:type\" content=\"image\/jpeg\" \/>\n<meta name=\"twitter:card\" content=\"summary_large_image\" \/>\n<meta name=\"twitter:label1\" content=\"Tiempo de lectura\" \/>\n\t<meta name=\"twitter:data1\" content=\"2 minutos\" \/>\n<script type=\"application\/ld+json\" class=\"yoast-schema-graph\">{\"@context\":\"https:\/\/schema.org\",\"@graph\":[{\"@type\":\"WebPage\",\"@id\":\"https:\/\/ikigaiexperience.com.br\/experiencias\/mergulho-arraial-do-cabo-credenciados\/\",\"url\":\"https:\/\/ikigaiexperience.com.br\/experiencias\/mergulho-arraial-do-cabo-batismo\/\",\"name\":\"Mergulho Arraial do Cabo - Credenciados | Ikigai Experience\",\"isPartOf\":{\"@id\":\"https:\/\/ikigaiexperience.com.br\/#website\"},\"datePublished\":\"2021-12-12T00:49:51+00:00\",\"dateModified\":\"2023-12-19T20:53:21+00:00\",\"description\":\"Mergulho Arraial do Cabo credenciado, a capital nacional do mergulho. Mergulhos para todos os n\u00edveis de mergulhadores.\",\"breadcrumb\":{\"@id\":\"https:\/\/ikigaiexperience.com.br\/experiencias\/mergulho-arraial-do-cabo-batismo\/#breadcrumb\"},\"inLanguage\":\"es\",\"potentialAction\":[{\"@type\":\"ReadAction\",\"target\":[\"https:\/\/ikigaiexperience.com.br\/experiencias\/mergulho-arraial-do-cabo-batismo\/\"]}]},{\"@type\":\"BreadcrumbList\",\"@id\":\"https:\/\/ikigaiexperience.com.br\/experiencias\/mergulho-arraial-do-cabo-batismo\/#breadcrumb\",\"itemListElement\":[{\"@type\":\"ListItem\",\"position\":1,\"name\":\"In\u00edcio\",\"item\":\"https:\/\/ikigaiexperience.com.br\/\"},{\"@type\":\"ListItem\",\"position\":2,\"name\":\"Mergulho\",\"item\":\"https:\/\/ikigaiexperience.com.br\/experiencia-categoria\/mergulho\/\"},{\"@type\":\"ListItem\",\"position\":3,\"name\":\"Mergulho Arraial do Cabo &#8211; Credenciados\"}]},{\"@type\":\"WebSite\",\"@id\":\"https:\/\/ikigaiexperience.com.br\/#website\",\"url\":\"https:\/\/ikigaiexperience.com.br\/\",\"name\":\"Ikigai Experience\",\"description\":\"Reserve seu mergulho de um modo f\u00e1cil, r\u00e1pido e divertido.\",\"publisher\":{\"@id\":\"https:\/\/ikigaiexperience.com.br\/#organization\"},\"potentialAction\":[{\"@type\":\"SearchAction\",\"target\":{\"@type\":\"EntryPoint\",\"urlTemplate\":\"https:\/\/ikigaiexperience.com.br\/?s={search_term_string}\"},\"query-input\":\"required name=search_term_string\"}],\"inLanguage\":\"es\"},{\"@type\":\"Organization\",\"@id\":\"https:\/\/ikigaiexperience.com.br\/#organization\",\"name\":\"Ikigai Experience\",\"url\":\"https:\/\/ikigaiexperience.com.br\/\",\"logo\":{\"@type\":\"ImageObject\",\"inLanguage\":\"es\",\"@id\":\"https:\/\/ikigaiexperience.com.br\/#\/schema\/logo\/image\/\",\"url\":\"https:\/\/ikigaiexperience.com.br\/wp-content\/uploads\/2021\/06\/Ikigai-Experience-Horizontal-Branco.png\",\"contentUrl\":\"https:\/\/ikigaiexperience.com.br\/wp-content\/uploads\/2021\/06\/Ikigai-Experience-Horizontal-Branco.png\",\"width\":924,\"height\":249,\"caption\":\"Ikigai Experience\"},\"image\":{\"@id\":\"https:\/\/ikigaiexperience.com.br\/#\/schema\/logo\/image\/\"},\"sameAs\":[\"https:\/\/www.instagram.com\/theikigaiexperience\/\",\"https:\/\/www.linkedin.com\/company\/ikigai-experience\",\"https:\/\/www.youtube.com\/channel\/UC8qpgAQ3P89h79oP9ymmo7Q\",\"https:\/\/www.facebook.com\/Ikigai-Experience-100452311832822\"]}]}<\/script>\n<!-- \/ Yoast SEO plugin. -->","yoast_head_json":{"title":"Mergulho Arraial do Cabo - Credenciados | Ikigai Experience","description":"Mergulho Arraial do Cabo credenciado, a capital nacional do mergulho. Mergulhos para todos os n\u00edveis de mergulhadores.","robots":{"index":"index","follow":"follow","max-snippet":"max-snippet:-1","max-image-preview":"max-image-preview:large","max-video-preview":"max-video-preview:-1"},"canonical":"https:\/\/ikigaiexperience.com.br\/es\/experiencias\/buceo-arraial-do-cabo\/","og_locale":"es_ES","og_type":"article","og_title":"Mergulho Arraial do Cabo - Credenciados | Ikigai Experience","og_description":"Mergulho Arraial do Cabo credenciado, a capital nacional do mergulho. Mergulhos para todos os n\u00edveis de mergulhadores.","og_url":"https:\/\/ikigaiexperience.com.br\/es\/experiencias\/buceo-arraial-do-cabo\/","og_site_name":"Ikigai Experience","article_publisher":"https:\/\/www.facebook.com\/Ikigai-Experience-100452311832822","article_modified_time":"2023-12-19T20:53:21+00:00","og_image":[{"width":924,"height":924,"url":"https:\/\/ikigaiexperience.com.br\/wp-content\/uploads\/2021\/12\/Mergulho-Arraial-do-Cabo-07.jpg","type":"image\/jpeg"}],"twitter_card":"summary_large_image","twitter_misc":{"Tiempo de lectura":"2 minutos"},"schema":{"@context":"https:\/\/schema.org","@graph":[{"@type":"WebPage","@id":"https:\/\/ikigaiexperience.com.br\/experiencias\/mergulho-arraial-do-cabo-credenciados\/","url":"https:\/\/ikigaiexperience.com.br\/experiencias\/mergulho-arraial-do-cabo-batismo\/","name":"Mergulho Arraial do Cabo - Credenciados | Ikigai Experience","isPartOf":{"@id":"https:\/\/ikigaiexperience.com.br\/#website"},"datePublished":"2021-12-12T00:49:51+00:00","dateModified":"2023-12-19T20:53:21+00:00","description":"Mergulho Arraial do Cabo credenciado, a capital nacional do mergulho. Mergulhos para todos os n\u00edveis de mergulhadores.","breadcrumb":{"@id":"https:\/\/ikigaiexperience.com.br\/experiencias\/mergulho-arraial-do-cabo-batismo\/#breadcrumb"},"inLanguage":"es","potentialAction":[{"@type":"ReadAction","target":["https:\/\/ikigaiexperience.com.br\/experiencias\/mergulho-arraial-do-cabo-batismo\/"]}]},{"@type":"BreadcrumbList","@id":"https:\/\/ikigaiexperience.com.br\/experiencias\/mergulho-arraial-do-cabo-batismo\/#breadcrumb","itemListElement":[{"@type":"ListItem","position":1,"name":"In\u00edcio","item":"https:\/\/ikigaiexperience.com.br\/"},{"@type":"ListItem","position":2,"name":"Mergulho","item":"https:\/\/ikigaiexperience.com.br\/experiencia-categoria\/mergulho\/"},{"@type":"ListItem","position":3,"name":"Mergulho Arraial do Cabo &#8211; Credenciados"}]},{"@type":"WebSite","@id":"https:\/\/ikigaiexperience.com.br\/#website","url":"https:\/\/ikigaiexperience.com.br\/","name":"Ikigai Experience","description":"Reserve seu mergulho de um modo f\u00e1cil, r\u00e1pido e divertido.","publisher":{"@id":"https:\/\/ikigaiexperience.com.br\/#organization"},"potentialAction":[{"@type":"SearchAction","target":{"@type":"EntryPoint","urlTemplate":"https:\/\/ikigaiexperience.com.br\/?s={search_term_string}"},"query-input":"required name=search_term_string"}],"inLanguage":"es"},{"@type":"Organization","@id":"https:\/\/ikigaiexperience.com.br\/#organization","name":"Ikigai Experience","url":"https:\/\/ikigaiexperience.com.br\/","logo":{"@type":"ImageObject","inLanguage":"es","@id":"https:\/\/ikigaiexperience.com.br\/#\/schema\/logo\/image\/","url":"https:\/\/ikigaiexperience.com.br\/wp-content\/uploads\/2021\/06\/Ikigai-Experience-Horizontal-Branco.png","contentUrl":"https:\/\/ikigaiexperience.com.br\/wp-content\/uploads\/2021\/06\/Ikigai-Experience-Horizontal-Branco.png","width":924,"height":249,"caption":"Ikigai Experience"},"image":{"@id":"https:\/\/ikigaiexperience.com.br\/#\/schema\/logo\/image\/"},"sameAs":["https:\/\/www.instagram.com\/theikigaiexperience\/","https:\/\/www.linkedin.com\/company\/ikigai-experience","https:\/\/www.youtube.com\/channel\/UC8qpgAQ3P89h79oP9ymmo7Q","https:\/\/www.facebook.com\/Ikigai-Experience-100452311832822"]}]}},"_links":{"self":[{"href":"https:\/\/ikigaiexperience.com.br\/es\/wp-json\/wp\/v2\/product\/10500"}],"collection":[{"href":"https:\/\/ikigaiexperience.com.br\/es\/wp-json\/wp\/v2\/product"}],"about":[{"href":"https:\/\/ikigaiexperience.com.br\/es\/wp-json\/wp\/v2\/types\/product"}],"version-history":[{"count":1,"href":"https:\/\/ikigaiexperience.com.br\/es\/wp-json\/wp\/v2\/product\/10500\/revisions"}],"predecessor-version":[{"id":22164,"href":"https:\/\/ikigaiexperience.com.br\/es\/wp-json\/wp\/v2\/product\/10500\/revisions\/22164"}],"wp:featuredmedia":[{"embeddable":true,"href":"https:\/\/ikigaiexperience.com.br\/es\/wp-json\/wp\/v2\/media\/10806"}],"wp:attachment":[{"href":"https:\/\/ikigaiexperience.com.br\/es\/wp-json\/wp\/v2\/media?parent=10500"}],"wp:term":[{"taxonomy":"product_cat","embeddable":true,"href":"https:\/\/ikigaiexperience.com.br\/es\/wp-json\/wp\/v2\/product_cat?post=10500"},{"taxonomy":"product_tag","embeddable":true,"href":"https:\/\/ikigaiexperience.com.br\/es\/wp-json\/wp\/v2\/product_tag?post=10500"}],"curies":[{"name":"wp","href":"https:\/\/api.w.org\/{rel}","templated":true}]}}