{"id":10498,"date":"2021-12-11T21:48:50","date_gmt":"2021-12-12T00:48:50","guid":{"rendered":"https:\/\/ikigaiexperience.com.br\/?post_type=product&#038;p=10498"},"modified":"2024-06-18T17:44:31","modified_gmt":"2024-06-18T20:44:31","slug":"mergulho-arraial-do-cabo-batismo","status":"publish","type":"product","link":"https:\/\/ikigaiexperience.com.br\/es\/experiencias\/buceo-arraial-do-cabo\/","title":{"rendered":"Buceo en Arraial do Cabo para principiantes"},"content":{"rendered":"<h3>Buceo en las islas y calas de Arraial do Cabo<\/h3>\n<p>Arraia do Cabo es considerada la capital nacional del buceo no en vano, entre aguas turquesas y una visibilidad envidiable, Arraial cuenta con decenas de puntos de buceo, que brindan una inmersi\u00f3n excepcional, entre ellos podemos enumerar algunas islas y calas:<\/p>\n<ul>\n<li>Isla de Cabo Frio: uno de los puntos de buceo m\u00e1s visitados de Cabo Frio, famosa por sus incre\u00edbles formaciones rocosas para apreciar.<\/li>\n<li>Saco do Cherne: el camino hasta la punta es una experiencia en s\u00ed mismo, es una formaci\u00f3n de herradura que ofrece un \u00e1rea extensa para los buceadores.<\/li>\n<li>Ilha dos Porcos: Se encuentra justo frente a Praia dos Anjos, un lugar bien resguardado de los vientos, por lo que es perfecto para el buceo, especialmente para los principiantes.<\/li>\n<\/ul>\n<p>Entre otras islas podemos mencionar Enseada do Cordeiro, Enseada das Paredes, Saco do Anequim, Orat\u00f3rio y la lista contin\u00faa. Lugares que brindan un excelente buceo. La definici\u00f3n del destino se realiza el d\u00eda de la experiencia, dadas las condiciones clim\u00e1ticas.<\/p>\n<h3>La experiencia del bautismo de buceo en Arraial do Cabo<\/h3>\n<p><span style=\"font-weight: 400;\">Despu\u00e9s de definir el sitio de buceo, se inicia la navegaci\u00f3n en la Marina de Pescadores de Arraial do Cabo.<\/span><\/p>\n<p><span style=\"font-weight: 400;\">En el sitio de buceo, cada buceador tendr\u00e1 la oportunidad de bucear durante unos 30 a 35 minutos en una profundidad de hasta 10 metros.<\/span><\/p>\n<p><span style=\"font-weight: 400;\">Como gran diferencial, siempre estar\u00e1n acompa\u00f1ados por un buzo certificado con un enfoque total solo en ti, lo que siempre garantizar\u00e1 la mejor experiencia para tu inmersi\u00f3n. <\/span><\/p>\n<p><span style=\"font-weight: 400;\">LA<\/span><span style=\"font-weight: 400;\">Despu\u00e9s del buceo, puede continuar explorando el sitio con buceo de superficie (<a href=\"https:\/\/pt.wikipedia.org\/wiki\/Esn%C3%B3rquel\">bucear<\/a>), mientras los dem\u00e1s buceadores terminan sus inmersiones. <\/span><\/p>\n<p><span style=\"font-weight: 400;\">Experiencia <\/span><span style=\"font-weight: 400;\">El recorrido tiene una duraci\u00f3n de 4 horas, dependiendo del n\u00famero de personas a la salida y los destinos de buceo.<\/span><\/p>","protected":false},"excerpt":{"rendered":"<p>En la experiencia de buceo Arraial do Cabo en la modalidad de bautismo, tendr\u00e1s la oportunidad de conocer los lugares m\u00e1s hermosos para bucear en la capital nacional del buceo sin necesidad de tener experiencia previa, ni siquiera saber nadar.<\/p>\n<p>La experiencia incluye 40 minutos de buceo acompa\u00f1ado de un instructor a una profundidad de hasta 8m. Despu\u00e9s y antes de la inmersi\u00f3n, tambi\u00e9n es posible realizar snorkel (buceo de superficie) sin coste adicional.<\/p>","protected":false},"featured_media":10811,"parent":0,"template":"","meta":[],"product_cat":[29],"product_tag":[],"yoast_head":"<!-- This site is optimized with the Yoast SEO plugin v20.0 - https:\/\/yoast.com\/wordpress\/plugins\/seo\/ -->\n<title>Mergulho Arraial do Cabo - Batismo - Primeiro Mergulho | Ikigai<\/title>\n<meta name=\"description\" content=\"Mergulhe em Arraial do Cabo e conhe\u00e7a a Capital Nacional do Mergulho sem precisar de nenhuma experi\u00eancias pr\u00e9via, nem sequer saber nadar.\" \/>\n<meta name=\"robots\" content=\"index, follow, max-snippet:-1, max-image-preview:large, max-video-preview:-1\" \/>\n<link rel=\"canonical\" href=\"https:\/\/ikigaiexperience.com.br\/es\/experiencias\/buceo-arraial-do-cabo\/\" \/>\n<meta property=\"og:locale\" content=\"es_ES\" \/>\n<meta property=\"og:type\" content=\"article\" \/>\n<meta property=\"og:title\" content=\"Mergulho Arraial do Cabo - Batismo - Primeiro Mergulho | Ikigai\" \/>\n<meta property=\"og:description\" content=\"Mergulhe em Arraial do Cabo e conhe\u00e7a a Capital Nacional do Mergulho sem precisar de nenhuma experi\u00eancias pr\u00e9via, nem sequer saber nadar.\" \/>\n<meta property=\"og:url\" content=\"https:\/\/ikigaiexperience.com.br\/es\/experiencias\/buceo-arraial-do-cabo\/\" \/>\n<meta property=\"og:site_name\" content=\"Ikigai Experience\" \/>\n<meta property=\"article:publisher\" content=\"https:\/\/www.facebook.com\/Ikigai-Experience-100452311832822\" \/>\n<meta property=\"article:modified_time\" content=\"2024-06-18T20:44:31+00:00\" \/>\n<meta property=\"og:image\" content=\"https:\/\/ikigaiexperience.com.br\/wp-content\/uploads\/2021\/12\/Mergulho-Arraial-do-Cabo-13.jpg\" \/>\n\t<meta property=\"og:image:width\" content=\"924\" \/>\n\t<meta property=\"og:image:height\" content=\"693\" \/>\n\t<meta property=\"og:image:type\" content=\"image\/jpeg\" \/>\n<meta name=\"twitter:card\" content=\"summary_large_image\" \/>\n<meta name=\"twitter:label1\" content=\"Tiempo de lectura\" \/>\n\t<meta name=\"twitter:data1\" content=\"2 minutos\" \/>\n<script type=\"application\/ld+json\" class=\"yoast-schema-graph\">{\"@context\":\"https:\/\/schema.org\",\"@graph\":[{\"@type\":\"WebPage\",\"@id\":\"https:\/\/ikigaiexperience.com.br\/experiencias\/mergulho-arraial-do-cabo-batismo\/\",\"url\":\"https:\/\/ikigaiexperience.com.br\/experiencias\/mergulho-arraial-do-cabo-batismo\/\",\"name\":\"Mergulho Arraial do Cabo - Batismo - Primeiro Mergulho | Ikigai\",\"isPartOf\":{\"@id\":\"https:\/\/ikigaiexperience.com.br\/#website\"},\"datePublished\":\"2021-12-12T00:48:50+00:00\",\"dateModified\":\"2024-06-18T20:44:31+00:00\",\"description\":\"Mergulhe em Arraial do Cabo e conhe\u00e7a a Capital Nacional do Mergulho sem precisar de nenhuma experi\u00eancias pr\u00e9via, nem sequer saber nadar.\",\"breadcrumb\":{\"@id\":\"https:\/\/ikigaiexperience.com.br\/experiencias\/mergulho-arraial-do-cabo-batismo\/#breadcrumb\"},\"inLanguage\":\"es\",\"potentialAction\":[{\"@type\":\"ReadAction\",\"target\":[\"https:\/\/ikigaiexperience.com.br\/experiencias\/mergulho-arraial-do-cabo-batismo\/\"]}]},{\"@type\":\"BreadcrumbList\",\"@id\":\"https:\/\/ikigaiexperience.com.br\/experiencias\/mergulho-arraial-do-cabo-batismo\/#breadcrumb\",\"itemListElement\":[{\"@type\":\"ListItem\",\"position\":1,\"name\":\"In\u00edcio\",\"item\":\"https:\/\/ikigaiexperience.com.br\/\"},{\"@type\":\"ListItem\",\"position\":2,\"name\":\"Mergulho\",\"item\":\"https:\/\/ikigaiexperience.com.br\/experiencia-categoria\/mergulho\/\"},{\"@type\":\"ListItem\",\"position\":3,\"name\":\"Mergulho Arraial do Cabo para iniciantes\"}]},{\"@type\":\"WebSite\",\"@id\":\"https:\/\/ikigaiexperience.com.br\/#website\",\"url\":\"https:\/\/ikigaiexperience.com.br\/\",\"name\":\"Ikigai Experience\",\"description\":\"Reserve seu mergulho de um modo f\u00e1cil, r\u00e1pido e divertido.\",\"publisher\":{\"@id\":\"https:\/\/ikigaiexperience.com.br\/#organization\"},\"potentialAction\":[{\"@type\":\"SearchAction\",\"target\":{\"@type\":\"EntryPoint\",\"urlTemplate\":\"https:\/\/ikigaiexperience.com.br\/?s={search_term_string}\"},\"query-input\":\"required name=search_term_string\"}],\"inLanguage\":\"es\"},{\"@type\":\"Organization\",\"@id\":\"https:\/\/ikigaiexperience.com.br\/#organization\",\"name\":\"Ikigai Experience\",\"url\":\"https:\/\/ikigaiexperience.com.br\/\",\"logo\":{\"@type\":\"ImageObject\",\"inLanguage\":\"es\",\"@id\":\"https:\/\/ikigaiexperience.com.br\/#\/schema\/logo\/image\/\",\"url\":\"https:\/\/ikigaiexperience.com.br\/wp-content\/uploads\/2021\/06\/Ikigai-Experience-Horizontal-Branco.png\",\"contentUrl\":\"https:\/\/ikigaiexperience.com.br\/wp-content\/uploads\/2021\/06\/Ikigai-Experience-Horizontal-Branco.png\",\"width\":924,\"height\":249,\"caption\":\"Ikigai Experience\"},\"image\":{\"@id\":\"https:\/\/ikigaiexperience.com.br\/#\/schema\/logo\/image\/\"},\"sameAs\":[\"https:\/\/www.instagram.com\/theikigaiexperience\/\",\"https:\/\/www.linkedin.com\/company\/ikigai-experience\",\"https:\/\/www.youtube.com\/channel\/UC8qpgAQ3P89h79oP9ymmo7Q\",\"https:\/\/www.facebook.com\/Ikigai-Experience-100452311832822\"]}]}<\/script>\n<!-- \/ Yoast SEO plugin. -->","yoast_head_json":{"title":"Mergulho Arraial do Cabo - Batismo - Primeiro Mergulho | Ikigai","description":"Mergulhe em Arraial do Cabo e conhe\u00e7a a Capital Nacional do Mergulho sem precisar de nenhuma experi\u00eancias pr\u00e9via, nem sequer saber nadar.","robots":{"index":"index","follow":"follow","max-snippet":"max-snippet:-1","max-image-preview":"max-image-preview:large","max-video-preview":"max-video-preview:-1"},"canonical":"https:\/\/ikigaiexperience.com.br\/es\/experiencias\/buceo-arraial-do-cabo\/","og_locale":"es_ES","og_type":"article","og_title":"Mergulho Arraial do Cabo - Batismo - Primeiro Mergulho | Ikigai","og_description":"Mergulhe em Arraial do Cabo e conhe\u00e7a a Capital Nacional do Mergulho sem precisar de nenhuma experi\u00eancias pr\u00e9via, nem sequer saber nadar.","og_url":"https:\/\/ikigaiexperience.com.br\/es\/experiencias\/buceo-arraial-do-cabo\/","og_site_name":"Ikigai Experience","article_publisher":"https:\/\/www.facebook.com\/Ikigai-Experience-100452311832822","article_modified_time":"2024-06-18T20:44:31+00:00","og_image":[{"width":924,"height":693,"url":"https:\/\/ikigaiexperience.com.br\/wp-content\/uploads\/2021\/12\/Mergulho-Arraial-do-Cabo-13.jpg","type":"image\/jpeg"}],"twitter_card":"summary_large_image","twitter_misc":{"Tiempo de lectura":"2 minutos"},"schema":{"@context":"https:\/\/schema.org","@graph":[{"@type":"WebPage","@id":"https:\/\/ikigaiexperience.com.br\/experiencias\/mergulho-arraial-do-cabo-batismo\/","url":"https:\/\/ikigaiexperience.com.br\/experiencias\/mergulho-arraial-do-cabo-batismo\/","name":"Mergulho Arraial do Cabo - Batismo - Primeiro Mergulho | Ikigai","isPartOf":{"@id":"https:\/\/ikigaiexperience.com.br\/#website"},"datePublished":"2021-12-12T00:48:50+00:00","dateModified":"2024-06-18T20:44:31+00:00","description":"Mergulhe em Arraial do Cabo e conhe\u00e7a a Capital Nacional do Mergulho sem precisar de nenhuma experi\u00eancias pr\u00e9via, nem sequer saber nadar.","breadcrumb":{"@id":"https:\/\/ikigaiexperience.com.br\/experiencias\/mergulho-arraial-do-cabo-batismo\/#breadcrumb"},"inLanguage":"es","potentialAction":[{"@type":"ReadAction","target":["https:\/\/ikigaiexperience.com.br\/experiencias\/mergulho-arraial-do-cabo-batismo\/"]}]},{"@type":"BreadcrumbList","@id":"https:\/\/ikigaiexperience.com.br\/experiencias\/mergulho-arraial-do-cabo-batismo\/#breadcrumb","itemListElement":[{"@type":"ListItem","position":1,"name":"In\u00edcio","item":"https:\/\/ikigaiexperience.com.br\/"},{"@type":"ListItem","position":2,"name":"Mergulho","item":"https:\/\/ikigaiexperience.com.br\/experiencia-categoria\/mergulho\/"},{"@type":"ListItem","position":3,"name":"Mergulho Arraial do Cabo para iniciantes"}]},{"@type":"WebSite","@id":"https:\/\/ikigaiexperience.com.br\/#website","url":"https:\/\/ikigaiexperience.com.br\/","name":"Ikigai Experience","description":"Reserve seu mergulho de um modo f\u00e1cil, r\u00e1pido e divertido.","publisher":{"@id":"https:\/\/ikigaiexperience.com.br\/#organization"},"potentialAction":[{"@type":"SearchAction","target":{"@type":"EntryPoint","urlTemplate":"https:\/\/ikigaiexperience.com.br\/?s={search_term_string}"},"query-input":"required name=search_term_string"}],"inLanguage":"es"},{"@type":"Organization","@id":"https:\/\/ikigaiexperience.com.br\/#organization","name":"Ikigai Experience","url":"https:\/\/ikigaiexperience.com.br\/","logo":{"@type":"ImageObject","inLanguage":"es","@id":"https:\/\/ikigaiexperience.com.br\/#\/schema\/logo\/image\/","url":"https:\/\/ikigaiexperience.com.br\/wp-content\/uploads\/2021\/06\/Ikigai-Experience-Horizontal-Branco.png","contentUrl":"https:\/\/ikigaiexperience.com.br\/wp-content\/uploads\/2021\/06\/Ikigai-Experience-Horizontal-Branco.png","width":924,"height":249,"caption":"Ikigai Experience"},"image":{"@id":"https:\/\/ikigaiexperience.com.br\/#\/schema\/logo\/image\/"},"sameAs":["https:\/\/www.instagram.com\/theikigaiexperience\/","https:\/\/www.linkedin.com\/company\/ikigai-experience","https:\/\/www.youtube.com\/channel\/UC8qpgAQ3P89h79oP9ymmo7Q","https:\/\/www.facebook.com\/Ikigai-Experience-100452311832822"]}]}},"_links":{"self":[{"href":"https:\/\/ikigaiexperience.com.br\/es\/wp-json\/wp\/v2\/product\/10498"}],"collection":[{"href":"https:\/\/ikigaiexperience.com.br\/es\/wp-json\/wp\/v2\/product"}],"about":[{"href":"https:\/\/ikigaiexperience.com.br\/es\/wp-json\/wp\/v2\/types\/product"}],"version-history":[{"count":1,"href":"https:\/\/ikigaiexperience.com.br\/es\/wp-json\/wp\/v2\/product\/10498\/revisions"}],"predecessor-version":[{"id":23191,"href":"https:\/\/ikigaiexperience.com.br\/es\/wp-json\/wp\/v2\/product\/10498\/revisions\/23191"}],"wp:featuredmedia":[{"embeddable":true,"href":"https:\/\/ikigaiexperience.com.br\/es\/wp-json\/wp\/v2\/media\/10811"}],"wp:attachment":[{"href":"https:\/\/ikigaiexperience.com.br\/es\/wp-json\/wp\/v2\/media?parent=10498"}],"wp:term":[{"taxonomy":"product_cat","embeddable":true,"href":"https:\/\/ikigaiexperience.com.br\/es\/wp-json\/wp\/v2\/product_cat?post=10498"},{"taxonomy":"product_tag","embeddable":true,"href":"https:\/\/ikigaiexperience.com.br\/es\/wp-json\/wp\/v2\/product_tag?post=10498"}],"curies":[{"name":"wp","href":"https:\/\/api.w.org\/{rel}","templated":true}]}}