{"id":10059,"date":"2021-12-06T09:14:21","date_gmt":"2021-12-06T12:14:21","guid":{"rendered":"https:\/\/ikigaiexperience.com.br\/?post_type=product&#038;p=10059"},"modified":"2024-01-15T11:54:22","modified_gmt":"2024-01-15T14:54:22","slug":"mergulho-ilhabela-naufragio-aymore","status":"publish","type":"product","link":"https:\/\/ikigaiexperience.com.br\/es\/experiencias\/buceo-ilhabela-shipwreck\/","title":{"rendered":"Buceo Ilhabela \u2013 Pecio Aymor\u00e9"},"content":{"rendered":"<div class=\"elementor-element elementor-element-05e227e elementor-widget elementor-widget-heading\" data-id=\"05e227e\" data-element_type=\"widget\" data-widget_type=\"heading.default\">\n<div class=\"elementor-widget-container\">\n<h3 class=\"elementor-heading-title elementor-size-default\"><span style=\"font-size: 16px;\">El naufragio de Aymor\u00e9 \u2013 Ilhabela<\/span><\/h3>\n<\/div>\n<\/div>\n<div class=\"elementor-element elementor-element-5324877 elementor-widget elementor-widget-woocommerce-product-content\" data-id=\"5324877\" data-element_type=\"widget\" data-widget_type=\"woocommerce-product-content.default\">\n<div class=\"elementor-widget-container\">\n<p>En Ilhabela, el Pecio Aymor\u00e9 es el lugar perfecto para vivir una experiencia apasionante con el bautismo de buceo ya que es uno de los pocos pecios cercanos a la superficie, con una profundidad m\u00e1xima de 9m, permitiendo as\u00ed la pr\u00e1ctica del bautismo de buceo con la m\u00e1xima seguridad posible. para los que nunca bucearon.<\/p>\n<p>Por estar ubicado en el canal S\u00e3o Sebasti\u00e3o en Ilhabela, el carguero brasile\u00f1o de 60 metros de largo recibe una gran cantidad de especies marinas en una costa rocosa con fondo de arena.<\/p>\n<\/div>\n<p>En el recorrido es posible cruzarse con peces blancos, tortugas, card\u00famenes de peces residentes y de paso, caballitos de mar y muchos m\u00e1s animales que conforman la fauna del lugar.<\/p>\n<div class=\"elementor-widget-container\">\n<h3>Qu\u00e9 est\u00e1 incluido<\/h3>\n<p>Al comprar la inmersi\u00f3n, inicialmente pasar\u00e1s por un breve entrenamiento con todas las instrucciones necesarias para realizar la inmersi\u00f3n de manera segura.<\/p>\n<p>Se proporcionar\u00e1 toda la ropa y equipo necesario para la realizaci\u00f3n de la experiencia. Adem\u00e1s, un instructor de buceo certificado que se encargar\u00e1 de acompa\u00f1ar y guiar tu recorrido durante la inmersi\u00f3n.<\/p>\n<p>El paquete incluye fotos y un video que tiene una duraci\u00f3n m\u00e1xima de 1 min.<\/p>\n<p>El valor de toda la experiencia es R$ 350.00 \/ buzo.<\/p>\n<p>No hace falta experiencia previa, ni siquiera hace falta saber nadar.<\/p>\n<h3>La experiencia de buceo<\/h3>\n<p>La experiencia comienza en el operador de buceo donde se pondr\u00e1 a disposici\u00f3n todo el equipo y las instrucciones de uso. Despu\u00e9s de este proceso, el viaje en barco parte de Ilha das Cabras hacia el Naufragio de Aymor\u00e9, con una duraci\u00f3n aproximada de 20 minutos.<\/p>\n<p>Al llegar al punto de inmersi\u00f3n, es hora de lanzarse al agua y antes de que comience el buceo, se realiza una divertida y f\u00e1cil adaptaci\u00f3n con el equipo y las instrucciones dadas anteriormente. Despu\u00e9s de eso, es hora de descubrir los fondos marinos y toda la exuberancia que presenta el Naufragio Aymor\u00e9.<\/p>\n<p>Durante 40-50min un instructor de buceo certificado te guiar\u00e1 a trav\u00e9s del pecio a una profundidad de entre 6 y 9 metros, garantizando la mejor experiencia para tu inmersi\u00f3n.<\/p>\n<p>El recorrido completo tiene una duraci\u00f3n m\u00e1xima de 3 horas, dependiendo del n\u00famero de personas a la salida.<\/p>\n<\/div>\n<\/div>\n<p>No dejes de ver el v\u00eddeo de nuestra experiencia\u00a0<strong><a href=\"https:\/\/youtu.be\/jEfdpOAuOag\">Inmersi\u00f3n Ilhabela en Ilha das Cabras en Youtube de Ikigai<\/a><\/strong>\u00a0\u00a0y s\u00edguenos en instagram\u00a0<strong><a href=\"https:\/\/www.instagram.com\/theikigaiexperience\/\"><em>@theikigaiexperience<\/em><\/a><\/strong> para noticias<\/p>","protected":false},"excerpt":{"rendered":"<p>La Inmersi\u00f3n Ilhabela Ilha das Cabras para Acreditados es la inmersi\u00f3n ideal para aquellos que quieren explorar todo el circuito de Ilha das Cabras y dejarse impresionar por toda la vida marina y sus monumentos con libertad y seguridad. 1 cilindro de buceo, dando la oportunidad de conocer toda la extensi\u00f3n de Ilha das Cabras. En promedio de 50 min a 1 hora y 20 minutos de buceo acompa\u00f1ado por un gu\u00eda instructor a una profundidad de hasta 10 m.<\/p>","protected":false},"featured_media":10117,"parent":0,"template":"","meta":[],"product_cat":[29],"product_tag":[],"yoast_head":"<!-- This site is optimized with the Yoast SEO plugin v20.0 - https:\/\/yoast.com\/wordpress\/plugins\/seo\/ -->\n<title>Mergulho em Ilhabela - Naufr\u00e1gio Aymor\u00e9 - Ikigai Experience<\/title>\n<meta name=\"description\" content=\"Fa\u00e7a j\u00e1 seu mergulho em Ilhabela no Naufr\u00e1gio Aymor\u00e9 e conhe\u00e7a a incr\u00edvel sensa\u00e7\u00e3o de mergulhar em um naufr\u00e1gio de forma segura e acess\u00edvel.\" \/>\n<meta name=\"robots\" content=\"index, follow, max-snippet:-1, max-image-preview:large, max-video-preview:-1\" \/>\n<link rel=\"canonical\" href=\"https:\/\/ikigaiexperience.com.br\/es\/experiencias\/buceo-ilhabela-shipwreck\/\" \/>\n<meta property=\"og:locale\" content=\"es_ES\" \/>\n<meta property=\"og:type\" content=\"article\" \/>\n<meta property=\"og:title\" content=\"Mergulho em Ilhabela - Naufr\u00e1gio Aymor\u00e9 - Ikigai Experience\" \/>\n<meta property=\"og:description\" content=\"Fa\u00e7a j\u00e1 seu mergulho em Ilhabela no Naufr\u00e1gio Aymor\u00e9 e conhe\u00e7a a incr\u00edvel sensa\u00e7\u00e3o de mergulhar em um naufr\u00e1gio de forma segura e acess\u00edvel.\" \/>\n<meta property=\"og:url\" content=\"https:\/\/ikigaiexperience.com.br\/es\/experiencias\/buceo-ilhabela-shipwreck\/\" \/>\n<meta property=\"og:site_name\" content=\"Ikigai Experience\" \/>\n<meta property=\"article:publisher\" content=\"https:\/\/www.facebook.com\/Ikigai-Experience-100452311832822\" \/>\n<meta property=\"article:modified_time\" content=\"2024-01-15T14:54:22+00:00\" \/>\n<meta property=\"og:image\" content=\"https:\/\/ikigaiexperience.com.br\/wp-content\/uploads\/2021\/11\/Mergulho-Ilhabela-Naufragio-Aymore-09.jpg\" \/>\n\t<meta property=\"og:image:width\" content=\"924\" \/>\n\t<meta property=\"og:image:height\" content=\"615\" \/>\n\t<meta property=\"og:image:type\" content=\"image\/jpeg\" \/>\n<meta name=\"twitter:card\" content=\"summary_large_image\" \/>\n<meta name=\"twitter:label1\" content=\"Tiempo de lectura\" \/>\n\t<meta name=\"twitter:data1\" content=\"3 minutos\" \/>\n<script type=\"application\/ld+json\" class=\"yoast-schema-graph\">{\"@context\":\"https:\/\/schema.org\",\"@graph\":[{\"@type\":\"WebPage\",\"@id\":\"https:\/\/ikigaiexperience.com.br\/experiencias\/mergulho-ilhabela-naufragio-aymore\/\",\"url\":\"https:\/\/ikigaiexperience.com.br\/experiencias\/mergulho-ilhabela-naufragio-aymore\/\",\"name\":\"Mergulho em Ilhabela - Naufr\u00e1gio Aymor\u00e9 - Ikigai Experience\",\"isPartOf\":{\"@id\":\"https:\/\/ikigaiexperience.com.br\/#website\"},\"datePublished\":\"2021-12-06T12:14:21+00:00\",\"dateModified\":\"2024-01-15T14:54:22+00:00\",\"description\":\"Fa\u00e7a j\u00e1 seu mergulho em Ilhabela no Naufr\u00e1gio Aymor\u00e9 e conhe\u00e7a a incr\u00edvel sensa\u00e7\u00e3o de mergulhar em um naufr\u00e1gio de forma segura e acess\u00edvel.\",\"breadcrumb\":{\"@id\":\"https:\/\/ikigaiexperience.com.br\/experiencias\/mergulho-ilhabela-naufragio-aymore\/#breadcrumb\"},\"inLanguage\":\"es\",\"potentialAction\":[{\"@type\":\"ReadAction\",\"target\":[\"https:\/\/ikigaiexperience.com.br\/experiencias\/mergulho-ilhabela-naufragio-aymore\/\"]}]},{\"@type\":\"BreadcrumbList\",\"@id\":\"https:\/\/ikigaiexperience.com.br\/experiencias\/mergulho-ilhabela-naufragio-aymore\/#breadcrumb\",\"itemListElement\":[{\"@type\":\"ListItem\",\"position\":1,\"name\":\"In\u00edcio\",\"item\":\"https:\/\/ikigaiexperience.com.br\/\"},{\"@type\":\"ListItem\",\"position\":2,\"name\":\"Mergulho\",\"item\":\"https:\/\/ikigaiexperience.com.br\/experiencia-categoria\/mergulho\/\"},{\"@type\":\"ListItem\",\"position\":3,\"name\":\"Mergulho Ilhabela &#8211; Naufr\u00e1gio Aymor\u00e9\"}]},{\"@type\":\"WebSite\",\"@id\":\"https:\/\/ikigaiexperience.com.br\/#website\",\"url\":\"https:\/\/ikigaiexperience.com.br\/\",\"name\":\"Ikigai Experience\",\"description\":\"Reserve seu mergulho de um modo f\u00e1cil, r\u00e1pido e divertido.\",\"publisher\":{\"@id\":\"https:\/\/ikigaiexperience.com.br\/#organization\"},\"potentialAction\":[{\"@type\":\"SearchAction\",\"target\":{\"@type\":\"EntryPoint\",\"urlTemplate\":\"https:\/\/ikigaiexperience.com.br\/?s={search_term_string}\"},\"query-input\":\"required name=search_term_string\"}],\"inLanguage\":\"es\"},{\"@type\":\"Organization\",\"@id\":\"https:\/\/ikigaiexperience.com.br\/#organization\",\"name\":\"Ikigai Experience\",\"url\":\"https:\/\/ikigaiexperience.com.br\/\",\"logo\":{\"@type\":\"ImageObject\",\"inLanguage\":\"es\",\"@id\":\"https:\/\/ikigaiexperience.com.br\/#\/schema\/logo\/image\/\",\"url\":\"https:\/\/ikigaiexperience.com.br\/wp-content\/uploads\/2021\/06\/Ikigai-Experience-Horizontal-Branco.png\",\"contentUrl\":\"https:\/\/ikigaiexperience.com.br\/wp-content\/uploads\/2021\/06\/Ikigai-Experience-Horizontal-Branco.png\",\"width\":924,\"height\":249,\"caption\":\"Ikigai Experience\"},\"image\":{\"@id\":\"https:\/\/ikigaiexperience.com.br\/#\/schema\/logo\/image\/\"},\"sameAs\":[\"https:\/\/www.instagram.com\/theikigaiexperience\/\",\"https:\/\/www.linkedin.com\/company\/ikigai-experience\",\"https:\/\/www.youtube.com\/channel\/UC8qpgAQ3P89h79oP9ymmo7Q\",\"https:\/\/www.facebook.com\/Ikigai-Experience-100452311832822\"]}]}<\/script>\n<!-- \/ Yoast SEO plugin. -->","yoast_head_json":{"title":"Mergulho em Ilhabela - Naufr\u00e1gio Aymor\u00e9 - Ikigai Experience","description":"Fa\u00e7a j\u00e1 seu mergulho em Ilhabela no Naufr\u00e1gio Aymor\u00e9 e conhe\u00e7a a incr\u00edvel sensa\u00e7\u00e3o de mergulhar em um naufr\u00e1gio de forma segura e acess\u00edvel.","robots":{"index":"index","follow":"follow","max-snippet":"max-snippet:-1","max-image-preview":"max-image-preview:large","max-video-preview":"max-video-preview:-1"},"canonical":"https:\/\/ikigaiexperience.com.br\/es\/experiencias\/buceo-ilhabela-shipwreck\/","og_locale":"es_ES","og_type":"article","og_title":"Mergulho em Ilhabela - Naufr\u00e1gio Aymor\u00e9 - Ikigai Experience","og_description":"Fa\u00e7a j\u00e1 seu mergulho em Ilhabela no Naufr\u00e1gio Aymor\u00e9 e conhe\u00e7a a incr\u00edvel sensa\u00e7\u00e3o de mergulhar em um naufr\u00e1gio de forma segura e acess\u00edvel.","og_url":"https:\/\/ikigaiexperience.com.br\/es\/experiencias\/buceo-ilhabela-shipwreck\/","og_site_name":"Ikigai Experience","article_publisher":"https:\/\/www.facebook.com\/Ikigai-Experience-100452311832822","article_modified_time":"2024-01-15T14:54:22+00:00","og_image":[{"width":924,"height":615,"url":"https:\/\/ikigaiexperience.com.br\/wp-content\/uploads\/2021\/11\/Mergulho-Ilhabela-Naufragio-Aymore-09.jpg","type":"image\/jpeg"}],"twitter_card":"summary_large_image","twitter_misc":{"Tiempo de lectura":"3 minutos"},"schema":{"@context":"https:\/\/schema.org","@graph":[{"@type":"WebPage","@id":"https:\/\/ikigaiexperience.com.br\/experiencias\/mergulho-ilhabela-naufragio-aymore\/","url":"https:\/\/ikigaiexperience.com.br\/experiencias\/mergulho-ilhabela-naufragio-aymore\/","name":"Mergulho em Ilhabela - Naufr\u00e1gio Aymor\u00e9 - Ikigai Experience","isPartOf":{"@id":"https:\/\/ikigaiexperience.com.br\/#website"},"datePublished":"2021-12-06T12:14:21+00:00","dateModified":"2024-01-15T14:54:22+00:00","description":"Fa\u00e7a j\u00e1 seu mergulho em Ilhabela no Naufr\u00e1gio Aymor\u00e9 e conhe\u00e7a a incr\u00edvel sensa\u00e7\u00e3o de mergulhar em um naufr\u00e1gio de forma segura e acess\u00edvel.","breadcrumb":{"@id":"https:\/\/ikigaiexperience.com.br\/experiencias\/mergulho-ilhabela-naufragio-aymore\/#breadcrumb"},"inLanguage":"es","potentialAction":[{"@type":"ReadAction","target":["https:\/\/ikigaiexperience.com.br\/experiencias\/mergulho-ilhabela-naufragio-aymore\/"]}]},{"@type":"BreadcrumbList","@id":"https:\/\/ikigaiexperience.com.br\/experiencias\/mergulho-ilhabela-naufragio-aymore\/#breadcrumb","itemListElement":[{"@type":"ListItem","position":1,"name":"In\u00edcio","item":"https:\/\/ikigaiexperience.com.br\/"},{"@type":"ListItem","position":2,"name":"Mergulho","item":"https:\/\/ikigaiexperience.com.br\/experiencia-categoria\/mergulho\/"},{"@type":"ListItem","position":3,"name":"Mergulho Ilhabela &#8211; Naufr\u00e1gio Aymor\u00e9"}]},{"@type":"WebSite","@id":"https:\/\/ikigaiexperience.com.br\/#website","url":"https:\/\/ikigaiexperience.com.br\/","name":"Ikigai Experience","description":"Reserve seu mergulho de um modo f\u00e1cil, r\u00e1pido e divertido.","publisher":{"@id":"https:\/\/ikigaiexperience.com.br\/#organization"},"potentialAction":[{"@type":"SearchAction","target":{"@type":"EntryPoint","urlTemplate":"https:\/\/ikigaiexperience.com.br\/?s={search_term_string}"},"query-input":"required name=search_term_string"}],"inLanguage":"es"},{"@type":"Organization","@id":"https:\/\/ikigaiexperience.com.br\/#organization","name":"Ikigai Experience","url":"https:\/\/ikigaiexperience.com.br\/","logo":{"@type":"ImageObject","inLanguage":"es","@id":"https:\/\/ikigaiexperience.com.br\/#\/schema\/logo\/image\/","url":"https:\/\/ikigaiexperience.com.br\/wp-content\/uploads\/2021\/06\/Ikigai-Experience-Horizontal-Branco.png","contentUrl":"https:\/\/ikigaiexperience.com.br\/wp-content\/uploads\/2021\/06\/Ikigai-Experience-Horizontal-Branco.png","width":924,"height":249,"caption":"Ikigai Experience"},"image":{"@id":"https:\/\/ikigaiexperience.com.br\/#\/schema\/logo\/image\/"},"sameAs":["https:\/\/www.instagram.com\/theikigaiexperience\/","https:\/\/www.linkedin.com\/company\/ikigai-experience","https:\/\/www.youtube.com\/channel\/UC8qpgAQ3P89h79oP9ymmo7Q","https:\/\/www.facebook.com\/Ikigai-Experience-100452311832822"]}]}},"_links":{"self":[{"href":"https:\/\/ikigaiexperience.com.br\/es\/wp-json\/wp\/v2\/product\/10059"}],"collection":[{"href":"https:\/\/ikigaiexperience.com.br\/es\/wp-json\/wp\/v2\/product"}],"about":[{"href":"https:\/\/ikigaiexperience.com.br\/es\/wp-json\/wp\/v2\/types\/product"}],"version-history":[{"count":1,"href":"https:\/\/ikigaiexperience.com.br\/es\/wp-json\/wp\/v2\/product\/10059\/revisions"}],"predecessor-version":[{"id":24159,"href":"https:\/\/ikigaiexperience.com.br\/es\/wp-json\/wp\/v2\/product\/10059\/revisions\/24159"}],"wp:featuredmedia":[{"embeddable":true,"href":"https:\/\/ikigaiexperience.com.br\/es\/wp-json\/wp\/v2\/media\/10117"}],"wp:attachment":[{"href":"https:\/\/ikigaiexperience.com.br\/es\/wp-json\/wp\/v2\/media?parent=10059"}],"wp:term":[{"taxonomy":"product_cat","embeddable":true,"href":"https:\/\/ikigaiexperience.com.br\/es\/wp-json\/wp\/v2\/product_cat?post=10059"},{"taxonomy":"product_tag","embeddable":true,"href":"https:\/\/ikigaiexperience.com.br\/es\/wp-json\/wp\/v2\/product_tag?post=10059"}],"curies":[{"name":"wp","href":"https:\/\/api.w.org\/{rel}","templated":true}]}}