{"id":9835,"date":"2021-11-28T15:34:31","date_gmt":"2021-11-28T18:34:31","guid":{"rendered":"https:\/\/ikigaiexperience.com.br\/?post_type=product&#038;p=9835"},"modified":"2023-12-19T17:46:04","modified_gmt":"2023-12-19T20:46:04","slug":"mergulho-ilhabela-naufragio-aymore-credenciados","status":"publish","type":"product","link":"https:\/\/ikigaiexperience.com.br\/en\/experiencias\/scuba-diving-ilhabela-shipwreck-certified\/","title":{"rendered":"Ilhabela Diving \u2013 Aymor\u00e9 Shipwreck for Accredited"},"content":{"rendered":"<div class=\"elementor-element elementor-element-05e227e elementor-widget elementor-widget-heading\" data-id=\"05e227e\" data-element_type=\"widget\" data-widget_type=\"heading.default\">\n<div class=\"elementor-widget-container\">\n<h2 class=\"elementor-heading-title elementor-size-default\"><span style=\"font-size: 16px;\">The Aymor\u00e9 Shipwreck \u2013 Ilhabela<\/span><\/h2>\n<\/div>\n<\/div>\n<div class=\"elementor-element elementor-element-5324877 elementor-widget elementor-widget-woocommerce-product-content\" data-id=\"5324877\" data-element_type=\"widget\" data-widget_type=\"woocommerce-product-content.default\">\n<div class=\"elementor-widget-container\">\n<p>In Diving Ilhabela for Accredited, the Aymor\u00e9 Shipwreck is the ideal place for those divers who love the adventure of diving in a shipwreck in a safe and charming way. As it is one of the few wrecks close to the surface, with a maximum depth of 10m, diving for accredited divers can be performed at two points of the wreck, providing a unique and safe experience for accredited divers.<\/p>\n<p>The wreck of the 60 meters long Brazilian cargo ship located in the S\u00e3o Sebasti\u00e3o channel on Ilhabela hosts a vast amount of marine species on a rocky shore with a sandy bottom perfect for long and impressive walks.<\/p>\n<\/div>\n<p>On the tour, it is possible to come across whitefish, turtles, schools of resident and passing fish, seahorses and many more animals that make up the fauna of the place.<\/p>\n<div class=\"elementor-widget-container\">\n<h3>What&#039;s Included<\/h3>\n<p>In the Ilhabela Naufr\u00e1gio Aymor\u00e9 dive for accredited people, upon arrival at the operator, the most important information for the dive will be passed on.<\/p>\n<p>All clothing, equipment necessary for the execution of the experience will be made available, in addition to being guided by a dive master guide.<\/p>\n<p>The value of the whole experience is R$ 350.00 \/ diver.<\/p>\n<h3>The Diving Experience<\/h3>\n<p>The experience begins at the dive operator where all equipment and instructions for use will be made available. After this process, the boat trip starts from Ilha das Cabras towards the Aymor\u00e9 Shipwreck with a duration of 20min.<\/p>\n<p>Arriving at the diving point, a cylinder is provided to the diver so that he can carry out his tour in the best possible way without worrying about losing anything from the wreck.<\/p>\n<p>The wreck has a maximum depth of 10 meters and the dive lasts 40-50min per cylinder. Arriving close to the time limit, the instructor signals the return to the boat and after everyone is on board, they return to the operator.<\/p>\n<p>The complete tour lasts a maximum of 3 hours, depending on the number of people on the way out.<\/p>\n<h3>extras<\/h3>\n<p>Photo packages can be purchased on the day of the dive at a cost of R$100.<\/p>\n<p>Be sure to watch the video of our experience\u00a0<strong><a href=\"https:\/\/youtu.be\/jEfdpOAuOag\">Ilhabela dive at Ilha das Cabras on Ikigai&#039;s Youtube<\/a><\/strong>\u00a0\u00a0and follow us on instagram\u00a0<strong><a href=\"https:\/\/www.instagram.com\/theikigaiexperience\/\"><em>@theikigaiexperience<\/em><\/a><\/strong> for news.<\/p>\n<\/div>\n<\/div>","protected":false},"excerpt":{"rendered":"<p>The Ilhabela Naufr\u00e1gio Aymor\u00e9 dive for accredited is the ideal experience for those divers who already have their certification and wish to dive into an easily accessible wreck to get to know all the marine life that it harbors with all the freedom possible at a depth of up to 10m.<\/p>","protected":false},"featured_media":10120,"parent":0,"template":"","meta":[],"product_cat":[29],"product_tag":[],"yoast_head":"<!-- This site is optimized with the Yoast SEO plugin v20.0 - https:\/\/yoast.com\/wordpress\/plugins\/seo\/ -->\n<title>Mergulho Ilhabela Naufr\u00e1gio Aymor\u00e9 Credenciados - Ikigai Experience<\/title>\n<meta name=\"description\" content=\"O Naufr\u00e1gio Aymor\u00e9 \u00e9 um dos melhores pontos de mergulho em Ilhabela para Credenciados. Aprecie toda vida marinha neste mergulho incr\u00edvel.\" \/>\n<meta name=\"robots\" content=\"index, follow, max-snippet:-1, max-image-preview:large, max-video-preview:-1\" \/>\n<link rel=\"canonical\" href=\"https:\/\/ikigaiexperience.com.br\/en\/experiencias\/scuba-diving-ilhabela-shipwreck\/\" \/>\n<meta property=\"og:locale\" content=\"en_US\" \/>\n<meta property=\"og:type\" content=\"article\" \/>\n<meta property=\"og:title\" content=\"Mergulho Ilhabela Naufr\u00e1gio Aymor\u00e9 Credenciados - Ikigai Experience\" \/>\n<meta property=\"og:description\" content=\"O Naufr\u00e1gio Aymor\u00e9 \u00e9 um dos melhores pontos de mergulho em Ilhabela para Credenciados. Aprecie toda vida marinha neste mergulho incr\u00edvel.\" \/>\n<meta property=\"og:url\" content=\"https:\/\/ikigaiexperience.com.br\/en\/experiencias\/scuba-diving-ilhabela-shipwreck\/\" \/>\n<meta property=\"og:site_name\" content=\"Ikigai Experience\" \/>\n<meta property=\"article:publisher\" content=\"https:\/\/www.facebook.com\/Ikigai-Experience-100452311832822\" \/>\n<meta property=\"article:modified_time\" content=\"2023-12-19T20:46:04+00:00\" \/>\n<meta property=\"og:image\" content=\"https:\/\/ikigaiexperience.com.br\/wp-content\/uploads\/2021\/11\/Mergulho-Ilhabela-Naufragio-Aymore-07.jpg\" \/>\n\t<meta property=\"og:image:width\" content=\"924\" \/>\n\t<meta property=\"og:image:height\" content=\"615\" \/>\n\t<meta property=\"og:image:type\" content=\"image\/jpeg\" \/>\n<meta name=\"twitter:card\" content=\"summary_large_image\" \/>\n<meta name=\"twitter:label1\" content=\"Est. tempo de leitura\" \/>\n\t<meta name=\"twitter:data1\" content=\"3 minutes\" \/>\n<script type=\"application\/ld+json\" class=\"yoast-schema-graph\">{\"@context\":\"https:\/\/schema.org\",\"@graph\":[{\"@type\":\"WebPage\",\"@id\":\"https:\/\/ikigaiexperience.com.br\/experiencias\/mergulho-ilhabela-naufragio-aymore-credenciados\/\",\"url\":\"https:\/\/ikigaiexperience.com.br\/experiencias\/mergulho-ilhabela-naufragio-aymore\/\",\"name\":\"Mergulho Ilhabela Naufr\u00e1gio Aymor\u00e9 Credenciados - Ikigai Experience\",\"isPartOf\":{\"@id\":\"https:\/\/ikigaiexperience.com.br\/#website\"},\"datePublished\":\"2021-11-28T18:34:31+00:00\",\"dateModified\":\"2023-12-19T20:46:04+00:00\",\"description\":\"O Naufr\u00e1gio Aymor\u00e9 \u00e9 um dos melhores pontos de mergulho em Ilhabela para Credenciados. Aprecie toda vida marinha neste mergulho incr\u00edvel.\",\"breadcrumb\":{\"@id\":\"https:\/\/ikigaiexperience.com.br\/experiencias\/mergulho-ilhabela-naufragio-aymore\/#breadcrumb\"},\"inLanguage\":\"en-US\",\"potentialAction\":[{\"@type\":\"ReadAction\",\"target\":[\"https:\/\/ikigaiexperience.com.br\/experiencias\/mergulho-ilhabela-naufragio-aymore\/\"]}]},{\"@type\":\"BreadcrumbList\",\"@id\":\"https:\/\/ikigaiexperience.com.br\/experiencias\/mergulho-ilhabela-naufragio-aymore\/#breadcrumb\",\"itemListElement\":[{\"@type\":\"ListItem\",\"position\":1,\"name\":\"In\u00edcio\",\"item\":\"https:\/\/ikigaiexperience.com.br\/\"},{\"@type\":\"ListItem\",\"position\":2,\"name\":\"Mergulho\",\"item\":\"https:\/\/ikigaiexperience.com.br\/experiencia-categoria\/mergulho\/\"},{\"@type\":\"ListItem\",\"position\":3,\"name\":\"Mergulho Ilhabela &#8211; Naufr\u00e1gio Aymor\u00e9 para Credenciados\"}]},{\"@type\":\"WebSite\",\"@id\":\"https:\/\/ikigaiexperience.com.br\/#website\",\"url\":\"https:\/\/ikigaiexperience.com.br\/\",\"name\":\"Ikigai Experience\",\"description\":\"Reserve seu mergulho de um modo f\u00e1cil, r\u00e1pido e divertido.\",\"publisher\":{\"@id\":\"https:\/\/ikigaiexperience.com.br\/#organization\"},\"potentialAction\":[{\"@type\":\"SearchAction\",\"target\":{\"@type\":\"EntryPoint\",\"urlTemplate\":\"https:\/\/ikigaiexperience.com.br\/?s={search_term_string}\"},\"query-input\":\"required name=search_term_string\"}],\"inLanguage\":\"en-US\"},{\"@type\":\"Organization\",\"@id\":\"https:\/\/ikigaiexperience.com.br\/#organization\",\"name\":\"Ikigai Experience\",\"url\":\"https:\/\/ikigaiexperience.com.br\/\",\"logo\":{\"@type\":\"ImageObject\",\"inLanguage\":\"en-US\",\"@id\":\"https:\/\/ikigaiexperience.com.br\/#\/schema\/logo\/image\/\",\"url\":\"https:\/\/ikigaiexperience.com.br\/wp-content\/uploads\/2021\/06\/Ikigai-Experience-Horizontal-Branco.png\",\"contentUrl\":\"https:\/\/ikigaiexperience.com.br\/wp-content\/uploads\/2021\/06\/Ikigai-Experience-Horizontal-Branco.png\",\"width\":924,\"height\":249,\"caption\":\"Ikigai Experience\"},\"image\":{\"@id\":\"https:\/\/ikigaiexperience.com.br\/#\/schema\/logo\/image\/\"},\"sameAs\":[\"https:\/\/www.instagram.com\/theikigaiexperience\/\",\"https:\/\/www.linkedin.com\/company\/ikigai-experience\",\"https:\/\/www.youtube.com\/channel\/UC8qpgAQ3P89h79oP9ymmo7Q\",\"https:\/\/www.facebook.com\/Ikigai-Experience-100452311832822\"]}]}<\/script>\n<!-- \/ Yoast SEO plugin. -->","yoast_head_json":{"title":"Mergulho Ilhabela Naufr\u00e1gio Aymor\u00e9 Credenciados - Ikigai Experience","description":"O Naufr\u00e1gio Aymor\u00e9 \u00e9 um dos melhores pontos de mergulho em Ilhabela para Credenciados. Aprecie toda vida marinha neste mergulho incr\u00edvel.","robots":{"index":"index","follow":"follow","max-snippet":"max-snippet:-1","max-image-preview":"max-image-preview:large","max-video-preview":"max-video-preview:-1"},"canonical":"https:\/\/ikigaiexperience.com.br\/en\/experiencias\/scuba-diving-ilhabela-shipwreck\/","og_locale":"en_US","og_type":"article","og_title":"Mergulho Ilhabela Naufr\u00e1gio Aymor\u00e9 Credenciados - Ikigai Experience","og_description":"O Naufr\u00e1gio Aymor\u00e9 \u00e9 um dos melhores pontos de mergulho em Ilhabela para Credenciados. Aprecie toda vida marinha neste mergulho incr\u00edvel.","og_url":"https:\/\/ikigaiexperience.com.br\/en\/experiencias\/scuba-diving-ilhabela-shipwreck\/","og_site_name":"Ikigai Experience","article_publisher":"https:\/\/www.facebook.com\/Ikigai-Experience-100452311832822","article_modified_time":"2023-12-19T20:46:04+00:00","og_image":[{"width":924,"height":615,"url":"https:\/\/ikigaiexperience.com.br\/wp-content\/uploads\/2021\/11\/Mergulho-Ilhabela-Naufragio-Aymore-07.jpg","type":"image\/jpeg"}],"twitter_card":"summary_large_image","twitter_misc":{"Est. tempo de leitura":"3 minutes"},"schema":{"@context":"https:\/\/schema.org","@graph":[{"@type":"WebPage","@id":"https:\/\/ikigaiexperience.com.br\/experiencias\/mergulho-ilhabela-naufragio-aymore-credenciados\/","url":"https:\/\/ikigaiexperience.com.br\/experiencias\/mergulho-ilhabela-naufragio-aymore\/","name":"Mergulho Ilhabela Naufr\u00e1gio Aymor\u00e9 Credenciados - Ikigai Experience","isPartOf":{"@id":"https:\/\/ikigaiexperience.com.br\/#website"},"datePublished":"2021-11-28T18:34:31+00:00","dateModified":"2023-12-19T20:46:04+00:00","description":"O Naufr\u00e1gio Aymor\u00e9 \u00e9 um dos melhores pontos de mergulho em Ilhabela para Credenciados. Aprecie toda vida marinha neste mergulho incr\u00edvel.","breadcrumb":{"@id":"https:\/\/ikigaiexperience.com.br\/experiencias\/mergulho-ilhabela-naufragio-aymore\/#breadcrumb"},"inLanguage":"en-US","potentialAction":[{"@type":"ReadAction","target":["https:\/\/ikigaiexperience.com.br\/experiencias\/mergulho-ilhabela-naufragio-aymore\/"]}]},{"@type":"BreadcrumbList","@id":"https:\/\/ikigaiexperience.com.br\/experiencias\/mergulho-ilhabela-naufragio-aymore\/#breadcrumb","itemListElement":[{"@type":"ListItem","position":1,"name":"In\u00edcio","item":"https:\/\/ikigaiexperience.com.br\/"},{"@type":"ListItem","position":2,"name":"Mergulho","item":"https:\/\/ikigaiexperience.com.br\/experiencia-categoria\/mergulho\/"},{"@type":"ListItem","position":3,"name":"Mergulho Ilhabela &#8211; Naufr\u00e1gio Aymor\u00e9 para Credenciados"}]},{"@type":"WebSite","@id":"https:\/\/ikigaiexperience.com.br\/#website","url":"https:\/\/ikigaiexperience.com.br\/","name":"Ikigai Experience","description":"Reserve seu mergulho de um modo f\u00e1cil, r\u00e1pido e divertido.","publisher":{"@id":"https:\/\/ikigaiexperience.com.br\/#organization"},"potentialAction":[{"@type":"SearchAction","target":{"@type":"EntryPoint","urlTemplate":"https:\/\/ikigaiexperience.com.br\/?s={search_term_string}"},"query-input":"required name=search_term_string"}],"inLanguage":"en-US"},{"@type":"Organization","@id":"https:\/\/ikigaiexperience.com.br\/#organization","name":"Ikigai Experience","url":"https:\/\/ikigaiexperience.com.br\/","logo":{"@type":"ImageObject","inLanguage":"en-US","@id":"https:\/\/ikigaiexperience.com.br\/#\/schema\/logo\/image\/","url":"https:\/\/ikigaiexperience.com.br\/wp-content\/uploads\/2021\/06\/Ikigai-Experience-Horizontal-Branco.png","contentUrl":"https:\/\/ikigaiexperience.com.br\/wp-content\/uploads\/2021\/06\/Ikigai-Experience-Horizontal-Branco.png","width":924,"height":249,"caption":"Ikigai Experience"},"image":{"@id":"https:\/\/ikigaiexperience.com.br\/#\/schema\/logo\/image\/"},"sameAs":["https:\/\/www.instagram.com\/theikigaiexperience\/","https:\/\/www.linkedin.com\/company\/ikigai-experience","https:\/\/www.youtube.com\/channel\/UC8qpgAQ3P89h79oP9ymmo7Q","https:\/\/www.facebook.com\/Ikigai-Experience-100452311832822"]}]}},"_links":{"self":[{"href":"https:\/\/ikigaiexperience.com.br\/en\/wp-json\/wp\/v2\/product\/9835"}],"collection":[{"href":"https:\/\/ikigaiexperience.com.br\/en\/wp-json\/wp\/v2\/product"}],"about":[{"href":"https:\/\/ikigaiexperience.com.br\/en\/wp-json\/wp\/v2\/types\/product"}],"version-history":[{"count":1,"href":"https:\/\/ikigaiexperience.com.br\/en\/wp-json\/wp\/v2\/product\/9835\/revisions"}],"predecessor-version":[{"id":24009,"href":"https:\/\/ikigaiexperience.com.br\/en\/wp-json\/wp\/v2\/product\/9835\/revisions\/24009"}],"wp:featuredmedia":[{"embeddable":true,"href":"https:\/\/ikigaiexperience.com.br\/en\/wp-json\/wp\/v2\/media\/10120"}],"wp:attachment":[{"href":"https:\/\/ikigaiexperience.com.br\/en\/wp-json\/wp\/v2\/media?parent=9835"}],"wp:term":[{"taxonomy":"product_cat","embeddable":true,"href":"https:\/\/ikigaiexperience.com.br\/en\/wp-json\/wp\/v2\/product_cat?post=9835"},{"taxonomy":"product_tag","embeddable":true,"href":"https:\/\/ikigaiexperience.com.br\/en\/wp-json\/wp\/v2\/product_tag?post=9835"}],"curies":[{"name":"wp","href":"https:\/\/api.w.org\/{rel}","templated":true}]}}