{"id":9785,"date":"2021-12-01T19:36:54","date_gmt":"2021-12-01T22:36:54","guid":{"rendered":"https:\/\/ikigaiexperience.com.br\/?post_type=product&#038;p=9785"},"modified":"2023-03-17T15:30:02","modified_gmt":"2023-03-17T18:30:02","slug":"mergulho-bombinhas-credenciados","status":"publish","type":"product","link":"https:\/\/ikigaiexperience.com.br\/en\/experiencias\/scuba-diving-bombinhas-certified\/","title":{"rendered":"Bombinhas Dive \u2013 Boarded for Accredited"},"content":{"rendered":"<h3>Bombinhas diving spots<\/h3>\n<p>The Bombinhas \u2013 Ilha do Arvoredo dive in the baptism modality, is the most sought after diving spot in the South of Brazil for consciously discovering the most preserved diving spots in the tourist city, honoring all its abundant and untouchable fauna and flora.<\/p>\n<p>Bombinhas is known for its clear and crystalline waters, there are several diving spots known in the city, making it a perfect city for the practice of recreational diving and offering several diving spots which we can list:<\/p>\n<ul>\n<li>Ilha do Arvoredo: one of the most famous and sought-after spots in Bombinhas, located in an environmental reserve, Ilha do Arvoredo has a dive where you can come across exotic corals, stingrays, moray eels, turtles and countless species of fish.<\/li>\n<li>Porto Belo Shipyard: because it shelters calm and crystalline waters and is close to a beach of difficult access and paradise, the Porto Belo Shipyard is a great place for those who want to have their first contact with the world of diving.<\/li>\n<li>Ponta da Praia da Sepultura: with its natural pools, clear waters and abundant and active marine life, Praia da Sepultura is a fascinating place. The tip of the beach, an extension of forest that is difficult to access, shelters in its surroundings a fauna composed of squid, sea turtles, schools of fish, seahorses and other species that inhabit the place, forming a perfect place for diving.<\/li>\n<\/ul>\n<p>Important: The definition of the destination takes place on the day of the experience, given weather conditions and the experience of the divers.<\/p>\n<h3>What&#039;s Included<\/h3>\n<p>In diving in Bombinhas in the modality for accredited, the whole experience is worth R$365 \/ diver<span style=\"font-weight: 400;\">.<\/span><\/p>\n<p>Includes two diving cylinders, complete equipment, snack and boat navigation.<\/p>\n<p>If you have your own equipment, you can request a discount of R$45 \/ piece (1. Vest; 2. Regulator; 3. Clothing).<\/p>\n<h3>The Embedded Bombinhas Diving Experience<\/h3>\n<p><span style=\"font-weight: 400;\">In the Bombinhas for Accredited dive, after defining the dive site, the boat navigation starts at Trapiche de Bombinhas \u2013 Rua Sardinha.<\/span><\/p>\n<p><span style=\"font-weight: 400;\">At the dive site, the instructors provide all information about the dive site so that you can make the most of all the beauty of the selected dive site. Each diver will receive two cylinders and from this point on, just enjoy the dive following all instructions and respecting the Biological Reserve.<\/span><\/p>\n<p>The diving depth is up to 10 meters.<\/p>\n<p><span style=\"font-weight: 400;\">O<\/span><span style=\"font-weight: 400;\"> The complete tour has an average duration of 6 hours and 30 minutes, varying according to the number of people on the way out and the dive destinations.<\/span><\/p>\n<h3>extras<\/h3>\n<p>Dives must always take place in pairs, if you are alone someone will be allocated to dive with you and if there is no other accredited person on your day, an additional R$300 is charged by the Dive Master Guide.<\/p>\n<p>If someone wants to accompany you on the boat, but does not want to go diving, there is the option of purchasing a tour as a companion + snorkel for R$195.<\/p>\n<p>So let&#039;s go diving with us?<\/p>","protected":false},"excerpt":{"rendered":"<p>The Bombinhas \u2013 Embarcado Batismo dive takes place in the main diving points of the city. These points are ideal for those divers who already have certification and want to have intense contact with nature.<\/p>","protected":false},"featured_media":20147,"parent":0,"template":"","meta":[],"product_cat":[29],"product_tag":[],"yoast_head":"<!-- This site is optimized with the Yoast SEO plugin v20.0 - https:\/\/yoast.com\/wordpress\/plugins\/seo\/ -->\n<title>Mergulho Bombinhas Credenciados - Ilha do Arvoredo - Ikigai Experience<\/title>\n<meta name=\"description\" content=\"O mergulho Bombinhas para credenciados \u00e9 uma das principais atra\u00e7\u00f5es tur\u00edsticas para quem quer conhecer as belezas naturais de Bombinhas\" \/>\n<meta name=\"robots\" content=\"index, follow, max-snippet:-1, max-image-preview:large, max-video-preview:-1\" \/>\n<link rel=\"canonical\" href=\"https:\/\/ikigaiexperience.com.br\/en\/experiencias\/scuba-diving-bombinhas\/\" \/>\n<meta property=\"og:locale\" content=\"en_US\" \/>\n<meta property=\"og:type\" content=\"article\" \/>\n<meta property=\"og:title\" content=\"Mergulho Bombinhas Credenciados - Ilha do Arvoredo - Ikigai Experience\" \/>\n<meta property=\"og:description\" content=\"O mergulho Bombinhas para credenciados \u00e9 uma das principais atra\u00e7\u00f5es tur\u00edsticas para quem quer conhecer as belezas naturais de Bombinhas\" \/>\n<meta property=\"og:url\" content=\"https:\/\/ikigaiexperience.com.br\/en\/experiencias\/scuba-diving-bombinhas\/\" \/>\n<meta property=\"og:site_name\" content=\"Ikigai Experience\" \/>\n<meta property=\"article:publisher\" content=\"https:\/\/www.facebook.com\/Ikigai-Experience-100452311832822\" \/>\n<meta property=\"article:modified_time\" content=\"2023-03-17T18:30:02+00:00\" \/>\n<meta property=\"og:image\" content=\"https:\/\/ikigaiexperience.com.br\/wp-content\/uploads\/2022\/09\/curso-bombinhas3.jpeg\" \/>\n\t<meta property=\"og:image:width\" content=\"640\" \/>\n\t<meta property=\"og:image:height\" content=\"426\" \/>\n\t<meta property=\"og:image:type\" content=\"image\/jpeg\" \/>\n<meta name=\"twitter:card\" content=\"summary_large_image\" \/>\n<meta name=\"twitter:label1\" content=\"Est. tempo de leitura\" \/>\n\t<meta name=\"twitter:data1\" content=\"3 minutes\" \/>\n<script type=\"application\/ld+json\" class=\"yoast-schema-graph\">{\"@context\":\"https:\/\/schema.org\",\"@graph\":[{\"@type\":\"WebPage\",\"@id\":\"https:\/\/ikigaiexperience.com.br\/experiencias\/mergulho-bombinhas-credenciados\/\",\"url\":\"https:\/\/ikigaiexperience.com.br\/experiencias\/mergulho-bombinhas-batismo\/\",\"name\":\"Mergulho Bombinhas Credenciados - Ilha do Arvoredo - Ikigai Experience\",\"isPartOf\":{\"@id\":\"https:\/\/ikigaiexperience.com.br\/#website\"},\"datePublished\":\"2021-12-01T22:36:54+00:00\",\"dateModified\":\"2023-03-17T18:30:02+00:00\",\"description\":\"O mergulho Bombinhas para credenciados \u00e9 uma das principais atra\u00e7\u00f5es tur\u00edsticas para quem quer conhecer as belezas naturais de Bombinhas\",\"breadcrumb\":{\"@id\":\"https:\/\/ikigaiexperience.com.br\/experiencias\/mergulho-bombinhas-batismo\/#breadcrumb\"},\"inLanguage\":\"en-US\",\"potentialAction\":[{\"@type\":\"ReadAction\",\"target\":[\"https:\/\/ikigaiexperience.com.br\/experiencias\/mergulho-bombinhas-batismo\/\"]}]},{\"@type\":\"BreadcrumbList\",\"@id\":\"https:\/\/ikigaiexperience.com.br\/experiencias\/mergulho-bombinhas-batismo\/#breadcrumb\",\"itemListElement\":[{\"@type\":\"ListItem\",\"position\":1,\"name\":\"In\u00edcio\",\"item\":\"https:\/\/ikigaiexperience.com.br\/\"},{\"@type\":\"ListItem\",\"position\":2,\"name\":\"Mergulho\",\"item\":\"https:\/\/ikigaiexperience.com.br\/experiencia-categoria\/mergulho\/\"},{\"@type\":\"ListItem\",\"position\":3,\"name\":\"Mergulho Bombinhas &#8211; Embarcado para Credenciados\"}]},{\"@type\":\"WebSite\",\"@id\":\"https:\/\/ikigaiexperience.com.br\/#website\",\"url\":\"https:\/\/ikigaiexperience.com.br\/\",\"name\":\"Ikigai Experience\",\"description\":\"Reserve seu mergulho de um modo f\u00e1cil, r\u00e1pido e divertido.\",\"publisher\":{\"@id\":\"https:\/\/ikigaiexperience.com.br\/#organization\"},\"potentialAction\":[{\"@type\":\"SearchAction\",\"target\":{\"@type\":\"EntryPoint\",\"urlTemplate\":\"https:\/\/ikigaiexperience.com.br\/?s={search_term_string}\"},\"query-input\":\"required name=search_term_string\"}],\"inLanguage\":\"en-US\"},{\"@type\":\"Organization\",\"@id\":\"https:\/\/ikigaiexperience.com.br\/#organization\",\"name\":\"Ikigai Experience\",\"url\":\"https:\/\/ikigaiexperience.com.br\/\",\"logo\":{\"@type\":\"ImageObject\",\"inLanguage\":\"en-US\",\"@id\":\"https:\/\/ikigaiexperience.com.br\/#\/schema\/logo\/image\/\",\"url\":\"https:\/\/ikigaiexperience.com.br\/wp-content\/uploads\/2021\/06\/Ikigai-Experience-Horizontal-Branco.png\",\"contentUrl\":\"https:\/\/ikigaiexperience.com.br\/wp-content\/uploads\/2021\/06\/Ikigai-Experience-Horizontal-Branco.png\",\"width\":924,\"height\":249,\"caption\":\"Ikigai Experience\"},\"image\":{\"@id\":\"https:\/\/ikigaiexperience.com.br\/#\/schema\/logo\/image\/\"},\"sameAs\":[\"https:\/\/www.instagram.com\/theikigaiexperience\/\",\"https:\/\/www.linkedin.com\/company\/ikigai-experience\",\"https:\/\/www.youtube.com\/channel\/UC8qpgAQ3P89h79oP9ymmo7Q\",\"https:\/\/www.facebook.com\/Ikigai-Experience-100452311832822\"]}]}<\/script>\n<!-- \/ Yoast SEO plugin. -->","yoast_head_json":{"title":"Mergulho Bombinhas Credenciados - Ilha do Arvoredo - Ikigai Experience","description":"O mergulho Bombinhas para credenciados \u00e9 uma das principais atra\u00e7\u00f5es tur\u00edsticas para quem quer conhecer as belezas naturais de Bombinhas","robots":{"index":"index","follow":"follow","max-snippet":"max-snippet:-1","max-image-preview":"max-image-preview:large","max-video-preview":"max-video-preview:-1"},"canonical":"https:\/\/ikigaiexperience.com.br\/en\/experiencias\/scuba-diving-bombinhas\/","og_locale":"en_US","og_type":"article","og_title":"Mergulho Bombinhas Credenciados - Ilha do Arvoredo - Ikigai Experience","og_description":"O mergulho Bombinhas para credenciados \u00e9 uma das principais atra\u00e7\u00f5es tur\u00edsticas para quem quer conhecer as belezas naturais de Bombinhas","og_url":"https:\/\/ikigaiexperience.com.br\/en\/experiencias\/scuba-diving-bombinhas\/","og_site_name":"Ikigai Experience","article_publisher":"https:\/\/www.facebook.com\/Ikigai-Experience-100452311832822","article_modified_time":"2023-03-17T18:30:02+00:00","og_image":[{"width":640,"height":426,"url":"https:\/\/ikigaiexperience.com.br\/wp-content\/uploads\/2022\/09\/curso-bombinhas3.jpeg","type":"image\/jpeg"}],"twitter_card":"summary_large_image","twitter_misc":{"Est. tempo de leitura":"3 minutes"},"schema":{"@context":"https:\/\/schema.org","@graph":[{"@type":"WebPage","@id":"https:\/\/ikigaiexperience.com.br\/experiencias\/mergulho-bombinhas-credenciados\/","url":"https:\/\/ikigaiexperience.com.br\/experiencias\/mergulho-bombinhas-batismo\/","name":"Mergulho Bombinhas Credenciados - Ilha do Arvoredo - Ikigai Experience","isPartOf":{"@id":"https:\/\/ikigaiexperience.com.br\/#website"},"datePublished":"2021-12-01T22:36:54+00:00","dateModified":"2023-03-17T18:30:02+00:00","description":"O mergulho Bombinhas para credenciados \u00e9 uma das principais atra\u00e7\u00f5es tur\u00edsticas para quem quer conhecer as belezas naturais de Bombinhas","breadcrumb":{"@id":"https:\/\/ikigaiexperience.com.br\/experiencias\/mergulho-bombinhas-batismo\/#breadcrumb"},"inLanguage":"en-US","potentialAction":[{"@type":"ReadAction","target":["https:\/\/ikigaiexperience.com.br\/experiencias\/mergulho-bombinhas-batismo\/"]}]},{"@type":"BreadcrumbList","@id":"https:\/\/ikigaiexperience.com.br\/experiencias\/mergulho-bombinhas-batismo\/#breadcrumb","itemListElement":[{"@type":"ListItem","position":1,"name":"In\u00edcio","item":"https:\/\/ikigaiexperience.com.br\/"},{"@type":"ListItem","position":2,"name":"Mergulho","item":"https:\/\/ikigaiexperience.com.br\/experiencia-categoria\/mergulho\/"},{"@type":"ListItem","position":3,"name":"Mergulho Bombinhas &#8211; Embarcado para Credenciados"}]},{"@type":"WebSite","@id":"https:\/\/ikigaiexperience.com.br\/#website","url":"https:\/\/ikigaiexperience.com.br\/","name":"Ikigai Experience","description":"Reserve seu mergulho de um modo f\u00e1cil, r\u00e1pido e divertido.","publisher":{"@id":"https:\/\/ikigaiexperience.com.br\/#organization"},"potentialAction":[{"@type":"SearchAction","target":{"@type":"EntryPoint","urlTemplate":"https:\/\/ikigaiexperience.com.br\/?s={search_term_string}"},"query-input":"required name=search_term_string"}],"inLanguage":"en-US"},{"@type":"Organization","@id":"https:\/\/ikigaiexperience.com.br\/#organization","name":"Ikigai Experience","url":"https:\/\/ikigaiexperience.com.br\/","logo":{"@type":"ImageObject","inLanguage":"en-US","@id":"https:\/\/ikigaiexperience.com.br\/#\/schema\/logo\/image\/","url":"https:\/\/ikigaiexperience.com.br\/wp-content\/uploads\/2021\/06\/Ikigai-Experience-Horizontal-Branco.png","contentUrl":"https:\/\/ikigaiexperience.com.br\/wp-content\/uploads\/2021\/06\/Ikigai-Experience-Horizontal-Branco.png","width":924,"height":249,"caption":"Ikigai Experience"},"image":{"@id":"https:\/\/ikigaiexperience.com.br\/#\/schema\/logo\/image\/"},"sameAs":["https:\/\/www.instagram.com\/theikigaiexperience\/","https:\/\/www.linkedin.com\/company\/ikigai-experience","https:\/\/www.youtube.com\/channel\/UC8qpgAQ3P89h79oP9ymmo7Q","https:\/\/www.facebook.com\/Ikigai-Experience-100452311832822"]}]}},"_links":{"self":[{"href":"https:\/\/ikigaiexperience.com.br\/en\/wp-json\/wp\/v2\/product\/9785"}],"collection":[{"href":"https:\/\/ikigaiexperience.com.br\/en\/wp-json\/wp\/v2\/product"}],"about":[{"href":"https:\/\/ikigaiexperience.com.br\/en\/wp-json\/wp\/v2\/types\/product"}],"version-history":[{"count":0,"href":"https:\/\/ikigaiexperience.com.br\/en\/wp-json\/wp\/v2\/product\/9785\/revisions"}],"wp:featuredmedia":[{"embeddable":true,"href":"https:\/\/ikigaiexperience.com.br\/en\/wp-json\/wp\/v2\/media\/20147"}],"wp:attachment":[{"href":"https:\/\/ikigaiexperience.com.br\/en\/wp-json\/wp\/v2\/media?parent=9785"}],"wp:term":[{"taxonomy":"product_cat","embeddable":true,"href":"https:\/\/ikigaiexperience.com.br\/en\/wp-json\/wp\/v2\/product_cat?post=9785"},{"taxonomy":"product_tag","embeddable":true,"href":"https:\/\/ikigaiexperience.com.br\/en\/wp-json\/wp\/v2\/product_tag?post=9785"}],"curies":[{"name":"wp","href":"https:\/\/api.w.org\/{rel}","templated":true}]}}