{"id":9340,"date":"2021-11-17T19:15:44","date_gmt":"2021-11-17T22:15:44","guid":{"rendered":"https:\/\/ikigaiexperience.com.br\/?post_type=product&#038;p=9340"},"modified":"2024-06-18T17:41:38","modified_gmt":"2024-06-18T20:41:38","slug":"mergulho-buzios-credenciados","status":"publish","type":"product","link":"https:\/\/ikigaiexperience.com.br\/en\/experiencias\/scuba-diving-buzios-certified\/","title":{"rendered":"Diving B\u00fazios \u2013 Boarded for Accredited"},"content":{"rendered":"<h3>Diving in the islands of B\u00fazios<\/h3>\n<p>B\u00fazios diving for accredited divers gives divers the opportunity to get to know some of the richest spots in marine life in Brazil.<\/p>\n<p>Buzios is located in the region known as the lakes region, known nationally for its excellent diving spots, among which we can list:<\/p>\n<ul>\n<li>Ilha da \u00c2ncora: one of the most famous and sought after spots in B\u00fazios, considered the best diving spot in Rio de Janeiro, with visibility that can reach 50m, a rich marine life and large rocks.<\/li>\n<li>Gravat\u00e1s Island: on the way to Ilha da \u00c2ncora, diving more suitable for more experienced divers.<\/li>\n<li>Ilha Branca: very popular for diving, it has rock formations at the bottom of the sea, forming an incredible landscape, in addition to the almost certain guarantee of diving with the turtles.<\/li>\n<\/ul>\n<p>Among other islands and spots, we can also mention Ilha Feia, Laje dos Alagados, Wakama, The Point, among others, which also provide excellent diving.<\/p>\n<p>Important: The definition of the destination takes place on the day of the experience, given weather conditions and the experience of the divers.<\/p>\n<h3>What&#039;s Included<\/h3>\n<p><span style=\"font-weight: 400;\">The value of the tour as a whole is R$370 \/ diver, all equipment and two diving cylinders are included, giving the right to two dives at different points, accompanied by a Dive Master guide.<\/span><\/p>\n<p>Snacks on the boat are also included in the package.<\/p>\n<p>If you have your own equipment, a discount of R$30 per piece can be requested, being 1. Vest; 2. Regulator; 3. Clothing; 4. Fin and Goggles.<\/p>\n<h3>The B\u00fazios Embarked Diving Experience for Accredited<\/h3>\n<p>The boat trip to the island lasts 1h00, arriving there will be a dive of an average of 80 minutes underwater together with a qualified instructor.<\/p>\n<p>The depth of the dive depends on the diver&#039;s experience.<\/p>\n<h3>extras<\/h3>\n<p>Customized photo package can be purchased separately for R$250 for up to 2 people, with 60 to 80 photographs divided between land and water, with photo editing per photo.<\/p>\n<p>If someone wants to accompany you on the boat, but does not want to go diving, there is the option of purchasing a tour as a companion + snorkel for R$125<\/p>","protected":false},"excerpt":{"rendered":"<p>The diving experience in B\u00fazios for accredited, offers the opportunity of guaranteed fun for divers of all levels and has points ranked as the most beautiful and incredible in Brazil. Around 1 hour of boat ride to the destination island and 2 dives in two different points, accompanied by a Dive Master guide.<\/p>","protected":false},"featured_media":10198,"parent":0,"template":"","meta":[],"product_cat":[29],"product_tag":[],"yoast_head":"<!-- This site is optimized with the Yoast SEO plugin v20.0 - https:\/\/yoast.com\/wordpress\/plugins\/seo\/ -->\n<title>Mergulho B\u00fazios Embarcado para Credenciados<\/title>\n<meta name=\"description\" content=\"Mergulho B\u00fazios Embarcado para credenciados - Venha se aventurar mergulhando de cilindro nas Ilhas pr\u00f3ximas de B\u00fazios.\" \/>\n<meta name=\"robots\" content=\"index, follow, max-snippet:-1, max-image-preview:large, max-video-preview:-1\" \/>\n<link rel=\"canonical\" href=\"https:\/\/ikigaiexperience.com.br\/en\/experiencias\/scuba-diving-buzios\/\" \/>\n<meta property=\"og:locale\" content=\"en_US\" \/>\n<meta property=\"og:type\" content=\"article\" \/>\n<meta property=\"og:title\" content=\"Mergulho B\u00fazios Embarcado para Credenciados\" \/>\n<meta property=\"og:description\" content=\"Mergulho B\u00fazios Embarcado para credenciados - Venha se aventurar mergulhando de cilindro nas Ilhas pr\u00f3ximas de B\u00fazios.\" \/>\n<meta property=\"og:url\" content=\"https:\/\/ikigaiexperience.com.br\/en\/experiencias\/scuba-diving-buzios\/\" \/>\n<meta property=\"og:site_name\" content=\"Ikigai Experience\" \/>\n<meta property=\"article:publisher\" content=\"https:\/\/www.facebook.com\/Ikigai-Experience-100452311832822\" \/>\n<meta property=\"article:modified_time\" content=\"2024-06-18T20:41:38+00:00\" \/>\n<meta property=\"og:image\" content=\"https:\/\/ikigaiexperience.com.br\/wp-content\/uploads\/2021\/12\/Mergulho-Buzios-11.jpg\" \/>\n\t<meta property=\"og:image:width\" content=\"924\" \/>\n\t<meta property=\"og:image:height\" content=\"615\" \/>\n\t<meta property=\"og:image:type\" content=\"image\/jpeg\" \/>\n<meta name=\"twitter:card\" content=\"summary_large_image\" \/>\n<meta name=\"twitter:label1\" content=\"Est. tempo de leitura\" \/>\n\t<meta name=\"twitter:data1\" content=\"2 minutes\" \/>\n<script type=\"application\/ld+json\" class=\"yoast-schema-graph\">{\"@context\":\"https:\/\/schema.org\",\"@graph\":[{\"@type\":\"WebPage\",\"@id\":\"https:\/\/ikigaiexperience.com.br\/experiencias\/mergulho-buzios-credenciados\/\",\"url\":\"https:\/\/ikigaiexperience.com.br\/experiencias\/mergulho-buzios-batismo\/\",\"name\":\"Mergulho B\u00fazios Embarcado para Credenciados\",\"isPartOf\":{\"@id\":\"https:\/\/ikigaiexperience.com.br\/#website\"},\"datePublished\":\"2021-11-17T22:15:44+00:00\",\"dateModified\":\"2024-06-18T20:41:38+00:00\",\"description\":\"Mergulho B\u00fazios Embarcado para credenciados - Venha se aventurar mergulhando de cilindro nas Ilhas pr\u00f3ximas de B\u00fazios.\",\"breadcrumb\":{\"@id\":\"https:\/\/ikigaiexperience.com.br\/experiencias\/mergulho-buzios-batismo\/#breadcrumb\"},\"inLanguage\":\"en-US\",\"potentialAction\":[{\"@type\":\"ReadAction\",\"target\":[\"https:\/\/ikigaiexperience.com.br\/experiencias\/mergulho-buzios-batismo\/\"]}]},{\"@type\":\"BreadcrumbList\",\"@id\":\"https:\/\/ikigaiexperience.com.br\/experiencias\/mergulho-buzios-batismo\/#breadcrumb\",\"itemListElement\":[{\"@type\":\"ListItem\",\"position\":1,\"name\":\"In\u00edcio\",\"item\":\"https:\/\/ikigaiexperience.com.br\/\"},{\"@type\":\"ListItem\",\"position\":2,\"name\":\"Mergulho\",\"item\":\"https:\/\/ikigaiexperience.com.br\/experiencia-categoria\/mergulho\/\"},{\"@type\":\"ListItem\",\"position\":3,\"name\":\"Mergulho B\u00fazios &#8211; Embarcado para Credenciados\"}]},{\"@type\":\"WebSite\",\"@id\":\"https:\/\/ikigaiexperience.com.br\/#website\",\"url\":\"https:\/\/ikigaiexperience.com.br\/\",\"name\":\"Ikigai Experience\",\"description\":\"Reserve seu mergulho de um modo f\u00e1cil, r\u00e1pido e divertido.\",\"publisher\":{\"@id\":\"https:\/\/ikigaiexperience.com.br\/#organization\"},\"potentialAction\":[{\"@type\":\"SearchAction\",\"target\":{\"@type\":\"EntryPoint\",\"urlTemplate\":\"https:\/\/ikigaiexperience.com.br\/?s={search_term_string}\"},\"query-input\":\"required name=search_term_string\"}],\"inLanguage\":\"en-US\"},{\"@type\":\"Organization\",\"@id\":\"https:\/\/ikigaiexperience.com.br\/#organization\",\"name\":\"Ikigai Experience\",\"url\":\"https:\/\/ikigaiexperience.com.br\/\",\"logo\":{\"@type\":\"ImageObject\",\"inLanguage\":\"en-US\",\"@id\":\"https:\/\/ikigaiexperience.com.br\/#\/schema\/logo\/image\/\",\"url\":\"https:\/\/ikigaiexperience.com.br\/wp-content\/uploads\/2021\/06\/Ikigai-Experience-Horizontal-Branco.png\",\"contentUrl\":\"https:\/\/ikigaiexperience.com.br\/wp-content\/uploads\/2021\/06\/Ikigai-Experience-Horizontal-Branco.png\",\"width\":924,\"height\":249,\"caption\":\"Ikigai Experience\"},\"image\":{\"@id\":\"https:\/\/ikigaiexperience.com.br\/#\/schema\/logo\/image\/\"},\"sameAs\":[\"https:\/\/www.instagram.com\/theikigaiexperience\/\",\"https:\/\/www.linkedin.com\/company\/ikigai-experience\",\"https:\/\/www.youtube.com\/channel\/UC8qpgAQ3P89h79oP9ymmo7Q\",\"https:\/\/www.facebook.com\/Ikigai-Experience-100452311832822\"]}]}<\/script>\n<!-- \/ Yoast SEO plugin. -->","yoast_head_json":{"title":"Mergulho B\u00fazios Embarcado para Credenciados","description":"Mergulho B\u00fazios Embarcado para credenciados - Venha se aventurar mergulhando de cilindro nas Ilhas pr\u00f3ximas de B\u00fazios.","robots":{"index":"index","follow":"follow","max-snippet":"max-snippet:-1","max-image-preview":"max-image-preview:large","max-video-preview":"max-video-preview:-1"},"canonical":"https:\/\/ikigaiexperience.com.br\/en\/experiencias\/scuba-diving-buzios\/","og_locale":"en_US","og_type":"article","og_title":"Mergulho B\u00fazios Embarcado para Credenciados","og_description":"Mergulho B\u00fazios Embarcado para credenciados - Venha se aventurar mergulhando de cilindro nas Ilhas pr\u00f3ximas de B\u00fazios.","og_url":"https:\/\/ikigaiexperience.com.br\/en\/experiencias\/scuba-diving-buzios\/","og_site_name":"Ikigai Experience","article_publisher":"https:\/\/www.facebook.com\/Ikigai-Experience-100452311832822","article_modified_time":"2024-06-18T20:41:38+00:00","og_image":[{"width":924,"height":615,"url":"https:\/\/ikigaiexperience.com.br\/wp-content\/uploads\/2021\/12\/Mergulho-Buzios-11.jpg","type":"image\/jpeg"}],"twitter_card":"summary_large_image","twitter_misc":{"Est. tempo de leitura":"2 minutes"},"schema":{"@context":"https:\/\/schema.org","@graph":[{"@type":"WebPage","@id":"https:\/\/ikigaiexperience.com.br\/experiencias\/mergulho-buzios-credenciados\/","url":"https:\/\/ikigaiexperience.com.br\/experiencias\/mergulho-buzios-batismo\/","name":"Mergulho B\u00fazios Embarcado para Credenciados","isPartOf":{"@id":"https:\/\/ikigaiexperience.com.br\/#website"},"datePublished":"2021-11-17T22:15:44+00:00","dateModified":"2024-06-18T20:41:38+00:00","description":"Mergulho B\u00fazios Embarcado para credenciados - Venha se aventurar mergulhando de cilindro nas Ilhas pr\u00f3ximas de B\u00fazios.","breadcrumb":{"@id":"https:\/\/ikigaiexperience.com.br\/experiencias\/mergulho-buzios-batismo\/#breadcrumb"},"inLanguage":"en-US","potentialAction":[{"@type":"ReadAction","target":["https:\/\/ikigaiexperience.com.br\/experiencias\/mergulho-buzios-batismo\/"]}]},{"@type":"BreadcrumbList","@id":"https:\/\/ikigaiexperience.com.br\/experiencias\/mergulho-buzios-batismo\/#breadcrumb","itemListElement":[{"@type":"ListItem","position":1,"name":"In\u00edcio","item":"https:\/\/ikigaiexperience.com.br\/"},{"@type":"ListItem","position":2,"name":"Mergulho","item":"https:\/\/ikigaiexperience.com.br\/experiencia-categoria\/mergulho\/"},{"@type":"ListItem","position":3,"name":"Mergulho B\u00fazios &#8211; Embarcado para Credenciados"}]},{"@type":"WebSite","@id":"https:\/\/ikigaiexperience.com.br\/#website","url":"https:\/\/ikigaiexperience.com.br\/","name":"Ikigai Experience","description":"Reserve seu mergulho de um modo f\u00e1cil, r\u00e1pido e divertido.","publisher":{"@id":"https:\/\/ikigaiexperience.com.br\/#organization"},"potentialAction":[{"@type":"SearchAction","target":{"@type":"EntryPoint","urlTemplate":"https:\/\/ikigaiexperience.com.br\/?s={search_term_string}"},"query-input":"required name=search_term_string"}],"inLanguage":"en-US"},{"@type":"Organization","@id":"https:\/\/ikigaiexperience.com.br\/#organization","name":"Ikigai Experience","url":"https:\/\/ikigaiexperience.com.br\/","logo":{"@type":"ImageObject","inLanguage":"en-US","@id":"https:\/\/ikigaiexperience.com.br\/#\/schema\/logo\/image\/","url":"https:\/\/ikigaiexperience.com.br\/wp-content\/uploads\/2021\/06\/Ikigai-Experience-Horizontal-Branco.png","contentUrl":"https:\/\/ikigaiexperience.com.br\/wp-content\/uploads\/2021\/06\/Ikigai-Experience-Horizontal-Branco.png","width":924,"height":249,"caption":"Ikigai Experience"},"image":{"@id":"https:\/\/ikigaiexperience.com.br\/#\/schema\/logo\/image\/"},"sameAs":["https:\/\/www.instagram.com\/theikigaiexperience\/","https:\/\/www.linkedin.com\/company\/ikigai-experience","https:\/\/www.youtube.com\/channel\/UC8qpgAQ3P89h79oP9ymmo7Q","https:\/\/www.facebook.com\/Ikigai-Experience-100452311832822"]}]}},"_links":{"self":[{"href":"https:\/\/ikigaiexperience.com.br\/en\/wp-json\/wp\/v2\/product\/9340"}],"collection":[{"href":"https:\/\/ikigaiexperience.com.br\/en\/wp-json\/wp\/v2\/product"}],"about":[{"href":"https:\/\/ikigaiexperience.com.br\/en\/wp-json\/wp\/v2\/types\/product"}],"version-history":[{"count":1,"href":"https:\/\/ikigaiexperience.com.br\/en\/wp-json\/wp\/v2\/product\/9340\/revisions"}],"predecessor-version":[{"id":21862,"href":"https:\/\/ikigaiexperience.com.br\/en\/wp-json\/wp\/v2\/product\/9340\/revisions\/21862"}],"wp:featuredmedia":[{"embeddable":true,"href":"https:\/\/ikigaiexperience.com.br\/en\/wp-json\/wp\/v2\/media\/10198"}],"wp:attachment":[{"href":"https:\/\/ikigaiexperience.com.br\/en\/wp-json\/wp\/v2\/media?parent=9340"}],"wp:term":[{"taxonomy":"product_cat","embeddable":true,"href":"https:\/\/ikigaiexperience.com.br\/en\/wp-json\/wp\/v2\/product_cat?post=9340"},{"taxonomy":"product_tag","embeddable":true,"href":"https:\/\/ikigaiexperience.com.br\/en\/wp-json\/wp\/v2\/product_tag?post=9340"}],"curies":[{"name":"wp","href":"https:\/\/api.w.org\/{rel}","templated":true}]}}