{"id":9308,"date":"2021-11-17T15:06:42","date_gmt":"2021-11-17T18:06:42","guid":{"rendered":"https:\/\/ikigaiexperience.com.br\/?post_type=product&#038;p=9308"},"modified":"2024-06-18T17:43:23","modified_gmt":"2024-06-18T20:43:23","slug":"mergulho-cabo-frio-batismo","status":"publish","type":"product","link":"https:\/\/ikigaiexperience.com.br\/en\/experiencias\/scuba-diving-cabo-frio\/","title":{"rendered":"Cabo Frio Diving \u2013 Baptism"},"content":{"rendered":"<h3>Diving in the islands of Cabo Frio<\/h3>\n<p>The baptism dive in Cabo Frio can be performed on the various islands in the region, which provide an exceptional dive, among them we can list:<\/p>\n<ul>\n<li>Ilha dos Papagaios: the largest island in the region which offers several sheltered and suitable spots for diving. Cabo Frio is the most visited island for diving, offering depths of 18 to 40 meters and a very rich fauna.<\/li>\n<li>Ilha Comprida: second largest island and one of the most famous in the region due to its beauty in and out of the water. In diving he often provides the company of stingrays and turtles.<\/li>\n<li>Cap\u00f5es Island: small island that provides a different dive, with greater depths and passages through rocks, providing an interesting dive for more experienced divers, but without leaving anything to be desired for beginners.<\/li>\n<\/ul>\n<p>Among other islands, we can mention Ilha Dois Irm\u00e3os, Ilha dos Pargos, Filhote dos Gravat\u00e1s and Ilha do Breu, which also provide excellent diving.<\/p>\n<p>Important: The definition of the destination takes place on the day of the experience, given the weather conditions.<\/p>\n<h3>The Baptism Diving Experience in Cabo Frio<\/h3>\n<p><span style=\"font-weight: 400;\">After defining the dive site, the boat trip starts in the channel of Lagoa de Araruama towards the exit to the sea.\u00a0<\/span><\/p>\n<p><span style=\"font-weight: 400;\">On the local dive island, each diver will have the opportunity to dive for about 40-60 minutes at a depth of up to 10 meters.<\/span><\/p>\n<p><span style=\"font-weight: 400;\">As a great differential, they will always be accompanied by a certified diver with a total focus only on you, which will always guarantee the best experience for your dive. <\/span><\/p>\n<p><span style=\"font-weight: 400;\">THE<\/span><span style=\"font-weight: 400;\">After scuba diving, you can continue exploring the Island with surface diving (<a href=\"https:\/\/ikigaiexperience.com.br\/blog\/mergulhar-com-snorkel\/\">snorkeling<\/a>), while the other divers finish their dives. <\/span><\/p>\n<p><span style=\"font-weight: 400;\">O<\/span><span style=\"font-weight: 400;\"> The complete tour lasts 6 hours, depending on the number of people on the way out and the dive destinations.<\/span><\/p>\n<p>So, let&#039;s dive into this with us?<\/p>","protected":false},"excerpt":{"rendered":"<p>In the diving experience in Cabo Frio in the baptism modality, you will have the opportunity to know the most beautiful spots for diving in the region without needing any previous experience. Differentiated experience, valuing the quality of your dive in the smallest details, for those who want guaranteed satisfaction.<\/p>","protected":false},"featured_media":20480,"parent":0,"template":"","meta":[],"product_cat":[29],"product_tag":[],"yoast_head":"<!-- This site is optimized with the Yoast SEO plugin v20.0 - https:\/\/yoast.com\/wordpress\/plugins\/seo\/ -->\n<title>Mergulho Cabo Frio - Batismo - Ikigai Experience<\/title>\n<meta name=\"description\" content=\"Na experi\u00eancia de mergulho em Cabo Frio na modalidade batismo, voc\u00ea conhecer\u00e1 a exuber\u00e2ncia da vida marinha da cidade no melhor estilo.\" \/>\n<meta name=\"robots\" content=\"index, follow, max-snippet:-1, max-image-preview:large, max-video-preview:-1\" \/>\n<link rel=\"canonical\" href=\"https:\/\/ikigaiexperience.com.br\/en\/experiencias\/scuba-diving-cabo-frio\/\" \/>\n<meta property=\"og:locale\" content=\"en_US\" \/>\n<meta property=\"og:type\" content=\"article\" \/>\n<meta property=\"og:title\" content=\"Mergulho Cabo Frio - Batismo - Ikigai Experience\" \/>\n<meta property=\"og:description\" content=\"Na experi\u00eancia de mergulho em Cabo Frio na modalidade batismo, voc\u00ea conhecer\u00e1 a exuber\u00e2ncia da vida marinha da cidade no melhor estilo.\" \/>\n<meta property=\"og:url\" content=\"https:\/\/ikigaiexperience.com.br\/en\/experiencias\/scuba-diving-cabo-frio\/\" \/>\n<meta property=\"og:site_name\" content=\"Ikigai Experience\" \/>\n<meta property=\"article:publisher\" content=\"https:\/\/www.facebook.com\/Ikigai-Experience-100452311832822\" \/>\n<meta property=\"article:modified_time\" content=\"2024-06-18T20:43:23+00:00\" \/>\n<meta property=\"og:image\" content=\"https:\/\/ikigaiexperience.com.br\/wp-content\/uploads\/2022\/09\/mergulho-cabo-frio17.jpg\" \/>\n\t<meta property=\"og:image:width\" content=\"935\" \/>\n\t<meta property=\"og:image:height\" content=\"622\" \/>\n\t<meta property=\"og:image:type\" content=\"image\/jpeg\" \/>\n<meta name=\"twitter:card\" content=\"summary_large_image\" \/>\n<meta name=\"twitter:label1\" content=\"Est. tempo de leitura\" \/>\n\t<meta name=\"twitter:data1\" content=\"3 minutes\" \/>\n<script type=\"application\/ld+json\" class=\"yoast-schema-graph\">{\"@context\":\"https:\/\/schema.org\",\"@graph\":[{\"@type\":\"WebPage\",\"@id\":\"https:\/\/ikigaiexperience.com.br\/experiencias\/mergulho-cabo-frio-batismo\/\",\"url\":\"https:\/\/ikigaiexperience.com.br\/experiencias\/mergulho-cabo-frio-batismo\/\",\"name\":\"Mergulho Cabo Frio - Batismo - Ikigai Experience\",\"isPartOf\":{\"@id\":\"https:\/\/ikigaiexperience.com.br\/#website\"},\"datePublished\":\"2021-11-17T18:06:42+00:00\",\"dateModified\":\"2024-06-18T20:43:23+00:00\",\"description\":\"Na experi\u00eancia de mergulho em Cabo Frio na modalidade batismo, voc\u00ea conhecer\u00e1 a exuber\u00e2ncia da vida marinha da cidade no melhor estilo.\",\"breadcrumb\":{\"@id\":\"https:\/\/ikigaiexperience.com.br\/experiencias\/mergulho-cabo-frio-batismo\/#breadcrumb\"},\"inLanguage\":\"en-US\",\"potentialAction\":[{\"@type\":\"ReadAction\",\"target\":[\"https:\/\/ikigaiexperience.com.br\/experiencias\/mergulho-cabo-frio-batismo\/\"]}]},{\"@type\":\"BreadcrumbList\",\"@id\":\"https:\/\/ikigaiexperience.com.br\/experiencias\/mergulho-cabo-frio-batismo\/#breadcrumb\",\"itemListElement\":[{\"@type\":\"ListItem\",\"position\":1,\"name\":\"In\u00edcio\",\"item\":\"https:\/\/ikigaiexperience.com.br\/\"},{\"@type\":\"ListItem\",\"position\":2,\"name\":\"Mergulho\",\"item\":\"https:\/\/ikigaiexperience.com.br\/experiencia-categoria\/mergulho\/\"},{\"@type\":\"ListItem\",\"position\":3,\"name\":\"Mergulho Cabo Frio &#8211; Batismo\"}]},{\"@type\":\"WebSite\",\"@id\":\"https:\/\/ikigaiexperience.com.br\/#website\",\"url\":\"https:\/\/ikigaiexperience.com.br\/\",\"name\":\"Ikigai Experience\",\"description\":\"Reserve seu mergulho de um modo f\u00e1cil, r\u00e1pido e divertido.\",\"publisher\":{\"@id\":\"https:\/\/ikigaiexperience.com.br\/#organization\"},\"potentialAction\":[{\"@type\":\"SearchAction\",\"target\":{\"@type\":\"EntryPoint\",\"urlTemplate\":\"https:\/\/ikigaiexperience.com.br\/?s={search_term_string}\"},\"query-input\":\"required name=search_term_string\"}],\"inLanguage\":\"en-US\"},{\"@type\":\"Organization\",\"@id\":\"https:\/\/ikigaiexperience.com.br\/#organization\",\"name\":\"Ikigai Experience\",\"url\":\"https:\/\/ikigaiexperience.com.br\/\",\"logo\":{\"@type\":\"ImageObject\",\"inLanguage\":\"en-US\",\"@id\":\"https:\/\/ikigaiexperience.com.br\/#\/schema\/logo\/image\/\",\"url\":\"https:\/\/ikigaiexperience.com.br\/wp-content\/uploads\/2021\/06\/Ikigai-Experience-Horizontal-Branco.png\",\"contentUrl\":\"https:\/\/ikigaiexperience.com.br\/wp-content\/uploads\/2021\/06\/Ikigai-Experience-Horizontal-Branco.png\",\"width\":924,\"height\":249,\"caption\":\"Ikigai Experience\"},\"image\":{\"@id\":\"https:\/\/ikigaiexperience.com.br\/#\/schema\/logo\/image\/\"},\"sameAs\":[\"https:\/\/www.instagram.com\/theikigaiexperience\/\",\"https:\/\/www.linkedin.com\/company\/ikigai-experience\",\"https:\/\/www.youtube.com\/channel\/UC8qpgAQ3P89h79oP9ymmo7Q\",\"https:\/\/www.facebook.com\/Ikigai-Experience-100452311832822\"]}]}<\/script>\n<!-- \/ Yoast SEO plugin. -->","yoast_head_json":{"title":"Mergulho Cabo Frio - Batismo - Ikigai Experience","description":"Na experi\u00eancia de mergulho em Cabo Frio na modalidade batismo, voc\u00ea conhecer\u00e1 a exuber\u00e2ncia da vida marinha da cidade no melhor estilo.","robots":{"index":"index","follow":"follow","max-snippet":"max-snippet:-1","max-image-preview":"max-image-preview:large","max-video-preview":"max-video-preview:-1"},"canonical":"https:\/\/ikigaiexperience.com.br\/en\/experiencias\/scuba-diving-cabo-frio\/","og_locale":"en_US","og_type":"article","og_title":"Mergulho Cabo Frio - Batismo - Ikigai Experience","og_description":"Na experi\u00eancia de mergulho em Cabo Frio na modalidade batismo, voc\u00ea conhecer\u00e1 a exuber\u00e2ncia da vida marinha da cidade no melhor estilo.","og_url":"https:\/\/ikigaiexperience.com.br\/en\/experiencias\/scuba-diving-cabo-frio\/","og_site_name":"Ikigai Experience","article_publisher":"https:\/\/www.facebook.com\/Ikigai-Experience-100452311832822","article_modified_time":"2024-06-18T20:43:23+00:00","og_image":[{"width":935,"height":622,"url":"https:\/\/ikigaiexperience.com.br\/wp-content\/uploads\/2022\/09\/mergulho-cabo-frio17.jpg","type":"image\/jpeg"}],"twitter_card":"summary_large_image","twitter_misc":{"Est. tempo de leitura":"3 minutes"},"schema":{"@context":"https:\/\/schema.org","@graph":[{"@type":"WebPage","@id":"https:\/\/ikigaiexperience.com.br\/experiencias\/mergulho-cabo-frio-batismo\/","url":"https:\/\/ikigaiexperience.com.br\/experiencias\/mergulho-cabo-frio-batismo\/","name":"Mergulho Cabo Frio - Batismo - Ikigai Experience","isPartOf":{"@id":"https:\/\/ikigaiexperience.com.br\/#website"},"datePublished":"2021-11-17T18:06:42+00:00","dateModified":"2024-06-18T20:43:23+00:00","description":"Na experi\u00eancia de mergulho em Cabo Frio na modalidade batismo, voc\u00ea conhecer\u00e1 a exuber\u00e2ncia da vida marinha da cidade no melhor estilo.","breadcrumb":{"@id":"https:\/\/ikigaiexperience.com.br\/experiencias\/mergulho-cabo-frio-batismo\/#breadcrumb"},"inLanguage":"en-US","potentialAction":[{"@type":"ReadAction","target":["https:\/\/ikigaiexperience.com.br\/experiencias\/mergulho-cabo-frio-batismo\/"]}]},{"@type":"BreadcrumbList","@id":"https:\/\/ikigaiexperience.com.br\/experiencias\/mergulho-cabo-frio-batismo\/#breadcrumb","itemListElement":[{"@type":"ListItem","position":1,"name":"In\u00edcio","item":"https:\/\/ikigaiexperience.com.br\/"},{"@type":"ListItem","position":2,"name":"Mergulho","item":"https:\/\/ikigaiexperience.com.br\/experiencia-categoria\/mergulho\/"},{"@type":"ListItem","position":3,"name":"Mergulho Cabo Frio &#8211; Batismo"}]},{"@type":"WebSite","@id":"https:\/\/ikigaiexperience.com.br\/#website","url":"https:\/\/ikigaiexperience.com.br\/","name":"Ikigai Experience","description":"Reserve seu mergulho de um modo f\u00e1cil, r\u00e1pido e divertido.","publisher":{"@id":"https:\/\/ikigaiexperience.com.br\/#organization"},"potentialAction":[{"@type":"SearchAction","target":{"@type":"EntryPoint","urlTemplate":"https:\/\/ikigaiexperience.com.br\/?s={search_term_string}"},"query-input":"required name=search_term_string"}],"inLanguage":"en-US"},{"@type":"Organization","@id":"https:\/\/ikigaiexperience.com.br\/#organization","name":"Ikigai Experience","url":"https:\/\/ikigaiexperience.com.br\/","logo":{"@type":"ImageObject","inLanguage":"en-US","@id":"https:\/\/ikigaiexperience.com.br\/#\/schema\/logo\/image\/","url":"https:\/\/ikigaiexperience.com.br\/wp-content\/uploads\/2021\/06\/Ikigai-Experience-Horizontal-Branco.png","contentUrl":"https:\/\/ikigaiexperience.com.br\/wp-content\/uploads\/2021\/06\/Ikigai-Experience-Horizontal-Branco.png","width":924,"height":249,"caption":"Ikigai Experience"},"image":{"@id":"https:\/\/ikigaiexperience.com.br\/#\/schema\/logo\/image\/"},"sameAs":["https:\/\/www.instagram.com\/theikigaiexperience\/","https:\/\/www.linkedin.com\/company\/ikigai-experience","https:\/\/www.youtube.com\/channel\/UC8qpgAQ3P89h79oP9ymmo7Q","https:\/\/www.facebook.com\/Ikigai-Experience-100452311832822"]}]}},"_links":{"self":[{"href":"https:\/\/ikigaiexperience.com.br\/en\/wp-json\/wp\/v2\/product\/9308"}],"collection":[{"href":"https:\/\/ikigaiexperience.com.br\/en\/wp-json\/wp\/v2\/product"}],"about":[{"href":"https:\/\/ikigaiexperience.com.br\/en\/wp-json\/wp\/v2\/types\/product"}],"version-history":[{"count":1,"href":"https:\/\/ikigaiexperience.com.br\/en\/wp-json\/wp\/v2\/product\/9308\/revisions"}],"predecessor-version":[{"id":22177,"href":"https:\/\/ikigaiexperience.com.br\/en\/wp-json\/wp\/v2\/product\/9308\/revisions\/22177"}],"wp:featuredmedia":[{"embeddable":true,"href":"https:\/\/ikigaiexperience.com.br\/en\/wp-json\/wp\/v2\/media\/20480"}],"wp:attachment":[{"href":"https:\/\/ikigaiexperience.com.br\/en\/wp-json\/wp\/v2\/media?parent=9308"}],"wp:term":[{"taxonomy":"product_cat","embeddable":true,"href":"https:\/\/ikigaiexperience.com.br\/en\/wp-json\/wp\/v2\/product_cat?post=9308"},{"taxonomy":"product_tag","embeddable":true,"href":"https:\/\/ikigaiexperience.com.br\/en\/wp-json\/wp\/v2\/product_tag?post=9308"}],"curies":[{"name":"wp","href":"https:\/\/api.w.org\/{rel}","templated":true}]}}