{"id":9306,"date":"2021-11-17T14:50:46","date_gmt":"2021-11-17T17:50:46","guid":{"rendered":"https:\/\/ikigaiexperience.com.br\/?post_type=product&#038;p=9306"},"modified":"2024-06-18T17:42:25","modified_gmt":"2024-06-18T20:42:25","slug":"mergulho-buzios-praia-joao-fernandes","status":"publish","type":"product","link":"https:\/\/ikigaiexperience.com.br\/en\/experiencias\/scuba-diving-buzios-praia-joao-fernandes\/","title":{"rendered":"Buzios Diving \u2013 Jo\u00e3o Fernandinho Beach"},"content":{"rendered":"<h3>Joao Fernandinho Beach<\/h3>\n<p><span style=\"font-weight: 400;\">Diving in B\u00fazios is ideal for those who want to take a peaceful dive at their own pace, relax and observe numerous species of marine animals.<\/span><\/p>\n<p><span style=\"font-weight: 400;\">The beach has a real natural pool, which gives access to Parque dos Corais. There you will find one of the 3 environmental protection centers where you can find a fauna and flora that are the envy of many diving spots.<\/span><\/p>\n<p><span style=\"font-weight: 400;\">You can observe a wide variety of marine species such as turtles, starfish, seahorses, butterfly fish, crabs, lobsters, sea cucumbers and a wide coral formation of elephant ear, ox drool and brain coral, hard coral soft coral, anemones.<\/span><\/p>\n<p>For diving beginners this is a sure experience of fun and satisfaction with their first scuba dive.<\/p>\n<h3>The Diving Experience in B\u00fazios at Jo\u00e3o Fernandinho Beach<\/h3>\n<p><span style=\"font-weight: 400;\">The experience begins with a transfer of information and then a fun and easy adaptation in the water before starting the activity, in which an instructor will take you along the entire left coast of the beach for 40 minutes.<\/span><\/p>\n<p>Departures at approximately 9am and 11am. Variations may be necessary due to sea conditions.<\/p>\n<p>The depth of the dive is up to 7 meters, and you can snorkel in your free time.<\/p>\n<p>The minimum age is 10 years, minors must have authorization from their guardians to perform the dive.<\/p>\n<h3>Other Experiences in Buzios<\/h3>\n<p><strong><a href=\"https:\/\/ikigaiexperience.com.br\/en\/experiencias\/scuba-diving-buzios\/\">B\u00fazios Diving \u2013 Embarked<\/a>:<\/strong> Departure on board for beginners, no previous experience required.<\/p>\n<p><strong><a href=\"https:\/\/ikigaiexperience.com.br\/en\/experiencias\/scuba-diving-buzios-certified\/\">Diving B\u00fazios \u2013 Boarded for Accredited<\/a>:<\/strong> Departure on board for accredited.<\/p>\n<p><strong><a href=\"https:\/\/ikigaiexperience.com.br\/en\/experiencias\/scuba-diving-buzios-praia-joao-fernandes-certified\/\">B\u00fazios Diving \u2013 Jo\u00e3o Fernandes Beach for Accredited<\/a>:<\/strong> Beach exit for accredited.<\/p>","protected":false},"excerpt":{"rendered":"<p>Considered the ideal diving experience in B\u00fazios for those who want to have an experience with guaranteed fun. Diving in B\u00fazios at Praia de Jo\u00e3o Fernandinho offers the opportunity to get to know the beautiful Parque dos Corais, without needing any previous experience, not even knowing how to swim. There are 1h20 of experience, training and initial adaptation and then about 40 minutes of diving accompanied by an instructor in a depth of up to 6m, glimpsing the rich marine life of Parque dos Corais.<\/p>","protected":false},"featured_media":20420,"parent":0,"template":"","meta":[],"product_cat":[29],"product_tag":[],"yoast_head":"<!-- This site is optimized with the Yoast SEO plugin v20.0 - https:\/\/yoast.com\/wordpress\/plugins\/seo\/ -->\n<title>Mergulho B\u00fazios - Praia de Jo\u00e3o Fernandes | Ikigai Experience<\/title>\n<meta name=\"description\" content=\"Venha mergulho de cilindro em B\u00fazios na Praia de Jo\u00e3o Fernandes. Aprecie toda vida marinha de B\u00fazios em um mergulho pr\u00e1tico e acess\u00edvel.\" \/>\n<meta name=\"robots\" content=\"index, follow, max-snippet:-1, max-image-preview:large, max-video-preview:-1\" \/>\n<link rel=\"canonical\" href=\"https:\/\/ikigaiexperience.com.br\/en\/experiencias\/scuba-diving-buzios-praia-joao-fernandes\/\" \/>\n<meta property=\"og:locale\" content=\"en_US\" \/>\n<meta property=\"og:type\" content=\"article\" \/>\n<meta property=\"og:title\" content=\"Mergulho B\u00fazios - Praia de Jo\u00e3o Fernandes | Ikigai Experience\" \/>\n<meta property=\"og:description\" content=\"Venha mergulho de cilindro em B\u00fazios na Praia de Jo\u00e3o Fernandes. Aprecie toda vida marinha de B\u00fazios em um mergulho pr\u00e1tico e acess\u00edvel.\" \/>\n<meta property=\"og:url\" content=\"https:\/\/ikigaiexperience.com.br\/en\/experiencias\/scuba-diving-buzios-praia-joao-fernandes\/\" \/>\n<meta property=\"og:site_name\" content=\"Ikigai Experience\" \/>\n<meta property=\"article:publisher\" content=\"https:\/\/www.facebook.com\/Ikigai-Experience-100452311832822\" \/>\n<meta property=\"article:modified_time\" content=\"2024-06-18T20:42:25+00:00\" \/>\n<meta property=\"og:image\" content=\"https:\/\/ikigaiexperience.com.br\/wp-content\/uploads\/2022\/09\/curso-mergulho-buzios8.jpg\" \/>\n\t<meta property=\"og:image:width\" content=\"935\" \/>\n\t<meta property=\"og:image:height\" content=\"622\" \/>\n\t<meta property=\"og:image:type\" content=\"image\/jpeg\" \/>\n<meta name=\"twitter:card\" content=\"summary_large_image\" \/>\n<meta name=\"twitter:label1\" content=\"Est. tempo de leitura\" \/>\n\t<meta name=\"twitter:data1\" content=\"3 minutes\" \/>\n<script type=\"application\/ld+json\" class=\"yoast-schema-graph\">{\"@context\":\"https:\/\/schema.org\",\"@graph\":[{\"@type\":\"WebPage\",\"@id\":\"https:\/\/ikigaiexperience.com.br\/experiencias\/mergulho-buzios-praia-joao-fernandes\/\",\"url\":\"https:\/\/ikigaiexperience.com.br\/experiencias\/mergulho-buzios-praia-joao-fernandes\/\",\"name\":\"Mergulho B\u00fazios - Praia de Jo\u00e3o Fernandes | Ikigai Experience\",\"isPartOf\":{\"@id\":\"https:\/\/ikigaiexperience.com.br\/#website\"},\"datePublished\":\"2021-11-17T17:50:46+00:00\",\"dateModified\":\"2024-06-18T20:42:25+00:00\",\"description\":\"Venha mergulho de cilindro em B\u00fazios na Praia de Jo\u00e3o Fernandes. Aprecie toda vida marinha de B\u00fazios em um mergulho pr\u00e1tico e acess\u00edvel.\",\"breadcrumb\":{\"@id\":\"https:\/\/ikigaiexperience.com.br\/experiencias\/mergulho-buzios-praia-joao-fernandes\/#breadcrumb\"},\"inLanguage\":\"en-US\",\"potentialAction\":[{\"@type\":\"ReadAction\",\"target\":[\"https:\/\/ikigaiexperience.com.br\/experiencias\/mergulho-buzios-praia-joao-fernandes\/\"]}]},{\"@type\":\"BreadcrumbList\",\"@id\":\"https:\/\/ikigaiexperience.com.br\/experiencias\/mergulho-buzios-praia-joao-fernandes\/#breadcrumb\",\"itemListElement\":[{\"@type\":\"ListItem\",\"position\":1,\"name\":\"In\u00edcio\",\"item\":\"https:\/\/ikigaiexperience.com.br\/\"},{\"@type\":\"ListItem\",\"position\":2,\"name\":\"Mergulho\",\"item\":\"https:\/\/ikigaiexperience.com.br\/experiencia-categoria\/mergulho\/\"},{\"@type\":\"ListItem\",\"position\":3,\"name\":\"Mergulho B\u00fazios &#8211; Praia Jo\u00e3o Fernandinho\"}]},{\"@type\":\"WebSite\",\"@id\":\"https:\/\/ikigaiexperience.com.br\/#website\",\"url\":\"https:\/\/ikigaiexperience.com.br\/\",\"name\":\"Ikigai Experience\",\"description\":\"Reserve seu mergulho de um modo f\u00e1cil, r\u00e1pido e divertido.\",\"publisher\":{\"@id\":\"https:\/\/ikigaiexperience.com.br\/#organization\"},\"potentialAction\":[{\"@type\":\"SearchAction\",\"target\":{\"@type\":\"EntryPoint\",\"urlTemplate\":\"https:\/\/ikigaiexperience.com.br\/?s={search_term_string}\"},\"query-input\":\"required name=search_term_string\"}],\"inLanguage\":\"en-US\"},{\"@type\":\"Organization\",\"@id\":\"https:\/\/ikigaiexperience.com.br\/#organization\",\"name\":\"Ikigai Experience\",\"url\":\"https:\/\/ikigaiexperience.com.br\/\",\"logo\":{\"@type\":\"ImageObject\",\"inLanguage\":\"en-US\",\"@id\":\"https:\/\/ikigaiexperience.com.br\/#\/schema\/logo\/image\/\",\"url\":\"https:\/\/ikigaiexperience.com.br\/wp-content\/uploads\/2021\/06\/Ikigai-Experience-Horizontal-Branco.png\",\"contentUrl\":\"https:\/\/ikigaiexperience.com.br\/wp-content\/uploads\/2021\/06\/Ikigai-Experience-Horizontal-Branco.png\",\"width\":924,\"height\":249,\"caption\":\"Ikigai Experience\"},\"image\":{\"@id\":\"https:\/\/ikigaiexperience.com.br\/#\/schema\/logo\/image\/\"},\"sameAs\":[\"https:\/\/www.instagram.com\/theikigaiexperience\/\",\"https:\/\/www.linkedin.com\/company\/ikigai-experience\",\"https:\/\/www.youtube.com\/channel\/UC8qpgAQ3P89h79oP9ymmo7Q\",\"https:\/\/www.facebook.com\/Ikigai-Experience-100452311832822\"]}]}<\/script>\n<!-- \/ Yoast SEO plugin. -->","yoast_head_json":{"title":"Mergulho B\u00fazios - Praia de Jo\u00e3o Fernandes | Ikigai Experience","description":"Venha mergulho de cilindro em B\u00fazios na Praia de Jo\u00e3o Fernandes. Aprecie toda vida marinha de B\u00fazios em um mergulho pr\u00e1tico e acess\u00edvel.","robots":{"index":"index","follow":"follow","max-snippet":"max-snippet:-1","max-image-preview":"max-image-preview:large","max-video-preview":"max-video-preview:-1"},"canonical":"https:\/\/ikigaiexperience.com.br\/en\/experiencias\/scuba-diving-buzios-praia-joao-fernandes\/","og_locale":"en_US","og_type":"article","og_title":"Mergulho B\u00fazios - Praia de Jo\u00e3o Fernandes | Ikigai Experience","og_description":"Venha mergulho de cilindro em B\u00fazios na Praia de Jo\u00e3o Fernandes. Aprecie toda vida marinha de B\u00fazios em um mergulho pr\u00e1tico e acess\u00edvel.","og_url":"https:\/\/ikigaiexperience.com.br\/en\/experiencias\/scuba-diving-buzios-praia-joao-fernandes\/","og_site_name":"Ikigai Experience","article_publisher":"https:\/\/www.facebook.com\/Ikigai-Experience-100452311832822","article_modified_time":"2024-06-18T20:42:25+00:00","og_image":[{"width":935,"height":622,"url":"https:\/\/ikigaiexperience.com.br\/wp-content\/uploads\/2022\/09\/curso-mergulho-buzios8.jpg","type":"image\/jpeg"}],"twitter_card":"summary_large_image","twitter_misc":{"Est. tempo de leitura":"3 minutes"},"schema":{"@context":"https:\/\/schema.org","@graph":[{"@type":"WebPage","@id":"https:\/\/ikigaiexperience.com.br\/experiencias\/mergulho-buzios-praia-joao-fernandes\/","url":"https:\/\/ikigaiexperience.com.br\/experiencias\/mergulho-buzios-praia-joao-fernandes\/","name":"Mergulho B\u00fazios - Praia de Jo\u00e3o Fernandes | Ikigai Experience","isPartOf":{"@id":"https:\/\/ikigaiexperience.com.br\/#website"},"datePublished":"2021-11-17T17:50:46+00:00","dateModified":"2024-06-18T20:42:25+00:00","description":"Venha mergulho de cilindro em B\u00fazios na Praia de Jo\u00e3o Fernandes. Aprecie toda vida marinha de B\u00fazios em um mergulho pr\u00e1tico e acess\u00edvel.","breadcrumb":{"@id":"https:\/\/ikigaiexperience.com.br\/experiencias\/mergulho-buzios-praia-joao-fernandes\/#breadcrumb"},"inLanguage":"en-US","potentialAction":[{"@type":"ReadAction","target":["https:\/\/ikigaiexperience.com.br\/experiencias\/mergulho-buzios-praia-joao-fernandes\/"]}]},{"@type":"BreadcrumbList","@id":"https:\/\/ikigaiexperience.com.br\/experiencias\/mergulho-buzios-praia-joao-fernandes\/#breadcrumb","itemListElement":[{"@type":"ListItem","position":1,"name":"In\u00edcio","item":"https:\/\/ikigaiexperience.com.br\/"},{"@type":"ListItem","position":2,"name":"Mergulho","item":"https:\/\/ikigaiexperience.com.br\/experiencia-categoria\/mergulho\/"},{"@type":"ListItem","position":3,"name":"Mergulho B\u00fazios &#8211; Praia Jo\u00e3o Fernandinho"}]},{"@type":"WebSite","@id":"https:\/\/ikigaiexperience.com.br\/#website","url":"https:\/\/ikigaiexperience.com.br\/","name":"Ikigai Experience","description":"Reserve seu mergulho de um modo f\u00e1cil, r\u00e1pido e divertido.","publisher":{"@id":"https:\/\/ikigaiexperience.com.br\/#organization"},"potentialAction":[{"@type":"SearchAction","target":{"@type":"EntryPoint","urlTemplate":"https:\/\/ikigaiexperience.com.br\/?s={search_term_string}"},"query-input":"required name=search_term_string"}],"inLanguage":"en-US"},{"@type":"Organization","@id":"https:\/\/ikigaiexperience.com.br\/#organization","name":"Ikigai Experience","url":"https:\/\/ikigaiexperience.com.br\/","logo":{"@type":"ImageObject","inLanguage":"en-US","@id":"https:\/\/ikigaiexperience.com.br\/#\/schema\/logo\/image\/","url":"https:\/\/ikigaiexperience.com.br\/wp-content\/uploads\/2021\/06\/Ikigai-Experience-Horizontal-Branco.png","contentUrl":"https:\/\/ikigaiexperience.com.br\/wp-content\/uploads\/2021\/06\/Ikigai-Experience-Horizontal-Branco.png","width":924,"height":249,"caption":"Ikigai Experience"},"image":{"@id":"https:\/\/ikigaiexperience.com.br\/#\/schema\/logo\/image\/"},"sameAs":["https:\/\/www.instagram.com\/theikigaiexperience\/","https:\/\/www.linkedin.com\/company\/ikigai-experience","https:\/\/www.youtube.com\/channel\/UC8qpgAQ3P89h79oP9ymmo7Q","https:\/\/www.facebook.com\/Ikigai-Experience-100452311832822"]}]}},"_links":{"self":[{"href":"https:\/\/ikigaiexperience.com.br\/en\/wp-json\/wp\/v2\/product\/9306"}],"collection":[{"href":"https:\/\/ikigaiexperience.com.br\/en\/wp-json\/wp\/v2\/product"}],"about":[{"href":"https:\/\/ikigaiexperience.com.br\/en\/wp-json\/wp\/v2\/types\/product"}],"version-history":[{"count":1,"href":"https:\/\/ikigaiexperience.com.br\/en\/wp-json\/wp\/v2\/product\/9306\/revisions"}],"predecessor-version":[{"id":21888,"href":"https:\/\/ikigaiexperience.com.br\/en\/wp-json\/wp\/v2\/product\/9306\/revisions\/21888"}],"wp:featuredmedia":[{"embeddable":true,"href":"https:\/\/ikigaiexperience.com.br\/en\/wp-json\/wp\/v2\/media\/20420"}],"wp:attachment":[{"href":"https:\/\/ikigaiexperience.com.br\/en\/wp-json\/wp\/v2\/media?parent=9306"}],"wp:term":[{"taxonomy":"product_cat","embeddable":true,"href":"https:\/\/ikigaiexperience.com.br\/en\/wp-json\/wp\/v2\/product_cat?post=9306"},{"taxonomy":"product_tag","embeddable":true,"href":"https:\/\/ikigaiexperience.com.br\/en\/wp-json\/wp\/v2\/product_tag?post=9306"}],"curies":[{"name":"wp","href":"https:\/\/api.w.org\/{rel}","templated":true}]}}