{"id":9283,"date":"2021-11-17T11:45:25","date_gmt":"2021-11-17T14:45:25","guid":{"rendered":"https:\/\/ikigaiexperience.com.br\/?post_type=product&#038;p=9283"},"modified":"2024-06-18T17:40:49","modified_gmt":"2024-06-18T20:40:49","slug":"mergulho-buzios-batismo","status":"publish","type":"product","link":"https:\/\/ikigaiexperience.com.br\/en\/experiencias\/scuba-diving-buzios\/","title":{"rendered":"B\u00fazios Diving \u2013 Embarked"},"content":{"rendered":"<h3>Diving B\u00fazios Embarcado \u2013 Anchor Island<\/h3>\n<p>The B\u00fazios diving in the baptism modality, gives the opportunity for beginners and first-time divers, to know some of the richest points in marine life in Brazil.<\/p>\n<p>Buzios is located in the region known as the lakes region, known nationally for its excellent diving spots, among which we can list:<\/p>\n<ul>\n<li>Ilha da \u00c2ncora: one of the most famous and sought after spots in B\u00fazios, considered the best diving spot in Rio de Janeiro, with visibility that can reach 50m, a rich marine life and large rocks.<\/li>\n<li>Gravat\u00e1s Island: on the way to Ilha da \u00c2ncora, diving more suitable for more experienced divers.<\/li>\n<li>Ilha Branca: very popular for diving, it has rock formations at the bottom of the sea, forming an incredible landscape, in addition to the almost certain guarantee of diving with the turtles.<\/li>\n<\/ul>\n<p>Among other islands and spots, we can also mention Ilha Feia, Laje dos Alagados, Wakama, The Point, among others, which also provide excellent diving.<\/p>\n<p>Important: The definition of the destination takes place on the day of the experience, given weather conditions and the experience of the divers.<\/p>\n<h3>What&#039;s Included<\/h3>\n<p>In diving you will receive a brief training with all the necessary instructions for your comfort and safety during the dive.<\/p>\n<p>There is no need for previous experience, you don&#039;t even need to know how to swim.<\/p>\n<p>All necessary clothing and equipment will be provided for the execution of the experiment. In addition, a certified diver instructor will always accompany you during the dive.<\/p>\n<p>Snacks on the boat are also included in the package.<\/p>\n<h3>The B\u00fazios Embarcado Diving Experience<\/h3>\n<p>The meeting takes place in Porto Veleiro. From there, we depart by boat to the chosen Island, the tour lasts approximately 1h00, arriving there will be a dive of an average of 40 minutes underwater together with a qualified instructor.<\/p>\n<p>The diving depth is up to 8 meters.<\/p>\n<p>The minimum age is 8 years, minors must have authorization from their guardians to perform the dive.<\/p>\n<h3>extras<\/h3>\n<p>If someone wants to accompany you on the boat, but does not want to go diving, we have the option of purchasing a tour as a companion + snorkel for R$125.<\/p>\n<p>If you want personalized underwater photos of the tour, the price is R$250 for up to 2 people. The package consists of<span style=\"font-weight: 400;\"> 60 to 80 photographs divided between land and water, with photo by photo editing. <\/span><span style=\"font-weight: 400;\">In addition to the photos, a 3 to 4 minute video of the best moments will be delivered, edited and with music.<\/span><\/p>","protected":false},"excerpt":{"rendered":"<p>The baptism dive on board in B\u00fazios, offers the opportunity for those who do not have any previous experience, to dive in some of the best ranked diving spots in Brazil. Enjoy a 1-hour boat ride to the destination island and a 40-minute experience, diving with the accompaniment of an instructor to a depth of up to 8m. The duration is 1 hour of boat trip to the destination island and 2 dives in two different points, accompanied by a Dive Master guide.<\/p>","protected":false},"featured_media":9289,"parent":0,"template":"","meta":[],"product_cat":[29],"product_tag":[],"yoast_head":"<!-- This site is optimized with the Yoast SEO plugin v20.0 - https:\/\/yoast.com\/wordpress\/plugins\/seo\/ -->\n<title>Mergulho B\u00fazios - Batismo nas Ilhas da Regi\u00e3o | Ikigai Experience<\/title>\n<meta name=\"description\" content=\"Venha se aventurar fazendo mergulho de cilindro nas ilhas pr\u00f3ximas de B\u00fazios. Conhe\u00e7a fauna marinha do Mergulho B\u00fazios Embarcado.\" \/>\n<meta name=\"robots\" content=\"index, follow, max-snippet:-1, max-image-preview:large, max-video-preview:-1\" \/>\n<link rel=\"canonical\" href=\"https:\/\/ikigaiexperience.com.br\/en\/experiencias\/scuba-diving-buzios\/\" \/>\n<meta property=\"og:locale\" content=\"en_US\" \/>\n<meta property=\"og:type\" content=\"article\" \/>\n<meta property=\"og:title\" content=\"Mergulho B\u00fazios - Batismo nas Ilhas da Regi\u00e3o | Ikigai Experience\" \/>\n<meta property=\"og:description\" content=\"Venha se aventurar fazendo mergulho de cilindro nas ilhas pr\u00f3ximas de B\u00fazios. Conhe\u00e7a fauna marinha do Mergulho B\u00fazios Embarcado.\" \/>\n<meta property=\"og:url\" content=\"https:\/\/ikigaiexperience.com.br\/en\/experiencias\/scuba-diving-buzios\/\" \/>\n<meta property=\"og:site_name\" content=\"Ikigai Experience\" \/>\n<meta property=\"article:publisher\" content=\"https:\/\/www.facebook.com\/Ikigai-Experience-100452311832822\" \/>\n<meta property=\"article:modified_time\" content=\"2024-06-18T20:40:49+00:00\" \/>\n<meta property=\"og:image\" content=\"https:\/\/ikigaiexperience.com.br\/wp-content\/uploads\/2021\/11\/mergulho-buzios-ancora.jpg\" \/>\n\t<meta property=\"og:image:width\" content=\"924\" \/>\n\t<meta property=\"og:image:height\" content=\"615\" \/>\n\t<meta property=\"og:image:type\" content=\"image\/jpeg\" \/>\n<meta name=\"twitter:card\" content=\"summary_large_image\" \/>\n<meta name=\"twitter:label1\" content=\"Est. tempo de leitura\" \/>\n\t<meta name=\"twitter:data1\" content=\"3 minutes\" \/>\n<script type=\"application\/ld+json\" class=\"yoast-schema-graph\">{\"@context\":\"https:\/\/schema.org\",\"@graph\":[{\"@type\":\"WebPage\",\"@id\":\"https:\/\/ikigaiexperience.com.br\/experiencias\/mergulho-buzios-batismo\/\",\"url\":\"https:\/\/ikigaiexperience.com.br\/experiencias\/mergulho-buzios-batismo\/\",\"name\":\"Mergulho B\u00fazios - Batismo nas Ilhas da Regi\u00e3o | Ikigai Experience\",\"isPartOf\":{\"@id\":\"https:\/\/ikigaiexperience.com.br\/#website\"},\"datePublished\":\"2021-11-17T14:45:25+00:00\",\"dateModified\":\"2024-06-18T20:40:49+00:00\",\"description\":\"Venha se aventurar fazendo mergulho de cilindro nas ilhas pr\u00f3ximas de B\u00fazios. Conhe\u00e7a fauna marinha do Mergulho B\u00fazios Embarcado.\",\"breadcrumb\":{\"@id\":\"https:\/\/ikigaiexperience.com.br\/experiencias\/mergulho-buzios-batismo\/#breadcrumb\"},\"inLanguage\":\"en-US\",\"potentialAction\":[{\"@type\":\"ReadAction\",\"target\":[\"https:\/\/ikigaiexperience.com.br\/experiencias\/mergulho-buzios-batismo\/\"]}]},{\"@type\":\"BreadcrumbList\",\"@id\":\"https:\/\/ikigaiexperience.com.br\/experiencias\/mergulho-buzios-batismo\/#breadcrumb\",\"itemListElement\":[{\"@type\":\"ListItem\",\"position\":1,\"name\":\"In\u00edcio\",\"item\":\"https:\/\/ikigaiexperience.com.br\/\"},{\"@type\":\"ListItem\",\"position\":2,\"name\":\"Mergulho\",\"item\":\"https:\/\/ikigaiexperience.com.br\/experiencia-categoria\/mergulho\/\"},{\"@type\":\"ListItem\",\"position\":3,\"name\":\"Mergulho B\u00fazios &#8211; Embarcado\"}]},{\"@type\":\"WebSite\",\"@id\":\"https:\/\/ikigaiexperience.com.br\/#website\",\"url\":\"https:\/\/ikigaiexperience.com.br\/\",\"name\":\"Ikigai Experience\",\"description\":\"Reserve seu mergulho de um modo f\u00e1cil, r\u00e1pido e divertido.\",\"publisher\":{\"@id\":\"https:\/\/ikigaiexperience.com.br\/#organization\"},\"potentialAction\":[{\"@type\":\"SearchAction\",\"target\":{\"@type\":\"EntryPoint\",\"urlTemplate\":\"https:\/\/ikigaiexperience.com.br\/?s={search_term_string}\"},\"query-input\":\"required name=search_term_string\"}],\"inLanguage\":\"en-US\"},{\"@type\":\"Organization\",\"@id\":\"https:\/\/ikigaiexperience.com.br\/#organization\",\"name\":\"Ikigai Experience\",\"url\":\"https:\/\/ikigaiexperience.com.br\/\",\"logo\":{\"@type\":\"ImageObject\",\"inLanguage\":\"en-US\",\"@id\":\"https:\/\/ikigaiexperience.com.br\/#\/schema\/logo\/image\/\",\"url\":\"https:\/\/ikigaiexperience.com.br\/wp-content\/uploads\/2021\/06\/Ikigai-Experience-Horizontal-Branco.png\",\"contentUrl\":\"https:\/\/ikigaiexperience.com.br\/wp-content\/uploads\/2021\/06\/Ikigai-Experience-Horizontal-Branco.png\",\"width\":924,\"height\":249,\"caption\":\"Ikigai Experience\"},\"image\":{\"@id\":\"https:\/\/ikigaiexperience.com.br\/#\/schema\/logo\/image\/\"},\"sameAs\":[\"https:\/\/www.instagram.com\/theikigaiexperience\/\",\"https:\/\/www.linkedin.com\/company\/ikigai-experience\",\"https:\/\/www.youtube.com\/channel\/UC8qpgAQ3P89h79oP9ymmo7Q\",\"https:\/\/www.facebook.com\/Ikigai-Experience-100452311832822\"]}]}<\/script>\n<!-- \/ Yoast SEO plugin. -->","yoast_head_json":{"title":"Mergulho B\u00fazios - Batismo nas Ilhas da Regi\u00e3o | Ikigai Experience","description":"Venha se aventurar fazendo mergulho de cilindro nas ilhas pr\u00f3ximas de B\u00fazios. Conhe\u00e7a fauna marinha do Mergulho B\u00fazios Embarcado.","robots":{"index":"index","follow":"follow","max-snippet":"max-snippet:-1","max-image-preview":"max-image-preview:large","max-video-preview":"max-video-preview:-1"},"canonical":"https:\/\/ikigaiexperience.com.br\/en\/experiencias\/scuba-diving-buzios\/","og_locale":"en_US","og_type":"article","og_title":"Mergulho B\u00fazios - Batismo nas Ilhas da Regi\u00e3o | Ikigai Experience","og_description":"Venha se aventurar fazendo mergulho de cilindro nas ilhas pr\u00f3ximas de B\u00fazios. Conhe\u00e7a fauna marinha do Mergulho B\u00fazios Embarcado.","og_url":"https:\/\/ikigaiexperience.com.br\/en\/experiencias\/scuba-diving-buzios\/","og_site_name":"Ikigai Experience","article_publisher":"https:\/\/www.facebook.com\/Ikigai-Experience-100452311832822","article_modified_time":"2024-06-18T20:40:49+00:00","og_image":[{"width":924,"height":615,"url":"https:\/\/ikigaiexperience.com.br\/wp-content\/uploads\/2021\/11\/mergulho-buzios-ancora.jpg","type":"image\/jpeg"}],"twitter_card":"summary_large_image","twitter_misc":{"Est. tempo de leitura":"3 minutes"},"schema":{"@context":"https:\/\/schema.org","@graph":[{"@type":"WebPage","@id":"https:\/\/ikigaiexperience.com.br\/experiencias\/mergulho-buzios-batismo\/","url":"https:\/\/ikigaiexperience.com.br\/experiencias\/mergulho-buzios-batismo\/","name":"Mergulho B\u00fazios - Batismo nas Ilhas da Regi\u00e3o | Ikigai Experience","isPartOf":{"@id":"https:\/\/ikigaiexperience.com.br\/#website"},"datePublished":"2021-11-17T14:45:25+00:00","dateModified":"2024-06-18T20:40:49+00:00","description":"Venha se aventurar fazendo mergulho de cilindro nas ilhas pr\u00f3ximas de B\u00fazios. Conhe\u00e7a fauna marinha do Mergulho B\u00fazios Embarcado.","breadcrumb":{"@id":"https:\/\/ikigaiexperience.com.br\/experiencias\/mergulho-buzios-batismo\/#breadcrumb"},"inLanguage":"en-US","potentialAction":[{"@type":"ReadAction","target":["https:\/\/ikigaiexperience.com.br\/experiencias\/mergulho-buzios-batismo\/"]}]},{"@type":"BreadcrumbList","@id":"https:\/\/ikigaiexperience.com.br\/experiencias\/mergulho-buzios-batismo\/#breadcrumb","itemListElement":[{"@type":"ListItem","position":1,"name":"In\u00edcio","item":"https:\/\/ikigaiexperience.com.br\/"},{"@type":"ListItem","position":2,"name":"Mergulho","item":"https:\/\/ikigaiexperience.com.br\/experiencia-categoria\/mergulho\/"},{"@type":"ListItem","position":3,"name":"Mergulho B\u00fazios &#8211; Embarcado"}]},{"@type":"WebSite","@id":"https:\/\/ikigaiexperience.com.br\/#website","url":"https:\/\/ikigaiexperience.com.br\/","name":"Ikigai Experience","description":"Reserve seu mergulho de um modo f\u00e1cil, r\u00e1pido e divertido.","publisher":{"@id":"https:\/\/ikigaiexperience.com.br\/#organization"},"potentialAction":[{"@type":"SearchAction","target":{"@type":"EntryPoint","urlTemplate":"https:\/\/ikigaiexperience.com.br\/?s={search_term_string}"},"query-input":"required name=search_term_string"}],"inLanguage":"en-US"},{"@type":"Organization","@id":"https:\/\/ikigaiexperience.com.br\/#organization","name":"Ikigai Experience","url":"https:\/\/ikigaiexperience.com.br\/","logo":{"@type":"ImageObject","inLanguage":"en-US","@id":"https:\/\/ikigaiexperience.com.br\/#\/schema\/logo\/image\/","url":"https:\/\/ikigaiexperience.com.br\/wp-content\/uploads\/2021\/06\/Ikigai-Experience-Horizontal-Branco.png","contentUrl":"https:\/\/ikigaiexperience.com.br\/wp-content\/uploads\/2021\/06\/Ikigai-Experience-Horizontal-Branco.png","width":924,"height":249,"caption":"Ikigai Experience"},"image":{"@id":"https:\/\/ikigaiexperience.com.br\/#\/schema\/logo\/image\/"},"sameAs":["https:\/\/www.instagram.com\/theikigaiexperience\/","https:\/\/www.linkedin.com\/company\/ikigai-experience","https:\/\/www.youtube.com\/channel\/UC8qpgAQ3P89h79oP9ymmo7Q","https:\/\/www.facebook.com\/Ikigai-Experience-100452311832822"]}]}},"_links":{"self":[{"href":"https:\/\/ikigaiexperience.com.br\/en\/wp-json\/wp\/v2\/product\/9283"}],"collection":[{"href":"https:\/\/ikigaiexperience.com.br\/en\/wp-json\/wp\/v2\/product"}],"about":[{"href":"https:\/\/ikigaiexperience.com.br\/en\/wp-json\/wp\/v2\/types\/product"}],"version-history":[{"count":1,"href":"https:\/\/ikigaiexperience.com.br\/en\/wp-json\/wp\/v2\/product\/9283\/revisions"}],"predecessor-version":[{"id":23100,"href":"https:\/\/ikigaiexperience.com.br\/en\/wp-json\/wp\/v2\/product\/9283\/revisions\/23100"}],"wp:featuredmedia":[{"embeddable":true,"href":"https:\/\/ikigaiexperience.com.br\/en\/wp-json\/wp\/v2\/media\/9289"}],"wp:attachment":[{"href":"https:\/\/ikigaiexperience.com.br\/en\/wp-json\/wp\/v2\/media?parent=9283"}],"wp:term":[{"taxonomy":"product_cat","embeddable":true,"href":"https:\/\/ikigaiexperience.com.br\/en\/wp-json\/wp\/v2\/product_cat?post=9283"},{"taxonomy":"product_tag","embeddable":true,"href":"https:\/\/ikigaiexperience.com.br\/en\/wp-json\/wp\/v2\/product_tag?post=9283"}],"curies":[{"name":"wp","href":"https:\/\/api.w.org\/{rel}","templated":true}]}}