{"id":9157,"date":"2021-11-12T18:43:42","date_gmt":"2021-11-12T21:43:42","guid":{"rendered":"https:\/\/ikigaiexperience.com.br\/?post_type=product&#038;p=9157"},"modified":"2024-06-18T17:48:10","modified_gmt":"2024-06-18T20:48:10","slug":"mergulho-ilhabela-ilha-das-cabras","status":"publish","type":"product","link":"https:\/\/ikigaiexperience.com.br\/en\/experiencias\/scuba-diving-ilhabela\/","title":{"rendered":"Diving Ilhabela \u2013 Ilha das Cabras"},"content":{"rendered":"<h3>The Island of Goats<\/h3>\n<p>Also known as Ecological Marine Sanctuary, Ilha das Cabras is considered one of the main diving spots in Ilhabela and one of the most sought after spots for diving on the north coast of S\u00e3o Paulo.<\/p>\n<p>It is located 100 meters from the coast, facing Pedras Mi\u00fadas beach. Being an ideal point for beginners in scuba diving.<\/p>\n<p>Diving in Ilha das Cabras is famous because of its easy accessibility, high visibility under the water and having a rich marine fauna and flora, such as rays, turtles, sea horses and several species of fish, such as wrasses, monks, sea bass. and corals.<\/p>\n<p>In addition to the fauna and flora, it has famous attractions such as the statue of Neptune and the bicycle, making diving a circuit of guaranteed fun.<\/p>\n<h3>The experience of diving in Ilhabela on Ilha das Cabras<\/h3>\n<p>The meeting takes place on Avenida Brasil, close to the island.<\/p>\n<p>The tour lasts 1h30, with 30 minutes of theoretical explanation, 10 minutes of surface-equipped training and an average of 50 minutes underwater with a qualified instructor.<\/p>\n<p>The diving depth is up to 6 meters.<\/p>\n<p>The minimum age is 8 years, minors must have authorization from their guardians to perform the dive.<\/p>","protected":false},"excerpt":{"rendered":"<p>Diving in Ilha das Cabras is a unique experience in Ilhabela. Being perfect for those who want to have their first underwater adventure, in a practical, fun and safe way! No previous experience is required, not even knowing how to swim.<\/p>\n<p>The experience includes 40 minutes of scuba diving accompanied by an instructor. After and before the dive, it is still possible to snorkel (surface diving) around the island, at no additional cost.<\/p>","protected":false},"featured_media":9160,"parent":0,"template":"","meta":[],"product_cat":[29],"product_tag":[],"yoast_head":"<!-- This site is optimized with the Yoast SEO plugin v20.0 - https:\/\/yoast.com\/wordpress\/plugins\/seo\/ -->\n<title>Mergulho Ilhabela Ilha das Cabras - Ikigai Experience<\/title>\n<meta name=\"description\" content=\"O mergulho Ilhabela na Ilha das Cabras oferece um circuito de atra\u00e7\u00f5es que entret\u00e9m dos iniciantes at\u00e9 mergulhadores avan\u00e7ados. N\u00e3o perca!\" \/>\n<meta name=\"robots\" content=\"index, follow, max-snippet:-1, max-image-preview:large, max-video-preview:-1\" \/>\n<link rel=\"canonical\" href=\"https:\/\/ikigaiexperience.com.br\/en\/experiencias\/scuba-diving-ilhabela\/\" \/>\n<meta property=\"og:locale\" content=\"en_US\" \/>\n<meta property=\"og:type\" content=\"article\" \/>\n<meta property=\"og:title\" content=\"Mergulho Ilhabela Ilha das Cabras - Ikigai Experience\" \/>\n<meta property=\"og:description\" content=\"O mergulho Ilhabela na Ilha das Cabras oferece um circuito de atra\u00e7\u00f5es que entret\u00e9m dos iniciantes at\u00e9 mergulhadores avan\u00e7ados. N\u00e3o perca!\" \/>\n<meta property=\"og:url\" content=\"https:\/\/ikigaiexperience.com.br\/en\/experiencias\/scuba-diving-ilhabela\/\" \/>\n<meta property=\"og:site_name\" content=\"Ikigai Experience\" \/>\n<meta property=\"article:publisher\" content=\"https:\/\/www.facebook.com\/Ikigai-Experience-100452311832822\" \/>\n<meta property=\"article:modified_time\" content=\"2024-06-18T20:48:10+00:00\" \/>\n<meta property=\"og:image\" content=\"https:\/\/ikigaiexperience.com.br\/wp-content\/uploads\/2021\/11\/mergulho-ilhabela-batismo.jpg\" \/>\n\t<meta property=\"og:image:width\" content=\"924\" \/>\n\t<meta property=\"og:image:height\" content=\"615\" \/>\n\t<meta property=\"og:image:type\" content=\"image\/jpeg\" \/>\n<meta name=\"twitter:card\" content=\"summary_large_image\" \/>\n<meta name=\"twitter:label1\" content=\"Est. tempo de leitura\" \/>\n\t<meta name=\"twitter:data1\" content=\"2 minutes\" \/>\n<script type=\"application\/ld+json\" class=\"yoast-schema-graph\">{\"@context\":\"https:\/\/schema.org\",\"@graph\":[{\"@type\":\"WebPage\",\"@id\":\"https:\/\/ikigaiexperience.com.br\/experiencias\/mergulho-ilhabela-ilha-das-cabras\/\",\"url\":\"https:\/\/ikigaiexperience.com.br\/experiencias\/mergulho-ilhabela-ilha-das-cabras\/\",\"name\":\"Mergulho Ilhabela Ilha das Cabras - Ikigai Experience\",\"isPartOf\":{\"@id\":\"https:\/\/ikigaiexperience.com.br\/#website\"},\"datePublished\":\"2021-11-12T21:43:42+00:00\",\"dateModified\":\"2024-06-18T20:48:10+00:00\",\"description\":\"O mergulho Ilhabela na Ilha das Cabras oferece um circuito de atra\u00e7\u00f5es que entret\u00e9m dos iniciantes at\u00e9 mergulhadores avan\u00e7ados. N\u00e3o perca!\",\"breadcrumb\":{\"@id\":\"https:\/\/ikigaiexperience.com.br\/experiencias\/mergulho-ilhabela-ilha-das-cabras\/#breadcrumb\"},\"inLanguage\":\"en-US\",\"potentialAction\":[{\"@type\":\"ReadAction\",\"target\":[\"https:\/\/ikigaiexperience.com.br\/experiencias\/mergulho-ilhabela-ilha-das-cabras\/\"]}]},{\"@type\":\"BreadcrumbList\",\"@id\":\"https:\/\/ikigaiexperience.com.br\/experiencias\/mergulho-ilhabela-ilha-das-cabras\/#breadcrumb\",\"itemListElement\":[{\"@type\":\"ListItem\",\"position\":1,\"name\":\"In\u00edcio\",\"item\":\"https:\/\/ikigaiexperience.com.br\/\"},{\"@type\":\"ListItem\",\"position\":2,\"name\":\"Mergulho\",\"item\":\"https:\/\/ikigaiexperience.com.br\/experiencia-categoria\/mergulho\/\"},{\"@type\":\"ListItem\",\"position\":3,\"name\":\"Mergulho Ilhabela &#8211; Ilha das Cabras\"}]},{\"@type\":\"WebSite\",\"@id\":\"https:\/\/ikigaiexperience.com.br\/#website\",\"url\":\"https:\/\/ikigaiexperience.com.br\/\",\"name\":\"Ikigai Experience\",\"description\":\"Reserve seu mergulho de um modo f\u00e1cil, r\u00e1pido e divertido.\",\"publisher\":{\"@id\":\"https:\/\/ikigaiexperience.com.br\/#organization\"},\"potentialAction\":[{\"@type\":\"SearchAction\",\"target\":{\"@type\":\"EntryPoint\",\"urlTemplate\":\"https:\/\/ikigaiexperience.com.br\/?s={search_term_string}\"},\"query-input\":\"required name=search_term_string\"}],\"inLanguage\":\"en-US\"},{\"@type\":\"Organization\",\"@id\":\"https:\/\/ikigaiexperience.com.br\/#organization\",\"name\":\"Ikigai Experience\",\"url\":\"https:\/\/ikigaiexperience.com.br\/\",\"logo\":{\"@type\":\"ImageObject\",\"inLanguage\":\"en-US\",\"@id\":\"https:\/\/ikigaiexperience.com.br\/#\/schema\/logo\/image\/\",\"url\":\"https:\/\/ikigaiexperience.com.br\/wp-content\/uploads\/2021\/06\/Ikigai-Experience-Horizontal-Branco.png\",\"contentUrl\":\"https:\/\/ikigaiexperience.com.br\/wp-content\/uploads\/2021\/06\/Ikigai-Experience-Horizontal-Branco.png\",\"width\":924,\"height\":249,\"caption\":\"Ikigai Experience\"},\"image\":{\"@id\":\"https:\/\/ikigaiexperience.com.br\/#\/schema\/logo\/image\/\"},\"sameAs\":[\"https:\/\/www.instagram.com\/theikigaiexperience\/\",\"https:\/\/www.linkedin.com\/company\/ikigai-experience\",\"https:\/\/www.youtube.com\/channel\/UC8qpgAQ3P89h79oP9ymmo7Q\",\"https:\/\/www.facebook.com\/Ikigai-Experience-100452311832822\"]}]}<\/script>\n<!-- \/ Yoast SEO plugin. -->","yoast_head_json":{"title":"Mergulho Ilhabela Ilha das Cabras - Ikigai Experience","description":"O mergulho Ilhabela na Ilha das Cabras oferece um circuito de atra\u00e7\u00f5es que entret\u00e9m dos iniciantes at\u00e9 mergulhadores avan\u00e7ados. N\u00e3o perca!","robots":{"index":"index","follow":"follow","max-snippet":"max-snippet:-1","max-image-preview":"max-image-preview:large","max-video-preview":"max-video-preview:-1"},"canonical":"https:\/\/ikigaiexperience.com.br\/en\/experiencias\/scuba-diving-ilhabela\/","og_locale":"en_US","og_type":"article","og_title":"Mergulho Ilhabela Ilha das Cabras - Ikigai Experience","og_description":"O mergulho Ilhabela na Ilha das Cabras oferece um circuito de atra\u00e7\u00f5es que entret\u00e9m dos iniciantes at\u00e9 mergulhadores avan\u00e7ados. N\u00e3o perca!","og_url":"https:\/\/ikigaiexperience.com.br\/en\/experiencias\/scuba-diving-ilhabela\/","og_site_name":"Ikigai Experience","article_publisher":"https:\/\/www.facebook.com\/Ikigai-Experience-100452311832822","article_modified_time":"2024-06-18T20:48:10+00:00","og_image":[{"width":924,"height":615,"url":"https:\/\/ikigaiexperience.com.br\/wp-content\/uploads\/2021\/11\/mergulho-ilhabela-batismo.jpg","type":"image\/jpeg"}],"twitter_card":"summary_large_image","twitter_misc":{"Est. tempo de leitura":"2 minutes"},"schema":{"@context":"https:\/\/schema.org","@graph":[{"@type":"WebPage","@id":"https:\/\/ikigaiexperience.com.br\/experiencias\/mergulho-ilhabela-ilha-das-cabras\/","url":"https:\/\/ikigaiexperience.com.br\/experiencias\/mergulho-ilhabela-ilha-das-cabras\/","name":"Mergulho Ilhabela Ilha das Cabras - Ikigai Experience","isPartOf":{"@id":"https:\/\/ikigaiexperience.com.br\/#website"},"datePublished":"2021-11-12T21:43:42+00:00","dateModified":"2024-06-18T20:48:10+00:00","description":"O mergulho Ilhabela na Ilha das Cabras oferece um circuito de atra\u00e7\u00f5es que entret\u00e9m dos iniciantes at\u00e9 mergulhadores avan\u00e7ados. N\u00e3o perca!","breadcrumb":{"@id":"https:\/\/ikigaiexperience.com.br\/experiencias\/mergulho-ilhabela-ilha-das-cabras\/#breadcrumb"},"inLanguage":"en-US","potentialAction":[{"@type":"ReadAction","target":["https:\/\/ikigaiexperience.com.br\/experiencias\/mergulho-ilhabela-ilha-das-cabras\/"]}]},{"@type":"BreadcrumbList","@id":"https:\/\/ikigaiexperience.com.br\/experiencias\/mergulho-ilhabela-ilha-das-cabras\/#breadcrumb","itemListElement":[{"@type":"ListItem","position":1,"name":"In\u00edcio","item":"https:\/\/ikigaiexperience.com.br\/"},{"@type":"ListItem","position":2,"name":"Mergulho","item":"https:\/\/ikigaiexperience.com.br\/experiencia-categoria\/mergulho\/"},{"@type":"ListItem","position":3,"name":"Mergulho Ilhabela &#8211; Ilha das Cabras"}]},{"@type":"WebSite","@id":"https:\/\/ikigaiexperience.com.br\/#website","url":"https:\/\/ikigaiexperience.com.br\/","name":"Ikigai Experience","description":"Reserve seu mergulho de um modo f\u00e1cil, r\u00e1pido e divertido.","publisher":{"@id":"https:\/\/ikigaiexperience.com.br\/#organization"},"potentialAction":[{"@type":"SearchAction","target":{"@type":"EntryPoint","urlTemplate":"https:\/\/ikigaiexperience.com.br\/?s={search_term_string}"},"query-input":"required name=search_term_string"}],"inLanguage":"en-US"},{"@type":"Organization","@id":"https:\/\/ikigaiexperience.com.br\/#organization","name":"Ikigai Experience","url":"https:\/\/ikigaiexperience.com.br\/","logo":{"@type":"ImageObject","inLanguage":"en-US","@id":"https:\/\/ikigaiexperience.com.br\/#\/schema\/logo\/image\/","url":"https:\/\/ikigaiexperience.com.br\/wp-content\/uploads\/2021\/06\/Ikigai-Experience-Horizontal-Branco.png","contentUrl":"https:\/\/ikigaiexperience.com.br\/wp-content\/uploads\/2021\/06\/Ikigai-Experience-Horizontal-Branco.png","width":924,"height":249,"caption":"Ikigai Experience"},"image":{"@id":"https:\/\/ikigaiexperience.com.br\/#\/schema\/logo\/image\/"},"sameAs":["https:\/\/www.instagram.com\/theikigaiexperience\/","https:\/\/www.linkedin.com\/company\/ikigai-experience","https:\/\/www.youtube.com\/channel\/UC8qpgAQ3P89h79oP9ymmo7Q","https:\/\/www.facebook.com\/Ikigai-Experience-100452311832822"]}]}},"_links":{"self":[{"href":"https:\/\/ikigaiexperience.com.br\/en\/wp-json\/wp\/v2\/product\/9157"}],"collection":[{"href":"https:\/\/ikigaiexperience.com.br\/en\/wp-json\/wp\/v2\/product"}],"about":[{"href":"https:\/\/ikigaiexperience.com.br\/en\/wp-json\/wp\/v2\/types\/product"}],"version-history":[{"count":1,"href":"https:\/\/ikigaiexperience.com.br\/en\/wp-json\/wp\/v2\/product\/9157\/revisions"}],"predecessor-version":[{"id":21956,"href":"https:\/\/ikigaiexperience.com.br\/en\/wp-json\/wp\/v2\/product\/9157\/revisions\/21956"}],"wp:featuredmedia":[{"embeddable":true,"href":"https:\/\/ikigaiexperience.com.br\/en\/wp-json\/wp\/v2\/media\/9160"}],"wp:attachment":[{"href":"https:\/\/ikigaiexperience.com.br\/en\/wp-json\/wp\/v2\/media?parent=9157"}],"wp:term":[{"taxonomy":"product_cat","embeddable":true,"href":"https:\/\/ikigaiexperience.com.br\/en\/wp-json\/wp\/v2\/product_cat?post=9157"},{"taxonomy":"product_tag","embeddable":true,"href":"https:\/\/ikigaiexperience.com.br\/en\/wp-json\/wp\/v2\/product_tag?post=9157"}],"curies":[{"name":"wp","href":"https:\/\/api.w.org\/{rel}","templated":true}]}}