{"id":22432,"date":"2023-01-16T16:48:50","date_gmt":"2023-01-16T19:48:50","guid":{"rendered":"https:\/\/ikigaiexperience.com.br\/?post_type=product&#038;p=22432"},"modified":"2023-12-19T17:57:41","modified_gmt":"2023-12-19T20:57:41","slug":"mergulho-maragogi-barreira-de-corais","status":"publish","type":"product","link":"https:\/\/ikigaiexperience.com.br\/en\/experiencias\/diving-maragogi-barrier-of-reefs\/","title":{"rendered":"Diving Maragogi \u2013 Barrier Reef"},"content":{"rendered":"<h3>Diving in Maragogi in the Coral Barriers<\/h3>\n<p><span style=\"font-weight: 400;\">Maragogi diving is ideal for those who want to take a leisurely swim at their own pace, in the waters protected by the second largest barrier reef in Latin America.<\/span><\/p>\n<p><span style=\"font-weight: 400;\">With more than 185 kilometers of extension, going from the south coast of Pernambuco to the north of Alagoas, the natural pools are home to more than 30 species of fish and you can find more than 10 species of corals.<\/span><\/p>\n<p><span style=\"font-weight: 400;\">This unique beauty makes the region a unique place for diving, whether for first-time divers or more experienced divers.\u00a0<\/span><\/p>\n<h3>What is included in the tour<\/h3>\n<p>The boat trip and all the necessary equipment for its practice are included in the diving. In addition to training and instructor support throughout the experience<\/p>\n<p>&nbsp;<\/p>\n<h3>The diving experience in Maragogi<\/h3>\n<p><span style=\"font-weight: 400;\">The experience starts with <\/span>a brief training with all the necessary instructions for your comfort and safety during the dive, followed by an adaptation already in the sea.<\/p>\n<p><span style=\"font-weight: 400;\">After the preparations and initial adaptation, you will be ready to dive through the Barrier Reef at a depth of up to 10 meters, always accompanied by the guide instructor.<\/span><\/p>\n<p>For beginners in scuba diving, this is a sure experience of fun and satisfaction with their first scuba dive, and for certified experts it is a plate full of discoveries.<\/p>\n<p>&nbsp;<\/p>","protected":false},"excerpt":{"rendered":"<p>The best diving quality in the Maragogi region. Diving on the coral reef is the perfect opportunity to live your first diving experience, without needing any previous experience, not even knowing how to swim. About 15 minutes by boat to the dive site. 15 minutes of adaptation and training and 40 minutes of diving in natural pools, accompanied by an instructor guide at a depth of up to 10 meters.<\/p>","protected":false},"featured_media":22435,"parent":0,"template":"","meta":[],"product_cat":[29],"product_tag":[],"yoast_head":"<!-- This site is optimized with the Yoast SEO plugin v20.0 - https:\/\/yoast.com\/wordpress\/plugins\/seo\/ -->\n<title>Mergulho Maragogi - Barreira de Corais - Ikigai Experience<\/title>\n<meta name=\"description\" content=\"Fa\u00e7a j\u00e1 seu mergulho em Maragogi nas Barreiras de Corais, um dos melhores pontos de mergulho de Maragogi e regi\u00e3o. Reservas online.\" \/>\n<meta name=\"robots\" content=\"index, follow, max-snippet:-1, max-image-preview:large, max-video-preview:-1\" \/>\n<link rel=\"canonical\" href=\"https:\/\/ikigaiexperience.com.br\/en\/experiencias\/scuba-diving-maragogi\/\" \/>\n<meta property=\"og:locale\" content=\"en_US\" \/>\n<meta property=\"og:type\" content=\"article\" \/>\n<meta property=\"og:title\" content=\"Mergulho Maragogi - Barreira de Corais - Ikigai Experience\" \/>\n<meta property=\"og:description\" content=\"Fa\u00e7a j\u00e1 seu mergulho em Maragogi nas Barreiras de Corais, um dos melhores pontos de mergulho de Maragogi e regi\u00e3o. Reservas online.\" \/>\n<meta property=\"og:url\" content=\"https:\/\/ikigaiexperience.com.br\/en\/experiencias\/scuba-diving-maragogi\/\" \/>\n<meta property=\"og:site_name\" content=\"Ikigai Experience\" \/>\n<meta property=\"article:publisher\" content=\"https:\/\/www.facebook.com\/Ikigai-Experience-100452311832822\" \/>\n<meta property=\"article:modified_time\" content=\"2023-12-19T20:57:41+00:00\" \/>\n<meta property=\"og:image\" content=\"https:\/\/ikigaiexperience.com.br\/wp-content\/uploads\/2023\/01\/mergulho-maragogi-1.jpeg\" \/>\n\t<meta property=\"og:image:width\" content=\"1600\" \/>\n\t<meta property=\"og:image:height\" content=\"1200\" \/>\n\t<meta property=\"og:image:type\" content=\"image\/jpeg\" \/>\n<meta name=\"twitter:card\" content=\"summary_large_image\" \/>\n<meta name=\"twitter:label1\" content=\"Est. tempo de leitura\" \/>\n\t<meta name=\"twitter:data1\" content=\"1 minute\" \/>\n<script type=\"application\/ld+json\" class=\"yoast-schema-graph\">{\"@context\":\"https:\/\/schema.org\",\"@graph\":[{\"@type\":\"WebPage\",\"@id\":\"https:\/\/ikigaiexperience.com.br\/experiencias\/mergulho-maragogi-barreira-de-corais\/\",\"url\":\"https:\/\/ikigaiexperience.com.br\/experiencias\/mergulho-maragogi\/\",\"name\":\"Mergulho Maragogi - Barreira de Corais - Ikigai Experience\",\"isPartOf\":{\"@id\":\"https:\/\/ikigaiexperience.com.br\/#website\"},\"datePublished\":\"2023-01-16T19:48:50+00:00\",\"dateModified\":\"2023-12-19T20:57:41+00:00\",\"description\":\"Fa\u00e7a j\u00e1 seu mergulho em Maragogi nas Barreiras de Corais, um dos melhores pontos de mergulho de Maragogi e regi\u00e3o. Reservas online.\",\"breadcrumb\":{\"@id\":\"https:\/\/ikigaiexperience.com.br\/experiencias\/mergulho-maragogi\/#breadcrumb\"},\"inLanguage\":\"en-US\",\"potentialAction\":[{\"@type\":\"ReadAction\",\"target\":[\"https:\/\/ikigaiexperience.com.br\/experiencias\/mergulho-maragogi\/\"]}]},{\"@type\":\"BreadcrumbList\",\"@id\":\"https:\/\/ikigaiexperience.com.br\/experiencias\/mergulho-maragogi\/#breadcrumb\",\"itemListElement\":[{\"@type\":\"ListItem\",\"position\":1,\"name\":\"In\u00edcio\",\"item\":\"https:\/\/ikigaiexperience.com.br\/\"},{\"@type\":\"ListItem\",\"position\":2,\"name\":\"Mergulho\",\"item\":\"https:\/\/ikigaiexperience.com.br\/experiencia-categoria\/mergulho\/\"},{\"@type\":\"ListItem\",\"position\":3,\"name\":\"Mergulho Maragogi &#8211; Barreira de Corais\"}]},{\"@type\":\"WebSite\",\"@id\":\"https:\/\/ikigaiexperience.com.br\/#website\",\"url\":\"https:\/\/ikigaiexperience.com.br\/\",\"name\":\"Ikigai Experience\",\"description\":\"Reserve seu mergulho de um modo f\u00e1cil, r\u00e1pido e divertido.\",\"publisher\":{\"@id\":\"https:\/\/ikigaiexperience.com.br\/#organization\"},\"potentialAction\":[{\"@type\":\"SearchAction\",\"target\":{\"@type\":\"EntryPoint\",\"urlTemplate\":\"https:\/\/ikigaiexperience.com.br\/?s={search_term_string}\"},\"query-input\":\"required name=search_term_string\"}],\"inLanguage\":\"en-US\"},{\"@type\":\"Organization\",\"@id\":\"https:\/\/ikigaiexperience.com.br\/#organization\",\"name\":\"Ikigai Experience\",\"url\":\"https:\/\/ikigaiexperience.com.br\/\",\"logo\":{\"@type\":\"ImageObject\",\"inLanguage\":\"en-US\",\"@id\":\"https:\/\/ikigaiexperience.com.br\/#\/schema\/logo\/image\/\",\"url\":\"https:\/\/ikigaiexperience.com.br\/wp-content\/uploads\/2021\/06\/Ikigai-Experience-Horizontal-Branco.png\",\"contentUrl\":\"https:\/\/ikigaiexperience.com.br\/wp-content\/uploads\/2021\/06\/Ikigai-Experience-Horizontal-Branco.png\",\"width\":924,\"height\":249,\"caption\":\"Ikigai Experience\"},\"image\":{\"@id\":\"https:\/\/ikigaiexperience.com.br\/#\/schema\/logo\/image\/\"},\"sameAs\":[\"https:\/\/www.instagram.com\/theikigaiexperience\/\",\"https:\/\/www.linkedin.com\/company\/ikigai-experience\",\"https:\/\/www.youtube.com\/channel\/UC8qpgAQ3P89h79oP9ymmo7Q\",\"https:\/\/www.facebook.com\/Ikigai-Experience-100452311832822\"]}]}<\/script>\n<!-- \/ Yoast SEO plugin. -->","yoast_head_json":{"title":"Mergulho Maragogi - Barreira de Corais - Ikigai Experience","description":"Fa\u00e7a j\u00e1 seu mergulho em Maragogi nas Barreiras de Corais, um dos melhores pontos de mergulho de Maragogi e regi\u00e3o. Reservas online.","robots":{"index":"index","follow":"follow","max-snippet":"max-snippet:-1","max-image-preview":"max-image-preview:large","max-video-preview":"max-video-preview:-1"},"canonical":"https:\/\/ikigaiexperience.com.br\/en\/experiencias\/scuba-diving-maragogi\/","og_locale":"en_US","og_type":"article","og_title":"Mergulho Maragogi - Barreira de Corais - Ikigai Experience","og_description":"Fa\u00e7a j\u00e1 seu mergulho em Maragogi nas Barreiras de Corais, um dos melhores pontos de mergulho de Maragogi e regi\u00e3o. Reservas online.","og_url":"https:\/\/ikigaiexperience.com.br\/en\/experiencias\/scuba-diving-maragogi\/","og_site_name":"Ikigai Experience","article_publisher":"https:\/\/www.facebook.com\/Ikigai-Experience-100452311832822","article_modified_time":"2023-12-19T20:57:41+00:00","og_image":[{"width":1600,"height":1200,"url":"https:\/\/ikigaiexperience.com.br\/wp-content\/uploads\/2023\/01\/mergulho-maragogi-1.jpeg","type":"image\/jpeg"}],"twitter_card":"summary_large_image","twitter_misc":{"Est. tempo de leitura":"1 minute"},"schema":{"@context":"https:\/\/schema.org","@graph":[{"@type":"WebPage","@id":"https:\/\/ikigaiexperience.com.br\/experiencias\/mergulho-maragogi-barreira-de-corais\/","url":"https:\/\/ikigaiexperience.com.br\/experiencias\/mergulho-maragogi\/","name":"Mergulho Maragogi - Barreira de Corais - Ikigai Experience","isPartOf":{"@id":"https:\/\/ikigaiexperience.com.br\/#website"},"datePublished":"2023-01-16T19:48:50+00:00","dateModified":"2023-12-19T20:57:41+00:00","description":"Fa\u00e7a j\u00e1 seu mergulho em Maragogi nas Barreiras de Corais, um dos melhores pontos de mergulho de Maragogi e regi\u00e3o. Reservas online.","breadcrumb":{"@id":"https:\/\/ikigaiexperience.com.br\/experiencias\/mergulho-maragogi\/#breadcrumb"},"inLanguage":"en-US","potentialAction":[{"@type":"ReadAction","target":["https:\/\/ikigaiexperience.com.br\/experiencias\/mergulho-maragogi\/"]}]},{"@type":"BreadcrumbList","@id":"https:\/\/ikigaiexperience.com.br\/experiencias\/mergulho-maragogi\/#breadcrumb","itemListElement":[{"@type":"ListItem","position":1,"name":"In\u00edcio","item":"https:\/\/ikigaiexperience.com.br\/"},{"@type":"ListItem","position":2,"name":"Mergulho","item":"https:\/\/ikigaiexperience.com.br\/experiencia-categoria\/mergulho\/"},{"@type":"ListItem","position":3,"name":"Mergulho Maragogi &#8211; Barreira de Corais"}]},{"@type":"WebSite","@id":"https:\/\/ikigaiexperience.com.br\/#website","url":"https:\/\/ikigaiexperience.com.br\/","name":"Ikigai Experience","description":"Reserve seu mergulho de um modo f\u00e1cil, r\u00e1pido e divertido.","publisher":{"@id":"https:\/\/ikigaiexperience.com.br\/#organization"},"potentialAction":[{"@type":"SearchAction","target":{"@type":"EntryPoint","urlTemplate":"https:\/\/ikigaiexperience.com.br\/?s={search_term_string}"},"query-input":"required name=search_term_string"}],"inLanguage":"en-US"},{"@type":"Organization","@id":"https:\/\/ikigaiexperience.com.br\/#organization","name":"Ikigai Experience","url":"https:\/\/ikigaiexperience.com.br\/","logo":{"@type":"ImageObject","inLanguage":"en-US","@id":"https:\/\/ikigaiexperience.com.br\/#\/schema\/logo\/image\/","url":"https:\/\/ikigaiexperience.com.br\/wp-content\/uploads\/2021\/06\/Ikigai-Experience-Horizontal-Branco.png","contentUrl":"https:\/\/ikigaiexperience.com.br\/wp-content\/uploads\/2021\/06\/Ikigai-Experience-Horizontal-Branco.png","width":924,"height":249,"caption":"Ikigai Experience"},"image":{"@id":"https:\/\/ikigaiexperience.com.br\/#\/schema\/logo\/image\/"},"sameAs":["https:\/\/www.instagram.com\/theikigaiexperience\/","https:\/\/www.linkedin.com\/company\/ikigai-experience","https:\/\/www.youtube.com\/channel\/UC8qpgAQ3P89h79oP9ymmo7Q","https:\/\/www.facebook.com\/Ikigai-Experience-100452311832822"]}]}},"_links":{"self":[{"href":"https:\/\/ikigaiexperience.com.br\/en\/wp-json\/wp\/v2\/product\/22432"}],"collection":[{"href":"https:\/\/ikigaiexperience.com.br\/en\/wp-json\/wp\/v2\/product"}],"about":[{"href":"https:\/\/ikigaiexperience.com.br\/en\/wp-json\/wp\/v2\/types\/product"}],"version-history":[{"count":3,"href":"https:\/\/ikigaiexperience.com.br\/en\/wp-json\/wp\/v2\/product\/22432\/revisions"}],"predecessor-version":[{"id":22447,"href":"https:\/\/ikigaiexperience.com.br\/en\/wp-json\/wp\/v2\/product\/22432\/revisions\/22447"}],"wp:featuredmedia":[{"embeddable":true,"href":"https:\/\/ikigaiexperience.com.br\/en\/wp-json\/wp\/v2\/media\/22435"}],"wp:attachment":[{"href":"https:\/\/ikigaiexperience.com.br\/en\/wp-json\/wp\/v2\/media?parent=22432"}],"wp:term":[{"taxonomy":"product_cat","embeddable":true,"href":"https:\/\/ikigaiexperience.com.br\/en\/wp-json\/wp\/v2\/product_cat?post=22432"},{"taxonomy":"product_tag","embeddable":true,"href":"https:\/\/ikigaiexperience.com.br\/en\/wp-json\/wp\/v2\/product_tag?post=22432"}],"curies":[{"name":"wp","href":"https:\/\/api.w.org\/{rel}","templated":true}]}}